{"id":3514,"date":"2025-10-18T16:12:49","date_gmt":"2025-10-18T08:12:49","guid":{"rendered":"https:\/\/www.wolframcarbide.com\/?post_type=product&#038;p=3514"},"modified":"2025-11-02T21:50:11","modified_gmt":"2025-11-02T13:50:11","slug":"stellit-burclar","status":"publish","type":"product","link":"https:\/\/www.wolframcarbide.com\/tr\/product\/stellite-bushings\/","title":{"rendered":"Rekabet\u00e7i fiyat ile y\u00fcksek kaliteli stellit bur\u00e7lar"},"content":{"rendered":"<h5><strong>Stellite 6 chemical Composition:<\/strong><\/h5>\n<table style=\"border-collapse: collapse; width: 769px; height: 136px;\" border=\"0\" width=\"760\" cellspacing=\"0\" cellpadding=\"0\">\n<tbody>\n<tr style=\"height: 39.00pt;\">\n<td class=\"et2\" style=\"height: 39.00pt; width: 84.75pt;\" width=\"113\" height=\"52\"><\/td>\n<td class=\"et3\" style=\"width: 54.00pt;\" width=\"72\"><strong>Co<\/strong><\/td>\n<td class=\"et3\" style=\"width: 75.00pt;\" width=\"100\"><strong>Cr<\/strong><\/td>\n<td class=\"et3\" style=\"width: 73.50pt;\" width=\"98\"><strong>W<\/strong><\/td>\n<td class=\"et3\" style=\"width: 66.75pt;\" width=\"89\"><strong>C<\/strong><\/td>\n<td class=\"et3\" style=\"width: 54.00pt;\" width=\"72\"><strong>Ni<\/strong><\/td>\n<td class=\"et3\" style=\"width: 54.00pt;\" width=\"72\"><strong>Si<\/strong><\/td>\n<td class=\"et3\" style=\"width: 54.00pt;\" width=\"72\"><strong>Fe<\/strong><\/td>\n<td class=\"et8\" style=\"width: 54.00pt;\" width=\"72\"><strong>Others<\/strong><\/td>\n<\/tr>\n<tr style=\"height: 14.25pt;\">\n<td class=\"et4\" style=\"height: 14.25pt;\" height=\"19\"><strong>Stellite6B<\/strong><\/td>\n<td class=\"et5\">Base<\/td>\n<td class=\"et5\">28.00-32.00<\/td>\n<td class=\"et5\">3.50-5.50<\/td>\n<td class=\"et5\">0.90-1.40<\/td>\n<td class=\"et5\">3.00*<\/td>\n<td class=\"et5\">2.00*<\/td>\n<td class=\"et5\">3.00*<\/td>\n<td class=\"et9\">Mn, Mo<\/td>\n<\/tr>\n<tr style=\"height: 14.25pt;\">\n<td class=\"et6\" style=\"height: 14.25pt;\" height=\"19\"><strong>Stellite 6<\/strong><\/td>\n<td class=\"et7\">Base<\/td>\n<td class=\"et7\">27.00-31.00<\/td>\n<td class=\"et7\">3.00-6.00<\/td>\n<td class=\"et7\">0.90-1.40<\/td>\n<td class=\"et7\">3.00*<\/td>\n<td class=\"et7\">2.00*<\/td>\n<td class=\"et7\">3.00*<\/td>\n<td class=\"et10\">Mn, Mo<\/td>\n<\/tr>\n<\/tbody>\n<\/table>\n<h5><strong>Stellite 6 B mechanical Properties per AMS 5894:<\/strong><\/h5>\n<table style=\"border-collapse: collapse; width: 775px; height: 197px;\" border=\"0\" width=\"580\" cellspacing=\"0\" cellpadding=\"0\">\n<tbody>\n<tr style=\"height: 51.00pt;\">\n<td class=\"et2\" style=\"height: 51.00pt; width: 75.00pt;\" width=\"100\" height=\"68\"><\/td>\n<td class=\"et3\" style=\"width: 72.75pt; text-align: left;\" width=\"97\"><a href=\"https:\/\/en.wikipedia.org\/wiki\/Ultimate_tensile_strength\" rel=\"nofollow noopener\" target=\"_blank\"><strong>Tensile <\/strong><\/a><br \/>\n<strong>Strength (ksi)<\/strong><\/td>\n<td class=\"et3\" style=\"width: 74.25pt; text-align: left;\" width=\"99\"><strong>Yield <\/strong><br \/>\n<strong>Strength (ksi)<\/strong><\/td>\n<td class=\"et3\" style=\"width: 82.5pt; text-align: left;\" width=\"110\"><strong>Elongation <\/strong><br \/>\n<strong>in 2&#8243;,%<\/strong><\/td>\n<td class=\"et3\" style=\"width: 67.5pt; text-align: left;\" width=\"90\"><strong>Reduction <\/strong><br \/>\n<strong>Area<\/strong><\/td>\n<td class=\"et6\" style=\"width: 63pt; text-align: left;\" width=\"84\"><strong>Hardness <\/strong><br \/>\n<strong>HRC<\/strong><\/td>\n<\/tr>\n<tr style=\"height: 14.25pt;\">\n<td class=\"et4\" style=\"height: 14.25pt;\" height=\"19\"><strong>Stellite 6B<\/strong><\/td>\n<td class=\"et5\">130 (min)<\/td>\n<td class=\"et5\">70 (min)<\/td>\n<td class=\"et5\">5% (min)<\/td>\n<td class=\"et5\">7% (min)<\/td>\n<td class=\"et7\">33-43<\/td>\n<\/tr>\n<\/tbody>\n<\/table>\n<h5><strong>Stellite 6 B <\/strong>Physical Properties:<\/h5>\n<table style=\"border-collapse: collapse; width: 773px; height: 234px;\" border=\"0\" width=\"750\" cellspacing=\"0\" cellpadding=\"0\">\n<tbody>\n<tr style=\"height: 25.00pt;\">\n<td class=\"et2\" style=\"height: 25.00pt; width: 81.00pt;\" width=\"108\" height=\"33\"><\/td>\n<td class=\"et3\" style=\"width: 189.75pt;\" colspan=\"2\" width=\"253\"><strong>Density<\/strong><\/td>\n<td class=\"et3\" style=\"width: 152.25pt;\" colspan=\"2\" width=\"203\"><strong>Melting Point<\/strong><\/td>\n<td class=\"et9\" style=\"width: 139.50pt;\" width=\"186\"><strong>Thermal Conductivity<\/strong><\/td>\n<\/tr>\n<tr style=\"height: 33.00pt;\">\n<td class=\"et5\" style=\"height: 33.00pt;\" height=\"44\"><\/td>\n<td class=\"et6\" style=\"width: 105.00pt;\" width=\"140\"><strong>Imperial <\/strong><br \/>\n<strong>(lb\/in3)<\/strong><\/td>\n<td class=\"et6\" style=\"width: 84.75pt;\" width=\"113\"><strong>Metric <\/strong><br \/>\n<strong>(kg\/m3)<\/strong><\/td>\n<td class=\"et6\" style=\"width: 82.50pt;\" width=\"110\"><strong>Imperial <\/strong><br \/>\n<strong>(\u00baF)<\/strong><\/td>\n<td class=\"et6\" style=\"width: 69.75pt;\" width=\"93\"><strong>Metric <\/strong><br \/>\n<strong>(\u00baC)<\/strong><\/td>\n<td class=\"et10\"><strong>Watt-cm\/sq-cm \u00baC<\/strong><\/td>\n<\/tr>\n<tr style=\"height: 26.00pt;\">\n<td class=\"et7\" style=\"height: 26.00pt;\" height=\"34\"><strong>Stellite 6B<\/strong><\/td>\n<td class=\"et8\">0.303<\/td>\n<td class=\"et8\">8387<\/td>\n<td class=\"et8\">2310-2470<\/td>\n<td class=\"et8\">1265-1354<\/td>\n<td class=\"et11\">0.147<\/td>\n<\/tr>\n<\/tbody>\n<\/table>\n<h5><strong>Stellite bushings details:<\/strong><\/h5>\n<p><img loading=\"lazy\" decoding=\"async\" class=\"alignnone size-full wp-image-3517\" src=\"https:\/\/www.wolframcarbide.com\/wp-content\/uploads\/2025\/10\/Stellite-bushing-5.jpg\" alt=\"stellite bushings\" width=\"600\" height=\"600\" title=\"\" srcset=\"https:\/\/www.wolframcarbide.com\/wp-content\/uploads\/2025\/10\/Stellite-bushing-5.jpg 600w, https:\/\/www.wolframcarbide.com\/wp-content\/uploads\/2025\/10\/Stellite-bushing-5-300x300.jpg 300w, https:\/\/www.wolframcarbide.com\/wp-content\/uploads\/2025\/10\/Stellite-bushing-5-150x150.jpg 150w, https:\/\/www.wolframcarbide.com\/wp-content\/uploads\/2025\/10\/Stellite-bushing-5-12x12.jpg 12w, https:\/\/www.wolframcarbide.com\/wp-content\/uploads\/2025\/10\/Stellite-bushing-5-100x100.jpg 100w\" sizes=\"auto, (max-width: 600px) 100vw, 600px\" \/><\/p>\n<p><a href=\"https:\/\/www.wolframcarbide.com\/product-category\/stellite-metal\/\"><img loading=\"lazy\" decoding=\"async\" class=\"alignnone size-full wp-image-3518\" src=\"https:\/\/www.wolframcarbide.com\/wp-content\/uploads\/2025\/10\/stellite-bushing-3.jpg\" alt=\"stellite bushings manufacturers\" width=\"600\" height=\"600\" title=\"\" srcset=\"https:\/\/www.wolframcarbide.com\/wp-content\/uploads\/2025\/10\/stellite-bushing-3.jpg 600w, https:\/\/www.wolframcarbide.com\/wp-content\/uploads\/2025\/10\/stellite-bushing-3-300x300.jpg 300w, https:\/\/www.wolframcarbide.com\/wp-content\/uploads\/2025\/10\/stellite-bushing-3-150x150.jpg 150w, https:\/\/www.wolframcarbide.com\/wp-content\/uploads\/2025\/10\/stellite-bushing-3-12x12.jpg 12w, https:\/\/www.wolframcarbide.com\/wp-content\/uploads\/2025\/10\/stellite-bushing-3-100x100.jpg 100w\" sizes=\"auto, (max-width: 600px) 100vw, 600px\" \/><\/a><\/p>\n<p><img loading=\"lazy\" decoding=\"async\" class=\"alignnone size-full wp-image-3519\" src=\"https:\/\/www.wolframcarbide.com\/wp-content\/uploads\/2025\/10\/stellite-bushing-7.jpg\" alt=\"stellite bushings suppliers\" width=\"600\" height=\"600\" title=\"\" srcset=\"https:\/\/www.wolframcarbide.com\/wp-content\/uploads\/2025\/10\/stellite-bushing-7.jpg 600w, https:\/\/www.wolframcarbide.com\/wp-content\/uploads\/2025\/10\/stellite-bushing-7-300x300.jpg 300w, https:\/\/www.wolframcarbide.com\/wp-content\/uploads\/2025\/10\/stellite-bushing-7-150x150.jpg 150w, https:\/\/www.wolframcarbide.com\/wp-content\/uploads\/2025\/10\/stellite-bushing-7-12x12.jpg 12w, https:\/\/www.wolframcarbide.com\/wp-content\/uploads\/2025\/10\/stellite-bushing-7-100x100.jpg 100w\" sizes=\"auto, (max-width: 600px) 100vw, 600px\" \/><\/p>\n<h5><strong>Stellite bushing applications:<\/strong><\/h5>\n<p>1. Aerospace<br \/>\nApplications: Engine transmission systems, helicopter rotor systems, landing gear actuators, fuel control valves, etc.<\/p>\n<p>2. Energy and Electricity<br \/>\nNuclear Power: Nuclear reactor control rod drive mechanisms, valve stem bushings.<br \/>\nThermal Power: Gas turbine and steam turbine bearing bushings, and high-temperature valve components.<br \/>\nHydropower: Turbine guide vane bushings and wear plates.<\/p>\n<p>3. Petroleum and Chemical<br \/>\nDrilling and Production Equipment: Drill pipe joints, mud pump piston rod bushings.<br \/>\nChemical Equipment: High-speed centrifugal pumps, reactor agitators, and compressor bushings.<\/p>\n<p>4. Automotive and Racing<br \/>\nHigh-performance engines: Valve seat inserts, valve guides, and turbocharger bushings.<br \/>\nRacing: Suspension and transmission joint bushings.<\/p>\n<p>5. Other Heavy Industries<br \/>\nSteel and Metallurgy: Continuous casting rollers, rolling mill bearing bushings, and high-temperature conveyor chains.<br \/>\nMining Machinery: Excavator bucket pin bushings and crusher main shaft bushings.<\/p>\n<h5><strong>Please send us inquiries for quotations and free samples for testing:<\/strong><\/h5>\n<p>&nbsp;<\/p>\n<div class=\"wpforms-container \" id=\"wpforms-2333\"><form id=\"wpforms-form-2333\" class=\"wpforms-validate wpforms-form wpforms-ajax-form\" data-formid=\"2333\" method=\"post\" enctype=\"multipart\/form-data\" action=\"\/tr\/wp-json\/wp\/v2\/product\/3514\" data-token=\"3a60d1d0ae254f3d2642d9f5f5fdaa09\" data-token-time=\"1778134795\"><noscript class=\"wpforms-error-noscript\">Bu formu bitirebilmek i\u00e7in taray\u0131c\u0131n\u0131zda JavaScript&#039;i etkinle\u015ftirin.<\/noscript><div class=\"wpforms-field-container\"><div id=\"wpforms-2333-field_1-container\" class=\"wpforms-field wpforms-field-name\" data-field-id=\"1\"><label class=\"wpforms-field-label\" for=\"wpforms-2333-field_1\">Name <span class=\"wpforms-required-label\">*<\/span><\/label><input type=\"text\" id=\"wpforms-2333-field_1\" class=\"wpforms-field-medium wpforms-field-required\" name=\"wpforms[fields][1]\" required><\/div><div id=\"wpforms-2333-field_2-container\" class=\"wpforms-field wpforms-field-text\" data-field-id=\"2\"><label class=\"wpforms-field-label\" for=\"wpforms-2333-field_2\">Company Name<\/label><input type=\"text\" id=\"wpforms-2333-field_2\" class=\"wpforms-field-medium\" name=\"wpforms[fields][2]\" ><\/div>\t\t<div id=\"wpforms-2333-field_5-container\"\n\t\t\tclass=\"wpforms-field wpforms-field-text\"\n\t\t\tdata-field-type=\"text\"\n\t\t\tdata-field-id=\"5\"\n\t\t\t>\n\t\t\t<label class=\"wpforms-field-label\" for=\"wpforms-2333-field_5\" >Name Email Company<\/label>\n\t\t\t<input type=\"text\" id=\"wpforms-2333-field_5\" class=\"wpforms-field-medium\" name=\"wpforms[fields][5]\" >\n\t\t<\/div>\n\t\t<div id=\"wpforms-2333-field_3-container\" class=\"wpforms-field wpforms-field-email\" data-field-id=\"3\"><label class=\"wpforms-field-label\" for=\"wpforms-2333-field_3\">Email <span class=\"wpforms-required-label\">*<\/span><\/label><input type=\"email\" id=\"wpforms-2333-field_3\" class=\"wpforms-field-medium wpforms-field-required\" name=\"wpforms[fields][3]\" spellcheck=\"false\" required><\/div><div id=\"wpforms-2333-field_4-container\" class=\"wpforms-field wpforms-field-textarea\" data-field-id=\"4\"><label class=\"wpforms-field-label\" for=\"wpforms-2333-field_4\">Message <span class=\"wpforms-required-label\">*<\/span><\/label><textarea id=\"wpforms-2333-field_4\" class=\"wpforms-field-medium wpforms-field-required\" name=\"wpforms[fields][4]\" required><\/textarea><\/div><script>\n\t\t\t\t( function() {\n\t\t\t\t\tconst style = document.createElement( 'style' );\n\t\t\t\t\tstyle.appendChild( document.createTextNode( '#wpforms-2333-field_5-container { position: absolute !important; overflow: hidden !important; display: inline !important; height: 1px !important; width: 1px !important; z-index: -1000 !important; padding: 0 !important; } #wpforms-2333-field_5-container input { visibility: hidden; } #wpforms-conversational-form-page #wpforms-2333-field_5-container label { counter-increment: none; }' ) );\n\t\t\t\t\tdocument.head.appendChild( style );\n\t\t\t\t\tdocument.currentScript?.remove();\n\t\t\t\t} )();\n\t\t\t<\/script><\/div><!-- .wpforms-field-container --><div class=\"wpforms-submit-container\" ><input type=\"hidden\" name=\"wpforms[id]\" value=\"2333\"><input type=\"hidden\" name=\"page_title\" value=\"\"><input type=\"hidden\" name=\"page_url\" value=\"https:\/\/www.wolframcarbide.com\/tr\/wp-json\/wp\/v2\/product\/3514\"><input type=\"hidden\" name=\"url_referer\" value=\"\"><button type=\"submit\" name=\"wpforms[submit]\" id=\"wpforms-submit-2333\" class=\"wpforms-submit\" data-alt-text=\"Sending\u2026\" data-submit-text=\"Send Inquiry\" aria-live=\"assertive\" value=\"wpforms-submit\">Send Inquiry<\/button><img loading=\"lazy\" decoding=\"async\" src=\"https:\/\/www.wolframcarbide.com\/wp-content\/plugins\/wpforms-lite\/assets\/images\/submit-spin.svg\" class=\"wpforms-submit-spinner\" style=\"display: none;\" width=\"26\" height=\"26\" alt=\"Y\u00fckleniyor\" title=\"\"><\/div><\/form><\/div>  <!-- .wpforms-container -->\n","protected":false},"excerpt":{"rendered":"<p>Stellit bur\u00e7lar \u00d6zellikler:<\/p>\n<ol>\n<li>Y\u00fcksek kaliteli hammaddeler se\u00e7in.<\/li>\n<li>Erozif a\u015f\u0131nma direncinde uzun hizmet \u00f6mr\u00fc.<\/li>\n<li>Y\u00fcksek sertlik m\u00fckemmel s\u0131cak sertlik.<\/li>\n<li>\u00a0Y\u00fcksek korozyon performans\u0131.<\/li>\n<li>\u00a0Mevcut boyutlar: Bunlar\u0131 \u00e7izimlerinize g\u00f6re de yapabiliriz.<\/li>\n<li><strong>\u00a0M\u00fc\u015fteri geri bildirimlerine g\u00f6re, kalite Kennametall ile benzerdir.<\/strong><\/li>\n<\/ol>","protected":false},"featured_media":3515,"template":"","meta":{"_uag_custom_page_level_css":"","site-sidebar-layout":"default","site-content-layout":"","ast-site-content-layout":"default","site-content-style":"default","site-sidebar-style":"default","ast-global-header-display":"","ast-banner-title-visibility":"","ast-main-header-display":"","ast-hfb-above-header-display":"","ast-hfb-below-header-display":"","ast-hfb-mobile-header-display":"","site-post-title":"","ast-breadcrumbs-content":"","ast-featured-img":"","footer-sml-layout":"","theme-transparent-header-meta":"default","adv-header-id-meta":"","stick-header-meta":"","header-above-stick-meta":"","header-main-stick-meta":"","header-below-stick-meta":"","astra-migrate-meta-layouts":"set","ast-page-background-enabled":"default","ast-page-background-meta":{"desktop":{"background-color":"var(--ast-global-color-4)","background-image":"","background-repeat":"repeat","background-position":"center center","background-size":"auto","background-attachment":"scroll","background-type":"","background-media":"","overlay-type":"","overlay-color":"","overlay-opacity":"","overlay-gradient":""},"tablet":{"background-color":"","background-image":"","background-repeat":"repeat","background-position":"center center","background-size":"auto","background-attachment":"scroll","background-type":"","background-media":"","overlay-type":"","overlay-color":"","overlay-opacity":"","overlay-gradient":""},"mobile":{"background-color":"","background-image":"","background-repeat":"repeat","background-position":"center center","background-size":"auto","background-attachment":"scroll","background-type":"","background-media":"","overlay-type":"","overlay-color":"","overlay-opacity":"","overlay-gradient":""}},"ast-content-background-meta":{"desktop":{"background-color":"var(--ast-global-color-5)","background-image":"","background-repeat":"repeat","background-position":"center center","background-size":"auto","background-attachment":"scroll","background-type":"","background-media":"","overlay-type":"","overlay-color":"","overlay-opacity":"","overlay-gradient":""},"tablet":{"background-color":"var(--ast-global-color-5)","background-image":"","background-repeat":"repeat","background-position":"center center","background-size":"auto","background-attachment":"scroll","background-type":"","background-media":"","overlay-type":"","overlay-color":"","overlay-opacity":"","overlay-gradient":""},"mobile":{"background-color":"var(--ast-global-color-5)","background-image":"","background-repeat":"repeat","background-position":"center center","background-size":"auto","background-attachment":"scroll","background-type":"","background-media":"","overlay-type":"","overlay-color":"","overlay-opacity":"","overlay-gradient":""}},"_joinchat":[]},"product_brand":[],"product_cat":[41],"product_tag":[],"class_list":{"0":"post-3514","1":"product","2":"type-product","3":"status-publish","4":"has-post-thumbnail","6":"product_cat-stellite-metal","7":"desktop-align-left","8":"tablet-align-left","9":"mobile-align-left","11":"first","12":"instock","13":"shipping-taxable","14":"product-type-simple"},"uagb_featured_image_src":{"full":["https:\/\/www.wolframcarbide.com\/wp-content\/uploads\/2025\/10\/stellite-bushing.jpg",600,600,false],"thumbnail":["https:\/\/www.wolframcarbide.com\/wp-content\/uploads\/2025\/10\/stellite-bushing-150x150.jpg",150,150,true],"medium":["https:\/\/www.wolframcarbide.com\/wp-content\/uploads\/2025\/10\/stellite-bushing-300x300.jpg",300,300,true],"medium_large":["https:\/\/www.wolframcarbide.com\/wp-content\/uploads\/2025\/10\/stellite-bushing.jpg",600,600,false],"large":["https:\/\/www.wolframcarbide.com\/wp-content\/uploads\/2025\/10\/stellite-bushing.jpg",600,600,false],"1536x1536":["https:\/\/www.wolframcarbide.com\/wp-content\/uploads\/2025\/10\/stellite-bushing.jpg",600,600,false],"2048x2048":["https:\/\/www.wolframcarbide.com\/wp-content\/uploads\/2025\/10\/stellite-bushing.jpg",600,600,false],"trp-custom-language-flag":["https:\/\/www.wolframcarbide.com\/wp-content\/uploads\/2025\/10\/stellite-bushing-12x12.jpg",12,12,true],"woocommerce_thumbnail":["https:\/\/www.wolframcarbide.com\/wp-content\/uploads\/2025\/10\/stellite-bushing-300x300.jpg",300,300,true],"woocommerce_single":["https:\/\/www.wolframcarbide.com\/wp-content\/uploads\/2025\/10\/stellite-bushing.jpg",600,600,false],"woocommerce_gallery_thumbnail":["https:\/\/www.wolframcarbide.com\/wp-content\/uploads\/2025\/10\/stellite-bushing-100x100.jpg",100,100,true]},"uagb_author_info":{"display_name":"admin","author_link":"https:\/\/www.wolframcarbide.com\/tr\/author\/"},"uagb_comment_info":0,"uagb_excerpt":"Stellite bushings Features: Select high-quality raw materials. Long service life on erosive wear resistance. High hardness excellent hot hardness. \u00a0High corrosion performance. \u00a0Available sizes: We can also make them as per your drawings. \u00a0According to customer feedback, the quality is similar to Kennametall.","_links":{"self":[{"href":"https:\/\/www.wolframcarbide.com\/tr\/wp-json\/wp\/v2\/product\/3514","targetHints":{"allow":["GET"]}}],"collection":[{"href":"https:\/\/www.wolframcarbide.com\/tr\/wp-json\/wp\/v2\/product"}],"about":[{"href":"https:\/\/www.wolframcarbide.com\/tr\/wp-json\/wp\/v2\/types\/product"}],"wp:featuredmedia":[{"embeddable":true,"href":"https:\/\/www.wolframcarbide.com\/tr\/wp-json\/wp\/v2\/media\/3515"}],"wp:attachment":[{"href":"https:\/\/www.wolframcarbide.com\/tr\/wp-json\/wp\/v2\/media?parent=3514"}],"wp:term":[{"taxonomy":"product_brand","embeddable":true,"href":"https:\/\/www.wolframcarbide.com\/tr\/wp-json\/wp\/v2\/product_brand?post=3514"},{"taxonomy":"product_cat","embeddable":true,"href":"https:\/\/www.wolframcarbide.com\/tr\/wp-json\/wp\/v2\/product_cat?post=3514"},{"taxonomy":"product_tag","embeddable":true,"href":"https:\/\/www.wolframcarbide.com\/tr\/wp-json\/wp\/v2\/product_tag?post=3514"}],"curies":[{"name":"wp","href":"https:\/\/api.w.org\/{rel}","templated":true}]}}