{"id":3101,"date":"2025-05-10T14:09:41","date_gmt":"2025-05-10T06:09:41","guid":{"rendered":"https:\/\/www.wolframcarbide.com\/?post_type=product&#038;p=3101"},"modified":"2026-01-28T10:56:05","modified_gmt":"2026-01-28T02:56:05","slug":"tungsten-karbur-preform-ureticisi","status":"publish","type":"product","link":"https:\/\/www.wolframcarbide.com\/tr\/product\/tungsten-carbide-preforms-manufacturer\/","title":{"rendered":"Y\u00fcksek kaliteli tungsten karb\u00fcr preform \u00fcreticisi"},"content":{"rendered":"<h5><strong>Tungsten carbide preforms <\/strong><strong>grade:<\/strong><\/h5>\n<table style=\"border-collapse: collapse; width: 1082px; height: 347px;\" border=\"0\" width=\"716\" cellspacing=\"0\" cellpadding=\"0\">\n<tbody>\n<tr style=\"height: 44.00pt;\">\n<td class=\"et2\" style=\"height: 44pt; width: 54pt; text-align: center;\" width=\"72\" height=\"58\">\u00a0 \u00a0 \u00a0<strong>Grade<\/strong><\/td>\n<td class=\"et2\" style=\"width: 90.3pt; text-align: center;\" width=\"120\"><strong>\u00a0 \u00a0 \u00a0 ISO Grade<\/strong><\/td>\n<td class=\"et3\" style=\"width: 54pt; text-align: center;\" width=\"72\"><strong>\u00a0WC<\/strong><br \/>\n<strong>(%)<\/strong><\/td>\n<td class=\"et3\" style=\"width: 54pt; text-align: center;\" width=\"72\"><strong>\u00a0 \u00a0Co<\/strong><br \/>\n<strong>\u00a0 (%)<\/strong><\/td>\n<td class=\"et3\" style=\"width: 73.5pt; text-align: center;\" width=\"98\"><strong>Grain Size<\/strong><br \/>\n<strong>\u00a0 \u00a0 \u00a0 (\u03bcm)<\/strong><\/td>\n<td class=\"et3\" style=\"width: 69.75pt; text-align: center;\" width=\"93\"><strong>Hardness<\/strong><br \/>\n<strong>\uff08<a href=\"https:\/\/en.wikipedia.org\/wiki\/Rockwell_hardness_test\" rel=\"nofollow noopener\" target=\"_blank\">HRA<\/a>\uff09<\/strong><\/td>\n<td class=\"et3\" style=\"width: 66pt; text-align: center;\" width=\"88\"><strong>\u00a0 \u00a0Density<\/strong><br \/>\n<strong>\u00a0 \uff08g\/cm\u00b3\uff09<\/strong><\/td>\n<td class=\"et6\" style=\"width: 75.75pt; text-align: center;\" width=\"101\"><strong>\u00a0 \u00a0 TRS<\/strong><br \/>\n<strong>\u00a0 \u00a0\uff08N\/mm\u00b2\uff09<\/strong><\/td>\n<\/tr>\n<tr style=\"height: 24.00pt;\">\n<td class=\"et4\" style=\"height: 24pt; text-align: center;\" height=\"32\"><strong>BU06<\/strong><\/td>\n<td class=\"et4\" style=\"text-align: center;\"><strong>K05-K10<\/strong><\/td>\n<td class=\"et4\" style=\"text-align: center;\"><strong>94<\/strong><\/td>\n<td class=\"et4\" style=\"text-align: center;\"><strong>6<\/strong><\/td>\n<td class=\"et4\" style=\"text-align: center;\"><strong>0.5<\/strong><\/td>\n<td class=\"et4\" style=\"text-align: center;\"><strong>94<\/strong><\/td>\n<td class=\"et4\" style=\"text-align: center;\"><strong>\u00a0 \u00a014.75<\/strong><\/td>\n<td class=\"et7\" style=\"text-align: center;\"><strong>\u00a0 \u00a0 \u00a0 \u00a03600<\/strong><\/td>\n<\/tr>\n<tr style=\"height: 24.00pt;\">\n<td class=\"et4\" style=\"height: 24pt; text-align: center;\" height=\"32\"><strong>YG10X<\/strong><\/td>\n<td class=\"et4\" style=\"text-align: center;\"><strong>K20 &#8211; K30<\/strong><\/td>\n<td class=\"et4\" style=\"text-align: center;\"><strong>90<\/strong><\/td>\n<td class=\"et4\" style=\"text-align: center;\"><strong>10<\/strong><\/td>\n<td class=\"et4\" style=\"text-align: center;\"><strong>0.8<\/strong><\/td>\n<td class=\"et4\" style=\"text-align: center;\"><strong>91.5<\/strong><\/td>\n<td class=\"et4\" style=\"text-align: center;\"><strong>14.35<\/strong><\/td>\n<td class=\"et7\" style=\"text-align: center;\"><strong>\u00a0 \u00a0 \u00a0 3600<\/strong><\/td>\n<\/tr>\n<tr style=\"height: 24.00pt;\">\n<td class=\"et4\" style=\"height: 24pt; text-align: center;\" height=\"32\"><strong>BT15<\/strong><\/td>\n<td class=\"et4\" style=\"text-align: center;\"><strong>K20 &#8211; K30<\/strong><\/td>\n<td class=\"et4\" style=\"text-align: center;\"><strong>90<\/strong><\/td>\n<td class=\"et4\" style=\"text-align: center;\"><strong>10<\/strong><\/td>\n<td class=\"et4\" style=\"text-align: center;\"><strong>0.7<\/strong><\/td>\n<td class=\"et4\" style=\"text-align: center;\"><strong>92.2<\/strong><\/td>\n<td class=\"et4\" style=\"text-align: center;\"><strong>14.35<\/strong><\/td>\n<td class=\"et7\" style=\"text-align: center;\"><strong>\u00a0 \u00a0 \u00a0 3900<\/strong><\/td>\n<\/tr>\n<tr style=\"height: 24.00pt;\">\n<td class=\"et4\" style=\"height: 24pt; text-align: center;\" height=\"32\"><strong>BT20<\/strong><\/td>\n<td class=\"et4\" style=\"text-align: center;\"><strong>K20 &#8211; K30<\/strong><\/td>\n<td class=\"et4\" style=\"text-align: center;\"><strong>90<\/strong><\/td>\n<td class=\"et4\" style=\"text-align: center;\"><strong>10<\/strong><\/td>\n<td class=\"et4\" style=\"text-align: center;\"><strong>0.6<\/strong><\/td>\n<td class=\"et4\" style=\"text-align: center;\"><strong>92.3<\/strong><\/td>\n<td class=\"et4\" style=\"text-align: center;\"><strong>14.4<\/strong><\/td>\n<td class=\"et7\" style=\"text-align: center;\"><strong>\u00a0 \u00a0 4000<\/strong><\/td>\n<\/tr>\n<tr style=\"height: 24.00pt;\">\n<td class=\"et4\" style=\"height: 24pt; text-align: center;\" height=\"32\"><strong>BT25<\/strong><\/td>\n<td class=\"et4\" style=\"text-align: center;\"><strong>K30 &#8211; K40<\/strong><\/td>\n<td class=\"et4\" style=\"text-align: center;\"><strong>88<\/strong><\/td>\n<td class=\"et4\" style=\"text-align: center;\"><strong>12<\/strong><\/td>\n<td class=\"et4\" style=\"text-align: center;\"><strong>0.6<\/strong><\/td>\n<td class=\"et4\" style=\"text-align: center;\"><strong>92.5<\/strong><\/td>\n<td class=\"et4\" style=\"text-align: center;\"><strong>14.1<\/strong><\/td>\n<td class=\"et7\" style=\"text-align: center;\"><strong>\u00a0 \u00a0 \u00a04000<\/strong><\/td>\n<\/tr>\n<tr style=\"height: 24.00pt;\">\n<td class=\"et5\" style=\"height: 24pt; text-align: center;\" height=\"32\"><strong>BT25UF<\/strong><\/td>\n<td class=\"et5\" style=\"text-align: center;\"><strong>K30 &#8211; K40<\/strong><\/td>\n<td class=\"et5\" style=\"text-align: center;\"><strong>88<\/strong><\/td>\n<td class=\"et5\" style=\"text-align: center;\"><strong>12<\/strong><\/td>\n<td class=\"et5\" style=\"text-align: center;\"><strong>0.4<\/strong><\/td>\n<td class=\"et5\" style=\"text-align: center;\"><strong>92.8<\/strong><\/td>\n<td class=\"et5\" style=\"text-align: center;\"><strong>14.05<\/strong><\/td>\n<td class=\"et8\" style=\"text-align: center;\"><strong>\u00a0 \u00a0 4200<\/strong><\/td>\n<\/tr>\n<\/tbody>\n<\/table>\n<h5><\/h5>\n<h5><strong>Carbide preforms details<\/strong><strong>:<\/strong><\/h5>\n<h5><a href=\"https:\/\/www.wolframcarbide.com\/product-category\/tungsten-carbide-rods\/\"><img loading=\"lazy\" decoding=\"async\" class=\"alignnone size-full wp-image-3105\" src=\"https:\/\/www.wolframcarbide.com\/wp-content\/uploads\/2025\/05\/tungsten-carbide-preforms-1.jpg\" alt=\"tungsten carbide preforms\" width=\"800\" height=\"533\" title=\"\" srcset=\"https:\/\/www.wolframcarbide.com\/wp-content\/uploads\/2025\/05\/tungsten-carbide-preforms-1.jpg 800w, https:\/\/www.wolframcarbide.com\/wp-content\/uploads\/2025\/05\/tungsten-carbide-preforms-1-300x200.jpg 300w, https:\/\/www.wolframcarbide.com\/wp-content\/uploads\/2025\/05\/tungsten-carbide-preforms-1-768x512.jpg 768w, https:\/\/www.wolframcarbide.com\/wp-content\/uploads\/2025\/05\/tungsten-carbide-preforms-1-18x12.jpg 18w, https:\/\/www.wolframcarbide.com\/wp-content\/uploads\/2025\/05\/tungsten-carbide-preforms-1-600x400.jpg 600w\" sizes=\"auto, (max-width: 800px) 100vw, 800px\" \/><\/a><\/h5>\n<p><a href=\"https:\/\/www.wolframcarbide.com\/product-category\/tungsten-carbide-rods\/\"><img loading=\"lazy\" decoding=\"async\" class=\"alignnone size-full wp-image-3106\" src=\"https:\/\/www.wolframcarbide.com\/wp-content\/uploads\/2025\/05\/carbide-preforms-2.jpg\" alt=\"carbide preforms\" width=\"800\" height=\"600\" title=\"\" srcset=\"https:\/\/www.wolframcarbide.com\/wp-content\/uploads\/2025\/05\/carbide-preforms-2.jpg 800w, https:\/\/www.wolframcarbide.com\/wp-content\/uploads\/2025\/05\/carbide-preforms-2-300x225.jpg 300w, https:\/\/www.wolframcarbide.com\/wp-content\/uploads\/2025\/05\/carbide-preforms-2-768x576.jpg 768w, https:\/\/www.wolframcarbide.com\/wp-content\/uploads\/2025\/05\/carbide-preforms-2-16x12.jpg 16w, https:\/\/www.wolframcarbide.com\/wp-content\/uploads\/2025\/05\/carbide-preforms-2-600x450.jpg 600w\" sizes=\"auto, (max-width: 800px) 100vw, 800px\" \/><\/a><\/p>\n<p><img loading=\"lazy\" decoding=\"async\" class=\"alignnone size-full wp-image-3107\" src=\"https:\/\/www.wolframcarbide.com\/wp-content\/uploads\/2025\/05\/tungsten-carbide-preforms-manufacturer-2.jpg\" alt=\"tungsten carbide preforms manufacturer\" width=\"800\" height=\"599\" title=\"\" srcset=\"https:\/\/www.wolframcarbide.com\/wp-content\/uploads\/2025\/05\/tungsten-carbide-preforms-manufacturer-2.jpg 800w, https:\/\/www.wolframcarbide.com\/wp-content\/uploads\/2025\/05\/tungsten-carbide-preforms-manufacturer-2-300x225.jpg 300w, https:\/\/www.wolframcarbide.com\/wp-content\/uploads\/2025\/05\/tungsten-carbide-preforms-manufacturer-2-768x575.jpg 768w, https:\/\/www.wolframcarbide.com\/wp-content\/uploads\/2025\/05\/tungsten-carbide-preforms-manufacturer-2-16x12.jpg 16w, https:\/\/www.wolframcarbide.com\/wp-content\/uploads\/2025\/05\/tungsten-carbide-preforms-manufacturer-2-600x449.jpg 600w\" sizes=\"auto, (max-width: 800px) 100vw, 800px\" \/><\/p>\n<p>&nbsp;<\/p>\n<h5><strong>Our experience<\/strong>:<\/h5>\n<p>With decades of expertise in non-standard hard alloy manufacturing, Bortome Carbide has established a state-of-the-art production line in China, specializing in precision-engineered carbide prefabricated parts.<\/p>\n<p>Leveraging advanced CIP (Cold Isostatic Pressing) billet forming technology and a fully integrated production system, we offer flexible order policies with no minimum quantity requirements, coupled with customized solutions tailored to client-specific blueprints. Our capabilities are further enhanced by a partner network providing precision grinding services and global express delivery, ensuring rapid fulfillment of complex, geometrically challenging tool blank materials.<\/p>\n<p>&nbsp;<\/p>\n<h5><strong>Please send us inquiries for quotations and free samples for testing:<\/strong><\/h5>\n<p>&nbsp;<\/p>\n<div class=\"wpforms-container \" id=\"wpforms-2333\"><form id=\"wpforms-form-2333\" class=\"wpforms-validate wpforms-form wpforms-ajax-form\" data-formid=\"2333\" method=\"post\" enctype=\"multipart\/form-data\" action=\"\/tr\/wp-json\/wp\/v2\/product\/3101\" data-token=\"142475613cd6c04c62814d7f373c556d\" data-token-time=\"1776116191\"><noscript class=\"wpforms-error-noscript\">Bu formu bitirebilmek i\u00e7in taray\u0131c\u0131n\u0131zda JavaScript&#039;i etkinle\u015ftirin.<\/noscript><div class=\"wpforms-field-container\"><div id=\"wpforms-2333-field_1-container\" class=\"wpforms-field wpforms-field-name\" data-field-id=\"1\"><label class=\"wpforms-field-label\" for=\"wpforms-2333-field_1\">Name <span class=\"wpforms-required-label\">*<\/span><\/label><input type=\"text\" id=\"wpforms-2333-field_1\" class=\"wpforms-field-medium wpforms-field-required\" name=\"wpforms[fields][1]\" required><\/div><div id=\"wpforms-2333-field_2-container\" class=\"wpforms-field wpforms-field-text\" data-field-id=\"2\"><label class=\"wpforms-field-label\" for=\"wpforms-2333-field_2\">Company Name<\/label><input type=\"text\" id=\"wpforms-2333-field_2\" class=\"wpforms-field-medium\" name=\"wpforms[fields][2]\" ><\/div>\t\t<div id=\"wpforms-2333-field_5-container\"\n\t\t\tclass=\"wpforms-field wpforms-field-text\"\n\t\t\tdata-field-type=\"text\"\n\t\t\tdata-field-id=\"5\"\n\t\t\t>\n\t\t\t<label class=\"wpforms-field-label\" for=\"wpforms-2333-field_5\" >Name Email Name<\/label>\n\t\t\t<input type=\"text\" id=\"wpforms-2333-field_5\" class=\"wpforms-field-medium\" name=\"wpforms[fields][5]\" >\n\t\t<\/div>\n\t\t<div id=\"wpforms-2333-field_3-container\" class=\"wpforms-field wpforms-field-email\" data-field-id=\"3\"><label class=\"wpforms-field-label\" for=\"wpforms-2333-field_3\">Email <span class=\"wpforms-required-label\">*<\/span><\/label><input type=\"email\" id=\"wpforms-2333-field_3\" class=\"wpforms-field-medium wpforms-field-required\" name=\"wpforms[fields][3]\" spellcheck=\"false\" required><\/div><div id=\"wpforms-2333-field_4-container\" class=\"wpforms-field wpforms-field-textarea\" data-field-id=\"4\"><label class=\"wpforms-field-label\" for=\"wpforms-2333-field_4\">Message <span class=\"wpforms-required-label\">*<\/span><\/label><textarea id=\"wpforms-2333-field_4\" class=\"wpforms-field-medium wpforms-field-required\" name=\"wpforms[fields][4]\" required><\/textarea><\/div><script>\n\t\t\t\t( function() {\n\t\t\t\t\tconst style = document.createElement( 'style' );\n\t\t\t\t\tstyle.appendChild( document.createTextNode( '#wpforms-2333-field_5-container { position: absolute !important; overflow: hidden !important; display: inline !important; height: 1px !important; width: 1px !important; z-index: -1000 !important; padding: 0 !important; } #wpforms-2333-field_5-container input { visibility: hidden; } #wpforms-conversational-form-page #wpforms-2333-field_5-container label { counter-increment: none; }' ) );\n\t\t\t\t\tdocument.head.appendChild( style );\n\t\t\t\t\tdocument.currentScript?.remove();\n\t\t\t\t} )();\n\t\t\t<\/script><\/div><!-- .wpforms-field-container --><div class=\"wpforms-submit-container\" ><input type=\"hidden\" name=\"wpforms[id]\" value=\"2333\"><input type=\"hidden\" name=\"page_title\" value=\"\"><input type=\"hidden\" name=\"page_url\" value=\"https:\/\/www.wolframcarbide.com\/tr\/wp-json\/wp\/v2\/product\/3101\"><input type=\"hidden\" name=\"url_referer\" value=\"\"><button type=\"submit\" name=\"wpforms[submit]\" id=\"wpforms-submit-2333\" class=\"wpforms-submit\" data-alt-text=\"Sending\u2026\" data-submit-text=\"Send Inquiry\" aria-live=\"assertive\" value=\"wpforms-submit\">Send Inquiry<\/button><img loading=\"lazy\" decoding=\"async\" src=\"https:\/\/www.wolframcarbide.com\/wp-content\/plugins\/wpforms-lite\/assets\/images\/submit-spin.svg\" class=\"wpforms-submit-spinner\" style=\"display: none;\" width=\"26\" height=\"26\" alt=\"Y\u00fckleniyor\" title=\"\"><\/div><\/form><\/div>  <!-- .wpforms-container -->\n","protected":false},"excerpt":{"rendered":"<p>Tungsten karb\u00fcr preformlar:<\/p>\n<p>2 mm'den 800 mm'ye kadar \u00e7ap.<\/p>\n<p>Kal\u0131nl\u0131k 1 mm'den 200 mm'ye kadar.<\/p>\n<p>Uzunluk 10 mm'den 2000 mm'ye kadar.<\/p>\n<p><strong>\u00d6zel boyutlar kabul edilir.<\/strong><\/p>\n<p>Tolerans: h5 ve h6 veya sinterlenmi\u015f.<\/p>\n<ol>\n<li>Hammadde se\u00e7imi: Y\u00fcksek kaliteli tungsten karb\u00fcr tozu tercih edilir. 100% i\u015flenmemi\u015f malzeme.<\/li>\n<li>\u0130thal Alman PVA sinterleme f\u0131r\u0131n\u0131. HIP sinterleme. Tungsten karb\u00fcr preformlar\u0131 y\u00fcksek yo\u011funlukta tutabilir, <strong>Y\u00fcksek a\u015f\u0131nma direnci<\/strong>, y\u00fcksek performans.<\/li>\n<li>Profesyonel m\u00fchendisler ve kalite denetim ekipleri, istikrarl\u0131 \u00fcr\u00fcn kalitesi sa\u011flamak ve niteliksiz \u00fcr\u00fcnlerin sevk edilmesini \u00f6nlemek i\u00e7in \u00fcr\u00fcn s\u00fcre\u00e7 denetimi ve kabul denetimi sa\u011flar.<\/li>\n<li><strong>\u00d6zel \u015fekiller: \u00c7ubuklar, plakalar, bur\u00e7lar, man\u015fonlar, conta halkalar\u0131, EDM bloklar\u0131, kutu tak\u0131mlar\u0131, \u015fekillendirme rulolar\u0131, toz s\u0131k\u0131\u015ft\u0131rma, damgalama, testere b\u0131\u00e7aklar\u0131, kal\u0131plar, kesiciler, matkap bo\u015fluklar\u0131, petrol sahas\u0131, kesici b\u0131\u00e7aklar, yatak b\u0131\u00e7aklar\u0131, rotor b\u0131\u00e7aklar\u0131, a\u015f\u0131nma par\u00e7alar\u0131, z\u0131mbalar, otomotiv, freze tak\u0131m bo\u015fluklar\u0131, bilyalar, yuvalar, nozullar.<\/strong><\/li>\n<li><strong>Hizmet verilen sekt\u00f6rler: \u00d6zel kesici aletler, Petrol ve Gaz, Kal\u0131p end\u00fcstrisi, Otomotiv, Madencilik, \u0130malat, \u0130\u00e7ecek ve Aerosol, Konut, Medikal ve Geri D\u00f6n\u00fc\u015f\u00fcm.<\/strong><\/li>\n<li><strong>40 y\u0131l\u0131 a\u015fk\u0131n \u00fcretim tecr\u00fcbesi.<\/strong><\/li>\n<li><strong>Karb\u00fcr preformlar\u0131n performans\u0131 ve hizmet \u00f6mr\u00fc Guhringg, Boehleritt ve Kennametall 95-100%'ye yak\u0131nd\u0131r.<\/strong><\/li>\n<\/ol>","protected":false},"featured_media":3102,"template":"","meta":{"_uag_custom_page_level_css":"","site-sidebar-layout":"default","site-content-layout":"","ast-site-content-layout":"default","site-content-style":"default","site-sidebar-style":"default","ast-global-header-display":"","ast-banner-title-visibility":"","ast-main-header-display":"","ast-hfb-above-header-display":"","ast-hfb-below-header-display":"","ast-hfb-mobile-header-display":"","site-post-title":"","ast-breadcrumbs-content":"","ast-featured-img":"","footer-sml-layout":"","theme-transparent-header-meta":"default","adv-header-id-meta":"","stick-header-meta":"","header-above-stick-meta":"","header-main-stick-meta":"","header-below-stick-meta":"","astra-migrate-meta-layouts":"set","ast-page-background-enabled":"default","ast-page-background-meta":{"desktop":{"background-color":"var(--ast-global-color-4)","background-image":"","background-repeat":"repeat","background-position":"center center","background-size":"auto","background-attachment":"scroll","background-type":"","background-media":"","overlay-type":"","overlay-color":"","overlay-opacity":"","overlay-gradient":""},"tablet":{"background-color":"","background-image":"","background-repeat":"repeat","background-position":"center center","background-size":"auto","background-attachment":"scroll","background-type":"","background-media":"","overlay-type":"","overlay-color":"","overlay-opacity":"","overlay-gradient":""},"mobile":{"background-color":"","background-image":"","background-repeat":"repeat","background-position":"center center","background-size":"auto","background-attachment":"scroll","background-type":"","background-media":"","overlay-type":"","overlay-color":"","overlay-opacity":"","overlay-gradient":""}},"ast-content-background-meta":{"desktop":{"background-color":"var(--ast-global-color-5)","background-image":"","background-repeat":"repeat","background-position":"center center","background-size":"auto","background-attachment":"scroll","background-type":"","background-media":"","overlay-type":"","overlay-color":"","overlay-opacity":"","overlay-gradient":""},"tablet":{"background-color":"var(--ast-global-color-5)","background-image":"","background-repeat":"repeat","background-position":"center center","background-size":"auto","background-attachment":"scroll","background-type":"","background-media":"","overlay-type":"","overlay-color":"","overlay-opacity":"","overlay-gradient":""},"mobile":{"background-color":"var(--ast-global-color-5)","background-image":"","background-repeat":"repeat","background-position":"center center","background-size":"auto","background-attachment":"scroll","background-type":"","background-media":"","overlay-type":"","overlay-color":"","overlay-opacity":"","overlay-gradient":""}},"_joinchat":[]},"product_brand":[],"product_cat":[19],"product_tag":[],"class_list":{"0":"post-3101","1":"product","2":"type-product","3":"status-publish","4":"has-post-thumbnail","6":"product_cat-tungsten-carbide-rods","7":"desktop-align-left","8":"tablet-align-left","9":"mobile-align-left","11":"first","12":"instock","13":"shipping-taxable","14":"product-type-simple"},"uagb_featured_image_src":{"full":["https:\/\/www.wolframcarbide.com\/wp-content\/uploads\/2025\/05\/tungsten-carbide-preforms.png",600,600,false],"thumbnail":["https:\/\/www.wolframcarbide.com\/wp-content\/uploads\/2025\/05\/tungsten-carbide-preforms-150x150.png",150,150,true],"medium":["https:\/\/www.wolframcarbide.com\/wp-content\/uploads\/2025\/05\/tungsten-carbide-preforms-300x300.png",300,300,true],"medium_large":["https:\/\/www.wolframcarbide.com\/wp-content\/uploads\/2025\/05\/tungsten-carbide-preforms.png",600,600,false],"large":["https:\/\/www.wolframcarbide.com\/wp-content\/uploads\/2025\/05\/tungsten-carbide-preforms.png",600,600,false],"1536x1536":["https:\/\/www.wolframcarbide.com\/wp-content\/uploads\/2025\/05\/tungsten-carbide-preforms.png",600,600,false],"2048x2048":["https:\/\/www.wolframcarbide.com\/wp-content\/uploads\/2025\/05\/tungsten-carbide-preforms.png",600,600,false],"trp-custom-language-flag":["https:\/\/www.wolframcarbide.com\/wp-content\/uploads\/2025\/05\/tungsten-carbide-preforms-12x12.png",12,12,true],"woocommerce_thumbnail":["https:\/\/www.wolframcarbide.com\/wp-content\/uploads\/2025\/05\/tungsten-carbide-preforms-300x300.png",300,300,true],"woocommerce_single":["https:\/\/www.wolframcarbide.com\/wp-content\/uploads\/2025\/05\/tungsten-carbide-preforms.png",600,600,false],"woocommerce_gallery_thumbnail":["https:\/\/www.wolframcarbide.com\/wp-content\/uploads\/2025\/05\/tungsten-carbide-preforms-100x100.png",100,100,true]},"uagb_author_info":{"display_name":"admin","author_link":"https:\/\/www.wolframcarbide.com\/tr\/author\/"},"uagb_comment_info":0,"uagb_excerpt":"Tungsten carbide preforms: Diameter from 2 mm to 800 mm. Thickness from 1 mm to 200mm. Length from 10 mm to 2000 mm. Accepting customized sizes. Tolerance: h5 and h6 or sintered. Raw material selection: High quality tungsten carbide powder is preferred. 100% virgin material. Imported German PVA sintering furnace. HIP sintering. Which can keep&hellip;","_links":{"self":[{"href":"https:\/\/www.wolframcarbide.com\/tr\/wp-json\/wp\/v2\/product\/3101","targetHints":{"allow":["GET"]}}],"collection":[{"href":"https:\/\/www.wolframcarbide.com\/tr\/wp-json\/wp\/v2\/product"}],"about":[{"href":"https:\/\/www.wolframcarbide.com\/tr\/wp-json\/wp\/v2\/types\/product"}],"wp:featuredmedia":[{"embeddable":true,"href":"https:\/\/www.wolframcarbide.com\/tr\/wp-json\/wp\/v2\/media\/3102"}],"wp:attachment":[{"href":"https:\/\/www.wolframcarbide.com\/tr\/wp-json\/wp\/v2\/media?parent=3101"}],"wp:term":[{"taxonomy":"product_brand","embeddable":true,"href":"https:\/\/www.wolframcarbide.com\/tr\/wp-json\/wp\/v2\/product_brand?post=3101"},{"taxonomy":"product_cat","embeddable":true,"href":"https:\/\/www.wolframcarbide.com\/tr\/wp-json\/wp\/v2\/product_cat?post=3101"},{"taxonomy":"product_tag","embeddable":true,"href":"https:\/\/www.wolframcarbide.com\/tr\/wp-json\/wp\/v2\/product_tag?post=3101"}],"curies":[{"name":"wp","href":"https:\/\/api.w.org\/{rel}","templated":true}]}}