{"id":2702,"date":"2024-12-27T13:14:25","date_gmt":"2024-12-27T05:14:25","guid":{"rendered":"https:\/\/www.wolframcarbide.com\/?post_type=product&#038;p=2702"},"modified":"2025-08-06T10:56:00","modified_gmt":"2025-08-06T02:56:00","slug":"tirtikli-karbur-uclar","status":"publish","type":"product","link":"https:\/\/www.wolframcarbide.com\/tr\/product\/serrated-carbide-inserts\/","title":{"rendered":"Delme i\u00e7in y\u00fcksek kaliteli t\u0131rt\u0131kl\u0131 karb\u00fcr u\u00e7lar"},"content":{"rendered":"<h5><strong>The grades for serrated carbide inserts:<\/strong><\/h5>\n<table style=\"border-collapse: collapse; width: 933px; height: 277px;\" border=\"0\" width=\"360\" cellspacing=\"0\" cellpadding=\"0\">\n<tbody>\n<tr style=\"height: 28.50pt;\">\n<td class=\"et2\" style=\"height: 28.5pt; width: 54pt; text-align: center;\" width=\"72\" height=\"38\"><strong>Grade<\/strong><\/td>\n<td class=\"et2\" style=\"width: 54pt; text-align: center;\" width=\"72\"><strong>WC(%)<\/strong><\/td>\n<td class=\"et2\" style=\"width: 54pt; text-align: center;\" width=\"72\"><strong>Co(%)<\/strong><\/td>\n<td class=\"et2\" style=\"width: 54pt; text-align: center;\" width=\"72\"><strong>Hardness(HRA)<\/strong><\/td>\n<td class=\"et2\" style=\"width: 54pt; text-align: center;\" width=\"72\"><strong>TRS(N\/mm\u00b2)<\/strong><\/td>\n<\/tr>\n<tr style=\"height: 14.25pt;\">\n<td class=\"et2\" style=\"height: 14.25pt; width: 54pt; text-align: center;\" width=\"72\" height=\"19\">YG6<\/td>\n<td class=\"et2\" style=\"width: 54pt; text-align: center;\" width=\"72\">94<\/td>\n<td class=\"et2\" style=\"width: 54pt; text-align: center;\" width=\"72\">6<\/td>\n<td class=\"et2\" style=\"width: 54pt; text-align: center;\" width=\"72\">\u226590.5<\/td>\n<td class=\"et2\" style=\"width: 54pt; text-align: center;\" width=\"72\">1860<\/td>\n<\/tr>\n<tr style=\"height: 14.25pt;\">\n<td class=\"et2\" style=\"height: 14.25pt; width: 54pt; text-align: center;\" width=\"72\" height=\"19\"><a href=\"https:\/\/www.wolframcarbide.com\/tungsten-carbide-hardness-and-uses-of-yg8\/\">YG8<\/a><\/td>\n<td class=\"et2\" style=\"width: 54pt; text-align: center;\" width=\"72\">92<\/td>\n<td class=\"et2\" style=\"width: 54pt; text-align: center;\" width=\"72\">8<\/td>\n<td class=\"et2\" style=\"width: 54pt; text-align: center;\" width=\"72\">\u226589.5<\/td>\n<td class=\"et2\" style=\"width: 54pt; text-align: center;\" width=\"72\">2060<\/td>\n<\/tr>\n<tr style=\"height: 14.25pt;\">\n<td class=\"et2\" style=\"height: 14.25pt; width: 54pt; text-align: center;\" width=\"72\" height=\"19\">YG11<\/td>\n<td class=\"et2\" style=\"width: 54pt; text-align: center;\" width=\"72\">89<\/td>\n<td class=\"et2\" style=\"width: 54pt; text-align: center;\" width=\"72\">11<\/td>\n<td class=\"et2\" style=\"width: 54pt; text-align: center;\" width=\"72\">\u226587.5<\/td>\n<td class=\"et2\" style=\"width: 54pt; text-align: center;\" width=\"72\">2100<\/td>\n<\/tr>\n<tr style=\"height: 14.25pt;\">\n<td class=\"et2\" style=\"height: 14.25pt; width: 54pt; text-align: center;\" width=\"72\" height=\"19\">YG15<\/td>\n<td class=\"et2\" style=\"width: 54pt; text-align: center;\" width=\"72\">85<\/td>\n<td class=\"et2\" style=\"width: 54pt; text-align: center;\" width=\"72\">15<\/td>\n<td class=\"et2\" style=\"width: 54pt; text-align: center;\" width=\"72\">\u226587.5<\/td>\n<td class=\"et2\" style=\"width: 54pt; text-align: center;\" width=\"72\">2500<\/td>\n<\/tr>\n<\/tbody>\n<\/table>\n<h5><\/h5>\n<h5><strong>Serrated carbide inserts sizes:<\/strong><\/h5>\n<p><img loading=\"lazy\" decoding=\"async\" class=\"alignnone wp-image-2703\" src=\"https:\/\/www.wolframcarbide.com\/wp-content\/uploads\/2024\/12\/Drawing1.jpg\" alt=\"Serrated carbide inserts sizes\" width=\"198\" height=\"156\" title=\"\" srcset=\"https:\/\/www.wolframcarbide.com\/wp-content\/uploads\/2024\/12\/Drawing1.jpg 451w, https:\/\/www.wolframcarbide.com\/wp-content\/uploads\/2024\/12\/Drawing1-300x237.jpg 300w\" sizes=\"auto, (max-width: 198px) 100vw, 198px\" \/><\/p>\n<table style=\"border-collapse: collapse; width: 952px; height: 244px;\" border=\"0\" width=\"655\" cellspacing=\"0\" cellpadding=\"0\">\n<tbody>\n<tr style=\"height: 27.25pt;\">\n<td class=\"et2\" style=\"height: 53.25pt; width: 129pt; text-align: center;\" rowspan=\"2\" width=\"172\" height=\"71\">&nbsp;<\/p>\n<p><strong style=\"font-size: 16px; font-style: normal;\">Type<\/strong><\/td>\n<td class=\"et2\" style=\"width: 362.25pt; text-align: center;\" colspan=\"2\" width=\"483\"><strong>Basic size(mm)<\/strong><\/td>\n<\/tr>\n<tr style=\"height: 26.00pt;\">\n<td class=\"et2\" style=\"width: 135.5pt; text-align: center;\" width=\"180\"><strong>diameter(\u03a6D)<\/strong><\/td>\n<td class=\"et2\" style=\"width: 226.75pt; text-align: center;\" width=\"302\"><strong>height(H)<\/strong><\/td>\n<\/tr>\n<tr style=\"height: 26.00pt;\">\n<td class=\"et2\" style=\"height: 26pt; width: 129pt; text-align: center;\" width=\"172\" height=\"34\">BT08270<\/td>\n<td class=\"et2\" style=\"width: 135.5pt; text-align: center;\" width=\"180\">8.2<\/td>\n<td class=\"et2\" style=\"width: 226.75pt; text-align: center;\" width=\"302\">7<\/td>\n<\/tr>\n<tr style=\"height: 27.50pt;\">\n<td class=\"et2\" style=\"height: 27.5pt; width: 129pt; text-align: center;\" width=\"172\" height=\"36\">BT97874<\/td>\n<td class=\"et2\" style=\"width: 135.5pt; text-align: center;\" width=\"180\">9.7<\/td>\n<td class=\"et2\" style=\"width: 226.75pt; text-align: center;\" width=\"302\">8.7<\/td>\n<\/tr>\n<tr style=\"height: 26.25pt;\">\n<td class=\"et2\" style=\"height: 26.25pt; width: 129pt; text-align: center;\" width=\"172\" height=\"35\">BT11208<\/td>\n<td class=\"et2\" style=\"width: 135.5pt; text-align: center;\" width=\"180\">11.2<\/td>\n<td class=\"et2\" style=\"width: 226.75pt; text-align: center;\" width=\"302\">8<\/td>\n<\/tr>\n<\/tbody>\n<\/table>\n<h5><\/h5>\n<h5><img loading=\"lazy\" decoding=\"async\" class=\"alignnone wp-image-2704\" src=\"https:\/\/www.wolframcarbide.com\/wp-content\/uploads\/2024\/12\/drawing2.jpg\" alt=\"serrated carbide inserts sizes\" width=\"254\" height=\"191\" title=\"\" srcset=\"https:\/\/www.wolframcarbide.com\/wp-content\/uploads\/2024\/12\/drawing2.jpg 485w, https:\/\/www.wolframcarbide.com\/wp-content\/uploads\/2024\/12\/drawing2-300x225.jpg 300w\" sizes=\"auto, (max-width: 254px) 100vw, 254px\" \/><\/h5>\n<table style=\"border-collapse: collapse; width: 954px; height: 505px;\" border=\"0\" width=\"666\" cellspacing=\"0\" cellpadding=\"0\">\n<tbody>\n<tr style=\"height: 26.25pt;\">\n<td class=\"et2\" style=\"height: 53.25pt; width: 136.75pt; text-align: center;\" rowspan=\"2\" width=\"182\" height=\"71\">&nbsp;<\/p>\n<p><strong>Type<\/strong><\/td>\n<td class=\"et2\" style=\"width: 363.25pt; text-align: center;\" colspan=\"2\" width=\"484\"><strong>Basic size(mm)<\/strong><\/td>\n<\/tr>\n<tr style=\"height: 27.00pt;\">\n<td class=\"et2\" style=\"width: 136pt; text-align: center;\" width=\"181\"><strong>diameter(\u03a6D)<\/strong><\/td>\n<td class=\"et2\" style=\"width: 227.25pt; text-align: center;\" width=\"303\"><strong>height(H)<\/strong><\/td>\n<\/tr>\n<tr style=\"height: 26.00pt;\">\n<td class=\"et2\" style=\"height: 26pt; width: 136.75pt; text-align: center;\" width=\"182\" height=\"34\">BT07207<\/td>\n<td class=\"et2\" style=\"width: 136pt; text-align: center;\" width=\"181\">7.2<\/td>\n<td class=\"et2\" style=\"width: 227.25pt; text-align: center;\" width=\"303\">7<\/td>\n<\/tr>\n<tr style=\"height: 27.00pt;\">\n<td class=\"et2\" style=\"height: 27pt; width: 136.75pt; text-align: center;\" width=\"182\" height=\"36\">BT08207<\/td>\n<td class=\"et2\" style=\"width: 136pt; text-align: center;\" width=\"181\">8.2<\/td>\n<td class=\"et2\" style=\"width: 227.25pt; text-align: center;\" width=\"303\">7<\/td>\n<\/tr>\n<tr style=\"height: 26.00pt;\">\n<td class=\"et2\" style=\"height: 26pt; width: 136.75pt; text-align: center;\" width=\"182\" height=\"34\">BT09208<\/td>\n<td class=\"et2\" style=\"width: 136pt; text-align: center;\" width=\"181\">9.2<\/td>\n<td class=\"et2\" style=\"width: 227.25pt; text-align: center;\" width=\"303\">8<\/td>\n<\/tr>\n<tr style=\"height: 27.00pt;\">\n<td class=\"et2\" style=\"height: 27pt; width: 136.75pt; text-align: center;\" width=\"182\" height=\"36\">BT10208<\/td>\n<td class=\"et2\" style=\"width: 136pt; text-align: center;\" width=\"181\">10.2<\/td>\n<td class=\"et2\" style=\"width: 227.25pt; text-align: center;\" width=\"303\">8<\/td>\n<\/tr>\n<tr style=\"height: 26.00pt;\">\n<td class=\"et2\" style=\"height: 26pt; width: 136.75pt; text-align: center;\" width=\"182\" height=\"34\">BT14815<\/td>\n<td class=\"et2\" style=\"width: 136pt; text-align: center;\" width=\"181\">14.8<\/td>\n<td class=\"et2\" style=\"width: 227.25pt; text-align: center;\" width=\"303\">15<\/td>\n<\/tr>\n<tr style=\"height: 27.00pt;\">\n<td class=\"et2\" style=\"height: 27pt; width: 136.75pt; text-align: center;\" width=\"182\" height=\"36\">BT16215<\/td>\n<td class=\"et2\" style=\"width: 136pt; text-align: center;\" width=\"181\">16.2<\/td>\n<td class=\"et2\" style=\"width: 227.25pt; text-align: center;\" width=\"303\">15<\/td>\n<\/tr>\n<tr style=\"height: 26.00pt;\">\n<td class=\"et2\" style=\"height: 26pt; width: 136.75pt; text-align: center;\" width=\"182\" height=\"34\">BT17818<\/td>\n<td class=\"et2\" style=\"width: 136pt; text-align: center;\" width=\"181\">17.8<\/td>\n<td class=\"et2\" style=\"width: 227.25pt; text-align: center;\" width=\"303\">18<\/td>\n<\/tr>\n<tr style=\"height: 27.25pt;\">\n<td class=\"et2\" style=\"height: 27.25pt; width: 136.75pt; text-align: center;\" width=\"182\" height=\"36\">BT20217<\/td>\n<td class=\"et2\" style=\"width: 136pt; text-align: center;\" width=\"181\">20.2<\/td>\n<td class=\"et2\" style=\"width: 227.25pt; text-align: center;\" width=\"303\">17<\/td>\n<\/tr>\n<\/tbody>\n<\/table>\n<h5><strong>Serrated carbide insert details:<\/strong><\/h5>\n<p><a href=\"https:\/\/www.wolframcarbide.com\/product-category\/tungsten-carbide-buttons-and-inserts-for-mining-and-construction\/\"><img loading=\"lazy\" decoding=\"async\" class=\"alignnone wp-image-2709\" src=\"https:\/\/www.wolframcarbide.com\/wp-content\/uploads\/2024\/12\/serrated-carbide-inserts-61-1.jpg\" alt=\"Serrated carbide inserts\" width=\"871\" height=\"580\" title=\"\" srcset=\"https:\/\/www.wolframcarbide.com\/wp-content\/uploads\/2024\/12\/serrated-carbide-inserts-61-1.jpg 800w, https:\/\/www.wolframcarbide.com\/wp-content\/uploads\/2024\/12\/serrated-carbide-inserts-61-1-300x200.jpg 300w, https:\/\/www.wolframcarbide.com\/wp-content\/uploads\/2024\/12\/serrated-carbide-inserts-61-1-768x512.jpg 768w, https:\/\/www.wolframcarbide.com\/wp-content\/uploads\/2024\/12\/serrated-carbide-inserts-61-1-600x400.jpg 600w\" sizes=\"auto, (max-width: 871px) 100vw, 871px\" \/><\/a><\/p>\n<p>&nbsp;<\/p>\n<p><img loading=\"lazy\" decoding=\"async\" class=\"alignnone wp-image-2710\" src=\"https:\/\/www.wolframcarbide.com\/wp-content\/uploads\/2024\/12\/serrated-carbide-inserts-71.jpg\" alt=\"Serrated carbide inserts\" width=\"872\" height=\"581\" title=\"\" srcset=\"https:\/\/www.wolframcarbide.com\/wp-content\/uploads\/2024\/12\/serrated-carbide-inserts-71.jpg 800w, https:\/\/www.wolframcarbide.com\/wp-content\/uploads\/2024\/12\/serrated-carbide-inserts-71-300x200.jpg 300w, https:\/\/www.wolframcarbide.com\/wp-content\/uploads\/2024\/12\/serrated-carbide-inserts-71-768x512.jpg 768w, https:\/\/www.wolframcarbide.com\/wp-content\/uploads\/2024\/12\/serrated-carbide-inserts-71-600x400.jpg 600w\" sizes=\"auto, (max-width: 872px) 100vw, 872px\" \/><\/p>\n<p style=\"text-align: left;\"><strong style=\"font-size: 1.2em;\">\u00a0<\/strong><\/p>\n<p><strong style=\"font-size: 16px;\">Please send us inquiries for quotations and free samples for testing:<\/strong><\/p>\n<p>&nbsp;<\/p>\n<div class=\"wpforms-container \" id=\"wpforms-2333\"><form id=\"wpforms-form-2333\" class=\"wpforms-validate wpforms-form wpforms-ajax-form\" data-formid=\"2333\" method=\"post\" enctype=\"multipart\/form-data\" action=\"\/tr\/wp-json\/wp\/v2\/product\/2702\" data-token=\"d4ea1c9c814af134202fb7ac0bece4eb\" data-token-time=\"1775801390\"><noscript class=\"wpforms-error-noscript\">Bu formu bitirebilmek i\u00e7in taray\u0131c\u0131n\u0131zda JavaScript&#039;i etkinle\u015ftirin.<\/noscript><div class=\"wpforms-field-container\"><div id=\"wpforms-2333-field_1-container\" class=\"wpforms-field wpforms-field-name\" data-field-id=\"1\"><label class=\"wpforms-field-label\" for=\"wpforms-2333-field_1\">Name <span class=\"wpforms-required-label\">*<\/span><\/label><input type=\"text\" id=\"wpforms-2333-field_1\" class=\"wpforms-field-medium wpforms-field-required\" name=\"wpforms[fields][1]\" required><\/div><div id=\"wpforms-2333-field_2-container\" class=\"wpforms-field wpforms-field-text\" data-field-id=\"2\"><label class=\"wpforms-field-label\" for=\"wpforms-2333-field_2\">Company Name<\/label><input type=\"text\" id=\"wpforms-2333-field_2\" class=\"wpforms-field-medium\" name=\"wpforms[fields][2]\" ><\/div><div id=\"wpforms-2333-field_3-container\" class=\"wpforms-field wpforms-field-email\" data-field-id=\"3\"><label class=\"wpforms-field-label\" for=\"wpforms-2333-field_3\">Email <span class=\"wpforms-required-label\">*<\/span><\/label><input type=\"email\" id=\"wpforms-2333-field_3\" class=\"wpforms-field-medium wpforms-field-required\" name=\"wpforms[fields][3]\" spellcheck=\"false\" required><\/div>\t\t<div id=\"wpforms-2333-field_5-container\"\n\t\t\tclass=\"wpforms-field wpforms-field-text\"\n\t\t\tdata-field-type=\"text\"\n\t\t\tdata-field-id=\"5\"\n\t\t\t>\n\t\t\t<label class=\"wpforms-field-label\" for=\"wpforms-2333-field_5\" >Name Email Message<\/label>\n\t\t\t<input type=\"text\" id=\"wpforms-2333-field_5\" class=\"wpforms-field-medium\" name=\"wpforms[fields][5]\" >\n\t\t<\/div>\n\t\t<div id=\"wpforms-2333-field_4-container\" class=\"wpforms-field wpforms-field-textarea\" data-field-id=\"4\"><label class=\"wpforms-field-label\" for=\"wpforms-2333-field_4\">Message <span class=\"wpforms-required-label\">*<\/span><\/label><textarea id=\"wpforms-2333-field_4\" class=\"wpforms-field-medium wpforms-field-required\" name=\"wpforms[fields][4]\" required><\/textarea><\/div><script>\n\t\t\t\t( function() {\n\t\t\t\t\tconst style = document.createElement( 'style' );\n\t\t\t\t\tstyle.appendChild( document.createTextNode( '#wpforms-2333-field_5-container { position: absolute !important; overflow: hidden !important; display: inline !important; height: 1px !important; width: 1px !important; z-index: -1000 !important; padding: 0 !important; } #wpforms-2333-field_5-container input { visibility: hidden; } #wpforms-conversational-form-page #wpforms-2333-field_5-container label { counter-increment: none; }' ) );\n\t\t\t\t\tdocument.head.appendChild( style );\n\t\t\t\t\tdocument.currentScript?.remove();\n\t\t\t\t} )();\n\t\t\t<\/script><\/div><!-- .wpforms-field-container --><div class=\"wpforms-submit-container\" ><input type=\"hidden\" name=\"wpforms[id]\" value=\"2333\"><input type=\"hidden\" name=\"page_title\" value=\"\"><input type=\"hidden\" name=\"page_url\" value=\"https:\/\/www.wolframcarbide.com\/tr\/wp-json\/wp\/v2\/product\/2702\"><input type=\"hidden\" name=\"url_referer\" value=\"\"><button type=\"submit\" name=\"wpforms[submit]\" id=\"wpforms-submit-2333\" class=\"wpforms-submit\" data-alt-text=\"Sending\u2026\" data-submit-text=\"Send Inquiry\" aria-live=\"assertive\" value=\"wpforms-submit\">Send Inquiry<\/button><img loading=\"lazy\" decoding=\"async\" src=\"https:\/\/www.wolframcarbide.com\/wp-content\/plugins\/wpforms-lite\/assets\/images\/submit-spin.svg\" class=\"wpforms-submit-spinner\" style=\"display: none;\" width=\"26\" height=\"26\" alt=\"Y\u00fckleniyor\" title=\"\"><\/div><\/form><\/div>  <!-- .wpforms-container -->\n","protected":false},"excerpt":{"rendered":"<p>Tungsten t\u0131rt\u0131kl\u0131 karb\u00fcr u\u00e7lar:<\/p>\n<ol>\n<li>Hammadde se\u00e7imi: Y\u00fcksek kaliteli wolfram karb\u00fcr tozu tercih edilir. 100% i\u015flenmemi\u015f malzeme.<\/li>\n<li>\u0130thal Alman PVA sinterleme f\u0131r\u0131n\u0131. HIP sinterleme. Tungsten karb\u00fcr u\u00e7lar\u0131 y\u00fcksek yo\u011funlukta tutabilir, <strong>Y\u00fcksek a\u015f\u0131nma direnci<\/strong>, y\u00fcksek performans.<\/li>\n<li>Profesyonel m\u00fchendisler ve kalite denetim ekipleri, istikrarl\u0131 \u00fcr\u00fcn kalitesi sa\u011flamak ve niteliksiz \u00fcr\u00fcnlerin sevk edilmesini \u00f6nlemek i\u00e7in \u00fcr\u00fcn s\u00fcre\u00e7 denetimi ve kabul denetimi sa\u011flar.<\/li>\n<li><strong>40 y\u0131l\u0131 a\u015fk\u0131n \u00fcretim tecr\u00fcbesi.<\/strong><\/li>\n<li><strong>T\u0131rt\u0131kl\u0131 karb\u00fcr u\u00e7lar\u0131n performans\u0131 ve hizmet \u00f6mr\u00fc Guhringg, Ceratizitt, Boehleritt ve Kennametall'in 90-97%'sine yak\u0131nd\u0131r.<\/strong><\/li>\n<\/ol>","protected":false},"featured_media":2705,"template":"","meta":{"_uag_custom_page_level_css":"","site-sidebar-layout":"default","site-content-layout":"","ast-site-content-layout":"default","site-content-style":"default","site-sidebar-style":"default","ast-global-header-display":"","ast-banner-title-visibility":"","ast-main-header-display":"","ast-hfb-above-header-display":"","ast-hfb-below-header-display":"","ast-hfb-mobile-header-display":"","site-post-title":"","ast-breadcrumbs-content":"","ast-featured-img":"","footer-sml-layout":"","theme-transparent-header-meta":"default","adv-header-id-meta":"","stick-header-meta":"","header-above-stick-meta":"","header-main-stick-meta":"","header-below-stick-meta":"","astra-migrate-meta-layouts":"set","ast-page-background-enabled":"default","ast-page-background-meta":{"desktop":{"background-color":"var(--ast-global-color-4)","background-image":"","background-repeat":"repeat","background-position":"center center","background-size":"auto","background-attachment":"scroll","background-type":"","background-media":"","overlay-type":"","overlay-color":"","overlay-opacity":"","overlay-gradient":""},"tablet":{"background-color":"","background-image":"","background-repeat":"repeat","background-position":"center center","background-size":"auto","background-attachment":"scroll","background-type":"","background-media":"","overlay-type":"","overlay-color":"","overlay-opacity":"","overlay-gradient":""},"mobile":{"background-color":"","background-image":"","background-repeat":"repeat","background-position":"center center","background-size":"auto","background-attachment":"scroll","background-type":"","background-media":"","overlay-type":"","overlay-color":"","overlay-opacity":"","overlay-gradient":""}},"ast-content-background-meta":{"desktop":{"background-color":"var(--ast-global-color-5)","background-image":"","background-repeat":"repeat","background-position":"center center","background-size":"auto","background-attachment":"scroll","background-type":"","background-media":"","overlay-type":"","overlay-color":"","overlay-opacity":"","overlay-gradient":""},"tablet":{"background-color":"var(--ast-global-color-5)","background-image":"","background-repeat":"repeat","background-position":"center center","background-size":"auto","background-attachment":"scroll","background-type":"","background-media":"","overlay-type":"","overlay-color":"","overlay-opacity":"","overlay-gradient":""},"mobile":{"background-color":"var(--ast-global-color-5)","background-image":"","background-repeat":"repeat","background-position":"center center","background-size":"auto","background-attachment":"scroll","background-type":"","background-media":"","overlay-type":"","overlay-color":"","overlay-opacity":"","overlay-gradient":""}},"_joinchat":[]},"product_brand":[],"product_cat":[21],"product_tag":[],"class_list":{"0":"post-2702","1":"product","2":"type-product","3":"status-publish","4":"has-post-thumbnail","6":"product_cat-tungsten-carbide-buttons-and-inserts-for-mining-and-construction","7":"desktop-align-left","8":"tablet-align-left","9":"mobile-align-left","11":"first","12":"instock","13":"shipping-taxable","14":"product-type-simple"},"uagb_featured_image_src":{"full":["https:\/\/www.wolframcarbide.com\/wp-content\/uploads\/2024\/12\/serrated-carbide-inserts.jpg",600,600,false],"thumbnail":["https:\/\/www.wolframcarbide.com\/wp-content\/uploads\/2024\/12\/serrated-carbide-inserts-150x150.jpg",150,150,true],"medium":["https:\/\/www.wolframcarbide.com\/wp-content\/uploads\/2024\/12\/serrated-carbide-inserts-300x300.jpg",300,300,true],"medium_large":["https:\/\/www.wolframcarbide.com\/wp-content\/uploads\/2024\/12\/serrated-carbide-inserts.jpg",600,600,false],"large":["https:\/\/www.wolframcarbide.com\/wp-content\/uploads\/2024\/12\/serrated-carbide-inserts.jpg",600,600,false],"1536x1536":["https:\/\/www.wolframcarbide.com\/wp-content\/uploads\/2024\/12\/serrated-carbide-inserts.jpg",600,600,false],"2048x2048":["https:\/\/www.wolframcarbide.com\/wp-content\/uploads\/2024\/12\/serrated-carbide-inserts.jpg",600,600,false],"trp-custom-language-flag":["https:\/\/www.wolframcarbide.com\/wp-content\/uploads\/2024\/12\/serrated-carbide-inserts.jpg",12,12,false],"woocommerce_thumbnail":["https:\/\/www.wolframcarbide.com\/wp-content\/uploads\/2024\/12\/serrated-carbide-inserts-300x300.jpg",300,300,true],"woocommerce_single":["https:\/\/www.wolframcarbide.com\/wp-content\/uploads\/2024\/12\/serrated-carbide-inserts.jpg",600,600,false],"woocommerce_gallery_thumbnail":["https:\/\/www.wolframcarbide.com\/wp-content\/uploads\/2024\/12\/serrated-carbide-inserts-100x100.jpg",100,100,true]},"uagb_author_info":{"display_name":"admin","author_link":"https:\/\/www.wolframcarbide.com\/tr\/author\/"},"uagb_comment_info":0,"uagb_excerpt":"Tungsten serrated carbide inserts: Raw material selection: High quality wolfram carbide powder is preferred. 100% virgin material. Imported German PVA sintering furnace. HIP sintering. Which can keep tungsten carbide tips in high density, High wear resistance, high-performance. Professional engineers and quality inspection teams ensure product process inspection and acceptance inspection to ensure stable product quality&hellip;","_links":{"self":[{"href":"https:\/\/www.wolframcarbide.com\/tr\/wp-json\/wp\/v2\/product\/2702","targetHints":{"allow":["GET"]}}],"collection":[{"href":"https:\/\/www.wolframcarbide.com\/tr\/wp-json\/wp\/v2\/product"}],"about":[{"href":"https:\/\/www.wolframcarbide.com\/tr\/wp-json\/wp\/v2\/types\/product"}],"wp:featuredmedia":[{"embeddable":true,"href":"https:\/\/www.wolframcarbide.com\/tr\/wp-json\/wp\/v2\/media\/2705"}],"wp:attachment":[{"href":"https:\/\/www.wolframcarbide.com\/tr\/wp-json\/wp\/v2\/media?parent=2702"}],"wp:term":[{"taxonomy":"product_brand","embeddable":true,"href":"https:\/\/www.wolframcarbide.com\/tr\/wp-json\/wp\/v2\/product_brand?post=2702"},{"taxonomy":"product_cat","embeddable":true,"href":"https:\/\/www.wolframcarbide.com\/tr\/wp-json\/wp\/v2\/product_cat?post=2702"},{"taxonomy":"product_tag","embeddable":true,"href":"https:\/\/www.wolframcarbide.com\/tr\/wp-json\/wp\/v2\/product_tag?post=2702"}],"curies":[{"name":"wp","href":"https:\/\/api.w.org\/{rel}","templated":true}]}}