{"id":2580,"date":"2024-12-10T17:25:40","date_gmt":"2024-12-10T09:25:40","guid":{"rendered":"https:\/\/www.wolframcarbide.com\/?post_type=product&#038;p=2580"},"modified":"2025-08-10T16:17:47","modified_gmt":"2025-08-10T08:17:47","slug":"dikdortgen-karbur-bosluklar","status":"publish","type":"product","link":"https:\/\/www.wolframcarbide.com\/tr\/product\/rectangular-carbide-blanks\/","title":{"rendered":"Y\u00fcksek kaliteli C6 C8 K10 K20 K30 YG6 YG8 YG15 ile dikd\u00f6rtgen karb\u00fcr bo\u015fluklar"},"content":{"rendered":"<h5><strong>Rectangular carbide blanks grades:<\/strong><\/h5>\n<table style=\"border-collapse: collapse; width: 1054px; height: 493px;\" border=\"0\" width=\"504\" cellspacing=\"0\" cellpadding=\"0\">\n<tbody>\n<tr style=\"height: 30.00pt;\">\n<td class=\"et3\" style=\"height: 30pt; width: 54pt; text-align: center;\" width=\"72\" height=\"40\"><strong>Grade<\/strong><\/td>\n<td class=\"et3\" style=\"width: 90pt; text-align: center;\" width=\"120\"><strong>Composition (%)<\/strong><\/td>\n<td class=\"et3\" style=\"width: 81.75pt; text-align: center;\" width=\"109\"><strong>Density (g\/cm3)<\/strong><\/td>\n<td class=\"et3\" style=\"width: 75pt; text-align: center;\" width=\"100\"><strong>Hardness (<a href=\"https:\/\/en.wikipedia.org\/wiki\/Rockwell_hardness_test\" rel=\"nofollow noopener\" target=\"_blank\">HRA<\/a>)<\/strong><\/td>\n<td class=\"et3\" style=\"width: 77.25pt; text-align: center;\" width=\"103\"><strong>T.R.S (N\/mm\u00b2)<\/strong><\/td>\n<\/tr>\n<tr style=\"height: 14.25pt;\">\n<td class=\"et4\" style=\"height: 14.25pt; width: 54pt; text-align: center;\" width=\"72\" height=\"19\">YG6A\u00a0 \/ K05 \/ C2<\/td>\n<td class=\"et4\" style=\"width: 90pt; text-align: center;\" width=\"120\">6%co 94%wc<\/td>\n<td class=\"et4\" style=\"width: 81.75pt; text-align: center;\" width=\"109\">14.85<\/td>\n<td class=\"et4\" style=\"width: 75pt; text-align: center;\" width=\"100\">\u226592.5<\/td>\n<td class=\"et4\" style=\"width: 77.25pt; text-align: center;\" width=\"103\">\u22652000<\/td>\n<\/tr>\n<tr style=\"height: 14.25pt;\">\n<td class=\"et4\" style=\"height: 14.25pt; width: 54pt; text-align: center;\" width=\"72\" height=\"19\">YG8\u00a0\/K30 \/ C6<\/td>\n<td class=\"et4\" style=\"width: 90pt; text-align: center;\" width=\"120\">8%co 92%wc<\/td>\n<td class=\"et4\" style=\"width: 81.75pt; text-align: center;\" width=\"109\">14.7<\/td>\n<td class=\"et4\" style=\"width: 75pt; text-align: center;\" width=\"100\">\u226589.8<\/td>\n<td class=\"et4\" style=\"width: 77.25pt; text-align: center;\" width=\"103\">\u22652800<\/td>\n<\/tr>\n<tr style=\"height: 14.25pt;\">\n<td class=\"et4\" style=\"height: 14.25pt; width: 54pt; text-align: center;\" width=\"72\" height=\"19\">YG10X\u00a0\/ K30 \/ C7<\/td>\n<td class=\"et4\" style=\"width: 90pt; text-align: center;\" width=\"120\">10%co 90%wc<\/td>\n<td class=\"et4\" style=\"width: 81.75pt; text-align: center;\" width=\"109\">14.35<\/td>\n<td class=\"et4\" style=\"width: 75pt; text-align: center;\" width=\"100\">\u226591.5<\/td>\n<td class=\"et4\" style=\"width: 77.25pt; text-align: center;\" width=\"103\">\u22653600<\/td>\n<\/tr>\n<tr style=\"height: 14.25pt;\">\n<td class=\"et4\" style=\"height: 14.25pt; width: 54pt; text-align: center;\" width=\"72\" height=\"19\">YG11 \/ K30 \/ C8<\/td>\n<td class=\"et4\" style=\"width: 90pt; text-align: center;\" width=\"120\">11%co 89%wc<\/td>\n<td class=\"et4\" style=\"width: 81.75pt; text-align: center;\" width=\"109\">14.4<\/td>\n<td class=\"et4\" style=\"width: 75pt; text-align: center;\" width=\"100\">\u226588.5<\/td>\n<td class=\"et4\" style=\"width: 77.25pt; text-align: center;\" width=\"103\">\u22652900<\/td>\n<\/tr>\n<tr style=\"height: 14.25pt;\">\n<td class=\"et4\" style=\"height: 14.25pt; width: 54pt; text-align: center;\" width=\"72\" height=\"19\">YG15 \/ K30 \/ C9<\/td>\n<td class=\"et4\" style=\"width: 90pt; text-align: center;\" width=\"120\">15%co 85%wc<\/td>\n<td class=\"et4\" style=\"width: 81.75pt; text-align: center;\" width=\"109\">14<\/td>\n<td class=\"et4\" style=\"width: 75pt; text-align: center;\" width=\"100\">\u226587.0<\/td>\n<td class=\"et4\" style=\"width: 77.25pt; text-align: center;\" width=\"103\">\u22653000<\/td>\n<\/tr>\n<tr style=\"height: 14.25pt;\">\n<td class=\"et4\" style=\"height: 14.25pt; width: 54pt; text-align: center;\" width=\"72\" height=\"19\">YG20 \/ K40 \/ C10<\/td>\n<td class=\"et4\" style=\"width: 90pt; text-align: center;\" width=\"120\">20%co 80%wc<\/td>\n<td class=\"et4\" style=\"width: 81.75pt; text-align: center;\" width=\"109\">13.5<\/td>\n<td class=\"et4\" style=\"width: 75pt; text-align: center;\" width=\"100\">\u226585.5<\/td>\n<td class=\"et4\" style=\"width: 77.25pt; text-align: center;\" width=\"103\">\u22652800<\/td>\n<\/tr>\n<tr style=\"height: 14.25pt;\">\n<td class=\"et4\" style=\"height: 14.25pt; width: 54pt; text-align: center;\" width=\"72\" height=\"19\">YG13X \/ K30 \/ C8-C9<\/td>\n<td class=\"et4\" style=\"width: 90pt; text-align: center;\" width=\"120\">13%co 87%wc<\/td>\n<td class=\"et4\" style=\"width: 81.75pt; text-align: center;\" width=\"109\">14.2<\/td>\n<td class=\"et4\" style=\"width: 75pt; text-align: center;\" width=\"100\">\u226590.0<\/td>\n<td class=\"et4\" style=\"width: 77.25pt; text-align: center;\" width=\"103\">\u22653200<\/td>\n<\/tr>\n<tr style=\"height: 14.25pt;\">\n<td class=\"et4\" style=\"height: 14.25pt; width: 54pt; text-align: center;\" width=\"72\" height=\"19\">BT15 \u00a0\/ K30 \/ C7<\/td>\n<td class=\"et4\" style=\"width: 90pt; text-align: center;\" width=\"120\">10%co 90%wc<\/td>\n<td class=\"et4\" style=\"width: 81.75pt; text-align: center;\" width=\"109\">14.35<\/td>\n<td class=\"et4\" style=\"width: 75pt; text-align: center;\" width=\"100\">\u226592.2<\/td>\n<td class=\"et4\" style=\"width: 77.25pt; text-align: center;\" width=\"103\">\u22653900<\/td>\n<\/tr>\n<\/tbody>\n<\/table>\n<table style=\"border-collapse: collapse; width: 1052px; height: 438px;\" border=\"0\" width=\"729\" cellspacing=\"0\" cellpadding=\"0\">\n<tbody>\n<tr style=\"height: 42.00pt;\">\n<td class=\"et3\" style=\"height: 42.00pt; width: 54.00pt;\" width=\"72\" height=\"56\"><a href=\"https:\/\/www.wolframcarbide.com\/tungsten-carbide-density-and-uses-of-different-cemented-carbide-grade-yg6a\/\">YG6A<\/a><\/td>\n<td class=\"et4\" style=\"width: 492.75pt;\" width=\"657\">Fine grain alloy, good wear resistance. It is suitable for manufacturing forming cutter, wear-resistant parts etc.<\/td>\n<\/tr>\n<tr style=\"height: 14.25pt;\">\n<td class=\"et3\" style=\"height: 14.25pt; width: 54.00pt;\" width=\"72\" height=\"19\"><a href=\"https:\/\/www.wolframcarbide.com\/tungsten-carbide-hardness-and-uses-of-yg8\/\">YG8<\/a><\/td>\n<td class=\"et4\" style=\"width: 492.75pt;\" rowspan=\"2\" width=\"657\">High bending strength, wear resistance lower than YG6A, suitable for manufacturing forming cutter, wear-resistan parts etc.<\/td>\n<\/tr>\n<tr style=\"height: 14.25pt;\">\n<td class=\"et3\" style=\"height: 14.25pt; width: 54.00pt;\" width=\"72\" height=\"19\">YG11<\/td>\n<\/tr>\n<tr style=\"height: 38.00pt;\">\n<td class=\"et3\" style=\"height: 38.00pt; width: 54.00pt;\" width=\"72\" height=\"50\">YG15<\/td>\n<td class=\"et4\" style=\"width: 492.75pt;\" width=\"657\">Suitable for manufacturing punching dies, wear-resistant parts etc.<\/td>\n<\/tr>\n<tr style=\"height: 14.25pt;\">\n<td class=\"et3\" style=\"height: 14.25pt; width: 54.00pt;\" width=\"72\" height=\"19\">YG20<\/td>\n<td class=\"et4\" style=\"width: 492.75pt;\" rowspan=\"2\" width=\"657\">High bending strength, suitable for manufacturing progressive dies and other punching dies.<\/td>\n<\/tr>\n<tr style=\"height: 16.50pt;\">\n<td class=\"et3\" style=\"height: 16.50pt; width: 54.00pt;\" width=\"72\" height=\"22\">YG13X<\/td>\n<\/tr>\n<tr style=\"height: 30.00pt;\">\n<td class=\"et3\" style=\"height: 30.00pt; width: 54.00pt;\" width=\"72\" height=\"40\">BT15<\/td>\n<td class=\"et4\" style=\"width: 492.75pt;\" width=\"657\">Ultra-fine grain size, High performance, making cutting tools, suitable for cutting ordinary alloy steel, aluminum alloy, heat resistant alloy, cast iron, etc.<\/td>\n<\/tr>\n<\/tbody>\n<\/table>\n<p>&nbsp;<\/p>\n<h5><strong>Rectangular carbide blanks sizes:<\/strong><\/h5>\n<p><img loading=\"lazy\" decoding=\"async\" class=\"alignnone wp-image-3128\" src=\"https:\/\/www.wolframcarbide.com\/wp-content\/uploads\/2024\/12\/Rectangular-carbide-blanks-sizes.jpg\" alt=\"Rectangular carbide blanks sizes\" width=\"500\" height=\"137\" title=\"\" srcset=\"https:\/\/www.wolframcarbide.com\/wp-content\/uploads\/2024\/12\/Rectangular-carbide-blanks-sizes.jpg 800w, https:\/\/www.wolframcarbide.com\/wp-content\/uploads\/2024\/12\/Rectangular-carbide-blanks-sizes-300x82.jpg 300w, https:\/\/www.wolframcarbide.com\/wp-content\/uploads\/2024\/12\/Rectangular-carbide-blanks-sizes-768x210.jpg 768w, https:\/\/www.wolframcarbide.com\/wp-content\/uploads\/2024\/12\/Rectangular-carbide-blanks-sizes-18x5.jpg 18w, https:\/\/www.wolframcarbide.com\/wp-content\/uploads\/2024\/12\/Rectangular-carbide-blanks-sizes-600x164.jpg 600w\" sizes=\"auto, (max-width: 500px) 100vw, 500px\" \/><\/p>\n<table style=\"border-collapse: collapse; width: 878px; height: 376px;\" border=\"0\" width=\"575\" cellspacing=\"0\" cellpadding=\"0\">\n<tbody>\n<tr style=\"height: 39.75pt;\">\n<td class=\"et2\" style=\"height: 39.75pt; width: 65.6pt; text-align: center;\" width=\"87\" height=\"53\"><strong>Length<\/strong><br \/>\n<strong>L(mm)<\/strong><\/td>\n<td class=\"et2\" style=\"width: 65.6pt; text-align: center;\" width=\"87\"><strong>Width<\/strong><br \/>\n<strong>W(mm)<\/strong><\/td>\n<td class=\"et2\" style=\"width: 65.6pt; text-align: center;\" width=\"87\"><strong>Thicknes<\/strong><br \/>\n<strong>T(mm)<\/strong><\/td>\n<td class=\"et2\" style=\"width: 84.6pt; text-align: center;\" width=\"112\"><strong>Length<\/strong><br \/>\n<strong>Tolerance(mm)<\/strong><\/td>\n<td class=\"et2\" style=\"width: 76.5pt; text-align: center;\" width=\"102\"><strong>Width<\/strong><br \/>\n<strong>Toleranee(mm)<\/strong><\/td>\n<td class=\"et2\" style=\"width: 73.5pt; text-align: center;\" width=\"98\"><strong>Thickness<\/strong><br \/>\n<strong>Tolerance(mm<\/strong>)<\/td>\n<\/tr>\n<tr style=\"height: 33.00pt;\">\n<td class=\"et2\" style=\"height: 33pt; width: 65.6pt; text-align: center;\" width=\"87\" height=\"44\">330<\/td>\n<td class=\"et2\" style=\"width: 65.6pt; text-align: center;\" width=\"87\">2~3<\/td>\n<td class=\"et2\" style=\"width: 65.6pt; text-align: center;\" width=\"87\">1~3<\/td>\n<td class=\"et2\" style=\"width: 84.6pt; text-align: center;\" width=\"112\">+7.0<br \/>\n+3.0<\/td>\n<td class=\"et2\" style=\"width: 76.5pt; text-align: center;\" width=\"102\">+0.4<br \/>\n+0.2<\/td>\n<td class=\"et2\" style=\"width: 73.5pt; text-align: center;\" width=\"98\">+0.35<br \/>\n+0.15<\/td>\n<\/tr>\n<tr style=\"height: 31.00pt;\">\n<td class=\"et2\" style=\"height: 31pt; width: 65.6pt; text-align: center;\" width=\"87\" height=\"41\">330<\/td>\n<td class=\"et2\" style=\"width: 65.6pt; text-align: center;\" width=\"87\">3~8<\/td>\n<td class=\"et2\" style=\"width: 65.6pt; text-align: center;\" width=\"87\">1~3<\/td>\n<td class=\"et2\" style=\"width: 84.6pt; text-align: center;\" width=\"112\">+7.0<br \/>\n+3.0<\/td>\n<td class=\"et2\" style=\"width: 76.5pt; text-align: center;\" width=\"102\">+0.5<br \/>\n+0.3<\/td>\n<td class=\"et2\" style=\"width: 73.5pt; text-align: center;\" width=\"98\">+0.35<br \/>\n+0.15<\/td>\n<\/tr>\n<tr style=\"height: 33.00pt;\">\n<td class=\"et2\" style=\"height: 33pt; width: 65.6pt; text-align: center;\" width=\"87\" height=\"44\">330<\/td>\n<td class=\"et2\" style=\"width: 65.6pt; text-align: center;\" width=\"87\">8~14<\/td>\n<td class=\"et2\" style=\"width: 65.6pt; text-align: center;\" width=\"87\">2~5<\/td>\n<td class=\"et2\" style=\"width: 84.6pt; text-align: center;\" width=\"112\">+7.0<br \/>\n+3.0<\/td>\n<td class=\"et2\" style=\"width: 76.5pt; text-align: center;\" width=\"102\">+0.5<br \/>\n+0.3<\/td>\n<td class=\"et2\" style=\"width: 73.5pt; text-align: center;\" width=\"98\">+0.35<br \/>\n+0.15<\/td>\n<\/tr>\n<tr style=\"height: 31.00pt;\">\n<td class=\"et2\" style=\"height: 31pt; width: 65.6pt; text-align: center;\" width=\"87\" height=\"41\">330<\/td>\n<td class=\"et2\" style=\"width: 65.6pt; text-align: center;\" width=\"87\">14~34<\/td>\n<td class=\"et2\" style=\"width: 65.6pt; text-align: center;\" width=\"87\">2~11<\/td>\n<td class=\"et2\" style=\"width: 84.6pt; text-align: center;\" width=\"112\">+7.0<br \/>\n+3.0<\/td>\n<td class=\"et2\" style=\"width: 76.5pt; text-align: center;\" width=\"102\">+0.6<br \/>\n+0.4<\/td>\n<td class=\"et2\" style=\"width: 73.5pt; text-align: center;\" width=\"98\">+0.5<br \/>\n+0.2<\/td>\n<\/tr>\n<\/tbody>\n<\/table>\n<h5><strong>Carbide blank details:<\/strong><\/h5>\n<p><img loading=\"lazy\" decoding=\"async\" class=\"alignnone size-full wp-image-3125\" src=\"https:\/\/www.wolframcarbide.com\/wp-content\/uploads\/2024\/12\/Rectangular-carbide-blanks1.jpg\" alt=\"Rectangular carbide blanks\" width=\"800\" height=\"533\" title=\"\" srcset=\"https:\/\/www.wolframcarbide.com\/wp-content\/uploads\/2024\/12\/Rectangular-carbide-blanks1.jpg 800w, https:\/\/www.wolframcarbide.com\/wp-content\/uploads\/2024\/12\/Rectangular-carbide-blanks1-300x200.jpg 300w, https:\/\/www.wolframcarbide.com\/wp-content\/uploads\/2024\/12\/Rectangular-carbide-blanks1-768x512.jpg 768w, https:\/\/www.wolframcarbide.com\/wp-content\/uploads\/2024\/12\/Rectangular-carbide-blanks1-18x12.jpg 18w, https:\/\/www.wolframcarbide.com\/wp-content\/uploads\/2024\/12\/Rectangular-carbide-blanks1-600x400.jpg 600w\" sizes=\"auto, (max-width: 800px) 100vw, 800px\" \/><\/p>\n<p><img loading=\"lazy\" decoding=\"async\" class=\"alignnone size-full wp-image-3126\" src=\"https:\/\/www.wolframcarbide.com\/wp-content\/uploads\/2024\/12\/Rectangular-carbide-blanks-1.jpg\" alt=\"Rectangular carbide blank\" width=\"800\" height=\"533\" title=\"\" srcset=\"https:\/\/www.wolframcarbide.com\/wp-content\/uploads\/2024\/12\/Rectangular-carbide-blanks-1.jpg 800w, https:\/\/www.wolframcarbide.com\/wp-content\/uploads\/2024\/12\/Rectangular-carbide-blanks-1-300x200.jpg 300w, https:\/\/www.wolframcarbide.com\/wp-content\/uploads\/2024\/12\/Rectangular-carbide-blanks-1-768x512.jpg 768w, https:\/\/www.wolframcarbide.com\/wp-content\/uploads\/2024\/12\/Rectangular-carbide-blanks-1-18x12.jpg 18w, https:\/\/www.wolframcarbide.com\/wp-content\/uploads\/2024\/12\/Rectangular-carbide-blanks-1-600x400.jpg 600w\" sizes=\"auto, (max-width: 800px) 100vw, 800px\" \/><\/p>\n<p><strong>Please send us inquiries for quotations and free samples for testing:<\/strong><\/p>\n<div class=\"wpforms-container \" id=\"wpforms-2333\"><form id=\"wpforms-form-2333\" class=\"wpforms-validate wpforms-form wpforms-ajax-form\" data-formid=\"2333\" method=\"post\" enctype=\"multipart\/form-data\" action=\"\/tr\/wp-json\/wp\/v2\/product\/2580\" data-token=\"68bcc6b42d8fbc713eb31141761e7991\" data-token-time=\"1775736055\"><noscript class=\"wpforms-error-noscript\">Bu formu bitirebilmek i\u00e7in taray\u0131c\u0131n\u0131zda JavaScript&#039;i etkinle\u015ftirin.<\/noscript><div class=\"wpforms-field-container\"><div id=\"wpforms-2333-field_1-container\" class=\"wpforms-field wpforms-field-name\" data-field-id=\"1\"><label class=\"wpforms-field-label\" for=\"wpforms-2333-field_1\">Name <span class=\"wpforms-required-label\">*<\/span><\/label><input type=\"text\" id=\"wpforms-2333-field_1\" class=\"wpforms-field-medium wpforms-field-required\" name=\"wpforms[fields][1]\" required><\/div>\t\t<div id=\"wpforms-2333-field_5-container\"\n\t\t\tclass=\"wpforms-field wpforms-field-text\"\n\t\t\tdata-field-type=\"text\"\n\t\t\tdata-field-id=\"5\"\n\t\t\t>\n\t\t\t<label class=\"wpforms-field-label\" for=\"wpforms-2333-field_5\" >Email Company Name<\/label>\n\t\t\t<input type=\"text\" id=\"wpforms-2333-field_5\" class=\"wpforms-field-medium\" name=\"wpforms[fields][5]\" >\n\t\t<\/div>\n\t\t<div id=\"wpforms-2333-field_2-container\" class=\"wpforms-field wpforms-field-text\" data-field-id=\"2\"><label class=\"wpforms-field-label\" for=\"wpforms-2333-field_2\">Company Name<\/label><input type=\"text\" id=\"wpforms-2333-field_2\" class=\"wpforms-field-medium\" name=\"wpforms[fields][2]\" ><\/div><div id=\"wpforms-2333-field_3-container\" class=\"wpforms-field wpforms-field-email\" data-field-id=\"3\"><label class=\"wpforms-field-label\" for=\"wpforms-2333-field_3\">Email <span class=\"wpforms-required-label\">*<\/span><\/label><input type=\"email\" id=\"wpforms-2333-field_3\" class=\"wpforms-field-medium wpforms-field-required\" name=\"wpforms[fields][3]\" spellcheck=\"false\" required><\/div><div id=\"wpforms-2333-field_4-container\" class=\"wpforms-field wpforms-field-textarea\" data-field-id=\"4\"><label class=\"wpforms-field-label\" for=\"wpforms-2333-field_4\">Message <span class=\"wpforms-required-label\">*<\/span><\/label><textarea id=\"wpforms-2333-field_4\" class=\"wpforms-field-medium wpforms-field-required\" name=\"wpforms[fields][4]\" required><\/textarea><\/div><script>\n\t\t\t\t( function() {\n\t\t\t\t\tconst style = document.createElement( 'style' );\n\t\t\t\t\tstyle.appendChild( document.createTextNode( '#wpforms-2333-field_5-container { position: absolute !important; overflow: hidden !important; display: inline !important; height: 1px !important; width: 1px !important; z-index: -1000 !important; padding: 0 !important; } #wpforms-2333-field_5-container input { visibility: hidden; } #wpforms-conversational-form-page #wpforms-2333-field_5-container label { counter-increment: none; }' ) );\n\t\t\t\t\tdocument.head.appendChild( style );\n\t\t\t\t\tdocument.currentScript?.remove();\n\t\t\t\t} )();\n\t\t\t<\/script><\/div><!-- .wpforms-field-container --><div class=\"wpforms-submit-container\" ><input type=\"hidden\" name=\"wpforms[id]\" value=\"2333\"><input type=\"hidden\" name=\"page_title\" value=\"\"><input type=\"hidden\" name=\"page_url\" value=\"https:\/\/www.wolframcarbide.com\/tr\/wp-json\/wp\/v2\/product\/2580\"><input type=\"hidden\" name=\"url_referer\" value=\"\"><button type=\"submit\" name=\"wpforms[submit]\" id=\"wpforms-submit-2333\" class=\"wpforms-submit\" data-alt-text=\"Sending\u2026\" data-submit-text=\"Send Inquiry\" aria-live=\"assertive\" value=\"wpforms-submit\">Send Inquiry<\/button><img loading=\"lazy\" decoding=\"async\" src=\"https:\/\/www.wolframcarbide.com\/wp-content\/plugins\/wpforms-lite\/assets\/images\/submit-spin.svg\" class=\"wpforms-submit-spinner\" style=\"display: none;\" width=\"26\" height=\"26\" alt=\"Y\u00fckleniyor\" title=\"\"><\/div><\/form><\/div>  <!-- .wpforms-container -->\n","protected":false},"excerpt":{"rendered":"<ol>\n<li>Hammadde se\u00e7imi: Y\u00fcksek kaliteli tungsten karb\u00fcr tozu tercih edilir. 100% i\u015flenmemi\u015f malzeme.<\/li>\n<li>\u0130thal Alman PVA sinterleme f\u0131r\u0131n\u0131. HIP sinterleme. Dikd\u00f6rtgen karb\u00fcr bo\u015fluklar\u0131 y\u00fcksek yo\u011funlukta tutabilir, <strong>Y\u00fcksek a\u015f\u0131nma direnci<\/strong>, y\u00fcksek performans.<\/li>\n<li>Profesyonel m\u00fchendisler ve kalite denetim ekipleri, istikrarl\u0131 \u00fcr\u00fcn kalitesi sa\u011flamak ve niteliksiz \u00fcr\u00fcnlerin sevk edilmesini \u00f6nlemek i\u00e7in \u00fcr\u00fcn s\u00fcre\u00e7 denetimi ve kabul denetimi sa\u011flar.<\/li>\n<li><strong>40 y\u0131l\u0131 a\u015fk\u0131n \u00fcretim tecr\u00fcbesi.<\/strong><\/li>\n<li><strong>Dikd\u00f6rtgen karb\u00fcr bo\u015fluklar\u0131n performans\u0131 ve hizmet \u00f6mr\u00fc Guhringg, Ceratizitt, Boehleritt ve Kennametall'in 90-97%'sine yak\u0131nd\u0131r.<\/strong><\/li>\n<\/ol>","protected":false},"featured_media":2581,"template":"","meta":{"_uag_custom_page_level_css":"","site-sidebar-layout":"default","site-content-layout":"","ast-site-content-layout":"default","site-content-style":"default","site-sidebar-style":"default","ast-global-header-display":"","ast-banner-title-visibility":"","ast-main-header-display":"","ast-hfb-above-header-display":"","ast-hfb-below-header-display":"","ast-hfb-mobile-header-display":"","site-post-title":"","ast-breadcrumbs-content":"","ast-featured-img":"","footer-sml-layout":"","theme-transparent-header-meta":"default","adv-header-id-meta":"","stick-header-meta":"","header-above-stick-meta":"","header-main-stick-meta":"","header-below-stick-meta":"","astra-migrate-meta-layouts":"set","ast-page-background-enabled":"default","ast-page-background-meta":{"desktop":{"background-color":"var(--ast-global-color-4)","background-image":"","background-repeat":"repeat","background-position":"center center","background-size":"auto","background-attachment":"scroll","background-type":"","background-media":"","overlay-type":"","overlay-color":"","overlay-opacity":"","overlay-gradient":""},"tablet":{"background-color":"","background-image":"","background-repeat":"repeat","background-position":"center center","background-size":"auto","background-attachment":"scroll","background-type":"","background-media":"","overlay-type":"","overlay-color":"","overlay-opacity":"","overlay-gradient":""},"mobile":{"background-color":"","background-image":"","background-repeat":"repeat","background-position":"center center","background-size":"auto","background-attachment":"scroll","background-type":"","background-media":"","overlay-type":"","overlay-color":"","overlay-opacity":"","overlay-gradient":""}},"ast-content-background-meta":{"desktop":{"background-color":"var(--ast-global-color-5)","background-image":"","background-repeat":"repeat","background-position":"center center","background-size":"auto","background-attachment":"scroll","background-type":"","background-media":"","overlay-type":"","overlay-color":"","overlay-opacity":"","overlay-gradient":""},"tablet":{"background-color":"var(--ast-global-color-5)","background-image":"","background-repeat":"repeat","background-position":"center center","background-size":"auto","background-attachment":"scroll","background-type":"","background-media":"","overlay-type":"","overlay-color":"","overlay-opacity":"","overlay-gradient":""},"mobile":{"background-color":"var(--ast-global-color-5)","background-image":"","background-repeat":"repeat","background-position":"center center","background-size":"auto","background-attachment":"scroll","background-type":"","background-media":"","overlay-type":"","overlay-color":"","overlay-opacity":"","overlay-gradient":""}},"_joinchat":[]},"product_brand":[],"product_cat":[20],"product_tag":[],"class_list":{"0":"post-2580","1":"product","2":"type-product","3":"status-publish","4":"has-post-thumbnail","6":"product_cat-tungsten-carbide-strips-and-strips","7":"desktop-align-left","8":"tablet-align-left","9":"mobile-align-left","11":"first","12":"instock","13":"shipping-taxable","14":"product-type-simple"},"uagb_featured_image_src":{"full":["https:\/\/www.wolframcarbide.com\/wp-content\/uploads\/2024\/12\/rectangular-carbide-blanks.jpg",600,600,false],"thumbnail":["https:\/\/www.wolframcarbide.com\/wp-content\/uploads\/2024\/12\/rectangular-carbide-blanks-150x150.jpg",150,150,true],"medium":["https:\/\/www.wolframcarbide.com\/wp-content\/uploads\/2024\/12\/rectangular-carbide-blanks-300x300.jpg",300,300,true],"medium_large":["https:\/\/www.wolframcarbide.com\/wp-content\/uploads\/2024\/12\/rectangular-carbide-blanks.jpg",600,600,false],"large":["https:\/\/www.wolframcarbide.com\/wp-content\/uploads\/2024\/12\/rectangular-carbide-blanks.jpg",600,600,false],"1536x1536":["https:\/\/www.wolframcarbide.com\/wp-content\/uploads\/2024\/12\/rectangular-carbide-blanks.jpg",600,600,false],"2048x2048":["https:\/\/www.wolframcarbide.com\/wp-content\/uploads\/2024\/12\/rectangular-carbide-blanks.jpg",600,600,false],"trp-custom-language-flag":["https:\/\/www.wolframcarbide.com\/wp-content\/uploads\/2024\/12\/rectangular-carbide-blanks.jpg",12,12,false],"woocommerce_thumbnail":["https:\/\/www.wolframcarbide.com\/wp-content\/uploads\/2024\/12\/rectangular-carbide-blanks-300x300.jpg",300,300,true],"woocommerce_single":["https:\/\/www.wolframcarbide.com\/wp-content\/uploads\/2024\/12\/rectangular-carbide-blanks.jpg",600,600,false],"woocommerce_gallery_thumbnail":["https:\/\/www.wolframcarbide.com\/wp-content\/uploads\/2024\/12\/rectangular-carbide-blanks-100x100.jpg",100,100,true]},"uagb_author_info":{"display_name":"admin","author_link":"https:\/\/www.wolframcarbide.com\/tr\/author\/"},"uagb_comment_info":0,"uagb_excerpt":"Raw material selection: High quality tungsten carbide powder is preferred. 100% virgin material. Imported German PVA sintering furnace. HIP sintering. Which can keep rectangular carbide blanks in high density, High wear resistance, high-performance. Professional engineers and quality inspection teams ensure product process inspection and acceptance inspection to ensure stable product quality and prevent unqualified products&hellip;","_links":{"self":[{"href":"https:\/\/www.wolframcarbide.com\/tr\/wp-json\/wp\/v2\/product\/2580","targetHints":{"allow":["GET"]}}],"collection":[{"href":"https:\/\/www.wolframcarbide.com\/tr\/wp-json\/wp\/v2\/product"}],"about":[{"href":"https:\/\/www.wolframcarbide.com\/tr\/wp-json\/wp\/v2\/types\/product"}],"wp:featuredmedia":[{"embeddable":true,"href":"https:\/\/www.wolframcarbide.com\/tr\/wp-json\/wp\/v2\/media\/2581"}],"wp:attachment":[{"href":"https:\/\/www.wolframcarbide.com\/tr\/wp-json\/wp\/v2\/media?parent=2580"}],"wp:term":[{"taxonomy":"product_brand","embeddable":true,"href":"https:\/\/www.wolframcarbide.com\/tr\/wp-json\/wp\/v2\/product_brand?post=2580"},{"taxonomy":"product_cat","embeddable":true,"href":"https:\/\/www.wolframcarbide.com\/tr\/wp-json\/wp\/v2\/product_cat?post=2580"},{"taxonomy":"product_tag","embeddable":true,"href":"https:\/\/www.wolframcarbide.com\/tr\/wp-json\/wp\/v2\/product_tag?post=2580"}],"curies":[{"name":"wp","href":"https:\/\/api.w.org\/{rel}","templated":true}]}}