{"id":2508,"date":"2024-11-27T21:21:56","date_gmt":"2024-11-27T13:21:56","guid":{"rendered":"https:\/\/www.wolframcarbide.com\/?post_type=product&#038;p=2508"},"modified":"2025-08-10T16:52:35","modified_gmt":"2025-08-10T08:52:35","slug":"madencilik-karot-matkap-uclari-icin-mukemmel-asinma-direnci-altigen-tungsten-karbur-uclar","status":"publish","type":"product","link":"https:\/\/www.wolframcarbide.com\/tr\/product\/excellent-wear-resistance-hexagon-tungsten-carbide-tips-for-mining-core-drill-bits\/","title":{"rendered":"Madencilik karot matkap u\u00e7lar\u0131 i\u00e7in m\u00fckemmel a\u015f\u0131nma direnci alt\u0131gen tungsten karb\u00fcr u\u00e7lar"},"content":{"rendered":"<h5><strong>Please check the following sizes to choose the size you need\uff1a<\/strong><\/h5>\n<p><img loading=\"lazy\" decoding=\"async\" class=\"alignnone wp-image-2516\" src=\"https:\/\/www.wolframcarbide.com\/wp-content\/uploads\/2024\/11\/Sizes-71_.png\" alt=\"\" width=\"903\" height=\"396\" title=\"\" srcset=\"https:\/\/www.wolframcarbide.com\/wp-content\/uploads\/2024\/11\/Sizes-71_.png 800w, https:\/\/www.wolframcarbide.com\/wp-content\/uploads\/2024\/11\/Sizes-71_-300x132.png 300w, https:\/\/www.wolframcarbide.com\/wp-content\/uploads\/2024\/11\/Sizes-71_-768x337.png 768w, https:\/\/www.wolframcarbide.com\/wp-content\/uploads\/2024\/11\/Sizes-71_-600x263.png 600w\" sizes=\"auto, (max-width: 903px) 100vw, 903px\" \/><\/p>\n<h5><strong>The grades for tungsten carbide tips:<\/strong><\/h5>\n<table width=\"360\">\n<tbody>\n<tr>\n<td style=\"text-align: center;\" width=\"72\"><strong>Grade<\/strong><\/td>\n<td style=\"text-align: center;\" width=\"72\"><strong>WC(%)<\/strong><\/td>\n<td style=\"text-align: center;\" width=\"72\"><strong>Co(%)<\/strong><\/td>\n<td style=\"text-align: center;\" width=\"72\"><strong>Hardness(<a href=\"https:\/\/en.wikipedia.org\/wiki\/Rockwell_hardness_test\" rel=\"nofollow noopener\" target=\"_blank\">HRA<\/a>)<\/strong><\/td>\n<td style=\"text-align: center;\" width=\"72\"><strong>TRS((N\/mm\u00b2))<\/strong><\/td>\n<\/tr>\n<tr>\n<td style=\"text-align: center;\" width=\"72\"><strong>YG6<\/strong><\/td>\n<td style=\"text-align: center;\" width=\"72\"><strong>94\u00a0<\/strong><\/td>\n<td style=\"text-align: center;\" width=\"72\"><strong>6\u00a0<\/strong><\/td>\n<td style=\"text-align: center;\" width=\"72\"><strong>\u226590.5<\/strong><\/td>\n<td style=\"text-align: center;\" width=\"72\"><strong>1860\u00a0<\/strong><\/td>\n<\/tr>\n<tr>\n<td style=\"text-align: center;\" width=\"72\"><a href=\"https:\/\/www.wolframcarbide.com\/tungsten-carbide-hardness-and-uses-of-yg8\/\"><strong>YG8<\/strong><\/a><\/td>\n<td style=\"text-align: center;\" width=\"72\"><strong>92\u00a0<\/strong><\/td>\n<td style=\"text-align: center;\" width=\"72\"><strong>8\u00a0<\/strong><\/td>\n<td style=\"text-align: center;\" width=\"72\"><strong>\u226589.5<\/strong><\/td>\n<td style=\"text-align: center;\" width=\"72\"><strong>2060\u00a0<\/strong><\/td>\n<\/tr>\n<tr>\n<td style=\"text-align: center;\" width=\"72\"><strong>YG11<\/strong><\/td>\n<td style=\"text-align: center;\" width=\"72\"><strong>89\u00a0<\/strong><\/td>\n<td style=\"text-align: center;\" width=\"72\"><strong>11\u00a0<\/strong><\/td>\n<td style=\"text-align: center;\" width=\"72\"><strong>\u226587.5<\/strong><\/td>\n<td style=\"text-align: center;\" width=\"72\"><strong>2100\u00a0<\/strong><\/td>\n<\/tr>\n<tr>\n<td style=\"text-align: center;\" width=\"72\"><strong>YG15<\/strong><\/td>\n<td style=\"text-align: center;\" width=\"72\"><strong>85\u00a0<\/strong><\/td>\n<td style=\"text-align: center;\" width=\"72\"><strong>15\u00a0<\/strong><\/td>\n<td style=\"text-align: center;\" width=\"72\"><strong>\u226587.5<\/strong><\/td>\n<td style=\"text-align: center;\" width=\"72\"><strong>2500\u00a0<\/strong><\/td>\n<\/tr>\n<\/tbody>\n<\/table>\n<p><strong>Please send us inquiries for quotations and free samples for testing:<\/strong><\/p>\n<div class=\"wpforms-container \" id=\"wpforms-2333\"><form id=\"wpforms-form-2333\" class=\"wpforms-validate wpforms-form wpforms-ajax-form\" data-formid=\"2333\" method=\"post\" enctype=\"multipart\/form-data\" action=\"\/tr\/wp-json\/wp\/v2\/product\/2508\" data-token=\"68bcc6b42d8fbc713eb31141761e7991\" data-token-time=\"1775752179\"><noscript class=\"wpforms-error-noscript\">Bu formu bitirebilmek i\u00e7in taray\u0131c\u0131n\u0131zda JavaScript&#039;i etkinle\u015ftirin.<\/noscript><div class=\"wpforms-field-container\"><div id=\"wpforms-2333-field_1-container\" class=\"wpforms-field wpforms-field-name\" data-field-id=\"1\"><label class=\"wpforms-field-label\" for=\"wpforms-2333-field_1\">Name <span class=\"wpforms-required-label\">*<\/span><\/label><input type=\"text\" id=\"wpforms-2333-field_1\" class=\"wpforms-field-medium wpforms-field-required\" name=\"wpforms[fields][1]\" required><\/div><div id=\"wpforms-2333-field_2-container\" class=\"wpforms-field wpforms-field-text\" data-field-id=\"2\"><label class=\"wpforms-field-label\" for=\"wpforms-2333-field_2\">Company Name<\/label><input type=\"text\" id=\"wpforms-2333-field_2\" class=\"wpforms-field-medium\" name=\"wpforms[fields][2]\" ><\/div><div id=\"wpforms-2333-field_3-container\" class=\"wpforms-field wpforms-field-email\" data-field-id=\"3\"><label class=\"wpforms-field-label\" for=\"wpforms-2333-field_3\">Email <span class=\"wpforms-required-label\">*<\/span><\/label><input type=\"email\" id=\"wpforms-2333-field_3\" class=\"wpforms-field-medium wpforms-field-required\" name=\"wpforms[fields][3]\" spellcheck=\"false\" required><\/div>\t\t<div id=\"wpforms-2333-field_5-container\"\n\t\t\tclass=\"wpforms-field wpforms-field-text\"\n\t\t\tdata-field-type=\"text\"\n\t\t\tdata-field-id=\"5\"\n\t\t\t>\n\t\t\t<label class=\"wpforms-field-label\" for=\"wpforms-2333-field_5\" >Email Name Name<\/label>\n\t\t\t<input type=\"text\" id=\"wpforms-2333-field_5\" class=\"wpforms-field-medium\" name=\"wpforms[fields][5]\" >\n\t\t<\/div>\n\t\t<div id=\"wpforms-2333-field_4-container\" class=\"wpforms-field wpforms-field-textarea\" data-field-id=\"4\"><label class=\"wpforms-field-label\" for=\"wpforms-2333-field_4\">Message <span class=\"wpforms-required-label\">*<\/span><\/label><textarea id=\"wpforms-2333-field_4\" class=\"wpforms-field-medium wpforms-field-required\" name=\"wpforms[fields][4]\" required><\/textarea><\/div><script>\n\t\t\t\t( function() {\n\t\t\t\t\tconst style = document.createElement( 'style' );\n\t\t\t\t\tstyle.appendChild( document.createTextNode( '#wpforms-2333-field_5-container { position: absolute !important; overflow: hidden !important; display: inline !important; height: 1px !important; width: 1px !important; z-index: -1000 !important; padding: 0 !important; } #wpforms-2333-field_5-container input { visibility: hidden; } #wpforms-conversational-form-page #wpforms-2333-field_5-container label { counter-increment: none; }' ) );\n\t\t\t\t\tdocument.head.appendChild( style );\n\t\t\t\t\tdocument.currentScript?.remove();\n\t\t\t\t} )();\n\t\t\t<\/script><\/div><!-- .wpforms-field-container --><div class=\"wpforms-submit-container\" ><input type=\"hidden\" name=\"wpforms[id]\" value=\"2333\"><input type=\"hidden\" name=\"page_title\" value=\"\"><input type=\"hidden\" name=\"page_url\" value=\"https:\/\/www.wolframcarbide.com\/tr\/wp-json\/wp\/v2\/product\/2508\"><input type=\"hidden\" name=\"url_referer\" value=\"\"><button type=\"submit\" name=\"wpforms[submit]\" id=\"wpforms-submit-2333\" class=\"wpforms-submit\" data-alt-text=\"Sending\u2026\" data-submit-text=\"Send Inquiry\" aria-live=\"assertive\" value=\"wpforms-submit\">Send Inquiry<\/button><img loading=\"lazy\" decoding=\"async\" src=\"https:\/\/www.wolframcarbide.com\/wp-content\/plugins\/wpforms-lite\/assets\/images\/submit-spin.svg\" class=\"wpforms-submit-spinner\" style=\"display: none;\" width=\"26\" height=\"26\" alt=\"Y\u00fckleniyor\" title=\"\"><\/div><\/form><\/div>  <!-- .wpforms-container -->\n","protected":false},"excerpt":{"rendered":"<p>Tungsten karb\u00fcr u\u00e7lar.<\/p>\n<p>\u00c7ap: \u00c7izimlerinize g\u00f6re.<\/p>\n<p>Uzunluk: \u00c7izimlerinize g\u00f6re.<\/p>\n<ol>\n<li>Hammadde se\u00e7imi: Y\u00fcksek kaliteli wolfram karb\u00fcr tozu tercih edilir. 100% i\u015flenmemi\u015f malzeme.<\/li>\n<li>\u0130thal Alman PVA sinterleme f\u0131r\u0131n\u0131. HIP sinterleme. Tungsten karb\u00fcr u\u00e7lar\u0131 y\u00fcksek yo\u011funlukta tutabilir, <strong>Y\u00fcksek a\u015f\u0131nma direnci<\/strong>, y\u00fcksek performans.<\/li>\n<li>Profesyonel m\u00fchendisler ve kalite denetim ekipleri, istikrarl\u0131 \u00fcr\u00fcn kalitesi sa\u011flamak ve niteliksiz \u00fcr\u00fcnlerin sevk edilmesini \u00f6nlemek i\u00e7in \u00fcr\u00fcn s\u00fcre\u00e7 denetimi ve kabul denetimi sa\u011flar.<\/li>\n<li><strong>40 y\u0131l\u0131 a\u015fk\u0131n \u00fcretim tecr\u00fcbesi.<\/strong><\/li>\n<li><strong>Tungsten karb\u00fcr u\u00e7lar\u0131n performans\u0131 ve hizmet \u00f6mr\u00fc Guhringg, Ceratizitt, Boehleritt ve Kennametall'in 90-97%'sine yak\u0131nd\u0131r.<\/strong><\/li>\n<\/ol>","protected":false},"featured_media":2517,"template":"","meta":{"_uag_custom_page_level_css":"","site-sidebar-layout":"default","site-content-layout":"","ast-site-content-layout":"default","site-content-style":"default","site-sidebar-style":"default","ast-global-header-display":"","ast-banner-title-visibility":"","ast-main-header-display":"","ast-hfb-above-header-display":"","ast-hfb-below-header-display":"","ast-hfb-mobile-header-display":"","site-post-title":"","ast-breadcrumbs-content":"","ast-featured-img":"","footer-sml-layout":"","theme-transparent-header-meta":"default","adv-header-id-meta":"","stick-header-meta":"","header-above-stick-meta":"","header-main-stick-meta":"","header-below-stick-meta":"","astra-migrate-meta-layouts":"set","ast-page-background-enabled":"default","ast-page-background-meta":{"desktop":{"background-color":"var(--ast-global-color-4)","background-image":"","background-repeat":"repeat","background-position":"center center","background-size":"auto","background-attachment":"scroll","background-type":"","background-media":"","overlay-type":"","overlay-color":"","overlay-opacity":"","overlay-gradient":""},"tablet":{"background-color":"","background-image":"","background-repeat":"repeat","background-position":"center center","background-size":"auto","background-attachment":"scroll","background-type":"","background-media":"","overlay-type":"","overlay-color":"","overlay-opacity":"","overlay-gradient":""},"mobile":{"background-color":"","background-image":"","background-repeat":"repeat","background-position":"center center","background-size":"auto","background-attachment":"scroll","background-type":"","background-media":"","overlay-type":"","overlay-color":"","overlay-opacity":"","overlay-gradient":""}},"ast-content-background-meta":{"desktop":{"background-color":"var(--ast-global-color-5)","background-image":"","background-repeat":"repeat","background-position":"center center","background-size":"auto","background-attachment":"scroll","background-type":"","background-media":"","overlay-type":"","overlay-color":"","overlay-opacity":"","overlay-gradient":""},"tablet":{"background-color":"var(--ast-global-color-5)","background-image":"","background-repeat":"repeat","background-position":"center center","background-size":"auto","background-attachment":"scroll","background-type":"","background-media":"","overlay-type":"","overlay-color":"","overlay-opacity":"","overlay-gradient":""},"mobile":{"background-color":"var(--ast-global-color-5)","background-image":"","background-repeat":"repeat","background-position":"center center","background-size":"auto","background-attachment":"scroll","background-type":"","background-media":"","overlay-type":"","overlay-color":"","overlay-opacity":"","overlay-gradient":""}},"_joinchat":[]},"product_brand":[],"product_cat":[21],"product_tag":[],"class_list":{"0":"post-2508","1":"product","2":"type-product","3":"status-publish","4":"has-post-thumbnail","6":"product_cat-tungsten-carbide-buttons-and-inserts-for-mining-and-construction","7":"desktop-align-left","8":"tablet-align-left","9":"mobile-align-left","11":"first","12":"instock","13":"shipping-taxable","14":"product-type-simple"},"uagb_featured_image_src":{"full":["https:\/\/www.wolframcarbide.com\/wp-content\/uploads\/2024\/11\/tungsten-carbide-tips-for-mining-core-drill-bits-2.jpg",600,600,false],"thumbnail":["https:\/\/www.wolframcarbide.com\/wp-content\/uploads\/2024\/11\/tungsten-carbide-tips-for-mining-core-drill-bits-2-150x150.jpg",150,150,true],"medium":["https:\/\/www.wolframcarbide.com\/wp-content\/uploads\/2024\/11\/tungsten-carbide-tips-for-mining-core-drill-bits-2-300x300.jpg",300,300,true],"medium_large":["https:\/\/www.wolframcarbide.com\/wp-content\/uploads\/2024\/11\/tungsten-carbide-tips-for-mining-core-drill-bits-2.jpg",600,600,false],"large":["https:\/\/www.wolframcarbide.com\/wp-content\/uploads\/2024\/11\/tungsten-carbide-tips-for-mining-core-drill-bits-2.jpg",600,600,false],"1536x1536":["https:\/\/www.wolframcarbide.com\/wp-content\/uploads\/2024\/11\/tungsten-carbide-tips-for-mining-core-drill-bits-2.jpg",600,600,false],"2048x2048":["https:\/\/www.wolframcarbide.com\/wp-content\/uploads\/2024\/11\/tungsten-carbide-tips-for-mining-core-drill-bits-2.jpg",600,600,false],"trp-custom-language-flag":["https:\/\/www.wolframcarbide.com\/wp-content\/uploads\/2024\/11\/tungsten-carbide-tips-for-mining-core-drill-bits-2.jpg",12,12,false],"woocommerce_thumbnail":["https:\/\/www.wolframcarbide.com\/wp-content\/uploads\/2024\/11\/tungsten-carbide-tips-for-mining-core-drill-bits-2-300x300.jpg",300,300,true],"woocommerce_single":["https:\/\/www.wolframcarbide.com\/wp-content\/uploads\/2024\/11\/tungsten-carbide-tips-for-mining-core-drill-bits-2.jpg",600,600,false],"woocommerce_gallery_thumbnail":["https:\/\/www.wolframcarbide.com\/wp-content\/uploads\/2024\/11\/tungsten-carbide-tips-for-mining-core-drill-bits-2-100x100.jpg",100,100,true]},"uagb_author_info":{"display_name":"admin","author_link":"https:\/\/www.wolframcarbide.com\/tr\/author\/"},"uagb_comment_info":0,"uagb_excerpt":"Tungsten carbide tips. Diameter: As per your drawings. Length: As per your drawings. Raw material selection: High quality wolfram carbide powder is preferred. 100% virgin material. Imported German PVA sintering furnace. HIP sintering. Which can keep tungsten carbide tips in high density, High wear resistance, high-performance. Professional engineers and quality inspection teams ensure product process&hellip;","_links":{"self":[{"href":"https:\/\/www.wolframcarbide.com\/tr\/wp-json\/wp\/v2\/product\/2508","targetHints":{"allow":["GET"]}}],"collection":[{"href":"https:\/\/www.wolframcarbide.com\/tr\/wp-json\/wp\/v2\/product"}],"about":[{"href":"https:\/\/www.wolframcarbide.com\/tr\/wp-json\/wp\/v2\/types\/product"}],"wp:featuredmedia":[{"embeddable":true,"href":"https:\/\/www.wolframcarbide.com\/tr\/wp-json\/wp\/v2\/media\/2517"}],"wp:attachment":[{"href":"https:\/\/www.wolframcarbide.com\/tr\/wp-json\/wp\/v2\/media?parent=2508"}],"wp:term":[{"taxonomy":"product_brand","embeddable":true,"href":"https:\/\/www.wolframcarbide.com\/tr\/wp-json\/wp\/v2\/product_brand?post=2508"},{"taxonomy":"product_cat","embeddable":true,"href":"https:\/\/www.wolframcarbide.com\/tr\/wp-json\/wp\/v2\/product_cat?post=2508"},{"taxonomy":"product_tag","embeddable":true,"href":"https:\/\/www.wolframcarbide.com\/tr\/wp-json\/wp\/v2\/product_tag?post=2508"}],"curies":[{"name":"wp","href":"https:\/\/api.w.org\/{rel}","templated":true}]}}