{"id":2460,"date":"2024-11-18T17:48:01","date_gmt":"2024-11-18T09:48:01","guid":{"rendered":"https:\/\/www.wolframcarbide.com\/?post_type=product&#038;p=2460"},"modified":"2025-08-10T18:16:36","modified_gmt":"2025-08-10T10:16:36","slug":"tungsten-karbur-kovanlar","status":"publish","type":"product","link":"https:\/\/www.wolframcarbide.com\/tr\/product\/tungsten-carbide-sleeves\/","title":{"rendered":"Pompalar i\u00e7in \u00f6zelle\u015ftirilmi\u015f hassas i\u015flenmi\u015f tungsten karb\u00fcr kovanlar"},"content":{"rendered":"<h3><strong>Customized precision machined tungsten carbide sleeves for pumps:<\/strong><\/h3>\n<p>&nbsp;<\/p>\n<h5><strong>Tungsten carbide sleeve grades:<\/strong><\/h5>\n<table style=\"border-collapse: collapse; width: 941px; height: 179px;\" border=\"0\" width=\"504\" cellspacing=\"0\" cellpadding=\"0\">\n<tbody>\n<tr style=\"height: 30.00pt;\">\n<td class=\"et3\" style=\"height: 30pt; width: 54pt; text-align: center;\" width=\"72\" height=\"40\"><strong>Grade<\/strong><\/td>\n<td class=\"et3\" style=\"width: 90pt; text-align: center;\" width=\"120\"><strong>Composition (%)<\/strong><\/td>\n<td class=\"et3\" style=\"width: 81.75pt; text-align: center;\" width=\"109\"><strong>Density (g\/cm3)<\/strong><\/td>\n<td class=\"et3\" style=\"width: 75pt; text-align: center;\" width=\"100\"><strong>Hardness (<a href=\"https:\/\/en.wikipedia.org\/wiki\/Rockwell_hardness_test\" rel=\"nofollow noopener\" target=\"_blank\">HRA<\/a>)<\/strong><\/td>\n<td class=\"et3\" style=\"width: 77.25pt; text-align: center;\" width=\"103\"><strong>T.R.S \uff08N\/mm\u00b2\uff09<\/strong><\/td>\n<\/tr>\n<tr style=\"height: 14.25pt;\">\n<td class=\"et4\" style=\"height: 14.25pt; width: 54pt; text-align: center;\" width=\"72\" height=\"19\">YG6<\/td>\n<td class=\"et4\" style=\"width: 90pt; text-align: center;\" width=\"120\">6%co 94%wc<\/td>\n<td class=\"et4\" style=\"width: 81.75pt; text-align: center;\" width=\"109\">14.85<\/td>\n<td class=\"et4\" style=\"width: 75pt; text-align: center;\" width=\"100\">\u226592.5<\/td>\n<td class=\"et4\" style=\"width: 77.25pt; text-align: center;\" width=\"103\">\u22652000<\/td>\n<\/tr>\n<tr style=\"height: 14.25pt;\">\n<td class=\"et4\" style=\"height: 14.25pt; width: 54pt; text-align: center;\" width=\"72\" height=\"19\">YG8<\/td>\n<td class=\"et4\" style=\"width: 90pt; text-align: center;\" width=\"120\">8%co 92%wc<\/td>\n<td class=\"et4\" style=\"width: 81.75pt; text-align: center;\" width=\"109\">14.7<\/td>\n<td class=\"et4\" style=\"width: 75pt; text-align: center;\" width=\"100\">\u226589.8<\/td>\n<td class=\"et4\" style=\"width: 77.25pt; text-align: center;\" width=\"103\">\u22652800<\/td>\n<\/tr>\n<tr style=\"height: 14.25pt;\">\n<td class=\"et4\" style=\"height: 14.25pt; width: 54pt; text-align: center;\" width=\"72\" height=\"19\">YG10X<\/td>\n<td class=\"et4\" style=\"width: 90pt; text-align: center;\" width=\"120\">10%co 90%wc<\/td>\n<td class=\"et4\" style=\"width: 81.75pt; text-align: center;\" width=\"109\">14.35<\/td>\n<td class=\"et4\" style=\"width: 75pt; text-align: center;\" width=\"100\">\u226591.5<\/td>\n<td class=\"et4\" style=\"width: 77.25pt; text-align: center;\" width=\"103\">\u22653600<\/td>\n<\/tr>\n<tr style=\"height: 14.25pt;\">\n<td class=\"et4\" style=\"height: 14.25pt; width: 54pt; text-align: center;\" width=\"72\" height=\"19\">YG11<\/td>\n<td class=\"et4\" style=\"width: 90pt; text-align: center;\" width=\"120\">11%co 89%wc<\/td>\n<td class=\"et4\" style=\"width: 81.75pt; text-align: center;\" width=\"109\">14.4<\/td>\n<td class=\"et4\" style=\"width: 75pt; text-align: center;\" width=\"100\">\u226588.5<\/td>\n<td class=\"et4\" style=\"width: 77.25pt; text-align: center;\" width=\"103\">\u22652900<\/td>\n<\/tr>\n<\/tbody>\n<\/table>\n<table style=\"border-collapse: collapse; width: 942px; height: 182px;\" border=\"0\" width=\"757\" cellspacing=\"0\" cellpadding=\"0\">\n<tbody>\n<tr style=\"height: 40.00pt;\">\n<td class=\"et2\" style=\"height: 40.00pt; width: 54.00pt;\" width=\"72\" height=\"53\">YG6<\/td>\n<td class=\"et3\" style=\"width: 513.75pt;\" width=\"685\">Fine grain alloy, good wear resistance. It is suitable for making carbide sleeves and bushing, wear-resistant parts, etc.<\/td>\n<\/tr>\n<tr style=\"height: 21.00pt;\">\n<td class=\"et2\" style=\"height: 21.00pt; width: 54.00pt;\" width=\"72\" height=\"28\">YG8<\/td>\n<td class=\"et3\" style=\"width: 513.75pt;\" rowspan=\"2\" width=\"685\">High bending strength, wear resistance lower than YG6. It is suitable for making carbide sleeves and bushing, wear-resistant parts, etc.<\/td>\n<\/tr>\n<tr style=\"height: 26.00pt;\">\n<td class=\"et2\" style=\"height: 26.00pt; width: 54.00pt;\" width=\"72\" height=\"34\">YG11<\/td>\n<\/tr>\n<\/tbody>\n<\/table>\n<p><strong>Please send us inquiries for quotations and free samples for testing:<\/strong><\/p>\n<p>&nbsp;<\/p>\n<div class=\"wpforms-container \" id=\"wpforms-2333\"><form id=\"wpforms-form-2333\" class=\"wpforms-validate wpforms-form wpforms-ajax-form\" data-formid=\"2333\" method=\"post\" enctype=\"multipart\/form-data\" action=\"\/tr\/wp-json\/wp\/v2\/product\/2460\" data-token=\"1992392a169b194b76c054517c2dd447\" data-token-time=\"1775882106\"><noscript class=\"wpforms-error-noscript\">Bu formu bitirebilmek i\u00e7in taray\u0131c\u0131n\u0131zda JavaScript&#039;i etkinle\u015ftirin.<\/noscript><div class=\"wpforms-field-container\">\t\t<div id=\"wpforms-2333-field_5-container\"\n\t\t\tclass=\"wpforms-field wpforms-field-text\"\n\t\t\tdata-field-type=\"text\"\n\t\t\tdata-field-id=\"5\"\n\t\t\t>\n\t\t\t<label class=\"wpforms-field-label\" for=\"wpforms-2333-field_5\" >Message Company Email<\/label>\n\t\t\t<input type=\"text\" id=\"wpforms-2333-field_5\" class=\"wpforms-field-medium\" name=\"wpforms[fields][5]\" >\n\t\t<\/div>\n\t\t<div id=\"wpforms-2333-field_1-container\" class=\"wpforms-field wpforms-field-name\" data-field-id=\"1\"><label class=\"wpforms-field-label\" for=\"wpforms-2333-field_1\">Name <span class=\"wpforms-required-label\">*<\/span><\/label><input type=\"text\" id=\"wpforms-2333-field_1\" class=\"wpforms-field-medium wpforms-field-required\" name=\"wpforms[fields][1]\" required><\/div><div id=\"wpforms-2333-field_2-container\" class=\"wpforms-field wpforms-field-text\" data-field-id=\"2\"><label class=\"wpforms-field-label\" for=\"wpforms-2333-field_2\">Company Name<\/label><input type=\"text\" id=\"wpforms-2333-field_2\" class=\"wpforms-field-medium\" name=\"wpforms[fields][2]\" ><\/div><div id=\"wpforms-2333-field_3-container\" class=\"wpforms-field wpforms-field-email\" data-field-id=\"3\"><label class=\"wpforms-field-label\" for=\"wpforms-2333-field_3\">Email <span class=\"wpforms-required-label\">*<\/span><\/label><input type=\"email\" id=\"wpforms-2333-field_3\" class=\"wpforms-field-medium wpforms-field-required\" name=\"wpforms[fields][3]\" spellcheck=\"false\" required><\/div><div id=\"wpforms-2333-field_4-container\" class=\"wpforms-field wpforms-field-textarea\" data-field-id=\"4\"><label class=\"wpforms-field-label\" for=\"wpforms-2333-field_4\">Message <span class=\"wpforms-required-label\">*<\/span><\/label><textarea id=\"wpforms-2333-field_4\" class=\"wpforms-field-medium wpforms-field-required\" name=\"wpforms[fields][4]\" required><\/textarea><\/div><script>\n\t\t\t\t( function() {\n\t\t\t\t\tconst style = document.createElement( 'style' );\n\t\t\t\t\tstyle.appendChild( document.createTextNode( '#wpforms-2333-field_5-container { position: absolute !important; overflow: hidden !important; display: inline !important; height: 1px !important; width: 1px !important; z-index: -1000 !important; padding: 0 !important; } #wpforms-2333-field_5-container input { visibility: hidden; } #wpforms-conversational-form-page #wpforms-2333-field_5-container label { counter-increment: none; }' ) );\n\t\t\t\t\tdocument.head.appendChild( style );\n\t\t\t\t\tdocument.currentScript?.remove();\n\t\t\t\t} )();\n\t\t\t<\/script><\/div><!-- .wpforms-field-container --><div class=\"wpforms-submit-container\" ><input type=\"hidden\" name=\"wpforms[id]\" value=\"2333\"><input type=\"hidden\" name=\"page_title\" value=\"\"><input type=\"hidden\" name=\"page_url\" value=\"https:\/\/www.wolframcarbide.com\/tr\/wp-json\/wp\/v2\/product\/2460\"><input type=\"hidden\" name=\"url_referer\" value=\"\"><button type=\"submit\" name=\"wpforms[submit]\" id=\"wpforms-submit-2333\" class=\"wpforms-submit\" data-alt-text=\"Sending\u2026\" data-submit-text=\"Send Inquiry\" aria-live=\"assertive\" value=\"wpforms-submit\">Send Inquiry<\/button><img loading=\"lazy\" decoding=\"async\" src=\"https:\/\/www.wolframcarbide.com\/wp-content\/plugins\/wpforms-lite\/assets\/images\/submit-spin.svg\" class=\"wpforms-submit-spinner\" style=\"display: none;\" width=\"26\" height=\"26\" alt=\"Y\u00fckleniyor\" title=\"\"><\/div><\/form><\/div>  <!-- .wpforms-container -->\n<p>&nbsp;<\/p>\n","protected":false},"excerpt":{"rendered":"<ol>\n<li>Hammadde se\u00e7imi: Y\u00fcksek kaliteli tungsten karb\u00fcr tozu tercih edilir. 100% i\u015flenmemi\u015f malzeme.<\/li>\n<li>\u0130thal Alman PVA sinterleme f\u0131r\u0131n\u0131. HIP sinterleme. Tungsten karb\u00fcr man\u015fonlar\u0131 y\u00fcksek yo\u011funlukta tutabilir, <strong>Y\u00fcksek a\u015f\u0131nma direnci<\/strong>, <strong>y\u00fcksek s\u0131cakl\u0131\u011fa dayan\u0131kl\u0131<\/strong>,<strong> darbeye dayan\u0131kl\u0131<\/strong> y\u00fcksek performans.<\/li>\n<li>Profesyonel m\u00fchendisler ve kalite denetim ekipleri, istikrarl\u0131 \u00fcr\u00fcn kalitesi sa\u011flamak ve niteliksiz \u00fcr\u00fcnlerin sevk edilmesini \u00f6nlemek i\u00e7in \u00fcr\u00fcn s\u00fcre\u00e7 denetimi ve kabul denetimi sa\u011flar.<\/li>\n<li>40 y\u0131l\u0131 a\u015fk\u0131n \u00fcretim tecr\u00fcbesi.<\/li>\n<li>Tungsten karb\u00fcr man\u015fonlar\u0131n performans\u0131 ve hizmet \u00f6mr\u00fc Guhringg, Ceratizitt, Boehlerit ve Kennametall'in 90-97%'sine yak\u0131nd\u0131r.<\/li>\n<\/ol>","protected":false},"featured_media":2461,"template":"","meta":{"_uag_custom_page_level_css":"","site-sidebar-layout":"default","site-content-layout":"","ast-site-content-layout":"default","site-content-style":"default","site-sidebar-style":"default","ast-global-header-display":"","ast-banner-title-visibility":"","ast-main-header-display":"","ast-hfb-above-header-display":"","ast-hfb-below-header-display":"","ast-hfb-mobile-header-display":"","site-post-title":"","ast-breadcrumbs-content":"","ast-featured-img":"","footer-sml-layout":"","theme-transparent-header-meta":"default","adv-header-id-meta":"","stick-header-meta":"","header-above-stick-meta":"","header-main-stick-meta":"","header-below-stick-meta":"","astra-migrate-meta-layouts":"set","ast-page-background-enabled":"default","ast-page-background-meta":{"desktop":{"background-color":"var(--ast-global-color-4)","background-image":"","background-repeat":"repeat","background-position":"center center","background-size":"auto","background-attachment":"scroll","background-type":"","background-media":"","overlay-type":"","overlay-color":"","overlay-opacity":"","overlay-gradient":""},"tablet":{"background-color":"","background-image":"","background-repeat":"repeat","background-position":"center center","background-size":"auto","background-attachment":"scroll","background-type":"","background-media":"","overlay-type":"","overlay-color":"","overlay-opacity":"","overlay-gradient":""},"mobile":{"background-color":"","background-image":"","background-repeat":"repeat","background-position":"center center","background-size":"auto","background-attachment":"scroll","background-type":"","background-media":"","overlay-type":"","overlay-color":"","overlay-opacity":"","overlay-gradient":""}},"ast-content-background-meta":{"desktop":{"background-color":"var(--ast-global-color-5)","background-image":"","background-repeat":"repeat","background-position":"center center","background-size":"auto","background-attachment":"scroll","background-type":"","background-media":"","overlay-type":"","overlay-color":"","overlay-opacity":"","overlay-gradient":""},"tablet":{"background-color":"var(--ast-global-color-5)","background-image":"","background-repeat":"repeat","background-position":"center center","background-size":"auto","background-attachment":"scroll","background-type":"","background-media":"","overlay-type":"","overlay-color":"","overlay-opacity":"","overlay-gradient":""},"mobile":{"background-color":"var(--ast-global-color-5)","background-image":"","background-repeat":"repeat","background-position":"center center","background-size":"auto","background-attachment":"scroll","background-type":"","background-media":"","overlay-type":"","overlay-color":"","overlay-opacity":"","overlay-gradient":""}},"_joinchat":[]},"product_brand":[],"product_cat":[22],"product_tag":[],"class_list":{"0":"post-2460","1":"product","2":"type-product","3":"status-publish","4":"has-post-thumbnail","6":"product_cat-tungsten-carbide-bushings-and-sleeves","7":"desktop-align-left","8":"tablet-align-left","9":"mobile-align-left","11":"first","12":"instock","13":"shipping-taxable","14":"product-type-simple"},"uagb_featured_image_src":{"full":["https:\/\/www.wolframcarbide.com\/wp-content\/uploads\/2024\/11\/Carbide-sleeves.jpg",600,600,false],"thumbnail":["https:\/\/www.wolframcarbide.com\/wp-content\/uploads\/2024\/11\/Carbide-sleeves-150x150.jpg",150,150,true],"medium":["https:\/\/www.wolframcarbide.com\/wp-content\/uploads\/2024\/11\/Carbide-sleeves-300x300.jpg",300,300,true],"medium_large":["https:\/\/www.wolframcarbide.com\/wp-content\/uploads\/2024\/11\/Carbide-sleeves.jpg",600,600,false],"large":["https:\/\/www.wolframcarbide.com\/wp-content\/uploads\/2024\/11\/Carbide-sleeves.jpg",600,600,false],"1536x1536":["https:\/\/www.wolframcarbide.com\/wp-content\/uploads\/2024\/11\/Carbide-sleeves.jpg",600,600,false],"2048x2048":["https:\/\/www.wolframcarbide.com\/wp-content\/uploads\/2024\/11\/Carbide-sleeves.jpg",600,600,false],"trp-custom-language-flag":["https:\/\/www.wolframcarbide.com\/wp-content\/uploads\/2024\/11\/Carbide-sleeves.jpg",12,12,false],"woocommerce_thumbnail":["https:\/\/www.wolframcarbide.com\/wp-content\/uploads\/2024\/11\/Carbide-sleeves-300x300.jpg",300,300,true],"woocommerce_single":["https:\/\/www.wolframcarbide.com\/wp-content\/uploads\/2024\/11\/Carbide-sleeves.jpg",600,600,false],"woocommerce_gallery_thumbnail":["https:\/\/www.wolframcarbide.com\/wp-content\/uploads\/2024\/11\/Carbide-sleeves-100x100.jpg",100,100,true]},"uagb_author_info":{"display_name":"admin","author_link":"https:\/\/www.wolframcarbide.com\/tr\/author\/"},"uagb_comment_info":0,"uagb_excerpt":"Raw material selection: High quality tungsten carbide powder is preferred. 100% virgin material. Imported German PVA sintering furnace. HIP sintering. Which can keep tungsten carbide sleeves in high density, High wear resistance, high-temperature resistant, impact-resistant high-performance. Professional engineers and quality inspection teams ensure product process inspection and acceptance inspection to ensure stable product quality and&hellip;","_links":{"self":[{"href":"https:\/\/www.wolframcarbide.com\/tr\/wp-json\/wp\/v2\/product\/2460","targetHints":{"allow":["GET"]}}],"collection":[{"href":"https:\/\/www.wolframcarbide.com\/tr\/wp-json\/wp\/v2\/product"}],"about":[{"href":"https:\/\/www.wolframcarbide.com\/tr\/wp-json\/wp\/v2\/types\/product"}],"wp:featuredmedia":[{"embeddable":true,"href":"https:\/\/www.wolframcarbide.com\/tr\/wp-json\/wp\/v2\/media\/2461"}],"wp:attachment":[{"href":"https:\/\/www.wolframcarbide.com\/tr\/wp-json\/wp\/v2\/media?parent=2460"}],"wp:term":[{"taxonomy":"product_brand","embeddable":true,"href":"https:\/\/www.wolframcarbide.com\/tr\/wp-json\/wp\/v2\/product_brand?post=2460"},{"taxonomy":"product_cat","embeddable":true,"href":"https:\/\/www.wolframcarbide.com\/tr\/wp-json\/wp\/v2\/product_cat?post=2460"},{"taxonomy":"product_tag","embeddable":true,"href":"https:\/\/www.wolframcarbide.com\/tr\/wp-json\/wp\/v2\/product_tag?post=2460"}],"curies":[{"name":"wp","href":"https:\/\/api.w.org\/{rel}","templated":true}]}}