{"id":1322,"date":"2024-11-02T16:28:17","date_gmt":"2024-11-02T08:28:17","guid":{"rendered":"http:\/\/43.134.52.103\/home\/"},"modified":"2025-08-08T14:49:34","modified_gmt":"2025-08-08T06:49:34","slug":"home","status":"publish","type":"page","link":"https:\/\/www.wolframcarbide.com\/tr\/","title":{"rendered":"Anasayfa"},"content":{"rendered":"<div class=\"wp-block-uagb-container uagb-block-494c42c4 alignfull uagb-is-root-container\"><div class=\"uagb-container-inner-blocks-wrap\">\n<div class=\"wp-block-uagb-info-box uagb-block-cd2517a4 uagb-infobox__content-wrap  uagb-infobox-icon-above-title uagb-infobox-image-valign-top wp-block-uagb-info-box--has-margin\"><div class=\"uagb-infobox-margin-wrapper\"><div class=\"uagb-ifb-content\"><div class=\"uagb-ifb-title-wrap\"><h1 class=\"uagb-ifb-title-prefix\">40 y\u0131ll\u0131k \u00fcretim tecr\u00fcbesi<\/h1><\/div><div class=\"uagb-ifb-button-wrapper wp-block-button\"><a href=\"https:\/\/www.wolframcarbide.com\/tr\/urunler\/\" class=\"uagb-infobox-cta-link wp-block-button__link\" target=\"_self\" rel=\"noopener noreferrer\" onclick=\"return true;\"><span class=\"uagb-inline-editing\">Ba\u015flay\u0131n<\/span><\/a><\/div><\/div><\/div><\/div>\n<\/div><\/div>\n\n\n\n<div class=\"wp-block-uagb-container uagb-block-5fcee4f8 alignfull uagb-is-root-container\"><div class=\"uagb-container-inner-blocks-wrap\">\n<div class=\"wp-block-uagb-advanced-heading uagb-block-2b5f3149\"><h2 class=\"uagb-heading-text\">\u00dcr\u00fcnlerimiz<\/h2><div class=\"uagb-separator\"><\/div><\/div>\n\n\n\n<div class=\"wp-block-uagb-container uagb-block-4a8e1942\">\n<div class=\"wp-block-uagb-container uagb-block-c988f562\">\n<div class=\"wp-block-uagb-image alignleft uagb-block-a35d235b wp-block-uagb-image--layout-default wp-block-uagb-image--effect-static wp-block-uagb-image--align-left\"><figure class=\"wp-block-uagb-image__figure\"><a class=\"\" href=\"https:\/\/www.wolframcarbide.com\/tr\/urun-kategorisi\/madencilik-ve-insaat-icin-tungsten-karbur-dugmeler-ve-kesici-uclar\/\" target=\"\" rel=\"noopener\"><img decoding=\"async\" srcset=\"https:\/\/www.wolframcarbide.com\/wp-content\/uploads\/2024\/11\/Carbide-inserts-for-mining-.jpg ,https:\/\/www.wolframcarbide.com\/wp-content\/uploads\/2024\/11\/Carbide-inserts-for-mining-.jpg 780w, https:\/\/www.wolframcarbide.com\/wp-content\/uploads\/2024\/11\/Carbide-inserts-for-mining-.jpg 360w\" sizes=\"auto, (max-width: 480px) 150px\" src=\"https:\/\/www.wolframcarbide.com\/wp-content\/uploads\/2024\/11\/Carbide-inserts-for-mining-.jpg\" alt=\"\" class=\"uag-image-2320\" width=\"374\" height=\"464\" title=\"Madencilik i\u00e7in karb\u00fcr u\u00e7lar\" loading=\"lazy\" role=\"img\"><\/a><\/figure><\/div>\n\n\n\n<div class=\"wp-block-uagb-advanced-heading uagb-block-b07219d5\"><h3 class=\"uagb-heading-text\">Madencilik ekipmanlar\u0131 i\u00e7in tungsten karb\u00fcr d\u00fc\u011fmeler<\/h3><p class=\"uagb-desc-text\">Tungsten karb\u00fcr d\u00fc\u011fmeler, DTH u\u00e7lar\u0131, freze planya kesicileri, TBM kesicileri ve HPGR saplamalar\u0131 gibi delme aletlerinin yap\u0131m\u0131nda kullan\u0131lmaktad\u0131r.<\/p><\/div>\n\n\n\n<p><\/p>\n<\/div>\n\n\n\n<div class=\"wp-block-uagb-container uagb-block-0ad6ff4e\">\n<div class=\"wp-block-uagb-image alignleft uagb-block-930d8e85 wp-block-uagb-image--layout-default wp-block-uagb-image--effect-static wp-block-uagb-image--align-left\"><figure class=\"wp-block-uagb-image__figure\"><a class=\"\" href=\"https:\/\/www.wolframcarbide.com\/tr\/urun-kategorisi\/tungsten-karbur-cubuklar\/\" target=\"\" rel=\"noopener\"><img decoding=\"async\" srcset=\"https:\/\/www.wolframcarbide.com\/wp-content\/uploads\/2024\/11\/Tungsten-carbide-rods_6.jpg ,https:\/\/www.wolframcarbide.com\/wp-content\/uploads\/2024\/11\/Tungsten-carbide-rods_6.jpg 780w, https:\/\/www.wolframcarbide.com\/wp-content\/uploads\/2024\/11\/Tungsten-carbide-rods_6.jpg 360w\" sizes=\"auto, (max-width: 480px) 150px\" src=\"https:\/\/www.wolframcarbide.com\/wp-content\/uploads\/2024\/11\/Tungsten-carbide-rods_6.jpg\" alt=\"\" class=\"uag-image-2316\" width=\"373\" height=\"464\" title=\"Tungsten karb\u00fcr \u00e7ubuklar_6\" loading=\"lazy\" role=\"img\"><\/a><\/figure><\/div>\n\n\n\n<div class=\"wp-block-uagb-advanced-heading uagb-block-3974de5a\"><h3 class=\"uagb-heading-text\">Tungsten karb\u00fcr \u00e7ubuklar ve plakalar<\/h3><p class=\"uagb-desc-text\">Tungsten karb\u00fcr \u00e7ubuklar, parmak frezeler, karb\u00fcr matkaplar, damgalama kal\u0131b\u0131 gibi kesici tak\u0131mlar\u0131n yap\u0131m\u0131nda kullan\u0131lmaktad\u0131r.<\/p><\/div>\n\n\n\n<p><\/p>\n<\/div>\n\n\n\n<div class=\"wp-block-uagb-container uagb-block-48a31e6a\">\n<div class=\"wp-block-uagb-image alignleft uagb-block-2675d6b0 wp-block-uagb-image--layout-default wp-block-uagb-image--effect-static wp-block-uagb-image--align-left\"><figure class=\"wp-block-uagb-image__figure\"><a class=\"\" href=\"https:\/\/www.wolframcarbide.com\/tr\/urun-kategorisi\/tungsten-karbur-burclar-ve-kovanlar\/\" target=\"\" rel=\"noopener\"><img decoding=\"async\" srcset=\"https:\/\/www.wolframcarbide.com\/wp-content\/uploads\/2024\/11\/Wearing-part-for-oil-field.jpg ,https:\/\/www.wolframcarbide.com\/wp-content\/uploads\/2024\/11\/Wearing-part-for-oil-field.jpg 780w, https:\/\/www.wolframcarbide.com\/wp-content\/uploads\/2024\/11\/Wearing-part-for-oil-field.jpg 360w\" sizes=\"auto, (max-width: 480px) 150px\" src=\"https:\/\/www.wolframcarbide.com\/wp-content\/uploads\/2024\/11\/Wearing-part-for-oil-field.jpg\" alt=\"\" class=\"uag-image-2321\" width=\"373\" height=\"464\" title=\"Petrol sahas\u0131 i\u00e7in a\u015f\u0131nma par\u00e7as\u0131\" loading=\"lazy\" role=\"img\"><\/a><\/figure><\/div>\n\n\n\n<div class=\"wp-block-uagb-advanced-heading uagb-block-8f982c10\"><h3 class=\"uagb-heading-text\">Tungsten karb\u00fcr man\u015fonlar<\/h3><p class=\"uagb-desc-text\">Wolfram karb\u00fcr man\u015fonlar, petrokimya end\u00fcstrisinde, k\u0131rma pompas\u0131, su pompas\u0131, ya\u011f pompas\u0131 ve di\u011fer pompalar gibi, \u00f6zellikle y\u00fcksek bas\u0131n\u00e7 veya korozyona dayan\u0131kl\u0131 pompalar, ak\u0131\u015f k\u0131s\u0131tlay\u0131c\u0131lar, servo koltuklar i\u00e7in kullan\u0131l\u0131r.<\/p><\/div>\n<\/div>\n<\/div>\n<\/div><\/div>\n\n\n\n<div class=\"wp-block-uagb-container uagb-block-fb32e4bf alignfull uagb-is-root-container\"><div class=\"uagb-container-inner-blocks-wrap\">\n<div class=\"wp-block-uagb-image aligncenter uagb-block-052b1f4c wp-block-uagb-image--layout-default wp-block-uagb-image--effect-static wp-block-uagb-image--align-center\"><figure class=\"wp-block-uagb-image__figure\"><img decoding=\"async\" srcset=\"https:\/\/www.wolframcarbide.com\/wp-content\/uploads\/2021\/11\/quotes.svg ,https:\/\/www.wolframcarbide.com\/wp-content\/uploads\/2021\/11\/quotes.svg 780w, https:\/\/www.wolframcarbide.com\/wp-content\/uploads\/2021\/11\/quotes.svg 360w\" sizes=\"auto, (max-width: 480px) 150px\" src=\"https:\/\/www.wolframcarbide.com\/wp-content\/uploads\/2021\/11\/quotes.svg\" alt=\"\" class=\"uag-image-117\" width=\"37\" height=\"38\" title=\"al\u0131nt\u0131lar\" loading=\"lazy\" role=\"img\"><\/figure><\/div>\n\n\n\n<div class=\"wp-block-uagb-info-box uagb-block-54aaf525 uagb-infobox__content-wrap  uagb-infobox-icon-below-title uagb-infobox-image-valign-top\"><div class=\"uagb-ifb-content\"><div class=\"uagb-ifb-title-wrap\"><h4 class=\"uagb-ifb-title\">\"Tungsten karb\u00fcr \u00fcr\u00fcnlerimiz Almanya, Hollanda, \u0130talya, Polonya, Avustralya, Hindistan, Malezya, Tayland, G\u00fcney Kore, Japonya, Kanada, Amerika Birle\u015fik Devletleri, Peru, Brezilya ve di\u011fer \u00fclkelere ihra\u00e7 edilmektedir. <br>Tungsten karb\u00fcr \u00fcr\u00fcn performans\u0131m\u0131z ve hizmet \u00f6mr\u00fcm\u00fcz Guhringg, Boehleritt ve Kennametall'in 90-97%'sine yak\u0131nd\u0131r.\"<\/h4><\/div><div class=\"uagb-ifb-image-content\"><img decoding=\"async\" src=\"https:\/\/www.wolframcarbide.com\/wp-content\/uploads\/2024\/11\/Export-director-150x135.jpg\" alt=\"\" width=\"50\" height=\"45\" loading=\"lazy\" title=\"\"><\/div><p class=\"uagb-ifb-desc\">\u0130hracat Direkt\u00f6r\u00fc<\/p><\/div><\/div>\n<\/div><\/div>\n\n\n\n<div class=\"wp-block-uagb-container uagb-layout-grid uagb-block-0186287e alignwide uagb-is-root-container\">\n<div class=\"wp-block-uagb-info-box uagb-block-03550eeb uagb-infobox__content-wrap  uagb-infobox-icon-above-title uagb-infobox-image-valign-top wp-block-uagb-info-box--has-margin\"><div class=\"uagb-infobox-margin-wrapper\"><div class=\"uagb-ifb-content\"><div class=\"uagb-ifb-title-wrap\"><h4 class=\"uagb-ifb-title\">Hakk\u0131m\u0131zda<\/h4><\/div><p class=\"uagb-ifb-desc\">Qingdao \u00c7in'de bulunan Qingdao Bortome Import &amp; Export Co., Ltd., \u00c7in'in ilk on sert metal \u00fcr\u00fcn \u00fcreticisi aras\u0131nda yer alan ve 40 y\u0131l\u0131 a\u015fk\u0131n \u00fcretim deneyimine sahip olan Tongyu Heavy Industry Co., Ltd'nin (Stok Kodu: 300185) y\u00fczde y\u00fcz i\u015ftirakidir.<br><br>G\u00fc\u00e7l\u00fc ana \u015firkete dayanan, i\u015ftiraklerinin zengin kaynaklar\u0131yla entegre olan ve konum ve yeteneklerden tam olarak yararlanan Qingdao Bortome, \u00e7e\u015fitli wolfram karb\u00fcr \u00fcr\u00fcnlerinin ara\u015ft\u0131rma, tasar\u0131m, \u00fcretim ve sat\u0131\u015f sonras\u0131 hizmetlerinde uzmanla\u015fm\u0131\u015f birinci s\u0131n\u0131f bir \u015firket kurmaya kararl\u0131d\u0131r.<br><br>Kazan-kazan i\u015fbirli\u011fi yapmay\u0131 ve sizinle uzun vadeli i\u015f ili\u015fkileri kurmay\u0131 d\u00f6rt g\u00f6zle bekliyoruz. &nbsp;<\/p><div class=\"uagb-ifb-button-wrapper wp-block-button\"><a href=\"https:\/\/www.wolframcarbide.com\/tr\/hakkinda\/\" class=\"uagb-infobox-cta-link ast-outline-button\" target=\"_self\" rel=\"noopener noreferrer\" style=\"border-width:revert-layer\" onclick=\"return true;\"><span class=\"uagb-inline-editing\">Daha Fazlas\u0131n\u0131 \u00d6\u011frenin<\/span><\/a><\/div><\/div><\/div><\/div>\n\n\n\n<div class=\"wp-block-uagb-image alignright uagb-block-37933192 wp-block-uagb-image--layout-default wp-block-uagb-image--effect-static wp-block-uagb-image--align-right\"><figure class=\"wp-block-uagb-image__figure\"><img decoding=\"async\" srcset=\"https:\/\/www.wolframcarbide.com\/wp-content\/uploads\/2024\/11\/PVA.jpg ,https:\/\/www.wolframcarbide.com\/wp-content\/uploads\/2024\/11\/PVA.jpg 780w, https:\/\/www.wolframcarbide.com\/wp-content\/uploads\/2024\/11\/PVA.jpg 360w\" sizes=\"auto, (max-width: 480px) 150px\" src=\"https:\/\/www.wolframcarbide.com\/wp-content\/uploads\/2024\/11\/PVA.jpg\" alt=\"PVA f\u0131r\u0131n\u0131\" class=\"uag-image-2299\" width=\"693\" height=\"501\" title=\"PVA\" loading=\"lazy\" role=\"img\"\/><\/figure><\/div>\n<\/div>\n\n\n\n<div class=\"wp-block-uagb-container uagb-block-05a4a518 alignfull uagb-is-root-container\"><div class=\"uagb-container-inner-blocks-wrap\">\n<div class=\"wp-block-uagb-info-box uagb-block-9a97965e uagb-infobox__content-wrap  uagb-infobox-icon-above-title uagb-infobox-image-valign-top wp-block-uagb-info-box--has-margin\"><div class=\"uagb-infobox-margin-wrapper\"><div class=\"uagb-ifb-content\"><div class=\"uagb-ifb-title-wrap\"><h1 class=\"uagb-ifb-title\">SORU?<\/h1><\/div><p class=\"uagb-ifb-desc\">\u0130ster \u00f6zellikler, ister \u00fccretsiz deneme veya hatta bas\u0131n hakk\u0131nda merak ettikleriniz olsun, t\u00fcm sorular\u0131n\u0131z\u0131 yan\u0131tlamak i\u00e7in buraday\u0131z.<\/p><div class=\"uagb-ifb-button-wrapper wp-block-button\"><a href=\"https:\/\/www.wolframcarbide.com\/tr\/iletisim\/\" class=\"uagb-infobox-cta-link wp-block-button__link\" target=\"_self\" rel=\"noopener noreferrer\" onclick=\"return true;\"><span class=\"uagb-inline-editing\">\u015eimdi Konu\u015fal\u0131m<\/span><\/a><\/div><\/div><\/div><\/div>\n<\/div><\/div>","protected":false},"excerpt":{"rendered":"<p>Our Products Tungsten carbide buttons for mining equipment Tungsten carbide buttons are being used for making drilling tools, such as DTH bits, milling planer cutters,TBM cutters and HPGR studs. Tungsten carbide rods and plates Tungsten carbide rods are being used for making cutting tools, such as end mills, carbide drills, stamping mould. Tungsten carbide sleeves [&hellip;]<\/p>\n","protected":false},"author":1,"featured_media":0,"parent":0,"menu_order":0,"comment_status":"closed","ping_status":"closed","template":"","meta":{"_uag_custom_page_level_css":"","site-sidebar-layout":"no-sidebar","site-content-layout":"page-builder","ast-site-content-layout":"full-width-container","site-content-style":"unboxed","site-sidebar-style":"unboxed","ast-global-header-display":"","ast-banner-title-visibility":"","ast-main-header-display":"","ast-hfb-above-header-display":"","ast-hfb-below-header-display":"","ast-hfb-mobile-header-display":"","site-post-title":"disabled","ast-breadcrumbs-content":"","ast-featured-img":"disabled","footer-sml-layout":"","theme-transparent-header-meta":"enabled","adv-header-id-meta":"","stick-header-meta":"","header-above-stick-meta":"","header-main-stick-meta":"","header-below-stick-meta":"","astra-migrate-meta-layouts":"set","ast-page-background-enabled":"default","ast-page-background-meta":{"desktop":{"background-color":"var(--ast-global-color-4)","background-image":"","background-repeat":"repeat","background-position":"center center","background-size":"auto","background-attachment":"scroll","background-type":"","background-media":"","overlay-type":"","overlay-color":"","overlay-opacity":"","overlay-gradient":""},"tablet":{"background-color":"","background-image":"","background-repeat":"repeat","background-position":"center center","background-size":"auto","background-attachment":"scroll","background-type":"","background-media":"","overlay-type":"","overlay-color":"","overlay-opacity":"","overlay-gradient":""},"mobile":{"background-color":"","background-image":"","background-repeat":"repeat","background-position":"center center","background-size":"auto","background-attachment":"scroll","background-type":"","background-media":"","overlay-type":"","overlay-color":"","overlay-opacity":"","overlay-gradient":""}},"ast-content-background-meta":{"desktop":{"background-color":"var(--ast-global-color-5)","background-image":"","background-repeat":"repeat","background-position":"center center","background-size":"auto","background-attachment":"scroll","background-type":"","background-media":"","overlay-type":"","overlay-color":"","overlay-opacity":"","overlay-gradient":""},"tablet":{"background-color":"var(--ast-global-color-5)","background-image":"","background-repeat":"repeat","background-position":"center center","background-size":"auto","background-attachment":"scroll","background-type":"","background-media":"","overlay-type":"","overlay-color":"","overlay-opacity":"","overlay-gradient":""},"mobile":{"background-color":"var(--ast-global-color-5)","background-image":"","background-repeat":"repeat","background-position":"center center","background-size":"auto","background-attachment":"scroll","background-type":"","background-media":"","overlay-type":"","overlay-color":"","overlay-opacity":"","overlay-gradient":""}},"_joinchat":[],"footnotes":""},"class_list":["post-1322","page","type-page","status-publish","hentry"],"uagb_featured_image_src":{"full":false,"thumbnail":false,"medium":false,"medium_large":false,"large":false,"1536x1536":false,"2048x2048":false,"trp-custom-language-flag":false,"woocommerce_thumbnail":false,"woocommerce_single":false,"woocommerce_gallery_thumbnail":false},"uagb_author_info":{"display_name":"admin","author_link":"https:\/\/www.wolframcarbide.com\/tr\/author\/admin\/"},"uagb_comment_info":0,"uagb_excerpt":"Our Products Tungsten carbide buttons for mining equipment Tungsten carbide buttons are being used for making drilling tools, such as DTH bits, milling planer cutters,TBM cutters and HPGR studs. Tungsten carbide rods and plates Tungsten carbide rods are being used for making cutting tools, such as end mills, carbide drills, stamping mould. Tungsten carbide sleeves&hellip;","_links":{"self":[{"href":"https:\/\/www.wolframcarbide.com\/tr\/wp-json\/wp\/v2\/pages\/1322","targetHints":{"allow":["GET"]}}],"collection":[{"href":"https:\/\/www.wolframcarbide.com\/tr\/wp-json\/wp\/v2\/pages"}],"about":[{"href":"https:\/\/www.wolframcarbide.com\/tr\/wp-json\/wp\/v2\/types\/page"}],"author":[{"embeddable":true,"href":"https:\/\/www.wolframcarbide.com\/tr\/wp-json\/wp\/v2\/users\/1"}],"replies":[{"embeddable":true,"href":"https:\/\/www.wolframcarbide.com\/tr\/wp-json\/wp\/v2\/comments?post=1322"}],"version-history":[{"count":28,"href":"https:\/\/www.wolframcarbide.com\/tr\/wp-json\/wp\/v2\/pages\/1322\/revisions"}],"predecessor-version":[{"id":3324,"href":"https:\/\/www.wolframcarbide.com\/tr\/wp-json\/wp\/v2\/pages\/1322\/revisions\/3324"}],"wp:attachment":[{"href":"https:\/\/www.wolframcarbide.com\/tr\/wp-json\/wp\/v2\/media?parent=1322"}],"curies":[{"name":"wp","href":"https:\/\/api.w.org\/{rel}","templated":true}]}}