{"id":3101,"date":"2025-05-10T14:09:41","date_gmt":"2025-05-10T06:09:41","guid":{"rendered":"https:\/\/www.wolframcarbide.com\/?post_type=product&#038;p=3101"},"modified":"2026-01-28T10:56:05","modified_gmt":"2026-01-28T02:56:05","slug":"fabricante-de-pre-formas-de-carboneto-de-tungstenio","status":"publish","type":"product","link":"https:\/\/www.wolframcarbide.com\/pt\/product\/tungsten-carbide-preforms-manufacturer\/","title":{"rendered":"Fabricante de pr\u00e9-formas de carboneto de tungst\u00e9nio de alta qualidade"},"content":{"rendered":"<h5><strong>Tungsten carbide preforms <\/strong><strong>grade:<\/strong><\/h5>\n<table style=\"border-collapse: collapse; width: 1082px; height: 347px;\" border=\"0\" width=\"716\" cellspacing=\"0\" cellpadding=\"0\">\n<tbody>\n<tr style=\"height: 44.00pt;\">\n<td class=\"et2\" style=\"height: 44pt; width: 54pt; text-align: center;\" width=\"72\" height=\"58\">\u00a0 \u00a0 \u00a0<strong>Grade<\/strong><\/td>\n<td class=\"et2\" style=\"width: 90.3pt; text-align: center;\" width=\"120\"><strong>\u00a0 \u00a0 \u00a0 ISO Grade<\/strong><\/td>\n<td class=\"et3\" style=\"width: 54pt; text-align: center;\" width=\"72\"><strong>\u00a0WC<\/strong><br \/>\n<strong>(%)<\/strong><\/td>\n<td class=\"et3\" style=\"width: 54pt; text-align: center;\" width=\"72\"><strong>\u00a0 \u00a0Co<\/strong><br \/>\n<strong>\u00a0 (%)<\/strong><\/td>\n<td class=\"et3\" style=\"width: 73.5pt; text-align: center;\" width=\"98\"><strong>Grain Size<\/strong><br \/>\n<strong>\u00a0 \u00a0 \u00a0 (\u03bcm)<\/strong><\/td>\n<td class=\"et3\" style=\"width: 69.75pt; text-align: center;\" width=\"93\"><strong>Hardness<\/strong><br \/>\n<strong>\uff08<a href=\"https:\/\/en.wikipedia.org\/wiki\/Rockwell_hardness_test\" rel=\"nofollow noopener\" target=\"_blank\">HRA<\/a>\uff09<\/strong><\/td>\n<td class=\"et3\" style=\"width: 66pt; text-align: center;\" width=\"88\"><strong>\u00a0 \u00a0Density<\/strong><br \/>\n<strong>\u00a0 \uff08g\/cm\u00b3\uff09<\/strong><\/td>\n<td class=\"et6\" style=\"width: 75.75pt; text-align: center;\" width=\"101\"><strong>\u00a0 \u00a0 TRS<\/strong><br \/>\n<strong>\u00a0 \u00a0\uff08N\/mm\u00b2\uff09<\/strong><\/td>\n<\/tr>\n<tr style=\"height: 24.00pt;\">\n<td class=\"et4\" style=\"height: 24pt; text-align: center;\" height=\"32\"><strong>BU06<\/strong><\/td>\n<td class=\"et4\" style=\"text-align: center;\"><strong>K05-K10<\/strong><\/td>\n<td class=\"et4\" style=\"text-align: center;\"><strong>94<\/strong><\/td>\n<td class=\"et4\" style=\"text-align: center;\"><strong>6<\/strong><\/td>\n<td class=\"et4\" style=\"text-align: center;\"><strong>0.5<\/strong><\/td>\n<td class=\"et4\" style=\"text-align: center;\"><strong>94<\/strong><\/td>\n<td class=\"et4\" style=\"text-align: center;\"><strong>\u00a0 \u00a014.75<\/strong><\/td>\n<td class=\"et7\" style=\"text-align: center;\"><strong>\u00a0 \u00a0 \u00a0 \u00a03600<\/strong><\/td>\n<\/tr>\n<tr style=\"height: 24.00pt;\">\n<td class=\"et4\" style=\"height: 24pt; text-align: center;\" height=\"32\"><strong>YG10X<\/strong><\/td>\n<td class=\"et4\" style=\"text-align: center;\"><strong>K20 &#8211; K30<\/strong><\/td>\n<td class=\"et4\" style=\"text-align: center;\"><strong>90<\/strong><\/td>\n<td class=\"et4\" style=\"text-align: center;\"><strong>10<\/strong><\/td>\n<td class=\"et4\" style=\"text-align: center;\"><strong>0.8<\/strong><\/td>\n<td class=\"et4\" style=\"text-align: center;\"><strong>91.5<\/strong><\/td>\n<td class=\"et4\" style=\"text-align: center;\"><strong>14.35<\/strong><\/td>\n<td class=\"et7\" style=\"text-align: center;\"><strong>\u00a0 \u00a0 \u00a0 3600<\/strong><\/td>\n<\/tr>\n<tr style=\"height: 24.00pt;\">\n<td class=\"et4\" style=\"height: 24pt; text-align: center;\" height=\"32\"><strong>BT15<\/strong><\/td>\n<td class=\"et4\" style=\"text-align: center;\"><strong>K20 &#8211; K30<\/strong><\/td>\n<td class=\"et4\" style=\"text-align: center;\"><strong>90<\/strong><\/td>\n<td class=\"et4\" style=\"text-align: center;\"><strong>10<\/strong><\/td>\n<td class=\"et4\" style=\"text-align: center;\"><strong>0.7<\/strong><\/td>\n<td class=\"et4\" style=\"text-align: center;\"><strong>92.2<\/strong><\/td>\n<td class=\"et4\" style=\"text-align: center;\"><strong>14.35<\/strong><\/td>\n<td class=\"et7\" style=\"text-align: center;\"><strong>\u00a0 \u00a0 \u00a0 3900<\/strong><\/td>\n<\/tr>\n<tr style=\"height: 24.00pt;\">\n<td class=\"et4\" style=\"height: 24pt; text-align: center;\" height=\"32\"><strong>BT20<\/strong><\/td>\n<td class=\"et4\" style=\"text-align: center;\"><strong>K20 &#8211; K30<\/strong><\/td>\n<td class=\"et4\" style=\"text-align: center;\"><strong>90<\/strong><\/td>\n<td class=\"et4\" style=\"text-align: center;\"><strong>10<\/strong><\/td>\n<td class=\"et4\" style=\"text-align: center;\"><strong>0.6<\/strong><\/td>\n<td class=\"et4\" style=\"text-align: center;\"><strong>92.3<\/strong><\/td>\n<td class=\"et4\" style=\"text-align: center;\"><strong>14.4<\/strong><\/td>\n<td class=\"et7\" style=\"text-align: center;\"><strong>\u00a0 \u00a0 4000<\/strong><\/td>\n<\/tr>\n<tr style=\"height: 24.00pt;\">\n<td class=\"et4\" style=\"height: 24pt; text-align: center;\" height=\"32\"><strong>BT25<\/strong><\/td>\n<td class=\"et4\" style=\"text-align: center;\"><strong>K30 &#8211; K40<\/strong><\/td>\n<td class=\"et4\" style=\"text-align: center;\"><strong>88<\/strong><\/td>\n<td class=\"et4\" style=\"text-align: center;\"><strong>12<\/strong><\/td>\n<td class=\"et4\" style=\"text-align: center;\"><strong>0.6<\/strong><\/td>\n<td class=\"et4\" style=\"text-align: center;\"><strong>92.5<\/strong><\/td>\n<td class=\"et4\" style=\"text-align: center;\"><strong>14.1<\/strong><\/td>\n<td class=\"et7\" style=\"text-align: center;\"><strong>\u00a0 \u00a0 \u00a04000<\/strong><\/td>\n<\/tr>\n<tr style=\"height: 24.00pt;\">\n<td class=\"et5\" style=\"height: 24pt; text-align: center;\" height=\"32\"><strong>BT25UF<\/strong><\/td>\n<td class=\"et5\" style=\"text-align: center;\"><strong>K30 &#8211; K40<\/strong><\/td>\n<td class=\"et5\" style=\"text-align: center;\"><strong>88<\/strong><\/td>\n<td class=\"et5\" style=\"text-align: center;\"><strong>12<\/strong><\/td>\n<td class=\"et5\" style=\"text-align: center;\"><strong>0.4<\/strong><\/td>\n<td class=\"et5\" style=\"text-align: center;\"><strong>92.8<\/strong><\/td>\n<td class=\"et5\" style=\"text-align: center;\"><strong>14.05<\/strong><\/td>\n<td class=\"et8\" style=\"text-align: center;\"><strong>\u00a0 \u00a0 4200<\/strong><\/td>\n<\/tr>\n<\/tbody>\n<\/table>\n<h5><\/h5>\n<h5><strong>Carbide preforms details<\/strong><strong>:<\/strong><\/h5>\n<h5><a href=\"https:\/\/www.wolframcarbide.com\/product-category\/tungsten-carbide-rods\/\"><img loading=\"lazy\" decoding=\"async\" class=\"alignnone size-full wp-image-3105\" src=\"https:\/\/www.wolframcarbide.com\/wp-content\/uploads\/2025\/05\/tungsten-carbide-preforms-1.jpg\" alt=\"tungsten carbide preforms\" width=\"800\" height=\"533\" title=\"\" srcset=\"https:\/\/www.wolframcarbide.com\/wp-content\/uploads\/2025\/05\/tungsten-carbide-preforms-1.jpg 800w, https:\/\/www.wolframcarbide.com\/wp-content\/uploads\/2025\/05\/tungsten-carbide-preforms-1-300x200.jpg 300w, https:\/\/www.wolframcarbide.com\/wp-content\/uploads\/2025\/05\/tungsten-carbide-preforms-1-768x512.jpg 768w, https:\/\/www.wolframcarbide.com\/wp-content\/uploads\/2025\/05\/tungsten-carbide-preforms-1-18x12.jpg 18w, https:\/\/www.wolframcarbide.com\/wp-content\/uploads\/2025\/05\/tungsten-carbide-preforms-1-600x400.jpg 600w\" sizes=\"auto, (max-width: 800px) 100vw, 800px\" \/><\/a><\/h5>\n<p><a href=\"https:\/\/www.wolframcarbide.com\/product-category\/tungsten-carbide-rods\/\"><img loading=\"lazy\" decoding=\"async\" class=\"alignnone size-full wp-image-3106\" src=\"https:\/\/www.wolframcarbide.com\/wp-content\/uploads\/2025\/05\/carbide-preforms-2.jpg\" alt=\"carbide preforms\" width=\"800\" height=\"600\" title=\"\" srcset=\"https:\/\/www.wolframcarbide.com\/wp-content\/uploads\/2025\/05\/carbide-preforms-2.jpg 800w, https:\/\/www.wolframcarbide.com\/wp-content\/uploads\/2025\/05\/carbide-preforms-2-300x225.jpg 300w, https:\/\/www.wolframcarbide.com\/wp-content\/uploads\/2025\/05\/carbide-preforms-2-768x576.jpg 768w, https:\/\/www.wolframcarbide.com\/wp-content\/uploads\/2025\/05\/carbide-preforms-2-16x12.jpg 16w, https:\/\/www.wolframcarbide.com\/wp-content\/uploads\/2025\/05\/carbide-preforms-2-600x450.jpg 600w\" sizes=\"auto, (max-width: 800px) 100vw, 800px\" \/><\/a><\/p>\n<p><img loading=\"lazy\" decoding=\"async\" class=\"alignnone size-full wp-image-3107\" src=\"https:\/\/www.wolframcarbide.com\/wp-content\/uploads\/2025\/05\/tungsten-carbide-preforms-manufacturer-2.jpg\" alt=\"tungsten carbide preforms manufacturer\" width=\"800\" height=\"599\" title=\"\" srcset=\"https:\/\/www.wolframcarbide.com\/wp-content\/uploads\/2025\/05\/tungsten-carbide-preforms-manufacturer-2.jpg 800w, https:\/\/www.wolframcarbide.com\/wp-content\/uploads\/2025\/05\/tungsten-carbide-preforms-manufacturer-2-300x225.jpg 300w, https:\/\/www.wolframcarbide.com\/wp-content\/uploads\/2025\/05\/tungsten-carbide-preforms-manufacturer-2-768x575.jpg 768w, https:\/\/www.wolframcarbide.com\/wp-content\/uploads\/2025\/05\/tungsten-carbide-preforms-manufacturer-2-16x12.jpg 16w, https:\/\/www.wolframcarbide.com\/wp-content\/uploads\/2025\/05\/tungsten-carbide-preforms-manufacturer-2-600x449.jpg 600w\" sizes=\"auto, (max-width: 800px) 100vw, 800px\" \/><\/p>\n<p>&nbsp;<\/p>\n<h5><strong>Our experience<\/strong>:<\/h5>\n<p>With decades of expertise in non-standard hard alloy manufacturing, Bortome Carbide has established a state-of-the-art production line in China, specializing in precision-engineered carbide prefabricated parts.<\/p>\n<p>Leveraging advanced CIP (Cold Isostatic Pressing) billet forming technology and a fully integrated production system, we offer flexible order policies with no minimum quantity requirements, coupled with customized solutions tailored to client-specific blueprints. Our capabilities are further enhanced by a partner network providing precision grinding services and global express delivery, ensuring rapid fulfillment of complex, geometrically challenging tool blank materials.<\/p>\n<p>&nbsp;<\/p>\n<h5><strong>Please send us inquiries for quotations and free samples for testing:<\/strong><\/h5>\n<p>&nbsp;<\/p>\n<div class=\"wpforms-container \" id=\"wpforms-2333\"><form id=\"wpforms-form-2333\" class=\"wpforms-validate wpforms-form wpforms-ajax-form\" data-formid=\"2333\" method=\"post\" enctype=\"multipart\/form-data\" action=\"\/pt\/wp-json\/wp\/v2\/product\/3101\" data-token=\"f202f3f386ad494e663b8619a4e15b0f\" data-token-time=\"1776225528\"><noscript class=\"wpforms-error-noscript\">Please enable JavaScript in your browser to complete this form.<\/noscript><div class=\"wpforms-field-container\"><div id=\"wpforms-2333-field_1-container\" class=\"wpforms-field wpforms-field-name\" data-field-id=\"1\"><label class=\"wpforms-field-label\" for=\"wpforms-2333-field_1\">Name <span class=\"wpforms-required-label\">*<\/span><\/label><input type=\"text\" id=\"wpforms-2333-field_1\" class=\"wpforms-field-medium wpforms-field-required\" name=\"wpforms[fields][1]\" required><\/div><div id=\"wpforms-2333-field_2-container\" class=\"wpforms-field wpforms-field-text\" data-field-id=\"2\"><label class=\"wpforms-field-label\" for=\"wpforms-2333-field_2\">Company Name<\/label><input type=\"text\" id=\"wpforms-2333-field_2\" class=\"wpforms-field-medium\" name=\"wpforms[fields][2]\" ><\/div>\t\t<div id=\"wpforms-2333-field_5-container\"\n\t\t\tclass=\"wpforms-field wpforms-field-text\"\n\t\t\tdata-field-type=\"text\"\n\t\t\tdata-field-id=\"5\"\n\t\t\t>\n\t\t\t<label class=\"wpforms-field-label\" for=\"wpforms-2333-field_5\" >Email Name Message<\/label>\n\t\t\t<input type=\"text\" id=\"wpforms-2333-field_5\" class=\"wpforms-field-medium\" name=\"wpforms[fields][5]\" >\n\t\t<\/div>\n\t\t<div id=\"wpforms-2333-field_3-container\" class=\"wpforms-field wpforms-field-email\" data-field-id=\"3\"><label class=\"wpforms-field-label\" for=\"wpforms-2333-field_3\">Email <span class=\"wpforms-required-label\">*<\/span><\/label><input type=\"email\" id=\"wpforms-2333-field_3\" class=\"wpforms-field-medium wpforms-field-required\" name=\"wpforms[fields][3]\" spellcheck=\"false\" required><\/div><div id=\"wpforms-2333-field_4-container\" class=\"wpforms-field wpforms-field-textarea\" data-field-id=\"4\"><label class=\"wpforms-field-label\" for=\"wpforms-2333-field_4\">Message <span class=\"wpforms-required-label\">*<\/span><\/label><textarea id=\"wpforms-2333-field_4\" class=\"wpforms-field-medium wpforms-field-required\" name=\"wpforms[fields][4]\" required><\/textarea><\/div><script>\n\t\t\t\t( function() {\n\t\t\t\t\tconst style = document.createElement( 'style' );\n\t\t\t\t\tstyle.appendChild( document.createTextNode( '#wpforms-2333-field_5-container { position: absolute !important; overflow: hidden !important; display: inline !important; height: 1px !important; width: 1px !important; z-index: -1000 !important; padding: 0 !important; } #wpforms-2333-field_5-container input { visibility: hidden; } #wpforms-conversational-form-page #wpforms-2333-field_5-container label { counter-increment: none; }' ) );\n\t\t\t\t\tdocument.head.appendChild( style );\n\t\t\t\t\tdocument.currentScript?.remove();\n\t\t\t\t} )();\n\t\t\t<\/script><\/div><!-- .wpforms-field-container --><div class=\"wpforms-submit-container\" ><input type=\"hidden\" name=\"wpforms[id]\" value=\"2333\"><input type=\"hidden\" name=\"page_title\" value=\"\"><input type=\"hidden\" name=\"page_url\" value=\"https:\/\/www.wolframcarbide.com\/pt\/wp-json\/wp\/v2\/product\/3101\"><input type=\"hidden\" name=\"url_referer\" value=\"\"><button type=\"submit\" name=\"wpforms[submit]\" id=\"wpforms-submit-2333\" class=\"wpforms-submit\" data-alt-text=\"Sending\u2026\" data-submit-text=\"Send Inquiry\" aria-live=\"assertive\" value=\"wpforms-submit\">Send Inquiry<\/button><img loading=\"lazy\" decoding=\"async\" src=\"https:\/\/www.wolframcarbide.com\/wp-content\/plugins\/wpforms-lite\/assets\/images\/submit-spin.svg\" class=\"wpforms-submit-spinner\" style=\"display: none;\" width=\"26\" height=\"26\" alt=\"Loading\" title=\"\"><\/div><\/form><\/div>  <!-- .wpforms-container -->\n","protected":false},"excerpt":{"rendered":"<p>Pr\u00e9-formas de carboneto de tungst\u00e9nio:<\/p>\n<p>Di\u00e2metro de 2 mm a 800 mm.<\/p>\n<p>Espessura de 1 mm a 200 mm.<\/p>\n<p>Comprimento de 10 mm a 2000 mm.<\/p>\n<p><strong>Aceita\u00e7\u00e3o de tamanhos personalizados.<\/strong><\/p>\n<p>Toler\u00e2ncia: h5 e h6 ou sinterizado.<\/p>\n<ol>\n<li>Sele\u00e7\u00e3o da mat\u00e9ria-prima: \u00c9 prefer\u00edvel o p\u00f3 de carboneto de tungst\u00e9nio de alta qualidade. Material virgem 100%.<\/li>\n<li>Forno de sinteriza\u00e7\u00e3o PVA alem\u00e3o importado. Sinteriza\u00e7\u00e3o HIP. Que pode manter as pr\u00e9-formas de carboneto de tungst\u00e9nio em alta densidade, <strong>Elevada resist\u00eancia ao desgaste<\/strong>, de elevado desempenho.<\/li>\n<li>Os engenheiros profissionais e as equipas de inspe\u00e7\u00e3o de qualidade asseguram a inspe\u00e7\u00e3o do processo do produto e a inspe\u00e7\u00e3o de aceita\u00e7\u00e3o para garantir uma qualidade est\u00e1vel do produto e impedir a expedi\u00e7\u00e3o de produtos n\u00e3o qualificados.<\/li>\n<li><strong>Formas personalizadas: Barras, placas, casquilhos, mangas, an\u00e9is de veda\u00e7\u00e3o, blocos EDM, ferramentas para latas, rolos de moldagem, compacta\u00e7\u00e3o de p\u00f3, estampagem, l\u00e2minas de serra, matrizes, cortadores, pe\u00e7as em bruto para perfura\u00e7\u00e3o, campos petrol\u00edferos, facas de corte, facas de cama, facas de rotor, pe\u00e7as de desgaste, pun\u00e7\u00f5es, autom\u00f3veis, pe\u00e7as em bruto para ferramentas de fresagem, esferas, assentos, bicos.<\/strong><\/li>\n<li><strong>Servir as ind\u00fastrias: Ferramentas de corte especiais, Petr\u00f3leo e g\u00e1s, Ind\u00fastria de moldes, Autom\u00f3vel, Minas, Fabrico, Bebidas e aeross\u00f3is, Habita\u00e7\u00e3o, M\u00e9dica e Reciclagem.<\/strong><\/li>\n<li><strong>Mais de 40 anos de experi\u00eancia no fabrico.<\/strong><\/li>\n<li><strong>O desempenho e a vida \u00fatil das pr\u00e9-formas de carboneto s\u00e3o pr\u00f3ximos dos 95-100% de Guhringg, Boehleritt e Kennametall.<\/strong><\/li>\n<\/ol>","protected":false},"featured_media":3102,"template":"","meta":{"_uag_custom_page_level_css":"","site-sidebar-layout":"default","site-content-layout":"","ast-site-content-layout":"default","site-content-style":"default","site-sidebar-style":"default","ast-global-header-display":"","ast-banner-title-visibility":"","ast-main-header-display":"","ast-hfb-above-header-display":"","ast-hfb-below-header-display":"","ast-hfb-mobile-header-display":"","site-post-title":"","ast-breadcrumbs-content":"","ast-featured-img":"","footer-sml-layout":"","theme-transparent-header-meta":"default","adv-header-id-meta":"","stick-header-meta":"","header-above-stick-meta":"","header-main-stick-meta":"","header-below-stick-meta":"","astra-migrate-meta-layouts":"set","ast-page-background-enabled":"default","ast-page-background-meta":{"desktop":{"background-color":"var(--ast-global-color-4)","background-image":"","background-repeat":"repeat","background-position":"center center","background-size":"auto","background-attachment":"scroll","background-type":"","background-media":"","overlay-type":"","overlay-color":"","overlay-opacity":"","overlay-gradient":""},"tablet":{"background-color":"","background-image":"","background-repeat":"repeat","background-position":"center center","background-size":"auto","background-attachment":"scroll","background-type":"","background-media":"","overlay-type":"","overlay-color":"","overlay-opacity":"","overlay-gradient":""},"mobile":{"background-color":"","background-image":"","background-repeat":"repeat","background-position":"center center","background-size":"auto","background-attachment":"scroll","background-type":"","background-media":"","overlay-type":"","overlay-color":"","overlay-opacity":"","overlay-gradient":""}},"ast-content-background-meta":{"desktop":{"background-color":"var(--ast-global-color-5)","background-image":"","background-repeat":"repeat","background-position":"center center","background-size":"auto","background-attachment":"scroll","background-type":"","background-media":"","overlay-type":"","overlay-color":"","overlay-opacity":"","overlay-gradient":""},"tablet":{"background-color":"var(--ast-global-color-5)","background-image":"","background-repeat":"repeat","background-position":"center center","background-size":"auto","background-attachment":"scroll","background-type":"","background-media":"","overlay-type":"","overlay-color":"","overlay-opacity":"","overlay-gradient":""},"mobile":{"background-color":"var(--ast-global-color-5)","background-image":"","background-repeat":"repeat","background-position":"center center","background-size":"auto","background-attachment":"scroll","background-type":"","background-media":"","overlay-type":"","overlay-color":"","overlay-opacity":"","overlay-gradient":""}},"_joinchat":[]},"product_brand":[],"product_cat":[19],"product_tag":[],"class_list":{"0":"post-3101","1":"product","2":"type-product","3":"status-publish","4":"has-post-thumbnail","6":"product_cat-tungsten-carbide-rods","7":"desktop-align-left","8":"tablet-align-left","9":"mobile-align-left","11":"first","12":"instock","13":"shipping-taxable","14":"product-type-simple"},"uagb_featured_image_src":{"full":["https:\/\/www.wolframcarbide.com\/wp-content\/uploads\/2025\/05\/tungsten-carbide-preforms.png",600,600,false],"thumbnail":["https:\/\/www.wolframcarbide.com\/wp-content\/uploads\/2025\/05\/tungsten-carbide-preforms-150x150.png",150,150,true],"medium":["https:\/\/www.wolframcarbide.com\/wp-content\/uploads\/2025\/05\/tungsten-carbide-preforms-300x300.png",300,300,true],"medium_large":["https:\/\/www.wolframcarbide.com\/wp-content\/uploads\/2025\/05\/tungsten-carbide-preforms.png",600,600,false],"large":["https:\/\/www.wolframcarbide.com\/wp-content\/uploads\/2025\/05\/tungsten-carbide-preforms.png",600,600,false],"1536x1536":["https:\/\/www.wolframcarbide.com\/wp-content\/uploads\/2025\/05\/tungsten-carbide-preforms.png",600,600,false],"2048x2048":["https:\/\/www.wolframcarbide.com\/wp-content\/uploads\/2025\/05\/tungsten-carbide-preforms.png",600,600,false],"trp-custom-language-flag":["https:\/\/www.wolframcarbide.com\/wp-content\/uploads\/2025\/05\/tungsten-carbide-preforms-12x12.png",12,12,true],"woocommerce_thumbnail":["https:\/\/www.wolframcarbide.com\/wp-content\/uploads\/2025\/05\/tungsten-carbide-preforms-300x300.png",300,300,true],"woocommerce_single":["https:\/\/www.wolframcarbide.com\/wp-content\/uploads\/2025\/05\/tungsten-carbide-preforms.png",600,600,false],"woocommerce_gallery_thumbnail":["https:\/\/www.wolframcarbide.com\/wp-content\/uploads\/2025\/05\/tungsten-carbide-preforms-100x100.png",100,100,true]},"uagb_author_info":{"display_name":"admin","author_link":"https:\/\/www.wolframcarbide.com\/pt\/author\/"},"uagb_comment_info":0,"uagb_excerpt":"Tungsten carbide preforms: Diameter from 2 mm to 800 mm. Thickness from 1 mm to 200mm. Length from 10 mm to 2000 mm. Accepting customized sizes. Tolerance: h5 and h6 or sintered. Raw material selection: High quality tungsten carbide powder is preferred. 100% virgin material. Imported German PVA sintering furnace. HIP sintering. Which can keep&hellip;","_links":{"self":[{"href":"https:\/\/www.wolframcarbide.com\/pt\/wp-json\/wp\/v2\/product\/3101","targetHints":{"allow":["GET"]}}],"collection":[{"href":"https:\/\/www.wolframcarbide.com\/pt\/wp-json\/wp\/v2\/product"}],"about":[{"href":"https:\/\/www.wolframcarbide.com\/pt\/wp-json\/wp\/v2\/types\/product"}],"wp:featuredmedia":[{"embeddable":true,"href":"https:\/\/www.wolframcarbide.com\/pt\/wp-json\/wp\/v2\/media\/3102"}],"wp:attachment":[{"href":"https:\/\/www.wolframcarbide.com\/pt\/wp-json\/wp\/v2\/media?parent=3101"}],"wp:term":[{"taxonomy":"product_brand","embeddable":true,"href":"https:\/\/www.wolframcarbide.com\/pt\/wp-json\/wp\/v2\/product_brand?post=3101"},{"taxonomy":"product_cat","embeddable":true,"href":"https:\/\/www.wolframcarbide.com\/pt\/wp-json\/wp\/v2\/product_cat?post=3101"},{"taxonomy":"product_tag","embeddable":true,"href":"https:\/\/www.wolframcarbide.com\/pt\/wp-json\/wp\/v2\/product_tag?post=3101"}],"curies":[{"name":"wp","href":"https:\/\/api.w.org\/{rel}","templated":true}]}}