{"id":2919,"date":"2025-02-14T20:47:00","date_gmt":"2025-02-14T12:47:00","guid":{"rendered":"https:\/\/www.wolframcarbide.com\/?post_type=product&#038;p=2919"},"modified":"2025-08-02T22:30:31","modified_gmt":"2025-08-02T14:30:31","slug":"tubos-de-carboneto-de-tungstenio","status":"publish","type":"product","link":"https:\/\/www.wolframcarbide.com\/pt\/product\/tungsten-carbide-tubes\/","title":{"rendered":"Tubos de carboneto de tungst\u00e9nio de alta qualidade YG6 YG8 K20 K30"},"content":{"rendered":"<h5><strong>Tungsten carbide tubes grades:<\/strong><\/h5>\n<table style=\"border-collapse: collapse; width: 941px; height: 179px;\" border=\"0\" width=\"504\" cellspacing=\"0\" cellpadding=\"0\">\n<tbody>\n<tr style=\"height: 30.00pt;\">\n<td class=\"et3\" style=\"height: 30pt; width: 54pt; text-align: center;\" width=\"72\" height=\"40\"><strong>Grade<\/strong><\/td>\n<td class=\"et3\" style=\"width: 90pt; text-align: center;\" width=\"120\"><strong>Composition (%)<\/strong><\/td>\n<td class=\"et3\" style=\"width: 81.75pt; text-align: center;\" width=\"109\"><strong>Density (g\/cm3)<\/strong><\/td>\n<td class=\"et3\" style=\"width: 75pt; text-align: center;\" width=\"100\"><strong>Hardness (<a href=\"https:\/\/en.wikipedia.org\/wiki\/Rockwell_hardness_test\" rel=\"nofollow noopener\" target=\"_blank\">HRA<\/a>)<\/strong><\/td>\n<td class=\"et3\" style=\"width: 77.25pt; text-align: center;\" width=\"103\"><strong>T.R.S \uff08N\/mm\u00b2\uff09<\/strong><\/td>\n<\/tr>\n<tr style=\"height: 14.25pt;\">\n<td class=\"et4\" style=\"height: 14.25pt; width: 54pt; text-align: center;\" width=\"72\" height=\"19\">YG6<\/td>\n<td class=\"et4\" style=\"width: 90pt; text-align: center;\" width=\"120\">6%co 94%wc<\/td>\n<td class=\"et4\" style=\"width: 81.75pt; text-align: center;\" width=\"109\">14.85<\/td>\n<td class=\"et4\" style=\"width: 75pt; text-align: center;\" width=\"100\">\u226592.5<\/td>\n<td class=\"et4\" style=\"width: 77.25pt; text-align: center;\" width=\"103\">\u22652000<\/td>\n<\/tr>\n<tr style=\"height: 14.25pt;\">\n<td class=\"et4\" style=\"height: 14.25pt; width: 54pt; text-align: center;\" width=\"72\" height=\"19\">YG8<\/td>\n<td class=\"et4\" style=\"width: 90pt; text-align: center;\" width=\"120\">8%co 92%wc<\/td>\n<td class=\"et4\" style=\"width: 81.75pt; text-align: center;\" width=\"109\">14.7<\/td>\n<td class=\"et4\" style=\"width: 75pt; text-align: center;\" width=\"100\">\u226589.8<\/td>\n<td class=\"et4\" style=\"width: 77.25pt; text-align: center;\" width=\"103\">\u22652800<\/td>\n<\/tr>\n<tr style=\"height: 14.25pt;\">\n<td class=\"et4\" style=\"height: 14.25pt; width: 54pt; text-align: center;\" width=\"72\" height=\"19\">YG10X<\/td>\n<td class=\"et4\" style=\"width: 90pt; text-align: center;\" width=\"120\">10%co 90%wc<\/td>\n<td class=\"et4\" style=\"width: 81.75pt; text-align: center;\" width=\"109\">14.35<\/td>\n<td class=\"et4\" style=\"width: 75pt; text-align: center;\" width=\"100\">\u226591.5<\/td>\n<td class=\"et4\" style=\"width: 77.25pt; text-align: center;\" width=\"103\">\u22653600<\/td>\n<\/tr>\n<tr style=\"height: 14.25pt;\">\n<td class=\"et4\" style=\"height: 14.25pt; width: 54pt; text-align: center;\" width=\"72\" height=\"19\">YG11<\/td>\n<td class=\"et4\" style=\"width: 90pt; text-align: center;\" width=\"120\">11%co 89%wc<\/td>\n<td class=\"et4\" style=\"width: 81.75pt; text-align: center;\" width=\"109\">14.4<\/td>\n<td class=\"et4\" style=\"width: 75pt; text-align: center;\" width=\"100\">\u226588.5<\/td>\n<td class=\"et4\" style=\"width: 77.25pt; text-align: center;\" width=\"103\">\u22652900<\/td>\n<\/tr>\n<\/tbody>\n<\/table>\n<table style=\"border-collapse: collapse; width: 942px; height: 182px;\" border=\"0\" width=\"757\" cellspacing=\"0\" cellpadding=\"0\">\n<tbody>\n<tr style=\"height: 40.00pt;\">\n<td class=\"et2\" style=\"height: 40.00pt; width: 54.00pt;\" width=\"72\" height=\"53\">YG6<\/td>\n<td class=\"et3\" style=\"width: 513.75pt;\" width=\"685\">Fine grain alloy, good wear resistance. It is suitable for making carbide tubes, carbide sleeves, tungsten carbide bushings, wear-resistant parts, etc.<\/td>\n<\/tr>\n<tr style=\"height: 21.00pt;\">\n<td class=\"et2\" style=\"height: 21.00pt; width: 54.00pt;\" width=\"72\" height=\"28\"><a href=\"https:\/\/www.wolframcarbide.com\/tungsten-carbide-hardness-and-uses-of-yg8\/\">YG8<\/a><\/td>\n<td class=\"et3\" style=\"width: 513.75pt;\" rowspan=\"2\" width=\"685\">High bending strength, wear resistance lower than YG6. It is suitable for making carbide tubes, tungsten carbide sleeves, carbide bushings, wear-resistant parts, etc.<\/td>\n<\/tr>\n<tr style=\"height: 26.00pt;\">\n<td class=\"et2\" style=\"height: 26.00pt; width: 54.00pt;\" width=\"72\" height=\"34\">YG11<\/td>\n<\/tr>\n<\/tbody>\n<\/table>\n<h5><\/h5>\n<h5><strong>Tungsten carbide tubes uses:<\/strong><\/h5>\n<p>Carbide tubes are widely used in many fields, mainly including petrochemical, mould industry, submersible oil pumps, slurry pumps, water pumps, centrifugal pumps and other industrial equipment. In these applications, carbide tubes are mainly used to reduce wear, seal and protect components, and have the characteristics of high hardness resistance, high corrosion resistance, pressure resistance, wear resistance and high bending strength. \u200c<\/p>\n<p>&nbsp;<\/p>\n<p>In addition, carbide sleeves also play an important role in the following specific application fields:<\/p>\n<p>&nbsp;<\/p>\n<p>\u200cValve application\u200c: In valves, carbide tubes are installed in the stem cover steam trap to reduce valve leakage and seal.<\/p>\n<p>&nbsp;<\/p>\n<p>\u200cMould: used to manufacture wear-resistant and corrosion-resistant moulds, such as wire drawing moulds, stamping moulds, etc.<\/p>\n<p>&nbsp;<\/p>\n<p>\u200c<a href=\"https:\/\/en.wikipedia.org\/wiki\/Petroleum_industry\" rel=\"nofollow noopener\" target=\"_blank\">Petroleum industry\u200c<\/a>: In the process of oil exploration, carbide wear-resistant tubes are widely used in various mechanical equipment, carbide wear-resistant sleeves are used to oil extraction pump components to ensure stable operation of equipment in rugged drilling environments, greatly improving drilling efficiency.<\/p>\n<p>&nbsp;<\/p>\n<h5><strong>Other types of carbide tubes:<\/strong><\/h5>\n<p><a href=\"https:\/\/www.wolframcarbide.com\/product-category\/tungsten-carbide-bushings-and-sleeves\/\"><img loading=\"lazy\" decoding=\"async\" class=\"alignnone size-full wp-image-2922\" src=\"https:\/\/www.wolframcarbide.com\/wp-content\/uploads\/2025\/02\/tungsten-carbide-tube-3.jpg\" alt=\"Ground tungsten carbide tubes\" width=\"600\" height=\"600\" title=\"\" srcset=\"https:\/\/www.wolframcarbide.com\/wp-content\/uploads\/2025\/02\/tungsten-carbide-tube-3.jpg 600w, https:\/\/www.wolframcarbide.com\/wp-content\/uploads\/2025\/02\/tungsten-carbide-tube-3-300x300.jpg 300w, https:\/\/www.wolframcarbide.com\/wp-content\/uploads\/2025\/02\/tungsten-carbide-tube-3-150x150.jpg 150w, https:\/\/www.wolframcarbide.com\/wp-content\/uploads\/2025\/02\/tungsten-carbide-tube-3-100x100.jpg 100w\" sizes=\"auto, (max-width: 600px) 100vw, 600px\" \/><\/a><\/p>\n<h5>Carbide tubes sizes:<\/h5>\n<p><img loading=\"lazy\" decoding=\"async\" class=\"alignnone wp-image-2923\" src=\"https:\/\/www.wolframcarbide.com\/wp-content\/uploads\/2025\/02\/carbide-tubes-sizes.png\" alt=\"Tungsten carbide tube sizes\" width=\"415\" height=\"169\" title=\"\" srcset=\"https:\/\/www.wolframcarbide.com\/wp-content\/uploads\/2025\/02\/carbide-tubes-sizes.png 506w, https:\/\/www.wolframcarbide.com\/wp-content\/uploads\/2025\/02\/carbide-tubes-sizes-300x122.png 300w\" sizes=\"auto, (max-width: 415px) 100vw, 415px\" \/><\/p>\n<table style=\"border-collapse: collapse; width: 535.52pt;\" border=\"0\" width=\"714\" cellspacing=\"0\" cellpadding=\"0\">\n<tbody>\n<tr style=\"height: 15.75pt;\">\n<td class=\"et2\" style=\"height: 15.75pt; width: 310.25pt; text-align: center;\" colspan=\"3\" width=\"413\" height=\"21\"><strong>Dimensions<\/strong><\/td>\n<td class=\"et2\" style=\"width: 225.75pt; text-align: center;\" width=\"301\"><strong>Remark<\/strong><\/td>\n<\/tr>\n<tr style=\"height: 14.50pt;\">\n<td class=\"et2\" style=\"height: 14.5pt; width: 92.75pt; text-align: center;\" width=\"123\" height=\"19\"><strong>OD<\/strong><\/td>\n<td class=\"et2\" style=\"width: 113.5pt; text-align: center;\" width=\"151\"><strong>ID<\/strong><\/td>\n<td class=\"et2\" style=\"width: 104pt; text-align: center;\" width=\"138\"><strong>H<\/strong><\/td>\n<td class=\"et4\" style=\"width: 225.75pt; text-align: center;\" width=\"301\"><\/td>\n<\/tr>\n<tr style=\"height: 14.75pt;\">\n<td class=\"et4\" style=\"height: 14.75pt; width: 92.75pt; text-align: center;\" width=\"123\" height=\"19\">5-800 mm<\/td>\n<td class=\"et4\" style=\"width: 113.5pt; text-align: center;\" width=\"151\">4-790 mm<\/td>\n<td class=\"et4\" style=\"width: 104pt; text-align: center;\" width=\"138\">10-600 mm<\/td>\n<td class=\"et4\" style=\"width: 225.75pt; text-align: center;\" width=\"301\">Customized sizes are also available<\/td>\n<\/tr>\n<\/tbody>\n<\/table>\n<p><strong>We can make the carbide tubes as per your drawings.<\/strong><\/p>\n<p>&nbsp;<\/p>\n<p><strong>Please send us inquiries for quotations and free samples for testing:<\/strong><\/p>\n<p>&nbsp;<\/p>\n<div class=\"wpforms-container \" id=\"wpforms-2333\"><form id=\"wpforms-form-2333\" class=\"wpforms-validate wpforms-form wpforms-ajax-form\" data-formid=\"2333\" method=\"post\" enctype=\"multipart\/form-data\" action=\"\/pt\/wp-json\/wp\/v2\/product\/2919\" data-token=\"8a299996a5bbfb03881745d24052475e\" data-token-time=\"1776985326\"><noscript class=\"wpforms-error-noscript\">Please enable JavaScript in your browser to complete this form.<\/noscript><div class=\"wpforms-field-container\"><div id=\"wpforms-2333-field_1-container\" class=\"wpforms-field wpforms-field-name\" data-field-id=\"1\"><label class=\"wpforms-field-label\" for=\"wpforms-2333-field_1\">Name <span class=\"wpforms-required-label\">*<\/span><\/label><input type=\"text\" id=\"wpforms-2333-field_1\" class=\"wpforms-field-medium wpforms-field-required\" name=\"wpforms[fields][1]\" required><\/div>\t\t<div id=\"wpforms-2333-field_5-container\"\n\t\t\tclass=\"wpforms-field wpforms-field-text\"\n\t\t\tdata-field-type=\"text\"\n\t\t\tdata-field-id=\"5\"\n\t\t\t>\n\t\t\t<label class=\"wpforms-field-label\" for=\"wpforms-2333-field_5\" >Message Company Name<\/label>\n\t\t\t<input type=\"text\" id=\"wpforms-2333-field_5\" class=\"wpforms-field-medium\" name=\"wpforms[fields][5]\" >\n\t\t<\/div>\n\t\t<div id=\"wpforms-2333-field_2-container\" class=\"wpforms-field wpforms-field-text\" data-field-id=\"2\"><label class=\"wpforms-field-label\" for=\"wpforms-2333-field_2\">Company Name<\/label><input type=\"text\" id=\"wpforms-2333-field_2\" class=\"wpforms-field-medium\" name=\"wpforms[fields][2]\" ><\/div><div id=\"wpforms-2333-field_3-container\" class=\"wpforms-field wpforms-field-email\" data-field-id=\"3\"><label class=\"wpforms-field-label\" for=\"wpforms-2333-field_3\">Email <span class=\"wpforms-required-label\">*<\/span><\/label><input type=\"email\" id=\"wpforms-2333-field_3\" class=\"wpforms-field-medium wpforms-field-required\" name=\"wpforms[fields][3]\" spellcheck=\"false\" required><\/div><div id=\"wpforms-2333-field_4-container\" class=\"wpforms-field wpforms-field-textarea\" data-field-id=\"4\"><label class=\"wpforms-field-label\" for=\"wpforms-2333-field_4\">Message <span class=\"wpforms-required-label\">*<\/span><\/label><textarea id=\"wpforms-2333-field_4\" class=\"wpforms-field-medium wpforms-field-required\" name=\"wpforms[fields][4]\" required><\/textarea><\/div><script>\n\t\t\t\t( function() {\n\t\t\t\t\tconst style = document.createElement( 'style' );\n\t\t\t\t\tstyle.appendChild( document.createTextNode( '#wpforms-2333-field_5-container { position: absolute !important; overflow: hidden !important; display: inline !important; height: 1px !important; width: 1px !important; z-index: -1000 !important; padding: 0 !important; } #wpforms-2333-field_5-container input { visibility: hidden; } #wpforms-conversational-form-page #wpforms-2333-field_5-container label { counter-increment: none; }' ) );\n\t\t\t\t\tdocument.head.appendChild( style );\n\t\t\t\t\tdocument.currentScript?.remove();\n\t\t\t\t} )();\n\t\t\t<\/script><\/div><!-- .wpforms-field-container --><div class=\"wpforms-submit-container\" ><input type=\"hidden\" name=\"wpforms[id]\" value=\"2333\"><input type=\"hidden\" name=\"page_title\" value=\"\"><input type=\"hidden\" name=\"page_url\" value=\"https:\/\/www.wolframcarbide.com\/pt\/wp-json\/wp\/v2\/product\/2919\"><input type=\"hidden\" name=\"url_referer\" value=\"\"><button type=\"submit\" name=\"wpforms[submit]\" id=\"wpforms-submit-2333\" class=\"wpforms-submit\" data-alt-text=\"Sending\u2026\" data-submit-text=\"Send Inquiry\" aria-live=\"assertive\" value=\"wpforms-submit\">Send Inquiry<\/button><img loading=\"lazy\" decoding=\"async\" src=\"https:\/\/www.wolframcarbide.com\/wp-content\/plugins\/wpforms-lite\/assets\/images\/submit-spin.svg\" class=\"wpforms-submit-spinner\" style=\"display: none;\" width=\"26\" height=\"26\" alt=\"Loading\" title=\"\"><\/div><\/form><\/div>  <!-- .wpforms-container -->\n","protected":false},"excerpt":{"rendered":"<ol>\n<li>Sele\u00e7\u00e3o da mat\u00e9ria-prima: \u00c9 prefer\u00edvel o p\u00f3 de carboneto de tungst\u00e9nio de alta qualidade. Material virgem 100%.<\/li>\n<li>Forno de sinteriza\u00e7\u00e3o PVA alem\u00e3o importado. Sinteriza\u00e7\u00e3o HIP. Que pode manter as mangas de carboneto em alta densidade, <strong>Elevada resist\u00eancia ao desgaste<\/strong>, <strong>resistente a altas temperaturas<\/strong>,<strong> resistente ao impacto<\/strong> alto desempenho.<\/li>\n<li>Os engenheiros profissionais e as equipas de inspe\u00e7\u00e3o de qualidade asseguram a inspe\u00e7\u00e3o do processo do produto e a inspe\u00e7\u00e3o de aceita\u00e7\u00e3o para garantir uma qualidade est\u00e1vel do produto e impedir a expedi\u00e7\u00e3o de produtos n\u00e3o qualificados.<\/li>\n<li><strong>Mais de 40 anos de experi\u00eancia no fabrico.<\/strong><\/li>\n<li><strong>O desempenho e a vida \u00fatil dos tubos de carboneto de tungst\u00e9nio s\u00e3o pr\u00f3ximos dos 90-97% de Guhringg, Ceratizitt, Boehleritt e Kennametall.<\/strong><\/li>\n<\/ol>","protected":false},"featured_media":2920,"template":"","meta":{"_uag_custom_page_level_css":"","site-sidebar-layout":"default","site-content-layout":"","ast-site-content-layout":"default","site-content-style":"default","site-sidebar-style":"default","ast-global-header-display":"","ast-banner-title-visibility":"","ast-main-header-display":"","ast-hfb-above-header-display":"","ast-hfb-below-header-display":"","ast-hfb-mobile-header-display":"","site-post-title":"","ast-breadcrumbs-content":"","ast-featured-img":"","footer-sml-layout":"","theme-transparent-header-meta":"default","adv-header-id-meta":"","stick-header-meta":"","header-above-stick-meta":"","header-main-stick-meta":"","header-below-stick-meta":"","astra-migrate-meta-layouts":"set","ast-page-background-enabled":"default","ast-page-background-meta":{"desktop":{"background-color":"var(--ast-global-color-4)","background-image":"","background-repeat":"repeat","background-position":"center center","background-size":"auto","background-attachment":"scroll","background-type":"","background-media":"","overlay-type":"","overlay-color":"","overlay-opacity":"","overlay-gradient":""},"tablet":{"background-color":"","background-image":"","background-repeat":"repeat","background-position":"center center","background-size":"auto","background-attachment":"scroll","background-type":"","background-media":"","overlay-type":"","overlay-color":"","overlay-opacity":"","overlay-gradient":""},"mobile":{"background-color":"","background-image":"","background-repeat":"repeat","background-position":"center center","background-size":"auto","background-attachment":"scroll","background-type":"","background-media":"","overlay-type":"","overlay-color":"","overlay-opacity":"","overlay-gradient":""}},"ast-content-background-meta":{"desktop":{"background-color":"var(--ast-global-color-5)","background-image":"","background-repeat":"repeat","background-position":"center center","background-size":"auto","background-attachment":"scroll","background-type":"","background-media":"","overlay-type":"","overlay-color":"","overlay-opacity":"","overlay-gradient":""},"tablet":{"background-color":"var(--ast-global-color-5)","background-image":"","background-repeat":"repeat","background-position":"center center","background-size":"auto","background-attachment":"scroll","background-type":"","background-media":"","overlay-type":"","overlay-color":"","overlay-opacity":"","overlay-gradient":""},"mobile":{"background-color":"var(--ast-global-color-5)","background-image":"","background-repeat":"repeat","background-position":"center center","background-size":"auto","background-attachment":"scroll","background-type":"","background-media":"","overlay-type":"","overlay-color":"","overlay-opacity":"","overlay-gradient":""}},"_joinchat":[]},"product_brand":[],"product_cat":[22],"product_tag":[],"class_list":{"0":"post-2919","1":"product","2":"type-product","3":"status-publish","4":"has-post-thumbnail","6":"product_cat-tungsten-carbide-bushings-and-sleeves","7":"desktop-align-left","8":"tablet-align-left","9":"mobile-align-left","11":"first","12":"instock","13":"shipping-taxable","14":"product-type-simple"},"uagb_featured_image_src":{"full":["https:\/\/www.wolframcarbide.com\/wp-content\/uploads\/2025\/02\/tungsten-carbide-tube.jpg",600,600,false],"thumbnail":["https:\/\/www.wolframcarbide.com\/wp-content\/uploads\/2025\/02\/tungsten-carbide-tube-150x150.jpg",150,150,true],"medium":["https:\/\/www.wolframcarbide.com\/wp-content\/uploads\/2025\/02\/tungsten-carbide-tube-300x300.jpg",300,300,true],"medium_large":["https:\/\/www.wolframcarbide.com\/wp-content\/uploads\/2025\/02\/tungsten-carbide-tube.jpg",600,600,false],"large":["https:\/\/www.wolframcarbide.com\/wp-content\/uploads\/2025\/02\/tungsten-carbide-tube.jpg",600,600,false],"1536x1536":["https:\/\/www.wolframcarbide.com\/wp-content\/uploads\/2025\/02\/tungsten-carbide-tube.jpg",600,600,false],"2048x2048":["https:\/\/www.wolframcarbide.com\/wp-content\/uploads\/2025\/02\/tungsten-carbide-tube.jpg",600,600,false],"trp-custom-language-flag":["https:\/\/www.wolframcarbide.com\/wp-content\/uploads\/2025\/02\/tungsten-carbide-tube.jpg",12,12,false],"woocommerce_thumbnail":["https:\/\/www.wolframcarbide.com\/wp-content\/uploads\/2025\/02\/tungsten-carbide-tube-300x300.jpg",300,300,true],"woocommerce_single":["https:\/\/www.wolframcarbide.com\/wp-content\/uploads\/2025\/02\/tungsten-carbide-tube.jpg",600,600,false],"woocommerce_gallery_thumbnail":["https:\/\/www.wolframcarbide.com\/wp-content\/uploads\/2025\/02\/tungsten-carbide-tube-100x100.jpg",100,100,true]},"uagb_author_info":{"display_name":"admin","author_link":"https:\/\/www.wolframcarbide.com\/pt\/author\/"},"uagb_comment_info":0,"uagb_excerpt":"Raw material selection: High quality tungsten carbide powder is preferred. 100% virgin material. Imported German PVA sintering furnace. HIP sintering. Which can keep\u00a0 carbide sleeves in high density, High wear resistance, high-temperature resistant, impact-resistant high-performance. Professional engineers and quality inspection teams ensure product process inspection and acceptance inspection to ensure stable product quality and prevent&hellip;","_links":{"self":[{"href":"https:\/\/www.wolframcarbide.com\/pt\/wp-json\/wp\/v2\/product\/2919","targetHints":{"allow":["GET"]}}],"collection":[{"href":"https:\/\/www.wolframcarbide.com\/pt\/wp-json\/wp\/v2\/product"}],"about":[{"href":"https:\/\/www.wolframcarbide.com\/pt\/wp-json\/wp\/v2\/types\/product"}],"wp:featuredmedia":[{"embeddable":true,"href":"https:\/\/www.wolframcarbide.com\/pt\/wp-json\/wp\/v2\/media\/2920"}],"wp:attachment":[{"href":"https:\/\/www.wolframcarbide.com\/pt\/wp-json\/wp\/v2\/media?parent=2919"}],"wp:term":[{"taxonomy":"product_brand","embeddable":true,"href":"https:\/\/www.wolframcarbide.com\/pt\/wp-json\/wp\/v2\/product_brand?post=2919"},{"taxonomy":"product_cat","embeddable":true,"href":"https:\/\/www.wolframcarbide.com\/pt\/wp-json\/wp\/v2\/product_cat?post=2919"},{"taxonomy":"product_tag","embeddable":true,"href":"https:\/\/www.wolframcarbide.com\/pt\/wp-json\/wp\/v2\/product_tag?post=2919"}],"curies":[{"name":"wp","href":"https:\/\/api.w.org\/{rel}","templated":true}]}}