{"id":2386,"date":"2024-11-14T14:10:16","date_gmt":"2024-11-14T06:10:16","guid":{"rendered":"http:\/\/43.134.52.103\/?post_type=product&#038;p=2386"},"modified":"2025-08-10T18:38:24","modified_gmt":"2025-08-10T10:38:24","slug":"botoes-de-carboneto-de-tungstenio","status":"publish","type":"product","link":"https:\/\/www.wolframcarbide.com\/pt\/product\/tungsten-carbide-buttons\/","title":{"rendered":"Bot\u00f5es de carboneto de tungst\u00e9nio de alta qualidade para martelos DTH n\u00edvel 1"},"content":{"rendered":"<h5><strong>Tungsten carbide buttons grade:<\/strong><\/h5>\n<table width=\"611\">\n<tbody>\n<tr>\n<td style=\"text-align: center;\" width=\"91\"><strong>Grade<\/strong><\/td>\n<td style=\"text-align: center;\" width=\"72\"><strong>Co(%)<\/strong><\/td>\n<td style=\"text-align: center;\" width=\"84\"><strong>Density<\/strong><br \/>\n<strong>(g\/cm\u00b3)<\/strong><\/td>\n<td style=\"text-align: center;\" width=\"88\"><strong>Hardness<\/strong><br \/>\n<strong>(<a href=\"https:\/\/en.wikipedia.org\/wiki\/Rockwell_hardness_test\" rel=\"nofollow noopener\" target=\"_blank\">HRA<\/a>)<\/strong><\/td>\n<td style=\"text-align: center;\" width=\"93\"><strong>TRS<\/strong><br \/>\n<strong>(N\/mm\u00b2)<\/strong><\/td>\n<td style=\"text-align: center;\" width=\"182\"><strong>Recommended\u00a0\u00a0\u00a0\u00a0\u00a0Use<\/strong><\/td>\n<\/tr>\n<tr>\n<td style=\"text-align: center;\" width=\"91\">BM06<\/td>\n<td style=\"text-align: center;\" width=\"72\">6<\/td>\n<td style=\"text-align: center;\" width=\"84\">14.95<\/td>\n<td style=\"text-align: center;\" width=\"88\">90.3<\/td>\n<td style=\"text-align: center;\" width=\"93\">2800<\/td>\n<td style=\"text-align: center;\" rowspan=\"3\" width=\"182\">&nbsp;<\/p>\n<p style=\"text-align: left;\">DTH Hammers, medium to hard rock<\/p>\n<\/td>\n<\/tr>\n<tr>\n<td style=\"text-align: center;\" width=\"91\">BM65<\/td>\n<td style=\"text-align: center;\" width=\"72\">6.5<\/td>\n<td style=\"text-align: center;\" width=\"84\">14.90<\/td>\n<td style=\"text-align: center;\" width=\"88\">90.0<\/td>\n<td style=\"text-align: center;\" width=\"93\">3000<\/td>\n<\/tr>\n<tr>\n<td style=\"text-align: center;\" width=\"91\">BM08<\/td>\n<td style=\"text-align: center;\" width=\"72\">8<\/td>\n<td style=\"text-align: center;\" width=\"84\">14.8<\/td>\n<td style=\"text-align: center;\" width=\"88\">88.7<\/td>\n<td style=\"text-align: center;\" width=\"93\">3200<\/td>\n<\/tr>\n<tr>\n<td style=\"text-align: center;\" width=\"91\">B510<\/td>\n<td style=\"text-align: center;\" width=\"72\">10<\/td>\n<td style=\"text-align: center;\" width=\"84\">14.55<\/td>\n<td style=\"text-align: center;\" width=\"88\">88.1<\/td>\n<td style=\"text-align: center;\" width=\"93\">3300<\/td>\n<td rowspan=\"3\" width=\"182\">&nbsp;<\/p>\n<p>Roller cone drill bits<\/td>\n<\/tr>\n<tr>\n<td style=\"text-align: center;\" width=\"91\">B411<\/td>\n<td style=\"text-align: center;\" width=\"72\">11<\/td>\n<td style=\"text-align: center;\" width=\"84\">14.45<\/td>\n<td style=\"text-align: center;\" width=\"88\">88.8<\/td>\n<td style=\"text-align: center;\" width=\"93\">3200<\/td>\n<\/tr>\n<tr>\n<td style=\"text-align: center;\" width=\"91\">B512<\/td>\n<td style=\"text-align: center;\" width=\"72\">12<\/td>\n<td style=\"text-align: center;\" width=\"84\">14.35<\/td>\n<td style=\"text-align: center;\" width=\"88\">87.3<\/td>\n<td style=\"text-align: center;\" width=\"93\">3200<\/td>\n<\/tr>\n<tr>\n<td style=\"text-align: center;\" width=\"91\">BCK1<\/td>\n<td style=\"text-align: center;\" width=\"72\">10<\/td>\n<td style=\"text-align: center;\" width=\"84\">14.50<\/td>\n<td style=\"text-align: center;\" width=\"88\">85.7<\/td>\n<td style=\"text-align: center;\" width=\"93\">2400<\/td>\n<td rowspan=\"2\" width=\"182\">&nbsp;<\/p>\n<p>Road milling bits, mining<\/td>\n<\/tr>\n<tr>\n<td style=\"text-align: center;\" width=\"91\">BCK3-S<\/td>\n<td style=\"text-align: center;\" width=\"72\">6.5<\/td>\n<td style=\"text-align: center;\" width=\"84\">14.85<\/td>\n<td style=\"text-align: center;\" width=\"88\">87.5<\/td>\n<td style=\"text-align: center;\" width=\"93\">2200<\/td>\n<\/tr>\n<tr>\n<td style=\"text-align: center;\" width=\"91\">YH13<\/td>\n<td style=\"text-align: center;\" width=\"72\">13<\/td>\n<td style=\"text-align: center;\" width=\"84\">14.25<\/td>\n<td style=\"text-align: center;\" width=\"88\">88.7<\/td>\n<td style=\"text-align: center;\" width=\"93\">3500<\/td>\n<td rowspan=\"2\" width=\"182\">&nbsp;<\/p>\n<p>PDC Substrate<\/td>\n<\/tr>\n<tr>\n<td style=\"text-align: center;\" width=\"91\">YH16<\/td>\n<td style=\"text-align: center;\" width=\"72\">16<\/td>\n<td style=\"text-align: center;\" width=\"84\">13.90<\/td>\n<td style=\"text-align: center;\" width=\"88\">86.6<\/td>\n<td style=\"text-align: center;\" width=\"93\">3200<\/td>\n<\/tr>\n<\/tbody>\n<\/table>\n<h5>Carbide button sizes\uff1a<\/h5>\n<p><img loading=\"lazy\" decoding=\"async\" class=\"alignnone wp-image-3084\" src=\"https:\/\/www.wolframcarbide.com\/wp-content\/uploads\/2024\/11\/Carbide-buttons-web-1.jpg\" alt=\"Tungsten carbide sizes\" width=\"186\" height=\"216\" title=\"\" srcset=\"https:\/\/www.wolframcarbide.com\/wp-content\/uploads\/2024\/11\/Carbide-buttons-web-1.jpg 217w, https:\/\/www.wolframcarbide.com\/wp-content\/uploads\/2024\/11\/Carbide-buttons-web-1-10x12.jpg 10w\" sizes=\"auto, (max-width: 186px) 100vw, 186px\" \/><\/p>\n<table width=\"668\">\n<tbody>\n<tr>\n<td style=\"text-align: center;\" rowspan=\"2\" width=\"188\">&nbsp;<\/p>\n<p>Type<\/td>\n<td style=\"text-align: center;\" colspan=\"3\" width=\"479\">Basic size(mm)<\/td>\n<\/tr>\n<tr>\n<td style=\"text-align: center;\" width=\"194\">diameter(\u03a6D)<\/td>\n<td style=\"text-align: center;\" width=\"138\">height(H)<\/td>\n<td style=\"text-align: center;\" width=\"146\">radius of sphere(SR)<\/td>\n<\/tr>\n<tr>\n<td style=\"text-align: center;\" width=\"188\">BTQ08212ABT15<\/td>\n<td style=\"text-align: center;\" width=\"194\">8.2<\/td>\n<td style=\"text-align: center;\" width=\"138\">12<\/td>\n<td style=\"text-align: center;\" width=\"146\">4.2<\/td>\n<\/tr>\n<tr>\n<td style=\"text-align: center;\" width=\"188\">BTQ09213ABT17<\/td>\n<td style=\"text-align: center;\" width=\"194\">9.2<\/td>\n<td style=\"text-align: center;\" width=\"138\">13<\/td>\n<td style=\"text-align: center;\" width=\"146\">4.6<\/td>\n<\/tr>\n<tr>\n<td style=\"text-align: center;\" width=\"188\">BTQ10214BT20<\/td>\n<td style=\"text-align: center;\" width=\"194\">10.2<\/td>\n<td style=\"text-align: center;\" width=\"138\">14<\/td>\n<td style=\"text-align: center;\" width=\"146\">5.2<\/td>\n<\/tr>\n<tr>\n<td style=\"text-align: center;\" width=\"188\">BTQ11215BT21<\/td>\n<td style=\"text-align: center;\" width=\"194\">11.2<\/td>\n<td style=\"text-align: center;\" width=\"138\">15<\/td>\n<td style=\"text-align: center;\" width=\"146\">6.0<\/td>\n<\/tr>\n<tr>\n<td style=\"text-align: center;\" width=\"188\">BTQ12217BT18<\/td>\n<td style=\"text-align: center;\" width=\"194\">12.2<\/td>\n<td style=\"text-align: center;\" width=\"138\">17<\/td>\n<td style=\"text-align: center;\" width=\"146\">6.6<\/td>\n<\/tr>\n<tr>\n<td style=\"text-align: center;\" width=\"188\">BTQ13219BT20<\/td>\n<td style=\"text-align: center;\" width=\"194\">13.2<\/td>\n<td style=\"text-align: center;\" width=\"138\">19<\/td>\n<td style=\"text-align: center;\" width=\"146\">6.7<\/td>\n<\/tr>\n<tr>\n<td style=\"text-align: center;\" width=\"188\">BTQ14322BT10<\/td>\n<td style=\"text-align: center;\" width=\"194\">14.3<\/td>\n<td style=\"text-align: center;\" width=\"138\">22<\/td>\n<td style=\"text-align: center;\" width=\"146\">7.2<\/td>\n<\/tr>\n<tr>\n<td style=\"text-align: center;\" width=\"188\">BTQ16324ABT30<\/td>\n<td style=\"text-align: center;\" width=\"194\">16.3<\/td>\n<td style=\"text-align: center;\" width=\"138\">24<\/td>\n<td style=\"text-align: center;\" width=\"146\">8.8<\/td>\n<\/tr>\n<tr>\n<td style=\"text-align: center;\" width=\"188\">BTQ18327BT33<\/td>\n<td style=\"text-align: center;\" width=\"194\">18.3<\/td>\n<td style=\"text-align: center;\" width=\"138\">27<\/td>\n<td style=\"text-align: center;\" width=\"146\">9.2<\/td>\n<\/tr>\n<tr>\n<td style=\"text-align: center;\" width=\"188\">BTQ19225D20<\/td>\n<td style=\"text-align: center;\" width=\"194\">19.2<\/td>\n<td style=\"text-align: center;\" width=\"138\">25<\/td>\n<td style=\"text-align: center;\" width=\"146\">9.6<\/td>\n<\/tr>\n<tr>\n<td style=\"text-align: center;\" width=\"188\">BTQ202280EBT35<\/td>\n<td style=\"text-align: center;\" width=\"194\">20.2<\/td>\n<td style=\"text-align: center;\" width=\"138\">28<\/td>\n<td style=\"text-align: center;\" width=\"146\">10.2<\/td>\n<\/tr>\n<tr>\n<td style=\"text-align: center;\" width=\"188\">BTQ22230EBT35<\/td>\n<td style=\"text-align: center;\" width=\"194\">22.2<\/td>\n<td style=\"text-align: center;\" width=\"138\">30<\/td>\n<td style=\"text-align: center;\" width=\"146\">11.2<\/td>\n<\/tr>\n<\/tbody>\n<\/table>\n<h5><strong>Tungsten carbide button workmanship details:<\/strong><\/h5>\n<p><img loading=\"lazy\" decoding=\"async\" class=\"alignnone size-full wp-image-2602\" src=\"https:\/\/www.wolframcarbide.com\/wp-content\/uploads\/2024\/11\/Cemented-carbide-buttons-1.jpg\" alt=\"Tungsten carbide buttons\" width=\"582\" height=\"800\" title=\"\" srcset=\"https:\/\/www.wolframcarbide.com\/wp-content\/uploads\/2024\/11\/Cemented-carbide-buttons-1.jpg 582w, https:\/\/www.wolframcarbide.com\/wp-content\/uploads\/2024\/11\/Cemented-carbide-buttons-1-218x300.jpg 218w\" sizes=\"auto, (max-width: 582px) 100vw, 582px\" \/><\/p>\n<p><a href=\"https:\/\/www.wolframcarbide.com\/product-category\/tungsten-carbide-buttons-and-inserts-for-mining-and-construction\/\"><img loading=\"lazy\" decoding=\"async\" class=\"alignnone size-full wp-image-2603\" src=\"https:\/\/www.wolframcarbide.com\/wp-content\/uploads\/2024\/11\/Cemented-Carbide-buttons-2_.jpg\" alt=\"tungsten carbide button\" width=\"582\" height=\"800\" title=\"\" srcset=\"https:\/\/www.wolframcarbide.com\/wp-content\/uploads\/2024\/11\/Cemented-Carbide-buttons-2_.jpg 582w, https:\/\/www.wolframcarbide.com\/wp-content\/uploads\/2024\/11\/Cemented-Carbide-buttons-2_-218x300.jpg 218w\" sizes=\"auto, (max-width: 582px) 100vw, 582px\" \/><\/a><\/p>\n<h5><strong>Tungsten carbide button applications:<\/strong><\/h5>\n<p><img loading=\"lazy\" decoding=\"async\" class=\"alignnone size-full wp-image-2604\" src=\"https:\/\/www.wolframcarbide.com\/wp-content\/uploads\/2024\/11\/Cemented-carbide-buttons-3.jpg\" alt=\"Tungsten carbide button applications\" width=\"582\" height=\"800\" title=\"\" srcset=\"https:\/\/www.wolframcarbide.com\/wp-content\/uploads\/2024\/11\/Cemented-carbide-buttons-3.jpg 582w, https:\/\/www.wolframcarbide.com\/wp-content\/uploads\/2024\/11\/Cemented-carbide-buttons-3-218x300.jpg 218w\" sizes=\"auto, (max-width: 582px) 100vw, 582px\" \/><\/p>\n<p>&nbsp;<\/p>\n<h5><strong>Tungsten carbide buttons types and sizes:<\/strong><\/h5>\n<p><img loading=\"lazy\" decoding=\"async\" class=\"alignnone size-full wp-image-2605\" src=\"https:\/\/www.wolframcarbide.com\/wp-content\/uploads\/2024\/11\/Cemented-carbide-buttons-6.jpg\" alt=\"Tungsten carbide types and sizes\" width=\"582\" height=\"800\" title=\"\" srcset=\"https:\/\/www.wolframcarbide.com\/wp-content\/uploads\/2024\/11\/Cemented-carbide-buttons-6.jpg 582w, https:\/\/www.wolframcarbide.com\/wp-content\/uploads\/2024\/11\/Cemented-carbide-buttons-6-218x300.jpg 218w\" sizes=\"auto, (max-width: 582px) 100vw, 582px\" \/><\/p>\n<p>&nbsp;<\/p>\n<p><strong>Please send us inquiries for quotations and free samples for testing:<\/strong><\/p>\n<div class=\"wpforms-container \" id=\"wpforms-2333\"><form id=\"wpforms-form-2333\" class=\"wpforms-validate wpforms-form wpforms-ajax-form\" data-formid=\"2333\" method=\"post\" enctype=\"multipart\/form-data\" action=\"\/pt\/wp-json\/wp\/v2\/product\/2386\" data-token=\"ab1f9e6c543623d3945a746c312c4ce0\" data-token-time=\"1776010223\"><noscript class=\"wpforms-error-noscript\">Please enable JavaScript in your browser to complete this form.<\/noscript><div class=\"wpforms-field-container\">\t\t<div id=\"wpforms-2333-field_5-container\"\n\t\t\tclass=\"wpforms-field wpforms-field-text\"\n\t\t\tdata-field-type=\"text\"\n\t\t\tdata-field-id=\"5\"\n\t\t\t>\n\t\t\t<label class=\"wpforms-field-label\" for=\"wpforms-2333-field_5\" >Name Email Message<\/label>\n\t\t\t<input type=\"text\" id=\"wpforms-2333-field_5\" class=\"wpforms-field-medium\" name=\"wpforms[fields][5]\" >\n\t\t<\/div>\n\t\t<div id=\"wpforms-2333-field_1-container\" class=\"wpforms-field wpforms-field-name\" data-field-id=\"1\"><label class=\"wpforms-field-label\" for=\"wpforms-2333-field_1\">Name <span class=\"wpforms-required-label\">*<\/span><\/label><input type=\"text\" id=\"wpforms-2333-field_1\" class=\"wpforms-field-medium wpforms-field-required\" name=\"wpforms[fields][1]\" required><\/div><div id=\"wpforms-2333-field_2-container\" class=\"wpforms-field wpforms-field-text\" data-field-id=\"2\"><label class=\"wpforms-field-label\" for=\"wpforms-2333-field_2\">Company Name<\/label><input type=\"text\" id=\"wpforms-2333-field_2\" class=\"wpforms-field-medium\" name=\"wpforms[fields][2]\" ><\/div><div id=\"wpforms-2333-field_3-container\" class=\"wpforms-field wpforms-field-email\" data-field-id=\"3\"><label class=\"wpforms-field-label\" for=\"wpforms-2333-field_3\">Email <span class=\"wpforms-required-label\">*<\/span><\/label><input type=\"email\" id=\"wpforms-2333-field_3\" class=\"wpforms-field-medium wpforms-field-required\" name=\"wpforms[fields][3]\" spellcheck=\"false\" required><\/div><div id=\"wpforms-2333-field_4-container\" class=\"wpforms-field wpforms-field-textarea\" data-field-id=\"4\"><label class=\"wpforms-field-label\" for=\"wpforms-2333-field_4\">Message <span class=\"wpforms-required-label\">*<\/span><\/label><textarea id=\"wpforms-2333-field_4\" class=\"wpforms-field-medium wpforms-field-required\" name=\"wpforms[fields][4]\" required><\/textarea><\/div><script>\n\t\t\t\t( function() {\n\t\t\t\t\tconst style = document.createElement( 'style' );\n\t\t\t\t\tstyle.appendChild( document.createTextNode( '#wpforms-2333-field_5-container { position: absolute !important; overflow: hidden !important; display: inline !important; height: 1px !important; width: 1px !important; z-index: -1000 !important; padding: 0 !important; } #wpforms-2333-field_5-container input { visibility: hidden; } #wpforms-conversational-form-page #wpforms-2333-field_5-container label { counter-increment: none; }' ) );\n\t\t\t\t\tdocument.head.appendChild( style );\n\t\t\t\t\tdocument.currentScript?.remove();\n\t\t\t\t} )();\n\t\t\t<\/script><\/div><!-- .wpforms-field-container --><div class=\"wpforms-submit-container\" ><input type=\"hidden\" name=\"wpforms[id]\" value=\"2333\"><input type=\"hidden\" name=\"page_title\" value=\"\"><input type=\"hidden\" name=\"page_url\" value=\"https:\/\/www.wolframcarbide.com\/pt\/wp-json\/wp\/v2\/product\/2386\"><input type=\"hidden\" name=\"url_referer\" value=\"\"><button type=\"submit\" name=\"wpforms[submit]\" id=\"wpforms-submit-2333\" class=\"wpforms-submit\" data-alt-text=\"Sending\u2026\" data-submit-text=\"Send Inquiry\" aria-live=\"assertive\" value=\"wpforms-submit\">Send Inquiry<\/button><img loading=\"lazy\" decoding=\"async\" src=\"https:\/\/www.wolframcarbide.com\/wp-content\/plugins\/wpforms-lite\/assets\/images\/submit-spin.svg\" class=\"wpforms-submit-spinner\" style=\"display: none;\" width=\"26\" height=\"26\" alt=\"Loading\" title=\"\"><\/div><\/form><\/div>  <!-- .wpforms-container -->\n","protected":false},"excerpt":{"rendered":"<p>Bot\u00f5es de carboneto de tungst\u00e9nio.<\/p>\n<p>Di\u00e2metro: Conforme os seus desenhos.<\/p>\n<p>Comprimento: De acordo com os seus desenhos.<\/p>\n<p>Toler\u00e2ncia: Rectificado e polido h5 e h6.<\/p>\n<ol>\n<li>Sele\u00e7\u00e3o da mat\u00e9ria-prima: \u00c9 prefer\u00edvel o p\u00f3 de carboneto de tungst\u00e9nio de alta qualidade. Material virgem 100%.<\/li>\n<li>Forno de sinteriza\u00e7\u00e3o PVA alem\u00e3o importado. Sinteriza\u00e7\u00e3o HIP. Que pode manter os bot\u00f5es de carboneto de tungst\u00e9nio em alta densidade, <strong>Elevada resist\u00eancia ao desgaste<\/strong>, de elevado desempenho.<\/li>\n<li>Os engenheiros profissionais e as equipas de inspe\u00e7\u00e3o de qualidade asseguram a inspe\u00e7\u00e3o do processo do produto e a inspe\u00e7\u00e3o de aceita\u00e7\u00e3o para garantir uma qualidade est\u00e1vel do produto e impedir a expedi\u00e7\u00e3o de produtos n\u00e3o qualificados.<\/li>\n<li><strong>Mais de 40 anos de experi\u00eancia no fabrico.<\/strong><\/li>\n<li><strong>O desempenho e a vida \u00fatil dos bot\u00f5es de carboneto de tungst\u00e9nio s\u00e3o pr\u00f3ximos dos 90-97% de Guhringg, Ceratizitg, Boehleritg e Kennametall.<\/strong><\/li>\n<\/ol>","protected":false},"featured_media":2388,"template":"","meta":{"_uag_custom_page_level_css":"","site-sidebar-layout":"default","site-content-layout":"","ast-site-content-layout":"default","site-content-style":"default","site-sidebar-style":"default","ast-global-header-display":"","ast-banner-title-visibility":"","ast-main-header-display":"","ast-hfb-above-header-display":"","ast-hfb-below-header-display":"","ast-hfb-mobile-header-display":"","site-post-title":"","ast-breadcrumbs-content":"","ast-featured-img":"","footer-sml-layout":"","theme-transparent-header-meta":"default","adv-header-id-meta":"","stick-header-meta":"","header-above-stick-meta":"","header-main-stick-meta":"","header-below-stick-meta":"","astra-migrate-meta-layouts":"set","ast-page-background-enabled":"default","ast-page-background-meta":{"desktop":{"background-color":"var(--ast-global-color-4)","background-image":"","background-repeat":"repeat","background-position":"center center","background-size":"auto","background-attachment":"scroll","background-type":"","background-media":"","overlay-type":"","overlay-color":"","overlay-opacity":"","overlay-gradient":""},"tablet":{"background-color":"","background-image":"","background-repeat":"repeat","background-position":"center center","background-size":"auto","background-attachment":"scroll","background-type":"","background-media":"","overlay-type":"","overlay-color":"","overlay-opacity":"","overlay-gradient":""},"mobile":{"background-color":"","background-image":"","background-repeat":"repeat","background-position":"center center","background-size":"auto","background-attachment":"scroll","background-type":"","background-media":"","overlay-type":"","overlay-color":"","overlay-opacity":"","overlay-gradient":""}},"ast-content-background-meta":{"desktop":{"background-color":"var(--ast-global-color-5)","background-image":"","background-repeat":"repeat","background-position":"center center","background-size":"auto","background-attachment":"scroll","background-type":"","background-media":"","overlay-type":"","overlay-color":"","overlay-opacity":"","overlay-gradient":""},"tablet":{"background-color":"var(--ast-global-color-5)","background-image":"","background-repeat":"repeat","background-position":"center center","background-size":"auto","background-attachment":"scroll","background-type":"","background-media":"","overlay-type":"","overlay-color":"","overlay-opacity":"","overlay-gradient":""},"mobile":{"background-color":"var(--ast-global-color-5)","background-image":"","background-repeat":"repeat","background-position":"center center","background-size":"auto","background-attachment":"scroll","background-type":"","background-media":"","overlay-type":"","overlay-color":"","overlay-opacity":"","overlay-gradient":""}},"_joinchat":[]},"product_brand":[],"product_cat":[21],"product_tag":[],"class_list":{"0":"post-2386","1":"product","2":"type-product","3":"status-publish","4":"has-post-thumbnail","6":"product_cat-tungsten-carbide-buttons-and-inserts-for-mining-and-construction","7":"desktop-align-left","8":"tablet-align-left","9":"mobile-align-left","11":"first","12":"instock","13":"shipping-taxable","14":"product-type-simple"},"uagb_featured_image_src":{"full":["https:\/\/www.wolframcarbide.com\/wp-content\/uploads\/2024\/11\/Tungsten-Carbide-button.jpg",600,600,false],"thumbnail":["https:\/\/www.wolframcarbide.com\/wp-content\/uploads\/2024\/11\/Tungsten-Carbide-button-150x150.jpg",150,150,true],"medium":["https:\/\/www.wolframcarbide.com\/wp-content\/uploads\/2024\/11\/Tungsten-Carbide-button-300x300.jpg",300,300,true],"medium_large":["https:\/\/www.wolframcarbide.com\/wp-content\/uploads\/2024\/11\/Tungsten-Carbide-button.jpg",600,600,false],"large":["https:\/\/www.wolframcarbide.com\/wp-content\/uploads\/2024\/11\/Tungsten-Carbide-button.jpg",600,600,false],"1536x1536":["https:\/\/www.wolframcarbide.com\/wp-content\/uploads\/2024\/11\/Tungsten-Carbide-button.jpg",600,600,false],"2048x2048":["https:\/\/www.wolframcarbide.com\/wp-content\/uploads\/2024\/11\/Tungsten-Carbide-button.jpg",600,600,false],"trp-custom-language-flag":["https:\/\/www.wolframcarbide.com\/wp-content\/uploads\/2024\/11\/Tungsten-Carbide-button.jpg",12,12,false],"woocommerce_thumbnail":["https:\/\/www.wolframcarbide.com\/wp-content\/uploads\/2024\/11\/Tungsten-Carbide-button-300x300.jpg",300,300,true],"woocommerce_single":["https:\/\/www.wolframcarbide.com\/wp-content\/uploads\/2024\/11\/Tungsten-Carbide-button.jpg",600,600,false],"woocommerce_gallery_thumbnail":["https:\/\/www.wolframcarbide.com\/wp-content\/uploads\/2024\/11\/Tungsten-Carbide-button-100x100.jpg",100,100,true]},"uagb_author_info":{"display_name":"admin","author_link":"https:\/\/www.wolframcarbide.com\/pt\/author\/"},"uagb_comment_info":0,"uagb_excerpt":"Tungsten carbide buttons. Diameter: As per your drawings. Length: As per your drawings. Tolerance: Ground and polished h5 and h6. Raw material selection: High quality tungsten carbide powder is preferred. 100% virgin material. Imported German PVA sintering furnace. HIP sintering. Which can keep tungsten carbide buttons in high density, High wear resistance, high-performance. Professional engineers&hellip;","_links":{"self":[{"href":"https:\/\/www.wolframcarbide.com\/pt\/wp-json\/wp\/v2\/product\/2386","targetHints":{"allow":["GET"]}}],"collection":[{"href":"https:\/\/www.wolframcarbide.com\/pt\/wp-json\/wp\/v2\/product"}],"about":[{"href":"https:\/\/www.wolframcarbide.com\/pt\/wp-json\/wp\/v2\/types\/product"}],"wp:featuredmedia":[{"embeddable":true,"href":"https:\/\/www.wolframcarbide.com\/pt\/wp-json\/wp\/v2\/media\/2388"}],"wp:attachment":[{"href":"https:\/\/www.wolframcarbide.com\/pt\/wp-json\/wp\/v2\/media?parent=2386"}],"wp:term":[{"taxonomy":"product_brand","embeddable":true,"href":"https:\/\/www.wolframcarbide.com\/pt\/wp-json\/wp\/v2\/product_brand?post=2386"},{"taxonomy":"product_cat","embeddable":true,"href":"https:\/\/www.wolframcarbide.com\/pt\/wp-json\/wp\/v2\/product_cat?post=2386"},{"taxonomy":"product_tag","embeddable":true,"href":"https:\/\/www.wolframcarbide.com\/pt\/wp-json\/wp\/v2\/product_tag?post=2386"}],"curies":[{"name":"wp","href":"https:\/\/api.w.org\/{rel}","templated":true}]}}