{"id":1324,"date":"2024-11-02T16:28:17","date_gmt":"2024-11-02T08:28:17","guid":{"rendered":"http:\/\/43.134.52.103\/about\/"},"modified":"2026-04-18T12:27:17","modified_gmt":"2026-04-18T04:27:17","slug":"sobre","status":"publish","type":"page","link":"https:\/\/www.wolframcarbide.com\/pt\/about\/","title":{"rendered":"Sobre n\u00f3s"},"content":{"rendered":"<div class=\"wp-block-uagb-container uagb-block-3ad17e27 alignfull uagb-is-root-container\"><div class=\"uagb-container-inner-blocks-wrap\">\n<div class=\"wp-block-uagb-advanced-heading uagb-block-8a1eebc0\"><h3 class=\"uagb-heading-text\">Os dez maiores fabricantes de produtos de metal duro na China<\/h3><\/div>\n<\/div><\/div>\n\n\n\n<div class=\"wp-block-uagb-container uagb-block-f8ec2bd3 alignfull uagb-is-root-container\"><div class=\"uagb-container-inner-blocks-wrap\">\n<div class=\"wp-block-uagb-advanced-heading uagb-block-e874992d\"><h4 class=\"uagb-heading-text\">Somos uma equipa altamente colaborativa e solid\u00e1ria, que se junta em cada projeto para garantir que os nossos clientes obt\u00eam o melhor resultado.<\/h4><\/div>\n\n\n\n<div class=\"wp-block-uagb-image aligncenter uagb-block-2d710799 wp-block-uagb-image--layout-default wp-block-uagb-image--effect-static wp-block-uagb-image--align-center\"><figure class=\"wp-block-uagb-image__figure\"><img decoding=\"async\" srcset=\"https:\/\/www.wolframcarbide.com\/wp-content\/uploads\/2021\/11\/contact-hero.jpg ,https:\/\/www.wolframcarbide.com\/wp-content\/uploads\/2021\/11\/contact-hero.jpg 780w, https:\/\/www.wolframcarbide.com\/wp-content\/uploads\/2021\/11\/contact-hero.jpg 360w\" sizes=\"auto, (max-width: 480px) 150px\" src=\"https:\/\/www.wolframcarbide.com\/wp-content\/uploads\/2021\/11\/contact-hero.jpg\" alt=\"\" class=\"uag-image-432\" width=\"1040\" height=\"600\" title=\"contacto-her\u00f3i\" loading=\"lazy\" role=\"img\"><\/figure><\/div>\n\n\n\n<div class=\"wp-block-uagb-container uagb-block-72514f6d\">\n<div class=\"wp-block-uagb-advanced-heading uagb-block-b317ae0b\"><h3 class=\"uagb-heading-text\">A nossa miss\u00e3o<\/h3><p class=\"uagb-desc-text\">Construir o melhor produto de carboneto de volfr\u00e2mio que crie o maior valor para os nossos clientes, utilizar o neg\u00f3cio para inspirar e implementar solu\u00e7\u00f5es amigas do ambiente.<\/p><\/div>\n\n\n\n<div class=\"wp-block-uagb-advanced-heading uagb-block-3b00767d\"><h3 class=\"uagb-heading-text\">Os nossos valores<\/h3><p class=\"uagb-desc-text\">Esfor\u00e7amo-nos por ir acima e al\u00e9m para os nossos clientes, independentemente do desafio. O nosso objetivo \u00e9 apresentar o nosso melhor trabalho todos os dias, em todos os nossos servi\u00e7os.<\/p><\/div>\n<\/div>\n<\/div><\/div>\n\n\n\n<div class=\"wp-block-uagb-container uagb-block-7e43a084 alignfull uagb-is-root-container\"><div class=\"uagb-container-inner-blocks-wrap\">\n<div class=\"wp-block-uagb-container uagb-block-63ba1eac\">\n<p class=\"has-medium-font-size\">A empresa iniciou a produ\u00e7\u00e3o de produtos de carboneto de tungst\u00e9nio em 1972. Atualmente, possui zonas de produ\u00e7\u00e3o e duas oficinas de fornos de sinteriza\u00e7\u00e3o. Dentro da empresa, existem 36 conjuntos de fornos de sinteriza\u00e7\u00e3o, juntamente com fornos de sinteriza\u00e7\u00e3o PVA importados origin\u00e1rios da Alemanha. <\/p>\n\n\n\n<p class=\"has-medium-font-size\">Estas instala\u00e7\u00f5es de produ\u00e7\u00e3o sofisticadas asseguram um desempenho consistente ao longo de todo o processo de fabrico, garantindo assim a produ\u00e7\u00e3o de produtos de carboneto de volfr\u00e2mio de qualidade superior.<\/p>\n<\/div>\n\n\n\n<div class=\"wp-block-uagb-container uagb-block-7def36e0\">\n<figure class=\"wp-block-image size-full is-resized\"><img loading=\"lazy\" decoding=\"async\" width=\"800\" height=\"600\" src=\"http:\/\/43.134.52.103\/wp-content\/uploads\/2024\/11\/Sintering-workshop.jpg\" alt=\"\" class=\"wp-image-2346\" style=\"width:566px;height:auto\" title=\"\" srcset=\"https:\/\/www.wolframcarbide.com\/wp-content\/uploads\/2024\/11\/Sintering-workshop.jpg 800w, https:\/\/www.wolframcarbide.com\/wp-content\/uploads\/2024\/11\/Sintering-workshop-300x225.jpg 300w, https:\/\/www.wolframcarbide.com\/wp-content\/uploads\/2024\/11\/Sintering-workshop-768x576.jpg 768w, https:\/\/www.wolframcarbide.com\/wp-content\/uploads\/2024\/11\/Sintering-workshop-600x450.jpg 600w\" sizes=\"auto, (max-width: 800px) 100vw, 800px\" \/><\/figure>\n<\/div>\n<\/div><\/div>\n\n\n\n<div class=\"wp-block-uagb-container uagb-block-54f8d3ed alignfull uagb-is-root-container\"><div class=\"uagb-container-inner-blocks-wrap\">\n<p><\/p>\n\n\n\n<p><\/p>\n<\/div><\/div>\n\n\n\n<div class=\"wp-block-uagb-container uagb-block-b4fbb967 alignfull uagb-is-root-container\"><div class=\"uagb-container-inner-blocks-wrap\">\n<div class=\"wp-block-uagb-container uagb-block-df65a96e\">\n<figure class=\"wp-block-image size-full is-resized\"><img loading=\"lazy\" decoding=\"async\" width=\"800\" height=\"600\" src=\"http:\/\/43.134.52.103\/wp-content\/uploads\/2024\/11\/Pressing-workshop.jpg\" alt=\"\" class=\"wp-image-2347\" style=\"width:572px;height:auto\" title=\"\" srcset=\"https:\/\/www.wolframcarbide.com\/wp-content\/uploads\/2024\/11\/Pressing-workshop.jpg 800w, https:\/\/www.wolframcarbide.com\/wp-content\/uploads\/2024\/11\/Pressing-workshop-300x225.jpg 300w, https:\/\/www.wolframcarbide.com\/wp-content\/uploads\/2024\/11\/Pressing-workshop-768x576.jpg 768w, https:\/\/www.wolframcarbide.com\/wp-content\/uploads\/2024\/11\/Pressing-workshop-600x450.jpg 600w\" sizes=\"auto, (max-width: 800px) 100vw, 800px\" \/><\/figure>\n<\/div>\n\n\n\n<div class=\"wp-block-uagb-container uagb-block-a8f48a4f\">\n<p class=\"has-medium-font-size\">As a professional tungsten carbide factory, we possess dust-free pressing workshops, which play a pivotal role in ensuring stable and high-quality cemented carbide production. These workshops ensure the purity of materials during the pressing stage, preventing impurities and detrimental substances from contaminating the product, thereby safeguarding the quality of high-standard tungsten carbide products.<\/p>\n\n\n\n<p class=\"has-medium-font-size\">A capacidade do nosso equipamento de prensagem varia de um grama a 50 quilogramas.<\/p>\n<\/div>\n<\/div><\/div>\n\n\n\n<div class=\"wp-block-uagb-container uagb-block-803df5dc alignfull uagb-is-root-container\"><div class=\"uagb-container-inner-blocks-wrap\">\n<p><\/p>\n\n\n\n<p><\/p>\n<\/div><\/div>\n\n\n\n<div class=\"wp-block-uagb-container uagb-block-2aed62a6 alignfull uagb-is-root-container\"><div class=\"uagb-container-inner-blocks-wrap\">\n<div class=\"wp-block-uagb-container uagb-block-6699f64f\">\n<p class=\"has-medium-font-size\">A empresa possui 192 conjuntos de equipamentos de maquinagem, incluindo rectificadoras, tornos, fresadoras, centros de maquinagem e m\u00e1quinas de corte. <\/p>\n\n\n\n<p class=\"has-medium-font-size\">\u00c9 capaz de atingir uma precis\u00e3o de maquina\u00e7\u00e3o h5 para hastes de carboneto de tungst\u00e9nio, bem como fornecer uma precis\u00e3o de rugosidade de superf\u00edcie de 0,01 micr\u00f3metros para outros produtos de equipamento mineiro e fornecimentos de equipamento petrol\u00edfero.<\/p>\n<\/div>\n\n\n\n<div class=\"wp-block-uagb-container uagb-block-ecec6dac\">\n<figure class=\"wp-block-image size-full\"><img loading=\"lazy\" decoding=\"async\" width=\"800\" height=\"533\" src=\"http:\/\/43.134.52.103\/wp-content\/uploads\/2024\/11\/Machining-workshop-2.jpg\" alt=\"\" class=\"wp-image-2350\" title=\"\" srcset=\"https:\/\/www.wolframcarbide.com\/wp-content\/uploads\/2024\/11\/Machining-workshop-2.jpg 800w, https:\/\/www.wolframcarbide.com\/wp-content\/uploads\/2024\/11\/Machining-workshop-2-300x200.jpg 300w, https:\/\/www.wolframcarbide.com\/wp-content\/uploads\/2024\/11\/Machining-workshop-2-768x512.jpg 768w, https:\/\/www.wolframcarbide.com\/wp-content\/uploads\/2024\/11\/Machining-workshop-2-600x400.jpg 600w\" sizes=\"auto, (max-width: 800px) 100vw, 800px\" \/><\/figure>\n<\/div>\n<\/div><\/div>\n\n\n\n<div class=\"wp-block-uagb-container uagb-block-8fb328e3 alignfull uagb-is-root-container\"><div class=\"uagb-container-inner-blocks-wrap\">\n<p><\/p>\n\n\n\n<p><\/p>\n<\/div><\/div>\n\n\n\n<div class=\"wp-block-uagb-container uagb-block-e1e2015b alignfull uagb-is-root-container\"><div class=\"uagb-container-inner-blocks-wrap\">\n<p class=\"has-medium-font-size\">Os equipamentos de ensaio da nossa empresa s\u00e3o os seguintes<\/p>\n<\/div><\/div>\n\n\n\n<div class=\"wp-block-uagb-container uagb-block-89c1bab6 alignfull uagb-is-root-container\"><div class=\"uagb-container-inner-blocks-wrap\">\n<p><\/p>\n\n\n\n<p><\/p>\n<\/div><\/div>\n\n\n\n<p><\/p>\n\n\n\n<div class=\"wp-block-uagb-container uagb-block-af92174d alignfull uagb-is-root-container\"><div class=\"uagb-container-inner-blocks-wrap\">\n<div class=\"wp-block-uagb-container uagb-block-a075c8ea\">\n<figure class=\"wp-block-image size-full\"><img loading=\"lazy\" decoding=\"async\" width=\"729\" height=\"533\" src=\"http:\/\/43.134.52.103\/wp-content\/uploads\/2024\/11\/Check-one-1.jpg\" alt=\"\" class=\"wp-image-2361\" title=\"\" srcset=\"https:\/\/www.wolframcarbide.com\/wp-content\/uploads\/2024\/11\/Check-one-1.jpg 729w, https:\/\/www.wolframcarbide.com\/wp-content\/uploads\/2024\/11\/Check-one-1-300x219.jpg 300w, https:\/\/www.wolframcarbide.com\/wp-content\/uploads\/2024\/11\/Check-one-1-600x439.jpg 600w\" sizes=\"auto, (max-width: 729px) 100vw, 729px\" \/><\/figure>\n<\/div>\n\n\n\n<div class=\"wp-block-uagb-container uagb-block-afa96cc2\">\n<figure class=\"wp-block-image size-full\"><img loading=\"lazy\" decoding=\"async\" width=\"800\" height=\"600\" src=\"http:\/\/43.134.52.103\/wp-content\/uploads\/2024\/11\/Checking-6-1.jpg\" alt=\"\" class=\"wp-image-2362\" title=\"\" srcset=\"https:\/\/www.wolframcarbide.com\/wp-content\/uploads\/2024\/11\/Checking-6-1.jpg 800w, https:\/\/www.wolframcarbide.com\/wp-content\/uploads\/2024\/11\/Checking-6-1-300x225.jpg 300w, https:\/\/www.wolframcarbide.com\/wp-content\/uploads\/2024\/11\/Checking-6-1-768x576.jpg 768w, https:\/\/www.wolframcarbide.com\/wp-content\/uploads\/2024\/11\/Checking-6-1-600x450.jpg 600w\" sizes=\"auto, (max-width: 800px) 100vw, 800px\" \/><\/figure>\n<\/div>\n\n\n\n<div class=\"wp-block-uagb-container uagb-block-42aa65d9\">\n<figure class=\"wp-block-image size-full\"><img loading=\"lazy\" decoding=\"async\" width=\"757\" height=\"533\" src=\"http:\/\/43.134.52.103\/wp-content\/uploads\/2024\/11\/Checking-7-1.jpg\" alt=\"\" class=\"wp-image-2363\" title=\"\" srcset=\"https:\/\/www.wolframcarbide.com\/wp-content\/uploads\/2024\/11\/Checking-7-1.jpg 757w, https:\/\/www.wolframcarbide.com\/wp-content\/uploads\/2024\/11\/Checking-7-1-300x211.jpg 300w, https:\/\/www.wolframcarbide.com\/wp-content\/uploads\/2024\/11\/Checking-7-1-600x422.jpg 600w\" sizes=\"auto, (max-width: 757px) 100vw, 757px\" \/><\/figure>\n<\/div>\n\n\n\n<div class=\"wp-block-uagb-container uagb-block-cc39ab16\">\n<figure class=\"wp-block-image size-full\"><img loading=\"lazy\" decoding=\"async\" width=\"706\" height=\"533\" src=\"http:\/\/43.134.52.103\/wp-content\/uploads\/2024\/11\/Checking-2-1.jpg\" alt=\"\" class=\"wp-image-2364\" title=\"\" srcset=\"https:\/\/www.wolframcarbide.com\/wp-content\/uploads\/2024\/11\/Checking-2-1.jpg 706w, https:\/\/www.wolframcarbide.com\/wp-content\/uploads\/2024\/11\/Checking-2-1-300x226.jpg 300w, https:\/\/www.wolframcarbide.com\/wp-content\/uploads\/2024\/11\/Checking-2-1-600x453.jpg 600w\" sizes=\"auto, (max-width: 706px) 100vw, 706px\" \/><\/figure>\n<\/div>\n\n\n\n<div class=\"wp-block-uagb-container uagb-block-e969dcd8\">\n<figure class=\"wp-block-image size-full is-resized\"><img loading=\"lazy\" decoding=\"async\" width=\"800\" height=\"533\" src=\"http:\/\/43.134.52.103\/wp-content\/uploads\/2024\/11\/Checking-5-2.jpg\" alt=\"\" class=\"wp-image-2365\" style=\"width:392px;height:auto\" title=\"\" srcset=\"https:\/\/www.wolframcarbide.com\/wp-content\/uploads\/2024\/11\/Checking-5-2.jpg 800w, https:\/\/www.wolframcarbide.com\/wp-content\/uploads\/2024\/11\/Checking-5-2-300x200.jpg 300w, https:\/\/www.wolframcarbide.com\/wp-content\/uploads\/2024\/11\/Checking-5-2-768x512.jpg 768w, https:\/\/www.wolframcarbide.com\/wp-content\/uploads\/2024\/11\/Checking-5-2-600x400.jpg 600w\" sizes=\"auto, (max-width: 800px) 100vw, 800px\" \/><\/figure>\n<\/div>\n\n\n\n<div class=\"wp-block-uagb-container uagb-block-1a86036e\">\n<figure class=\"wp-block-image size-full is-resized\"><img loading=\"lazy\" decoding=\"async\" width=\"800\" height=\"533\" src=\"http:\/\/43.134.52.103\/wp-content\/uploads\/2024\/11\/Checking-3-1.jpg\" alt=\"\" class=\"wp-image-2366\" style=\"width:395px;height:auto\" title=\"\" srcset=\"https:\/\/www.wolframcarbide.com\/wp-content\/uploads\/2024\/11\/Checking-3-1.jpg 800w, https:\/\/www.wolframcarbide.com\/wp-content\/uploads\/2024\/11\/Checking-3-1-300x200.jpg 300w, https:\/\/www.wolframcarbide.com\/wp-content\/uploads\/2024\/11\/Checking-3-1-768x512.jpg 768w, https:\/\/www.wolframcarbide.com\/wp-content\/uploads\/2024\/11\/Checking-3-1-600x400.jpg 600w\" sizes=\"auto, (max-width: 800px) 100vw, 800px\" \/><\/figure>\n<\/div>\n<\/div><\/div>\n\n\n\n<div class=\"wp-block-uagb-container uagb-block-61e8ac2a alignfull uagb-is-root-container\"><div class=\"uagb-container-inner-blocks-wrap\">\n<div class=\"wp-block-uagb-image aligncenter uagb-block-052b1f4c wp-block-uagb-image--layout-default wp-block-uagb-image--effect-static wp-block-uagb-image--align-center\"><figure class=\"wp-block-uagb-image__figure\"><img decoding=\"async\" srcset=\"https:\/\/www.wolframcarbide.com\/wp-content\/uploads\/2021\/11\/quotes.svg ,https:\/\/www.wolframcarbide.com\/wp-content\/uploads\/2021\/11\/quotes.svg 780w, https:\/\/www.wolframcarbide.com\/wp-content\/uploads\/2021\/11\/quotes.svg 360w\" sizes=\"auto, (max-width: 480px) 150px\" src=\"https:\/\/www.wolframcarbide.com\/wp-content\/uploads\/2021\/11\/quotes.svg\" alt=\"\" class=\"uag-image-117\" width=\"37\" height=\"38\" title=\"cita\u00e7\u00f5es\" loading=\"lazy\" role=\"img\"><\/figure><\/div>\n\n\n\n<div class=\"wp-block-uagb-info-box uagb-block-54aaf525 uagb-infobox__content-wrap  uagb-infobox-icon-below-title uagb-infobox-image-valign-top\"><div class=\"uagb-ifb-content\"><div class=\"uagb-ifb-title-wrap\"><h4 class=\"uagb-ifb-title\">\"Bem-vindos convidados de todo o mundo para visitar a nossa empresa.  Bem-vindo a telefonar-nos para pedir um or\u00e7amento. A nossa equipa responder-lhe-\u00e1 no prazo de 24 horas. Podemos tamb\u00e9m oferecer-lhe amostras gr\u00e1tis para que possa fazer testes.\"<\/h4><\/div><div class=\"uagb-ifb-image-content\"><img decoding=\"async\" src=\"https:\/\/www.wolframcarbide.com\/wp-content\/uploads\/2024\/11\/MD-150x150.jpg\" alt=\"\" width=\"50\" height=\"50\" loading=\"lazy\" title=\"\"><\/div><p class=\"uagb-ifb-desc\">Diretor Geral<\/p><\/div><\/div>\n<\/div><\/div>","protected":false},"excerpt":{"rendered":"<p>The top ten largest carbide products manufacturers in China We\u2019re a highly collaborative and supportive team, coming together on every project to ensure our clients get the very best result. Our Mission Build the best product wolfram carbide that creates the most value for our customers, use business to inspire and implement environmentally friendly solutions. [&hellip;]<\/p>\n","protected":false},"author":1,"featured_media":0,"parent":0,"menu_order":0,"comment_status":"closed","ping_status":"closed","template":"","meta":{"_uag_custom_page_level_css":"","site-sidebar-layout":"no-sidebar","site-content-layout":"page-builder","ast-site-content-layout":"full-width-container","site-content-style":"unboxed","site-sidebar-style":"default","ast-global-header-display":"","ast-banner-title-visibility":"","ast-main-header-display":"","ast-hfb-above-header-display":"","ast-hfb-below-header-display":"","ast-hfb-mobile-header-display":"","site-post-title":"disabled","ast-breadcrumbs-content":"","ast-featured-img":"disabled","footer-sml-layout":"","theme-transparent-header-meta":"enabled","adv-header-id-meta":"","stick-header-meta":"","header-above-stick-meta":"","header-main-stick-meta":"","header-below-stick-meta":"","astra-migrate-meta-layouts":"set","ast-page-background-enabled":"default","ast-page-background-meta":{"desktop":{"background-color":"var(--ast-global-color-4)","background-image":"","background-repeat":"repeat","background-position":"center center","background-size":"auto","background-attachment":"scroll","background-type":"","background-media":"","overlay-type":"","overlay-color":"","overlay-opacity":"","overlay-gradient":""},"tablet":{"background-color":"","background-image":"","background-repeat":"repeat","background-position":"center center","background-size":"auto","background-attachment":"scroll","background-type":"","background-media":"","overlay-type":"","overlay-color":"","overlay-opacity":"","overlay-gradient":""},"mobile":{"background-color":"","background-image":"","background-repeat":"repeat","background-position":"center center","background-size":"auto","background-attachment":"scroll","background-type":"","background-media":"","overlay-type":"","overlay-color":"","overlay-opacity":"","overlay-gradient":""}},"ast-content-background-meta":{"desktop":{"background-color":"var(--ast-global-color-5)","background-image":"","background-repeat":"repeat","background-position":"center center","background-size":"auto","background-attachment":"scroll","background-type":"","background-media":"","overlay-type":"","overlay-color":"","overlay-opacity":"","overlay-gradient":""},"tablet":{"background-color":"var(--ast-global-color-5)","background-image":"","background-repeat":"repeat","background-position":"center center","background-size":"auto","background-attachment":"scroll","background-type":"","background-media":"","overlay-type":"","overlay-color":"","overlay-opacity":"","overlay-gradient":""},"mobile":{"background-color":"var(--ast-global-color-5)","background-image":"","background-repeat":"repeat","background-position":"center center","background-size":"auto","background-attachment":"scroll","background-type":"","background-media":"","overlay-type":"","overlay-color":"","overlay-opacity":"","overlay-gradient":""}},"_joinchat":[],"footnotes":""},"class_list":["post-1324","page","type-page","status-publish","hentry"],"uagb_featured_image_src":{"full":false,"thumbnail":false,"medium":false,"medium_large":false,"large":false,"1536x1536":false,"2048x2048":false,"trp-custom-language-flag":false,"woocommerce_thumbnail":false,"woocommerce_single":false,"woocommerce_gallery_thumbnail":false},"uagb_author_info":{"display_name":"admin","author_link":"https:\/\/www.wolframcarbide.com\/pt\/author\/admin\/"},"uagb_comment_info":0,"uagb_excerpt":"The top ten largest carbide products manufacturers in China We\u2019re a highly collaborative and supportive team, coming together on every project to ensure our clients get the very best result. Our Mission Build the best product wolfram carbide that creates the most value for our customers, use business to inspire and implement environmentally friendly solutions.&hellip;","_links":{"self":[{"href":"https:\/\/www.wolframcarbide.com\/pt\/wp-json\/wp\/v2\/pages\/1324","targetHints":{"allow":["GET"]}}],"collection":[{"href":"https:\/\/www.wolframcarbide.com\/pt\/wp-json\/wp\/v2\/pages"}],"about":[{"href":"https:\/\/www.wolframcarbide.com\/pt\/wp-json\/wp\/v2\/types\/page"}],"author":[{"embeddable":true,"href":"https:\/\/www.wolframcarbide.com\/pt\/wp-json\/wp\/v2\/users\/1"}],"replies":[{"embeddable":true,"href":"https:\/\/www.wolframcarbide.com\/pt\/wp-json\/wp\/v2\/comments?post=1324"}],"version-history":[{"count":26,"href":"https:\/\/www.wolframcarbide.com\/pt\/wp-json\/wp\/v2\/pages\/1324\/revisions"}],"predecessor-version":[{"id":3820,"href":"https:\/\/www.wolframcarbide.com\/pt\/wp-json\/wp\/v2\/pages\/1324\/revisions\/3820"}],"wp:attachment":[{"href":"https:\/\/www.wolframcarbide.com\/pt\/wp-json\/wp\/v2\/media?parent=1324"}],"curies":[{"name":"wp","href":"https:\/\/api.w.org\/{rel}","templated":true}]}}