{"id":1322,"date":"2024-11-02T16:28:17","date_gmt":"2024-11-02T08:28:17","guid":{"rendered":"http:\/\/43.134.52.103\/home\/"},"modified":"2026-04-18T11:41:08","modified_gmt":"2026-04-18T03:41:08","slug":"home","status":"publish","type":"page","link":"https:\/\/www.wolframcarbide.com\/pt\/","title":{"rendered":"In\u00edcio"},"content":{"rendered":"<div class=\"wp-block-uagb-container uagb-block-494c42c4 alignfull uagb-is-root-container\"><div class=\"uagb-container-inner-blocks-wrap\">\n<div class=\"wp-block-uagb-info-box uagb-block-cd2517a4 uagb-infobox__content-wrap  uagb-infobox-icon-above-title uagb-infobox-image-valign-top wp-block-uagb-info-box--has-margin\"><div class=\"uagb-infobox-margin-wrapper\"><div class=\"uagb-ifb-content\"><div class=\"uagb-ifb-title-wrap\"><h1 class=\"uagb-ifb-title-prefix\">40 anos de experi\u00eancia no fabrico<\/h1><\/div><div class=\"uagb-ifb-button-wrapper wp-block-button\"><a href=\"https:\/\/www.wolframcarbide.com\/pt\/produtos\/\" class=\"uagb-infobox-cta-link wp-block-button__link\" target=\"_self\" rel=\"noopener noreferrer\" onclick=\"return true;\"><span class=\"uagb-inline-editing\">Come\u00e7ar a trabalhar<\/span><\/a><\/div><\/div><\/div><\/div>\n<\/div><\/div>\n\n\n\n<div class=\"wp-block-uagb-container uagb-block-5fcee4f8 alignfull uagb-is-root-container\"><div class=\"uagb-container-inner-blocks-wrap\">\n<div class=\"wp-block-uagb-advanced-heading uagb-block-2b5f3149\"><h2 class=\"uagb-heading-text\">Os nossos produtos<\/h2><div class=\"uagb-separator\"><\/div><\/div>\n\n\n\n<div class=\"wp-block-uagb-container uagb-block-4a8e1942\">\n<div class=\"wp-block-uagb-container uagb-block-c988f562\">\n<div class=\"wp-block-uagb-image alignleft uagb-block-a35d235b wp-block-uagb-image--layout-default wp-block-uagb-image--effect-static wp-block-uagb-image--align-left\"><figure class=\"wp-block-uagb-image__figure\"><a class=\"\" href=\"https:\/\/www.wolframcarbide.com\/pt\/categoria-de-produto\/botoes-e-pastilhas-de-carboneto-de-tungstenio-para-minas-e-construcao\/\" target=\"\" rel=\"noopener\"><img decoding=\"async\" srcset=\"https:\/\/www.wolframcarbide.com\/wp-content\/uploads\/2024\/11\/Carbide-inserts-for-mining-.jpg ,https:\/\/www.wolframcarbide.com\/wp-content\/uploads\/2024\/11\/Carbide-inserts-for-mining-.jpg 780w, https:\/\/www.wolframcarbide.com\/wp-content\/uploads\/2024\/11\/Carbide-inserts-for-mining-.jpg 360w\" sizes=\"auto, (max-width: 480px) 150px\" src=\"https:\/\/www.wolframcarbide.com\/wp-content\/uploads\/2024\/11\/Carbide-inserts-for-mining-.jpg\" alt=\"\" class=\"uag-image-2320\" width=\"374\" height=\"464\" title=\"Pastilhas de metal duro para minas\" loading=\"lazy\" role=\"img\"><\/a><\/figure><\/div>\n\n\n\n<div class=\"wp-block-uagb-advanced-heading uagb-block-b07219d5\"><h3 class=\"uagb-heading-text\">Bot\u00f5es de carboneto de tungst\u00e9nio para equipamento mineiro<\/h3><p class=\"uagb-desc-text\">Os bot\u00f5es de carboneto de tungst\u00e9nio est\u00e3o a ser utilizados para fabricar ferramentas de perfura\u00e7\u00e3o, tais como brocas DTH, fresas de plaina, fresas TBM e pinos HPGR.<\/p><\/div>\n\n\n\n<p><\/p>\n<\/div>\n\n\n\n<div class=\"wp-block-uagb-container uagb-block-0ad6ff4e\">\n<div class=\"wp-block-uagb-image alignleft uagb-block-930d8e85 wp-block-uagb-image--layout-default wp-block-uagb-image--effect-static wp-block-uagb-image--align-left\"><figure class=\"wp-block-uagb-image__figure\"><a class=\"\" href=\"https:\/\/www.wolframcarbide.com\/pt\/categoria-de-produto\/varetas-de-carboneto-de-tungstenio\/\" target=\"\" rel=\"noopener\"><img decoding=\"async\" srcset=\"https:\/\/www.wolframcarbide.com\/wp-content\/uploads\/2024\/11\/Tungsten-carbide-rods_6.jpg ,https:\/\/www.wolframcarbide.com\/wp-content\/uploads\/2024\/11\/Tungsten-carbide-rods_6.jpg 780w, https:\/\/www.wolframcarbide.com\/wp-content\/uploads\/2024\/11\/Tungsten-carbide-rods_6.jpg 360w\" sizes=\"auto, (max-width: 480px) 150px\" src=\"https:\/\/www.wolframcarbide.com\/wp-content\/uploads\/2024\/11\/Tungsten-carbide-rods_6.jpg\" alt=\"\" class=\"uag-image-2316\" width=\"373\" height=\"464\" title=\"Varetas de carboneto de tungst\u00e9nio_6\" loading=\"lazy\" role=\"img\"><\/a><\/figure><\/div>\n\n\n\n<div class=\"wp-block-uagb-advanced-heading uagb-block-3974de5a\"><h3 class=\"uagb-heading-text\">Barras e placas de carboneto de tungst\u00e9nio<\/h3><p class=\"uagb-desc-text\">As barras de carbeto de tungst\u00eanio s\u00e3o utilizadas para fabricar ferramentas de corte, tais como fresas de topo, brocas de carboneto, moldes de estampagem.<\/p><\/div>\n\n\n\n<p><\/p>\n<\/div>\n\n\n\n<div class=\"wp-block-uagb-container uagb-block-48a31e6a\">\n<div class=\"wp-block-uagb-image alignleft uagb-block-2675d6b0 wp-block-uagb-image--layout-default wp-block-uagb-image--effect-static wp-block-uagb-image--align-left\"><figure class=\"wp-block-uagb-image__figure\"><a class=\"\" href=\"https:\/\/www.wolframcarbide.com\/pt\/categoria-de-produto\/casquilhos-e-mangas-de-carboneto-de-tungstenio\/\" target=\"\" rel=\"noopener\"><img decoding=\"async\" srcset=\"https:\/\/www.wolframcarbide.com\/wp-content\/uploads\/2024\/11\/Wearing-part-for-oil-field.jpg ,https:\/\/www.wolframcarbide.com\/wp-content\/uploads\/2024\/11\/Wearing-part-for-oil-field.jpg 780w, https:\/\/www.wolframcarbide.com\/wp-content\/uploads\/2024\/11\/Wearing-part-for-oil-field.jpg 360w\" sizes=\"auto, (max-width: 480px) 150px\" src=\"https:\/\/www.wolframcarbide.com\/wp-content\/uploads\/2024\/11\/Wearing-part-for-oil-field.jpg\" alt=\"\" class=\"uag-image-2321\" width=\"373\" height=\"464\" title=\"Pe\u00e7a de desgaste para campos petrol\u00edferos\" loading=\"lazy\" role=\"img\"><\/a><\/figure><\/div>\n\n\n\n<div class=\"wp-block-uagb-advanced-heading uagb-block-8f982c10\"><h3 class=\"uagb-heading-text\">Mangas de carboneto de tungst\u00e9nio<\/h3><p class=\"uagb-desc-text\">As mangas de carboneto de Wolfram s\u00e3o usadas na ind\u00fastria petroqu\u00edmica, como bomba de fraturamento, bomba de \u00e1gua, bomba de \u00f3leo e outras bombas, especialmente usadas para bombas de alta press\u00e3o ou resistentes \u00e0 corros\u00e3o, restritores de fluxo, assento servo...<\/p><\/div>\n<\/div>\n<\/div>\n<\/div><\/div>\n\n\n\n<div class=\"wp-block-uagb-container uagb-block-fb32e4bf alignfull uagb-is-root-container\"><div class=\"uagb-container-inner-blocks-wrap\">\n<div class=\"wp-block-uagb-image aligncenter uagb-block-052b1f4c wp-block-uagb-image--layout-default wp-block-uagb-image--effect-static wp-block-uagb-image--align-center\"><figure class=\"wp-block-uagb-image__figure\"><img decoding=\"async\" srcset=\"https:\/\/www.wolframcarbide.com\/wp-content\/uploads\/2021\/11\/quotes.svg ,https:\/\/www.wolframcarbide.com\/wp-content\/uploads\/2021\/11\/quotes.svg 780w, https:\/\/www.wolframcarbide.com\/wp-content\/uploads\/2021\/11\/quotes.svg 360w\" sizes=\"auto, (max-width: 480px) 150px\" src=\"https:\/\/www.wolframcarbide.com\/wp-content\/uploads\/2021\/11\/quotes.svg\" alt=\"\" class=\"uag-image-117\" width=\"37\" height=\"38\" title=\"cita\u00e7\u00f5es\" loading=\"lazy\" role=\"img\"><\/figure><\/div>\n\n\n\n<div class=\"wp-block-uagb-info-box uagb-block-54aaf525 uagb-infobox__content-wrap  uagb-infobox-icon-below-title uagb-infobox-image-valign-top\"><div class=\"uagb-ifb-content\"><div class=\"uagb-ifb-title-wrap\"><h4 class=\"uagb-ifb-title\">\"Os nossos produtos de carboneto de tungst\u00e9nio s\u00e3o exportados para a Alemanha, Pa\u00edses Baixos, It\u00e1lia, Pol\u00f3nia, Austr\u00e1lia, \u00cdndia, Mal\u00e1sia, Tail\u00e2ndia, Coreia do Sul, Jap\u00e3o, Canad\u00e1, Estados Unidos, Peru, Brasil e outros pa\u00edses. <br>O desempenho e a vida \u00fatil dos nossos produtos de carboneto de tungst\u00e9nio est\u00e3o pr\u00f3ximos dos 90-97% da Guhringg, Boehleritt e Kennametall.\"<\/h4><\/div><div class=\"uagb-ifb-image-content\"><img decoding=\"async\" src=\"https:\/\/www.wolframcarbide.com\/wp-content\/uploads\/2024\/11\/Export-director-150x135.jpg\" alt=\"\" width=\"50\" height=\"45\" loading=\"lazy\" title=\"\"><\/div><p class=\"uagb-ifb-desc\">Diretor de Exporta\u00e7\u00e3o<\/p><\/div><\/div>\n<\/div><\/div>\n\n\n\n<div class=\"wp-block-uagb-container uagb-layout-grid uagb-block-0186287e alignwide uagb-is-root-container\">\n<div class=\"wp-block-uagb-info-box uagb-block-03550eeb uagb-infobox__content-wrap  uagb-infobox-icon-above-title uagb-infobox-image-valign-top wp-block-uagb-info-box--has-margin\"><div class=\"uagb-infobox-margin-wrapper\"><div class=\"uagb-ifb-content\"><div class=\"uagb-ifb-title-wrap\"><h4 class=\"uagb-ifb-title\">Sobre n\u00f3s<\/h4><\/div><p class=\"uagb-ifb-desc\">A Qingdao Bortome Import &amp; Export Co., Ltd., localizada em Qingdao, na China, \u00e9 uma subsidi\u00e1ria integral da Tongyu Heavy Industry Co., Ltd (C\u00f3digo de Estoque: 300185), que est\u00e1 entre os dez maiores fabricantes de produtos de metal duro da China e tem mais de 40 anos de experi\u00eancia em fabrica\u00e7\u00e3o.<br><br>Com base na poderosa empresa-m\u00e3e, integrada com os ricos recursos de suas subsidi\u00e1rias e aproveitando ao m\u00e1ximo a localiza\u00e7\u00e3o e os talentos, Qingdao Bortome est\u00e1 empenhada em construir uma empresa de primeira classe, especializada em pesquisa, design, fabrica\u00e7\u00e3o e servi\u00e7os p\u00f3s-venda de v\u00e1rios produtos de carboneto de volfr\u00e2mio.<br><br>Estamos ansiosos para fazer coopera\u00e7\u00e3o win-win e construir rela\u00e7\u00f5es comerciais de longo prazo com voc\u00ea. &nbsp;<\/p><div class=\"uagb-ifb-button-wrapper wp-block-button\"><a href=\"https:\/\/www.wolframcarbide.com\/pt\/sobre\/\" class=\"uagb-infobox-cta-link ast-outline-button\" target=\"_self\" rel=\"noopener noreferrer\" style=\"border-width:revert-layer\" onclick=\"return true;\"><span class=\"uagb-inline-editing\">Saiba mais<\/span><\/a><\/div><\/div><\/div><\/div>\n\n\n\n<div class=\"wp-block-uagb-image alignright uagb-block-37933192 wp-block-uagb-image--layout-default wp-block-uagb-image--effect-static wp-block-uagb-image--align-right\"><figure class=\"wp-block-uagb-image__figure\"><img decoding=\"async\" srcset=\"https:\/\/www.wolframcarbide.com\/wp-content\/uploads\/2024\/11\/PVA.jpg ,https:\/\/www.wolframcarbide.com\/wp-content\/uploads\/2024\/11\/PVA.jpg 780w, https:\/\/www.wolframcarbide.com\/wp-content\/uploads\/2024\/11\/PVA.jpg 360w\" sizes=\"auto, (max-width: 480px) 150px\" src=\"https:\/\/www.wolframcarbide.com\/wp-content\/uploads\/2024\/11\/PVA.jpg\" alt=\"Forno de PVA\" class=\"uag-image-2299\" width=\"693\" height=\"501\" title=\"PVA\" loading=\"lazy\" role=\"img\"\/><\/figure><\/div>\n<\/div>\n\n\n\n<div class=\"wp-block-uagb-container uagb-block-05a4a518 alignfull uagb-is-root-container\"><div class=\"uagb-container-inner-blocks-wrap\">\n<div class=\"wp-block-uagb-info-box uagb-block-9a97965e uagb-infobox__content-wrap  uagb-infobox-icon-above-title uagb-infobox-image-valign-top wp-block-uagb-info-box--has-margin\"><div class=\"uagb-infobox-margin-wrapper\"><div class=\"uagb-ifb-content\"><div class=\"uagb-ifb-title-wrap\"><h1 class=\"uagb-ifb-title\">PERGUNTAS?<\/h1><\/div><p class=\"uagb-ifb-desc\">Quer esteja curioso acerca das funcionalidades, de uma avalia\u00e7\u00e3o gratuita ou mesmo da imprensa, estamos aqui para responder a quaisquer perguntas.<\/p><div class=\"uagb-ifb-button-wrapper wp-block-button\"><a href=\"https:\/\/www.wolframcarbide.com\/pt\/contacto\/\" class=\"uagb-infobox-cta-link wp-block-button__link\" target=\"_self\" rel=\"noopener noreferrer\" onclick=\"return true;\"><span class=\"uagb-inline-editing\">Vamos falar agora<\/span><\/a><\/div><\/div><\/div><\/div>\n<\/div><\/div>","protected":false},"excerpt":{"rendered":"<p>Our Products Tungsten carbide buttons for mining equipment Tungsten carbide buttons are being used for making drilling tools, such as DTH bits, milling planer cutters,TBM cutters and HPGR studs. Tungsten carbide rods and plates Tungsten carbide rods are being used for making cutting tools, such as end mills, carbide drills, stamping mould. Tungsten carbide sleeves [&hellip;]<\/p>\n","protected":false},"author":1,"featured_media":0,"parent":0,"menu_order":0,"comment_status":"closed","ping_status":"closed","template":"","meta":{"_uag_custom_page_level_css":"","site-sidebar-layout":"no-sidebar","site-content-layout":"page-builder","ast-site-content-layout":"full-width-container","site-content-style":"unboxed","site-sidebar-style":"unboxed","ast-global-header-display":"","ast-banner-title-visibility":"","ast-main-header-display":"","ast-hfb-above-header-display":"","ast-hfb-below-header-display":"","ast-hfb-mobile-header-display":"","site-post-title":"disabled","ast-breadcrumbs-content":"","ast-featured-img":"disabled","footer-sml-layout":"","theme-transparent-header-meta":"enabled","adv-header-id-meta":"","stick-header-meta":"","header-above-stick-meta":"","header-main-stick-meta":"","header-below-stick-meta":"","astra-migrate-meta-layouts":"set","ast-page-background-enabled":"default","ast-page-background-meta":{"desktop":{"background-color":"var(--ast-global-color-4)","background-image":"","background-repeat":"repeat","background-position":"center center","background-size":"auto","background-attachment":"scroll","background-type":"","background-media":"","overlay-type":"","overlay-color":"","overlay-opacity":"","overlay-gradient":""},"tablet":{"background-color":"","background-image":"","background-repeat":"repeat","background-position":"center center","background-size":"auto","background-attachment":"scroll","background-type":"","background-media":"","overlay-type":"","overlay-color":"","overlay-opacity":"","overlay-gradient":""},"mobile":{"background-color":"","background-image":"","background-repeat":"repeat","background-position":"center center","background-size":"auto","background-attachment":"scroll","background-type":"","background-media":"","overlay-type":"","overlay-color":"","overlay-opacity":"","overlay-gradient":""}},"ast-content-background-meta":{"desktop":{"background-color":"var(--ast-global-color-5)","background-image":"","background-repeat":"repeat","background-position":"center center","background-size":"auto","background-attachment":"scroll","background-type":"","background-media":"","overlay-type":"","overlay-color":"","overlay-opacity":"","overlay-gradient":""},"tablet":{"background-color":"var(--ast-global-color-5)","background-image":"","background-repeat":"repeat","background-position":"center center","background-size":"auto","background-attachment":"scroll","background-type":"","background-media":"","overlay-type":"","overlay-color":"","overlay-opacity":"","overlay-gradient":""},"mobile":{"background-color":"var(--ast-global-color-5)","background-image":"","background-repeat":"repeat","background-position":"center center","background-size":"auto","background-attachment":"scroll","background-type":"","background-media":"","overlay-type":"","overlay-color":"","overlay-opacity":"","overlay-gradient":""}},"_joinchat":[],"footnotes":""},"class_list":["post-1322","page","type-page","status-publish","hentry"],"uagb_featured_image_src":{"full":false,"thumbnail":false,"medium":false,"medium_large":false,"large":false,"1536x1536":false,"2048x2048":false,"trp-custom-language-flag":false,"woocommerce_thumbnail":false,"woocommerce_single":false,"woocommerce_gallery_thumbnail":false},"uagb_author_info":{"display_name":"admin","author_link":"https:\/\/www.wolframcarbide.com\/pt\/author\/admin\/"},"uagb_comment_info":0,"uagb_excerpt":"Our Products Tungsten carbide buttons for mining equipment Tungsten carbide buttons are being used for making drilling tools, such as DTH bits, milling planer cutters,TBM cutters and HPGR studs. Tungsten carbide rods and plates Tungsten carbide rods are being used for making cutting tools, such as end mills, carbide drills, stamping mould. Tungsten carbide sleeves&hellip;","_links":{"self":[{"href":"https:\/\/www.wolframcarbide.com\/pt\/wp-json\/wp\/v2\/pages\/1322","targetHints":{"allow":["GET"]}}],"collection":[{"href":"https:\/\/www.wolframcarbide.com\/pt\/wp-json\/wp\/v2\/pages"}],"about":[{"href":"https:\/\/www.wolframcarbide.com\/pt\/wp-json\/wp\/v2\/types\/page"}],"author":[{"embeddable":true,"href":"https:\/\/www.wolframcarbide.com\/pt\/wp-json\/wp\/v2\/users\/1"}],"replies":[{"embeddable":true,"href":"https:\/\/www.wolframcarbide.com\/pt\/wp-json\/wp\/v2\/comments?post=1322"}],"version-history":[{"count":28,"href":"https:\/\/www.wolframcarbide.com\/pt\/wp-json\/wp\/v2\/pages\/1322\/revisions"}],"predecessor-version":[{"id":3324,"href":"https:\/\/www.wolframcarbide.com\/pt\/wp-json\/wp\/v2\/pages\/1322\/revisions\/3324"}],"wp:attachment":[{"href":"https:\/\/www.wolframcarbide.com\/pt\/wp-json\/wp\/v2\/media?parent=1322"}],"curies":[{"name":"wp","href":"https:\/\/api.w.org\/{rel}","templated":true}]}}