{"id":3694,"date":"2026-01-24T17:53:18","date_gmt":"2026-01-24T09:53:18","guid":{"rendered":"https:\/\/www.wolframcarbide.com\/?post_type=product&#038;p=3694"},"modified":"2026-02-26T09:44:51","modified_gmt":"2026-02-26T01:44:51","slug":"rolki-z-weglika-spiekanego-do-walcarek","status":"publish","type":"product","link":"https:\/\/www.wolframcarbide.com\/pl\/product\/tungsten-carbide-rolls-for-rolling-mills\/","title":{"rendered":"Producent wysokiej jako\u015bci rolki z w\u0119glika spiekanego do walcarek YG15"},"content":{"rendered":"<h5><strong>Grades of tungsten carbide rolls:<\/strong><\/h5>\n<table style=\"border-collapse: collapse; width: 865px; height: 250px;\" border=\"0\" width=\"519\" cellspacing=\"0\" cellpadding=\"0\">\n<tbody>\n<tr style=\"height: 33.00pt;\">\n<td class=\"et2\" style=\"height: 33pt; width: 56.25pt; text-align: center;\" width=\"75\" height=\"44\">&nbsp;<\/p>\n<p><strong>Grade<\/strong><\/td>\n<td class=\"et2\" style=\"width: 62.5pt; text-align: center;\" width=\"83\">&nbsp;<\/p>\n<p><strong>Wc (%)<\/strong><\/td>\n<td class=\"et2\" style=\"width: 64pt; text-align: center;\" width=\"85\">&nbsp;<\/p>\n<p><strong>Co (%)<\/strong><\/td>\n<td class=\"et2\" style=\"width: 77.25pt; text-align: center;\" width=\"103\">&nbsp;<\/p>\n<p><strong>TRS <\/strong><br \/>\n<strong>(N\/mm\u00b2)<\/strong><\/td>\n<td class=\"et2\" style=\"width: 64pt; text-align: center;\" width=\"85\">&nbsp;<\/p>\n<p><strong>Density (g\/cm\u00b3)<\/strong><\/td>\n<td class=\"et2\" style=\"width: 65.25pt; text-align: center;\" width=\"87\">&nbsp;<\/p>\n<p><strong>\u00a0 \u00a0Hardness\u00a0 \u00a0 \u00a0(<a href=\"https:\/\/en.wikipedia.org\/wiki\/Rockwell_hardness_test\" rel=\"nofollow noopener\" target=\"_blank\">HRA<\/a> )<\/strong><\/td>\n<\/tr>\n<tr style=\"height: 20.00pt;\">\n<td class=\"et2\" style=\"height: 20pt; width: 56.25pt; text-align: center;\" width=\"75\" height=\"26\"><a href=\"https:\/\/www.wolframcarbide.com\/best-tungsten-steel-yg15-for-mould-industry\/\">YG15<\/a><\/td>\n<td class=\"et2\" style=\"width: 62.5pt; text-align: center;\" width=\"83\">85<\/td>\n<td class=\"et2\" style=\"width: 64pt; text-align: center;\" width=\"85\">15<\/td>\n<td class=\"et2\" style=\"width: 77.25pt; text-align: center;\" width=\"103\">\u22652500<\/td>\n<td class=\"et2\" style=\"width: 64pt; text-align: center;\" width=\"85\">13.9-14.1<\/td>\n<td class=\"et2\" style=\"width: 65.25pt; text-align: center;\" width=\"87\">\u226587<\/td>\n<\/tr>\n<tr style=\"height: 20.25pt;\">\n<td class=\"et2\" style=\"height: 20.25pt; width: 56.25pt; text-align: center;\" width=\"75\" height=\"27\">YGH30<\/td>\n<td class=\"et2\" style=\"width: 62.5pt; text-align: center;\" width=\"83\">85<\/td>\n<td class=\"et2\" style=\"width: 64pt; text-align: center;\" width=\"85\">15<\/td>\n<td class=\"et2\" style=\"width: 77.25pt; text-align: center;\" width=\"103\">\u22652700<\/td>\n<td class=\"et2\" style=\"width: 64pt; text-align: center;\" width=\"85\">14.02<\/td>\n<td class=\"et2\" style=\"width: 65.25pt; text-align: center;\" width=\"87\">\u226584.9<\/td>\n<\/tr>\n<\/tbody>\n<\/table>\n<p>&nbsp;<\/p>\n<p><strong style=\"font-size: 1.2em;\">Sizes of tungsten carbide rolls:<\/strong><\/p>\n<p>&nbsp;<\/p>\n<p><img loading=\"lazy\" decoding=\"async\" class=\"alignnone wp-image-3695\" src=\"https:\/\/www.wolframcarbide.com\/wp-content\/uploads\/2026\/01\/tungsten-carbide-rolls-sizes.jpg\" alt=\"tungsten carbide rolls drawing\" width=\"411\" height=\"120\" title=\"\" srcset=\"https:\/\/www.wolframcarbide.com\/wp-content\/uploads\/2026\/01\/tungsten-carbide-rolls-sizes.jpg 633w, https:\/\/www.wolframcarbide.com\/wp-content\/uploads\/2026\/01\/tungsten-carbide-rolls-sizes-300x88.jpg 300w, https:\/\/www.wolframcarbide.com\/wp-content\/uploads\/2026\/01\/tungsten-carbide-rolls-sizes-18x5.jpg 18w, https:\/\/www.wolframcarbide.com\/wp-content\/uploads\/2026\/01\/tungsten-carbide-rolls-sizes-600x175.jpg 600w\" sizes=\"auto, (max-width: 411px) 100vw, 411px\" \/><\/p>\n<p>&nbsp;<\/p>\n<table style=\"border-collapse: collapse; width: 912px; height: 175px;\" border=\"0\" width=\"518\" cellspacing=\"0\" cellpadding=\"0\">\n<tbody>\n<tr style=\"height: 33.00pt;\">\n<td class=\"et3\" style=\"height: 33pt; width: 92.25pt; text-align: center;\" width=\"123\" height=\"44\"><strong>Wire Range<\/strong><\/td>\n<td class=\"et3\" style=\"width: 94.5pt; text-align: center;\" width=\"126\"><strong>Outside \u03c6 (mm)<\/strong><\/td>\n<td class=\"et3\" style=\"width: 93pt; text-align: center;\" width=\"124\"><strong>Inside \u03c6 (mm)<\/strong><\/td>\n<td class=\"et3\" style=\"width: 108.75pt; text-align: center;\" width=\"145\"><strong>Thickness (mm)<\/strong><\/td>\n<\/tr>\n<tr style=\"height: 19.50pt;\">\n<td class=\"et3\" style=\"height: 19.5pt; width: 92.25pt; text-align: center;\" width=\"123\" height=\"26\">4-8.5<\/td>\n<td class=\"et3\" style=\"width: 94.5pt; text-align: center;\" width=\"126\">123<\/td>\n<td class=\"et3\" style=\"width: 93pt; text-align: center;\" width=\"124\">82<\/td>\n<td class=\"et3\" style=\"width: 108.75pt; text-align: center;\" width=\"145\">15<\/td>\n<\/tr>\n<tr style=\"height: 20.50pt;\">\n<td class=\"et4\" style=\"height: 20.5pt; width: 92.25pt; text-align: center;\" width=\"123\" height=\"27\">9-12<\/td>\n<td class=\"et3\" style=\"width: 94.5pt; text-align: center;\" width=\"126\">123<\/td>\n<td class=\"et3\" style=\"width: 93pt; text-align: center;\" width=\"124\">82<\/td>\n<td class=\"et3\" style=\"width: 108.75pt; text-align: center;\" width=\"145\">20<\/td>\n<\/tr>\n<tr style=\"height: 20.50pt;\">\n<td class=\"et4\" style=\"height: 20.5pt; width: 92.25pt; text-align: center;\" width=\"123\" height=\"27\">4-8.5<\/td>\n<td class=\"et3\" style=\"width: 94.5pt; text-align: center;\" width=\"126\">125<\/td>\n<td class=\"et3\" style=\"width: 93pt; text-align: center;\" width=\"124\">82<\/td>\n<td class=\"et3\" style=\"width: 108.75pt; text-align: center;\" width=\"145\">15<\/td>\n<\/tr>\n<tr style=\"height: 20.00pt;\">\n<td class=\"et4\" style=\"height: 20pt; width: 92.25pt; text-align: center;\" width=\"123\" height=\"26\">9-12<\/td>\n<td class=\"et3\" style=\"width: 94.5pt; text-align: center;\" width=\"126\">125<\/td>\n<td class=\"et3\" style=\"width: 93pt; text-align: center;\" width=\"124\">82<\/td>\n<td class=\"et3\" style=\"width: 108.75pt; text-align: center;\" width=\"145\">20<\/td>\n<\/tr>\n<tr style=\"height: 20.50pt;\">\n<td class=\"et4\" style=\"height: 20.5pt; width: 92.25pt; text-align: center;\" width=\"123\" height=\"27\">4-8.5<\/td>\n<td class=\"et3\" style=\"width: 94.5pt; text-align: center;\" width=\"126\">140<\/td>\n<td class=\"et3\" style=\"width: 93pt; text-align: center;\" width=\"124\">90<\/td>\n<td class=\"et3\" style=\"width: 108.75pt; text-align: center;\" width=\"145\">15<\/td>\n<\/tr>\n<tr style=\"height: 20.50pt;\">\n<td class=\"et4\" style=\"height: 20.5pt; width: 92.25pt; text-align: center;\" width=\"123\" height=\"27\">9-12<\/td>\n<td class=\"et3\" style=\"width: 94.5pt; text-align: center;\" width=\"126\">140<\/td>\n<td class=\"et3\" style=\"width: 93pt; text-align: center;\" width=\"124\">90<\/td>\n<td class=\"et3\" style=\"width: 108.75pt; text-align: center;\" width=\"145\">20<\/td>\n<\/tr>\n<tr style=\"height: 19.50pt;\">\n<td class=\"et4\" style=\"height: 19.5pt; width: 92.25pt; text-align: center;\" width=\"123\" height=\"26\">4-8.5<\/td>\n<td class=\"et3\" style=\"width: 94.5pt; text-align: center;\" width=\"126\">150<\/td>\n<td class=\"et3\" style=\"width: 93pt; text-align: center;\" width=\"124\">90<\/td>\n<td class=\"et3\" style=\"width: 108.75pt; text-align: center;\" width=\"145\">15<\/td>\n<\/tr>\n<tr style=\"height: 20.75pt;\">\n<td class=\"et4\" style=\"height: 20.75pt; width: 92.25pt; text-align: center;\" width=\"123\" height=\"27\">9-12<\/td>\n<td class=\"et3\" style=\"width: 94.5pt; text-align: center;\" width=\"126\">150<\/td>\n<td class=\"et3\" style=\"width: 93pt; text-align: center;\" width=\"124\">90<\/td>\n<td class=\"et3\" style=\"width: 108.75pt; text-align: center;\" width=\"145\">20<\/td>\n<\/tr>\n<\/tbody>\n<\/table>\n<h5><strong>Details of tungsten carbide rolls:<\/strong><\/h5>\n<p><img loading=\"lazy\" decoding=\"async\" class=\"alignnone size-full wp-image-3697\" src=\"https:\/\/www.wolframcarbide.com\/wp-content\/uploads\/2026\/01\/tungsten-carbide-rolls-for-rolling-mills.jpg\" alt=\"tungsten carbide rolls for rolling mills\" width=\"800\" height=\"500\" title=\"\" srcset=\"https:\/\/www.wolframcarbide.com\/wp-content\/uploads\/2026\/01\/tungsten-carbide-rolls-for-rolling-mills.jpg 800w, https:\/\/www.wolframcarbide.com\/wp-content\/uploads\/2026\/01\/tungsten-carbide-rolls-for-rolling-mills-300x188.jpg 300w, https:\/\/www.wolframcarbide.com\/wp-content\/uploads\/2026\/01\/tungsten-carbide-rolls-for-rolling-mills-768x480.jpg 768w, https:\/\/www.wolframcarbide.com\/wp-content\/uploads\/2026\/01\/tungsten-carbide-rolls-for-rolling-mills-18x12.jpg 18w, https:\/\/www.wolframcarbide.com\/wp-content\/uploads\/2026\/01\/tungsten-carbide-rolls-for-rolling-mills-600x375.jpg 600w\" sizes=\"auto, (max-width: 800px) 100vw, 800px\" \/><\/p>\n<p><img loading=\"lazy\" decoding=\"async\" class=\"alignnone size-full wp-image-3699\" src=\"https:\/\/www.wolframcarbide.com\/wp-content\/uploads\/2026\/01\/tungsten-carbide-rolls-2.jpg\" alt=\"tungsten carbide rolls\" width=\"800\" height=\"507\" title=\"\" srcset=\"https:\/\/www.wolframcarbide.com\/wp-content\/uploads\/2026\/01\/tungsten-carbide-rolls-2.jpg 800w, https:\/\/www.wolframcarbide.com\/wp-content\/uploads\/2026\/01\/tungsten-carbide-rolls-2-300x190.jpg 300w, https:\/\/www.wolframcarbide.com\/wp-content\/uploads\/2026\/01\/tungsten-carbide-rolls-2-768x487.jpg 768w, https:\/\/www.wolframcarbide.com\/wp-content\/uploads\/2026\/01\/tungsten-carbide-rolls-2-18x12.jpg 18w, https:\/\/www.wolframcarbide.com\/wp-content\/uploads\/2026\/01\/tungsten-carbide-rolls-2-600x380.jpg 600w\" sizes=\"auto, (max-width: 800px) 100vw, 800px\" \/><\/p>\n<h5><strong>Wear Solutions &amp; Expertise &amp; Customer-Tailored Service\uff1a<\/strong><\/h5>\n<p>Bortome specializes in manufacturing cemented tungsten carbide mill rolls designed for the harsh operating conditions of hot rolling mills producing wire rod and rebar.<\/p>\n<p>We offer two delivery options to match your production needs:<br \/>\n&#8211; Semi-finished rolls with precision-ground inner diameter and thickness<br \/>\n&#8211; Fully finished rolls manufactured directly to your drawings<\/p>\n<p>Our carbide rolls are available up to \u00d8600 mm outer diameter with a maximum thickness of 300 mm.<\/p>\n<p>&nbsp;<\/p>\n<h5><strong>Application in Wire Rod Rolling:<\/strong><\/h5>\n<p>Wire rod is formed by hot rolling metal billets between two rolls to achieve the required shape and dimensional accuracy.<br \/>\nDuring operation, the rolls are exposed to extreme combined stresses:<br \/>\n&#8211; High thermo-mechanical fatigue<br \/>\n&#8211; Severe abrasive and adhesive wear<br \/>\n&#8211; Radial compression and impact during billet biting<br \/>\n&#8211; Thermal shock and thermal fatigue<br \/>\n&#8211; Hoop stresses from mounting and fitting<\/p>\n<p>The wire rod rolling process includes four key stages:<br \/>\nRoughing Stand \u2192 Intermediate Stand \u2192 Block Mill \u2192 Finishing Stand<\/p>\n<p>&nbsp;<\/p>\n<h5><strong>Material Properties &amp; Advantages:<\/strong><\/h5>\n<p>The performance of tungsten carbide is determined by critical structural factors:<br \/>\n&#8211; Binder type and content<br \/>\n&#8211; WC grain size<br \/>\n&#8211; Grain morphology and uniform distribution<\/p>\n<p>Bortome tungsten carbide rolls are the premium recommended material for Intermediate Stands, Block Mills, and Finishing Stands, providing exceptional wear resistance, thermal stability, and service life under demanding hot rolling conditions.<\/p>\n<p>&nbsp;<\/p>\n<p><strong>Please send us inquiries for quotations and free samples for testing:<\/strong><\/p>\n<div class=\"wpforms-container \" id=\"wpforms-2333\"><form id=\"wpforms-form-2333\" class=\"wpforms-validate wpforms-form wpforms-ajax-form\" data-formid=\"2333\" method=\"post\" enctype=\"multipart\/form-data\" action=\"\/pl\/wp-json\/wp\/v2\/product\/3694\" data-token=\"95c2bcd6a3bae2f2bc25c9ed3810c1ff\" data-token-time=\"1777297024\"><noscript class=\"wpforms-error-noscript\">Aby wype\u0142ni\u0107 ten formularz, w\u0142\u0105cz obs\u0142ug\u0119 JavaScript w przegl\u0105darce.<\/noscript><div class=\"wpforms-field-container\">\t\t<div id=\"wpforms-2333-field_5-container\"\n\t\t\tclass=\"wpforms-field wpforms-field-text\"\n\t\t\tdata-field-type=\"text\"\n\t\t\tdata-field-id=\"5\"\n\t\t\t>\n\t\t\t<label class=\"wpforms-field-label\" for=\"wpforms-2333-field_5\" >Name Name Email<\/label>\n\t\t\t<input type=\"text\" id=\"wpforms-2333-field_5\" class=\"wpforms-field-medium\" name=\"wpforms[fields][5]\" >\n\t\t<\/div>\n\t\t<div id=\"wpforms-2333-field_1-container\" class=\"wpforms-field wpforms-field-name\" data-field-id=\"1\"><label class=\"wpforms-field-label\" for=\"wpforms-2333-field_1\">Name <span class=\"wpforms-required-label\">*<\/span><\/label><input type=\"text\" id=\"wpforms-2333-field_1\" class=\"wpforms-field-medium wpforms-field-required\" name=\"wpforms[fields][1]\" required><\/div><div id=\"wpforms-2333-field_2-container\" class=\"wpforms-field wpforms-field-text\" data-field-id=\"2\"><label class=\"wpforms-field-label\" for=\"wpforms-2333-field_2\">Company Name<\/label><input type=\"text\" id=\"wpforms-2333-field_2\" class=\"wpforms-field-medium\" name=\"wpforms[fields][2]\" ><\/div><div id=\"wpforms-2333-field_3-container\" class=\"wpforms-field wpforms-field-email\" data-field-id=\"3\"><label class=\"wpforms-field-label\" for=\"wpforms-2333-field_3\">Email <span class=\"wpforms-required-label\">*<\/span><\/label><input type=\"email\" id=\"wpforms-2333-field_3\" class=\"wpforms-field-medium wpforms-field-required\" name=\"wpforms[fields][3]\" spellcheck=\"false\" required><\/div><div id=\"wpforms-2333-field_4-container\" class=\"wpforms-field wpforms-field-textarea\" data-field-id=\"4\"><label class=\"wpforms-field-label\" for=\"wpforms-2333-field_4\">Message <span class=\"wpforms-required-label\">*<\/span><\/label><textarea id=\"wpforms-2333-field_4\" class=\"wpforms-field-medium wpforms-field-required\" name=\"wpforms[fields][4]\" required><\/textarea><\/div><script>\n\t\t\t\t( function() {\n\t\t\t\t\tconst style = document.createElement( 'style' );\n\t\t\t\t\tstyle.appendChild( document.createTextNode( '#wpforms-2333-field_5-container { position: absolute !important; overflow: hidden !important; display: inline !important; height: 1px !important; width: 1px !important; z-index: -1000 !important; padding: 0 !important; } #wpforms-2333-field_5-container input { visibility: hidden; } #wpforms-conversational-form-page #wpforms-2333-field_5-container label { counter-increment: none; }' ) );\n\t\t\t\t\tdocument.head.appendChild( style );\n\t\t\t\t\tdocument.currentScript?.remove();\n\t\t\t\t} )();\n\t\t\t<\/script><\/div><!-- .wpforms-field-container --><div class=\"wpforms-submit-container\" ><input type=\"hidden\" name=\"wpforms[id]\" value=\"2333\"><input type=\"hidden\" name=\"page_title\" value=\"\"><input type=\"hidden\" name=\"page_url\" value=\"https:\/\/www.wolframcarbide.com\/pl\/wp-json\/wp\/v2\/product\/3694\"><input type=\"hidden\" name=\"url_referer\" value=\"\"><button type=\"submit\" name=\"wpforms[submit]\" id=\"wpforms-submit-2333\" class=\"wpforms-submit\" data-alt-text=\"Sending\u2026\" data-submit-text=\"Send Inquiry\" aria-live=\"assertive\" value=\"wpforms-submit\">Send Inquiry<\/button><img loading=\"lazy\" decoding=\"async\" src=\"https:\/\/www.wolframcarbide.com\/wp-content\/plugins\/wpforms-lite\/assets\/images\/submit-spin.svg\" class=\"wpforms-submit-spinner\" style=\"display: none;\" width=\"26\" height=\"26\" alt=\"Wczytywanie\" title=\"\"><\/div><\/form><\/div>  <!-- .wpforms-container -->\n","protected":false},"excerpt":{"rendered":"<p>1. wyb\u00f3r surowca: Preferowany jest wysokiej jako\u015bci proszek w\u0119glika wolframu. Materia\u0142 pierwotny 100%.<br \/>\n2. importowany niemiecki piec do spiekania PVA. Spiekanie HIP. Kt\u00f3re mog\u0105 utrzymywa\u0107 rolki z w\u0119glika spiekanego w wysokiej g\u0119sto\u015bci, wysokiej odporno\u015bci na zu\u017cycie, wysokiej wytrzyma\u0142o\u015bci, wysokiej wydajno\u015bci.<br \/>\n3. profesjonalni in\u017cynierowie i zespo\u0142y kontroli jako\u015bci zapewniaj\u0105 kontrol\u0119 procesu produktu i kontrol\u0119 odbioru, aby zapewni\u0107 stabiln\u0105 jako\u015b\u0107 produktu i zapobiec wysy\u0142ce niekwalifikowanych produkt\u00f3w.<br \/>\n<strong>4. ponad 40 lat do\u015bwiadczenia w produkcji.<\/strong><br \/>\n<strong>5. wydajno\u015b\u0107 i \u017cywotno\u015b\u0107 walca z w\u0119glik\u00f3w spiekanych s\u0105 zbli\u017cone do 95-100% Guhringg, Boehleritt i Kennametall.<\/strong><\/p>","protected":false},"featured_media":3696,"template":"","meta":{"_uag_custom_page_level_css":"","site-sidebar-layout":"default","site-content-layout":"","ast-site-content-layout":"default","site-content-style":"default","site-sidebar-style":"default","ast-global-header-display":"","ast-banner-title-visibility":"","ast-main-header-display":"","ast-hfb-above-header-display":"","ast-hfb-below-header-display":"","ast-hfb-mobile-header-display":"","site-post-title":"","ast-breadcrumbs-content":"","ast-featured-img":"","footer-sml-layout":"","theme-transparent-header-meta":"default","adv-header-id-meta":"","stick-header-meta":"","header-above-stick-meta":"","header-main-stick-meta":"","header-below-stick-meta":"","astra-migrate-meta-layouts":"set","ast-page-background-enabled":"default","ast-page-background-meta":{"desktop":{"background-color":"var(--ast-global-color-4)","background-image":"","background-repeat":"repeat","background-position":"center center","background-size":"auto","background-attachment":"scroll","background-type":"","background-media":"","overlay-type":"","overlay-color":"","overlay-opacity":"","overlay-gradient":""},"tablet":{"background-color":"","background-image":"","background-repeat":"repeat","background-position":"center center","background-size":"auto","background-attachment":"scroll","background-type":"","background-media":"","overlay-type":"","overlay-color":"","overlay-opacity":"","overlay-gradient":""},"mobile":{"background-color":"","background-image":"","background-repeat":"repeat","background-position":"center center","background-size":"auto","background-attachment":"scroll","background-type":"","background-media":"","overlay-type":"","overlay-color":"","overlay-opacity":"","overlay-gradient":""}},"ast-content-background-meta":{"desktop":{"background-color":"var(--ast-global-color-5)","background-image":"","background-repeat":"repeat","background-position":"center center","background-size":"auto","background-attachment":"scroll","background-type":"","background-media":"","overlay-type":"","overlay-color":"","overlay-opacity":"","overlay-gradient":""},"tablet":{"background-color":"var(--ast-global-color-5)","background-image":"","background-repeat":"repeat","background-position":"center center","background-size":"auto","background-attachment":"scroll","background-type":"","background-media":"","overlay-type":"","overlay-color":"","overlay-opacity":"","overlay-gradient":""},"mobile":{"background-color":"var(--ast-global-color-5)","background-image":"","background-repeat":"repeat","background-position":"center center","background-size":"auto","background-attachment":"scroll","background-type":"","background-media":"","overlay-type":"","overlay-color":"","overlay-opacity":"","overlay-gradient":""}},"_joinchat":[]},"product_brand":[],"product_cat":[23],"product_tag":[],"class_list":{"0":"post-3694","1":"product","2":"type-product","3":"status-publish","4":"has-post-thumbnail","6":"product_cat-nonstandard-tungsten-carbide-wear-resistant-parts","7":"desktop-align-left","8":"tablet-align-left","9":"mobile-align-left","11":"first","12":"instock","13":"shipping-taxable","14":"product-type-simple"},"uagb_featured_image_src":{"full":["https:\/\/www.wolframcarbide.com\/wp-content\/uploads\/2026\/01\/tungsten-carbide-rolls.jpg",600,600,false],"thumbnail":["https:\/\/www.wolframcarbide.com\/wp-content\/uploads\/2026\/01\/tungsten-carbide-rolls-150x150.jpg",150,150,true],"medium":["https:\/\/www.wolframcarbide.com\/wp-content\/uploads\/2026\/01\/tungsten-carbide-rolls-300x300.jpg",300,300,true],"medium_large":["https:\/\/www.wolframcarbide.com\/wp-content\/uploads\/2026\/01\/tungsten-carbide-rolls.jpg",600,600,false],"large":["https:\/\/www.wolframcarbide.com\/wp-content\/uploads\/2026\/01\/tungsten-carbide-rolls.jpg",600,600,false],"1536x1536":["https:\/\/www.wolframcarbide.com\/wp-content\/uploads\/2026\/01\/tungsten-carbide-rolls.jpg",600,600,false],"2048x2048":["https:\/\/www.wolframcarbide.com\/wp-content\/uploads\/2026\/01\/tungsten-carbide-rolls.jpg",600,600,false],"trp-custom-language-flag":["https:\/\/www.wolframcarbide.com\/wp-content\/uploads\/2026\/01\/tungsten-carbide-rolls-12x12.jpg",12,12,true],"woocommerce_thumbnail":["https:\/\/www.wolframcarbide.com\/wp-content\/uploads\/2026\/01\/tungsten-carbide-rolls-300x300.jpg",300,300,true],"woocommerce_single":["https:\/\/www.wolframcarbide.com\/wp-content\/uploads\/2026\/01\/tungsten-carbide-rolls.jpg",600,600,false],"woocommerce_gallery_thumbnail":["https:\/\/www.wolframcarbide.com\/wp-content\/uploads\/2026\/01\/tungsten-carbide-rolls-100x100.jpg",100,100,true]},"uagb_author_info":{"display_name":"admin","author_link":"https:\/\/www.wolframcarbide.com\/pl\/author\/"},"uagb_comment_info":0,"uagb_excerpt":"1.Raw material selection: High quality tungsten carbide powder is preferred. 100% virgin material. 2.Imported German PVA sintering furnace. HIP sintering. Which can keep tungsten carbide rolls in high density, High wear resistance, high toughness, high-performance. 3.Professional engineers and quality inspection teams ensure product process inspection and acceptance inspection to ensure stable product quality and prevent&hellip;","_links":{"self":[{"href":"https:\/\/www.wolframcarbide.com\/pl\/wp-json\/wp\/v2\/product\/3694","targetHints":{"allow":["GET"]}}],"collection":[{"href":"https:\/\/www.wolframcarbide.com\/pl\/wp-json\/wp\/v2\/product"}],"about":[{"href":"https:\/\/www.wolframcarbide.com\/pl\/wp-json\/wp\/v2\/types\/product"}],"wp:featuredmedia":[{"embeddable":true,"href":"https:\/\/www.wolframcarbide.com\/pl\/wp-json\/wp\/v2\/media\/3696"}],"wp:attachment":[{"href":"https:\/\/www.wolframcarbide.com\/pl\/wp-json\/wp\/v2\/media?parent=3694"}],"wp:term":[{"taxonomy":"product_brand","embeddable":true,"href":"https:\/\/www.wolframcarbide.com\/pl\/wp-json\/wp\/v2\/product_brand?post=3694"},{"taxonomy":"product_cat","embeddable":true,"href":"https:\/\/www.wolframcarbide.com\/pl\/wp-json\/wp\/v2\/product_cat?post=3694"},{"taxonomy":"product_tag","embeddable":true,"href":"https:\/\/www.wolframcarbide.com\/pl\/wp-json\/wp\/v2\/product_tag?post=3694"}],"curies":[{"name":"wp","href":"https:\/\/api.w.org\/{rel}","templated":true}]}}