{"id":2936,"date":"2025-02-19T19:49:56","date_gmt":"2025-02-19T11:49:56","guid":{"rendered":"https:\/\/www.wolframcarbide.com\/?post_type=product&#038;p=2936"},"modified":"2025-08-02T22:28:45","modified_gmt":"2025-08-02T14:28:45","slug":"koncowki-pil-z-weglika-wolframu","status":"publish","type":"product","link":"https:\/\/www.wolframcarbide.com\/pl\/product\/tungsten-carbide-saw-tips\/","title":{"rendered":"Producenci wysokiej jako\u015bci ko\u0144c\u00f3wek pi\u0142 z w\u0119glika wolframu"},"content":{"rendered":"<p><strong>The tungsten carbide saw tips grades:<\/strong><\/p>\n<table width=\"676\">\n<tbody>\n<tr>\n<td style=\"text-align: center;\" colspan=\"5\" width=\"676\">Grades of fine grain<\/td>\n<\/tr>\n<tr>\n<td style=\"text-align: center;\" width=\"57\">Grade<\/td>\n<td style=\"text-align: center;\" width=\"66\">Density<\/td>\n<td style=\"text-align: center;\" width=\"54\">T.R.S<\/td>\n<td style=\"text-align: center;\" width=\"70\">Hardness<\/td>\n<td style=\"text-align: center;\" width=\"429\">Performance &amp;application recommended<\/td>\n<\/tr>\n<tr>\n<td style=\"text-align: center;\" width=\"57\"><\/td>\n<td style=\"text-align: center;\" width=\"66\">G\/CM3<\/td>\n<td style=\"text-align: center;\" width=\"54\">MPa<\/td>\n<td style=\"text-align: center;\" width=\"70\">HRA<\/td>\n<td style=\"text-align: center;\" width=\"429\"><\/td>\n<\/tr>\n<tr>\n<td style=\"text-align: center;\" width=\"57\">YG6X<\/td>\n<td style=\"text-align: center;\" width=\"66\">14.7<\/td>\n<td style=\"text-align: center;\" width=\"54\">1900<\/td>\n<td style=\"text-align: center;\" width=\"70\">92.5<\/td>\n<td style=\"text-align: center;\" width=\"429\">Hard wood, MDF, HDF, aluminum &amp; plastic composites and thin<br \/>\nnon-ferrous metals.<\/td>\n<\/tr>\n<tr>\n<td style=\"text-align: center;\" width=\"57\">YG8A<\/td>\n<td style=\"text-align: center;\" width=\"66\">14.5<\/td>\n<td style=\"text-align: center;\" width=\"54\">2200<\/td>\n<td style=\"text-align: center;\" width=\"70\">91<\/td>\n<td style=\"text-align: center;\" width=\"429\">Hard wood, veneer board, PCB,PVC&amp;metals.<\/td>\n<\/tr>\n<tr>\n<td style=\"text-align: center;\" width=\"57\">YG8X<\/td>\n<td style=\"text-align: center;\" width=\"66\">14.4<\/td>\n<td style=\"text-align: center;\" width=\"54\">2420<\/td>\n<td style=\"text-align: center;\" width=\"70\">92<\/td>\n<td style=\"text-align: center;\" width=\"429\">Carbon steel, refractory steel, manganese steel, and stainless<br \/>\nsteel.<\/td>\n<\/tr>\n<tr>\n<td style=\"text-align: center;\" width=\"57\">YG2T<\/td>\n<td style=\"text-align: center;\" width=\"66\">14.7<\/td>\n<td style=\"text-align: center;\" width=\"54\">2000<\/td>\n<td style=\"text-align: center;\" width=\"70\">91.2<\/td>\n<td style=\"text-align: center;\" width=\"429\">General and hard wood<\/td>\n<\/tr>\n<tr>\n<td style=\"text-align: center;\" width=\"57\">YG10X<\/td>\n<td style=\"text-align: center;\" width=\"66\">14.8<\/td>\n<td style=\"text-align: center;\" width=\"54\">2200<\/td>\n<td style=\"text-align: center;\" width=\"70\">91<\/td>\n<td style=\"text-align: center;\" width=\"429\">General and hard wood<\/td>\n<\/tr>\n<tr>\n<td style=\"text-align: center;\" width=\"57\">YG10T<\/td>\n<td style=\"text-align: center;\" width=\"66\">14.9<\/td>\n<td style=\"text-align: center;\" width=\"54\">1890<\/td>\n<td style=\"text-align: center;\" width=\"70\">91.5<\/td>\n<td style=\"text-align: center;\" width=\"429\">General and hard wood<\/td>\n<\/tr>\n<tr>\n<td style=\"text-align: center;\" colspan=\"5\" width=\"676\">Grades of medium and coarse grain<\/td>\n<\/tr>\n<tr>\n<td style=\"text-align: center;\" width=\"57\">YG6<\/td>\n<td style=\"text-align: center;\" width=\"66\">14.9<\/td>\n<td style=\"text-align: center;\" width=\"54\">2100<\/td>\n<td style=\"text-align: center;\" width=\"70\">90<\/td>\n<td style=\"text-align: center;\" width=\"429\">Hard wood, original wood, aluminum section bar, brass rod and<br \/>\ncast\u00a0 iron.<\/td>\n<\/tr>\n<tr>\n<td style=\"text-align: center;\" width=\"57\"><a href=\"https:\/\/www.wolframcarbide.com\/tungsten-carbide-industry-news\/page\/3\/\">YG8<\/a><\/td>\n<td style=\"text-align: center;\" width=\"66\">14.7<\/td>\n<td style=\"text-align: center;\" width=\"54\">2400<\/td>\n<td style=\"text-align: center;\" width=\"70\">89.5<\/td>\n<td style=\"text-align: center;\" width=\"429\">Dry wood,soft wood,aluminum and brass,graphite and grass<\/td>\n<\/tr>\n<tr>\n<td style=\"text-align: center;\" width=\"57\">YG8C<\/td>\n<td style=\"text-align: center;\" width=\"66\">14.7<\/td>\n<td style=\"text-align: center;\" width=\"54\">2450<\/td>\n<td style=\"text-align: center;\" width=\"70\">88.5<\/td>\n<td style=\"text-align: center;\" width=\"429\">Soft and dry wood, general wood with loose knot, man-made<br \/>\nmarble,ceramics and\u00a0 grass.<\/td>\n<\/tr>\n<tr>\n<td style=\"text-align: center;\" width=\"57\">YG9C<\/td>\n<td style=\"text-align: center;\" width=\"66\">14.4<\/td>\n<td style=\"text-align: center;\" width=\"54\">2600<\/td>\n<td style=\"text-align: center;\" width=\"70\">87<\/td>\n<td style=\"text-align: center;\" width=\"429\">For debarking and cutting of frozen wood, soft wood and<br \/>\noriginal wood.<\/td>\n<\/tr>\n<tr>\n<td style=\"text-align: center;\" width=\"57\">YG11C<\/td>\n<td style=\"text-align: center;\" width=\"66\">14.1<\/td>\n<td style=\"text-align: center;\" width=\"54\">2200<\/td>\n<td style=\"text-align: center;\" width=\"70\">90.5<\/td>\n<td style=\"text-align: center;\" width=\"429\">Hard wood, non-ferrous metal, granite and marble.<\/td>\n<\/tr>\n<tr>\n<td style=\"text-align: center;\" width=\"57\">YG15C<\/td>\n<td style=\"text-align: center;\" width=\"66\">14<\/td>\n<td style=\"text-align: center;\" width=\"54\">2700<\/td>\n<td style=\"text-align: center;\" width=\"70\">86.5<\/td>\n<td style=\"text-align: center;\" width=\"429\">For debarking and cutting of frozen wood, soft wood and<br \/>\noriginal wood.<\/td>\n<\/tr>\n<\/tbody>\n<\/table>\n<h5><strong>Tungsten carbide saw tips applications:<\/strong><\/h5>\n<p><img loading=\"lazy\" decoding=\"async\" class=\"alignnone size-full wp-image-2939\" src=\"https:\/\/www.wolframcarbide.com\/wp-content\/uploads\/2025\/02\/carbide-saw-tips-71_.jpg\" alt=\"Tungsten carbide saw tips suppliers\" width=\"600\" height=\"600\" title=\"\" srcset=\"https:\/\/www.wolframcarbide.com\/wp-content\/uploads\/2025\/02\/carbide-saw-tips-71_.jpg 600w, https:\/\/www.wolframcarbide.com\/wp-content\/uploads\/2025\/02\/carbide-saw-tips-71_-300x300.jpg 300w, https:\/\/www.wolframcarbide.com\/wp-content\/uploads\/2025\/02\/carbide-saw-tips-71_-150x150.jpg 150w, https:\/\/www.wolframcarbide.com\/wp-content\/uploads\/2025\/02\/carbide-saw-tips-71_-100x100.jpg 100w\" sizes=\"auto, (max-width: 600px) 100vw, 600px\" \/><\/p>\n<p><img loading=\"lazy\" decoding=\"async\" class=\"alignnone size-full wp-image-2940\" src=\"https:\/\/www.wolframcarbide.com\/wp-content\/uploads\/2025\/02\/carbide-saw-tips-61-.jpg\" alt=\"Tungsten carbide saw tips suppliers\" width=\"600\" height=\"600\" title=\"\" srcset=\"https:\/\/www.wolframcarbide.com\/wp-content\/uploads\/2025\/02\/carbide-saw-tips-61-.jpg 600w, https:\/\/www.wolframcarbide.com\/wp-content\/uploads\/2025\/02\/carbide-saw-tips-61--300x300.jpg 300w, https:\/\/www.wolframcarbide.com\/wp-content\/uploads\/2025\/02\/carbide-saw-tips-61--150x150.jpg 150w, https:\/\/www.wolframcarbide.com\/wp-content\/uploads\/2025\/02\/carbide-saw-tips-61--100x100.jpg 100w\" sizes=\"auto, (max-width: 600px) 100vw, 600px\" \/><\/p>\n<p>&nbsp;<\/p>\n<h5><strong>Tungsten carbide saw tips details:<\/strong><\/h5>\n<p><img loading=\"lazy\" decoding=\"async\" class=\"alignnone size-full wp-image-2941\" src=\"https:\/\/www.wolframcarbide.com\/wp-content\/uploads\/2025\/02\/carbide-saw-tips-51_.jpg\" alt=\"Carbide saw tips\" width=\"600\" height=\"600\" title=\"\" srcset=\"https:\/\/www.wolframcarbide.com\/wp-content\/uploads\/2025\/02\/carbide-saw-tips-51_.jpg 600w, https:\/\/www.wolframcarbide.com\/wp-content\/uploads\/2025\/02\/carbide-saw-tips-51_-300x300.jpg 300w, https:\/\/www.wolframcarbide.com\/wp-content\/uploads\/2025\/02\/carbide-saw-tips-51_-150x150.jpg 150w, https:\/\/www.wolframcarbide.com\/wp-content\/uploads\/2025\/02\/carbide-saw-tips-51_-100x100.jpg 100w\" sizes=\"auto, (max-width: 600px) 100vw, 600px\" \/><\/p>\n<p><img loading=\"lazy\" decoding=\"async\" class=\"alignnone size-full wp-image-2942\" src=\"https:\/\/www.wolframcarbide.com\/wp-content\/uploads\/2025\/02\/Carbide-saw-tips-6.jpg\" alt=\"Carbide saw tips suppliers\" width=\"600\" height=\"600\" title=\"\" srcset=\"https:\/\/www.wolframcarbide.com\/wp-content\/uploads\/2025\/02\/Carbide-saw-tips-6.jpg 600w, https:\/\/www.wolframcarbide.com\/wp-content\/uploads\/2025\/02\/Carbide-saw-tips-6-300x300.jpg 300w, https:\/\/www.wolframcarbide.com\/wp-content\/uploads\/2025\/02\/Carbide-saw-tips-6-150x150.jpg 150w, https:\/\/www.wolframcarbide.com\/wp-content\/uploads\/2025\/02\/Carbide-saw-tips-6-100x100.jpg 100w\" sizes=\"auto, (max-width: 600px) 100vw, 600px\" \/><\/p>\n<p><img loading=\"lazy\" decoding=\"async\" class=\"alignnone size-full wp-image-2944\" src=\"https:\/\/www.wolframcarbide.com\/wp-content\/uploads\/2025\/02\/Carbide-saw-tips-21_-1.jpg\" alt=\"carbide saw tips suppliers\" width=\"600\" height=\"600\" title=\"\" srcset=\"https:\/\/www.wolframcarbide.com\/wp-content\/uploads\/2025\/02\/Carbide-saw-tips-21_-1.jpg 600w, https:\/\/www.wolframcarbide.com\/wp-content\/uploads\/2025\/02\/Carbide-saw-tips-21_-1-300x300.jpg 300w, https:\/\/www.wolframcarbide.com\/wp-content\/uploads\/2025\/02\/Carbide-saw-tips-21_-1-150x150.jpg 150w, https:\/\/www.wolframcarbide.com\/wp-content\/uploads\/2025\/02\/Carbide-saw-tips-21_-1-100x100.jpg 100w\" sizes=\"auto, (max-width: 600px) 100vw, 600px\" \/><\/p>\n<p>&nbsp;<\/p>\n<p><strong>We are able to make the tungsten carbide saw tips as per your drawings.<\/strong><\/p>\n<p>&nbsp;<\/p>\n<p><strong style=\"font-size: 16px;\">Please send us inquiries for quotations and free samples for testing:<\/strong><\/p>\n<p>&nbsp;<\/p>\n<div class=\"wpforms-container \" id=\"wpforms-2333\"><form id=\"wpforms-form-2333\" class=\"wpforms-validate wpforms-form wpforms-ajax-form\" data-formid=\"2333\" method=\"post\" enctype=\"multipart\/form-data\" action=\"\/pl\/wp-json\/wp\/v2\/product\/2936\" data-token=\"1da44d223f465b8ac3a9f62982afa4f6\" data-token-time=\"1777475073\"><noscript class=\"wpforms-error-noscript\">Aby wype\u0142ni\u0107 ten formularz, w\u0142\u0105cz obs\u0142ug\u0119 JavaScript w przegl\u0105darce.<\/noscript><div class=\"wpforms-field-container\"><div id=\"wpforms-2333-field_1-container\" class=\"wpforms-field wpforms-field-name\" data-field-id=\"1\"><label class=\"wpforms-field-label\" for=\"wpforms-2333-field_1\">Name <span class=\"wpforms-required-label\">*<\/span><\/label><input type=\"text\" id=\"wpforms-2333-field_1\" class=\"wpforms-field-medium wpforms-field-required\" name=\"wpforms[fields][1]\" required><\/div><div id=\"wpforms-2333-field_2-container\" class=\"wpforms-field wpforms-field-text\" data-field-id=\"2\"><label class=\"wpforms-field-label\" for=\"wpforms-2333-field_2\">Company Name<\/label><input type=\"text\" id=\"wpforms-2333-field_2\" class=\"wpforms-field-medium\" name=\"wpforms[fields][2]\" ><\/div><div id=\"wpforms-2333-field_3-container\" class=\"wpforms-field wpforms-field-email\" data-field-id=\"3\"><label class=\"wpforms-field-label\" for=\"wpforms-2333-field_3\">Email <span class=\"wpforms-required-label\">*<\/span><\/label><input type=\"email\" id=\"wpforms-2333-field_3\" class=\"wpforms-field-medium wpforms-field-required\" name=\"wpforms[fields][3]\" spellcheck=\"false\" required><\/div>\t\t<div id=\"wpforms-2333-field_5-container\"\n\t\t\tclass=\"wpforms-field wpforms-field-text\"\n\t\t\tdata-field-type=\"text\"\n\t\t\tdata-field-id=\"5\"\n\t\t\t>\n\t\t\t<label class=\"wpforms-field-label\" for=\"wpforms-2333-field_5\" >Email Message Company<\/label>\n\t\t\t<input type=\"text\" id=\"wpforms-2333-field_5\" class=\"wpforms-field-medium\" name=\"wpforms[fields][5]\" >\n\t\t<\/div>\n\t\t<div id=\"wpforms-2333-field_4-container\" class=\"wpforms-field wpforms-field-textarea\" data-field-id=\"4\"><label class=\"wpforms-field-label\" for=\"wpforms-2333-field_4\">Message <span class=\"wpforms-required-label\">*<\/span><\/label><textarea id=\"wpforms-2333-field_4\" class=\"wpforms-field-medium wpforms-field-required\" name=\"wpforms[fields][4]\" required><\/textarea><\/div><script>\n\t\t\t\t( function() {\n\t\t\t\t\tconst style = document.createElement( 'style' );\n\t\t\t\t\tstyle.appendChild( document.createTextNode( '#wpforms-2333-field_5-container { position: absolute !important; overflow: hidden !important; display: inline !important; height: 1px !important; width: 1px !important; z-index: -1000 !important; padding: 0 !important; } #wpforms-2333-field_5-container input { visibility: hidden; } #wpforms-conversational-form-page #wpforms-2333-field_5-container label { counter-increment: none; }' ) );\n\t\t\t\t\tdocument.head.appendChild( style );\n\t\t\t\t\tdocument.currentScript?.remove();\n\t\t\t\t} )();\n\t\t\t<\/script><\/div><!-- .wpforms-field-container --><div class=\"wpforms-submit-container\" ><input type=\"hidden\" name=\"wpforms[id]\" value=\"2333\"><input type=\"hidden\" name=\"page_title\" value=\"\"><input type=\"hidden\" name=\"page_url\" value=\"https:\/\/www.wolframcarbide.com\/pl\/wp-json\/wp\/v2\/product\/2936\"><input type=\"hidden\" name=\"url_referer\" value=\"\"><button type=\"submit\" name=\"wpforms[submit]\" id=\"wpforms-submit-2333\" class=\"wpforms-submit\" data-alt-text=\"Sending\u2026\" data-submit-text=\"Send Inquiry\" aria-live=\"assertive\" value=\"wpforms-submit\">Send Inquiry<\/button><img loading=\"lazy\" decoding=\"async\" src=\"https:\/\/www.wolframcarbide.com\/wp-content\/plugins\/wpforms-lite\/assets\/images\/submit-spin.svg\" class=\"wpforms-submit-spinner\" style=\"display: none;\" width=\"26\" height=\"26\" alt=\"Wczytywanie\" title=\"\"><\/div><\/form><\/div>  <!-- .wpforms-container -->\n","protected":false},"excerpt":{"rendered":"<p>Ko\u0144c\u00f3wki pi\u0142 z w\u0119glika wolframu:<\/p>\n<ol>\n<li>Wyb\u00f3r surowca: Preferowany jest wysokiej jako\u015bci proszek w\u0119glika wolframu. Materia\u0142 pierwotny 100%.<\/li>\n<li>Importowany niemiecki piec do spiekania PVA. Spiekanie HIP. Dzi\u0119ki temu ko\u0144c\u00f3wki z w\u0119glika wolframu zachowuj\u0105 wysok\u0105 g\u0119sto\u015b\u0107, <strong>Wysoka odporno\u015b\u0107 na zu\u017cycie<\/strong>wysoka wydajno\u015b\u0107.<\/li>\n<li>Profesjonalni in\u017cynierowie i zespo\u0142y kontroli jako\u015bci zapewniaj\u0105 kontrol\u0119 procesu produkcyjnego i kontrol\u0119 odbiorcz\u0105, aby zapewni\u0107 stabiln\u0105 jako\u015b\u0107 produktu i zapobiec wysy\u0142ce niekwalifikowanych produkt\u00f3w.<\/li>\n<li><strong>Ponad 40 lat do\u015bwiadczenia w produkcji.<\/strong><\/li>\n<li><strong>Wydajno\u015b\u0107 i \u017cywotno\u015b\u0107 ko\u0144c\u00f3wek pi\u0142 z w\u0119glika wolframu s\u0105 zbli\u017cone do 95-100% Guhringg, Boehleritt i Kennametall.<\/strong><\/li>\n<\/ol>","protected":false},"featured_media":2937,"template":"","meta":{"_uag_custom_page_level_css":"","site-sidebar-layout":"default","site-content-layout":"","ast-site-content-layout":"default","site-content-style":"default","site-sidebar-style":"default","ast-global-header-display":"","ast-banner-title-visibility":"","ast-main-header-display":"","ast-hfb-above-header-display":"","ast-hfb-below-header-display":"","ast-hfb-mobile-header-display":"","site-post-title":"","ast-breadcrumbs-content":"","ast-featured-img":"","footer-sml-layout":"","theme-transparent-header-meta":"default","adv-header-id-meta":"","stick-header-meta":"","header-above-stick-meta":"","header-main-stick-meta":"","header-below-stick-meta":"","astra-migrate-meta-layouts":"set","ast-page-background-enabled":"default","ast-page-background-meta":{"desktop":{"background-color":"var(--ast-global-color-4)","background-image":"","background-repeat":"repeat","background-position":"center center","background-size":"auto","background-attachment":"scroll","background-type":"","background-media":"","overlay-type":"","overlay-color":"","overlay-opacity":"","overlay-gradient":""},"tablet":{"background-color":"","background-image":"","background-repeat":"repeat","background-position":"center center","background-size":"auto","background-attachment":"scroll","background-type":"","background-media":"","overlay-type":"","overlay-color":"","overlay-opacity":"","overlay-gradient":""},"mobile":{"background-color":"","background-image":"","background-repeat":"repeat","background-position":"center center","background-size":"auto","background-attachment":"scroll","background-type":"","background-media":"","overlay-type":"","overlay-color":"","overlay-opacity":"","overlay-gradient":""}},"ast-content-background-meta":{"desktop":{"background-color":"var(--ast-global-color-5)","background-image":"","background-repeat":"repeat","background-position":"center center","background-size":"auto","background-attachment":"scroll","background-type":"","background-media":"","overlay-type":"","overlay-color":"","overlay-opacity":"","overlay-gradient":""},"tablet":{"background-color":"var(--ast-global-color-5)","background-image":"","background-repeat":"repeat","background-position":"center center","background-size":"auto","background-attachment":"scroll","background-type":"","background-media":"","overlay-type":"","overlay-color":"","overlay-opacity":"","overlay-gradient":""},"mobile":{"background-color":"var(--ast-global-color-5)","background-image":"","background-repeat":"repeat","background-position":"center center","background-size":"auto","background-attachment":"scroll","background-type":"","background-media":"","overlay-type":"","overlay-color":"","overlay-opacity":"","overlay-gradient":""}},"_joinchat":[]},"product_brand":[],"product_cat":[23],"product_tag":[],"class_list":{"0":"post-2936","1":"product","2":"type-product","3":"status-publish","4":"has-post-thumbnail","6":"product_cat-nonstandard-tungsten-carbide-wear-resistant-parts","7":"desktop-align-left","8":"tablet-align-left","9":"mobile-align-left","11":"first","12":"instock","13":"shipping-taxable","14":"product-type-simple"},"uagb_featured_image_src":{"full":["https:\/\/www.wolframcarbide.com\/wp-content\/uploads\/2025\/02\/Tungsten-carbide-saw-tips.jpg",600,600,false],"thumbnail":["https:\/\/www.wolframcarbide.com\/wp-content\/uploads\/2025\/02\/Tungsten-carbide-saw-tips-150x150.jpg",150,150,true],"medium":["https:\/\/www.wolframcarbide.com\/wp-content\/uploads\/2025\/02\/Tungsten-carbide-saw-tips-300x300.jpg",300,300,true],"medium_large":["https:\/\/www.wolframcarbide.com\/wp-content\/uploads\/2025\/02\/Tungsten-carbide-saw-tips.jpg",600,600,false],"large":["https:\/\/www.wolframcarbide.com\/wp-content\/uploads\/2025\/02\/Tungsten-carbide-saw-tips.jpg",600,600,false],"1536x1536":["https:\/\/www.wolframcarbide.com\/wp-content\/uploads\/2025\/02\/Tungsten-carbide-saw-tips.jpg",600,600,false],"2048x2048":["https:\/\/www.wolframcarbide.com\/wp-content\/uploads\/2025\/02\/Tungsten-carbide-saw-tips.jpg",600,600,false],"trp-custom-language-flag":["https:\/\/www.wolframcarbide.com\/wp-content\/uploads\/2025\/02\/Tungsten-carbide-saw-tips.jpg",12,12,false],"woocommerce_thumbnail":["https:\/\/www.wolframcarbide.com\/wp-content\/uploads\/2025\/02\/Tungsten-carbide-saw-tips-300x300.jpg",300,300,true],"woocommerce_single":["https:\/\/www.wolframcarbide.com\/wp-content\/uploads\/2025\/02\/Tungsten-carbide-saw-tips.jpg",600,600,false],"woocommerce_gallery_thumbnail":["https:\/\/www.wolframcarbide.com\/wp-content\/uploads\/2025\/02\/Tungsten-carbide-saw-tips-100x100.jpg",100,100,true]},"uagb_author_info":{"display_name":"admin","author_link":"https:\/\/www.wolframcarbide.com\/pl\/author\/"},"uagb_comment_info":0,"uagb_excerpt":"Tungsten carbide saw tips: Raw material selection: High quality wolfram carbide powder is preferred. 100% virgin material. Imported German PVA sintering furnace. HIP sintering. Which can keep tungsten carbide tips in high density, High wear resistance, high-performance. Professional engineers and quality inspection teams ensure product process inspection and acceptance inspection to ensure stable product quality&hellip;","_links":{"self":[{"href":"https:\/\/www.wolframcarbide.com\/pl\/wp-json\/wp\/v2\/product\/2936","targetHints":{"allow":["GET"]}}],"collection":[{"href":"https:\/\/www.wolframcarbide.com\/pl\/wp-json\/wp\/v2\/product"}],"about":[{"href":"https:\/\/www.wolframcarbide.com\/pl\/wp-json\/wp\/v2\/types\/product"}],"wp:featuredmedia":[{"embeddable":true,"href":"https:\/\/www.wolframcarbide.com\/pl\/wp-json\/wp\/v2\/media\/2937"}],"wp:attachment":[{"href":"https:\/\/www.wolframcarbide.com\/pl\/wp-json\/wp\/v2\/media?parent=2936"}],"wp:term":[{"taxonomy":"product_brand","embeddable":true,"href":"https:\/\/www.wolframcarbide.com\/pl\/wp-json\/wp\/v2\/product_brand?post=2936"},{"taxonomy":"product_cat","embeddable":true,"href":"https:\/\/www.wolframcarbide.com\/pl\/wp-json\/wp\/v2\/product_cat?post=2936"},{"taxonomy":"product_tag","embeddable":true,"href":"https:\/\/www.wolframcarbide.com\/pl\/wp-json\/wp\/v2\/product_tag?post=2936"}],"curies":[{"name":"wp","href":"https:\/\/api.w.org\/{rel}","templated":true}]}}