{"id":2754,"date":"2025-01-02T16:05:47","date_gmt":"2025-01-02T08:05:47","guid":{"rendered":"https:\/\/www.wolframcarbide.com\/?post_type=product&#038;p=2754"},"modified":"2025-04-11T10:26:47","modified_gmt":"2025-04-11T02:26:47","slug":"matryce-do-ciagnienia-drutu-z-weglika-wolframu","status":"publish","type":"product","link":"https:\/\/www.wolframcarbide.com\/pl\/product\/tungsten-carbide-wire-drawing-dies\/","title":{"rendered":"Wysokiej jako\u015bci matryce do ci\u0105gnienia drutu z w\u0119glika wolframu w konkurencyjnych cenach YG8 K30"},"content":{"rendered":"<h5><strong>The grades for tungsten carbide wire drawing dies:<\/strong><\/h5>\n<table style=\"border-collapse: collapse; width: 981px; height: 477px;\" border=\"0\" width=\"794\" cellspacing=\"0\" cellpadding=\"0\">\n<tbody>\n<tr style=\"height: 31.00pt;\">\n<td class=\"et2\" style=\"height: 31pt; width: 69.75pt; text-align: center;\" width=\"93\" height=\"41\"><strong>Grade<\/strong><\/td>\n<td class=\"et2\" style=\"width: 52.5pt; text-align: center;\" width=\"70\"><strong>WC(%)<\/strong><\/td>\n<td class=\"et2\" style=\"width: 63.75pt; text-align: center;\" width=\"85\"><strong>Co(%)<\/strong><\/td>\n<td class=\"et2\" style=\"width: 99.75pt; text-align: center;\" width=\"133\"><strong>Hardness(<a href=\"https:\/\/en.wikipedia.org\/wiki\/Rockwell_scale\" rel=\"nofollow noopener\" target=\"_blank\">HRA<\/a>)<\/strong><\/td>\n<td class=\"et2\" style=\"width: 101.25pt; text-align: center;\" width=\"135\"><strong>TRS(N\/mm\u00b2)<\/strong><\/td>\n<td class=\"et2\" style=\"width: 208.5pt; text-align: center;\" width=\"278\"><strong>Application<\/strong><\/td>\n<\/tr>\n<tr style=\"height: 66.00pt;\">\n<td class=\"et3\" style=\"height: 66pt; width: 69.75pt; text-align: center;\" width=\"93\" height=\"88\">&nbsp;<\/p>\n<p>YG6<\/td>\n<td class=\"et3\" style=\"width: 52.5pt; text-align: center;\" width=\"70\">&nbsp;<\/p>\n<p>94<\/td>\n<td class=\"et3\" style=\"width: 63.75pt; text-align: center;\" width=\"85\">&nbsp;<\/p>\n<p>6<\/td>\n<td class=\"et3\" style=\"width: 99.75pt; text-align: center;\" width=\"133\">&nbsp;<\/p>\n<p>\u226590.5<\/td>\n<td class=\"et3\" style=\"width: 101.25pt; text-align: center;\" width=\"135\">&nbsp;<\/p>\n<p>1860<\/td>\n<td class=\"et3\" style=\"width: 208.5pt; text-align: center;\" width=\"278\">For drawing steel , nonferrous alloy bars of less than Dia. 20.00 mm under more stuess and also for drawing tubes of less than Dia. 10.00 mm.<\/td>\n<\/tr>\n<tr style=\"height: 52.00pt;\">\n<td class=\"et3\" style=\"height: 52pt; width: 69.75pt; text-align: center;\" width=\"93\" height=\"69\">&nbsp;<\/p>\n<p><a href=\"https:\/\/www.wolframcarbide.com\/tungsten-carbide-hardness-and-uses-of-yg8\/\">YG8<\/a><\/td>\n<td class=\"et3\" style=\"width: 52.5pt; text-align: center;\" width=\"70\">&nbsp;<\/p>\n<p>92<\/td>\n<td class=\"et3\" style=\"width: 63.75pt; text-align: center;\" width=\"85\">&nbsp;<\/p>\n<p>8<\/td>\n<td class=\"et3\" style=\"width: 99.75pt; text-align: center;\" width=\"133\">&nbsp;<\/p>\n<p>\u226589.5<\/td>\n<td class=\"et3\" style=\"width: 101.25pt; text-align: center;\" width=\"135\">&nbsp;<\/p>\n<p>2060<\/td>\n<td class=\"et3\" style=\"width: 208.5pt; text-align: center;\" width=\"278\">For drawing steel and nonferrous bars and tubes,also for manufacturing mechanical parts, tools and wear parts.<\/td>\n<\/tr>\n<tr style=\"height: 67.00pt;\">\n<td class=\"et3\" style=\"height: 67pt; width: 69.75pt; text-align: center;\" width=\"93\" height=\"89\">&nbsp;<\/p>\n<p>YG11<\/td>\n<td class=\"et3\" style=\"width: 52.5pt; text-align: center;\" width=\"70\">&nbsp;<\/p>\n<p>89<\/td>\n<td class=\"et3\" style=\"width: 63.75pt; text-align: center;\" width=\"85\">&nbsp;<\/p>\n<p>11<\/td>\n<td class=\"et3\" style=\"width: 99.75pt; text-align: center;\" width=\"133\">&nbsp;<\/p>\n<p>\u226587.5<\/td>\n<td class=\"et3\" style=\"width: 101.25pt; text-align: center;\" width=\"135\">&nbsp;<\/p>\n<p>2100<\/td>\n<td class=\"et3\" style=\"width: 208.5pt; text-align: center;\" width=\"278\">For drawing steel and nonferrous bars and tubes in big sizes, also for manufacturing mechanical parts, tools and wear parts.<\/td>\n<\/tr>\n<tr style=\"height: 59.00pt;\">\n<td class=\"et3\" style=\"height: 59pt; width: 69.75pt; text-align: center;\" width=\"93\" height=\"78\">&nbsp;<\/p>\n<p>YG15<\/td>\n<td class=\"et3\" style=\"width: 52.5pt; text-align: center;\" width=\"70\">&nbsp;<\/p>\n<p>85<\/td>\n<td class=\"et3\" style=\"width: 63.75pt; text-align: center;\" width=\"85\">&nbsp;<\/p>\n<p>15<\/td>\n<td class=\"et3\" style=\"width: 99.75pt; text-align: center;\" width=\"133\">&nbsp;<\/p>\n<p>\u226587.5<\/td>\n<td class=\"et3\" style=\"width: 101.25pt; text-align: center;\" width=\"135\">&nbsp;<\/p>\n<p>2500<\/td>\n<td class=\"et3\" style=\"width: 208.5pt; text-align: center;\" width=\"278\">For drawing steel bars and tubes with a high reduction rate and for manufacturing anvils, drinning and punching and impacting dies.<\/td>\n<\/tr>\n<\/tbody>\n<\/table>\n<h5><\/h5>\n<h5><strong>Tungsten carbide wire drawing dies sizes:<\/strong><\/h5>\n<table style=\"border-collapse: collapse; width: 974px; height: 791px;\" border=\"0\" width=\"520\" cellspacing=\"0\" cellpadding=\"0\">\n<tbody>\n<tr style=\"height: 35.75pt;\">\n<td class=\"et2\" style=\"height: 35.75pt; width: 105.75pt; text-align: center;\" width=\"141\" height=\"47\"><strong>Size Range (Soft Wires)<\/strong><\/td>\n<td class=\"et2\" style=\"width: 99pt; text-align: center;\" width=\"132\"><strong>Minimum Tolerance<\/strong><\/td>\n<td class=\"et2\" style=\"width: 98pt; text-align: center;\" width=\"130\"><strong>Case Diameter<\/strong><\/td>\n<td class=\"et2\" style=\"width: 87.25pt; text-align: center;\" width=\"116\"><strong>Case Height<\/strong><\/td>\n<\/tr>\n<tr style=\"height: 20.00pt;\">\n<td class=\"et3\" style=\"height: 20pt; width: 105.75pt; text-align: center;\" width=\"141\" height=\"26\">0.1-0.5<\/td>\n<td class=\"et3\" style=\"width: 99pt; text-align: center;\" width=\"132\">\u00b10.001<\/td>\n<td class=\"et3\" style=\"width: 98pt; text-align: center;\" width=\"130\">25\/28<\/td>\n<td class=\"et4\" style=\"width: 87.25pt; text-align: center;\" width=\"116\">8\/10<\/td>\n<\/tr>\n<tr style=\"height: 20.50pt;\">\n<td class=\"et3\" style=\"height: 20.5pt; width: 105.75pt; text-align: center;\" width=\"141\" height=\"27\">0.5-0.8<\/td>\n<td class=\"et3\" style=\"width: 99pt; text-align: center;\" width=\"132\">\u00b10.003<\/td>\n<td class=\"et3\" style=\"width: 98pt; text-align: center;\" width=\"130\">25\/28<\/td>\n<td class=\"et4\" style=\"width: 87.25pt; text-align: center;\" width=\"116\">8\/10<\/td>\n<\/tr>\n<tr style=\"height: 20.50pt;\">\n<td class=\"et3\" style=\"height: 20.5pt; width: 105.75pt; text-align: center;\" width=\"141\" height=\"27\">0.8-1.0<\/td>\n<td class=\"et3\" style=\"width: 99pt; text-align: center;\" width=\"132\">\u00b10.003<\/td>\n<td class=\"et3\" style=\"width: 98pt; text-align: center;\" width=\"130\">25\/28<\/td>\n<td class=\"et5\" style=\"width: 87.25pt; text-align: center;\" width=\"116\">08\/10\/12<\/td>\n<\/tr>\n<tr style=\"height: 21.00pt;\">\n<td class=\"et3\" style=\"height: 21pt; width: 105.75pt; text-align: center;\" width=\"141\" height=\"28\">1.0-1.5<\/td>\n<td class=\"et3\" style=\"width: 99pt; text-align: center;\" width=\"132\">\u00b10.003<\/td>\n<td class=\"et3\" style=\"width: 98pt; text-align: center;\" width=\"130\">25\/28<\/td>\n<td class=\"et4\" style=\"width: 87.25pt; text-align: center;\" width=\"116\">10\/12<\/td>\n<\/tr>\n<tr style=\"height: 20.50pt;\">\n<td class=\"et3\" style=\"height: 20.5pt; width: 105.75pt; text-align: center;\" width=\"141\" height=\"27\">1.5-1.8<\/td>\n<td class=\"et3\" style=\"width: 99pt; text-align: center;\" width=\"132\">\u00b10.003<\/td>\n<td class=\"et3\" style=\"width: 98pt; text-align: center;\" width=\"130\">25\/28\/30<\/td>\n<td class=\"et5\" style=\"width: 87.25pt; text-align: center;\" width=\"116\">10\/12\/15<\/td>\n<\/tr>\n<tr style=\"height: 20.00pt;\">\n<td class=\"et3\" style=\"height: 20pt; width: 105.75pt; text-align: center;\" width=\"141\" height=\"26\">1.8-2.3<\/td>\n<td class=\"et3\" style=\"width: 99pt; text-align: center;\" width=\"132\">\u00b10.005<\/td>\n<td class=\"et3\" style=\"width: 98pt; text-align: center;\" width=\"130\">25\/28\/30<\/td>\n<td class=\"et6\" style=\"width: 87.25pt; text-align: center;\" width=\"116\">12\/14\/15<\/td>\n<\/tr>\n<tr style=\"height: 20.50pt;\">\n<td class=\"et3\" style=\"height: 20.5pt; width: 105.75pt; text-align: center;\" width=\"141\" height=\"27\">1.8-2.3<\/td>\n<td class=\"et3\" style=\"width: 99pt; text-align: center;\" width=\"132\">\u00b10.005<\/td>\n<td class=\"et3\" style=\"width: 98pt; text-align: center;\" width=\"130\">25\/28\/30<\/td>\n<td class=\"et6\" style=\"width: 87.25pt; text-align: center;\" width=\"116\">12\/14\/15<\/td>\n<\/tr>\n<tr style=\"height: 20.50pt;\">\n<td class=\"et3\" style=\"height: 20.5pt; width: 105.75pt; text-align: center;\" width=\"141\" height=\"27\">2.3-2.9<\/td>\n<td class=\"et3\" style=\"width: 99pt; text-align: center;\" width=\"132\">\u00b10.005<\/td>\n<td class=\"et3\" style=\"width: 98pt; text-align: center;\" width=\"130\">35\/40<\/td>\n<td class=\"et3\" style=\"width: 87.25pt; text-align: center;\" width=\"116\">20\/25<\/td>\n<\/tr>\n<tr style=\"height: 21.00pt;\">\n<td class=\"et3\" style=\"height: 21pt; width: 105.75pt; text-align: center;\" width=\"141\" height=\"28\">3.0-3.2<\/td>\n<td class=\"et3\" style=\"width: 99pt; text-align: center;\" width=\"132\">\u00b10.005<\/td>\n<td class=\"et3\" style=\"width: 98pt; text-align: center;\" width=\"130\">40\/50\/60<\/td>\n<td class=\"et3\" style=\"width: 87.25pt; text-align: center;\" width=\"116\">23\/25\/27<\/td>\n<\/tr>\n<tr style=\"height: 20.50pt;\">\n<td class=\"et3\" style=\"height: 20.5pt; width: 105.75pt; text-align: center;\" width=\"141\" height=\"27\">3.2-3.4<\/td>\n<td class=\"et3\" style=\"width: 99pt; text-align: center;\" width=\"132\">\u00b10.01<\/td>\n<td class=\"et3\" style=\"width: 98pt; text-align: center;\" width=\"130\">40\/50\/60<\/td>\n<td class=\"et3\" style=\"width: 87.25pt; text-align: center;\" width=\"116\">23\/25\/27<\/td>\n<\/tr>\n<tr style=\"height: 20.50pt;\">\n<td class=\"et3\" style=\"height: 20.5pt; width: 105.75pt; text-align: center;\" width=\"141\" height=\"27\">3.4-4.0<\/td>\n<td class=\"et3\" style=\"width: 99pt; text-align: center;\" width=\"132\">\u00b10.01<\/td>\n<td class=\"et3\" style=\"width: 98pt; text-align: center;\" width=\"130\">40\/50\/60<\/td>\n<td class=\"et3\" style=\"width: 87.25pt; text-align: center;\" width=\"116\">23\/25\/27<\/td>\n<\/tr>\n<tr style=\"height: 20.00pt;\">\n<td class=\"et3\" style=\"height: 20pt; width: 105.75pt; text-align: center;\" width=\"141\" height=\"26\">4.0-5.0<\/td>\n<td class=\"et3\" style=\"width: 99pt; text-align: center;\" width=\"132\">\u00b10.01<\/td>\n<td class=\"et3\" style=\"width: 98pt; text-align: center;\" width=\"130\">40\/50\/60<\/td>\n<td class=\"et3\" style=\"width: 87.25pt; text-align: center;\" width=\"116\">23\/25\/27<\/td>\n<\/tr>\n<tr style=\"height: 20.50pt;\">\n<td class=\"et3\" style=\"height: 20.5pt; width: 105.75pt; text-align: center;\" width=\"141\" height=\"27\">b.0-6.b<\/td>\n<td class=\"et3\" style=\"width: 99pt; text-align: center;\" width=\"132\">\u00b10.01<\/td>\n<td class=\"et3\" style=\"width: 98pt; text-align: center;\" width=\"130\">40\/50\/60<\/td>\n<td class=\"et3\" style=\"width: 87.25pt; text-align: center;\" width=\"116\">23\/25\/27<\/td>\n<\/tr>\n<tr style=\"height: 20.75pt;\">\n<td class=\"et3\" style=\"height: 20.75pt; width: 105.75pt; text-align: center;\" width=\"141\" height=\"27\">6.5-8.0<\/td>\n<td class=\"et3\" style=\"width: 99pt; text-align: center;\" width=\"132\">\u00b10.015<\/td>\n<td class=\"et3\" style=\"width: 98pt; text-align: center;\" width=\"130\">40\/50\/60<\/td>\n<td class=\"et3\" style=\"width: 87.25pt; text-align: center;\" width=\"116\">23\/25\/27<\/td>\n<\/tr>\n<\/tbody>\n<\/table>\n<p><strong>We are able to make the carbide wire drawing dies as per your drawings.<\/strong><\/p>\n<p>&nbsp;<\/p>\n<p><strong style=\"font-size: 16px;\">Please send us inquiries for quotations and free samples for testing:<\/strong><\/p>\n<p>&nbsp;<\/p>\n<div class=\"wpforms-container \" id=\"wpforms-2333\"><form id=\"wpforms-form-2333\" class=\"wpforms-validate wpforms-form wpforms-ajax-form\" data-formid=\"2333\" method=\"post\" enctype=\"multipart\/form-data\" action=\"\/pl\/wp-json\/wp\/v2\/product\/2754\" data-token=\"453f4651ae84f8fe98b698e6dec6e60a\" data-token-time=\"1777394272\"><noscript class=\"wpforms-error-noscript\">Aby wype\u0142ni\u0107 ten formularz, w\u0142\u0105cz obs\u0142ug\u0119 JavaScript w przegl\u0105darce.<\/noscript><div class=\"wpforms-field-container\"><div id=\"wpforms-2333-field_1-container\" class=\"wpforms-field wpforms-field-name\" data-field-id=\"1\"><label class=\"wpforms-field-label\" for=\"wpforms-2333-field_1\">Name <span class=\"wpforms-required-label\">*<\/span><\/label><input type=\"text\" id=\"wpforms-2333-field_1\" class=\"wpforms-field-medium wpforms-field-required\" name=\"wpforms[fields][1]\" required><\/div><div id=\"wpforms-2333-field_2-container\" class=\"wpforms-field wpforms-field-text\" data-field-id=\"2\"><label class=\"wpforms-field-label\" for=\"wpforms-2333-field_2\">Company Name<\/label><input type=\"text\" id=\"wpforms-2333-field_2\" class=\"wpforms-field-medium\" name=\"wpforms[fields][2]\" ><\/div><div id=\"wpforms-2333-field_3-container\" class=\"wpforms-field wpforms-field-email\" data-field-id=\"3\"><label class=\"wpforms-field-label\" for=\"wpforms-2333-field_3\">Email <span class=\"wpforms-required-label\">*<\/span><\/label><input type=\"email\" id=\"wpforms-2333-field_3\" class=\"wpforms-field-medium wpforms-field-required\" name=\"wpforms[fields][3]\" spellcheck=\"false\" required><\/div>\t\t<div id=\"wpforms-2333-field_5-container\"\n\t\t\tclass=\"wpforms-field wpforms-field-text\"\n\t\t\tdata-field-type=\"text\"\n\t\t\tdata-field-id=\"5\"\n\t\t\t>\n\t\t\t<label class=\"wpforms-field-label\" for=\"wpforms-2333-field_5\" >Name Company Name<\/label>\n\t\t\t<input type=\"text\" id=\"wpforms-2333-field_5\" class=\"wpforms-field-medium\" name=\"wpforms[fields][5]\" >\n\t\t<\/div>\n\t\t<div id=\"wpforms-2333-field_4-container\" class=\"wpforms-field wpforms-field-textarea\" data-field-id=\"4\"><label class=\"wpforms-field-label\" for=\"wpforms-2333-field_4\">Message <span class=\"wpforms-required-label\">*<\/span><\/label><textarea id=\"wpforms-2333-field_4\" class=\"wpforms-field-medium wpforms-field-required\" name=\"wpforms[fields][4]\" required><\/textarea><\/div><script>\n\t\t\t\t( function() {\n\t\t\t\t\tconst style = document.createElement( 'style' );\n\t\t\t\t\tstyle.appendChild( document.createTextNode( '#wpforms-2333-field_5-container { position: absolute !important; overflow: hidden !important; display: inline !important; height: 1px !important; width: 1px !important; z-index: -1000 !important; padding: 0 !important; } #wpforms-2333-field_5-container input { visibility: hidden; } #wpforms-conversational-form-page #wpforms-2333-field_5-container label { counter-increment: none; }' ) );\n\t\t\t\t\tdocument.head.appendChild( style );\n\t\t\t\t\tdocument.currentScript?.remove();\n\t\t\t\t} )();\n\t\t\t<\/script><\/div><!-- .wpforms-field-container --><div class=\"wpforms-submit-container\" ><input type=\"hidden\" name=\"wpforms[id]\" value=\"2333\"><input type=\"hidden\" name=\"page_title\" value=\"\"><input type=\"hidden\" name=\"page_url\" value=\"https:\/\/www.wolframcarbide.com\/pl\/wp-json\/wp\/v2\/product\/2754\"><input type=\"hidden\" name=\"url_referer\" value=\"\"><button type=\"submit\" name=\"wpforms[submit]\" id=\"wpforms-submit-2333\" class=\"wpforms-submit\" data-alt-text=\"Sending\u2026\" data-submit-text=\"Send Inquiry\" aria-live=\"assertive\" value=\"wpforms-submit\">Send Inquiry<\/button><img loading=\"lazy\" decoding=\"async\" src=\"https:\/\/www.wolframcarbide.com\/wp-content\/plugins\/wpforms-lite\/assets\/images\/submit-spin.svg\" class=\"wpforms-submit-spinner\" style=\"display: none;\" width=\"26\" height=\"26\" alt=\"Wczytywanie\" title=\"\"><\/div><\/form><\/div>  <!-- .wpforms-container -->\n","protected":false},"excerpt":{"rendered":"<p>Matryce do ci\u0105gnienia drutu z w\u0119glika wolframu:<\/p>\n<ol>\n<li>Wyb\u00f3r surowca: Preferowany jest wysokiej jako\u015bci proszek w\u0119glika wolframu. Materia\u0142 pierwotny 100%.<\/li>\n<li>Importowany niemiecki piec do spiekania PVA. Spiekanie HIP. Kt\u00f3ry mo\u017ce utrzyma\u0107 matryce do ci\u0105gnienia drutu z w\u0119glik\u00f3w spiekanych w wysokiej g\u0119sto\u015bci, <strong>Wysoka odporno\u015b\u0107 na zu\u017cycie<\/strong>wysoka wydajno\u015b\u0107.<\/li>\n<li>Profesjonalni in\u017cynierowie i zespo\u0142y kontroli jako\u015bci zapewniaj\u0105 kontrol\u0119 procesu produkcyjnego i kontrol\u0119 odbiorcz\u0105, aby zapewni\u0107 stabiln\u0105 jako\u015b\u0107 produktu i zapobiec wysy\u0142ce niekwalifikowanych produkt\u00f3w.<\/li>\n<li><strong>Ponad 40 lat do\u015bwiadczenia w produkcji.<\/strong><\/li>\n<li><strong>Wydajno\u015b\u0107 i \u017cywotno\u015b\u0107 matryc do ci\u0105gnienia drutu z w\u0119glika wolframu s\u0105 zbli\u017cone do 95-100% niemieckich producent\u00f3w.<\/strong><\/li>\n<\/ol>","protected":false},"featured_media":2759,"template":"","meta":{"_uag_custom_page_level_css":"","site-sidebar-layout":"default","site-content-layout":"","ast-site-content-layout":"default","site-content-style":"default","site-sidebar-style":"default","ast-global-header-display":"","ast-banner-title-visibility":"","ast-main-header-display":"","ast-hfb-above-header-display":"","ast-hfb-below-header-display":"","ast-hfb-mobile-header-display":"","site-post-title":"","ast-breadcrumbs-content":"","ast-featured-img":"","footer-sml-layout":"","theme-transparent-header-meta":"default","adv-header-id-meta":"","stick-header-meta":"","header-above-stick-meta":"","header-main-stick-meta":"","header-below-stick-meta":"","astra-migrate-meta-layouts":"set","ast-page-background-enabled":"default","ast-page-background-meta":{"desktop":{"background-color":"var(--ast-global-color-4)","background-image":"","background-repeat":"repeat","background-position":"center center","background-size":"auto","background-attachment":"scroll","background-type":"","background-media":"","overlay-type":"","overlay-color":"","overlay-opacity":"","overlay-gradient":""},"tablet":{"background-color":"","background-image":"","background-repeat":"repeat","background-position":"center center","background-size":"auto","background-attachment":"scroll","background-type":"","background-media":"","overlay-type":"","overlay-color":"","overlay-opacity":"","overlay-gradient":""},"mobile":{"background-color":"","background-image":"","background-repeat":"repeat","background-position":"center center","background-size":"auto","background-attachment":"scroll","background-type":"","background-media":"","overlay-type":"","overlay-color":"","overlay-opacity":"","overlay-gradient":""}},"ast-content-background-meta":{"desktop":{"background-color":"var(--ast-global-color-5)","background-image":"","background-repeat":"repeat","background-position":"center center","background-size":"auto","background-attachment":"scroll","background-type":"","background-media":"","overlay-type":"","overlay-color":"","overlay-opacity":"","overlay-gradient":""},"tablet":{"background-color":"var(--ast-global-color-5)","background-image":"","background-repeat":"repeat","background-position":"center center","background-size":"auto","background-attachment":"scroll","background-type":"","background-media":"","overlay-type":"","overlay-color":"","overlay-opacity":"","overlay-gradient":""},"mobile":{"background-color":"var(--ast-global-color-5)","background-image":"","background-repeat":"repeat","background-position":"center center","background-size":"auto","background-attachment":"scroll","background-type":"","background-media":"","overlay-type":"","overlay-color":"","overlay-opacity":"","overlay-gradient":""}},"_joinchat":[]},"product_brand":[],"product_cat":[23],"product_tag":[],"class_list":{"0":"post-2754","1":"product","2":"type-product","3":"status-publish","4":"has-post-thumbnail","6":"product_cat-nonstandard-tungsten-carbide-wear-resistant-parts","7":"desktop-align-left","8":"tablet-align-left","9":"mobile-align-left","11":"first","12":"instock","13":"shipping-taxable","14":"product-type-simple"},"uagb_featured_image_src":{"full":["https:\/\/www.wolframcarbide.com\/wp-content\/uploads\/2025\/01\/tungsten-carbide-wire-drawing-dies-1.jpg",600,600,false],"thumbnail":["https:\/\/www.wolframcarbide.com\/wp-content\/uploads\/2025\/01\/tungsten-carbide-wire-drawing-dies-1-150x150.jpg",150,150,true],"medium":["https:\/\/www.wolframcarbide.com\/wp-content\/uploads\/2025\/01\/tungsten-carbide-wire-drawing-dies-1-300x300.jpg",300,300,true],"medium_large":["https:\/\/www.wolframcarbide.com\/wp-content\/uploads\/2025\/01\/tungsten-carbide-wire-drawing-dies-1.jpg",600,600,false],"large":["https:\/\/www.wolframcarbide.com\/wp-content\/uploads\/2025\/01\/tungsten-carbide-wire-drawing-dies-1.jpg",600,600,false],"1536x1536":["https:\/\/www.wolframcarbide.com\/wp-content\/uploads\/2025\/01\/tungsten-carbide-wire-drawing-dies-1.jpg",600,600,false],"2048x2048":["https:\/\/www.wolframcarbide.com\/wp-content\/uploads\/2025\/01\/tungsten-carbide-wire-drawing-dies-1.jpg",600,600,false],"trp-custom-language-flag":["https:\/\/www.wolframcarbide.com\/wp-content\/uploads\/2025\/01\/tungsten-carbide-wire-drawing-dies-1.jpg",12,12,false],"woocommerce_thumbnail":["https:\/\/www.wolframcarbide.com\/wp-content\/uploads\/2025\/01\/tungsten-carbide-wire-drawing-dies-1-300x300.jpg",300,300,true],"woocommerce_single":["https:\/\/www.wolframcarbide.com\/wp-content\/uploads\/2025\/01\/tungsten-carbide-wire-drawing-dies-1.jpg",600,600,false],"woocommerce_gallery_thumbnail":["https:\/\/www.wolframcarbide.com\/wp-content\/uploads\/2025\/01\/tungsten-carbide-wire-drawing-dies-1-100x100.jpg",100,100,true]},"uagb_author_info":{"display_name":"admin","author_link":"https:\/\/www.wolframcarbide.com\/pl\/author\/"},"uagb_comment_info":0,"uagb_excerpt":"Tungsten carbide wire drawing dies: Raw material selection: High quality wolfram carbide powder is preferred. 100% virgin material. Imported German PVA sintering furnace. HIP sintering. Which can keep carbide wire drawing dies in high density, High wear resistance, high-performance. Professional engineers and quality inspection teams ensure product process inspection and acceptance inspection to ensure stable&hellip;","_links":{"self":[{"href":"https:\/\/www.wolframcarbide.com\/pl\/wp-json\/wp\/v2\/product\/2754","targetHints":{"allow":["GET"]}}],"collection":[{"href":"https:\/\/www.wolframcarbide.com\/pl\/wp-json\/wp\/v2\/product"}],"about":[{"href":"https:\/\/www.wolframcarbide.com\/pl\/wp-json\/wp\/v2\/types\/product"}],"wp:featuredmedia":[{"embeddable":true,"href":"https:\/\/www.wolframcarbide.com\/pl\/wp-json\/wp\/v2\/media\/2759"}],"wp:attachment":[{"href":"https:\/\/www.wolframcarbide.com\/pl\/wp-json\/wp\/v2\/media?parent=2754"}],"wp:term":[{"taxonomy":"product_brand","embeddable":true,"href":"https:\/\/www.wolframcarbide.com\/pl\/wp-json\/wp\/v2\/product_brand?post=2754"},{"taxonomy":"product_cat","embeddable":true,"href":"https:\/\/www.wolframcarbide.com\/pl\/wp-json\/wp\/v2\/product_cat?post=2754"},{"taxonomy":"product_tag","embeddable":true,"href":"https:\/\/www.wolframcarbide.com\/pl\/wp-json\/wp\/v2\/product_tag?post=2754"}],"curies":[{"name":"wp","href":"https:\/\/api.w.org\/{rel}","templated":true}]}}