{"id":1322,"date":"2024-11-02T16:28:17","date_gmt":"2024-11-02T08:28:17","guid":{"rendered":"http:\/\/43.134.52.103\/home\/"},"modified":"2026-04-18T11:41:08","modified_gmt":"2026-04-18T03:41:08","slug":"home","status":"publish","type":"page","link":"https:\/\/www.wolframcarbide.com\/pl\/","title":{"rendered":"Strona g\u0142\u00f3wna"},"content":{"rendered":"<div class=\"wp-block-uagb-container uagb-block-494c42c4 alignfull uagb-is-root-container\"><div class=\"uagb-container-inner-blocks-wrap\">\n<div class=\"wp-block-uagb-info-box uagb-block-cd2517a4 uagb-infobox__content-wrap  uagb-infobox-icon-above-title uagb-infobox-image-valign-top wp-block-uagb-info-box--has-margin\"><div class=\"uagb-infobox-margin-wrapper\"><div class=\"uagb-ifb-content\"><div class=\"uagb-ifb-title-wrap\"><h1 class=\"uagb-ifb-title-prefix\">40 lat do\u015bwiadczenia w produkcji<\/h1><\/div><div class=\"uagb-ifb-button-wrapper wp-block-button\"><a href=\"https:\/\/www.wolframcarbide.com\/pl\/produkty\/\" class=\"uagb-infobox-cta-link wp-block-button__link\" target=\"_self\" rel=\"noopener noreferrer\" onclick=\"return true;\"><span class=\"uagb-inline-editing\">Rozpocznij<\/span><\/a><\/div><\/div><\/div><\/div>\n<\/div><\/div>\n\n\n\n<div class=\"wp-block-uagb-container uagb-block-5fcee4f8 alignfull uagb-is-root-container\"><div class=\"uagb-container-inner-blocks-wrap\">\n<div class=\"wp-block-uagb-advanced-heading uagb-block-2b5f3149\"><h2 class=\"uagb-heading-text\">Nasze produkty<\/h2><div class=\"uagb-separator\"><\/div><\/div>\n\n\n\n<div class=\"wp-block-uagb-container uagb-block-4a8e1942\">\n<div class=\"wp-block-uagb-container uagb-block-c988f562\">\n<div class=\"wp-block-uagb-image alignleft uagb-block-a35d235b wp-block-uagb-image--layout-default wp-block-uagb-image--effect-static wp-block-uagb-image--align-left\"><figure class=\"wp-block-uagb-image__figure\"><a class=\"\" href=\"https:\/\/www.wolframcarbide.com\/pl\/kategoria\/guziki-i-wkladki-z-weglika-wolframu-dla-gornictwa-i-budownictwa\/\" target=\"\" rel=\"noopener\"><img decoding=\"async\" srcset=\"https:\/\/www.wolframcarbide.com\/wp-content\/uploads\/2024\/11\/Carbide-inserts-for-mining-.jpg ,https:\/\/www.wolframcarbide.com\/wp-content\/uploads\/2024\/11\/Carbide-inserts-for-mining-.jpg 780w, https:\/\/www.wolframcarbide.com\/wp-content\/uploads\/2024\/11\/Carbide-inserts-for-mining-.jpg 360w\" sizes=\"auto, (max-width: 480px) 150px\" src=\"https:\/\/www.wolframcarbide.com\/wp-content\/uploads\/2024\/11\/Carbide-inserts-for-mining-.jpg\" alt=\"\" class=\"uag-image-2320\" width=\"374\" height=\"464\" title=\"P\u0142ytki w\u0119glikowe dla g\u00f3rnictwa\" loading=\"lazy\" role=\"img\"><\/a><\/figure><\/div>\n\n\n\n<div class=\"wp-block-uagb-advanced-heading uagb-block-b07219d5\"><h3 class=\"uagb-heading-text\">Przyciski z w\u0119glika wolframu do sprz\u0119tu g\u00f3rniczego<\/h3><p class=\"uagb-desc-text\">Guziki z w\u0119glika wolframu s\u0105 u\u017cywane do produkcji narz\u0119dzi wiertniczych, takich jak wiert\u0142a DTH, frezy strugarskie, frezy TBM i ko\u0142ki HPGR.<\/p><\/div>\n\n\n\n<p><\/p>\n<\/div>\n\n\n\n<div class=\"wp-block-uagb-container uagb-block-0ad6ff4e\">\n<div class=\"wp-block-uagb-image alignleft uagb-block-930d8e85 wp-block-uagb-image--layout-default wp-block-uagb-image--effect-static wp-block-uagb-image--align-left\"><figure class=\"wp-block-uagb-image__figure\"><a class=\"\" href=\"https:\/\/www.wolframcarbide.com\/pl\/kategoria\/prety-z-weglika-spiekanego\/\" target=\"\" rel=\"noopener\"><img decoding=\"async\" srcset=\"https:\/\/www.wolframcarbide.com\/wp-content\/uploads\/2024\/11\/Tungsten-carbide-rods_6.jpg ,https:\/\/www.wolframcarbide.com\/wp-content\/uploads\/2024\/11\/Tungsten-carbide-rods_6.jpg 780w, https:\/\/www.wolframcarbide.com\/wp-content\/uploads\/2024\/11\/Tungsten-carbide-rods_6.jpg 360w\" sizes=\"auto, (max-width: 480px) 150px\" src=\"https:\/\/www.wolframcarbide.com\/wp-content\/uploads\/2024\/11\/Tungsten-carbide-rods_6.jpg\" alt=\"\" class=\"uag-image-2316\" width=\"373\" height=\"464\" title=\"Pr\u0119ty z w\u0119glika spiekanego _6\" loading=\"lazy\" role=\"img\"><\/a><\/figure><\/div>\n\n\n\n<div class=\"wp-block-uagb-advanced-heading uagb-block-3974de5a\"><h3 class=\"uagb-heading-text\">P\u0142ytka, Pr\u0119ty z w\u0119glika spiekanego<\/h3><p class=\"uagb-desc-text\">Pr\u0119ty z w\u0119glika wolframu s\u0105 wykorzystywane do produkcji narz\u0119dzi skrawaj\u0105cych, takich jak frezy palcowe, wiert\u0142a z w\u0119glik\u00f3w spiekanych, formy do t\u0142oczenia.<\/p><\/div>\n\n\n\n<p><\/p>\n<\/div>\n\n\n\n<div class=\"wp-block-uagb-container uagb-block-48a31e6a\">\n<div class=\"wp-block-uagb-image alignleft uagb-block-2675d6b0 wp-block-uagb-image--layout-default wp-block-uagb-image--effect-static wp-block-uagb-image--align-left\"><figure class=\"wp-block-uagb-image__figure\"><a class=\"\" href=\"https:\/\/www.wolframcarbide.com\/pl\/kategoria\/tuleje-z-weglika-spiekanego\/\" target=\"\" rel=\"noopener\"><img decoding=\"async\" srcset=\"https:\/\/www.wolframcarbide.com\/wp-content\/uploads\/2024\/11\/Wearing-part-for-oil-field.jpg ,https:\/\/www.wolframcarbide.com\/wp-content\/uploads\/2024\/11\/Wearing-part-for-oil-field.jpg 780w, https:\/\/www.wolframcarbide.com\/wp-content\/uploads\/2024\/11\/Wearing-part-for-oil-field.jpg 360w\" sizes=\"auto, (max-width: 480px) 150px\" src=\"https:\/\/www.wolframcarbide.com\/wp-content\/uploads\/2024\/11\/Wearing-part-for-oil-field.jpg\" alt=\"\" class=\"uag-image-2321\" width=\"373\" height=\"464\" title=\"Cz\u0119\u015b\u0107 zu\u017cywaj\u0105ca si\u0119 na polu naftowym\" loading=\"lazy\" role=\"img\"><\/a><\/figure><\/div>\n\n\n\n<div class=\"wp-block-uagb-advanced-heading uagb-block-8f982c10\"><h3 class=\"uagb-heading-text\">Tuleje z w\u0119glika spiekanego<\/h3><p class=\"uagb-desc-text\">Tuleje z w\u0119glika spiekanego s\u0105 stosowane w przemy\u015ble petrochemicznym, takim jak pompa szczelinuj\u0105ca, pompa wodna, pompa olejowa i inne pompy, szczeg\u00f3lnie stosowane w pompach wysokoci\u015bnieniowych lub odpornych na korozj\u0119, ogranicznikach przep\u0142ywu, siedzeniach serwo ...<\/p><\/div>\n<\/div>\n<\/div>\n<\/div><\/div>\n\n\n\n<div class=\"wp-block-uagb-container uagb-block-fb32e4bf alignfull uagb-is-root-container\"><div class=\"uagb-container-inner-blocks-wrap\">\n<div class=\"wp-block-uagb-image aligncenter uagb-block-052b1f4c wp-block-uagb-image--layout-default wp-block-uagb-image--effect-static wp-block-uagb-image--align-center\"><figure class=\"wp-block-uagb-image__figure\"><img decoding=\"async\" srcset=\"https:\/\/www.wolframcarbide.com\/wp-content\/uploads\/2021\/11\/quotes.svg ,https:\/\/www.wolframcarbide.com\/wp-content\/uploads\/2021\/11\/quotes.svg 780w, https:\/\/www.wolframcarbide.com\/wp-content\/uploads\/2021\/11\/quotes.svg 360w\" sizes=\"auto, (max-width: 480px) 150px\" src=\"https:\/\/www.wolframcarbide.com\/wp-content\/uploads\/2021\/11\/quotes.svg\" alt=\"\" class=\"uag-image-117\" width=\"37\" height=\"38\" title=\"cytaty\" loading=\"lazy\" role=\"img\"><\/figure><\/div>\n\n\n\n<div class=\"wp-block-uagb-info-box uagb-block-54aaf525 uagb-infobox__content-wrap  uagb-infobox-icon-below-title uagb-infobox-image-valign-top\"><div class=\"uagb-ifb-content\"><div class=\"uagb-ifb-title-wrap\"><h4 class=\"uagb-ifb-title\">\"Nasze produkty z w\u0119glika wolframu s\u0105 eksportowane do Niemiec, Holandii, W\u0142och, Polski, Australii, Indii, Malezji, Tajlandii, Korei Po\u0142udniowej, Japonii, Kanady, Stan\u00f3w Zjednoczonych, Peru, Brazylii i innych kraj\u00f3w. <br>Wydajno\u015b\u0107 i \u017cywotno\u015b\u0107 naszych produkt\u00f3w z w\u0119glika wolframu s\u0105 zbli\u017cone do 90-97% Guhringg, Boehleritt i Kennametall\".<\/h4><\/div><div class=\"uagb-ifb-image-content\"><img decoding=\"async\" src=\"https:\/\/www.wolframcarbide.com\/wp-content\/uploads\/2024\/11\/Export-director-150x135.jpg\" alt=\"\" width=\"50\" height=\"45\" loading=\"lazy\" title=\"\"><\/div><p class=\"uagb-ifb-desc\">Dyrektor ds. eksportu<\/p><\/div><\/div>\n<\/div><\/div>\n\n\n\n<div class=\"wp-block-uagb-container uagb-layout-grid uagb-block-0186287e alignwide uagb-is-root-container\">\n<div class=\"wp-block-uagb-info-box uagb-block-03550eeb uagb-infobox__content-wrap  uagb-infobox-icon-above-title uagb-infobox-image-valign-top wp-block-uagb-info-box--has-margin\"><div class=\"uagb-infobox-margin-wrapper\"><div class=\"uagb-ifb-content\"><div class=\"uagb-ifb-title-wrap\"><h4 class=\"uagb-ifb-title\">O nas<\/h4><\/div><p class=\"uagb-ifb-desc\">Qingdao Bortome Import &amp; Export Co., Ltd., z siedzib\u0105 w Qingdao w Chinach, jest sp\u00f3\u0142k\u0105 zale\u017cn\u0105 nale\u017c\u0105c\u0105 w ca\u0142o\u015bci do Tongyu Heavy Industry Co., Ltd (kod gie\u0142dowy: 300185), kt\u00f3ra znajduje si\u0119 w pierwszej dziesi\u0105tce chi\u0144skich producent\u00f3w wyrob\u00f3w z w\u0119glika spiekanego i ma ponad 40-letnie do\u015bwiadczenie w produkcji.<br><br>Opieraj\u0105c si\u0119 na pot\u0119\u017cnej firmie macierzystej, zintegrowanej z bogatymi zasobami swoich sp\u00f3\u0142ek zale\u017cnych oraz w pe\u0142ni wykorzystuj\u0105c lokalizacj\u0119 i talenty, Qingdao Bortome d\u0105\u017cy do zbudowania pierwszorz\u0119dnej firmy, specjalizuj\u0105cej si\u0119 w badaniach, projektowaniu, produkcji i us\u0142ugach posprzeda\u017cnych r\u00f3\u017cnych produkt\u00f3w z w\u0119glika wolframu.<br><br>Z niecierpliwo\u015bci\u0105 czekamy na wsp\u00f3\u0142prac\u0119 korzystn\u0105 dla wszystkich i budowanie d\u0142ugoterminowych relacji biznesowych z Tob\u0105. &nbsp;<\/p><div class=\"uagb-ifb-button-wrapper wp-block-button\"><a href=\"https:\/\/www.wolframcarbide.com\/pl\/o\/\" class=\"uagb-infobox-cta-link ast-outline-button\" target=\"_self\" rel=\"noopener noreferrer\" style=\"border-width:revert-layer\" onclick=\"return true;\"><span class=\"uagb-inline-editing\">Dowiedz si\u0119 wi\u0119cej<\/span><\/a><\/div><\/div><\/div><\/div>\n\n\n\n<div class=\"wp-block-uagb-image alignright uagb-block-37933192 wp-block-uagb-image--layout-default wp-block-uagb-image--effect-static wp-block-uagb-image--align-right\"><figure class=\"wp-block-uagb-image__figure\"><img decoding=\"async\" srcset=\"https:\/\/www.wolframcarbide.com\/wp-content\/uploads\/2024\/11\/PVA.jpg ,https:\/\/www.wolframcarbide.com\/wp-content\/uploads\/2024\/11\/PVA.jpg 780w, https:\/\/www.wolframcarbide.com\/wp-content\/uploads\/2024\/11\/PVA.jpg 360w\" sizes=\"auto, (max-width: 480px) 150px\" src=\"https:\/\/www.wolframcarbide.com\/wp-content\/uploads\/2024\/11\/PVA.jpg\" alt=\"Piec PVA\" class=\"uag-image-2299\" width=\"693\" height=\"501\" title=\"PVA\" loading=\"lazy\" role=\"img\"\/><\/figure><\/div>\n<\/div>\n\n\n\n<div class=\"wp-block-uagb-container uagb-block-05a4a518 alignfull uagb-is-root-container\"><div class=\"uagb-container-inner-blocks-wrap\">\n<div class=\"wp-block-uagb-info-box uagb-block-9a97965e uagb-infobox__content-wrap  uagb-infobox-icon-above-title uagb-infobox-image-valign-top wp-block-uagb-info-box--has-margin\"><div class=\"uagb-infobox-margin-wrapper\"><div class=\"uagb-ifb-content\"><div class=\"uagb-ifb-title-wrap\"><h1 class=\"uagb-ifb-title\">PYTANIA?<\/h1><\/div><p class=\"uagb-ifb-desc\">Niezale\u017cnie od tego, czy jeste\u015b zainteresowany funkcjami, bezp\u0142atn\u0105 wersj\u0105 pr\u00f3bn\u0105, czy nawet pras\u0105, jeste\u015bmy tutaj, aby odpowiedzie\u0107 na wszelkie pytania.<\/p><div class=\"uagb-ifb-button-wrapper wp-block-button\"><a href=\"https:\/\/www.wolframcarbide.com\/pl\/kontakt\/\" class=\"uagb-infobox-cta-link wp-block-button__link\" target=\"_self\" rel=\"noopener noreferrer\" onclick=\"return true;\"><span class=\"uagb-inline-editing\">Porozmawiajmy teraz<\/span><\/a><\/div><\/div><\/div><\/div>\n<\/div><\/div>","protected":false},"excerpt":{"rendered":"<p>Our Products Tungsten carbide buttons for mining equipment Tungsten carbide buttons are being used for making drilling tools, such as DTH bits, milling planer cutters,TBM cutters and HPGR studs. Tungsten carbide rods and plates Tungsten carbide rods are being used for making cutting tools, such as end mills, carbide drills, stamping mould. Tungsten carbide sleeves [&hellip;]<\/p>\n","protected":false},"author":1,"featured_media":0,"parent":0,"menu_order":0,"comment_status":"closed","ping_status":"closed","template":"","meta":{"_uag_custom_page_level_css":"","site-sidebar-layout":"no-sidebar","site-content-layout":"page-builder","ast-site-content-layout":"full-width-container","site-content-style":"unboxed","site-sidebar-style":"unboxed","ast-global-header-display":"","ast-banner-title-visibility":"","ast-main-header-display":"","ast-hfb-above-header-display":"","ast-hfb-below-header-display":"","ast-hfb-mobile-header-display":"","site-post-title":"disabled","ast-breadcrumbs-content":"","ast-featured-img":"disabled","footer-sml-layout":"","theme-transparent-header-meta":"enabled","adv-header-id-meta":"","stick-header-meta":"","header-above-stick-meta":"","header-main-stick-meta":"","header-below-stick-meta":"","astra-migrate-meta-layouts":"set","ast-page-background-enabled":"default","ast-page-background-meta":{"desktop":{"background-color":"var(--ast-global-color-4)","background-image":"","background-repeat":"repeat","background-position":"center center","background-size":"auto","background-attachment":"scroll","background-type":"","background-media":"","overlay-type":"","overlay-color":"","overlay-opacity":"","overlay-gradient":""},"tablet":{"background-color":"","background-image":"","background-repeat":"repeat","background-position":"center center","background-size":"auto","background-attachment":"scroll","background-type":"","background-media":"","overlay-type":"","overlay-color":"","overlay-opacity":"","overlay-gradient":""},"mobile":{"background-color":"","background-image":"","background-repeat":"repeat","background-position":"center center","background-size":"auto","background-attachment":"scroll","background-type":"","background-media":"","overlay-type":"","overlay-color":"","overlay-opacity":"","overlay-gradient":""}},"ast-content-background-meta":{"desktop":{"background-color":"var(--ast-global-color-5)","background-image":"","background-repeat":"repeat","background-position":"center center","background-size":"auto","background-attachment":"scroll","background-type":"","background-media":"","overlay-type":"","overlay-color":"","overlay-opacity":"","overlay-gradient":""},"tablet":{"background-color":"var(--ast-global-color-5)","background-image":"","background-repeat":"repeat","background-position":"center center","background-size":"auto","background-attachment":"scroll","background-type":"","background-media":"","overlay-type":"","overlay-color":"","overlay-opacity":"","overlay-gradient":""},"mobile":{"background-color":"var(--ast-global-color-5)","background-image":"","background-repeat":"repeat","background-position":"center center","background-size":"auto","background-attachment":"scroll","background-type":"","background-media":"","overlay-type":"","overlay-color":"","overlay-opacity":"","overlay-gradient":""}},"_joinchat":[],"footnotes":""},"class_list":["post-1322","page","type-page","status-publish","hentry"],"uagb_featured_image_src":{"full":false,"thumbnail":false,"medium":false,"medium_large":false,"large":false,"1536x1536":false,"2048x2048":false,"trp-custom-language-flag":false,"woocommerce_thumbnail":false,"woocommerce_single":false,"woocommerce_gallery_thumbnail":false},"uagb_author_info":{"display_name":"admin","author_link":"https:\/\/www.wolframcarbide.com\/pl\/author\/admin\/"},"uagb_comment_info":0,"uagb_excerpt":"Our Products Tungsten carbide buttons for mining equipment Tungsten carbide buttons are being used for making drilling tools, such as DTH bits, milling planer cutters,TBM cutters and HPGR studs. Tungsten carbide rods and plates Tungsten carbide rods are being used for making cutting tools, such as end mills, carbide drills, stamping mould. Tungsten carbide sleeves&hellip;","_links":{"self":[{"href":"https:\/\/www.wolframcarbide.com\/pl\/wp-json\/wp\/v2\/pages\/1322","targetHints":{"allow":["GET"]}}],"collection":[{"href":"https:\/\/www.wolframcarbide.com\/pl\/wp-json\/wp\/v2\/pages"}],"about":[{"href":"https:\/\/www.wolframcarbide.com\/pl\/wp-json\/wp\/v2\/types\/page"}],"author":[{"embeddable":true,"href":"https:\/\/www.wolframcarbide.com\/pl\/wp-json\/wp\/v2\/users\/1"}],"replies":[{"embeddable":true,"href":"https:\/\/www.wolframcarbide.com\/pl\/wp-json\/wp\/v2\/comments?post=1322"}],"version-history":[{"count":28,"href":"https:\/\/www.wolframcarbide.com\/pl\/wp-json\/wp\/v2\/pages\/1322\/revisions"}],"predecessor-version":[{"id":3324,"href":"https:\/\/www.wolframcarbide.com\/pl\/wp-json\/wp\/v2\/pages\/1322\/revisions\/3324"}],"wp:attachment":[{"href":"https:\/\/www.wolframcarbide.com\/pl\/wp-json\/wp\/v2\/media?parent=1322"}],"curies":[{"name":"wp","href":"https:\/\/api.w.org\/{rel}","templated":true}]}}