{"id":3838,"date":"2026-04-25T19:37:33","date_gmt":"2026-04-25T11:37:33","guid":{"rendered":"https:\/\/www.wolframcarbide.com\/?post_type=product&#038;p=3838"},"modified":"2026-04-26T22:16:06","modified_gmt":"2026-04-26T14:16:06","slug":"tampons-de-prehension-en-carbure","status":"publish","type":"product","link":"https:\/\/www.wolframcarbide.com\/fr\/product\/carbide-gripper-pads\/","title":{"rendered":"Fabricant de plaquettes de pr\u00e9hension en carbure de tungst\u00e8ne de haute qualit\u00e9 YG8"},"content":{"rendered":"<h5><strong>Grade of c<\/strong><strong>arbide griper pads<\/strong><strong>:<\/strong><\/h5>\n<table style=\"height: 222px;\" width=\"1139\">\n<tbody>\n<tr>\n<td style=\"text-align: center;\" width=\"72\"><strong>Grade<\/strong><\/td>\n<td style=\"text-align: center;\" width=\"72\"><strong>WC(%)<\/strong><\/td>\n<td style=\"text-align: center;\" width=\"72\"><strong>Co(%)<\/strong><\/td>\n<td style=\"text-align: center;\" width=\"72\"><strong>Hardness(<a href=\"https:\/\/en.wikipedia.org\/wiki\/Rockwell_hardness_test\" rel=\"nofollow noopener\" target=\"_blank\">HRA<\/a>)<\/strong><\/td>\n<td style=\"text-align: center;\" width=\"72\"><strong>TRS((N\/mm\u00b2))<\/strong><\/td>\n<\/tr>\n<tr>\n<td style=\"text-align: center;\" width=\"72\"><strong>YG6<\/strong><\/td>\n<td style=\"text-align: center;\" width=\"72\"><strong>94\u00a0<\/strong><\/td>\n<td style=\"text-align: center;\" width=\"72\"><strong>6\u00a0<\/strong><\/td>\n<td style=\"text-align: center;\" width=\"72\"><strong>\u226590.5<\/strong><\/td>\n<td style=\"text-align: center;\" width=\"72\"><strong>1860\u00a0<\/strong><\/td>\n<\/tr>\n<tr>\n<td style=\"text-align: center;\" width=\"72\"><a href=\"https:\/\/www.wolframcarbide.com\/tungsten-carbide-hardness-and-uses-of-yg8\/\"><strong>YG8<\/strong><\/a><\/td>\n<td style=\"text-align: center;\" width=\"72\"><strong>92\u00a0<\/strong><\/td>\n<td style=\"text-align: center;\" width=\"72\"><strong>8\u00a0<\/strong><\/td>\n<td style=\"text-align: center;\" width=\"72\"><strong>\u226589.0<\/strong><\/td>\n<td style=\"text-align: center;\" width=\"72\"><strong>2060\u00a0<\/strong><\/td>\n<\/tr>\n<tr>\n<td style=\"text-align: center;\" width=\"72\"><strong>YG11<\/strong><\/td>\n<td style=\"text-align: center;\" width=\"72\"><strong>89\u00a0<\/strong><\/td>\n<td style=\"text-align: center;\" width=\"72\"><strong>11\u00a0<\/strong><\/td>\n<td style=\"text-align: center;\" width=\"72\"><strong>\u226587.5<\/strong><\/td>\n<td style=\"text-align: center;\" width=\"72\"><strong>2100\u00a0<\/strong><\/td>\n<\/tr>\n<tr>\n<td style=\"text-align: center;\" width=\"72\"><strong>YG15<\/strong><\/td>\n<td style=\"text-align: center;\" width=\"72\"><strong>85\u00a0<\/strong><\/td>\n<td style=\"text-align: center;\" width=\"72\"><strong>15\u00a0<\/strong><\/td>\n<td style=\"text-align: center;\" width=\"72\"><strong>\u226587.5<\/strong><\/td>\n<td style=\"text-align: center;\" width=\"72\"><strong>2500\u00a0<\/strong><\/td>\n<\/tr>\n<\/tbody>\n<\/table>\n<p>YG8 is the most widely used grade for tungsten carbide gripper pads.<\/p>\n<p>&nbsp;<\/p>\n<h5><strong>Sizes of carbide gripers pads\uff1a<\/strong><\/h5>\n<table style=\"border-collapse: collapse; width: 1212px; height: 525px;\" border=\"0\" width=\"499\" cellspacing=\"0\" cellpadding=\"0\">\n<tbody>\n<tr style=\"height: 16.75pt;\">\n<td class=\"et2\" style=\"height: 32.25pt; width: 96.25pt; text-align: center;\" rowspan=\"2\" width=\"128\" height=\"43\">&nbsp;<\/p>\n<p><strong>Type<\/strong><\/td>\n<td class=\"et2\" style=\"width: 278.25pt; text-align: center;\" colspan=\"3\" width=\"371\"><strong>Dimensions(MM)<\/strong><\/td>\n<\/tr>\n<tr style=\"height: 15.50pt;\">\n<td class=\"et2\" style=\"width: 89pt; text-align: center;\" width=\"118\"><strong>Length<\/strong><\/td>\n<td class=\"et2\" style=\"width: 93pt; text-align: center;\" width=\"124\"><strong>Width<\/strong><\/td>\n<td class=\"et2\" style=\"width: 96.25pt; text-align: center;\" width=\"128\"><strong>Thickness<\/strong><\/td>\n<\/tr>\n<tr style=\"height: 16.00pt;\">\n<td class=\"et2\" style=\"height: 16pt; width: 96.25pt; text-align: center;\" width=\"128\" height=\"21\">22x9x6<\/td>\n<td class=\"et2\" style=\"width: 89pt; text-align: center;\" width=\"118\">22<\/td>\n<td class=\"et2\" style=\"width: 93pt; text-align: center;\" width=\"124\">9<\/td>\n<td class=\"et2\" style=\"width: 96.25pt; text-align: center;\" width=\"128\">6<\/td>\n<\/tr>\n<tr style=\"height: 16.00pt;\">\n<td class=\"et2\" style=\"height: 16pt; width: 96.25pt; text-align: center;\" width=\"128\" height=\"21\">25x3x5<\/td>\n<td class=\"et2\" style=\"width: 89pt; text-align: center;\" width=\"118\">25<\/td>\n<td class=\"et2\" style=\"width: 93pt; text-align: center;\" width=\"124\">3<\/td>\n<td class=\"et2\" style=\"width: 96.25pt; text-align: center;\" width=\"128\">5<\/td>\n<\/tr>\n<tr style=\"height: 16.00pt;\">\n<td class=\"et2\" style=\"height: 16pt; width: 96.25pt; text-align: center;\" width=\"128\" height=\"21\">28x6x5.5<\/td>\n<td class=\"et2\" style=\"width: 89pt; text-align: center;\" width=\"118\">28<\/td>\n<td class=\"et2\" style=\"width: 93pt; text-align: center;\" width=\"124\">6<\/td>\n<td class=\"et2\" style=\"width: 96.25pt; text-align: center;\" width=\"128\">5.5<\/td>\n<\/tr>\n<tr style=\"height: 16.00pt;\">\n<td class=\"et2\" style=\"height: 16pt; width: 96.25pt; text-align: center;\" width=\"128\" height=\"21\">28.8x9x6.4<\/td>\n<td class=\"et2\" style=\"width: 89pt; text-align: center;\" width=\"118\">28.8<\/td>\n<td class=\"et2\" style=\"width: 93pt; text-align: center;\" width=\"124\">9<\/td>\n<td class=\"et2\" style=\"width: 96.25pt; text-align: center;\" width=\"128\">6.4<\/td>\n<\/tr>\n<tr style=\"height: 16.25pt;\">\n<td class=\"et2\" style=\"height: 16.25pt; width: 96.25pt; text-align: center;\" width=\"128\" height=\"21\">28.8&#215;6.2&#215;6.3<\/td>\n<td class=\"et2\" style=\"width: 89pt; text-align: center;\" width=\"118\">28.8<\/td>\n<td class=\"et2\" style=\"width: 93pt; text-align: center;\" width=\"124\">6.2<\/td>\n<td class=\"et2\" style=\"width: 96.25pt; text-align: center;\" width=\"128\">6.3<\/td>\n<\/tr>\n<tr style=\"height: 14.25pt;\">\n<td class=\"et2\" style=\"height: 14.25pt; width: 96.25pt; text-align: center;\" width=\"128\" height=\"19\">30x6x6<\/td>\n<td class=\"et2\" style=\"width: 89pt; text-align: center;\" width=\"118\">30<\/td>\n<td class=\"et2\" style=\"width: 93pt; text-align: center;\" width=\"124\">6<\/td>\n<td class=\"et2\" style=\"width: 96.25pt; text-align: center;\" width=\"128\">6<\/td>\n<\/tr>\n<tr style=\"height: 14.25pt;\">\n<td class=\"et2\" style=\"height: 14.25pt; width: 96.25pt; text-align: center;\" width=\"128\" height=\"19\">30x7x7<\/td>\n<td class=\"et2\" style=\"width: 89pt; text-align: center;\" width=\"118\">30<\/td>\n<td class=\"et2\" style=\"width: 93pt; text-align: center;\" width=\"124\">7<\/td>\n<td class=\"et2\" style=\"width: 96.25pt; text-align: center;\" width=\"128\">7<\/td>\n<\/tr>\n<tr style=\"height: 14.25pt;\">\n<td class=\"et2\" style=\"height: 14.25pt; width: 96.25pt; text-align: center;\" width=\"128\" height=\"19\">35x6x4<\/td>\n<td class=\"et2\" style=\"width: 89pt; text-align: center;\" width=\"118\">35<\/td>\n<td class=\"et2\" style=\"width: 93pt; text-align: center;\" width=\"124\">6<\/td>\n<td class=\"et2\" style=\"width: 96.25pt; text-align: center;\" width=\"128\">4<\/td>\n<\/tr>\n<\/tbody>\n<\/table>\n<p>&nbsp;<\/p>\n<h5><strong>Details of <\/strong><strong>carbide gripper pads<\/strong><strong>:<\/strong><\/h5>\n<p><img loading=\"lazy\" decoding=\"async\" class=\"alignnone size-full wp-image-3844\" src=\"https:\/\/www.wolframcarbide.com\/wp-content\/uploads\/2026\/04\/cabride-gripper-pads-6_.jpg\" alt=\"carbide gripper pads\" width=\"800\" height=\"533\" title=\"\" srcset=\"https:\/\/www.wolframcarbide.com\/wp-content\/uploads\/2026\/04\/cabride-gripper-pads-6_.jpg 800w, https:\/\/www.wolframcarbide.com\/wp-content\/uploads\/2026\/04\/cabride-gripper-pads-6_-300x200.jpg 300w, https:\/\/www.wolframcarbide.com\/wp-content\/uploads\/2026\/04\/cabride-gripper-pads-6_-768x512.jpg 768w, https:\/\/www.wolframcarbide.com\/wp-content\/uploads\/2026\/04\/cabride-gripper-pads-6_-18x12.jpg 18w, https:\/\/www.wolframcarbide.com\/wp-content\/uploads\/2026\/04\/cabride-gripper-pads-6_-600x400.jpg 600w\" sizes=\"auto, (max-width: 800px) 100vw, 800px\" \/><a href=\"https:\/\/www.wolframcarbide.com\/product-category\/tungsten-carbide-buttons-and-inserts-for-mining-and-construction\/\"><img loading=\"lazy\" decoding=\"async\" class=\"alignnone size-full wp-image-3843\" src=\"https:\/\/www.wolframcarbide.com\/wp-content\/uploads\/2026\/04\/Carbide-gripper-pads-2_.jpg\" alt=\"carbide gripper pads supplier\" width=\"800\" height=\"533\" title=\"\" srcset=\"https:\/\/www.wolframcarbide.com\/wp-content\/uploads\/2026\/04\/Carbide-gripper-pads-2_.jpg 800w, https:\/\/www.wolframcarbide.com\/wp-content\/uploads\/2026\/04\/Carbide-gripper-pads-2_-300x200.jpg 300w, https:\/\/www.wolframcarbide.com\/wp-content\/uploads\/2026\/04\/Carbide-gripper-pads-2_-768x512.jpg 768w, https:\/\/www.wolframcarbide.com\/wp-content\/uploads\/2026\/04\/Carbide-gripper-pads-2_-18x12.jpg 18w, https:\/\/www.wolframcarbide.com\/wp-content\/uploads\/2026\/04\/Carbide-gripper-pads-2_-600x400.jpg 600w\" sizes=\"auto, (max-width: 800px) 100vw, 800px\" \/><\/a><\/p>\n<p>&nbsp;<\/p>\n<p>&nbsp;<\/p>\n<p><a href=\"https:\/\/www.wolframcarbide.com\/product\/carbide-grippers-inserts\/\"><img loading=\"lazy\" decoding=\"async\" class=\"alignnone size-full wp-image-3541\" src=\"https:\/\/www.wolframcarbide.com\/wp-content\/uploads\/2025\/10\/tungsten-carbide-grippers_5.jpg\" alt=\"carbide gripper pads\" width=\"829\" height=\"602\" title=\"\" srcset=\"https:\/\/www.wolframcarbide.com\/wp-content\/uploads\/2025\/10\/tungsten-carbide-grippers_5.jpg 829w, https:\/\/www.wolframcarbide.com\/wp-content\/uploads\/2025\/10\/tungsten-carbide-grippers_5-300x218.jpg 300w, https:\/\/www.wolframcarbide.com\/wp-content\/uploads\/2025\/10\/tungsten-carbide-grippers_5-768x558.jpg 768w, https:\/\/www.wolframcarbide.com\/wp-content\/uploads\/2025\/10\/tungsten-carbide-grippers_5-18x12.jpg 18w, https:\/\/www.wolframcarbide.com\/wp-content\/uploads\/2025\/10\/tungsten-carbide-grippers_5-600x436.jpg 600w\" sizes=\"auto, (max-width: 829px) 100vw, 829px\" \/><\/a><\/p>\n<h5><strong>Application of carbide gripper pads:<\/strong><\/h5>\n<p>I. Oil &amp; Gas (Core Applications)<br \/>\nDrilling Chucks: Welded to the inside of the drill pipe holder, wear-resistant and anti-slip, securely clamping drill pipe, casing, and tubing, meeting the requirements for tripping and string suspension operations.<\/p>\n<p>Downhole Tool Chucks: Used for components such as bridge plugs and packers, anchoring and engaging the casing to ensure stable equipment setting.<br \/>\nOil Workover: Various slips and chucks to achieve clamping and sealing, extending tool life.<br \/>\nII. Geological and Mining Drilling<br \/>\nDrill Rig Clamping Accessories: Clamp drill pipe and core tube, transmitting torque and preventing slippage, suitable for drilling in various rock formations.<br \/>\nMining Wear-Resistant Parts: Bucket teeth, cutting plates, cutting blades, etc., high strength, wear-resistant, and impact-resistant.<br \/>\nCoalfield Drilling: Coal electric drill chucks, drill pipe joint alloy wear-resistant parts.<br \/>\nIII. Engineering Machinery and Other Fields<br \/>\nSupporting heavy machinery wear-resistant teeth and claws, pipeline drilling tool wear-resistant inserts to reduce wear and corrosion; suitable for the metallurgical field, using high-temperature wear-resistant alloy pads and guide plates.<\/p>\n<p>&nbsp;<\/p>\n<p><strong>Please send us inquiries for quotations and free carbide gripper pads for testing:<\/strong><\/p>\n<div class=\"wpforms-container \" id=\"wpforms-2333\"><form id=\"wpforms-form-2333\" class=\"wpforms-validate wpforms-form wpforms-ajax-form\" data-formid=\"2333\" method=\"post\" enctype=\"multipart\/form-data\" action=\"\/fr\/wp-json\/wp\/v2\/product\/3838\" data-token=\"95c2bcd6a3bae2f2bc25c9ed3810c1ff\" data-token-time=\"1777306800\"><noscript class=\"wpforms-error-noscript\">Veuillez activer JavaScript dans votre navigateur pour remplir ce formulaire.<\/noscript><div class=\"wpforms-field-container\"><div id=\"wpforms-2333-field_1-container\" class=\"wpforms-field wpforms-field-name\" data-field-id=\"1\"><label class=\"wpforms-field-label\" for=\"wpforms-2333-field_1\">Name <span class=\"wpforms-required-label\">*<\/span><\/label><input type=\"text\" id=\"wpforms-2333-field_1\" class=\"wpforms-field-medium wpforms-field-required\" name=\"wpforms[fields][1]\" required><\/div>\t\t<div id=\"wpforms-2333-field_5-container\"\n\t\t\tclass=\"wpforms-field wpforms-field-text\"\n\t\t\tdata-field-type=\"text\"\n\t\t\tdata-field-id=\"5\"\n\t\t\t>\n\t\t\t<label class=\"wpforms-field-label\" for=\"wpforms-2333-field_5\" >Name Company Name<\/label>\n\t\t\t<input type=\"text\" id=\"wpforms-2333-field_5\" class=\"wpforms-field-medium\" name=\"wpforms[fields][5]\" >\n\t\t<\/div>\n\t\t<div id=\"wpforms-2333-field_2-container\" class=\"wpforms-field wpforms-field-text\" data-field-id=\"2\"><label class=\"wpforms-field-label\" for=\"wpforms-2333-field_2\">Company Name<\/label><input type=\"text\" id=\"wpforms-2333-field_2\" class=\"wpforms-field-medium\" name=\"wpforms[fields][2]\" ><\/div><div id=\"wpforms-2333-field_3-container\" class=\"wpforms-field wpforms-field-email\" data-field-id=\"3\"><label class=\"wpforms-field-label\" for=\"wpforms-2333-field_3\">Email <span class=\"wpforms-required-label\">*<\/span><\/label><input type=\"email\" id=\"wpforms-2333-field_3\" class=\"wpforms-field-medium wpforms-field-required\" name=\"wpforms[fields][3]\" spellcheck=\"false\" required><\/div><div id=\"wpforms-2333-field_4-container\" class=\"wpforms-field wpforms-field-textarea\" data-field-id=\"4\"><label class=\"wpforms-field-label\" for=\"wpforms-2333-field_4\">Message <span class=\"wpforms-required-label\">*<\/span><\/label><textarea id=\"wpforms-2333-field_4\" class=\"wpforms-field-medium wpforms-field-required\" name=\"wpforms[fields][4]\" required><\/textarea><\/div><script>\n\t\t\t\t( function() {\n\t\t\t\t\tconst style = document.createElement( 'style' );\n\t\t\t\t\tstyle.appendChild( document.createTextNode( '#wpforms-2333-field_5-container { position: absolute !important; overflow: hidden !important; display: inline !important; height: 1px !important; width: 1px !important; z-index: -1000 !important; padding: 0 !important; } #wpforms-2333-field_5-container input { visibility: hidden; } #wpforms-conversational-form-page #wpforms-2333-field_5-container label { counter-increment: none; }' ) );\n\t\t\t\t\tdocument.head.appendChild( style );\n\t\t\t\t\tdocument.currentScript?.remove();\n\t\t\t\t} )();\n\t\t\t<\/script><\/div><!-- .wpforms-field-container --><div class=\"wpforms-submit-container\" ><input type=\"hidden\" name=\"wpforms[id]\" value=\"2333\"><input type=\"hidden\" name=\"page_title\" value=\"\"><input type=\"hidden\" name=\"page_url\" value=\"https:\/\/www.wolframcarbide.com\/fr\/wp-json\/wp\/v2\/product\/3838\"><input type=\"hidden\" name=\"url_referer\" value=\"\"><button type=\"submit\" name=\"wpforms[submit]\" id=\"wpforms-submit-2333\" class=\"wpforms-submit\" data-alt-text=\"Sending\u2026\" data-submit-text=\"Send Inquiry\" aria-live=\"assertive\" value=\"wpforms-submit\">Send Inquiry<\/button><img loading=\"lazy\" decoding=\"async\" src=\"https:\/\/www.wolframcarbide.com\/wp-content\/plugins\/wpforms-lite\/assets\/images\/submit-spin.svg\" class=\"wpforms-submit-spinner\" style=\"display: none;\" width=\"26\" height=\"26\" alt=\"Chargement en cours\" title=\"\"><\/div><\/form><\/div>  <!-- .wpforms-container -->\n","protected":false},"excerpt":{"rendered":"<p>Pads de pr\u00e9hension en carbure.<\/p>\n<ol>\n<li>S\u00e9lection des mati\u00e8res premi\u00e8res : La poudre de carbure de wolfram de haute qualit\u00e9 est pr\u00e9f\u00e9rable. Mati\u00e8re vierge 100%.<\/li>\n<li>Four de frittage PVA allemand import\u00e9. Frittage HIP. Qui peut maintenir les plaquettes d'accroche en carbure \u00e0 haute densit\u00e9., <strong>Haute r\u00e9sistance \u00e0 l'usure<\/strong>et de haute performance.<\/li>\n<li>Des ing\u00e9nieurs professionnels et des \u00e9quipes d'inspection de la qualit\u00e9 assurent l'inspection du processus de production et l'inspection d'acceptation afin de garantir la stabilit\u00e9 de la qualit\u00e9 des produits et d'emp\u00eacher l'exp\u00e9dition de produits non qualifi\u00e9s.<\/li>\n<li><strong>Plus de 40 ans d'exp\u00e9rience dans la fabrication.<\/strong><\/li>\n<li><strong>La performance et la dur\u00e9e de vie des plaquettes de pr\u00e9hension en carbure sont proches de 90-97% de Guhringg, Ceratizitt, Boehleritt et Kennametall.<\/strong><\/li>\n<\/ol>","protected":false},"featured_media":3839,"template":"","meta":{"_uag_custom_page_level_css":"","site-sidebar-layout":"default","site-content-layout":"","ast-site-content-layout":"default","site-content-style":"default","site-sidebar-style":"default","ast-global-header-display":"","ast-banner-title-visibility":"","ast-main-header-display":"","ast-hfb-above-header-display":"","ast-hfb-below-header-display":"","ast-hfb-mobile-header-display":"","site-post-title":"","ast-breadcrumbs-content":"","ast-featured-img":"","footer-sml-layout":"","theme-transparent-header-meta":"default","adv-header-id-meta":"","stick-header-meta":"","header-above-stick-meta":"","header-main-stick-meta":"","header-below-stick-meta":"","astra-migrate-meta-layouts":"set","ast-page-background-enabled":"default","ast-page-background-meta":{"desktop":{"background-color":"var(--ast-global-color-4)","background-image":"","background-repeat":"repeat","background-position":"center center","background-size":"auto","background-attachment":"scroll","background-type":"","background-media":"","overlay-type":"","overlay-color":"","overlay-opacity":"","overlay-gradient":""},"tablet":{"background-color":"","background-image":"","background-repeat":"repeat","background-position":"center center","background-size":"auto","background-attachment":"scroll","background-type":"","background-media":"","overlay-type":"","overlay-color":"","overlay-opacity":"","overlay-gradient":""},"mobile":{"background-color":"","background-image":"","background-repeat":"repeat","background-position":"center center","background-size":"auto","background-attachment":"scroll","background-type":"","background-media":"","overlay-type":"","overlay-color":"","overlay-opacity":"","overlay-gradient":""}},"ast-content-background-meta":{"desktop":{"background-color":"var(--ast-global-color-5)","background-image":"","background-repeat":"repeat","background-position":"center center","background-size":"auto","background-attachment":"scroll","background-type":"","background-media":"","overlay-type":"","overlay-color":"","overlay-opacity":"","overlay-gradient":""},"tablet":{"background-color":"var(--ast-global-color-5)","background-image":"","background-repeat":"repeat","background-position":"center center","background-size":"auto","background-attachment":"scroll","background-type":"","background-media":"","overlay-type":"","overlay-color":"","overlay-opacity":"","overlay-gradient":""},"mobile":{"background-color":"var(--ast-global-color-5)","background-image":"","background-repeat":"repeat","background-position":"center center","background-size":"auto","background-attachment":"scroll","background-type":"","background-media":"","overlay-type":"","overlay-color":"","overlay-opacity":"","overlay-gradient":""}},"_joinchat":[]},"product_brand":[],"product_cat":[21],"product_tag":[],"class_list":{"0":"post-3838","1":"product","2":"type-product","3":"status-publish","4":"has-post-thumbnail","6":"product_cat-tungsten-carbide-buttons-and-inserts-for-mining-and-construction","7":"desktop-align-left","8":"tablet-align-left","9":"mobile-align-left","11":"first","12":"instock","13":"shipping-taxable","14":"product-type-simple"},"uagb_featured_image_src":{"full":["https:\/\/www.wolframcarbide.com\/wp-content\/uploads\/2026\/04\/carbide-gripper-pads-1_.jpg",600,600,false],"thumbnail":["https:\/\/www.wolframcarbide.com\/wp-content\/uploads\/2026\/04\/carbide-gripper-pads-1_-150x150.jpg",150,150,true],"medium":["https:\/\/www.wolframcarbide.com\/wp-content\/uploads\/2026\/04\/carbide-gripper-pads-1_-300x300.jpg",300,300,true],"medium_large":["https:\/\/www.wolframcarbide.com\/wp-content\/uploads\/2026\/04\/carbide-gripper-pads-1_.jpg",600,600,false],"large":["https:\/\/www.wolframcarbide.com\/wp-content\/uploads\/2026\/04\/carbide-gripper-pads-1_.jpg",600,600,false],"1536x1536":["https:\/\/www.wolframcarbide.com\/wp-content\/uploads\/2026\/04\/carbide-gripper-pads-1_.jpg",600,600,false],"2048x2048":["https:\/\/www.wolframcarbide.com\/wp-content\/uploads\/2026\/04\/carbide-gripper-pads-1_.jpg",600,600,false],"trp-custom-language-flag":["https:\/\/www.wolframcarbide.com\/wp-content\/uploads\/2026\/04\/carbide-gripper-pads-1_-12x12.jpg",12,12,true],"woocommerce_thumbnail":["https:\/\/www.wolframcarbide.com\/wp-content\/uploads\/2026\/04\/carbide-gripper-pads-1_-300x300.jpg",300,300,true],"woocommerce_single":["https:\/\/www.wolframcarbide.com\/wp-content\/uploads\/2026\/04\/carbide-gripper-pads-1_.jpg",600,600,false],"woocommerce_gallery_thumbnail":["https:\/\/www.wolframcarbide.com\/wp-content\/uploads\/2026\/04\/carbide-gripper-pads-1_-100x100.jpg",100,100,true]},"uagb_author_info":{"display_name":"admin","author_link":"https:\/\/www.wolframcarbide.com\/fr\/author\/"},"uagb_comment_info":0,"uagb_excerpt":"Carbide gripper pads. Raw material selection: High quality wolfram carbide powder is preferred. 100% virgin material. Imported German PVA sintering furnace. HIP sintering. Which can keep carbide griper pads in high density, High wear resistance, high-performance. Professional engineers and quality inspection teams ensure product process inspection and acceptance inspection to ensure stable product quality and\u2026","_links":{"self":[{"href":"https:\/\/www.wolframcarbide.com\/fr\/wp-json\/wp\/v2\/product\/3838","targetHints":{"allow":["GET"]}}],"collection":[{"href":"https:\/\/www.wolframcarbide.com\/fr\/wp-json\/wp\/v2\/product"}],"about":[{"href":"https:\/\/www.wolframcarbide.com\/fr\/wp-json\/wp\/v2\/types\/product"}],"wp:featuredmedia":[{"embeddable":true,"href":"https:\/\/www.wolframcarbide.com\/fr\/wp-json\/wp\/v2\/media\/3839"}],"wp:attachment":[{"href":"https:\/\/www.wolframcarbide.com\/fr\/wp-json\/wp\/v2\/media?parent=3838"}],"wp:term":[{"taxonomy":"product_brand","embeddable":true,"href":"https:\/\/www.wolframcarbide.com\/fr\/wp-json\/wp\/v2\/product_brand?post=3838"},{"taxonomy":"product_cat","embeddable":true,"href":"https:\/\/www.wolframcarbide.com\/fr\/wp-json\/wp\/v2\/product_cat?post=3838"},{"taxonomy":"product_tag","embeddable":true,"href":"https:\/\/www.wolframcarbide.com\/fr\/wp-json\/wp\/v2\/product_tag?post=3838"}],"curies":[{"name":"wp","href":"https:\/\/api.w.org\/{rel}","templated":true}]}}