{"id":3686,"date":"2026-01-18T16:49:54","date_gmt":"2026-01-18T08:49:54","guid":{"rendered":"https:\/\/www.wolframcarbide.com\/?post_type=product&#038;p=3686"},"modified":"2026-01-18T19:03:55","modified_gmt":"2026-01-18T11:03:55","slug":"chevilles-en-carbure-de-tungstene","status":"publish","type":"product","link":"https:\/\/www.wolframcarbide.com\/fr\/product\/tungsten-carbide-pegs\/","title":{"rendered":"Fabricant de chevilles en carbure de tungst\u00e8ne de haute qualit\u00e9 pour les broyeurs \u00e0 billes horizontaux et les broyeurs \u00e0 sable"},"content":{"rendered":"<h5><strong>Grade of tungsten carbide pegs :<\/strong><\/h5>\n<table style=\"border-collapse: collapse; width: 1200px; height: 389px;\" border=\"0\" width=\"946\" cellspacing=\"0\" cellpadding=\"0\">\n<tbody>\n<tr style=\"height: 44.75pt;\">\n<td class=\"et2\" style=\"height: 44.75pt; width: 84.75pt; text-align: center;\" width=\"113\" height=\"59\"><strong>Grades<\/strong><\/td>\n<td class=\"et2\" style=\"width: 110pt; text-align: center;\" width=\"146\"><strong>Density<\/strong><br \/>\n<strong>(g\/cm\u00b3)<\/strong><\/td>\n<td class=\"et2\" style=\"width: 101pt; text-align: center;\" width=\"134\"><strong>Hardness<\/strong><br \/>\n<strong>(<a href=\"https:\/\/en.wikipedia.org\/wiki\/Rockwell_hardness_test\" rel=\"nofollow noopener\" target=\"_blank\">HRA<\/a>)<\/strong><\/td>\n<td class=\"et2\" style=\"width: 103pt; text-align: center;\" width=\"137\"><strong>T.RS<\/strong><br \/>\n<strong>(N\/mm\u00b2)<\/strong><\/td>\n<td class=\"et2\" style=\"width: 311.4pt; text-align: center;\" width=\"415\"><strong>Main Application<\/strong><\/td>\n<\/tr>\n<tr style=\"height: 48.00pt;\">\n<td class=\"et2\" style=\"height: 48pt; width: 84.75pt; text-align: center;\" width=\"113\" height=\"64\"><a href=\"https:\/\/www.wolframcarbide.com\/tungsten-carbide-hardness-and-uses-of-yg8\/\">YG8<\/a><\/td>\n<td class=\"et2\" style=\"width: 110pt; text-align: center;\" width=\"146\">14.80<\/td>\n<td class=\"et2\" style=\"width: 101pt; text-align: center;\" width=\"134\">89.5<\/td>\n<td class=\"et2\" style=\"width: 103pt; text-align: center;\" width=\"137\">2060<\/td>\n<td class=\"et2\" style=\"width: 311.4pt; text-align: center;\" width=\"415\">High hardness, high toughness, mainly used<br \/>\nfor roller press rollers, suitable for horizontal bead mills and sand mills.<\/td>\n<\/tr>\n<tr style=\"height: 47.00pt;\">\n<td class=\"et2\" style=\"height: 47pt; width: 84.75pt; text-align: center;\" width=\"113\" height=\"62\">YG10<\/td>\n<td class=\"et2\" style=\"width: 110pt; text-align: center;\" width=\"146\">14.60<\/td>\n<td class=\"et2\" style=\"width: 101pt; text-align: center;\" width=\"134\">88.5<\/td>\n<td class=\"et2\" style=\"width: 103pt; text-align: center;\" width=\"137\">2850<\/td>\n<td class=\"et2\" style=\"width: 311.4pt; text-align: center;\" width=\"415\">High hardness, high toughness, mainly used<br \/>\nfor roller press rollers, suitable for horizontal bead mills and sand mills.<\/td>\n<\/tr>\n<tr style=\"height: 44.25pt;\">\n<td class=\"et2\" style=\"height: 44.25pt; width: 84.75pt; text-align: center;\" width=\"113\" height=\"59\">YN10<\/td>\n<td class=\"et2\" style=\"width: 110pt; text-align: center;\" width=\"146\">14.45<\/td>\n<td class=\"et2\" style=\"width: 101pt; text-align: center;\" width=\"134\">90.5<\/td>\n<td class=\"et2\" style=\"width: 103pt; text-align: center;\" width=\"137\">2350<\/td>\n<td class=\"et2\" style=\"width: 311.4pt; text-align: center;\" width=\"415\">Non-magnetic tungsten carbide grade. Suitable for non-magnetic working environments.<\/td>\n<\/tr>\n<\/tbody>\n<\/table>\n<h5><strong>Tungsten carbide peg sizes\uff1a<\/strong><\/h5>\n<table style=\"border-collapse: collapse; width: 792px; height: 307px;\" border=\"0\" width=\"749\" cellspacing=\"0\" cellpadding=\"0\">\n<tbody>\n<tr style=\"height: 16.25pt;\">\n<td class=\"et2\" style=\"height: 16.25pt; width: 129.25pt; text-align: center;\" width=\"258\" height=\"32\"><strong>OD(mm)<\/strong><\/td>\n<td class=\"et2\" style=\"width: 116pt; text-align: center;\" width=\"232\"><strong>L(mm)<\/strong><\/td>\n<td class=\"et2\" style=\"width: 129.25pt; text-align: center;\" width=\"258\"><strong>TAPS<\/strong><\/td>\n<\/tr>\n<tr style=\"height: 16.00pt;\">\n<td class=\"et2\" style=\"height: 16pt; width: 129.25pt; text-align: center;\" width=\"258\" height=\"32\">10<\/td>\n<td class=\"et2\" style=\"width: 116pt; text-align: center;\" width=\"232\">35<\/td>\n<td class=\"et2\" style=\"width: 129.25pt; text-align: center;\" width=\"258\">M12<\/td>\n<\/tr>\n<tr style=\"height: 16.00pt;\">\n<td class=\"et2\" style=\"height: 16pt; width: 129.25pt; text-align: center;\" width=\"258\" height=\"32\">12<\/td>\n<td class=\"et2\" style=\"width: 116pt; text-align: center;\" width=\"232\">35<\/td>\n<td class=\"et2\" style=\"width: 129.25pt; text-align: center;\" width=\"258\">M10<\/td>\n<\/tr>\n<tr style=\"height: 15.50pt;\">\n<td class=\"et2\" style=\"height: 15.5pt; width: 129.25pt; text-align: center;\" width=\"258\" height=\"31\">14<\/td>\n<td class=\"et2\" style=\"width: 116pt; text-align: center;\" width=\"232\">58<\/td>\n<td class=\"et2\" style=\"width: 129.25pt; text-align: center;\" width=\"258\">M12<\/td>\n<\/tr>\n<tr style=\"height: 16.00pt;\">\n<td class=\"et2\" style=\"height: 16pt; width: 129.25pt; text-align: center;\" width=\"258\" height=\"32\">16<\/td>\n<td class=\"et2\" style=\"width: 116pt; text-align: center;\" width=\"232\">48<\/td>\n<td class=\"et2\" style=\"width: 129.25pt; text-align: center;\" width=\"258\">M12<\/td>\n<\/tr>\n<tr style=\"height: 16.75pt;\">\n<td class=\"et2\" style=\"height: 16.75pt; width: 129.25pt; text-align: center;\" width=\"258\" height=\"33\">30<\/td>\n<td class=\"et2\" style=\"width: 116pt; text-align: center;\" width=\"232\">108<\/td>\n<td class=\"et2\" style=\"width: 129.25pt; text-align: center;\" width=\"258\">M16<\/td>\n<\/tr>\n<\/tbody>\n<\/table>\n<h5><\/h5>\n<h5><strong>Tungsten carbide peg details:<\/strong><\/h5>\n<p><img loading=\"lazy\" decoding=\"async\" class=\"alignnone size-full wp-image-3689\" src=\"https:\/\/www.wolframcarbide.com\/wp-content\/uploads\/2026\/01\/tungsten-carbide-pegs-2.jpg\" alt=\"tungsten carbide pegs\" width=\"800\" height=\"800\" title=\"\" srcset=\"https:\/\/www.wolframcarbide.com\/wp-content\/uploads\/2026\/01\/tungsten-carbide-pegs-2.jpg 800w, https:\/\/www.wolframcarbide.com\/wp-content\/uploads\/2026\/01\/tungsten-carbide-pegs-2-300x300.jpg 300w, https:\/\/www.wolframcarbide.com\/wp-content\/uploads\/2026\/01\/tungsten-carbide-pegs-2-150x150.jpg 150w, https:\/\/www.wolframcarbide.com\/wp-content\/uploads\/2026\/01\/tungsten-carbide-pegs-2-768x768.jpg 768w, https:\/\/www.wolframcarbide.com\/wp-content\/uploads\/2026\/01\/tungsten-carbide-pegs-2-12x12.jpg 12w, https:\/\/www.wolframcarbide.com\/wp-content\/uploads\/2026\/01\/tungsten-carbide-pegs-2-600x600.jpg 600w, https:\/\/www.wolframcarbide.com\/wp-content\/uploads\/2026\/01\/tungsten-carbide-pegs-2-100x100.jpg 100w\" sizes=\"auto, (max-width: 800px) 100vw, 800px\" \/><\/p>\n<p><img loading=\"lazy\" decoding=\"async\" class=\"alignnone size-full wp-image-3690\" src=\"https:\/\/www.wolframcarbide.com\/wp-content\/uploads\/2026\/01\/Tungsten-Carbide-Pegs-for-Horizontal-sand-Mill.jpg\" alt=\"Tungsten Carbide Pegs for Horizontal Bead Mill\" width=\"800\" height=\"800\" title=\"\" srcset=\"https:\/\/www.wolframcarbide.com\/wp-content\/uploads\/2026\/01\/Tungsten-Carbide-Pegs-for-Horizontal-sand-Mill.jpg 800w, https:\/\/www.wolframcarbide.com\/wp-content\/uploads\/2026\/01\/Tungsten-Carbide-Pegs-for-Horizontal-sand-Mill-300x300.jpg 300w, https:\/\/www.wolframcarbide.com\/wp-content\/uploads\/2026\/01\/Tungsten-Carbide-Pegs-for-Horizontal-sand-Mill-150x150.jpg 150w, https:\/\/www.wolframcarbide.com\/wp-content\/uploads\/2026\/01\/Tungsten-Carbide-Pegs-for-Horizontal-sand-Mill-768x768.jpg 768w, https:\/\/www.wolframcarbide.com\/wp-content\/uploads\/2026\/01\/Tungsten-Carbide-Pegs-for-Horizontal-sand-Mill-12x12.jpg 12w, https:\/\/www.wolframcarbide.com\/wp-content\/uploads\/2026\/01\/Tungsten-Carbide-Pegs-for-Horizontal-sand-Mill-600x600.jpg 600w, https:\/\/www.wolframcarbide.com\/wp-content\/uploads\/2026\/01\/Tungsten-Carbide-Pegs-for-Horizontal-sand-Mill-100x100.jpg 100w\" sizes=\"auto, (max-width: 800px) 100vw, 800px\" \/><\/p>\n<p><img loading=\"lazy\" decoding=\"async\" class=\"alignnone size-full wp-image-3691\" src=\"https:\/\/www.wolframcarbide.com\/wp-content\/uploads\/2026\/01\/Tungsten-Carbide-Pegs-for-Horizontal-Bead-Mill.jpg\" alt=\"Tungsten Carbide Pegs for Horizontal Bead Mill\" width=\"800\" height=\"800\" title=\"\" srcset=\"https:\/\/www.wolframcarbide.com\/wp-content\/uploads\/2026\/01\/Tungsten-Carbide-Pegs-for-Horizontal-Bead-Mill.jpg 800w, https:\/\/www.wolframcarbide.com\/wp-content\/uploads\/2026\/01\/Tungsten-Carbide-Pegs-for-Horizontal-Bead-Mill-300x300.jpg 300w, https:\/\/www.wolframcarbide.com\/wp-content\/uploads\/2026\/01\/Tungsten-Carbide-Pegs-for-Horizontal-Bead-Mill-150x150.jpg 150w, https:\/\/www.wolframcarbide.com\/wp-content\/uploads\/2026\/01\/Tungsten-Carbide-Pegs-for-Horizontal-Bead-Mill-768x768.jpg 768w, https:\/\/www.wolframcarbide.com\/wp-content\/uploads\/2026\/01\/Tungsten-Carbide-Pegs-for-Horizontal-Bead-Mill-12x12.jpg 12w, https:\/\/www.wolframcarbide.com\/wp-content\/uploads\/2026\/01\/Tungsten-Carbide-Pegs-for-Horizontal-Bead-Mill-600x600.jpg 600w, https:\/\/www.wolframcarbide.com\/wp-content\/uploads\/2026\/01\/Tungsten-Carbide-Pegs-for-Horizontal-Bead-Mill-100x100.jpg 100w\" sizes=\"auto, (max-width: 800px) 100vw, 800px\" \/><\/p>\n<p><strong>Please send us inquiries for quotations and free samples for testing:<\/strong><\/p>\n<div class=\"wpforms-container \" id=\"wpforms-2333\"><form id=\"wpforms-form-2333\" class=\"wpforms-validate wpforms-form wpforms-ajax-form\" data-formid=\"2333\" method=\"post\" enctype=\"multipart\/form-data\" action=\"\/fr\/wp-json\/wp\/v2\/product\/3686\" data-token=\"95c2bcd6a3bae2f2bc25c9ed3810c1ff\" data-token-time=\"1777295185\"><noscript class=\"wpforms-error-noscript\">Veuillez activer JavaScript dans votre navigateur pour remplir ce formulaire.<\/noscript><div class=\"wpforms-field-container\">\t\t<div id=\"wpforms-2333-field_5-container\"\n\t\t\tclass=\"wpforms-field wpforms-field-text\"\n\t\t\tdata-field-type=\"text\"\n\t\t\tdata-field-id=\"5\"\n\t\t\t>\n\t\t\t<label class=\"wpforms-field-label\" for=\"wpforms-2333-field_5\" >Email Name Company<\/label>\n\t\t\t<input type=\"text\" id=\"wpforms-2333-field_5\" class=\"wpforms-field-medium\" name=\"wpforms[fields][5]\" >\n\t\t<\/div>\n\t\t<div id=\"wpforms-2333-field_1-container\" class=\"wpforms-field wpforms-field-name\" data-field-id=\"1\"><label class=\"wpforms-field-label\" for=\"wpforms-2333-field_1\">Name <span class=\"wpforms-required-label\">*<\/span><\/label><input type=\"text\" id=\"wpforms-2333-field_1\" class=\"wpforms-field-medium wpforms-field-required\" name=\"wpforms[fields][1]\" required><\/div><div id=\"wpforms-2333-field_2-container\" class=\"wpforms-field wpforms-field-text\" data-field-id=\"2\"><label class=\"wpforms-field-label\" for=\"wpforms-2333-field_2\">Company Name<\/label><input type=\"text\" id=\"wpforms-2333-field_2\" class=\"wpforms-field-medium\" name=\"wpforms[fields][2]\" ><\/div><div id=\"wpforms-2333-field_3-container\" class=\"wpforms-field wpforms-field-email\" data-field-id=\"3\"><label class=\"wpforms-field-label\" for=\"wpforms-2333-field_3\">Email <span class=\"wpforms-required-label\">*<\/span><\/label><input type=\"email\" id=\"wpforms-2333-field_3\" class=\"wpforms-field-medium wpforms-field-required\" name=\"wpforms[fields][3]\" spellcheck=\"false\" required><\/div><div id=\"wpforms-2333-field_4-container\" class=\"wpforms-field wpforms-field-textarea\" data-field-id=\"4\"><label class=\"wpforms-field-label\" for=\"wpforms-2333-field_4\">Message <span class=\"wpforms-required-label\">*<\/span><\/label><textarea id=\"wpforms-2333-field_4\" class=\"wpforms-field-medium wpforms-field-required\" name=\"wpforms[fields][4]\" required><\/textarea><\/div><script>\n\t\t\t\t( function() {\n\t\t\t\t\tconst style = document.createElement( 'style' );\n\t\t\t\t\tstyle.appendChild( document.createTextNode( '#wpforms-2333-field_5-container { position: absolute !important; overflow: hidden !important; display: inline !important; height: 1px !important; width: 1px !important; z-index: -1000 !important; padding: 0 !important; } #wpforms-2333-field_5-container input { visibility: hidden; } #wpforms-conversational-form-page #wpforms-2333-field_5-container label { counter-increment: none; }' ) );\n\t\t\t\t\tdocument.head.appendChild( style );\n\t\t\t\t\tdocument.currentScript?.remove();\n\t\t\t\t} )();\n\t\t\t<\/script><\/div><!-- .wpforms-field-container --><div class=\"wpforms-submit-container\" ><input type=\"hidden\" name=\"wpforms[id]\" value=\"2333\"><input type=\"hidden\" name=\"page_title\" value=\"\"><input type=\"hidden\" name=\"page_url\" value=\"https:\/\/www.wolframcarbide.com\/fr\/wp-json\/wp\/v2\/product\/3686\"><input type=\"hidden\" name=\"url_referer\" value=\"\"><button type=\"submit\" name=\"wpforms[submit]\" id=\"wpforms-submit-2333\" class=\"wpforms-submit\" data-alt-text=\"Sending\u2026\" data-submit-text=\"Send Inquiry\" aria-live=\"assertive\" value=\"wpforms-submit\">Send Inquiry<\/button><img loading=\"lazy\" decoding=\"async\" src=\"https:\/\/www.wolframcarbide.com\/wp-content\/plugins\/wpforms-lite\/assets\/images\/submit-spin.svg\" class=\"wpforms-submit-spinner\" style=\"display: none;\" width=\"26\" height=\"26\" alt=\"Chargement en cours\" title=\"\"><\/div><\/form><\/div>  <!-- .wpforms-container -->\n","protected":false},"excerpt":{"rendered":"<p>Chevilles en carbure de tungst\u00e8ne.<\/p>\n<ol>\n<li>S\u00e9lection des mati\u00e8res premi\u00e8res : La poudre de carbure de wolfram de haute qualit\u00e9 est pr\u00e9f\u00e9rable. Mati\u00e8re vierge 100%.<\/li>\n<li>Four de frittage de PVA import\u00e9 d'Allemagne. Frittage HIP. Ce four permet de maintenir les goujons en carbure pour les lames de chasse-neige \u00e0 une densit\u00e9 \u00e9lev\u00e9e, <strong>Haute r\u00e9sistance \u00e0 l'usure<\/strong>et de haute performance.<\/li>\n<li>Des ing\u00e9nieurs professionnels et des \u00e9quipes d'inspection de la qualit\u00e9 assurent l'inspection du processus de production et l'inspection d'acceptation afin de garantir la stabilit\u00e9 de la qualit\u00e9 des produits et d'emp\u00eacher l'exp\u00e9dition de produits non qualifi\u00e9s.<\/li>\n<li><strong>Plus de 40 ans d'exp\u00e9rience dans la fabrication.<\/strong><\/li>\n<li><strong>Les performances et la dur\u00e9e de vie des goujons en carbure de tungst\u00e8ne sont proches des 90-97% de Guhringg, Ceratizitt, Boehleritt et Kennametall.<\/strong><\/li>\n<li>Nos pions en carbure sont compatibles avec NETZSCH, UHLER, Drais, VMA-GETZMANN, Hosokawa Micron, Puhler, Union Process, Sellon Dynamics, Hockmeyer Equipment, B\u00fchler Group, WAB Group, Imola Macchine, Sellon Dynamics, HMM, AIMEX.<\/li>\n<\/ol>","protected":false},"featured_media":3687,"template":"","meta":{"_uag_custom_page_level_css":"","site-sidebar-layout":"default","site-content-layout":"","ast-site-content-layout":"default","site-content-style":"default","site-sidebar-style":"default","ast-global-header-display":"","ast-banner-title-visibility":"","ast-main-header-display":"","ast-hfb-above-header-display":"","ast-hfb-below-header-display":"","ast-hfb-mobile-header-display":"","site-post-title":"","ast-breadcrumbs-content":"","ast-featured-img":"","footer-sml-layout":"","theme-transparent-header-meta":"default","adv-header-id-meta":"","stick-header-meta":"","header-above-stick-meta":"","header-main-stick-meta":"","header-below-stick-meta":"","astra-migrate-meta-layouts":"set","ast-page-background-enabled":"default","ast-page-background-meta":{"desktop":{"background-color":"var(--ast-global-color-4)","background-image":"","background-repeat":"repeat","background-position":"center center","background-size":"auto","background-attachment":"scroll","background-type":"","background-media":"","overlay-type":"","overlay-color":"","overlay-opacity":"","overlay-gradient":""},"tablet":{"background-color":"","background-image":"","background-repeat":"repeat","background-position":"center center","background-size":"auto","background-attachment":"scroll","background-type":"","background-media":"","overlay-type":"","overlay-color":"","overlay-opacity":"","overlay-gradient":""},"mobile":{"background-color":"","background-image":"","background-repeat":"repeat","background-position":"center center","background-size":"auto","background-attachment":"scroll","background-type":"","background-media":"","overlay-type":"","overlay-color":"","overlay-opacity":"","overlay-gradient":""}},"ast-content-background-meta":{"desktop":{"background-color":"var(--ast-global-color-5)","background-image":"","background-repeat":"repeat","background-position":"center center","background-size":"auto","background-attachment":"scroll","background-type":"","background-media":"","overlay-type":"","overlay-color":"","overlay-opacity":"","overlay-gradient":""},"tablet":{"background-color":"var(--ast-global-color-5)","background-image":"","background-repeat":"repeat","background-position":"center center","background-size":"auto","background-attachment":"scroll","background-type":"","background-media":"","overlay-type":"","overlay-color":"","overlay-opacity":"","overlay-gradient":""},"mobile":{"background-color":"var(--ast-global-color-5)","background-image":"","background-repeat":"repeat","background-position":"center center","background-size":"auto","background-attachment":"scroll","background-type":"","background-media":"","overlay-type":"","overlay-color":"","overlay-opacity":"","overlay-gradient":""}},"_joinchat":[]},"product_brand":[],"product_cat":[21],"product_tag":[],"class_list":{"0":"post-3686","1":"product","2":"type-product","3":"status-publish","4":"has-post-thumbnail","6":"product_cat-tungsten-carbide-buttons-and-inserts-for-mining-and-construction","7":"desktop-align-left","8":"tablet-align-left","9":"mobile-align-left","11":"first","12":"instock","13":"shipping-taxable","14":"product-type-simple"},"uagb_featured_image_src":{"full":["https:\/\/www.wolframcarbide.com\/wp-content\/uploads\/2026\/01\/tungsten-carbide-pegs.jpg",600,600,false],"thumbnail":["https:\/\/www.wolframcarbide.com\/wp-content\/uploads\/2026\/01\/tungsten-carbide-pegs-150x150.jpg",150,150,true],"medium":["https:\/\/www.wolframcarbide.com\/wp-content\/uploads\/2026\/01\/tungsten-carbide-pegs-300x300.jpg",300,300,true],"medium_large":["https:\/\/www.wolframcarbide.com\/wp-content\/uploads\/2026\/01\/tungsten-carbide-pegs.jpg",600,600,false],"large":["https:\/\/www.wolframcarbide.com\/wp-content\/uploads\/2026\/01\/tungsten-carbide-pegs.jpg",600,600,false],"1536x1536":["https:\/\/www.wolframcarbide.com\/wp-content\/uploads\/2026\/01\/tungsten-carbide-pegs.jpg",600,600,false],"2048x2048":["https:\/\/www.wolframcarbide.com\/wp-content\/uploads\/2026\/01\/tungsten-carbide-pegs.jpg",600,600,false],"trp-custom-language-flag":["https:\/\/www.wolframcarbide.com\/wp-content\/uploads\/2026\/01\/tungsten-carbide-pegs-12x12.jpg",12,12,true],"woocommerce_thumbnail":["https:\/\/www.wolframcarbide.com\/wp-content\/uploads\/2026\/01\/tungsten-carbide-pegs-300x300.jpg",300,300,true],"woocommerce_single":["https:\/\/www.wolframcarbide.com\/wp-content\/uploads\/2026\/01\/tungsten-carbide-pegs.jpg",600,600,false],"woocommerce_gallery_thumbnail":["https:\/\/www.wolframcarbide.com\/wp-content\/uploads\/2026\/01\/tungsten-carbide-pegs-100x100.jpg",100,100,true]},"uagb_author_info":{"display_name":"admin","author_link":"https:\/\/www.wolframcarbide.com\/fr\/author\/"},"uagb_comment_info":0,"uagb_excerpt":"Tungsten carbide pegs. Raw material selection: High quality wolfram carbide powder is preferred. 100% virgin material. Imported German PVA sintering furnace. HIP sintering. Which can keep carbide studs for snow plow blades in high density, High wear resistance, high-performance. Professional engineers and quality inspection teams ensure product process inspection and acceptance inspection to ensure stable\u2026","_links":{"self":[{"href":"https:\/\/www.wolframcarbide.com\/fr\/wp-json\/wp\/v2\/product\/3686","targetHints":{"allow":["GET"]}}],"collection":[{"href":"https:\/\/www.wolframcarbide.com\/fr\/wp-json\/wp\/v2\/product"}],"about":[{"href":"https:\/\/www.wolframcarbide.com\/fr\/wp-json\/wp\/v2\/types\/product"}],"wp:featuredmedia":[{"embeddable":true,"href":"https:\/\/www.wolframcarbide.com\/fr\/wp-json\/wp\/v2\/media\/3687"}],"wp:attachment":[{"href":"https:\/\/www.wolframcarbide.com\/fr\/wp-json\/wp\/v2\/media?parent=3686"}],"wp:term":[{"taxonomy":"product_brand","embeddable":true,"href":"https:\/\/www.wolframcarbide.com\/fr\/wp-json\/wp\/v2\/product_brand?post=3686"},{"taxonomy":"product_cat","embeddable":true,"href":"https:\/\/www.wolframcarbide.com\/fr\/wp-json\/wp\/v2\/product_cat?post=3686"},{"taxonomy":"product_tag","embeddable":true,"href":"https:\/\/www.wolframcarbide.com\/fr\/wp-json\/wp\/v2\/product_tag?post=3686"}],"curies":[{"name":"wp","href":"https:\/\/api.w.org\/{rel}","templated":true}]}}