{"id":3651,"date":"2025-12-27T17:34:05","date_gmt":"2025-12-27T09:34:05","guid":{"rendered":"https:\/\/www.wolframcarbide.com\/?post_type=product&#038;p=3651"},"modified":"2026-04-19T19:11:01","modified_gmt":"2026-04-19T11:11:01","slug":"plaquettes-de-tournage-en-carbure-cnmg-120408","status":"publish","type":"product","link":"https:\/\/www.wolframcarbide.com\/fr\/product\/cnmg-120408-carbide-turning-inserts\/","title":{"rendered":"Fabricant d'inserts de tournage en carbure haute performance CNMG 120408"},"content":{"rendered":"<h5><strong>CNMG carbide inserts model; featuring the CNMG 120408<\/strong><\/h5>\n<p><img loading=\"lazy\" decoding=\"async\" class=\"alignnone wp-image-3653\" src=\"https:\/\/www.wolframcarbide.com\/wp-content\/uploads\/2025\/12\/CNMG120408-drawing.png\" alt=\"CNMG120408 drawing\" width=\"343\" height=\"173\" title=\"\" srcset=\"https:\/\/www.wolframcarbide.com\/wp-content\/uploads\/2025\/12\/CNMG120408-drawing.png 385w, https:\/\/www.wolframcarbide.com\/wp-content\/uploads\/2025\/12\/CNMG120408-drawing-300x151.png 300w, https:\/\/www.wolframcarbide.com\/wp-content\/uploads\/2025\/12\/CNMG120408-drawing-18x9.png 18w\" sizes=\"auto, (max-width: 343px) 100vw, 343px\" \/><\/p>\n<p><img loading=\"lazy\" decoding=\"async\" class=\"alignnone size-full wp-image-3654\" src=\"https:\/\/www.wolframcarbide.com\/wp-content\/uploads\/2025\/12\/CNMG-model.jpg\" alt=\"CNMG model\" width=\"709\" height=\"693\" title=\"\" srcset=\"https:\/\/www.wolframcarbide.com\/wp-content\/uploads\/2025\/12\/CNMG-model.jpg 709w, https:\/\/www.wolframcarbide.com\/wp-content\/uploads\/2025\/12\/CNMG-model-300x293.jpg 300w, https:\/\/www.wolframcarbide.com\/wp-content\/uploads\/2025\/12\/CNMG-model-12x12.jpg 12w, https:\/\/www.wolframcarbide.com\/wp-content\/uploads\/2025\/12\/CNMG-model-600x586.jpg 600w\" sizes=\"auto, (max-width: 709px) 100vw, 709px\" \/><\/p>\n<h5><\/h5>\n<h5><strong>CNMG 120408 carbide insert details:<\/strong><\/h5>\n<p><img loading=\"lazy\" decoding=\"async\" class=\"alignnone size-full wp-image-3655\" src=\"https:\/\/www.wolframcarbide.com\/wp-content\/uploads\/2025\/12\/12.jpg\" alt=\"CNMG 120408\" width=\"800\" height=\"533\" title=\"\" srcset=\"https:\/\/www.wolframcarbide.com\/wp-content\/uploads\/2025\/12\/12.jpg 800w, https:\/\/www.wolframcarbide.com\/wp-content\/uploads\/2025\/12\/12-300x200.jpg 300w, https:\/\/www.wolframcarbide.com\/wp-content\/uploads\/2025\/12\/12-768x512.jpg 768w, https:\/\/www.wolframcarbide.com\/wp-content\/uploads\/2025\/12\/12-18x12.jpg 18w, https:\/\/www.wolframcarbide.com\/wp-content\/uploads\/2025\/12\/12-600x400.jpg 600w\" sizes=\"auto, (max-width: 800px) 100vw, 800px\" \/><\/p>\n<p><img loading=\"lazy\" decoding=\"async\" class=\"alignnone size-full wp-image-3656\" src=\"https:\/\/www.wolframcarbide.com\/wp-content\/uploads\/2025\/12\/CNMG-carbide-inserts.jpg\" alt=\"CNMG carbide inserts\" width=\"800\" height=\"533\" title=\"\" srcset=\"https:\/\/www.wolframcarbide.com\/wp-content\/uploads\/2025\/12\/CNMG-carbide-inserts.jpg 800w, https:\/\/www.wolframcarbide.com\/wp-content\/uploads\/2025\/12\/CNMG-carbide-inserts-300x200.jpg 300w, https:\/\/www.wolframcarbide.com\/wp-content\/uploads\/2025\/12\/CNMG-carbide-inserts-768x512.jpg 768w, https:\/\/www.wolframcarbide.com\/wp-content\/uploads\/2025\/12\/CNMG-carbide-inserts-18x12.jpg 18w, https:\/\/www.wolframcarbide.com\/wp-content\/uploads\/2025\/12\/CNMG-carbide-inserts-600x400.jpg 600w\" sizes=\"auto, (max-width: 800px) 100vw, 800px\" \/><\/p>\n<p><a href=\"https:\/\/www.wolframcarbide.com\/product-category\/carbide-inserts-for-cnc-machine\/\"><img loading=\"lazy\" decoding=\"async\" class=\"alignnone size-full wp-image-3657\" src=\"https:\/\/www.wolframcarbide.com\/wp-content\/uploads\/2025\/12\/CNMG120408.jpg\" alt=\"CNMG insert\" width=\"800\" height=\"533\" title=\"\" srcset=\"https:\/\/www.wolframcarbide.com\/wp-content\/uploads\/2025\/12\/CNMG120408.jpg 800w, https:\/\/www.wolframcarbide.com\/wp-content\/uploads\/2025\/12\/CNMG120408-300x200.jpg 300w, https:\/\/www.wolframcarbide.com\/wp-content\/uploads\/2025\/12\/CNMG120408-768x512.jpg 768w, https:\/\/www.wolframcarbide.com\/wp-content\/uploads\/2025\/12\/CNMG120408-18x12.jpg 18w, https:\/\/www.wolframcarbide.com\/wp-content\/uploads\/2025\/12\/CNMG120408-600x400.jpg 600w\" sizes=\"auto, (max-width: 800px) 100vw, 800px\" \/><\/a><\/p>\n<p>&nbsp;<\/p>\n<h5><strong>CNMG 120404 and CNMG 120408 packing:<\/strong><\/h5>\n<p><img loading=\"lazy\" decoding=\"async\" class=\"alignnone size-full wp-image-3658\" src=\"https:\/\/www.wolframcarbide.com\/wp-content\/uploads\/2025\/12\/CNMG-insert-packing.jpg\" alt=\"CNMG insert packing\" width=\"800\" height=\"533\" title=\"\" srcset=\"https:\/\/www.wolframcarbide.com\/wp-content\/uploads\/2025\/12\/CNMG-insert-packing.jpg 800w, https:\/\/www.wolframcarbide.com\/wp-content\/uploads\/2025\/12\/CNMG-insert-packing-300x200.jpg 300w, https:\/\/www.wolframcarbide.com\/wp-content\/uploads\/2025\/12\/CNMG-insert-packing-768x512.jpg 768w, https:\/\/www.wolframcarbide.com\/wp-content\/uploads\/2025\/12\/CNMG-insert-packing-18x12.jpg 18w, https:\/\/www.wolframcarbide.com\/wp-content\/uploads\/2025\/12\/CNMG-insert-packing-600x400.jpg 600w\" sizes=\"auto, (max-width: 800px) 100vw, 800px\" \/><\/p>\n<h5><strong>Support customized packaging.<\/strong><\/h5>\n<p>&nbsp;<\/p>\n<h5><strong>Recommended common grades for different processing metal materials:<\/strong><\/h5>\n<p>1.\u00a0 For machining ordinary carbon steel and alloy steel:<\/p>\n<p>Preferred choice: CVD coated inserts (such as Al\u2082O\u2083-based coatings), grades often start with M (yellow label) or P (blue label).<\/p>\n<p>When high toughness is required, PVD coated TiAlN grades can be selected.<\/p>\n<p>2. Processing of stainless steel and austenitic steel:<\/p>\n<p><span class=\"jCAhz ChMk0b\"><span class=\"ryNqvb\">Preferred choice: PVD-coated inserts, especially those with TiAlN or AlTiN coatings.<\/span><\/span> <span class=\"jCAhz ChMk0b\"><span class=\"ryNqvb\">These reduce built-up edge formation and maintain a sharp cutting edge.<\/span><\/span> <span class=\"jCAhz\"><span class=\"ryNqvb\">The grade designation often starts with S (green label).<\/span><\/span><\/p>\n<p>3. Machining cast iron:<\/p>\n<p>Preferred choice: CVD thick coatings (such as TiCN-Al\u2082O\u2083), which offer good wear resistance and compressive strength. The grade designation usually starts with K (red label).<\/p>\n<p>4. High-speed machining, high-hardness materials (<a href=\"https:\/\/en.wikipedia.org\/wiki\/Hardened_steel\" rel=\"nofollow noopener\" target=\"_blank\">hardened steel<\/a>):<\/p>\n<p>A heat-resistant coating (such as a CVD Al\u2082O\u2083+TiCN composite coating) must be used.<\/p>\n<p>&nbsp;<\/p>\n<p><strong>Please send us inquiries for quotations and free samples for testing:<\/strong><\/p>\n<p>&nbsp;<\/p>\n<div class=\"wpforms-container \" id=\"wpforms-2333\"><form id=\"wpforms-form-2333\" class=\"wpforms-validate wpforms-form wpforms-ajax-form\" data-formid=\"2333\" method=\"post\" enctype=\"multipart\/form-data\" action=\"\/fr\/wp-json\/wp\/v2\/product\/3651\" data-token=\"8ba563323540c12189a3654387213387\" data-token-time=\"1776774426\"><noscript class=\"wpforms-error-noscript\">Veuillez activer JavaScript dans votre navigateur pour remplir ce formulaire.<\/noscript><div class=\"wpforms-field-container\"><div id=\"wpforms-2333-field_1-container\" class=\"wpforms-field wpforms-field-name\" data-field-id=\"1\"><label class=\"wpforms-field-label\" for=\"wpforms-2333-field_1\">Name <span class=\"wpforms-required-label\">*<\/span><\/label><input type=\"text\" id=\"wpforms-2333-field_1\" class=\"wpforms-field-medium wpforms-field-required\" name=\"wpforms[fields][1]\" required><\/div>\t\t<div id=\"wpforms-2333-field_5-container\"\n\t\t\tclass=\"wpforms-field wpforms-field-text\"\n\t\t\tdata-field-type=\"text\"\n\t\t\tdata-field-id=\"5\"\n\t\t\t>\n\t\t\t<label class=\"wpforms-field-label\" for=\"wpforms-2333-field_5\" >Email Message Company<\/label>\n\t\t\t<input type=\"text\" id=\"wpforms-2333-field_5\" class=\"wpforms-field-medium\" name=\"wpforms[fields][5]\" >\n\t\t<\/div>\n\t\t<div id=\"wpforms-2333-field_2-container\" class=\"wpforms-field wpforms-field-text\" data-field-id=\"2\"><label class=\"wpforms-field-label\" for=\"wpforms-2333-field_2\">Company Name<\/label><input type=\"text\" id=\"wpforms-2333-field_2\" class=\"wpforms-field-medium\" name=\"wpforms[fields][2]\" ><\/div><div id=\"wpforms-2333-field_3-container\" class=\"wpforms-field wpforms-field-email\" data-field-id=\"3\"><label class=\"wpforms-field-label\" for=\"wpforms-2333-field_3\">Email <span class=\"wpforms-required-label\">*<\/span><\/label><input type=\"email\" id=\"wpforms-2333-field_3\" class=\"wpforms-field-medium wpforms-field-required\" name=\"wpforms[fields][3]\" spellcheck=\"false\" required><\/div><div id=\"wpforms-2333-field_4-container\" class=\"wpforms-field wpforms-field-textarea\" data-field-id=\"4\"><label class=\"wpforms-field-label\" for=\"wpforms-2333-field_4\">Message <span class=\"wpforms-required-label\">*<\/span><\/label><textarea id=\"wpforms-2333-field_4\" class=\"wpforms-field-medium wpforms-field-required\" name=\"wpforms[fields][4]\" required><\/textarea><\/div><script>\n\t\t\t\t( function() {\n\t\t\t\t\tconst style = document.createElement( 'style' );\n\t\t\t\t\tstyle.appendChild( document.createTextNode( '#wpforms-2333-field_5-container { position: absolute !important; overflow: hidden !important; display: inline !important; height: 1px !important; width: 1px !important; z-index: -1000 !important; padding: 0 !important; } #wpforms-2333-field_5-container input { visibility: hidden; } #wpforms-conversational-form-page #wpforms-2333-field_5-container label { counter-increment: none; }' ) );\n\t\t\t\t\tdocument.head.appendChild( style );\n\t\t\t\t\tdocument.currentScript?.remove();\n\t\t\t\t} )();\n\t\t\t<\/script><\/div><!-- .wpforms-field-container --><div class=\"wpforms-submit-container\" ><input type=\"hidden\" name=\"wpforms[id]\" value=\"2333\"><input type=\"hidden\" name=\"page_title\" value=\"\"><input type=\"hidden\" name=\"page_url\" value=\"https:\/\/www.wolframcarbide.com\/fr\/wp-json\/wp\/v2\/product\/3651\"><input type=\"hidden\" name=\"url_referer\" value=\"\"><button type=\"submit\" name=\"wpforms[submit]\" id=\"wpforms-submit-2333\" class=\"wpforms-submit\" data-alt-text=\"Sending\u2026\" data-submit-text=\"Send Inquiry\" aria-live=\"assertive\" value=\"wpforms-submit\">Send Inquiry<\/button><img loading=\"lazy\" decoding=\"async\" src=\"https:\/\/www.wolframcarbide.com\/wp-content\/plugins\/wpforms-lite\/assets\/images\/submit-spin.svg\" class=\"wpforms-submit-spinner\" style=\"display: none;\" width=\"26\" height=\"26\" alt=\"Chargement en cours\" title=\"\"><\/div><\/form><\/div>  <!-- .wpforms-container -->\n<p>&nbsp;<\/p>\n","protected":false},"excerpt":{"rendered":"<p>Plaquette carbure CNMG 120408<\/p>\n<ol>\n<li>S\u00e9lection des mati\u00e8res premi\u00e8res : La poudre de carbure de tungst\u00e8ne de haute qualit\u00e9 est pr\u00e9f\u00e9rable. Mat\u00e9riau vierge 100%.<\/li>\n<li>Four de frittage de PVA import\u00e9 d'Allemagne. Frittage HIP. Ce qui permet de maintenir les plaquettes en carbure de tungst\u00e8ne \u00e0 une densit\u00e9 \u00e9lev\u00e9e et \u00e0 une duret\u00e9 \u00e9lev\u00e9e, <strong>Haute r\u00e9sistance \u00e0 l'usure<\/strong>Le syst\u00e8me de contr\u00f4le de la qualit\u00e9 est con\u00e7u pour garantir une haute pr\u00e9cision et une grande stabilit\u00e9, ainsi que des performances \u00e9lev\u00e9es.<\/li>\n<li>Rev\u00eatement CVD, rev\u00eatement PVD et rev\u00eatement auto-d\u00e9velopp\u00e9 contenant du silicium, qui peut am\u00e9liorer de mani\u00e8re significative la r\u00e9sistance \u00e0 l'usure des plaquettes en carbure et prolonger leur dur\u00e9e de vie.<\/li>\n<li>Excellente r\u00e9sistance \u00e0 l'usure et excellente performance de coupe.<\/li>\n<li><strong>Rendement \u00e9lev\u00e9 et longue dur\u00e9e de vie.<\/strong><\/li>\n<li>Se concentrer sur la recherche et le d\u00e9veloppement d'outils, am\u00e9liorer continuellement la qualit\u00e9 des outils de coupe et la conception d'outils non standard.<\/li>\n<li>Des ing\u00e9nieurs professionnels et des \u00e9quipes d'inspection de la qualit\u00e9 assurent l'inspection du processus de production et l'inspection d'acceptation afin de garantir la stabilit\u00e9 de la qualit\u00e9 des produits et d'emp\u00eacher l'exp\u00e9dition de produits non qualifi\u00e9s.<\/li>\n<li><strong>Plus de 40 ans d'exp\u00e9rience dans la fabrication.<\/strong><\/li>\n<li><strong>Les plaquettes carbure CNMG 120408 ont une performance et une dur\u00e9e de vie proches de 90-95% de Walterr, SECOO, Coromantt, Sandvikk, Tungaloyy, Kyoceraa, Widiaa et Kennametall.<\/strong><\/li>\n<\/ol>","protected":false},"featured_media":3652,"template":"","meta":{"_uag_custom_page_level_css":"","site-sidebar-layout":"default","site-content-layout":"","ast-site-content-layout":"default","site-content-style":"default","site-sidebar-style":"default","ast-global-header-display":"","ast-banner-title-visibility":"","ast-main-header-display":"","ast-hfb-above-header-display":"","ast-hfb-below-header-display":"","ast-hfb-mobile-header-display":"","site-post-title":"","ast-breadcrumbs-content":"","ast-featured-img":"","footer-sml-layout":"","theme-transparent-header-meta":"default","adv-header-id-meta":"","stick-header-meta":"","header-above-stick-meta":"","header-main-stick-meta":"","header-below-stick-meta":"","astra-migrate-meta-layouts":"set","ast-page-background-enabled":"default","ast-page-background-meta":{"desktop":{"background-color":"var(--ast-global-color-4)","background-image":"","background-repeat":"repeat","background-position":"center center","background-size":"auto","background-attachment":"scroll","background-type":"","background-media":"","overlay-type":"","overlay-color":"","overlay-opacity":"","overlay-gradient":""},"tablet":{"background-color":"","background-image":"","background-repeat":"repeat","background-position":"center center","background-size":"auto","background-attachment":"scroll","background-type":"","background-media":"","overlay-type":"","overlay-color":"","overlay-opacity":"","overlay-gradient":""},"mobile":{"background-color":"","background-image":"","background-repeat":"repeat","background-position":"center center","background-size":"auto","background-attachment":"scroll","background-type":"","background-media":"","overlay-type":"","overlay-color":"","overlay-opacity":"","overlay-gradient":""}},"ast-content-background-meta":{"desktop":{"background-color":"var(--ast-global-color-5)","background-image":"","background-repeat":"repeat","background-position":"center center","background-size":"auto","background-attachment":"scroll","background-type":"","background-media":"","overlay-type":"","overlay-color":"","overlay-opacity":"","overlay-gradient":""},"tablet":{"background-color":"var(--ast-global-color-5)","background-image":"","background-repeat":"repeat","background-position":"center center","background-size":"auto","background-attachment":"scroll","background-type":"","background-media":"","overlay-type":"","overlay-color":"","overlay-opacity":"","overlay-gradient":""},"mobile":{"background-color":"var(--ast-global-color-5)","background-image":"","background-repeat":"repeat","background-position":"center center","background-size":"auto","background-attachment":"scroll","background-type":"","background-media":"","overlay-type":"","overlay-color":"","overlay-opacity":"","overlay-gradient":""}},"_joinchat":[]},"product_brand":[],"product_cat":[72],"product_tag":[],"class_list":{"0":"post-3651","1":"product","2":"type-product","3":"status-publish","4":"has-post-thumbnail","6":"product_cat-carbide-inserts-for-cnc-machine","7":"desktop-align-left","8":"tablet-align-left","9":"mobile-align-left","11":"first","12":"instock","13":"shipping-taxable","14":"product-type-simple"},"uagb_featured_image_src":{"full":["https:\/\/www.wolframcarbide.com\/wp-content\/uploads\/2025\/12\/CNMG-120408.jpg",600,600,false],"thumbnail":["https:\/\/www.wolframcarbide.com\/wp-content\/uploads\/2025\/12\/CNMG-120408-150x150.jpg",150,150,true],"medium":["https:\/\/www.wolframcarbide.com\/wp-content\/uploads\/2025\/12\/CNMG-120408-300x300.jpg",300,300,true],"medium_large":["https:\/\/www.wolframcarbide.com\/wp-content\/uploads\/2025\/12\/CNMG-120408.jpg",600,600,false],"large":["https:\/\/www.wolframcarbide.com\/wp-content\/uploads\/2025\/12\/CNMG-120408.jpg",600,600,false],"1536x1536":["https:\/\/www.wolframcarbide.com\/wp-content\/uploads\/2025\/12\/CNMG-120408.jpg",600,600,false],"2048x2048":["https:\/\/www.wolframcarbide.com\/wp-content\/uploads\/2025\/12\/CNMG-120408.jpg",600,600,false],"trp-custom-language-flag":["https:\/\/www.wolframcarbide.com\/wp-content\/uploads\/2025\/12\/CNMG-120408-12x12.jpg",12,12,true],"woocommerce_thumbnail":["https:\/\/www.wolframcarbide.com\/wp-content\/uploads\/2025\/12\/CNMG-120408-300x300.jpg",300,300,true],"woocommerce_single":["https:\/\/www.wolframcarbide.com\/wp-content\/uploads\/2025\/12\/CNMG-120408.jpg",600,600,false],"woocommerce_gallery_thumbnail":["https:\/\/www.wolframcarbide.com\/wp-content\/uploads\/2025\/12\/CNMG-120408-100x100.jpg",100,100,true]},"uagb_author_info":{"display_name":"admin","author_link":"https:\/\/www.wolframcarbide.com\/fr\/author\/"},"uagb_comment_info":0,"uagb_excerpt":"CNMG 120408 carbide insert\uff1a Raw material selection: High quality tungsten carbide powder is preferred. 100% virgin material. Imported German PVA sintering furnace. HIP sintering. Which can keep wnmg carbide inserts in high density, high hardness, High wear resistance, high precision and high stability, high-performance. CVD Coating, PVD Coating and self-developed silicon-containing coating, which can significantly\u2026","_links":{"self":[{"href":"https:\/\/www.wolframcarbide.com\/fr\/wp-json\/wp\/v2\/product\/3651","targetHints":{"allow":["GET"]}}],"collection":[{"href":"https:\/\/www.wolframcarbide.com\/fr\/wp-json\/wp\/v2\/product"}],"about":[{"href":"https:\/\/www.wolframcarbide.com\/fr\/wp-json\/wp\/v2\/types\/product"}],"wp:featuredmedia":[{"embeddable":true,"href":"https:\/\/www.wolframcarbide.com\/fr\/wp-json\/wp\/v2\/media\/3652"}],"wp:attachment":[{"href":"https:\/\/www.wolframcarbide.com\/fr\/wp-json\/wp\/v2\/media?parent=3651"}],"wp:term":[{"taxonomy":"product_brand","embeddable":true,"href":"https:\/\/www.wolframcarbide.com\/fr\/wp-json\/wp\/v2\/product_brand?post=3651"},{"taxonomy":"product_cat","embeddable":true,"href":"https:\/\/www.wolframcarbide.com\/fr\/wp-json\/wp\/v2\/product_cat?post=3651"},{"taxonomy":"product_tag","embeddable":true,"href":"https:\/\/www.wolframcarbide.com\/fr\/wp-json\/wp\/v2\/product_tag?post=3651"}],"curies":[{"name":"wp","href":"https:\/\/api.w.org\/{rel}","templated":true}]}}