{"id":3595,"date":"2025-12-13T13:25:41","date_gmt":"2025-12-13T05:25:41","guid":{"rendered":"https:\/\/www.wolframcarbide.com\/?post_type=product&#038;p=3595"},"modified":"2025-12-14T21:00:52","modified_gmt":"2025-12-14T13:00:52","slug":"barres-de-carbure-de-tungstene","status":"publish","type":"product","link":"https:\/\/www.wolframcarbide.com\/fr\/product\/tungsten-carbide-bars\/","title":{"rendered":"Barres de carbure de tungst\u00e8ne K10 K20 K30 de haute performance stock\u00e9es"},"content":{"rendered":"<h5><strong><span style=\"vertical-align: inherit;\"><span style=\"vertical-align: inherit;\"><span style=\"vertical-align: inherit;\"><span style=\"vertical-align: inherit;\">1. Grades of tungsten carbide bars\uff1a<\/span><\/span><\/span><\/span><\/strong><\/h5>\n<table style=\"border-collapse: collapse; width: 1178px; height: 489px;\" border=\"0\" width=\"716\" cellspacing=\"0\" cellpadding=\"0\">\n<tbody>\n<tr style=\"height: 44.00pt;\">\n<td class=\"et2\" style=\"height: 44pt; width: 54pt; text-align: center;\" width=\"72\" height=\"58\"><strong>Grade<\/strong><\/td>\n<td class=\"et2\" style=\"width: 90.3pt; text-align: center;\" width=\"120\"><strong>ISO Grade<\/strong><\/td>\n<td class=\"et3\" style=\"width: 54pt; text-align: center;\" width=\"72\"><strong>WC<\/strong><br \/>\n<strong>(%)<\/strong><\/td>\n<td class=\"et3\" style=\"width: 54pt; text-align: center;\" width=\"72\"><strong>Co<\/strong><br \/>\n<strong>(%)<\/strong><\/td>\n<td class=\"et3\" style=\"width: 73.5pt; text-align: center;\" width=\"98\"><strong>Grain Size<\/strong><br \/>\n<strong>(\u03bcm)<\/strong><\/td>\n<td class=\"et3\" style=\"width: 69.75pt; text-align: center;\" width=\"93\"><strong>Hardness<\/strong><br \/>\n<strong>\uff08<a href=\"https:\/\/en.wikipedia.org\/wiki\/Rockwell_hardness_test\" rel=\"nofollow noopener\" target=\"_blank\">HRA<\/a>\uff09<\/strong><\/td>\n<td class=\"et3\" style=\"width: 66pt; text-align: center;\" width=\"88\"><strong>Density<\/strong><br \/>\n<strong>\uff08g\/cm\u00b3\uff09<\/strong><\/td>\n<td class=\"et6\" style=\"width: 75.75pt; text-align: center;\" width=\"101\"><strong>TRS<\/strong><br \/>\n<strong>\uff08N\/mm\u00b2\uff09<\/strong><\/td>\n<\/tr>\n<tr style=\"height: 24.00pt;\">\n<td class=\"et4\" style=\"height: 24pt; text-align: center;\" height=\"32\"><strong>BU06<\/strong><\/td>\n<td class=\"et4\" style=\"text-align: center;\"><strong>K05 &#8211; K10<\/strong><\/td>\n<td class=\"et4\" style=\"text-align: center;\"><strong>94<\/strong><\/td>\n<td class=\"et4\" style=\"text-align: center;\"><strong>6<\/strong><\/td>\n<td class=\"et4\" style=\"text-align: center;\"><strong>0.5<\/strong><\/td>\n<td class=\"et4\" style=\"text-align: center;\"><strong>94<\/strong><\/td>\n<td class=\"et4\" style=\"text-align: center;\"><strong>14.75<\/strong><\/td>\n<td class=\"et7\" style=\"text-align: center;\"><strong>3600<\/strong><\/td>\n<\/tr>\n<tr style=\"height: 24.00pt;\">\n<td class=\"et4\" style=\"height: 24pt; text-align: center;\" height=\"32\"><strong>BU09<\/strong><\/td>\n<td class=\"et4\" style=\"text-align: center;\"><strong>K20 &#8211; K30<\/strong><\/td>\n<td class=\"et4\" style=\"text-align: center;\"><strong>91<\/strong><\/td>\n<td class=\"et4\" style=\"text-align: center;\"><strong>9<\/strong><\/td>\n<td class=\"et4\" style=\"text-align: center;\"><strong>0.4<\/strong><\/td>\n<td class=\"et4\" style=\"text-align: center;\"><strong>94<\/strong><\/td>\n<td class=\"et4\" style=\"text-align: center;\"><strong>14.4<\/strong><\/td>\n<td class=\"et7\" style=\"text-align: center;\"><strong>3800<\/strong><\/td>\n<\/tr>\n<tr style=\"height: 24.00pt;\">\n<td class=\"et4\" style=\"height: 24pt; text-align: center;\" height=\"32\"><a href=\"https:\/\/www.wolframcarbide.com\/yg10x-carbide-products-and-its-uses\/\"><strong>YG10X<\/strong><\/a><\/td>\n<td class=\"et4\" style=\"text-align: center;\"><strong>K20 &#8211; K30<\/strong><\/td>\n<td class=\"et4\" style=\"text-align: center;\"><strong>90<\/strong><\/td>\n<td class=\"et4\" style=\"text-align: center;\"><strong>10<\/strong><\/td>\n<td class=\"et4\" style=\"text-align: center;\"><strong>0.8<\/strong><\/td>\n<td class=\"et4\" style=\"text-align: center;\"><strong>91.5<\/strong><\/td>\n<td class=\"et4\" style=\"text-align: center;\"><strong>14.35<\/strong><\/td>\n<td class=\"et7\" style=\"text-align: center;\"><strong>3600<\/strong><\/td>\n<\/tr>\n<tr style=\"height: 24.00pt;\">\n<td class=\"et4\" style=\"height: 24pt; text-align: center;\" height=\"32\"><strong>BT15<\/strong><\/td>\n<td class=\"et4\" style=\"text-align: center;\"><strong>K20 &#8211; K30<\/strong><\/td>\n<td class=\"et4\" style=\"text-align: center;\"><strong>90<\/strong><\/td>\n<td class=\"et4\" style=\"text-align: center;\"><strong>10<\/strong><\/td>\n<td class=\"et4\" style=\"text-align: center;\"><strong>0.7<\/strong><\/td>\n<td class=\"et4\" style=\"text-align: center;\"><strong>92.2<\/strong><\/td>\n<td class=\"et4\" style=\"text-align: center;\"><strong>14.35<\/strong><\/td>\n<td class=\"et7\" style=\"text-align: center;\"><strong>3900<\/strong><\/td>\n<\/tr>\n<tr style=\"height: 24.00pt;\">\n<td class=\"et4\" style=\"height: 24pt; text-align: center;\" height=\"32\"><strong>BT20<\/strong><\/td>\n<td class=\"et4\" style=\"text-align: center;\"><strong>K20 &#8211; K30<\/strong><\/td>\n<td class=\"et4\" style=\"text-align: center;\"><strong>90<\/strong><\/td>\n<td class=\"et4\" style=\"text-align: center;\"><strong>10<\/strong><\/td>\n<td class=\"et4\" style=\"text-align: center;\"><strong>0.6<\/strong><\/td>\n<td class=\"et4\" style=\"text-align: center;\"><strong>92.3<\/strong><\/td>\n<td class=\"et4\" style=\"text-align: center;\"><strong>14.4<\/strong><\/td>\n<td class=\"et7\" style=\"text-align: center;\"><strong>4000<\/strong><\/td>\n<\/tr>\n<tr style=\"height: 24.00pt;\">\n<td class=\"et4\" style=\"height: 24pt; text-align: center;\" height=\"32\"><strong>BT25<\/strong><\/td>\n<td class=\"et4\" style=\"text-align: center;\"><strong>K30 &#8211; K40<\/strong><\/td>\n<td class=\"et4\" style=\"text-align: center;\"><strong>88<\/strong><\/td>\n<td class=\"et4\" style=\"text-align: center;\"><strong>12<\/strong><\/td>\n<td class=\"et4\" style=\"text-align: center;\"><strong>0.6<\/strong><\/td>\n<td class=\"et4\" style=\"text-align: center;\"><strong>92.5<\/strong><\/td>\n<td class=\"et4\" style=\"text-align: center;\"><strong>14.1<\/strong><\/td>\n<td class=\"et7\" style=\"text-align: center;\"><strong>4000<\/strong><\/td>\n<\/tr>\n<tr style=\"height: 24.00pt;\">\n<td class=\"et5\" style=\"height: 24pt; text-align: center;\" height=\"32\"><strong>BT25UF<\/strong><\/td>\n<td class=\"et5\" style=\"text-align: center;\"><strong>K30 &#8211; K40<\/strong><\/td>\n<td class=\"et5\" style=\"text-align: center;\"><strong>88<\/strong><\/td>\n<td class=\"et5\" style=\"text-align: center;\"><strong>12<\/strong><\/td>\n<td class=\"et5\" style=\"text-align: center;\"><strong>0.4<\/strong><\/td>\n<td class=\"et5\" style=\"text-align: center;\"><strong>92.8<\/strong><\/td>\n<td class=\"et5\" style=\"text-align: center;\"><strong>14.05<\/strong><\/td>\n<td class=\"et8\" style=\"text-align: center;\"><strong>4200<\/strong><\/td>\n<\/tr>\n<\/tbody>\n<\/table>\n<p>Grade BU06: This grade is suitable for machining aluminum magnesium alloy, graphite, plastic, wood and composite material, etc.<\/p>\n<p>Grade BU09: This grade is suitable for machining alloy steel, stainless steel, aluminum alloy, chilled hardened steel and titanium alloy, etc. It can process materials with hardness<strong> up to<\/strong> <strong>HRC 65.<\/strong><\/p>\n<p>Grade YG10X: This grade is suitable for machining materials such as common steel, non-ferrous metals, and cast iron, etc. It can process materials with hardness up to HRC 45. <strong>This grade is is popular in the Asian market, especially the Indian market.<\/strong><\/p>\n<p>Grade BT15: This grade is suitable for machining common steel, cast iron, stainless steel, heat-resistant steel, chilled hardened steel, nickel base alloy and titanium alloy, etc. It can process materials with hardness up to HRC 55.\u00a0 <strong>This grade is popular in the European market, especially in German market. Other markets, such as\u00a0the\u00a0USA, Canada,\u00a0Korea, etc.<\/strong><\/p>\n<p>Grade BT20: This grade is suitable for machining stainless steel, heat-resistant steel, chilled hardened steel, cast iron, nickel base alloy and titanium alloy, etc. It can process materials with hardness up to HRC 55.<\/p>\n<p>Grade BT25: This grade is suitable for machining alloy steel, titanium alloy, chilled hardened steel cast iron, aluminum alloy, etc. It can process materials with hardness up to HRC 60.<\/p>\n<p>Grade BT25UF: This grade is suitable for machining alloy steel, stainless steel, aluminum alloy, chilled hardened steel and titanium alloy, etc. It can process materials with hardness up to HRC 62.<\/p>\n<h5><\/h5>\n<h5><strong style=\"font-size: 16px;\"><span style=\"vertical-align: inherit;\"><span style=\"vertical-align: inherit;\"><span style=\"vertical-align: inherit;\"><span style=\"vertical-align: inherit;\">\u00a02. Sizes of tungsten carbide bars\uff1a<\/span><\/span><\/span><\/span><\/strong><\/h5>\n<p><img loading=\"lazy\" decoding=\"async\" class=\"alignnone size-full wp-image-3599\" src=\"https:\/\/www.wolframcarbide.com\/wp-content\/uploads\/2025\/12\/Tungsten-carbide-bar-drawing.jpg\" alt=\"tungsten carbide bars drawing\" width=\"885\" height=\"180\" title=\"\" srcset=\"https:\/\/www.wolframcarbide.com\/wp-content\/uploads\/2025\/12\/Tungsten-carbide-bar-drawing.jpg 885w, https:\/\/www.wolframcarbide.com\/wp-content\/uploads\/2025\/12\/Tungsten-carbide-bar-drawing-300x61.jpg 300w, https:\/\/www.wolframcarbide.com\/wp-content\/uploads\/2025\/12\/Tungsten-carbide-bar-drawing-768x156.jpg 768w, https:\/\/www.wolframcarbide.com\/wp-content\/uploads\/2025\/12\/Tungsten-carbide-bar-drawing-18x4.jpg 18w, https:\/\/www.wolframcarbide.com\/wp-content\/uploads\/2025\/12\/Tungsten-carbide-bar-drawing-600x122.jpg 600w\" sizes=\"auto, (max-width: 885px) 100vw, 885px\" \/><\/p>\n<table style=\"border-collapse: collapse; width: 1173px; height: 99px;\" border=\"0\" width=\"394\" cellspacing=\"0\" cellpadding=\"0\">\n<tbody>\n<tr style=\"height: 13.50pt;\">\n<td class=\"et2\" style=\"height: 13.5pt; width: 120pt; text-align: center;\" width=\"160\" height=\"18\"><strong><span style=\"vertical-align: inherit;\"><span style=\"vertical-align: inherit;\"><span style=\"vertical-align: inherit;\"><span style=\"vertical-align: inherit;\">OD(MM)<\/span><\/span><\/span><\/span><\/strong><\/td>\n<td class=\"et2\" style=\"width: 175.5pt; text-align: center;\" width=\"234\"><strong><span style=\"vertical-align: inherit;\"><span style=\"vertical-align: inherit;\"><span style=\"vertical-align: inherit;\"><span style=\"vertical-align: inherit;\">Length(MM)<\/span><\/span><\/span><\/span><\/strong><\/td>\n<\/tr>\n<tr style=\"height: 13.50pt;\">\n<td class=\"et3\" style=\"height: 13.5pt; text-align: center;\" height=\"18\"><span style=\"vertical-align: inherit;\"><span style=\"vertical-align: inherit;\"><span style=\"vertical-align: inherit;\"><span style=\"vertical-align: inherit;\">0.2-60<\/span><\/span><\/span><\/span><\/td>\n<td class=\"et3\" style=\"text-align: center;\"><span style=\"vertical-align: inherit;\"><span style=\"vertical-align: inherit;\"><span style=\"vertical-align: inherit;\"><span style=\"vertical-align: inherit;\">10-330<\/span><\/span><\/span><\/span><\/td>\n<\/tr>\n<\/tbody>\n<\/table>\n<h5><strong style=\"font-size: 16px;\"><span style=\"font-size: 16px;\"><span style=\"vertical-align: inherit;\"><span style=\"vertical-align: inherit;\"><span style=\"vertical-align: inherit;\"><span style=\"vertical-align: inherit;\">3. Tungsten carbide bars surface condition\uff1a<\/span><\/span><\/span><\/span><\/span><\/strong><\/h5>\n<p><span style=\"vertical-align: inherit;\"><span style=\"vertical-align: inherit;\"><span style=\"vertical-align: inherit;\"><span style=\"vertical-align: inherit;\">Sintered sand blasting surface:<\/span><\/span><\/span><\/span><\/p>\n<p><a href=\"https:\/\/www.wolframcarbide.com\/product-category\/tungsten-carbide-rods\/\"><img loading=\"lazy\" decoding=\"async\" class=\"alignnone size-full wp-image-3600\" src=\"https:\/\/www.wolframcarbide.com\/wp-content\/uploads\/2025\/12\/tungsten-carbide-bars-6.jpg\" alt=\"tungsten carbide bars\" width=\"800\" height=\"533\" title=\"\" srcset=\"https:\/\/www.wolframcarbide.com\/wp-content\/uploads\/2025\/12\/tungsten-carbide-bars-6.jpg 800w, https:\/\/www.wolframcarbide.com\/wp-content\/uploads\/2025\/12\/tungsten-carbide-bars-6-300x200.jpg 300w, https:\/\/www.wolframcarbide.com\/wp-content\/uploads\/2025\/12\/tungsten-carbide-bars-6-768x512.jpg 768w, https:\/\/www.wolframcarbide.com\/wp-content\/uploads\/2025\/12\/tungsten-carbide-bars-6-18x12.jpg 18w, https:\/\/www.wolframcarbide.com\/wp-content\/uploads\/2025\/12\/tungsten-carbide-bars-6-600x400.jpg 600w\" sizes=\"auto, (max-width: 800px) 100vw, 800px\" \/><\/a><\/p>\n<p><span style=\"vertical-align: inherit;\"><span style=\"vertical-align: inherit;\"><span style=\"vertical-align: inherit;\"><span style=\"vertical-align: inherit;\">Ground and polished surface h5 and h6:<\/span><\/span><\/span><\/span><\/p>\n<p><img loading=\"lazy\" decoding=\"async\" class=\"alignnone size-full wp-image-3601\" src=\"https:\/\/www.wolframcarbide.com\/wp-content\/uploads\/2025\/12\/Tungsten-carbide-bars-7.jpg\" alt=\"carbide bars\" width=\"800\" height=\"533\" title=\"\" srcset=\"https:\/\/www.wolframcarbide.com\/wp-content\/uploads\/2025\/12\/Tungsten-carbide-bars-7.jpg 800w, https:\/\/www.wolframcarbide.com\/wp-content\/uploads\/2025\/12\/Tungsten-carbide-bars-7-300x200.jpg 300w, https:\/\/www.wolframcarbide.com\/wp-content\/uploads\/2025\/12\/Tungsten-carbide-bars-7-768x512.jpg 768w, https:\/\/www.wolframcarbide.com\/wp-content\/uploads\/2025\/12\/Tungsten-carbide-bars-7-18x12.jpg 18w, https:\/\/www.wolframcarbide.com\/wp-content\/uploads\/2025\/12\/Tungsten-carbide-bars-7-600x400.jpg 600w\" sizes=\"auto, (max-width: 800px) 100vw, 800px\" \/><\/p>\n<p>Tungsten carbide bars with coolant holes:<\/p>\n<p><a href=\"https:\/\/www.wolframcarbide.com\/product\/tungsten-carbide-rods-with-helical-coolant-holes\/\"><img loading=\"lazy\" decoding=\"async\" class=\"alignnone size-full wp-image-3602\" src=\"https:\/\/www.wolframcarbide.com\/wp-content\/uploads\/2025\/12\/Tungsten-carbide-bars-9.jpg\" alt=\"tungsten carbide bars with coolant holes\" width=\"800\" height=\"533\" title=\"\" srcset=\"https:\/\/www.wolframcarbide.com\/wp-content\/uploads\/2025\/12\/Tungsten-carbide-bars-9.jpg 800w, https:\/\/www.wolframcarbide.com\/wp-content\/uploads\/2025\/12\/Tungsten-carbide-bars-9-300x200.jpg 300w, https:\/\/www.wolframcarbide.com\/wp-content\/uploads\/2025\/12\/Tungsten-carbide-bars-9-768x512.jpg 768w, https:\/\/www.wolframcarbide.com\/wp-content\/uploads\/2025\/12\/Tungsten-carbide-bars-9-18x12.jpg 18w, https:\/\/www.wolframcarbide.com\/wp-content\/uploads\/2025\/12\/Tungsten-carbide-bars-9-600x400.jpg 600w\" sizes=\"auto, (max-width: 800px) 100vw, 800px\" \/><\/a><\/p>\n<p><strong>Please send us inquiries for quotations and free samples for testing:<\/strong><\/p>\n<p>&nbsp;<\/p>\n<p><span style=\"vertical-align: inherit;\"><span style=\"vertical-align: inherit;\"><span style=\"vertical-align: inherit;\"><span style=\"vertical-align: inherit;\"><div class=\"wpforms-container \" id=\"wpforms-2333\"><form id=\"wpforms-form-2333\" class=\"wpforms-validate wpforms-form wpforms-ajax-form\" data-formid=\"2333\" method=\"post\" enctype=\"multipart\/form-data\" action=\"\/fr\/wp-json\/wp\/v2\/product\/3595\" data-token=\"ecf65bc70b0131a7cd39817f79ece39f\" data-token-time=\"1777727602\"><noscript class=\"wpforms-error-noscript\">Veuillez activer JavaScript dans votre navigateur pour remplir ce formulaire.<\/noscript><div class=\"wpforms-field-container\"><div id=\"wpforms-2333-field_1-container\" class=\"wpforms-field wpforms-field-name\" data-field-id=\"1\"><label class=\"wpforms-field-label\" for=\"wpforms-2333-field_1\">Name <span class=\"wpforms-required-label\">*<\/span><\/label><input type=\"text\" id=\"wpforms-2333-field_1\" class=\"wpforms-field-medium wpforms-field-required\" name=\"wpforms[fields][1]\" required><\/div>\t\t<div id=\"wpforms-2333-field_5-container\"\n\t\t\tclass=\"wpforms-field wpforms-field-text\"\n\t\t\tdata-field-type=\"text\"\n\t\t\tdata-field-id=\"5\"\n\t\t\t>\n\t\t\t<label class=\"wpforms-field-label\" for=\"wpforms-2333-field_5\" >Name Message Name<\/label>\n\t\t\t<input type=\"text\" id=\"wpforms-2333-field_5\" class=\"wpforms-field-medium\" name=\"wpforms[fields][5]\" >\n\t\t<\/div>\n\t\t<div id=\"wpforms-2333-field_2-container\" class=\"wpforms-field wpforms-field-text\" data-field-id=\"2\"><label class=\"wpforms-field-label\" for=\"wpforms-2333-field_2\">Company Name<\/label><input type=\"text\" id=\"wpforms-2333-field_2\" class=\"wpforms-field-medium\" name=\"wpforms[fields][2]\" ><\/div><div id=\"wpforms-2333-field_3-container\" class=\"wpforms-field wpforms-field-email\" data-field-id=\"3\"><label class=\"wpforms-field-label\" for=\"wpforms-2333-field_3\">Email <span class=\"wpforms-required-label\">*<\/span><\/label><input type=\"email\" id=\"wpforms-2333-field_3\" class=\"wpforms-field-medium wpforms-field-required\" name=\"wpforms[fields][3]\" spellcheck=\"false\" required><\/div><div id=\"wpforms-2333-field_4-container\" class=\"wpforms-field wpforms-field-textarea\" data-field-id=\"4\"><label class=\"wpforms-field-label\" for=\"wpforms-2333-field_4\">Message <span class=\"wpforms-required-label\">*<\/span><\/label><textarea id=\"wpforms-2333-field_4\" class=\"wpforms-field-medium wpforms-field-required\" name=\"wpforms[fields][4]\" required><\/textarea><\/div><script>\n\t\t\t\t( function() {\n\t\t\t\t\tconst style = document.createElement( 'style' );\n\t\t\t\t\tstyle.appendChild( document.createTextNode( '#wpforms-2333-field_5-container { position: absolute !important; overflow: hidden !important; display: inline !important; height: 1px !important; width: 1px !important; z-index: -1000 !important; padding: 0 !important; } #wpforms-2333-field_5-container input { visibility: hidden; } #wpforms-conversational-form-page #wpforms-2333-field_5-container label { counter-increment: none; }' ) );\n\t\t\t\t\tdocument.head.appendChild( style );\n\t\t\t\t\tdocument.currentScript?.remove();\n\t\t\t\t} )();\n\t\t\t<\/script><\/div><!-- .wpforms-field-container --><div class=\"wpforms-submit-container\" ><input type=\"hidden\" name=\"wpforms[id]\" value=\"2333\"><input type=\"hidden\" name=\"page_title\" value=\"\"><input type=\"hidden\" name=\"page_url\" value=\"https:\/\/www.wolframcarbide.com\/fr\/wp-json\/wp\/v2\/product\/3595\"><input type=\"hidden\" name=\"url_referer\" value=\"\"><button type=\"submit\" name=\"wpforms[submit]\" id=\"wpforms-submit-2333\" class=\"wpforms-submit\" data-alt-text=\"Sending\u2026\" data-submit-text=\"Send Inquiry\" aria-live=\"assertive\" value=\"wpforms-submit\">Send Inquiry<\/button><img loading=\"lazy\" decoding=\"async\" src=\"https:\/\/www.wolframcarbide.com\/wp-content\/plugins\/wpforms-lite\/assets\/images\/submit-spin.svg\" class=\"wpforms-submit-spinner\" style=\"display: none;\" width=\"26\" height=\"26\" alt=\"Chargement en cours\" title=\"\"><\/div><\/form><\/div>  <!-- .wpforms-container --><\/span><\/span><\/span><\/span><\/p>\n","protected":false},"excerpt":{"rendered":"<p>Barres de carbure de tungst\u00e8ne.<\/p>\n<p>Diam\u00e8tre de 2 mm \u00e0 50 mm.<\/p>\n<p>Longueur de 10 mm \u00e0 330 mm.<\/p>\n<p>Tol\u00e9rance : h5 et h6.<\/p>\n<ol>\n<li>S\u00e9lection des mati\u00e8res premi\u00e8res : La poudre de carbure de tungst\u00e8ne de haute qualit\u00e9 est pr\u00e9f\u00e9rable. Mat\u00e9riau vierge 100%.<\/li>\n<li>Four de frittage de PVA import\u00e9 d'Allemagne. Frittage HIP. Ce qui permet de maintenir les barres de carbure \u00e0 une densit\u00e9 \u00e9lev\u00e9e, <strong>Haute r\u00e9sistance \u00e0 l'usure<\/strong>et de haute performance.<\/li>\n<li>Des ing\u00e9nieurs professionnels et des \u00e9quipes d'inspection de la qualit\u00e9 assurent l'inspection du processus de production et l'inspection d'acceptation afin de garantir la stabilit\u00e9 de la qualit\u00e9 des produits et d'emp\u00eacher l'exp\u00e9dition de produits non qualifi\u00e9s.<\/li>\n<li><strong>Plus de 40 ans d'exp\u00e9rience dans la fabrication. Les dix plus grands fabricants de barres en carbure.<\/strong><\/li>\n<li><strong>Les performances et la dur\u00e9e de vie des barres de carbure de tungst\u00e8ne sont proches des 95-100% de Guhringg, Cerztizitt, Boehleritt et Kennametall.<\/strong><\/li>\n<\/ol>","protected":false},"featured_media":3597,"template":"","meta":{"_uag_custom_page_level_css":"","site-sidebar-layout":"default","site-content-layout":"","ast-site-content-layout":"default","site-content-style":"default","site-sidebar-style":"default","ast-global-header-display":"","ast-banner-title-visibility":"","ast-main-header-display":"","ast-hfb-above-header-display":"","ast-hfb-below-header-display":"","ast-hfb-mobile-header-display":"","site-post-title":"","ast-breadcrumbs-content":"","ast-featured-img":"","footer-sml-layout":"","theme-transparent-header-meta":"default","adv-header-id-meta":"","stick-header-meta":"","header-above-stick-meta":"","header-main-stick-meta":"","header-below-stick-meta":"","astra-migrate-meta-layouts":"set","ast-page-background-enabled":"default","ast-page-background-meta":{"desktop":{"background-color":"var(--ast-global-color-4)","background-image":"","background-repeat":"repeat","background-position":"center center","background-size":"auto","background-attachment":"scroll","background-type":"","background-media":"","overlay-type":"","overlay-color":"","overlay-opacity":"","overlay-gradient":""},"tablet":{"background-color":"","background-image":"","background-repeat":"repeat","background-position":"center center","background-size":"auto","background-attachment":"scroll","background-type":"","background-media":"","overlay-type":"","overlay-color":"","overlay-opacity":"","overlay-gradient":""},"mobile":{"background-color":"","background-image":"","background-repeat":"repeat","background-position":"center center","background-size":"auto","background-attachment":"scroll","background-type":"","background-media":"","overlay-type":"","overlay-color":"","overlay-opacity":"","overlay-gradient":""}},"ast-content-background-meta":{"desktop":{"background-color":"var(--ast-global-color-5)","background-image":"","background-repeat":"repeat","background-position":"center center","background-size":"auto","background-attachment":"scroll","background-type":"","background-media":"","overlay-type":"","overlay-color":"","overlay-opacity":"","overlay-gradient":""},"tablet":{"background-color":"var(--ast-global-color-5)","background-image":"","background-repeat":"repeat","background-position":"center center","background-size":"auto","background-attachment":"scroll","background-type":"","background-media":"","overlay-type":"","overlay-color":"","overlay-opacity":"","overlay-gradient":""},"mobile":{"background-color":"var(--ast-global-color-5)","background-image":"","background-repeat":"repeat","background-position":"center center","background-size":"auto","background-attachment":"scroll","background-type":"","background-media":"","overlay-type":"","overlay-color":"","overlay-opacity":"","overlay-gradient":""}},"_joinchat":[]},"product_brand":[],"product_cat":[19],"product_tag":[],"class_list":{"0":"post-3595","1":"product","2":"type-product","3":"status-publish","4":"has-post-thumbnail","6":"product_cat-tungsten-carbide-rods","7":"desktop-align-left","8":"tablet-align-left","9":"mobile-align-left","11":"first","12":"instock","13":"shipping-taxable","14":"product-type-simple"},"uagb_featured_image_src":{"full":["https:\/\/www.wolframcarbide.com\/wp-content\/uploads\/2025\/12\/Tungsten-carbide-bar.jpg",600,600,false],"thumbnail":["https:\/\/www.wolframcarbide.com\/wp-content\/uploads\/2025\/12\/Tungsten-carbide-bar-150x150.jpg",150,150,true],"medium":["https:\/\/www.wolframcarbide.com\/wp-content\/uploads\/2025\/12\/Tungsten-carbide-bar-300x300.jpg",300,300,true],"medium_large":["https:\/\/www.wolframcarbide.com\/wp-content\/uploads\/2025\/12\/Tungsten-carbide-bar.jpg",600,600,false],"large":["https:\/\/www.wolframcarbide.com\/wp-content\/uploads\/2025\/12\/Tungsten-carbide-bar.jpg",600,600,false],"1536x1536":["https:\/\/www.wolframcarbide.com\/wp-content\/uploads\/2025\/12\/Tungsten-carbide-bar.jpg",600,600,false],"2048x2048":["https:\/\/www.wolframcarbide.com\/wp-content\/uploads\/2025\/12\/Tungsten-carbide-bar.jpg",600,600,false],"trp-custom-language-flag":["https:\/\/www.wolframcarbide.com\/wp-content\/uploads\/2025\/12\/Tungsten-carbide-bar-12x12.jpg",12,12,true],"woocommerce_thumbnail":["https:\/\/www.wolframcarbide.com\/wp-content\/uploads\/2025\/12\/Tungsten-carbide-bar-300x300.jpg",300,300,true],"woocommerce_single":["https:\/\/www.wolframcarbide.com\/wp-content\/uploads\/2025\/12\/Tungsten-carbide-bar.jpg",600,600,false],"woocommerce_gallery_thumbnail":["https:\/\/www.wolframcarbide.com\/wp-content\/uploads\/2025\/12\/Tungsten-carbide-bar-100x100.jpg",100,100,true]},"uagb_author_info":{"display_name":"admin","author_link":"https:\/\/www.wolframcarbide.com\/fr\/author\/"},"uagb_comment_info":0,"uagb_excerpt":"Tungsten carbide bars. Diameter from 2 mm to 50 mm. Length from 10 mm to 330 mm. Tolerance: h5 and h6. Raw material selection: High quality tungsten carbide powder is preferred. 100% virgin material. Imported German PVA sintering furnace. HIP sintering. Which can keep carbide bars in high density, High wear resistance, high-performance. Professional engineers\u2026","_links":{"self":[{"href":"https:\/\/www.wolframcarbide.com\/fr\/wp-json\/wp\/v2\/product\/3595","targetHints":{"allow":["GET"]}}],"collection":[{"href":"https:\/\/www.wolframcarbide.com\/fr\/wp-json\/wp\/v2\/product"}],"about":[{"href":"https:\/\/www.wolframcarbide.com\/fr\/wp-json\/wp\/v2\/types\/product"}],"wp:featuredmedia":[{"embeddable":true,"href":"https:\/\/www.wolframcarbide.com\/fr\/wp-json\/wp\/v2\/media\/3597"}],"wp:attachment":[{"href":"https:\/\/www.wolframcarbide.com\/fr\/wp-json\/wp\/v2\/media?parent=3595"}],"wp:term":[{"taxonomy":"product_brand","embeddable":true,"href":"https:\/\/www.wolframcarbide.com\/fr\/wp-json\/wp\/v2\/product_brand?post=3595"},{"taxonomy":"product_cat","embeddable":true,"href":"https:\/\/www.wolframcarbide.com\/fr\/wp-json\/wp\/v2\/product_cat?post=3595"},{"taxonomy":"product_tag","embeddable":true,"href":"https:\/\/www.wolframcarbide.com\/fr\/wp-json\/wp\/v2\/product_tag?post=3595"}],"curies":[{"name":"wp","href":"https:\/\/api.w.org\/{rel}","templated":true}]}}