{"id":3380,"date":"2025-08-30T16:05:18","date_gmt":"2025-08-30T08:05:18","guid":{"rendered":"https:\/\/www.wolframcarbide.com\/?post_type=product&#038;p=3380"},"modified":"2025-08-31T16:36:14","modified_gmt":"2025-08-31T08:36:14","slug":"chemise-darbre-en-carbure-de-tungstene","status":"publish","type":"product","link":"https:\/\/www.wolframcarbide.com\/fr\/product\/tungsten-carbide-shaft-sleeve\/","title":{"rendered":"Chemise d'arbre en carbure de tungst\u00e8ne de haute qualit\u00e9, usin\u00e9e avec pr\u00e9cision, fabricant YG6"},"content":{"rendered":"<h5><strong>Tungsten carbide shaft sleeve grades:<\/strong><\/h5>\n<table style=\"border-collapse: collapse; width: 941px; height: 179px;\" border=\"0\" width=\"504\" cellspacing=\"0\" cellpadding=\"0\">\n<tbody>\n<tr style=\"height: 30.00pt;\">\n<td class=\"et3\" style=\"height: 30pt; width: 54pt; text-align: center;\" width=\"72\" height=\"40\"><strong>Grade<\/strong><\/td>\n<td class=\"et3\" style=\"width: 90pt; text-align: center;\" width=\"120\"><strong>Composition (%)<\/strong><\/td>\n<td class=\"et3\" style=\"width: 81.75pt; text-align: center;\" width=\"109\"><strong>Density (g\/cm3)<\/strong><\/td>\n<td class=\"et3\" style=\"width: 75pt; text-align: center;\" width=\"100\"><strong>Hardness (<a href=\"https:\/\/en.wikipedia.org\/wiki\/Rockwell_hardness_test\" rel=\"nofollow noopener\" target=\"_blank\">HRA<\/a>)<\/strong><\/td>\n<td class=\"et3\" style=\"width: 77.25pt; text-align: center;\" width=\"103\"><strong>T.R.S \uff08N\/mm\u00b2\uff09<\/strong><\/td>\n<\/tr>\n<tr style=\"height: 14.25pt;\">\n<td class=\"et4\" style=\"height: 14.25pt; width: 54pt; text-align: center;\" width=\"72\" height=\"19\">YG6<\/td>\n<td class=\"et4\" style=\"width: 90pt; text-align: center;\" width=\"120\">6%co 94%wc<\/td>\n<td class=\"et4\" style=\"width: 81.75pt; text-align: center;\" width=\"109\">14.85<\/td>\n<td class=\"et4\" style=\"width: 75pt; text-align: center;\" width=\"100\">\u226592.5<\/td>\n<td class=\"et4\" style=\"width: 77.25pt; text-align: center;\" width=\"103\">\u22652000<\/td>\n<\/tr>\n<tr style=\"height: 14.25pt;\">\n<td class=\"et4\" style=\"height: 14.25pt; width: 54pt; text-align: center;\" width=\"72\" height=\"19\">YG8<\/td>\n<td class=\"et4\" style=\"width: 90pt; text-align: center;\" width=\"120\">8%co 92%wc<\/td>\n<td class=\"et4\" style=\"width: 81.75pt; text-align: center;\" width=\"109\">14.7<\/td>\n<td class=\"et4\" style=\"width: 75pt; text-align: center;\" width=\"100\">\u226589.8<\/td>\n<td class=\"et4\" style=\"width: 77.25pt; text-align: center;\" width=\"103\">\u22652800<\/td>\n<\/tr>\n<tr style=\"height: 14.25pt;\">\n<td class=\"et4\" style=\"height: 14.25pt; width: 54pt; text-align: center;\" width=\"72\" height=\"19\">YG10X<\/td>\n<td class=\"et4\" style=\"width: 90pt; text-align: center;\" width=\"120\">10%co 90%wc<\/td>\n<td class=\"et4\" style=\"width: 81.75pt; text-align: center;\" width=\"109\">14.35<\/td>\n<td class=\"et4\" style=\"width: 75pt; text-align: center;\" width=\"100\">\u226591.5<\/td>\n<td class=\"et4\" style=\"width: 77.25pt; text-align: center;\" width=\"103\">\u22653600<\/td>\n<\/tr>\n<tr style=\"height: 14.25pt;\">\n<td class=\"et4\" style=\"height: 14.25pt; width: 54pt; text-align: center;\" width=\"72\" height=\"19\">YG11<\/td>\n<td class=\"et4\" style=\"width: 90pt; text-align: center;\" width=\"120\">11%co 89%wc<\/td>\n<td class=\"et4\" style=\"width: 81.75pt; text-align: center;\" width=\"109\">14.4<\/td>\n<td class=\"et4\" style=\"width: 75pt; text-align: center;\" width=\"100\">\u226588.5<\/td>\n<td class=\"et4\" style=\"width: 77.25pt; text-align: center;\" width=\"103\">\u22652900<\/td>\n<\/tr>\n<\/tbody>\n<\/table>\n<table style=\"border-collapse: collapse; width: 942px; height: 182px;\" border=\"0\" width=\"757\" cellspacing=\"0\" cellpadding=\"0\">\n<tbody>\n<tr style=\"height: 40.00pt;\">\n<td class=\"et2\" style=\"height: 40.00pt; width: 54.00pt;\" width=\"72\" height=\"53\">YG6<\/td>\n<td class=\"et3\" style=\"width: 513.75pt;\" width=\"685\">Fine grain alloy, good wear resistance. It is suitable for making carbide sleeves and tungsten carbide bushings, wear-resistant parts, etc.<\/td>\n<\/tr>\n<tr style=\"height: 21.00pt;\">\n<td class=\"et2\" style=\"height: 21.00pt; width: 54.00pt;\" width=\"72\" height=\"28\"><a href=\"https:\/\/www.wolframcarbide.com\/tungsten-carbide-hardness-and-uses-of-yg8\/\">YG8<\/a><\/td>\n<td class=\"et3\" style=\"width: 513.75pt;\" rowspan=\"2\" width=\"685\">High bending strength, wear resistance lower than YG6. It is suitable for making carbide sleeves and carbide bushings, wear-resistant parts, etc.<\/td>\n<\/tr>\n<tr style=\"height: 26.00pt;\">\n<td class=\"et2\" style=\"height: 26.00pt; width: 54.00pt;\" width=\"72\" height=\"34\">YG11<\/td>\n<\/tr>\n<\/tbody>\n<\/table>\n<h5><\/h5>\n<h5><strong>Tungsten carbide shaft sleeve uses:<\/strong><\/h5>\n<p>1.Petroleum and Natural Gas Industry<\/p>\n<p>Used in mud motor bearings for drilling equipment to resist sand erosion and extend service life by 3-5 times.<\/p>\n<p>Shaft support for submersible oil pumps and slurry pumps, capable of withstanding high pressure (up to 25MPa) and preventing medium leakage.<\/p>\n<p>2.Chemical and Corrosion-Resistant Environments<\/p>\n<p>In refinery FCC units, resistant to high temperatures of 400\u00b0C and sulfur-containing media erosion, significantly outperforming stainless steel sleeves in service life.<\/p>\n<p>Low surface roughness (below Ra 0.2\u03bcm) reduces fluid resistance and improves pump efficiency by 5%-8%.<\/p>\n<p>3.High-Load Mechanical Transmission<\/p>\n<p>In equipment such as mining crushers and steel rolling mills, capable of withstanding cyclic loads with compressive strength up to 6800MPa.<\/p>\n<p>After application in steel rolling mills, bearing service life increased from 800 hours to 5000 hours.<\/p>\n<p>4.Precision Equipment and Specialized Industries<\/p>\n<p>Sealing components for aerospace turbine engines, maintaining dimensional stability at 1000\u00b0C high temperatures.<\/p>\n<p>Wafer dicing spindle positioning accuracy reaches \u00b12\u03bcm, reducing defect rates.<\/p>\n<h5><strong>Details of tungsten carbide shaft sleeve:<\/strong><\/h5>\n<p><a href=\"https:\/\/www.wolframcarbide.com\/product-category\/tungsten-carbide-bushings-and-sleeves\/\"><img loading=\"lazy\" decoding=\"async\" class=\"alignnone size-full wp-image-3384\" src=\"https:\/\/www.wolframcarbide.com\/wp-content\/uploads\/2025\/08\/Carbide-shaft-sleeve-31.png\" alt=\"carbide shaft sleeves\" width=\"800\" height=\"533\" title=\"\" srcset=\"https:\/\/www.wolframcarbide.com\/wp-content\/uploads\/2025\/08\/Carbide-shaft-sleeve-31.png 800w, https:\/\/www.wolframcarbide.com\/wp-content\/uploads\/2025\/08\/Carbide-shaft-sleeve-31-300x200.png 300w, https:\/\/www.wolframcarbide.com\/wp-content\/uploads\/2025\/08\/Carbide-shaft-sleeve-31-768x512.png 768w, https:\/\/www.wolframcarbide.com\/wp-content\/uploads\/2025\/08\/Carbide-shaft-sleeve-31-18x12.png 18w, https:\/\/www.wolframcarbide.com\/wp-content\/uploads\/2025\/08\/Carbide-shaft-sleeve-31-600x400.png 600w\" sizes=\"auto, (max-width: 800px) 100vw, 800px\" \/><\/a><\/p>\n<p><img loading=\"lazy\" decoding=\"async\" class=\"alignnone size-full wp-image-3385\" src=\"https:\/\/www.wolframcarbide.com\/wp-content\/uploads\/2025\/08\/Carbide-shaft-sleeve-61.jpg\" alt=\"carbide shaft sleeves\" width=\"800\" height=\"533\" title=\"\" srcset=\"https:\/\/www.wolframcarbide.com\/wp-content\/uploads\/2025\/08\/Carbide-shaft-sleeve-61.jpg 800w, https:\/\/www.wolframcarbide.com\/wp-content\/uploads\/2025\/08\/Carbide-shaft-sleeve-61-300x200.jpg 300w, https:\/\/www.wolframcarbide.com\/wp-content\/uploads\/2025\/08\/Carbide-shaft-sleeve-61-768x512.jpg 768w, https:\/\/www.wolframcarbide.com\/wp-content\/uploads\/2025\/08\/Carbide-shaft-sleeve-61-18x12.jpg 18w, https:\/\/www.wolframcarbide.com\/wp-content\/uploads\/2025\/08\/Carbide-shaft-sleeve-61-600x400.jpg 600w\" sizes=\"auto, (max-width: 800px) 100vw, 800px\" \/><\/p>\n<p>&nbsp;<\/p>\n<p><strong>We can make the carbide shaft sleeves as per your drawings.<\/strong><\/p>\n<p>&nbsp;<\/p>\n<p><strong>Please send us inquiries for quotations and free samples for testing:<\/strong><\/p>\n<p>&nbsp;<\/p>\n<div class=\"wpforms-container \" id=\"wpforms-2333\"><form id=\"wpforms-form-2333\" class=\"wpforms-validate wpforms-form wpforms-ajax-form\" data-formid=\"2333\" method=\"post\" enctype=\"multipart\/form-data\" action=\"\/fr\/wp-json\/wp\/v2\/product\/3380\" data-token=\"1813eab88a4e09e43064732ffa71ebd1\" data-token-time=\"1777544207\"><noscript class=\"wpforms-error-noscript\">Veuillez activer JavaScript dans votre navigateur pour remplir ce formulaire.<\/noscript><div class=\"wpforms-field-container\"><div id=\"wpforms-2333-field_1-container\" class=\"wpforms-field wpforms-field-name\" data-field-id=\"1\"><label class=\"wpforms-field-label\" for=\"wpforms-2333-field_1\">Name <span class=\"wpforms-required-label\">*<\/span><\/label><input type=\"text\" id=\"wpforms-2333-field_1\" class=\"wpforms-field-medium wpforms-field-required\" name=\"wpforms[fields][1]\" required><\/div><div id=\"wpforms-2333-field_2-container\" class=\"wpforms-field wpforms-field-text\" data-field-id=\"2\"><label class=\"wpforms-field-label\" for=\"wpforms-2333-field_2\">Company Name<\/label><input type=\"text\" id=\"wpforms-2333-field_2\" class=\"wpforms-field-medium\" name=\"wpforms[fields][2]\" ><\/div><div id=\"wpforms-2333-field_3-container\" class=\"wpforms-field wpforms-field-email\" data-field-id=\"3\"><label class=\"wpforms-field-label\" for=\"wpforms-2333-field_3\">Email <span class=\"wpforms-required-label\">*<\/span><\/label><input type=\"email\" id=\"wpforms-2333-field_3\" class=\"wpforms-field-medium wpforms-field-required\" name=\"wpforms[fields][3]\" spellcheck=\"false\" required><\/div>\t\t<div id=\"wpforms-2333-field_5-container\"\n\t\t\tclass=\"wpforms-field wpforms-field-text\"\n\t\t\tdata-field-type=\"text\"\n\t\t\tdata-field-id=\"5\"\n\t\t\t>\n\t\t\t<label class=\"wpforms-field-label\" for=\"wpforms-2333-field_5\" >Message Name Name<\/label>\n\t\t\t<input type=\"text\" id=\"wpforms-2333-field_5\" class=\"wpforms-field-medium\" name=\"wpforms[fields][5]\" >\n\t\t<\/div>\n\t\t<div id=\"wpforms-2333-field_4-container\" class=\"wpforms-field wpforms-field-textarea\" data-field-id=\"4\"><label class=\"wpforms-field-label\" for=\"wpforms-2333-field_4\">Message <span class=\"wpforms-required-label\">*<\/span><\/label><textarea id=\"wpforms-2333-field_4\" class=\"wpforms-field-medium wpforms-field-required\" name=\"wpforms[fields][4]\" required><\/textarea><\/div><script>\n\t\t\t\t( function() {\n\t\t\t\t\tconst style = document.createElement( 'style' );\n\t\t\t\t\tstyle.appendChild( document.createTextNode( '#wpforms-2333-field_5-container { position: absolute !important; overflow: hidden !important; display: inline !important; height: 1px !important; width: 1px !important; z-index: -1000 !important; padding: 0 !important; } #wpforms-2333-field_5-container input { visibility: hidden; } #wpforms-conversational-form-page #wpforms-2333-field_5-container label { counter-increment: none; }' ) );\n\t\t\t\t\tdocument.head.appendChild( style );\n\t\t\t\t\tdocument.currentScript?.remove();\n\t\t\t\t} )();\n\t\t\t<\/script><\/div><!-- .wpforms-field-container --><div class=\"wpforms-submit-container\" ><input type=\"hidden\" name=\"wpforms[id]\" value=\"2333\"><input type=\"hidden\" name=\"page_title\" value=\"\"><input type=\"hidden\" name=\"page_url\" value=\"https:\/\/www.wolframcarbide.com\/fr\/wp-json\/wp\/v2\/product\/3380\"><input type=\"hidden\" name=\"url_referer\" value=\"\"><button type=\"submit\" name=\"wpforms[submit]\" id=\"wpforms-submit-2333\" class=\"wpforms-submit\" data-alt-text=\"Sending\u2026\" data-submit-text=\"Send Inquiry\" aria-live=\"assertive\" value=\"wpforms-submit\">Send Inquiry<\/button><img loading=\"lazy\" decoding=\"async\" src=\"https:\/\/www.wolframcarbide.com\/wp-content\/plugins\/wpforms-lite\/assets\/images\/submit-spin.svg\" class=\"wpforms-submit-spinner\" style=\"display: none;\" width=\"26\" height=\"26\" alt=\"Chargement en cours\" title=\"\"><\/div><\/form><\/div>  <!-- .wpforms-container -->\n","protected":false},"excerpt":{"rendered":"<ol>\n<li>S\u00e9lection des mati\u00e8res premi\u00e8res : La poudre de carbure de tungst\u00e8ne de haute qualit\u00e9 est pr\u00e9f\u00e9rable. Mat\u00e9riau vierge 100%.<\/li>\n<li>Four de frittage de PVA import\u00e9 d'Allemagne. Frittage HIP. Ce qui permet de maintenir les douilles d'arbre en carbure \u00e0 une densit\u00e9 \u00e9lev\u00e9e, <strong>Haute r\u00e9sistance \u00e0 l'usure<\/strong>, <strong>r\u00e9sistant aux hautes temp\u00e9ratures<\/strong>,<strong> excellente r\u00e9sistance aux chocs,<\/strong>\u00a0haute performance.<\/li>\n<li>Des ing\u00e9nieurs professionnels et des \u00e9quipes d'inspection de la qualit\u00e9 assurent l'inspection du processus de production et l'inspection d'acceptation afin de garantir la stabilit\u00e9 de la qualit\u00e9 des produits et d'emp\u00eacher l'exp\u00e9dition de produits non qualifi\u00e9s.<\/li>\n<li><strong>Plus de 40 ans d'exp\u00e9rience dans la fabrication.<\/strong><\/li>\n<li><strong>Les performances et la dur\u00e9e de vie de la chemise d'arbre en carbure de tungst\u00e8ne sont proches des 90-97% de Guhringg, Ceratizitt, Boehleritt et Kennametall.<\/strong><\/li>\n<\/ol>","protected":false},"featured_media":3381,"template":"","meta":{"_uag_custom_page_level_css":"","site-sidebar-layout":"default","site-content-layout":"","ast-site-content-layout":"default","site-content-style":"default","site-sidebar-style":"default","ast-global-header-display":"","ast-banner-title-visibility":"","ast-main-header-display":"","ast-hfb-above-header-display":"","ast-hfb-below-header-display":"","ast-hfb-mobile-header-display":"","site-post-title":"","ast-breadcrumbs-content":"","ast-featured-img":"","footer-sml-layout":"","theme-transparent-header-meta":"default","adv-header-id-meta":"","stick-header-meta":"","header-above-stick-meta":"","header-main-stick-meta":"","header-below-stick-meta":"","astra-migrate-meta-layouts":"set","ast-page-background-enabled":"default","ast-page-background-meta":{"desktop":{"background-color":"var(--ast-global-color-4)","background-image":"","background-repeat":"repeat","background-position":"center center","background-size":"auto","background-attachment":"scroll","background-type":"","background-media":"","overlay-type":"","overlay-color":"","overlay-opacity":"","overlay-gradient":""},"tablet":{"background-color":"","background-image":"","background-repeat":"repeat","background-position":"center center","background-size":"auto","background-attachment":"scroll","background-type":"","background-media":"","overlay-type":"","overlay-color":"","overlay-opacity":"","overlay-gradient":""},"mobile":{"background-color":"","background-image":"","background-repeat":"repeat","background-position":"center center","background-size":"auto","background-attachment":"scroll","background-type":"","background-media":"","overlay-type":"","overlay-color":"","overlay-opacity":"","overlay-gradient":""}},"ast-content-background-meta":{"desktop":{"background-color":"var(--ast-global-color-5)","background-image":"","background-repeat":"repeat","background-position":"center center","background-size":"auto","background-attachment":"scroll","background-type":"","background-media":"","overlay-type":"","overlay-color":"","overlay-opacity":"","overlay-gradient":""},"tablet":{"background-color":"var(--ast-global-color-5)","background-image":"","background-repeat":"repeat","background-position":"center center","background-size":"auto","background-attachment":"scroll","background-type":"","background-media":"","overlay-type":"","overlay-color":"","overlay-opacity":"","overlay-gradient":""},"mobile":{"background-color":"var(--ast-global-color-5)","background-image":"","background-repeat":"repeat","background-position":"center center","background-size":"auto","background-attachment":"scroll","background-type":"","background-media":"","overlay-type":"","overlay-color":"","overlay-opacity":"","overlay-gradient":""}},"_joinchat":[]},"product_brand":[],"product_cat":[22],"product_tag":[],"class_list":{"0":"post-3380","1":"product","2":"type-product","3":"status-publish","4":"has-post-thumbnail","6":"product_cat-tungsten-carbide-bushings-and-sleeves","7":"desktop-align-left","8":"tablet-align-left","9":"mobile-align-left","11":"first","12":"instock","13":"shipping-taxable","14":"product-type-simple"},"uagb_featured_image_src":{"full":["https:\/\/www.wolframcarbide.com\/wp-content\/uploads\/2025\/08\/Carbide-shaft-sleeve.jpg",600,600,false],"thumbnail":["https:\/\/www.wolframcarbide.com\/wp-content\/uploads\/2025\/08\/Carbide-shaft-sleeve-150x150.jpg",150,150,true],"medium":["https:\/\/www.wolframcarbide.com\/wp-content\/uploads\/2025\/08\/Carbide-shaft-sleeve-300x300.jpg",300,300,true],"medium_large":["https:\/\/www.wolframcarbide.com\/wp-content\/uploads\/2025\/08\/Carbide-shaft-sleeve.jpg",600,600,false],"large":["https:\/\/www.wolframcarbide.com\/wp-content\/uploads\/2025\/08\/Carbide-shaft-sleeve.jpg",600,600,false],"1536x1536":["https:\/\/www.wolframcarbide.com\/wp-content\/uploads\/2025\/08\/Carbide-shaft-sleeve.jpg",600,600,false],"2048x2048":["https:\/\/www.wolframcarbide.com\/wp-content\/uploads\/2025\/08\/Carbide-shaft-sleeve.jpg",600,600,false],"trp-custom-language-flag":["https:\/\/www.wolframcarbide.com\/wp-content\/uploads\/2025\/08\/Carbide-shaft-sleeve-12x12.jpg",12,12,true],"woocommerce_thumbnail":["https:\/\/www.wolframcarbide.com\/wp-content\/uploads\/2025\/08\/Carbide-shaft-sleeve-300x300.jpg",300,300,true],"woocommerce_single":["https:\/\/www.wolframcarbide.com\/wp-content\/uploads\/2025\/08\/Carbide-shaft-sleeve.jpg",600,600,false],"woocommerce_gallery_thumbnail":["https:\/\/www.wolframcarbide.com\/wp-content\/uploads\/2025\/08\/Carbide-shaft-sleeve-100x100.jpg",100,100,true]},"uagb_author_info":{"display_name":"admin","author_link":"https:\/\/www.wolframcarbide.com\/fr\/author\/"},"uagb_comment_info":0,"uagb_excerpt":"Raw material selection: High quality tungsten carbide powder is preferred. 100% virgin material. Imported German PVA sintering furnace. HIP sintering. Which can keep\u00a0 carbide shaft sleeves in high density, High wear resistance, high-temperature resistant, excellent impact-resistant,\u00a0high-performance. Professional engineers and quality inspection teams ensure product process inspection and acceptance inspection to ensure stable product quality and\u2026","_links":{"self":[{"href":"https:\/\/www.wolframcarbide.com\/fr\/wp-json\/wp\/v2\/product\/3380","targetHints":{"allow":["GET"]}}],"collection":[{"href":"https:\/\/www.wolframcarbide.com\/fr\/wp-json\/wp\/v2\/product"}],"about":[{"href":"https:\/\/www.wolframcarbide.com\/fr\/wp-json\/wp\/v2\/types\/product"}],"wp:featuredmedia":[{"embeddable":true,"href":"https:\/\/www.wolframcarbide.com\/fr\/wp-json\/wp\/v2\/media\/3381"}],"wp:attachment":[{"href":"https:\/\/www.wolframcarbide.com\/fr\/wp-json\/wp\/v2\/media?parent=3380"}],"wp:term":[{"taxonomy":"product_brand","embeddable":true,"href":"https:\/\/www.wolframcarbide.com\/fr\/wp-json\/wp\/v2\/product_brand?post=3380"},{"taxonomy":"product_cat","embeddable":true,"href":"https:\/\/www.wolframcarbide.com\/fr\/wp-json\/wp\/v2\/product_cat?post=3380"},{"taxonomy":"product_tag","embeddable":true,"href":"https:\/\/www.wolframcarbide.com\/fr\/wp-json\/wp\/v2\/product_tag?post=3380"}],"curies":[{"name":"wp","href":"https:\/\/api.w.org\/{rel}","templated":true}]}}