{"id":2745,"date":"2025-01-02T12:36:21","date_gmt":"2025-01-02T04:36:21","guid":{"rendered":"https:\/\/www.wolframcarbide.com\/?post_type=product&#038;p=2745"},"modified":"2025-08-02T22:34:30","modified_gmt":"2025-08-02T14:34:30","slug":"matrices-en-carbure-de-tungstene","status":"publish","type":"product","link":"https:\/\/www.wolframcarbide.com\/fr\/product\/tungsten-carbide-dies\/","title":{"rendered":"Matrices en carbure de tungst\u00e8ne de haute qualit\u00e9 \u00e0 des prix comp\u00e9titifs YG15 YG20"},"content":{"rendered":"<h5><strong>The grades for tungsten carbide dies:<\/strong><\/h5>\n<p>&nbsp;<\/p>\n<table style=\"border-collapse: collapse; width: 800px; height: 277px;\" border=\"0\" width=\"516\" cellspacing=\"0\" cellpadding=\"0\">\n<tbody>\n<tr style=\"height: 31.00pt;\">\n<td class=\"et2\" style=\"height: 31pt; width: 69.75pt; text-align: center;\" width=\"93\" height=\"41\"><strong>Grade<\/strong><\/td>\n<td class=\"et2\" style=\"width: 52.5pt; text-align: center;\" width=\"70\"><strong>WC(%)<\/strong><\/td>\n<td class=\"et2\" style=\"width: 63.75pt; text-align: center;\" width=\"85\"><strong>Co(%)<\/strong><\/td>\n<td class=\"et2\" style=\"width: 99.75pt; text-align: center;\" width=\"133\"><strong>Hardness(<a href=\"https:\/\/en.wikipedia.org\/wiki\/Rockwell_scale\" rel=\"nofollow noopener\" target=\"_blank\">HRA<\/a>)<\/strong><\/td>\n<td class=\"et2\" style=\"width: 101.25pt; text-align: center;\" width=\"135\"><strong>TRS(N\/mm\u00b2)<\/strong><\/td>\n<\/tr>\n<tr style=\"height: 16.00pt;\">\n<td class=\"et3\" style=\"height: 16pt; width: 69.75pt; text-align: center;\" width=\"93\" height=\"21\">YG6<\/td>\n<td class=\"et3\" style=\"width: 52.5pt; text-align: center;\" width=\"70\">94<\/td>\n<td class=\"et3\" style=\"width: 63.75pt; text-align: center;\" width=\"85\">6<\/td>\n<td class=\"et3\" style=\"width: 99.75pt; text-align: center;\" width=\"133\">\u226590.5<\/td>\n<td class=\"et3\" style=\"width: 101.25pt; text-align: center;\" width=\"135\">1860<\/td>\n<\/tr>\n<tr style=\"height: 16.00pt;\">\n<td class=\"et3\" style=\"height: 16pt; width: 69.75pt; text-align: center;\" width=\"93\" height=\"21\">YG8<\/td>\n<td class=\"et3\" style=\"width: 52.5pt; text-align: center;\" width=\"70\">92<\/td>\n<td class=\"et3\" style=\"width: 63.75pt; text-align: center;\" width=\"85\">8<\/td>\n<td class=\"et3\" style=\"width: 99.75pt; text-align: center;\" width=\"133\">\u226589.5<\/td>\n<td class=\"et3\" style=\"width: 101.25pt; text-align: center;\" width=\"135\">2060<\/td>\n<\/tr>\n<tr style=\"height: 16.50pt;\">\n<td class=\"et3\" style=\"height: 16.5pt; width: 69.75pt; text-align: center;\" width=\"93\" height=\"22\">YG11<\/td>\n<td class=\"et3\" style=\"width: 52.5pt; text-align: center;\" width=\"70\">89<\/td>\n<td class=\"et3\" style=\"width: 63.75pt; text-align: center;\" width=\"85\">11<\/td>\n<td class=\"et3\" style=\"width: 99.75pt; text-align: center;\" width=\"133\">\u226587.5<\/td>\n<td class=\"et3\" style=\"width: 101.25pt; text-align: center;\" width=\"135\">2100<\/td>\n<\/tr>\n<tr style=\"height: 16.25pt;\">\n<td class=\"et3\" style=\"height: 16.25pt; width: 69.75pt; text-align: center;\" width=\"93\" height=\"21\"><a href=\"https:\/\/www.wolframcarbide.com\/tungsten-carbide-industry-news\/\">YG15<\/a><\/td>\n<td class=\"et3\" style=\"width: 52.5pt; text-align: center;\" width=\"70\">85<\/td>\n<td class=\"et3\" style=\"width: 63.75pt; text-align: center;\" width=\"85\">15<\/td>\n<td class=\"et3\" style=\"width: 99.75pt; text-align: center;\" width=\"133\">\u226587.5<\/td>\n<td class=\"et3\" style=\"width: 101.25pt; text-align: center;\" width=\"135\">2500<\/td>\n<\/tr>\n<tr style=\"height: 14.25pt;\">\n<td class=\"et3\" style=\"height: 14.25pt; width: 69.75pt; text-align: center;\" width=\"93\" height=\"19\">YG20<\/td>\n<td class=\"et3\" style=\"width: 52.5pt; text-align: center;\" width=\"70\">80<\/td>\n<td class=\"et3\" style=\"width: 63.75pt; text-align: center;\" width=\"85\">20<\/td>\n<td class=\"et3\" style=\"width: 99.75pt; text-align: center;\" width=\"133\">\u226585<\/td>\n<td class=\"et3\" style=\"width: 101.25pt; text-align: center;\" width=\"135\">2600<\/td>\n<\/tr>\n<\/tbody>\n<\/table>\n<h5><\/h5>\n<h5><strong>Tungsten carbide die details:<\/strong><\/h5>\n<p>&nbsp;<\/p>\n<p><a href=\"https:\/\/www.wolframcarbide.com\/product-category\/nonstandard-tungsten-carbide-wear-resistant-parts\/\"><img loading=\"lazy\" decoding=\"async\" class=\"alignnone size-full wp-image-2750\" src=\"https:\/\/www.wolframcarbide.com\/wp-content\/uploads\/2025\/01\/Carbide-die-21.jpg\" alt=\"Tungsten carbide dies\" width=\"800\" height=\"800\" title=\"\" srcset=\"https:\/\/www.wolframcarbide.com\/wp-content\/uploads\/2025\/01\/Carbide-die-21.jpg 800w, https:\/\/www.wolframcarbide.com\/wp-content\/uploads\/2025\/01\/Carbide-die-21-300x300.jpg 300w, https:\/\/www.wolframcarbide.com\/wp-content\/uploads\/2025\/01\/Carbide-die-21-150x150.jpg 150w, https:\/\/www.wolframcarbide.com\/wp-content\/uploads\/2025\/01\/Carbide-die-21-768x768.jpg 768w, https:\/\/www.wolframcarbide.com\/wp-content\/uploads\/2025\/01\/Carbide-die-21-600x600.jpg 600w, https:\/\/www.wolframcarbide.com\/wp-content\/uploads\/2025\/01\/Carbide-die-21-100x100.jpg 100w\" sizes=\"auto, (max-width: 800px) 100vw, 800px\" \/><\/a><\/p>\n<p>&nbsp;<\/p>\n<p><img loading=\"lazy\" decoding=\"async\" class=\"alignnone size-full wp-image-2751\" src=\"https:\/\/www.wolframcarbide.com\/wp-content\/uploads\/2025\/01\/carbide-die-51.jpg\" alt=\"Tungsten carbide dies\" width=\"800\" height=\"800\" title=\"\" srcset=\"https:\/\/www.wolframcarbide.com\/wp-content\/uploads\/2025\/01\/carbide-die-51.jpg 800w, https:\/\/www.wolframcarbide.com\/wp-content\/uploads\/2025\/01\/carbide-die-51-300x300.jpg 300w, https:\/\/www.wolframcarbide.com\/wp-content\/uploads\/2025\/01\/carbide-die-51-150x150.jpg 150w, https:\/\/www.wolframcarbide.com\/wp-content\/uploads\/2025\/01\/carbide-die-51-768x768.jpg 768w, https:\/\/www.wolframcarbide.com\/wp-content\/uploads\/2025\/01\/carbide-die-51-600x600.jpg 600w, https:\/\/www.wolframcarbide.com\/wp-content\/uploads\/2025\/01\/carbide-die-51-100x100.jpg 100w\" sizes=\"auto, (max-width: 800px) 100vw, 800px\" \/><\/p>\n<p>&nbsp;<\/p>\n<h5><strong>EDM Blocks:<\/strong><\/h5>\n<p><a href=\"https:\/\/www.wolframcarbide.com\/product-category\/tungsten-carbide-strips-and-strips\/\"><img loading=\"lazy\" decoding=\"async\" class=\"alignnone size-full wp-image-2752\" src=\"https:\/\/www.wolframcarbide.com\/wp-content\/uploads\/2025\/01\/blocks1.jpg\" alt=\"Carbide dies\" width=\"800\" height=\"800\" title=\"\" srcset=\"https:\/\/www.wolframcarbide.com\/wp-content\/uploads\/2025\/01\/blocks1.jpg 800w, https:\/\/www.wolframcarbide.com\/wp-content\/uploads\/2025\/01\/blocks1-300x300.jpg 300w, https:\/\/www.wolframcarbide.com\/wp-content\/uploads\/2025\/01\/blocks1-150x150.jpg 150w, https:\/\/www.wolframcarbide.com\/wp-content\/uploads\/2025\/01\/blocks1-768x768.jpg 768w, https:\/\/www.wolframcarbide.com\/wp-content\/uploads\/2025\/01\/blocks1-600x600.jpg 600w, https:\/\/www.wolframcarbide.com\/wp-content\/uploads\/2025\/01\/blocks1-100x100.jpg 100w\" sizes=\"auto, (max-width: 800px) 100vw, 800px\" \/><\/a><\/p>\n<p><strong>We are able to make the dies as per your drawings.<\/strong><\/p>\n<p>&nbsp;<\/p>\n<p><strong style=\"font-size: 16px;\">Please send us inquiries for quotations and free samples for testing:<\/strong><\/p>\n<p>&nbsp;<\/p>\n<div class=\"wpforms-container \" id=\"wpforms-2333\"><form id=\"wpforms-form-2333\" class=\"wpforms-validate wpforms-form wpforms-ajax-form\" data-formid=\"2333\" method=\"post\" enctype=\"multipart\/form-data\" action=\"\/fr\/wp-json\/wp\/v2\/product\/2745\" data-token=\"d4ea1c9c814af134202fb7ac0bece4eb\" data-token-time=\"1775848913\"><noscript class=\"wpforms-error-noscript\">Veuillez activer JavaScript dans votre navigateur pour remplir ce formulaire.<\/noscript><div class=\"wpforms-field-container\"><div id=\"wpforms-2333-field_1-container\" class=\"wpforms-field wpforms-field-name\" data-field-id=\"1\"><label class=\"wpforms-field-label\" for=\"wpforms-2333-field_1\">Name <span class=\"wpforms-required-label\">*<\/span><\/label><input type=\"text\" id=\"wpforms-2333-field_1\" class=\"wpforms-field-medium wpforms-field-required\" name=\"wpforms[fields][1]\" required><\/div><div id=\"wpforms-2333-field_2-container\" class=\"wpforms-field wpforms-field-text\" data-field-id=\"2\"><label class=\"wpforms-field-label\" for=\"wpforms-2333-field_2\">Company Name<\/label><input type=\"text\" id=\"wpforms-2333-field_2\" class=\"wpforms-field-medium\" name=\"wpforms[fields][2]\" ><\/div><div id=\"wpforms-2333-field_3-container\" class=\"wpforms-field wpforms-field-email\" data-field-id=\"3\"><label class=\"wpforms-field-label\" for=\"wpforms-2333-field_3\">Email <span class=\"wpforms-required-label\">*<\/span><\/label><input type=\"email\" id=\"wpforms-2333-field_3\" class=\"wpforms-field-medium wpforms-field-required\" name=\"wpforms[fields][3]\" spellcheck=\"false\" required><\/div>\t\t<div id=\"wpforms-2333-field_5-container\"\n\t\t\tclass=\"wpforms-field wpforms-field-text\"\n\t\t\tdata-field-type=\"text\"\n\t\t\tdata-field-id=\"5\"\n\t\t\t>\n\t\t\t<label class=\"wpforms-field-label\" for=\"wpforms-2333-field_5\" >Message Email Company<\/label>\n\t\t\t<input type=\"text\" id=\"wpforms-2333-field_5\" class=\"wpforms-field-medium\" name=\"wpforms[fields][5]\" >\n\t\t<\/div>\n\t\t<div id=\"wpforms-2333-field_4-container\" class=\"wpforms-field wpforms-field-textarea\" data-field-id=\"4\"><label class=\"wpforms-field-label\" for=\"wpforms-2333-field_4\">Message <span class=\"wpforms-required-label\">*<\/span><\/label><textarea id=\"wpforms-2333-field_4\" class=\"wpforms-field-medium wpforms-field-required\" name=\"wpforms[fields][4]\" required><\/textarea><\/div><script>\n\t\t\t\t( function() {\n\t\t\t\t\tconst style = document.createElement( 'style' );\n\t\t\t\t\tstyle.appendChild( document.createTextNode( '#wpforms-2333-field_5-container { position: absolute !important; overflow: hidden !important; display: inline !important; height: 1px !important; width: 1px !important; z-index: -1000 !important; padding: 0 !important; } #wpforms-2333-field_5-container input { visibility: hidden; } #wpforms-conversational-form-page #wpforms-2333-field_5-container label { counter-increment: none; }' ) );\n\t\t\t\t\tdocument.head.appendChild( style );\n\t\t\t\t\tdocument.currentScript?.remove();\n\t\t\t\t} )();\n\t\t\t<\/script><\/div><!-- .wpforms-field-container --><div class=\"wpforms-submit-container\" ><input type=\"hidden\" name=\"wpforms[id]\" value=\"2333\"><input type=\"hidden\" name=\"page_title\" value=\"\"><input type=\"hidden\" name=\"page_url\" value=\"https:\/\/www.wolframcarbide.com\/fr\/wp-json\/wp\/v2\/product\/2745\"><input type=\"hidden\" name=\"url_referer\" value=\"\"><button type=\"submit\" name=\"wpforms[submit]\" id=\"wpforms-submit-2333\" class=\"wpforms-submit\" data-alt-text=\"Sending\u2026\" data-submit-text=\"Send Inquiry\" aria-live=\"assertive\" value=\"wpforms-submit\">Send Inquiry<\/button><img loading=\"lazy\" decoding=\"async\" src=\"https:\/\/www.wolframcarbide.com\/wp-content\/plugins\/wpforms-lite\/assets\/images\/submit-spin.svg\" class=\"wpforms-submit-spinner\" style=\"display: none;\" width=\"26\" height=\"26\" alt=\"Chargement en cours\" title=\"\"><\/div><\/form><\/div>  <!-- .wpforms-container -->\n","protected":false},"excerpt":{"rendered":"<p>Matrices en carbure de tungst\u00e8ne :<\/p>\n<ol>\n<li>S\u00e9lection des mati\u00e8res premi\u00e8res : La poudre de carbure de wolfram de haute qualit\u00e9 est pr\u00e9f\u00e9rable. Mati\u00e8re vierge 100%.<\/li>\n<li>Four de frittage de PVA import\u00e9 d'Allemagne. Frittage HIP. Ce four permet de maintenir les matrices en carbure de tungst\u00e8ne \u00e0 une densit\u00e9 \u00e9lev\u00e9e, <strong>Haute r\u00e9sistance \u00e0 l'usure<\/strong>et de haute performance.<\/li>\n<li>Des ing\u00e9nieurs professionnels et des \u00e9quipes d'inspection de la qualit\u00e9 assurent l'inspection du processus de production et l'inspection d'acceptation afin de garantir la stabilit\u00e9 de la qualit\u00e9 des produits et d'emp\u00eacher l'exp\u00e9dition de produits non qualifi\u00e9s.<\/li>\n<li><strong>Plus de 40 ans d'exp\u00e9rience dans la fabrication.<\/strong><\/li>\n<li><strong>Les performances et la dur\u00e9e de vie des matrices en carbure de tungst\u00e8ne sont proches de celles des matrices 95-100% de Guhringg, Ceratizitt, Boehleritt et Kennametall.<\/strong><\/li>\n<\/ol>","protected":false},"featured_media":2746,"template":"","meta":{"_uag_custom_page_level_css":"","site-sidebar-layout":"default","site-content-layout":"","ast-site-content-layout":"default","site-content-style":"default","site-sidebar-style":"default","ast-global-header-display":"","ast-banner-title-visibility":"","ast-main-header-display":"","ast-hfb-above-header-display":"","ast-hfb-below-header-display":"","ast-hfb-mobile-header-display":"","site-post-title":"","ast-breadcrumbs-content":"","ast-featured-img":"","footer-sml-layout":"","theme-transparent-header-meta":"default","adv-header-id-meta":"","stick-header-meta":"","header-above-stick-meta":"","header-main-stick-meta":"","header-below-stick-meta":"","astra-migrate-meta-layouts":"set","ast-page-background-enabled":"default","ast-page-background-meta":{"desktop":{"background-color":"var(--ast-global-color-4)","background-image":"","background-repeat":"repeat","background-position":"center center","background-size":"auto","background-attachment":"scroll","background-type":"","background-media":"","overlay-type":"","overlay-color":"","overlay-opacity":"","overlay-gradient":""},"tablet":{"background-color":"","background-image":"","background-repeat":"repeat","background-position":"center center","background-size":"auto","background-attachment":"scroll","background-type":"","background-media":"","overlay-type":"","overlay-color":"","overlay-opacity":"","overlay-gradient":""},"mobile":{"background-color":"","background-image":"","background-repeat":"repeat","background-position":"center center","background-size":"auto","background-attachment":"scroll","background-type":"","background-media":"","overlay-type":"","overlay-color":"","overlay-opacity":"","overlay-gradient":""}},"ast-content-background-meta":{"desktop":{"background-color":"var(--ast-global-color-5)","background-image":"","background-repeat":"repeat","background-position":"center center","background-size":"auto","background-attachment":"scroll","background-type":"","background-media":"","overlay-type":"","overlay-color":"","overlay-opacity":"","overlay-gradient":""},"tablet":{"background-color":"var(--ast-global-color-5)","background-image":"","background-repeat":"repeat","background-position":"center center","background-size":"auto","background-attachment":"scroll","background-type":"","background-media":"","overlay-type":"","overlay-color":"","overlay-opacity":"","overlay-gradient":""},"mobile":{"background-color":"var(--ast-global-color-5)","background-image":"","background-repeat":"repeat","background-position":"center center","background-size":"auto","background-attachment":"scroll","background-type":"","background-media":"","overlay-type":"","overlay-color":"","overlay-opacity":"","overlay-gradient":""}},"_joinchat":[]},"product_brand":[],"product_cat":[23],"product_tag":[],"class_list":{"0":"post-2745","1":"product","2":"type-product","3":"status-publish","4":"has-post-thumbnail","6":"product_cat-nonstandard-tungsten-carbide-wear-resistant-parts","7":"desktop-align-left","8":"tablet-align-left","9":"mobile-align-left","11":"first","12":"instock","13":"shipping-taxable","14":"product-type-simple"},"uagb_featured_image_src":{"full":["https:\/\/www.wolframcarbide.com\/wp-content\/uploads\/2025\/01\/tungsten-carbide-dies-1.jpg",600,600,false],"thumbnail":["https:\/\/www.wolframcarbide.com\/wp-content\/uploads\/2025\/01\/tungsten-carbide-dies-1-150x150.jpg",150,150,true],"medium":["https:\/\/www.wolframcarbide.com\/wp-content\/uploads\/2025\/01\/tungsten-carbide-dies-1-300x300.jpg",300,300,true],"medium_large":["https:\/\/www.wolframcarbide.com\/wp-content\/uploads\/2025\/01\/tungsten-carbide-dies-1.jpg",600,600,false],"large":["https:\/\/www.wolframcarbide.com\/wp-content\/uploads\/2025\/01\/tungsten-carbide-dies-1.jpg",600,600,false],"1536x1536":["https:\/\/www.wolframcarbide.com\/wp-content\/uploads\/2025\/01\/tungsten-carbide-dies-1.jpg",600,600,false],"2048x2048":["https:\/\/www.wolframcarbide.com\/wp-content\/uploads\/2025\/01\/tungsten-carbide-dies-1.jpg",600,600,false],"trp-custom-language-flag":["https:\/\/www.wolframcarbide.com\/wp-content\/uploads\/2025\/01\/tungsten-carbide-dies-1.jpg",12,12,false],"woocommerce_thumbnail":["https:\/\/www.wolframcarbide.com\/wp-content\/uploads\/2025\/01\/tungsten-carbide-dies-1-300x300.jpg",300,300,true],"woocommerce_single":["https:\/\/www.wolframcarbide.com\/wp-content\/uploads\/2025\/01\/tungsten-carbide-dies-1.jpg",600,600,false],"woocommerce_gallery_thumbnail":["https:\/\/www.wolframcarbide.com\/wp-content\/uploads\/2025\/01\/tungsten-carbide-dies-1-100x100.jpg",100,100,true]},"uagb_author_info":{"display_name":"admin","author_link":"https:\/\/www.wolframcarbide.com\/fr\/author\/"},"uagb_comment_info":0,"uagb_excerpt":"Tungsten carbide\u00a0 dies: Raw material selection: High quality wolfram carbide powder is preferred. 100% virgin material. Imported German PVA sintering furnace. HIP sintering. Which can keep tungsten carbide dies in high density, High wear resistance, high-performance. Professional engineers and quality inspection teams ensure product process inspection and acceptance inspection to ensure stable product quality and\u2026","_links":{"self":[{"href":"https:\/\/www.wolframcarbide.com\/fr\/wp-json\/wp\/v2\/product\/2745","targetHints":{"allow":["GET"]}}],"collection":[{"href":"https:\/\/www.wolframcarbide.com\/fr\/wp-json\/wp\/v2\/product"}],"about":[{"href":"https:\/\/www.wolframcarbide.com\/fr\/wp-json\/wp\/v2\/types\/product"}],"wp:featuredmedia":[{"embeddable":true,"href":"https:\/\/www.wolframcarbide.com\/fr\/wp-json\/wp\/v2\/media\/2746"}],"wp:attachment":[{"href":"https:\/\/www.wolframcarbide.com\/fr\/wp-json\/wp\/v2\/media?parent=2745"}],"wp:term":[{"taxonomy":"product_brand","embeddable":true,"href":"https:\/\/www.wolframcarbide.com\/fr\/wp-json\/wp\/v2\/product_brand?post=2745"},{"taxonomy":"product_cat","embeddable":true,"href":"https:\/\/www.wolframcarbide.com\/fr\/wp-json\/wp\/v2\/product_cat?post=2745"},{"taxonomy":"product_tag","embeddable":true,"href":"https:\/\/www.wolframcarbide.com\/fr\/wp-json\/wp\/v2\/product_tag?post=2745"}],"curies":[{"name":"wp","href":"https:\/\/api.w.org\/{rel}","templated":true}]}}