{"id":1324,"date":"2024-11-02T16:28:17","date_gmt":"2024-11-02T08:28:17","guid":{"rendered":"http:\/\/43.134.52.103\/about\/"},"modified":"2025-02-22T12:07:25","modified_gmt":"2025-02-22T04:07:25","slug":"a-propos-de","status":"publish","type":"page","link":"https:\/\/www.wolframcarbide.com\/fr\/about\/","title":{"rendered":"A propos de nous"},"content":{"rendered":"<div class=\"wp-block-uagb-container uagb-block-3ad17e27 alignfull uagb-is-root-container\"><div class=\"uagb-container-inner-blocks-wrap\">\n<div class=\"wp-block-uagb-advanced-heading uagb-block-8a1eebc0\"><h3 class=\"uagb-heading-text\">Les dix plus grands fabricants de produits en carbure en Chine<\/h3><\/div>\n<\/div><\/div>\n\n\n\n<div class=\"wp-block-uagb-container uagb-block-f8ec2bd3 alignfull uagb-is-root-container\"><div class=\"uagb-container-inner-blocks-wrap\">\n<div class=\"wp-block-uagb-advanced-heading uagb-block-e874992d\"><h4 class=\"uagb-heading-text\">Nous sommes une \u00e9quipe hautement collaborative et solidaire, qui se r\u00e9unit sur chaque projet pour s'assurer que nos clients obtiennent le meilleur r\u00e9sultat possible.<\/h4><\/div>\n\n\n\n<div class=\"wp-block-uagb-image aligncenter uagb-block-2d710799 wp-block-uagb-image--layout-default wp-block-uagb-image--effect-static wp-block-uagb-image--align-center\"><figure class=\"wp-block-uagb-image__figure\"><img decoding=\"async\" srcset=\"https:\/\/www.wolframcarbide.com\/wp-content\/uploads\/2021\/11\/contact-hero.jpg ,https:\/\/www.wolframcarbide.com\/wp-content\/uploads\/2021\/11\/contact-hero.jpg 780w, https:\/\/www.wolframcarbide.com\/wp-content\/uploads\/2021\/11\/contact-hero.jpg 360w\" sizes=\"auto, (max-width: 480px) 150px\" src=\"https:\/\/www.wolframcarbide.com\/wp-content\/uploads\/2021\/11\/contact-hero.jpg\" alt=\"\" class=\"uag-image-432\" width=\"1040\" height=\"600\" title=\"contact-h\u00e9ros\" loading=\"lazy\" role=\"img\"><\/figure><\/div>\n\n\n\n<div class=\"wp-block-uagb-container uagb-block-72514f6d\">\n<div class=\"wp-block-uagb-advanced-heading uagb-block-b317ae0b\"><h3 class=\"uagb-heading-text\">Notre mission<\/h3><p class=\"uagb-desc-text\">Construire le meilleur produit qui cr\u00e9e le plus de valeur pour nos clients, utiliser l'entreprise pour inspirer et mettre en \u0153uvre des solutions respectueuses de l'environnement.<\/p><\/div>\n\n\n\n<div class=\"wp-block-uagb-advanced-heading uagb-block-3b00767d\"><h3 class=\"uagb-heading-text\">Nos valeurs<\/h3><p class=\"uagb-desc-text\">Nous nous effor\u00e7ons de nous surpasser pour nos clients, quel que soit le d\u00e9fi \u00e0 relever. Nous nous effor\u00e7ons de fournir le meilleur de nous-m\u00eames chaque jour dans tous nos services.<\/p><\/div>\n<\/div>\n<\/div><\/div>\n\n\n\n<div class=\"wp-block-uagb-container uagb-block-7e43a084 alignfull uagb-is-root-container\"><div class=\"uagb-container-inner-blocks-wrap\">\n<div class=\"wp-block-uagb-container uagb-block-63ba1eac\">\n<p class=\"has-medium-font-size\">L'entreprise a commenc\u00e9 \u00e0 fabriquer des produits en carbure de tungst\u00e8ne en 1972. Elle dispose actuellement de zones de production et de deux ateliers de frittage. L'entreprise dispose de 36 fours de frittage, ainsi que de fours de frittage PVA import\u00e9s d'Allemagne. <\/p>\n\n\n\n<p class=\"has-medium-font-size\">Ces installations de production sophistiqu\u00e9es assurent des performances constantes tout au long du processus de fabrication, garantissant ainsi la production de produits en carbure de wolfram de premi\u00e8re qualit\u00e9.<\/p>\n<\/div>\n\n\n\n<div class=\"wp-block-uagb-container uagb-block-7def36e0\">\n<figure class=\"wp-block-image size-full is-resized\"><img loading=\"lazy\" decoding=\"async\" width=\"800\" height=\"600\" src=\"http:\/\/43.134.52.103\/wp-content\/uploads\/2024\/11\/Sintering-workshop.jpg\" alt=\"\" class=\"wp-image-2346\" style=\"width:566px;height:auto\" title=\"\" srcset=\"https:\/\/www.wolframcarbide.com\/wp-content\/uploads\/2024\/11\/Sintering-workshop.jpg 800w, https:\/\/www.wolframcarbide.com\/wp-content\/uploads\/2024\/11\/Sintering-workshop-300x225.jpg 300w, https:\/\/www.wolframcarbide.com\/wp-content\/uploads\/2024\/11\/Sintering-workshop-768x576.jpg 768w, https:\/\/www.wolframcarbide.com\/wp-content\/uploads\/2024\/11\/Sintering-workshop-600x450.jpg 600w\" sizes=\"auto, (max-width: 800px) 100vw, 800px\" \/><\/figure>\n<\/div>\n<\/div><\/div>\n\n\n\n<div class=\"wp-block-uagb-container uagb-block-54f8d3ed alignfull uagb-is-root-container\"><div class=\"uagb-container-inner-blocks-wrap\">\n<p><\/p>\n\n\n\n<p><\/p>\n<\/div><\/div>\n\n\n\n<div class=\"wp-block-uagb-container uagb-block-b4fbb967 alignfull uagb-is-root-container\"><div class=\"uagb-container-inner-blocks-wrap\">\n<div class=\"wp-block-uagb-container uagb-block-df65a96e\">\n<figure class=\"wp-block-image size-full is-resized\"><img loading=\"lazy\" decoding=\"async\" width=\"800\" height=\"600\" src=\"http:\/\/43.134.52.103\/wp-content\/uploads\/2024\/11\/Pressing-workshop.jpg\" alt=\"\" class=\"wp-image-2347\" style=\"width:572px;height:auto\" title=\"\" srcset=\"https:\/\/www.wolframcarbide.com\/wp-content\/uploads\/2024\/11\/Pressing-workshop.jpg 800w, https:\/\/www.wolframcarbide.com\/wp-content\/uploads\/2024\/11\/Pressing-workshop-300x225.jpg 300w, https:\/\/www.wolframcarbide.com\/wp-content\/uploads\/2024\/11\/Pressing-workshop-768x576.jpg 768w, https:\/\/www.wolframcarbide.com\/wp-content\/uploads\/2024\/11\/Pressing-workshop-600x450.jpg 600w\" sizes=\"auto, (max-width: 800px) 100vw, 800px\" \/><\/figure>\n<\/div>\n\n\n\n<div class=\"wp-block-uagb-container uagb-block-a8f48a4f\">\n<p class=\"has-medium-font-size\">L'entreprise poss\u00e8de un atelier de pressage sans poussi\u00e8re, qui joue un r\u00f4le essentiel dans la gestion du processus de production du carbure c\u00e9ment\u00e9. Cet atelier garantit la puret\u00e9 des mat\u00e9riaux au cours de la phase de pressage, emp\u00eachant les impuret\u00e9s et les substances nuisibles de contaminer le produit, ce qui permet de pr\u00e9server la qualit\u00e9 des produits en carbure de wolfram de haut niveau.<\/p>\n\n\n\n<p class=\"has-medium-font-size\">La capacit\u00e9 de nos \u00e9quipements de pressage va d'un gramme \u00e0 50 kilogrammes.<\/p>\n<\/div>\n<\/div><\/div>\n\n\n\n<div class=\"wp-block-uagb-container uagb-block-803df5dc alignfull uagb-is-root-container\"><div class=\"uagb-container-inner-blocks-wrap\">\n<p><\/p>\n\n\n\n<p><\/p>\n<\/div><\/div>\n\n\n\n<div class=\"wp-block-uagb-container uagb-block-2aed62a6 alignfull uagb-is-root-container\"><div class=\"uagb-container-inner-blocks-wrap\">\n<div class=\"wp-block-uagb-container uagb-block-6699f64f\">\n<p class=\"has-medium-font-size\">L'entreprise poss\u00e8de 192 ensembles d'\u00e9quipements d'usinage, comprenant des meuleuses, des tours, des fraiseuses, des centres d'usinage et des machines \u00e0 d\u00e9couper. <\/p>\n\n\n\n<p class=\"has-medium-font-size\">Il est capable d'atteindre une pr\u00e9cision d'usinage h5 pour les barres en carbure de tungst\u00e8ne, ainsi que de fournir une pr\u00e9cision de rugosit\u00e9 de surface de 0,01 microm\u00e8tre pour d'autres produits d'\u00e9quipement minier et de fournitures d'\u00e9quipement p\u00e9trolier.<\/p>\n<\/div>\n\n\n\n<div class=\"wp-block-uagb-container uagb-block-ecec6dac\">\n<figure class=\"wp-block-image size-full\"><img loading=\"lazy\" decoding=\"async\" width=\"800\" height=\"533\" src=\"http:\/\/43.134.52.103\/wp-content\/uploads\/2024\/11\/Machining-workshop-2.jpg\" alt=\"\" class=\"wp-image-2350\" title=\"\" srcset=\"https:\/\/www.wolframcarbide.com\/wp-content\/uploads\/2024\/11\/Machining-workshop-2.jpg 800w, https:\/\/www.wolframcarbide.com\/wp-content\/uploads\/2024\/11\/Machining-workshop-2-300x200.jpg 300w, https:\/\/www.wolframcarbide.com\/wp-content\/uploads\/2024\/11\/Machining-workshop-2-768x512.jpg 768w, https:\/\/www.wolframcarbide.com\/wp-content\/uploads\/2024\/11\/Machining-workshop-2-600x400.jpg 600w\" sizes=\"auto, (max-width: 800px) 100vw, 800px\" \/><\/figure>\n<\/div>\n<\/div><\/div>\n\n\n\n<div class=\"wp-block-uagb-container uagb-block-8fb328e3 alignfull uagb-is-root-container\"><div class=\"uagb-container-inner-blocks-wrap\">\n<p><\/p>\n\n\n\n<p><\/p>\n<\/div><\/div>\n\n\n\n<div class=\"wp-block-uagb-container uagb-block-e1e2015b alignfull uagb-is-root-container\"><div class=\"uagb-container-inner-blocks-wrap\">\n<p class=\"has-medium-font-size\">Les \u00e9quipements d'essai de notre soci\u00e9t\u00e9 sont les suivants<\/p>\n<\/div><\/div>\n\n\n\n<div class=\"wp-block-uagb-container uagb-block-89c1bab6 alignfull uagb-is-root-container\"><div class=\"uagb-container-inner-blocks-wrap\">\n<p><\/p>\n\n\n\n<p><\/p>\n<\/div><\/div>\n\n\n\n<p><\/p>\n\n\n\n<div class=\"wp-block-uagb-container uagb-block-af92174d alignfull uagb-is-root-container\"><div class=\"uagb-container-inner-blocks-wrap\">\n<div class=\"wp-block-uagb-container uagb-block-a075c8ea\">\n<figure class=\"wp-block-image size-full\"><img loading=\"lazy\" decoding=\"async\" width=\"729\" height=\"533\" src=\"http:\/\/43.134.52.103\/wp-content\/uploads\/2024\/11\/Check-one-1.jpg\" alt=\"\" class=\"wp-image-2361\" title=\"\" srcset=\"https:\/\/www.wolframcarbide.com\/wp-content\/uploads\/2024\/11\/Check-one-1.jpg 729w, https:\/\/www.wolframcarbide.com\/wp-content\/uploads\/2024\/11\/Check-one-1-300x219.jpg 300w, https:\/\/www.wolframcarbide.com\/wp-content\/uploads\/2024\/11\/Check-one-1-600x439.jpg 600w\" sizes=\"auto, (max-width: 729px) 100vw, 729px\" \/><\/figure>\n<\/div>\n\n\n\n<div class=\"wp-block-uagb-container uagb-block-afa96cc2\">\n<figure class=\"wp-block-image size-full\"><img loading=\"lazy\" decoding=\"async\" width=\"800\" height=\"600\" src=\"http:\/\/43.134.52.103\/wp-content\/uploads\/2024\/11\/Checking-6-1.jpg\" alt=\"\" class=\"wp-image-2362\" title=\"\" srcset=\"https:\/\/www.wolframcarbide.com\/wp-content\/uploads\/2024\/11\/Checking-6-1.jpg 800w, https:\/\/www.wolframcarbide.com\/wp-content\/uploads\/2024\/11\/Checking-6-1-300x225.jpg 300w, https:\/\/www.wolframcarbide.com\/wp-content\/uploads\/2024\/11\/Checking-6-1-768x576.jpg 768w, https:\/\/www.wolframcarbide.com\/wp-content\/uploads\/2024\/11\/Checking-6-1-600x450.jpg 600w\" sizes=\"auto, (max-width: 800px) 100vw, 800px\" \/><\/figure>\n<\/div>\n\n\n\n<div class=\"wp-block-uagb-container uagb-block-42aa65d9\">\n<figure class=\"wp-block-image size-full\"><img loading=\"lazy\" decoding=\"async\" width=\"757\" height=\"533\" src=\"http:\/\/43.134.52.103\/wp-content\/uploads\/2024\/11\/Checking-7-1.jpg\" alt=\"\" class=\"wp-image-2363\" title=\"\" srcset=\"https:\/\/www.wolframcarbide.com\/wp-content\/uploads\/2024\/11\/Checking-7-1.jpg 757w, https:\/\/www.wolframcarbide.com\/wp-content\/uploads\/2024\/11\/Checking-7-1-300x211.jpg 300w, https:\/\/www.wolframcarbide.com\/wp-content\/uploads\/2024\/11\/Checking-7-1-600x422.jpg 600w\" sizes=\"auto, (max-width: 757px) 100vw, 757px\" \/><\/figure>\n<\/div>\n\n\n\n<div class=\"wp-block-uagb-container uagb-block-cc39ab16\">\n<figure class=\"wp-block-image size-full\"><img loading=\"lazy\" decoding=\"async\" width=\"706\" height=\"533\" src=\"http:\/\/43.134.52.103\/wp-content\/uploads\/2024\/11\/Checking-2-1.jpg\" alt=\"\" class=\"wp-image-2364\" title=\"\" srcset=\"https:\/\/www.wolframcarbide.com\/wp-content\/uploads\/2024\/11\/Checking-2-1.jpg 706w, https:\/\/www.wolframcarbide.com\/wp-content\/uploads\/2024\/11\/Checking-2-1-300x226.jpg 300w, https:\/\/www.wolframcarbide.com\/wp-content\/uploads\/2024\/11\/Checking-2-1-600x453.jpg 600w\" sizes=\"auto, (max-width: 706px) 100vw, 706px\" \/><\/figure>\n<\/div>\n\n\n\n<div class=\"wp-block-uagb-container uagb-block-e969dcd8\">\n<figure class=\"wp-block-image size-full is-resized\"><img loading=\"lazy\" decoding=\"async\" width=\"800\" height=\"533\" src=\"http:\/\/43.134.52.103\/wp-content\/uploads\/2024\/11\/Checking-5-2.jpg\" alt=\"\" class=\"wp-image-2365\" style=\"width:392px;height:auto\" title=\"\" srcset=\"https:\/\/www.wolframcarbide.com\/wp-content\/uploads\/2024\/11\/Checking-5-2.jpg 800w, https:\/\/www.wolframcarbide.com\/wp-content\/uploads\/2024\/11\/Checking-5-2-300x200.jpg 300w, https:\/\/www.wolframcarbide.com\/wp-content\/uploads\/2024\/11\/Checking-5-2-768x512.jpg 768w, https:\/\/www.wolframcarbide.com\/wp-content\/uploads\/2024\/11\/Checking-5-2-600x400.jpg 600w\" sizes=\"auto, (max-width: 800px) 100vw, 800px\" \/><\/figure>\n<\/div>\n\n\n\n<div class=\"wp-block-uagb-container uagb-block-1a86036e\">\n<figure class=\"wp-block-image size-full is-resized\"><img loading=\"lazy\" decoding=\"async\" width=\"800\" height=\"533\" src=\"http:\/\/43.134.52.103\/wp-content\/uploads\/2024\/11\/Checking-3-1.jpg\" alt=\"\" class=\"wp-image-2366\" style=\"width:395px;height:auto\" title=\"\" srcset=\"https:\/\/www.wolframcarbide.com\/wp-content\/uploads\/2024\/11\/Checking-3-1.jpg 800w, https:\/\/www.wolframcarbide.com\/wp-content\/uploads\/2024\/11\/Checking-3-1-300x200.jpg 300w, https:\/\/www.wolframcarbide.com\/wp-content\/uploads\/2024\/11\/Checking-3-1-768x512.jpg 768w, https:\/\/www.wolframcarbide.com\/wp-content\/uploads\/2024\/11\/Checking-3-1-600x400.jpg 600w\" sizes=\"auto, (max-width: 800px) 100vw, 800px\" \/><\/figure>\n<\/div>\n<\/div><\/div>\n\n\n\n<div class=\"wp-block-uagb-container uagb-block-61e8ac2a alignfull uagb-is-root-container\"><div class=\"uagb-container-inner-blocks-wrap\">\n<div class=\"wp-block-uagb-image aligncenter uagb-block-052b1f4c wp-block-uagb-image--layout-default wp-block-uagb-image--effect-static wp-block-uagb-image--align-center\"><figure class=\"wp-block-uagb-image__figure\"><img decoding=\"async\" srcset=\"https:\/\/www.wolframcarbide.com\/wp-content\/uploads\/2021\/11\/quotes.svg ,https:\/\/www.wolframcarbide.com\/wp-content\/uploads\/2021\/11\/quotes.svg 780w, https:\/\/www.wolframcarbide.com\/wp-content\/uploads\/2021\/11\/quotes.svg 360w\" sizes=\"auto, (max-width: 480px) 150px\" src=\"https:\/\/www.wolframcarbide.com\/wp-content\/uploads\/2021\/11\/quotes.svg\" alt=\"\" class=\"uag-image-117\" width=\"37\" height=\"38\" title=\"citations\" loading=\"lazy\" role=\"img\"><\/figure><\/div>\n\n\n\n<div class=\"wp-block-uagb-info-box uagb-block-54aaf525 uagb-infobox__content-wrap  uagb-infobox-icon-below-title uagb-infobox-image-valign-top\"><div class=\"uagb-ifb-content\"><div class=\"uagb-ifb-title-wrap\"><h4 class=\"uagb-ifb-title\">\"Nous souhaitons la bienvenue aux visiteurs du monde entier.  N'h\u00e9sitez pas \u00e0 nous appeler pour obtenir un devis. Notre \u00e9quipe vous r\u00e9pondra dans les 24 heures. Nous pouvons \u00e9galement vous offrir des \u00e9chantillons gratuits pour que vous puissiez faire des tests.\"<\/h4><\/div><div class=\"uagb-ifb-image-content\"><img decoding=\"async\" src=\"https:\/\/www.wolframcarbide.com\/wp-content\/uploads\/2024\/11\/MD-150x150.jpg\" alt=\"\" width=\"50\" height=\"50\" loading=\"lazy\" title=\"\"><\/div><p class=\"uagb-ifb-desc\">Directeur g\u00e9n\u00e9ral<\/p><\/div><\/div>\n<\/div><\/div>","protected":false},"excerpt":{"rendered":"<p>The top ten largest carbide products manufacturers in China We\u2019re a highly collaborative and supportive team, coming together on every project to ensure our clients get the very best result. Our Mission Build the best product wolfram carbide that creates the most value for our customers, use business to inspire and implement environmentally friendly solutions. [&hellip;]<\/p>\n","protected":false},"author":1,"featured_media":0,"parent":0,"menu_order":0,"comment_status":"closed","ping_status":"closed","template":"","meta":{"_uag_custom_page_level_css":"","site-sidebar-layout":"no-sidebar","site-content-layout":"page-builder","ast-site-content-layout":"full-width-container","site-content-style":"unboxed","site-sidebar-style":"default","ast-global-header-display":"","ast-banner-title-visibility":"","ast-main-header-display":"","ast-hfb-above-header-display":"","ast-hfb-below-header-display":"","ast-hfb-mobile-header-display":"","site-post-title":"disabled","ast-breadcrumbs-content":"","ast-featured-img":"disabled","footer-sml-layout":"","theme-transparent-header-meta":"enabled","adv-header-id-meta":"","stick-header-meta":"","header-above-stick-meta":"","header-main-stick-meta":"","header-below-stick-meta":"","astra-migrate-meta-layouts":"set","ast-page-background-enabled":"default","ast-page-background-meta":{"desktop":{"background-color":"var(--ast-global-color-4)","background-image":"","background-repeat":"repeat","background-position":"center center","background-size":"auto","background-attachment":"scroll","background-type":"","background-media":"","overlay-type":"","overlay-color":"","overlay-opacity":"","overlay-gradient":""},"tablet":{"background-color":"","background-image":"","background-repeat":"repeat","background-position":"center center","background-size":"auto","background-attachment":"scroll","background-type":"","background-media":"","overlay-type":"","overlay-color":"","overlay-opacity":"","overlay-gradient":""},"mobile":{"background-color":"","background-image":"","background-repeat":"repeat","background-position":"center center","background-size":"auto","background-attachment":"scroll","background-type":"","background-media":"","overlay-type":"","overlay-color":"","overlay-opacity":"","overlay-gradient":""}},"ast-content-background-meta":{"desktop":{"background-color":"var(--ast-global-color-5)","background-image":"","background-repeat":"repeat","background-position":"center center","background-size":"auto","background-attachment":"scroll","background-type":"","background-media":"","overlay-type":"","overlay-color":"","overlay-opacity":"","overlay-gradient":""},"tablet":{"background-color":"var(--ast-global-color-5)","background-image":"","background-repeat":"repeat","background-position":"center center","background-size":"auto","background-attachment":"scroll","background-type":"","background-media":"","overlay-type":"","overlay-color":"","overlay-opacity":"","overlay-gradient":""},"mobile":{"background-color":"var(--ast-global-color-5)","background-image":"","background-repeat":"repeat","background-position":"center center","background-size":"auto","background-attachment":"scroll","background-type":"","background-media":"","overlay-type":"","overlay-color":"","overlay-opacity":"","overlay-gradient":""}},"_joinchat":[],"footnotes":""},"class_list":["post-1324","page","type-page","status-publish","hentry"],"uagb_featured_image_src":{"full":false,"thumbnail":false,"medium":false,"medium_large":false,"large":false,"1536x1536":false,"2048x2048":false,"trp-custom-language-flag":false,"woocommerce_thumbnail":false,"woocommerce_single":false,"woocommerce_gallery_thumbnail":false},"uagb_author_info":{"display_name":"admin","author_link":"https:\/\/www.wolframcarbide.com\/fr\/author\/admin\/"},"uagb_comment_info":0,"uagb_excerpt":"The top ten largest carbide products manufacturers in China We\u2019re a highly collaborative and supportive team, coming together on every project to ensure our clients get the very best result. Our Mission Build the best product wolfram carbide that creates the most value for our customers, use business to inspire and implement environmentally friendly solutions.\u2026","_links":{"self":[{"href":"https:\/\/www.wolframcarbide.com\/fr\/wp-json\/wp\/v2\/pages\/1324","targetHints":{"allow":["GET"]}}],"collection":[{"href":"https:\/\/www.wolframcarbide.com\/fr\/wp-json\/wp\/v2\/pages"}],"about":[{"href":"https:\/\/www.wolframcarbide.com\/fr\/wp-json\/wp\/v2\/types\/page"}],"author":[{"embeddable":true,"href":"https:\/\/www.wolframcarbide.com\/fr\/wp-json\/wp\/v2\/users\/1"}],"replies":[{"embeddable":true,"href":"https:\/\/www.wolframcarbide.com\/fr\/wp-json\/wp\/v2\/comments?post=1324"}],"version-history":[{"count":26,"href":"https:\/\/www.wolframcarbide.com\/fr\/wp-json\/wp\/v2\/pages\/1324\/revisions"}],"predecessor-version":[{"id":3325,"href":"https:\/\/www.wolframcarbide.com\/fr\/wp-json\/wp\/v2\/pages\/1324\/revisions\/3325"}],"wp:attachment":[{"href":"https:\/\/www.wolframcarbide.com\/fr\/wp-json\/wp\/v2\/media?parent=1324"}],"curies":[{"name":"wp","href":"https:\/\/api.w.org\/{rel}","templated":true}]}}