{"id":3778,"date":"2026-03-28T17:36:29","date_gmt":"2026-03-28T09:36:29","guid":{"rendered":"https:\/\/www.wolframcarbide.com\/?post_type=product&#038;p=3778"},"modified":"2026-03-29T22:11:20","modified_gmt":"2026-03-29T14:11:20","slug":"piezas-brutas-de-metal-duro-c2","status":"publish","type":"product","link":"https:\/\/www.wolframcarbide.com\/es\/product\/c2-carbide-blanks\/","title":{"rendered":"Fabricante de piezas brutas de carburo C2 de alta calidad"},"content":{"rendered":"<h5><strong>Grades of C2 carbide blanks:<\/strong><\/h5>\n<table style=\"border-collapse: collapse; width: 1394px; height: 1107px;\" border=\"0\" width=\"842\" cellspacing=\"0\" cellpadding=\"0\">\n<tbody>\n<tr style=\"height: 28.50pt;\">\n<td class=\"et1\" style=\"height: 28.5pt; width: 46.5pt; text-align: center;\" width=\"62\" height=\"38\"><strong>Grade<\/strong><\/td>\n<td class=\"et1\" style=\"width: 54pt; text-align: center;\" width=\"72\"><strong>ISO code<\/strong><\/td>\n<td class=\"et1\" style=\"width: 51.75pt; text-align: center;\" width=\"69\"><strong>WC(%)<\/strong><\/td>\n<td class=\"et1\" style=\"width: 49.5pt; text-align: center;\" width=\"66\"><strong>Co(%)<\/strong><\/td>\n<td class=\"et1\" style=\"width: 60.75pt; text-align: center;\" width=\"81\"><strong>Density (g\/cm3)<\/strong><\/td>\n<td class=\"et1\" style=\"width: 54pt; text-align: center;\" width=\"72\"><strong>Hardness(<a href=\"https:\/\/en.wikipedia.org\/wiki\/Rockwell_scale\" rel=\"nofollow noopener\" target=\"_blank\">HRA<\/a>)<\/strong><\/td>\n<td class=\"et1\" style=\"width: 63.75pt; text-align: center;\" width=\"85\"><strong>TRS(Mpa)<\/strong><\/td>\n<td class=\"et1\" style=\"width: 49.5pt; text-align: center;\" width=\"66\"><strong>Ksi<\/strong><\/td>\n<td class=\"et1\" style=\"width: 201.75pt; text-align: center;\" width=\"269\"><strong>Application<\/strong><\/td>\n<\/tr>\n<tr style=\"height: 193.00pt;\">\n<td class=\"et1\" style=\"height: 193pt; width: 46.5pt; text-align: center;\" width=\"62\" height=\"257\">&nbsp;<\/p>\n<p>&nbsp;<\/p>\n<p>&nbsp;<\/p>\n<p>C1<\/td>\n<td class=\"et1\" style=\"width: 54pt; text-align: center;\" width=\"72\">&nbsp;<\/p>\n<p>&nbsp;<\/p>\n<p>&nbsp;<\/p>\n<p>K30-K40<\/td>\n<td class=\"et1\" style=\"width: 51.75pt; text-align: center;\" width=\"69\">&nbsp;<\/p>\n<p>&nbsp;<\/p>\n<p>&nbsp;<\/p>\n<p>90 &#8211; 94<\/td>\n<td class=\"et1\" style=\"width: 49.5pt; text-align: center;\" width=\"66\">&nbsp;<\/p>\n<p>&nbsp;<\/p>\n<p>&nbsp;<\/p>\n<p>6 &#8211; 10<\/td>\n<td class=\"et1\" style=\"width: 60.75pt; text-align: center;\" width=\"81\">&nbsp;<\/p>\n<p>&nbsp;<\/p>\n<p>&nbsp;<\/p>\n<p>14.5 &#8211; 14.8<\/td>\n<td class=\"et1\" style=\"width: 54pt; text-align: center;\" width=\"72\">&nbsp;<\/p>\n<p>&nbsp;<\/p>\n<p>&nbsp;<\/p>\n<p>90 &#8211; 91.5<\/td>\n<td class=\"et1\" style=\"width: 63.75pt; text-align: center;\" width=\"85\">&nbsp;<\/p>\n<p>&nbsp;<\/p>\n<p>&nbsp;<\/p>\n<p>2275\u20133310<\/td>\n<td class=\"et1\" style=\"width: 49.5pt; text-align: center;\" width=\"66\">&nbsp;<\/p>\n<p>&nbsp;<\/p>\n<p>330-480<\/td>\n<td class=\"et1\" style=\"width: 201.75pt;\" width=\"269\">Fine finishing of cast iron<br \/>\nNon-ferrous metals (aluminum, brass)<br \/>\nAbrasive materials (e.g., fiberglass, plastics)<br \/>\nLight cutting conditions with minimal shock.<br \/>\nWire drawing dies (especially for non-ferrous metals)<br \/>\nSeal rings &amp; valve seats (corrosion + wear environments)<br \/>\nSandblasting nozzles<br \/>\nTextile and paper industry wear parts<br \/>\nGlass cutting and forming tools<\/td>\n<\/tr>\n<tr style=\"height: 142.50pt;\">\n<td class=\"et1\" style=\"height: 142.50pt; width: 46.50pt;\" width=\"62\" height=\"190\">&nbsp;<\/p>\n<p>&nbsp;<\/p>\n<p style=\"text-align: center;\">\u00a0C2<\/p>\n<\/td>\n<td class=\"et1\" style=\"width: 54.00pt;\" width=\"72\">&nbsp;<\/p>\n<p>&nbsp;<\/p>\n<p>K20<\/td>\n<td class=\"et1\" style=\"width: 51.75pt;\" width=\"69\">&nbsp;<\/p>\n<p>&nbsp;<\/p>\n<p>94<\/td>\n<td class=\"et1\" style=\"width: 49.50pt;\" width=\"66\">&nbsp;<\/p>\n<p>&nbsp;<\/p>\n<p>6<\/td>\n<td class=\"et1\" style=\"width: 60.75pt;\" width=\"81\">&nbsp;<\/p>\n<p>&nbsp;<\/p>\n<p>14.8 &#8211; 15<\/td>\n<td class=\"et1\" style=\"width: 54.00pt;\" width=\"72\">&nbsp;<\/p>\n<p>&nbsp;<\/p>\n<p>91.5\u201392.5<\/td>\n<td class=\"et1\" style=\"width: 63.75pt;\" width=\"85\">&nbsp;<\/p>\n<p>&nbsp;<\/p>\n<p>2200\u20132760<\/td>\n<td class=\"et1\" style=\"width: 49.50pt;\" width=\"66\">&nbsp;<\/p>\n<p>&nbsp;<\/p>\n<p>320\u2013400<\/td>\n<td class=\"et1\" style=\"width: 201.75pt;\" width=\"269\">General machining of cast iron.<br \/>\nAluminum and copper alloys.<br \/>\nLight interrupted cuts.<br \/>\nMechanical seals in pumps and compressors<br \/>\nBearing components (sleeves, bushings)<br \/>\nExtrusion dies (aluminum, copper alloys)<br \/>\nAgricultural wear parts (soil contact tools)<\/td>\n<\/tr>\n<tr style=\"height: 114.00pt;\">\n<td class=\"et1\" style=\"height: 114.00pt; width: 46.50pt;\" width=\"62\" height=\"152\">&nbsp;<\/p>\n<p>&nbsp;<\/p>\n<p>C3<\/td>\n<td class=\"et1\" style=\"width: 54.00pt;\" width=\"72\">&nbsp;<\/p>\n<p>&nbsp;<\/p>\n<p>K01-K10<\/td>\n<td class=\"et1\" style=\"width: 51.75pt;\" width=\"69\">&nbsp;<\/p>\n<p>&nbsp;<\/p>\n<p>91-94<\/td>\n<td class=\"et1\" style=\"width: 49.50pt;\" width=\"66\">&nbsp;<\/p>\n<p>&nbsp;<\/p>\n<p>6-9<\/td>\n<td class=\"et1\" style=\"width: 60.75pt;\" width=\"81\">&nbsp;<\/p>\n<p>&nbsp;<\/p>\n<p>14.9\u201315.2<\/td>\n<td class=\"et1\" style=\"width: 54.00pt;\" width=\"72\">&nbsp;<\/p>\n<p>&nbsp;<\/p>\n<p>92.5\u201393.5<\/td>\n<td class=\"et1\" style=\"width: 63.75pt;\" width=\"85\">&nbsp;<\/p>\n<p>&nbsp;<\/p>\n<p>1900\u20132585<\/td>\n<td class=\"et1\" style=\"width: 49.50pt;\" width=\"66\">&nbsp;<\/p>\n<p>&nbsp;<\/p>\n<p>275\u2013375<\/td>\n<td class=\"et1\" style=\"width: 201.75pt;\" width=\"269\">Medium-duty cutting of cast iron<br \/>\nSome steel machining (light duty)<br \/>\nMilling operations with moderate shock<br \/>\nMining tools (light-duty inserts, augers)<br \/>\nWoodworking tools (saw tips, planer knives)<br \/>\nCold forming dies<br \/>\nPump components exposed to slurry<\/td>\n<\/tr>\n<tr style=\"height: 171.00pt;\">\n<td class=\"et1\" style=\"height: 171.00pt; width: 46.50pt;\" width=\"62\" height=\"228\">&nbsp;<\/p>\n<p>&nbsp;<\/p>\n<p>&nbsp;<\/p>\n<p>C4<\/td>\n<td class=\"et1\" style=\"width: 54.00pt;\" width=\"72\">&nbsp;<\/p>\n<p>&nbsp;<\/p>\n<p>&nbsp;<\/p>\n<p>K01<\/td>\n<td class=\"et1\" style=\"width: 51.75pt;\" width=\"69\">&nbsp;<\/p>\n<p>&nbsp;<\/p>\n<p>&nbsp;<\/p>\n<p>94-97<\/td>\n<td class=\"et1\" style=\"width: 49.50pt;\" width=\"66\">&nbsp;<\/p>\n<p>&nbsp;<\/p>\n<p>&nbsp;<\/p>\n<p>3-6<\/td>\n<td class=\"et1\" style=\"width: 60.75pt;\" width=\"81\">&nbsp;<\/p>\n<p>&nbsp;<\/p>\n<p>&nbsp;<\/p>\n<p>15.0\u201315.2<\/td>\n<td class=\"et1\" style=\"width: 54.00pt;\" width=\"72\">&nbsp;<\/p>\n<p>&nbsp;<\/p>\n<p>&nbsp;<\/p>\n<p>92.5\u201393.0<\/td>\n<td class=\"et1\" style=\"width: 63.75pt;\" width=\"85\">&nbsp;<\/p>\n<p>&nbsp;<\/p>\n<p>&nbsp;<\/p>\n<p>1900<\/td>\n<td class=\"et1\" style=\"width: 49.50pt;\" width=\"66\">&nbsp;<\/p>\n<p>&nbsp;<\/p>\n<p>&nbsp;<\/p>\n<p>275<\/td>\n<td class=\"et1\" style=\"width: 201.75pt;\" width=\"269\">High toughness<br \/>\nLower wear resistance compared to C1\u2013C3<br \/>\nBetter resistance to chipping<br \/>\nMining &amp; drilling tools (rock drill bits, coal cutters)<br \/>\nOil &amp; gas components (downhole tools, wear sleeves)<br \/>\nConstruction tools (road milling teeth, foundation drilling)<br \/>\nCrusher parts (jaw plates, hammers with carbide inserts)<\/td>\n<\/tr>\n<\/tbody>\n<\/table>\n<h5><strong>Sizes of C2 carbide blanks:<\/strong><\/h5>\n<p><img loading=\"lazy\" decoding=\"async\" class=\"alignnone wp-image-3136\" src=\"https:\/\/www.wolframcarbide.com\/wp-content\/uploads\/2024\/11\/Tungsten-carbide-pllate-sizes.jpg\" alt=\"tungsten carbide plate sizes\" width=\"500\" height=\"137\" title=\"\" srcset=\"https:\/\/www.wolframcarbide.com\/wp-content\/uploads\/2024\/11\/Tungsten-carbide-pllate-sizes.jpg 800w, https:\/\/www.wolframcarbide.com\/wp-content\/uploads\/2024\/11\/Tungsten-carbide-pllate-sizes-300x82.jpg 300w, https:\/\/www.wolframcarbide.com\/wp-content\/uploads\/2024\/11\/Tungsten-carbide-pllate-sizes-768x210.jpg 768w, https:\/\/www.wolframcarbide.com\/wp-content\/uploads\/2024\/11\/Tungsten-carbide-pllate-sizes-18x5.jpg 18w, https:\/\/www.wolframcarbide.com\/wp-content\/uploads\/2024\/11\/Tungsten-carbide-pllate-sizes-600x164.jpg 600w\" sizes=\"auto, (max-width: 500px) 100vw, 500px\" \/><\/p>\n<table style=\"border-collapse: collapse; width: 878px; height: 376px;\" border=\"0\" width=\"575\" cellspacing=\"0\" cellpadding=\"0\">\n<tbody>\n<tr style=\"height: 39.75pt;\">\n<td class=\"et2\" style=\"height: 39.75pt; width: 65.6pt; text-align: center;\" width=\"87\" height=\"53\"><strong>Length<\/strong><br \/>\n<strong>L(mm)<\/strong><\/td>\n<td class=\"et2\" style=\"width: 65.6pt; text-align: center;\" width=\"87\"><strong>Width<\/strong><br \/>\n<strong>W(mm)<\/strong><\/td>\n<td class=\"et2\" style=\"width: 65.6pt; text-align: center;\" width=\"87\"><strong>Thickness<\/strong><br \/>\n<strong>T(mm)<\/strong><\/td>\n<td class=\"et2\" style=\"width: 84.6pt; text-align: center;\" width=\"112\"><strong>Length<\/strong><br \/>\n<strong>Tolerance(mm)<\/strong><\/td>\n<td class=\"et2\" style=\"width: 76.5pt; text-align: center;\" width=\"102\"><strong>Width<\/strong><br \/>\n<strong>Tolerance(mm)<\/strong><\/td>\n<td class=\"et2\" style=\"width: 73.5pt; text-align: center;\" width=\"98\"><strong>Thickness<\/strong><br \/>\n<strong>Tolerance(mm<\/strong>)<\/td>\n<\/tr>\n<tr style=\"height: 33.00pt;\">\n<td class=\"et2\" style=\"height: 33pt; width: 65.6pt; text-align: center;\" width=\"87\" height=\"44\">330<\/td>\n<td class=\"et2\" style=\"width: 65.6pt; text-align: center;\" width=\"87\">2~3<\/td>\n<td class=\"et2\" style=\"width: 65.6pt; text-align: center;\" width=\"87\">1~3<\/td>\n<td class=\"et2\" style=\"width: 84.6pt; text-align: center;\" width=\"112\">+7.0<br \/>\n+3.0<\/td>\n<td class=\"et2\" style=\"width: 76.5pt; text-align: center;\" width=\"102\">+0.4<br \/>\n+0.2<\/td>\n<td class=\"et2\" style=\"width: 73.5pt; text-align: center;\" width=\"98\">+0.35<br \/>\n+0.15<\/td>\n<\/tr>\n<tr style=\"height: 31.00pt;\">\n<td class=\"et2\" style=\"height: 31pt; width: 65.6pt; text-align: center;\" width=\"87\" height=\"41\">330<\/td>\n<td class=\"et2\" style=\"width: 65.6pt; text-align: center;\" width=\"87\">3~8<\/td>\n<td class=\"et2\" style=\"width: 65.6pt; text-align: center;\" width=\"87\">1~3<\/td>\n<td class=\"et2\" style=\"width: 84.6pt; text-align: center;\" width=\"112\">+7.0<br \/>\n+3.0<\/td>\n<td class=\"et2\" style=\"width: 76.5pt; text-align: center;\" width=\"102\">+0.5<br \/>\n+0.3<\/td>\n<td class=\"et2\" style=\"width: 73.5pt; text-align: center;\" width=\"98\">+0.35<br \/>\n+0.15<\/td>\n<\/tr>\n<tr style=\"height: 33.00pt;\">\n<td class=\"et2\" style=\"height: 33pt; width: 65.6pt; text-align: center;\" width=\"87\" height=\"44\">330<\/td>\n<td class=\"et2\" style=\"width: 65.6pt; text-align: center;\" width=\"87\">8~14<\/td>\n<td class=\"et2\" style=\"width: 65.6pt; text-align: center;\" width=\"87\">2~5<\/td>\n<td class=\"et2\" style=\"width: 84.6pt; text-align: center;\" width=\"112\">+7.0<br \/>\n+3.0<\/td>\n<td class=\"et2\" style=\"width: 76.5pt; text-align: center;\" width=\"102\">+0.5<br \/>\n+0.3<\/td>\n<td class=\"et2\" style=\"width: 73.5pt; text-align: center;\" width=\"98\">+0.35<br \/>\n+0.15<\/td>\n<\/tr>\n<tr style=\"height: 31.00pt;\">\n<td class=\"et2\" style=\"height: 31pt; width: 65.6pt; text-align: center;\" width=\"87\" height=\"41\">330<\/td>\n<td class=\"et2\" style=\"width: 65.6pt; text-align: center;\" width=\"87\">14~34<\/td>\n<td class=\"et2\" style=\"width: 65.6pt; text-align: center;\" width=\"87\">2~11<\/td>\n<td class=\"et2\" style=\"width: 84.6pt; text-align: center;\" width=\"112\">+7.0<br \/>\n+3.0<\/td>\n<td class=\"et2\" style=\"width: 76.5pt; text-align: center;\" width=\"102\">+0.6<br \/>\n+0.4<\/td>\n<td class=\"et2\" style=\"width: 73.5pt; text-align: center;\" width=\"98\">+0.5<br \/>\n+0.2<\/td>\n<\/tr>\n<\/tbody>\n<\/table>\n<h5><strong>Custom sizing and shape are also available. Please provide us with your specifications.<\/strong><\/h5>\n<p>&nbsp;<\/p>\n<h5><strong>Details of C2 carbide blanks:<\/strong><\/h5>\n<p><a href=\"https:\/\/www.wolframcarbide.com\/product-category\/tungsten-carbide-strips-and-strips\/\"><img loading=\"lazy\" decoding=\"async\" class=\"alignnone size-full wp-image-3780\" src=\"https:\/\/www.wolframcarbide.com\/wp-content\/uploads\/2026\/03\/C2-carbide-blanks-3.jpg\" alt=\"C2 carbide blanks\" width=\"800\" height=\"533\" title=\"\" srcset=\"https:\/\/www.wolframcarbide.com\/wp-content\/uploads\/2026\/03\/C2-carbide-blanks-3.jpg 800w, https:\/\/www.wolframcarbide.com\/wp-content\/uploads\/2026\/03\/C2-carbide-blanks-3-300x200.jpg 300w, https:\/\/www.wolframcarbide.com\/wp-content\/uploads\/2026\/03\/C2-carbide-blanks-3-768x512.jpg 768w, https:\/\/www.wolframcarbide.com\/wp-content\/uploads\/2026\/03\/C2-carbide-blanks-3-18x12.jpg 18w, https:\/\/www.wolframcarbide.com\/wp-content\/uploads\/2026\/03\/C2-carbide-blanks-3-600x400.jpg 600w\" sizes=\"auto, (max-width: 800px) 100vw, 800px\" \/><\/a><\/p>\n<p><img loading=\"lazy\" decoding=\"async\" class=\"alignnone size-full wp-image-3781\" src=\"https:\/\/www.wolframcarbide.com\/wp-content\/uploads\/2026\/03\/C2-Carbide-blanks-7.jpg\" alt=\"C2 carbide blanks manufacturer\" width=\"800\" height=\"533\" title=\"\" srcset=\"https:\/\/www.wolframcarbide.com\/wp-content\/uploads\/2026\/03\/C2-Carbide-blanks-7.jpg 800w, https:\/\/www.wolframcarbide.com\/wp-content\/uploads\/2026\/03\/C2-Carbide-blanks-7-300x200.jpg 300w, https:\/\/www.wolframcarbide.com\/wp-content\/uploads\/2026\/03\/C2-Carbide-blanks-7-768x512.jpg 768w, https:\/\/www.wolframcarbide.com\/wp-content\/uploads\/2026\/03\/C2-Carbide-blanks-7-18x12.jpg 18w, https:\/\/www.wolframcarbide.com\/wp-content\/uploads\/2026\/03\/C2-Carbide-blanks-7-600x400.jpg 600w\" sizes=\"auto, (max-width: 800px) 100vw, 800px\" \/><\/p>\n<p><img loading=\"lazy\" decoding=\"async\" class=\"alignnone size-full wp-image-3785\" src=\"https:\/\/www.wolframcarbide.com\/wp-content\/uploads\/2026\/03\/C2-carbide-blanks-9_.jpg\" alt=\"C2 carbide blanks supplier\" width=\"800\" height=\"533\" title=\"\" srcset=\"https:\/\/www.wolframcarbide.com\/wp-content\/uploads\/2026\/03\/C2-carbide-blanks-9_.jpg 800w, https:\/\/www.wolframcarbide.com\/wp-content\/uploads\/2026\/03\/C2-carbide-blanks-9_-300x200.jpg 300w, https:\/\/www.wolframcarbide.com\/wp-content\/uploads\/2026\/03\/C2-carbide-blanks-9_-768x512.jpg 768w, https:\/\/www.wolframcarbide.com\/wp-content\/uploads\/2026\/03\/C2-carbide-blanks-9_-18x12.jpg 18w, https:\/\/www.wolframcarbide.com\/wp-content\/uploads\/2026\/03\/C2-carbide-blanks-9_-600x400.jpg 600w\" sizes=\"auto, (max-width: 800px) 100vw, 800px\" \/><\/p>\n<p>&nbsp;<\/p>\n<p><strong>Please send us inquiries for quotations and free samples for testing:<\/strong><\/p>\n<div class=\"wpforms-container \" id=\"wpforms-2333\"><form id=\"wpforms-form-2333\" class=\"wpforms-validate wpforms-form wpforms-ajax-form\" data-formid=\"2333\" method=\"post\" enctype=\"multipart\/form-data\" action=\"\/es\/wp-json\/wp\/v2\/product\/3778\" data-token=\"97f967a3809cf695f93d163dcb0a7d5a\" data-token-time=\"1778798743\"><noscript class=\"wpforms-error-noscript\">Por favor, activa JavaScript en tu navegador para completar este formulario.<\/noscript><div class=\"wpforms-field-container\"><div id=\"wpforms-2333-field_1-container\" class=\"wpforms-field wpforms-field-name\" data-field-id=\"1\"><label class=\"wpforms-field-label\" for=\"wpforms-2333-field_1\">Name <span class=\"wpforms-required-label\">*<\/span><\/label><input type=\"text\" id=\"wpforms-2333-field_1\" class=\"wpforms-field-medium wpforms-field-required\" name=\"wpforms[fields][1]\" required><\/div>\t\t<div id=\"wpforms-2333-field_5-container\"\n\t\t\tclass=\"wpforms-field wpforms-field-text\"\n\t\t\tdata-field-type=\"text\"\n\t\t\tdata-field-id=\"5\"\n\t\t\t>\n\t\t\t<label class=\"wpforms-field-label\" for=\"wpforms-2333-field_5\" >Company Email Message<\/label>\n\t\t\t<input type=\"text\" id=\"wpforms-2333-field_5\" class=\"wpforms-field-medium\" name=\"wpforms[fields][5]\" >\n\t\t<\/div>\n\t\t<div id=\"wpforms-2333-field_2-container\" class=\"wpforms-field wpforms-field-text\" data-field-id=\"2\"><label class=\"wpforms-field-label\" for=\"wpforms-2333-field_2\">Company Name<\/label><input type=\"text\" id=\"wpforms-2333-field_2\" class=\"wpforms-field-medium\" name=\"wpforms[fields][2]\" ><\/div><div id=\"wpforms-2333-field_3-container\" class=\"wpforms-field wpforms-field-email\" data-field-id=\"3\"><label class=\"wpforms-field-label\" for=\"wpforms-2333-field_3\">Email <span class=\"wpforms-required-label\">*<\/span><\/label><input type=\"email\" id=\"wpforms-2333-field_3\" class=\"wpforms-field-medium wpforms-field-required\" name=\"wpforms[fields][3]\" spellcheck=\"false\" required><\/div><div id=\"wpforms-2333-field_4-container\" class=\"wpforms-field wpforms-field-textarea\" data-field-id=\"4\"><label class=\"wpforms-field-label\" for=\"wpforms-2333-field_4\">Message <span class=\"wpforms-required-label\">*<\/span><\/label><textarea id=\"wpforms-2333-field_4\" class=\"wpforms-field-medium wpforms-field-required\" name=\"wpforms[fields][4]\" required><\/textarea><\/div><script>\n\t\t\t\t( function() {\n\t\t\t\t\tconst style = document.createElement( 'style' );\n\t\t\t\t\tstyle.appendChild( document.createTextNode( '#wpforms-2333-field_5-container { position: absolute !important; overflow: hidden !important; display: inline !important; height: 1px !important; width: 1px !important; z-index: -1000 !important; padding: 0 !important; } #wpforms-2333-field_5-container input { visibility: hidden; } #wpforms-conversational-form-page #wpforms-2333-field_5-container label { counter-increment: none; }' ) );\n\t\t\t\t\tdocument.head.appendChild( style );\n\t\t\t\t\tdocument.currentScript?.remove();\n\t\t\t\t} )();\n\t\t\t<\/script><\/div><!-- .wpforms-field-container --><div class=\"wpforms-submit-container\" ><input type=\"hidden\" name=\"wpforms[id]\" value=\"2333\"><input type=\"hidden\" name=\"page_title\" value=\"\"><input type=\"hidden\" name=\"page_url\" value=\"https:\/\/www.wolframcarbide.com\/es\/wp-json\/wp\/v2\/product\/3778\"><input type=\"hidden\" name=\"url_referer\" value=\"\"><button type=\"submit\" name=\"wpforms[submit]\" id=\"wpforms-submit-2333\" class=\"wpforms-submit\" data-alt-text=\"Sending\u2026\" data-submit-text=\"Send Inquiry\" aria-live=\"assertive\" value=\"wpforms-submit\">Send Inquiry<\/button><img loading=\"lazy\" decoding=\"async\" src=\"https:\/\/www.wolframcarbide.com\/wp-content\/plugins\/wpforms-lite\/assets\/images\/submit-spin.svg\" class=\"wpforms-submit-spinner\" style=\"display: none;\" width=\"26\" height=\"26\" alt=\"Cargando\" title=\"\"><\/div><\/form><\/div>  <!-- .wpforms-container -->\n","protected":false},"excerpt":{"rendered":"<ol>\n<li>Selecci\u00f3n de la materia prima: Se prefiere el polvo de carburo de tungsteno de alta calidad. Material virgen 100%.<\/li>\n<li>Horno de sinterizaci\u00f3n de PVA importado de Alemania. Sinterizaci\u00f3n HIP. <strong>que mantiene una alta densidad, una elevada resistencia al desgaste y una excelente tenacidad en las piezas planas de metal duro, lo que garantiza una vida \u00fatil m\u00e1s larga y un rendimiento fiable.<\/strong><\/li>\n<li>Ingenieros profesionales y equipos de inspecci\u00f3n de calidad garantizan la inspecci\u00f3n del proceso del producto y la inspecci\u00f3n de aceptaci\u00f3n para asegurar la calidad estable del producto y evitar que se env\u00eden productos no cualificados.<\/li>\n<li><strong>Las piezas en bruto de metal duro C2 son adecuadas para la fabricaci\u00f3n de: Herramientas para trabajar el metal, herramientas para trabajar la madera, troqueles de estampaci\u00f3n, piezas de maquinaria textil, piezas de desgaste de trituradoras, componentes de m\u00e1quinas enrolladoras de muelles, cuchillas de limpiadoras de correas, etc.<\/strong><\/li>\n<li><strong>M\u00e1s de 40 a\u00f1os de experiencia en fabricaci\u00f3n.<\/strong><\/li>\n<li><strong>El rendimiento y la vida \u00fatil de las piezas en bruto de carburo C2 se aproximan a los 90-97% de Guhringg,Ceratizitt, Boehleritt y Kennametall.<\/strong><\/li>\n<\/ol>","protected":false},"featured_media":3779,"template":"","meta":{"_uag_custom_page_level_css":"","site-sidebar-layout":"default","site-content-layout":"","ast-site-content-layout":"default","site-content-style":"default","site-sidebar-style":"default","ast-global-header-display":"","ast-banner-title-visibility":"","ast-main-header-display":"","ast-hfb-above-header-display":"","ast-hfb-below-header-display":"","ast-hfb-mobile-header-display":"","site-post-title":"","ast-breadcrumbs-content":"","ast-featured-img":"","footer-sml-layout":"","theme-transparent-header-meta":"default","adv-header-id-meta":"","stick-header-meta":"","header-above-stick-meta":"","header-main-stick-meta":"","header-below-stick-meta":"","astra-migrate-meta-layouts":"set","ast-page-background-enabled":"default","ast-page-background-meta":{"desktop":{"background-color":"var(--ast-global-color-4)","background-image":"","background-repeat":"repeat","background-position":"center center","background-size":"auto","background-attachment":"scroll","background-type":"","background-media":"","overlay-type":"","overlay-color":"","overlay-opacity":"","overlay-gradient":""},"tablet":{"background-color":"","background-image":"","background-repeat":"repeat","background-position":"center center","background-size":"auto","background-attachment":"scroll","background-type":"","background-media":"","overlay-type":"","overlay-color":"","overlay-opacity":"","overlay-gradient":""},"mobile":{"background-color":"","background-image":"","background-repeat":"repeat","background-position":"center center","background-size":"auto","background-attachment":"scroll","background-type":"","background-media":"","overlay-type":"","overlay-color":"","overlay-opacity":"","overlay-gradient":""}},"ast-content-background-meta":{"desktop":{"background-color":"var(--ast-global-color-5)","background-image":"","background-repeat":"repeat","background-position":"center center","background-size":"auto","background-attachment":"scroll","background-type":"","background-media":"","overlay-type":"","overlay-color":"","overlay-opacity":"","overlay-gradient":""},"tablet":{"background-color":"var(--ast-global-color-5)","background-image":"","background-repeat":"repeat","background-position":"center center","background-size":"auto","background-attachment":"scroll","background-type":"","background-media":"","overlay-type":"","overlay-color":"","overlay-opacity":"","overlay-gradient":""},"mobile":{"background-color":"var(--ast-global-color-5)","background-image":"","background-repeat":"repeat","background-position":"center center","background-size":"auto","background-attachment":"scroll","background-type":"","background-media":"","overlay-type":"","overlay-color":"","overlay-opacity":"","overlay-gradient":""}},"_joinchat":[]},"product_brand":[],"product_cat":[20],"product_tag":[],"class_list":{"0":"post-3778","1":"product","2":"type-product","3":"status-publish","4":"has-post-thumbnail","6":"product_cat-tungsten-carbide-strips-and-strips","7":"desktop-align-left","8":"tablet-align-left","9":"mobile-align-left","11":"first","12":"instock","13":"shipping-taxable","14":"product-type-simple"},"uagb_featured_image_src":{"full":["https:\/\/www.wolframcarbide.com\/wp-content\/uploads\/2026\/03\/C2-carbide-blanks.jpg",600,600,false],"thumbnail":["https:\/\/www.wolframcarbide.com\/wp-content\/uploads\/2026\/03\/C2-carbide-blanks-150x150.jpg",150,150,true],"medium":["https:\/\/www.wolframcarbide.com\/wp-content\/uploads\/2026\/03\/C2-carbide-blanks-300x300.jpg",300,300,true],"medium_large":["https:\/\/www.wolframcarbide.com\/wp-content\/uploads\/2026\/03\/C2-carbide-blanks.jpg",600,600,false],"large":["https:\/\/www.wolframcarbide.com\/wp-content\/uploads\/2026\/03\/C2-carbide-blanks.jpg",600,600,false],"1536x1536":["https:\/\/www.wolframcarbide.com\/wp-content\/uploads\/2026\/03\/C2-carbide-blanks.jpg",600,600,false],"2048x2048":["https:\/\/www.wolframcarbide.com\/wp-content\/uploads\/2026\/03\/C2-carbide-blanks.jpg",600,600,false],"trp-custom-language-flag":["https:\/\/www.wolframcarbide.com\/wp-content\/uploads\/2026\/03\/C2-carbide-blanks-12x12.jpg",12,12,true],"woocommerce_thumbnail":["https:\/\/www.wolframcarbide.com\/wp-content\/uploads\/2026\/03\/C2-carbide-blanks-300x300.jpg",300,300,true],"woocommerce_single":["https:\/\/www.wolframcarbide.com\/wp-content\/uploads\/2026\/03\/C2-carbide-blanks.jpg",600,600,false],"woocommerce_gallery_thumbnail":["https:\/\/www.wolframcarbide.com\/wp-content\/uploads\/2026\/03\/C2-carbide-blanks-100x100.jpg",100,100,true]},"uagb_author_info":{"display_name":"admin","author_link":"https:\/\/www.wolframcarbide.com\/es\/author\/"},"uagb_comment_info":0,"uagb_excerpt":"Raw material selection: High quality tungsten carbide powder is preferred. 100% virgin material. Imported German PVA sintering furnace. HIP sintering. which maintains high density, high wear resistance, and excellent toughness in carbide flat blanks, ensuring longer service life and reliable performance. Professional engineers and quality inspection teams ensure product process inspection and acceptance inspection to&hellip;","_links":{"self":[{"href":"https:\/\/www.wolframcarbide.com\/es\/wp-json\/wp\/v2\/product\/3778","targetHints":{"allow":["GET"]}}],"collection":[{"href":"https:\/\/www.wolframcarbide.com\/es\/wp-json\/wp\/v2\/product"}],"about":[{"href":"https:\/\/www.wolframcarbide.com\/es\/wp-json\/wp\/v2\/types\/product"}],"wp:featuredmedia":[{"embeddable":true,"href":"https:\/\/www.wolframcarbide.com\/es\/wp-json\/wp\/v2\/media\/3779"}],"wp:attachment":[{"href":"https:\/\/www.wolframcarbide.com\/es\/wp-json\/wp\/v2\/media?parent=3778"}],"wp:term":[{"taxonomy":"product_brand","embeddable":true,"href":"https:\/\/www.wolframcarbide.com\/es\/wp-json\/wp\/v2\/product_brand?post=3778"},{"taxonomy":"product_cat","embeddable":true,"href":"https:\/\/www.wolframcarbide.com\/es\/wp-json\/wp\/v2\/product_cat?post=3778"},{"taxonomy":"product_tag","embeddable":true,"href":"https:\/\/www.wolframcarbide.com\/es\/wp-json\/wp\/v2\/product_tag?post=3778"}],"curies":[{"name":"wp","href":"https:\/\/api.w.org\/{rel}","templated":true}]}}