{"id":3629,"date":"2025-12-20T14:19:08","date_gmt":"2025-12-20T06:19:08","guid":{"rendered":"https:\/\/www.wolframcarbide.com\/?post_type=product&#038;p=3629"},"modified":"2026-02-22T21:15:41","modified_gmt":"2026-02-22T13:15:41","slug":"tnmg-160404-plaquitas-de-metal-duro","status":"publish","type":"product","link":"https:\/\/www.wolframcarbide.com\/es\/product\/tnmg-160404-carbide-inserts\/","title":{"rendered":"Fabricante de plaquitas de metal duro de alto rendimiento TNMG 160404"},"content":{"rendered":"<h5><strong>TNMG carbide inserts model; featuring the TNMG160404<\/strong><\/h5>\n<p><img loading=\"lazy\" decoding=\"async\" class=\"alignnone wp-image-3631\" src=\"https:\/\/www.wolframcarbide.com\/wp-content\/uploads\/2025\/12\/TNMG160404-1.jpg\" alt=\"TNMG insert model\" width=\"265\" height=\"172\" title=\"\" srcset=\"https:\/\/www.wolframcarbide.com\/wp-content\/uploads\/2025\/12\/TNMG160404-1.jpg 393w, https:\/\/www.wolframcarbide.com\/wp-content\/uploads\/2025\/12\/TNMG160404-1-300x195.jpg 300w, https:\/\/www.wolframcarbide.com\/wp-content\/uploads\/2025\/12\/TNMG160404-1-18x12.jpg 18w\" sizes=\"auto, (max-width: 265px) 100vw, 265px\" \/><\/p>\n<p><img loading=\"lazy\" decoding=\"async\" class=\"alignnone size-full wp-image-3632\" src=\"https:\/\/www.wolframcarbide.com\/wp-content\/uploads\/2025\/12\/TNMG160404-2_-.jpg\" alt=\"TNMG insert model\" width=\"600\" height=\"534\" title=\"\" srcset=\"https:\/\/www.wolframcarbide.com\/wp-content\/uploads\/2025\/12\/TNMG160404-2_-.jpg 600w, https:\/\/www.wolframcarbide.com\/wp-content\/uploads\/2025\/12\/TNMG160404-2_--300x267.jpg 300w, https:\/\/www.wolframcarbide.com\/wp-content\/uploads\/2025\/12\/TNMG160404-2_--13x12.jpg 13w\" sizes=\"auto, (max-width: 600px) 100vw, 600px\" \/><\/p>\n<h5><\/h5>\n<h5><strong>TNMG 160404 carbide insert details:<\/strong><\/h5>\n<p><img loading=\"lazy\" decoding=\"async\" class=\"alignnone size-full wp-image-3633\" src=\"https:\/\/www.wolframcarbide.com\/wp-content\/uploads\/2025\/12\/TNMG160404-3.jpg\" alt=\"TNMG160404\" width=\"800\" height=\"533\" title=\"\" srcset=\"https:\/\/www.wolframcarbide.com\/wp-content\/uploads\/2025\/12\/TNMG160404-3.jpg 800w, https:\/\/www.wolframcarbide.com\/wp-content\/uploads\/2025\/12\/TNMG160404-3-300x200.jpg 300w, https:\/\/www.wolframcarbide.com\/wp-content\/uploads\/2025\/12\/TNMG160404-3-768x512.jpg 768w, https:\/\/www.wolframcarbide.com\/wp-content\/uploads\/2025\/12\/TNMG160404-3-18x12.jpg 18w, https:\/\/www.wolframcarbide.com\/wp-content\/uploads\/2025\/12\/TNMG160404-3-600x400.jpg 600w\" sizes=\"auto, (max-width: 800px) 100vw, 800px\" \/><\/p>\n<p><a href=\"https:\/\/www.wolframcarbide.com\/product-category\/carbide-inserts-for-cnc-machine\/\"><img loading=\"lazy\" decoding=\"async\" class=\"alignnone size-full wp-image-3634\" src=\"https:\/\/www.wolframcarbide.com\/wp-content\/uploads\/2025\/12\/TNMG160404-5.jpg\" alt=\"tnmg 1604 insert\" width=\"800\" height=\"533\" title=\"\" srcset=\"https:\/\/www.wolframcarbide.com\/wp-content\/uploads\/2025\/12\/TNMG160404-5.jpg 800w, https:\/\/www.wolframcarbide.com\/wp-content\/uploads\/2025\/12\/TNMG160404-5-300x200.jpg 300w, https:\/\/www.wolframcarbide.com\/wp-content\/uploads\/2025\/12\/TNMG160404-5-768x512.jpg 768w, https:\/\/www.wolframcarbide.com\/wp-content\/uploads\/2025\/12\/TNMG160404-5-18x12.jpg 18w, https:\/\/www.wolframcarbide.com\/wp-content\/uploads\/2025\/12\/TNMG160404-5-600x400.jpg 600w\" sizes=\"auto, (max-width: 800px) 100vw, 800px\" \/><\/a><\/p>\n<p>&nbsp;<\/p>\n<h5><strong>TNMG 160404 packing:<\/strong><\/h5>\n<p><img loading=\"lazy\" decoding=\"async\" class=\"alignnone size-full wp-image-3635\" src=\"https:\/\/www.wolframcarbide.com\/wp-content\/uploads\/2025\/12\/TNMG160404-7.jpg\" alt=\"tnmg carbide inserts\" width=\"800\" height=\"533\" title=\"\" srcset=\"https:\/\/www.wolframcarbide.com\/wp-content\/uploads\/2025\/12\/TNMG160404-7.jpg 800w, https:\/\/www.wolframcarbide.com\/wp-content\/uploads\/2025\/12\/TNMG160404-7-300x200.jpg 300w, https:\/\/www.wolframcarbide.com\/wp-content\/uploads\/2025\/12\/TNMG160404-7-768x512.jpg 768w, https:\/\/www.wolframcarbide.com\/wp-content\/uploads\/2025\/12\/TNMG160404-7-18x12.jpg 18w, https:\/\/www.wolframcarbide.com\/wp-content\/uploads\/2025\/12\/TNMG160404-7-600x400.jpg 600w\" sizes=\"auto, (max-width: 800px) 100vw, 800px\" \/><\/p>\n<h5><strong>Support customized packaging.<\/strong><\/h5>\n<p>&nbsp;<\/p>\n<h5><strong>Recommended common grades for different processing metal materials:<\/strong><\/h5>\n<p>1.For machining ordinary carbon steel and alloy steel:<\/p>\n<p>Preferred choice: CVD coated inserts (such as Al\u2082O\u2083-based coatings), grades often start with M (yellow label) or P (blue label).<\/p>\n<p>When high toughness is required, PVD coated TiAlN grades can be selected.<\/p>\n<p>2. Processing of stainless steel and austenitic steel:<\/p>\n<p><span class=\"jCAhz ChMk0b\"><span class=\"ryNqvb\">Preferred choice: PVD-coated inserts, especially those with TiAlN or AlTiN coatings.<\/span><\/span> <span class=\"jCAhz ChMk0b\"><span class=\"ryNqvb\">These reduce built-up edge formation and maintain a sharp cutting edge.<\/span><\/span> <span class=\"jCAhz\"><span class=\"ryNqvb\">The grade designation often starts with S (green label).<\/span><\/span><\/p>\n<p>3. Machining cast iron:<\/p>\n<p>Preferred choice: CVD thick coatings (such as TiCN-Al\u2082O\u2083), which offer good wear resistance and compressive strength. The grade designation usually starts with K (red label).<\/p>\n<p>4. High-speed machining, high-hardness materials (<a href=\"https:\/\/en.wikipedia.org\/wiki\/Hardened_steel\" rel=\"nofollow noopener\" target=\"_blank\">hardened steel<\/a>):<\/p>\n<p>A heat-resistant coating (such as a CVD Al\u2082O\u2083+TiCN composite coating) must be used.<\/p>\n<p>&nbsp;<\/p>\n<p><strong>Please send us inquiries for quotations and free samples for testing:<\/strong><\/p>\n<p>&nbsp;<\/p>\n<div class=\"wpforms-container \" id=\"wpforms-2333\"><form id=\"wpforms-form-2333\" class=\"wpforms-validate wpforms-form wpforms-ajax-form\" data-formid=\"2333\" method=\"post\" enctype=\"multipart\/form-data\" action=\"\/es\/wp-json\/wp\/v2\/product\/3629\" data-token=\"68bcc6b42d8fbc713eb31141761e7991\" data-token-time=\"1775733569\"><noscript class=\"wpforms-error-noscript\">Por favor, activa JavaScript en tu navegador para completar este formulario.<\/noscript><div class=\"wpforms-field-container\"><div id=\"wpforms-2333-field_1-container\" class=\"wpforms-field wpforms-field-name\" data-field-id=\"1\"><label class=\"wpforms-field-label\" for=\"wpforms-2333-field_1\">Name <span class=\"wpforms-required-label\">*<\/span><\/label><input type=\"text\" id=\"wpforms-2333-field_1\" class=\"wpforms-field-medium wpforms-field-required\" name=\"wpforms[fields][1]\" required><\/div><div id=\"wpforms-2333-field_2-container\" class=\"wpforms-field wpforms-field-text\" data-field-id=\"2\"><label class=\"wpforms-field-label\" for=\"wpforms-2333-field_2\">Company Name<\/label><input type=\"text\" id=\"wpforms-2333-field_2\" class=\"wpforms-field-medium\" name=\"wpforms[fields][2]\" ><\/div>\t\t<div id=\"wpforms-2333-field_5-container\"\n\t\t\tclass=\"wpforms-field wpforms-field-text\"\n\t\t\tdata-field-type=\"text\"\n\t\t\tdata-field-id=\"5\"\n\t\t\t>\n\t\t\t<label class=\"wpforms-field-label\" for=\"wpforms-2333-field_5\" >Name Message Name<\/label>\n\t\t\t<input type=\"text\" id=\"wpforms-2333-field_5\" class=\"wpforms-field-medium\" name=\"wpforms[fields][5]\" >\n\t\t<\/div>\n\t\t<div id=\"wpforms-2333-field_3-container\" class=\"wpforms-field wpforms-field-email\" data-field-id=\"3\"><label class=\"wpforms-field-label\" for=\"wpforms-2333-field_3\">Email <span class=\"wpforms-required-label\">*<\/span><\/label><input type=\"email\" id=\"wpforms-2333-field_3\" class=\"wpforms-field-medium wpforms-field-required\" name=\"wpforms[fields][3]\" spellcheck=\"false\" required><\/div><div id=\"wpforms-2333-field_4-container\" class=\"wpforms-field wpforms-field-textarea\" data-field-id=\"4\"><label class=\"wpforms-field-label\" for=\"wpforms-2333-field_4\">Message <span class=\"wpforms-required-label\">*<\/span><\/label><textarea id=\"wpforms-2333-field_4\" class=\"wpforms-field-medium wpforms-field-required\" name=\"wpforms[fields][4]\" required><\/textarea><\/div><script>\n\t\t\t\t( function() {\n\t\t\t\t\tconst style = document.createElement( 'style' );\n\t\t\t\t\tstyle.appendChild( document.createTextNode( '#wpforms-2333-field_5-container { position: absolute !important; overflow: hidden !important; display: inline !important; height: 1px !important; width: 1px !important; z-index: -1000 !important; padding: 0 !important; } #wpforms-2333-field_5-container input { visibility: hidden; } #wpforms-conversational-form-page #wpforms-2333-field_5-container label { counter-increment: none; }' ) );\n\t\t\t\t\tdocument.head.appendChild( style );\n\t\t\t\t\tdocument.currentScript?.remove();\n\t\t\t\t} )();\n\t\t\t<\/script><\/div><!-- .wpforms-field-container --><div class=\"wpforms-submit-container\" ><input type=\"hidden\" name=\"wpforms[id]\" value=\"2333\"><input type=\"hidden\" name=\"page_title\" value=\"\"><input type=\"hidden\" name=\"page_url\" value=\"https:\/\/www.wolframcarbide.com\/es\/wp-json\/wp\/v2\/product\/3629\"><input type=\"hidden\" name=\"url_referer\" value=\"\"><button type=\"submit\" name=\"wpforms[submit]\" id=\"wpforms-submit-2333\" class=\"wpforms-submit\" data-alt-text=\"Sending\u2026\" data-submit-text=\"Send Inquiry\" aria-live=\"assertive\" value=\"wpforms-submit\">Send Inquiry<\/button><img loading=\"lazy\" decoding=\"async\" src=\"https:\/\/www.wolframcarbide.com\/wp-content\/plugins\/wpforms-lite\/assets\/images\/submit-spin.svg\" class=\"wpforms-submit-spinner\" style=\"display: none;\" width=\"26\" height=\"26\" alt=\"Cargando\" title=\"\"><\/div><\/form><\/div>  <!-- .wpforms-container -->\n<p>&nbsp;<\/p>\n","protected":false},"excerpt":{"rendered":"<p>Plaquitas de metal duro TNMG\uff1a<\/p>\n<ol>\n<li>Selecci\u00f3n de la materia prima: Se prefiere el polvo de carburo de tungsteno de alta calidad. Material virgen 100%.<\/li>\n<li>Horno de sinterizaci\u00f3n de PVA importado de Alemania. Sinterizaci\u00f3n HIP. Que puede mantener insertos de carburo wnmg en alta densidad, alta dureza, <strong>Gran resistencia al desgaste<\/strong>Alta precisi\u00f3n y alta estabilidad, alto rendimiento.<\/li>\n<li>Recubrimiento CVD, recubrimiento PVD y recubrimiento con contenido de silicio de desarrollo propio, que pueden mejorar significativamente la resistencia al desgaste de las plaquitas de metal duro y prolongar su vida \u00fatil.<\/li>\n<li>Excelente resistencia al desgaste y rendimiento de corte.<\/li>\n<li><strong>Alta eficiencia y larga vida \u00fatil.<\/strong><\/li>\n<li>Centrarse en la investigaci\u00f3n y el desarrollo de herramientas, mejorar continuamente la calidad de las herramientas de corte y el dise\u00f1o de herramientas no est\u00e1ndar.<\/li>\n<li>Ingenieros profesionales y equipos de inspecci\u00f3n de calidad garantizan la inspecci\u00f3n del proceso del producto y la inspecci\u00f3n de aceptaci\u00f3n para asegurar la calidad estable del producto y evitar que se env\u00eden productos no cualificados.<\/li>\n<li><strong>M\u00e1s de 40 a\u00f1os de experiencia en fabricaci\u00f3n.<\/strong><\/li>\n<li><strong>El rendimiento y la vida \u00fatil de las plaquitas de metal duro TNMG 160404 se aproximan a los 90-95% de Walterr, SECOO, Coromantt, Sandvikk, Tungaloyy, Kyoceraa, Widiaa y Kennametall.<\/strong><\/li>\n<\/ol>","protected":false},"featured_media":3630,"template":"","meta":{"_uag_custom_page_level_css":"","site-sidebar-layout":"default","site-content-layout":"","ast-site-content-layout":"default","site-content-style":"default","site-sidebar-style":"default","ast-global-header-display":"","ast-banner-title-visibility":"","ast-main-header-display":"","ast-hfb-above-header-display":"","ast-hfb-below-header-display":"","ast-hfb-mobile-header-display":"","site-post-title":"","ast-breadcrumbs-content":"","ast-featured-img":"","footer-sml-layout":"","theme-transparent-header-meta":"default","adv-header-id-meta":"","stick-header-meta":"","header-above-stick-meta":"","header-main-stick-meta":"","header-below-stick-meta":"","astra-migrate-meta-layouts":"set","ast-page-background-enabled":"default","ast-page-background-meta":{"desktop":{"background-color":"var(--ast-global-color-4)","background-image":"","background-repeat":"repeat","background-position":"center center","background-size":"auto","background-attachment":"scroll","background-type":"","background-media":"","overlay-type":"","overlay-color":"","overlay-opacity":"","overlay-gradient":""},"tablet":{"background-color":"","background-image":"","background-repeat":"repeat","background-position":"center center","background-size":"auto","background-attachment":"scroll","background-type":"","background-media":"","overlay-type":"","overlay-color":"","overlay-opacity":"","overlay-gradient":""},"mobile":{"background-color":"","background-image":"","background-repeat":"repeat","background-position":"center center","background-size":"auto","background-attachment":"scroll","background-type":"","background-media":"","overlay-type":"","overlay-color":"","overlay-opacity":"","overlay-gradient":""}},"ast-content-background-meta":{"desktop":{"background-color":"var(--ast-global-color-5)","background-image":"","background-repeat":"repeat","background-position":"center center","background-size":"auto","background-attachment":"scroll","background-type":"","background-media":"","overlay-type":"","overlay-color":"","overlay-opacity":"","overlay-gradient":""},"tablet":{"background-color":"var(--ast-global-color-5)","background-image":"","background-repeat":"repeat","background-position":"center center","background-size":"auto","background-attachment":"scroll","background-type":"","background-media":"","overlay-type":"","overlay-color":"","overlay-opacity":"","overlay-gradient":""},"mobile":{"background-color":"var(--ast-global-color-5)","background-image":"","background-repeat":"repeat","background-position":"center center","background-size":"auto","background-attachment":"scroll","background-type":"","background-media":"","overlay-type":"","overlay-color":"","overlay-opacity":"","overlay-gradient":""}},"_joinchat":[]},"product_brand":[],"product_cat":[72],"product_tag":[],"class_list":{"0":"post-3629","1":"product","2":"type-product","3":"status-publish","4":"has-post-thumbnail","6":"product_cat-carbide-inserts-for-cnc-machine","7":"desktop-align-left","8":"tablet-align-left","9":"mobile-align-left","11":"first","12":"instock","13":"shipping-taxable","14":"product-type-simple"},"uagb_featured_image_src":{"full":["https:\/\/www.wolframcarbide.com\/wp-content\/uploads\/2025\/12\/TNMG160404.jpg",600,600,false],"thumbnail":["https:\/\/www.wolframcarbide.com\/wp-content\/uploads\/2025\/12\/TNMG160404-150x150.jpg",150,150,true],"medium":["https:\/\/www.wolframcarbide.com\/wp-content\/uploads\/2025\/12\/TNMG160404-300x300.jpg",300,300,true],"medium_large":["https:\/\/www.wolframcarbide.com\/wp-content\/uploads\/2025\/12\/TNMG160404.jpg",600,600,false],"large":["https:\/\/www.wolframcarbide.com\/wp-content\/uploads\/2025\/12\/TNMG160404.jpg",600,600,false],"1536x1536":["https:\/\/www.wolframcarbide.com\/wp-content\/uploads\/2025\/12\/TNMG160404.jpg",600,600,false],"2048x2048":["https:\/\/www.wolframcarbide.com\/wp-content\/uploads\/2025\/12\/TNMG160404.jpg",600,600,false],"trp-custom-language-flag":["https:\/\/www.wolframcarbide.com\/wp-content\/uploads\/2025\/12\/TNMG160404-12x12.jpg",12,12,true],"woocommerce_thumbnail":["https:\/\/www.wolframcarbide.com\/wp-content\/uploads\/2025\/12\/TNMG160404-300x300.jpg",300,300,true],"woocommerce_single":["https:\/\/www.wolframcarbide.com\/wp-content\/uploads\/2025\/12\/TNMG160404.jpg",600,600,false],"woocommerce_gallery_thumbnail":["https:\/\/www.wolframcarbide.com\/wp-content\/uploads\/2025\/12\/TNMG160404-100x100.jpg",100,100,true]},"uagb_author_info":{"display_name":"admin","author_link":"https:\/\/www.wolframcarbide.com\/es\/author\/"},"uagb_comment_info":0,"uagb_excerpt":"TNMG carbide inserts\uff1a Raw material selection: High quality tungsten carbide powder is preferred. 100% virgin material. Imported German PVA sintering furnace. HIP sintering. Which can keep wnmg carbide inserts in high density, high hardness, High wear resistance, high precision and high stability, high-performance. CVD Coating, PVD Coating and self-developed silicon-containing coating, which can significantly improve&hellip;","_links":{"self":[{"href":"https:\/\/www.wolframcarbide.com\/es\/wp-json\/wp\/v2\/product\/3629","targetHints":{"allow":["GET"]}}],"collection":[{"href":"https:\/\/www.wolframcarbide.com\/es\/wp-json\/wp\/v2\/product"}],"about":[{"href":"https:\/\/www.wolframcarbide.com\/es\/wp-json\/wp\/v2\/types\/product"}],"wp:featuredmedia":[{"embeddable":true,"href":"https:\/\/www.wolframcarbide.com\/es\/wp-json\/wp\/v2\/media\/3630"}],"wp:attachment":[{"href":"https:\/\/www.wolframcarbide.com\/es\/wp-json\/wp\/v2\/media?parent=3629"}],"wp:term":[{"taxonomy":"product_brand","embeddable":true,"href":"https:\/\/www.wolframcarbide.com\/es\/wp-json\/wp\/v2\/product_brand?post=3629"},{"taxonomy":"product_cat","embeddable":true,"href":"https:\/\/www.wolframcarbide.com\/es\/wp-json\/wp\/v2\/product_cat?post=3629"},{"taxonomy":"product_tag","embeddable":true,"href":"https:\/\/www.wolframcarbide.com\/es\/wp-json\/wp\/v2\/product_tag?post=3629"}],"curies":[{"name":"wp","href":"https:\/\/api.w.org\/{rel}","templated":true}]}}