{"id":3421,"date":"2025-09-14T21:37:18","date_gmt":"2025-09-14T13:37:18","guid":{"rendered":"https:\/\/www.wolframcarbide.com\/?post_type=product&#038;p=3421"},"modified":"2026-04-19T22:31:19","modified_gmt":"2026-04-19T14:31:19","slug":"cuchillas-de-bancada-de-carburo-de-tungsteno","status":"publish","type":"product","link":"https:\/\/www.wolframcarbide.com\/es\/product\/tungsten-carbide-bed-knives\/","title":{"rendered":"Cuchillas de lecho de carburo de tungsteno de larga duraci\u00f3n para granuladoras de filamentos que cortan pl\u00e1stico"},"content":{"rendered":"<h5><strong>Tungsten carbide bed knives grade:<\/strong><\/h5>\n<table style=\"border-collapse: collapse; width: 837px; height: 134px;\" border=\"0\" width=\"360\" cellspacing=\"0\" cellpadding=\"0\">\n<tbody>\n<tr style=\"height: 28.50pt;\">\n<td class=\"et2\" style=\"height: 28.5pt; width: 54pt; text-align: center;\" width=\"72\" height=\"38\"><strong>Grade<\/strong><\/td>\n<td class=\"et2\" style=\"width: 54pt; text-align: center;\" width=\"72\"><strong>WC(%)<\/strong><\/td>\n<td class=\"et2\" style=\"width: 54pt; text-align: center;\" width=\"72\"><strong>Co(%)<\/strong><\/td>\n<td class=\"et2\" style=\"width: 54pt; text-align: center;\" width=\"72\"><strong>Hardness(<a href=\"https:\/\/en.wikipedia.org\/wiki\/Rockwell_hardness_test\" rel=\"nofollow noopener\" target=\"_blank\">HRA<\/a>)<\/strong><\/td>\n<td class=\"et2\" style=\"width: 54pt; text-align: center;\" width=\"72\"><strong>TRS(Mpa)<\/strong><\/td>\n<\/tr>\n<tr style=\"height: 14.25pt;\">\n<td class=\"et2\" style=\"height: 14.25pt; width: 54pt; text-align: center;\" width=\"72\" height=\"19\">BU03<\/td>\n<td class=\"et2\" style=\"width: 54pt; text-align: center;\" width=\"72\">97<\/td>\n<td class=\"et2\" style=\"width: 54pt; text-align: center;\" width=\"72\">3<\/td>\n<td class=\"et2\" style=\"width: 54pt; text-align: center;\" width=\"72\">\u226594.5<\/td>\n<td class=\"et2\" style=\"width: 54pt; text-align: center;\" width=\"72\">3500<\/td>\n<\/tr>\n<tr style=\"height: 14.25pt;\">\n<td class=\"et2\" style=\"height: 14.25pt; width: 54pt; text-align: center;\" width=\"72\" height=\"19\">BU06<\/td>\n<td class=\"et2\" style=\"width: 54pt; text-align: center;\" width=\"72\">94<\/td>\n<td class=\"et2\" style=\"width: 54pt; text-align: center;\" width=\"72\">6<\/td>\n<td class=\"et2\" style=\"width: 54pt; text-align: center;\" width=\"72\">\u226594.5<\/td>\n<td class=\"et2\" style=\"width: 54pt; text-align: center;\" width=\"72\">3600<\/td>\n<\/tr>\n<\/tbody>\n<\/table>\n<h5><strong>Tungsten carbide bed knives sizes:<\/strong><\/h5>\n<p><img loading=\"lazy\" decoding=\"async\" class=\"alignnone size-full wp-image-3422\" src=\"https:\/\/www.wolframcarbide.com\/wp-content\/uploads\/2025\/09\/tungsten-carbide-bed-knives-sizes_.jpg\" alt=\"tungsten carbide bed knives sizes\" width=\"500\" height=\"64\" title=\"\" srcset=\"https:\/\/www.wolframcarbide.com\/wp-content\/uploads\/2025\/09\/tungsten-carbide-bed-knives-sizes_.jpg 500w, https:\/\/www.wolframcarbide.com\/wp-content\/uploads\/2025\/09\/tungsten-carbide-bed-knives-sizes_-300x38.jpg 300w, https:\/\/www.wolframcarbide.com\/wp-content\/uploads\/2025\/09\/tungsten-carbide-bed-knives-sizes_-18x2.jpg 18w\" sizes=\"auto, (max-width: 500px) 100vw, 500px\" \/><\/p>\n<table style=\"border-collapse: collapse; width: 838px; height: 477px;\" border=\"0\" width=\"299\" cellspacing=\"0\" cellpadding=\"0\">\n<tbody>\n<tr style=\"height: 14.25pt;\">\n<td class=\"et3\" style=\"height: 14.25pt; width: 75.75pt; text-align: center;\" width=\"101\" height=\"19\"><strong>L(MM)<\/strong><\/td>\n<td class=\"et4\" style=\"width: 71.25pt; text-align: center;\" width=\"95\"><strong>W(MM)<\/strong><\/td>\n<td class=\"et5\" style=\"width: 77.25pt; text-align: center;\" width=\"103\"><strong>H(MM)<\/strong><\/td>\n<\/tr>\n<tr style=\"height: 14.25pt;\">\n<td class=\"et3\" style=\"height: 14.25pt; text-align: center;\" height=\"19\">150<\/td>\n<td class=\"et4\" style=\"text-align: center;\">14<\/td>\n<td class=\"et5\" style=\"text-align: center;\">8<\/td>\n<\/tr>\n<tr style=\"height: 14.25pt;\">\n<td class=\"et3\" style=\"height: 14.25pt; text-align: center;\" height=\"19\">200<\/td>\n<td class=\"et4\" style=\"text-align: center;\">30<\/td>\n<td class=\"et5\" style=\"text-align: center;\">10<\/td>\n<\/tr>\n<tr style=\"height: 14.25pt;\">\n<td class=\"et3\" style=\"height: 14.25pt; text-align: center;\" height=\"19\">230<\/td>\n<td class=\"et4\" style=\"text-align: center;\">20<\/td>\n<td class=\"et5\" style=\"text-align: center;\">8<\/td>\n<\/tr>\n<tr style=\"height: 14.25pt;\">\n<td class=\"et3\" style=\"height: 14.25pt; text-align: center;\" height=\"19\">305<\/td>\n<td class=\"et4\" style=\"text-align: center;\">20<\/td>\n<td class=\"et5\" style=\"text-align: center;\">8<\/td>\n<\/tr>\n<tr style=\"height: 14.25pt;\">\n<td class=\"et3\" style=\"height: 14.25pt; text-align: center;\" height=\"19\">305<\/td>\n<td class=\"et4\" style=\"text-align: center;\">20<\/td>\n<td class=\"et5\" style=\"text-align: center;\">9.5<\/td>\n<\/tr>\n<tr style=\"height: 14.25pt;\">\n<td class=\"et3\" style=\"height: 14.25pt; text-align: center;\" height=\"19\">318<\/td>\n<td class=\"et4\" style=\"text-align: center;\">20<\/td>\n<td class=\"et5\" style=\"text-align: center;\">8<\/td>\n<\/tr>\n<tr style=\"height: 14.25pt;\">\n<td class=\"et3\" style=\"height: 14.25pt; text-align: center;\" height=\"19\">340<\/td>\n<td class=\"et4\" style=\"text-align: center;\">20<\/td>\n<td class=\"et5\" style=\"text-align: center;\">8<\/td>\n<\/tr>\n<tr style=\"height: 14.25pt;\">\n<td class=\"et6\" style=\"height: 14.25pt; text-align: center;\" height=\"19\">350<\/td>\n<td class=\"et7\" style=\"text-align: center;\">20<\/td>\n<td class=\"et8\" style=\"text-align: center;\">8<\/td>\n<\/tr>\n<\/tbody>\n<\/table>\n<h5>We support customization, please provide us with drawings.<\/h5>\n<p>&nbsp;<\/p>\n<h5><strong>Carbide bed knives details:<\/strong><\/h5>\n<p><img loading=\"lazy\" decoding=\"async\" class=\"alignnone size-full wp-image-3426\" src=\"https:\/\/www.wolframcarbide.com\/wp-content\/uploads\/2025\/09\/bed-knives-1.jpg\" alt=\"bed knives\" width=\"800\" height=\"533\" title=\"\" srcset=\"https:\/\/www.wolframcarbide.com\/wp-content\/uploads\/2025\/09\/bed-knives-1.jpg 800w, https:\/\/www.wolframcarbide.com\/wp-content\/uploads\/2025\/09\/bed-knives-1-300x200.jpg 300w, https:\/\/www.wolframcarbide.com\/wp-content\/uploads\/2025\/09\/bed-knives-1-768x512.jpg 768w, https:\/\/www.wolframcarbide.com\/wp-content\/uploads\/2025\/09\/bed-knives-1-18x12.jpg 18w, https:\/\/www.wolframcarbide.com\/wp-content\/uploads\/2025\/09\/bed-knives-1-600x400.jpg 600w\" sizes=\"auto, (max-width: 800px) 100vw, 800px\" \/><\/p>\n<p><img loading=\"lazy\" decoding=\"async\" class=\"alignnone size-full wp-image-3427\" src=\"https:\/\/www.wolframcarbide.com\/wp-content\/uploads\/2025\/09\/bed-knives-2.jpg\" alt=\"carbide bed knives\" width=\"800\" height=\"533\" title=\"\" srcset=\"https:\/\/www.wolframcarbide.com\/wp-content\/uploads\/2025\/09\/bed-knives-2.jpg 800w, https:\/\/www.wolframcarbide.com\/wp-content\/uploads\/2025\/09\/bed-knives-2-300x200.jpg 300w, https:\/\/www.wolframcarbide.com\/wp-content\/uploads\/2025\/09\/bed-knives-2-768x512.jpg 768w, https:\/\/www.wolframcarbide.com\/wp-content\/uploads\/2025\/09\/bed-knives-2-18x12.jpg 18w, https:\/\/www.wolframcarbide.com\/wp-content\/uploads\/2025\/09\/bed-knives-2-600x400.jpg 600w\" sizes=\"auto, (max-width: 800px) 100vw, 800px\" \/><\/p>\n<p><a href=\"https:\/\/www.wolframcarbide.com\/product-category\/tungsten-carbide-strips-and-strips\/\"><img loading=\"lazy\" decoding=\"async\" class=\"alignnone size-full wp-image-3428\" src=\"https:\/\/www.wolframcarbide.com\/wp-content\/uploads\/2025\/09\/bed-knives-3.jpg\" alt=\"Tungsten carbide bed knives\" width=\"800\" height=\"533\" title=\"\" srcset=\"https:\/\/www.wolframcarbide.com\/wp-content\/uploads\/2025\/09\/bed-knives-3.jpg 800w, https:\/\/www.wolframcarbide.com\/wp-content\/uploads\/2025\/09\/bed-knives-3-300x200.jpg 300w, https:\/\/www.wolframcarbide.com\/wp-content\/uploads\/2025\/09\/bed-knives-3-768x512.jpg 768w, https:\/\/www.wolframcarbide.com\/wp-content\/uploads\/2025\/09\/bed-knives-3-18x12.jpg 18w, https:\/\/www.wolframcarbide.com\/wp-content\/uploads\/2025\/09\/bed-knives-3-600x400.jpg 600w\" sizes=\"auto, (max-width: 800px) 100vw, 800px\" \/><\/a><\/p>\n<h5><strong>Carbide bed knife advantages:<\/strong><\/h5>\n<p>&nbsp;<\/p>\n<p><strong>1.Unparalleled wear resistance<\/strong><br \/>\nThis is the most prominent advantage of cemented carbide. Its hardness is far higher than any other tool steel (HRA can reach around 93, far exceeding HRC 60 steel). When cutting highly abrasive materials (such as fiberglass-reinforced plastics, carbon fibers, and highly filled materials), its service life can be dozens or even hundreds of times that of ordinary steel bed cutters. This significantly reduces the frequency of blade changes and downtime.<\/p>\n<p><strong>2. Extremely long service life<\/strong><\/p>\n<p>This is directly due to its extremely high wear resistance. While the initial purchase cost is high, its extremely long service life means lower per-process costs and higher productivity, which is ultimately more economical in the long run.<\/p>\n<p><strong>3. Excellent compressive strength<\/strong><\/p>\n<p>Cemented carbide resists deformation under extreme pressure and maintains extremely high dimensional stability, ensuring precise cutting gaps and consistent cut quality.<\/p>\n<p><strong>4. Moderate corrosion resistance<\/strong><\/p>\n<p>Its chemical stability surpasses that of ordinary tool steel, making it more resistant to corrosion from certain plastic additives or chemicals in the machining environment.<\/p>\n<p>&nbsp;<\/p>\n<p>&nbsp;<\/p>\n<p><strong>Please send us inquiries for quotations and free samples for testing:<\/strong><\/p>\n<div class=\"wpforms-container \" id=\"wpforms-2333\"><form id=\"wpforms-form-2333\" class=\"wpforms-validate wpforms-form wpforms-ajax-form\" data-formid=\"2333\" method=\"post\" enctype=\"multipart\/form-data\" action=\"\/es\/wp-json\/wp\/v2\/product\/3421\" data-token=\"1da44d223f465b8ac3a9f62982afa4f6\" data-token-time=\"1777475161\"><noscript class=\"wpforms-error-noscript\">Por favor, activa JavaScript en tu navegador para completar este formulario.<\/noscript><div class=\"wpforms-field-container\"><div id=\"wpforms-2333-field_1-container\" class=\"wpforms-field wpforms-field-name\" data-field-id=\"1\"><label class=\"wpforms-field-label\" for=\"wpforms-2333-field_1\">Name <span class=\"wpforms-required-label\">*<\/span><\/label><input type=\"text\" id=\"wpforms-2333-field_1\" class=\"wpforms-field-medium wpforms-field-required\" name=\"wpforms[fields][1]\" required><\/div>\t\t<div id=\"wpforms-2333-field_5-container\"\n\t\t\tclass=\"wpforms-field wpforms-field-text\"\n\t\t\tdata-field-type=\"text\"\n\t\t\tdata-field-id=\"5\"\n\t\t\t>\n\t\t\t<label class=\"wpforms-field-label\" for=\"wpforms-2333-field_5\" >Message Email Company<\/label>\n\t\t\t<input type=\"text\" id=\"wpforms-2333-field_5\" class=\"wpforms-field-medium\" name=\"wpforms[fields][5]\" >\n\t\t<\/div>\n\t\t<div id=\"wpforms-2333-field_2-container\" class=\"wpforms-field wpforms-field-text\" data-field-id=\"2\"><label class=\"wpforms-field-label\" for=\"wpforms-2333-field_2\">Company Name<\/label><input type=\"text\" id=\"wpforms-2333-field_2\" class=\"wpforms-field-medium\" name=\"wpforms[fields][2]\" ><\/div><div id=\"wpforms-2333-field_3-container\" class=\"wpforms-field wpforms-field-email\" data-field-id=\"3\"><label class=\"wpforms-field-label\" for=\"wpforms-2333-field_3\">Email <span class=\"wpforms-required-label\">*<\/span><\/label><input type=\"email\" id=\"wpforms-2333-field_3\" class=\"wpforms-field-medium wpforms-field-required\" name=\"wpforms[fields][3]\" spellcheck=\"false\" required><\/div><div id=\"wpforms-2333-field_4-container\" class=\"wpforms-field wpforms-field-textarea\" data-field-id=\"4\"><label class=\"wpforms-field-label\" for=\"wpforms-2333-field_4\">Message <span class=\"wpforms-required-label\">*<\/span><\/label><textarea id=\"wpforms-2333-field_4\" class=\"wpforms-field-medium wpforms-field-required\" name=\"wpforms[fields][4]\" required><\/textarea><\/div><script>\n\t\t\t\t( function() {\n\t\t\t\t\tconst style = document.createElement( 'style' );\n\t\t\t\t\tstyle.appendChild( document.createTextNode( '#wpforms-2333-field_5-container { position: absolute !important; overflow: hidden !important; display: inline !important; height: 1px !important; width: 1px !important; z-index: -1000 !important; padding: 0 !important; } #wpforms-2333-field_5-container input { visibility: hidden; } #wpforms-conversational-form-page #wpforms-2333-field_5-container label { counter-increment: none; }' ) );\n\t\t\t\t\tdocument.head.appendChild( style );\n\t\t\t\t\tdocument.currentScript?.remove();\n\t\t\t\t} )();\n\t\t\t<\/script><\/div><!-- .wpforms-field-container --><div class=\"wpforms-submit-container\" ><input type=\"hidden\" name=\"wpforms[id]\" value=\"2333\"><input type=\"hidden\" name=\"page_title\" value=\"\"><input type=\"hidden\" name=\"page_url\" value=\"https:\/\/www.wolframcarbide.com\/es\/wp-json\/wp\/v2\/product\/3421\"><input type=\"hidden\" name=\"url_referer\" value=\"\"><button type=\"submit\" name=\"wpforms[submit]\" id=\"wpforms-submit-2333\" class=\"wpforms-submit\" data-alt-text=\"Sending\u2026\" data-submit-text=\"Send Inquiry\" aria-live=\"assertive\" value=\"wpforms-submit\">Send Inquiry<\/button><img loading=\"lazy\" decoding=\"async\" src=\"https:\/\/www.wolframcarbide.com\/wp-content\/plugins\/wpforms-lite\/assets\/images\/submit-spin.svg\" class=\"wpforms-submit-spinner\" style=\"display: none;\" width=\"26\" height=\"26\" alt=\"Cargando\" title=\"\"><\/div><\/form><\/div>  <!-- .wpforms-container -->\n","protected":false},"excerpt":{"rendered":"<p>1. Selecci\u00f3n de la materia prima: Se prefiere el polvo de carburo de tungsteno de alta calidad. Material virgen 100%.<br \/>\n2.Horno de sinterizaci\u00f3n de PVA alem\u00e1n importado. Sinterizaci\u00f3n HIP. Que puede mantener cuchillos de carburo de tungsteno en alta densidad, alta resistencia al desgaste, alto rendimiento.<br \/>\n3.Los ingenieros profesionales y los equipos de inspecci\u00f3n de calidad garantizan la inspecci\u00f3n del proceso del producto y la inspecci\u00f3n de aceptaci\u00f3n para asegurar la calidad estable del producto y evitar que se env\u00eden productos no cualificados.<br \/>\n4. M\u00e1s de 40 a\u00f1os de experiencia en fabricaci\u00f3n.<\/p>\n<p><strong>5. Para MAAG, SCHEER, GALA, XANTEC, AMN, AUTOMATIK, GICHIN, NANFENG, REDUCTION, CONAIR, EREMA, IZZU.<\/strong><\/p>\n<p>6. Cuchillas de cama de carburo son ampliamente utilizados para el corte de material PC, PA, PP, PTT, PA, PP, ABS, POM, AS + GF y granulaci\u00f3n de otros pl\u00e1sticos de ingenier\u00eda.<\/p>","protected":false},"featured_media":3423,"template":"","meta":{"_uag_custom_page_level_css":"","site-sidebar-layout":"default","site-content-layout":"","ast-site-content-layout":"default","site-content-style":"default","site-sidebar-style":"default","ast-global-header-display":"","ast-banner-title-visibility":"","ast-main-header-display":"","ast-hfb-above-header-display":"","ast-hfb-below-header-display":"","ast-hfb-mobile-header-display":"","site-post-title":"","ast-breadcrumbs-content":"","ast-featured-img":"","footer-sml-layout":"","theme-transparent-header-meta":"default","adv-header-id-meta":"","stick-header-meta":"","header-above-stick-meta":"","header-main-stick-meta":"","header-below-stick-meta":"","astra-migrate-meta-layouts":"set","ast-page-background-enabled":"default","ast-page-background-meta":{"desktop":{"background-color":"var(--ast-global-color-4)","background-image":"","background-repeat":"repeat","background-position":"center center","background-size":"auto","background-attachment":"scroll","background-type":"","background-media":"","overlay-type":"","overlay-color":"","overlay-opacity":"","overlay-gradient":""},"tablet":{"background-color":"","background-image":"","background-repeat":"repeat","background-position":"center center","background-size":"auto","background-attachment":"scroll","background-type":"","background-media":"","overlay-type":"","overlay-color":"","overlay-opacity":"","overlay-gradient":""},"mobile":{"background-color":"","background-image":"","background-repeat":"repeat","background-position":"center center","background-size":"auto","background-attachment":"scroll","background-type":"","background-media":"","overlay-type":"","overlay-color":"","overlay-opacity":"","overlay-gradient":""}},"ast-content-background-meta":{"desktop":{"background-color":"var(--ast-global-color-5)","background-image":"","background-repeat":"repeat","background-position":"center center","background-size":"auto","background-attachment":"scroll","background-type":"","background-media":"","overlay-type":"","overlay-color":"","overlay-opacity":"","overlay-gradient":""},"tablet":{"background-color":"var(--ast-global-color-5)","background-image":"","background-repeat":"repeat","background-position":"center center","background-size":"auto","background-attachment":"scroll","background-type":"","background-media":"","overlay-type":"","overlay-color":"","overlay-opacity":"","overlay-gradient":""},"mobile":{"background-color":"var(--ast-global-color-5)","background-image":"","background-repeat":"repeat","background-position":"center center","background-size":"auto","background-attachment":"scroll","background-type":"","background-media":"","overlay-type":"","overlay-color":"","overlay-opacity":"","overlay-gradient":""}},"_joinchat":[]},"product_brand":[],"product_cat":[20],"product_tag":[],"class_list":{"0":"post-3421","1":"product","2":"type-product","3":"status-publish","4":"has-post-thumbnail","6":"product_cat-tungsten-carbide-strips-and-strips","7":"desktop-align-left","8":"tablet-align-left","9":"mobile-align-left","11":"first","12":"instock","13":"shipping-taxable","14":"product-type-simple"},"uagb_featured_image_src":{"full":["https:\/\/www.wolframcarbide.com\/wp-content\/uploads\/2025\/09\/tungsten-carbide-bed-knvies.jpg",600,600,false],"thumbnail":["https:\/\/www.wolframcarbide.com\/wp-content\/uploads\/2025\/09\/tungsten-carbide-bed-knvies-150x150.jpg",150,150,true],"medium":["https:\/\/www.wolframcarbide.com\/wp-content\/uploads\/2025\/09\/tungsten-carbide-bed-knvies-300x300.jpg",300,300,true],"medium_large":["https:\/\/www.wolframcarbide.com\/wp-content\/uploads\/2025\/09\/tungsten-carbide-bed-knvies.jpg",600,600,false],"large":["https:\/\/www.wolframcarbide.com\/wp-content\/uploads\/2025\/09\/tungsten-carbide-bed-knvies.jpg",600,600,false],"1536x1536":["https:\/\/www.wolframcarbide.com\/wp-content\/uploads\/2025\/09\/tungsten-carbide-bed-knvies.jpg",600,600,false],"2048x2048":["https:\/\/www.wolframcarbide.com\/wp-content\/uploads\/2025\/09\/tungsten-carbide-bed-knvies.jpg",600,600,false],"trp-custom-language-flag":["https:\/\/www.wolframcarbide.com\/wp-content\/uploads\/2025\/09\/tungsten-carbide-bed-knvies-12x12.jpg",12,12,true],"woocommerce_thumbnail":["https:\/\/www.wolframcarbide.com\/wp-content\/uploads\/2025\/09\/tungsten-carbide-bed-knvies-300x300.jpg",300,300,true],"woocommerce_single":["https:\/\/www.wolframcarbide.com\/wp-content\/uploads\/2025\/09\/tungsten-carbide-bed-knvies.jpg",600,600,false],"woocommerce_gallery_thumbnail":["https:\/\/www.wolframcarbide.com\/wp-content\/uploads\/2025\/09\/tungsten-carbide-bed-knvies-100x100.jpg",100,100,true]},"uagb_author_info":{"display_name":"admin","author_link":"https:\/\/www.wolframcarbide.com\/es\/author\/"},"uagb_comment_info":0,"uagb_excerpt":"1. Raw material selection: High quality tungsten carbide powder is preferred. 100% virgin material. 2.Imported German PVA sintering furnace. HIP sintering. Which can keep tungsten carbide knives in high density, High wear resistance, high-performance. 3.Professional engineers and quality inspection teams ensure product process inspection and acceptance inspection to ensure stable product quality and prevent unqualified&hellip;","_links":{"self":[{"href":"https:\/\/www.wolframcarbide.com\/es\/wp-json\/wp\/v2\/product\/3421","targetHints":{"allow":["GET"]}}],"collection":[{"href":"https:\/\/www.wolframcarbide.com\/es\/wp-json\/wp\/v2\/product"}],"about":[{"href":"https:\/\/www.wolframcarbide.com\/es\/wp-json\/wp\/v2\/types\/product"}],"wp:featuredmedia":[{"embeddable":true,"href":"https:\/\/www.wolframcarbide.com\/es\/wp-json\/wp\/v2\/media\/3423"}],"wp:attachment":[{"href":"https:\/\/www.wolframcarbide.com\/es\/wp-json\/wp\/v2\/media?parent=3421"}],"wp:term":[{"taxonomy":"product_brand","embeddable":true,"href":"https:\/\/www.wolframcarbide.com\/es\/wp-json\/wp\/v2\/product_brand?post=3421"},{"taxonomy":"product_cat","embeddable":true,"href":"https:\/\/www.wolframcarbide.com\/es\/wp-json\/wp\/v2\/product_cat?post=3421"},{"taxonomy":"product_tag","embeddable":true,"href":"https:\/\/www.wolframcarbide.com\/es\/wp-json\/wp\/v2\/product_tag?post=3421"}],"curies":[{"name":"wp","href":"https:\/\/api.w.org\/{rel}","templated":true}]}}