{"id":3193,"date":"2025-06-07T14:19:17","date_gmt":"2025-06-07T06:19:17","guid":{"rendered":"https:\/\/www.wolframcarbide.com\/?post_type=product&#038;p=3193"},"modified":"2025-08-02T21:54:07","modified_gmt":"2025-08-02T13:54:07","slug":"plaquitas-de-ranurado-de-metal-duro","status":"publish","type":"product","link":"https:\/\/www.wolframcarbide.com\/es\/product\/carbide-grooving-inserts\/","title":{"rendered":"Fabricante de plaquitas de ranurado de metal duro de alto rendimiento"},"content":{"rendered":"<h5><strong>Carbide grooving inserts model;<\/strong><\/h5>\n<p><img loading=\"lazy\" decoding=\"async\" class=\"alignnone size-full wp-image-3196\" src=\"https:\/\/www.wolframcarbide.com\/wp-content\/uploads\/2025\/06\/carbide-grooving-inserts-Drawing.png\" alt=\"carbide grooving inserts sizes\" width=\"460\" height=\"156\" title=\"\" srcset=\"https:\/\/www.wolframcarbide.com\/wp-content\/uploads\/2025\/06\/carbide-grooving-inserts-Drawing.png 460w, https:\/\/www.wolframcarbide.com\/wp-content\/uploads\/2025\/06\/carbide-grooving-inserts-Drawing-300x102.png 300w, https:\/\/www.wolframcarbide.com\/wp-content\/uploads\/2025\/06\/carbide-grooving-inserts-Drawing-18x6.png 18w\" sizes=\"auto, (max-width: 460px) 100vw, 460px\" \/><\/p>\n<p><img loading=\"lazy\" decoding=\"async\" class=\"alignnone size-full wp-image-3197\" src=\"https:\/\/www.wolframcarbide.com\/wp-content\/uploads\/2025\/06\/groove_grade1.jpg\" alt=\"carbide grooving inserts model\" width=\"833\" height=\"473\" title=\"\" srcset=\"https:\/\/www.wolframcarbide.com\/wp-content\/uploads\/2025\/06\/groove_grade1.jpg 833w, https:\/\/www.wolframcarbide.com\/wp-content\/uploads\/2025\/06\/groove_grade1-300x170.jpg 300w, https:\/\/www.wolframcarbide.com\/wp-content\/uploads\/2025\/06\/groove_grade1-768x436.jpg 768w, https:\/\/www.wolframcarbide.com\/wp-content\/uploads\/2025\/06\/groove_grade1-18x10.jpg 18w, https:\/\/www.wolframcarbide.com\/wp-content\/uploads\/2025\/06\/groove_grade1-600x341.jpg 600w\" sizes=\"auto, (max-width: 833px) 100vw, 833px\" \/><\/p>\n<h5><\/h5>\n<h5><strong>Carbide grooving inserts details:<\/strong><\/h5>\n<p><a href=\"https:\/\/www.wolframcarbide.com\/product-category\/carbide-inserts-for-cnc-machine\/\"><img loading=\"lazy\" decoding=\"async\" class=\"alignnone size-full wp-image-3198\" src=\"https:\/\/www.wolframcarbide.com\/wp-content\/uploads\/2025\/06\/carbide-grooving-inserts.jpg\" alt=\"carbide grooving inserts manufacturer\" width=\"800\" height=\"533\" title=\"\" srcset=\"https:\/\/www.wolframcarbide.com\/wp-content\/uploads\/2025\/06\/carbide-grooving-inserts.jpg 800w, https:\/\/www.wolframcarbide.com\/wp-content\/uploads\/2025\/06\/carbide-grooving-inserts-300x200.jpg 300w, https:\/\/www.wolframcarbide.com\/wp-content\/uploads\/2025\/06\/carbide-grooving-inserts-768x512.jpg 768w, https:\/\/www.wolframcarbide.com\/wp-content\/uploads\/2025\/06\/carbide-grooving-inserts-18x12.jpg 18w, https:\/\/www.wolframcarbide.com\/wp-content\/uploads\/2025\/06\/carbide-grooving-inserts-600x400.jpg 600w\" sizes=\"auto, (max-width: 800px) 100vw, 800px\" \/><\/a><\/p>\n<p><a href=\"https:\/\/www.wolframcarbide.com\/product-category\/carbide-inserts-for-cnc-machine\/\"><img loading=\"lazy\" decoding=\"async\" class=\"alignnone size-full wp-image-3199\" src=\"https:\/\/www.wolframcarbide.com\/wp-content\/uploads\/2025\/06\/carbide-grooving-inserts-.jpg\" alt=\"carbide grooving inserts supplier\" width=\"800\" height=\"533\" title=\"\" srcset=\"https:\/\/www.wolframcarbide.com\/wp-content\/uploads\/2025\/06\/carbide-grooving-inserts-.jpg 800w, https:\/\/www.wolframcarbide.com\/wp-content\/uploads\/2025\/06\/carbide-grooving-inserts--300x200.jpg 300w, https:\/\/www.wolframcarbide.com\/wp-content\/uploads\/2025\/06\/carbide-grooving-inserts--768x512.jpg 768w, https:\/\/www.wolframcarbide.com\/wp-content\/uploads\/2025\/06\/carbide-grooving-inserts--18x12.jpg 18w, https:\/\/www.wolframcarbide.com\/wp-content\/uploads\/2025\/06\/carbide-grooving-inserts--600x400.jpg 600w\" sizes=\"auto, (max-width: 800px) 100vw, 800px\" \/><\/a><\/p>\n<p><img loading=\"lazy\" decoding=\"async\" class=\"alignnone size-full wp-image-3200\" src=\"https:\/\/www.wolframcarbide.com\/wp-content\/uploads\/2025\/06\/carbide-grooving-inserts-1.jpg\" alt=\"carbide grooving inserts manufacturers\" width=\"800\" height=\"533\" title=\"\" srcset=\"https:\/\/www.wolframcarbide.com\/wp-content\/uploads\/2025\/06\/carbide-grooving-inserts-1.jpg 800w, https:\/\/www.wolframcarbide.com\/wp-content\/uploads\/2025\/06\/carbide-grooving-inserts-1-300x200.jpg 300w, https:\/\/www.wolframcarbide.com\/wp-content\/uploads\/2025\/06\/carbide-grooving-inserts-1-768x512.jpg 768w, https:\/\/www.wolframcarbide.com\/wp-content\/uploads\/2025\/06\/carbide-grooving-inserts-1-18x12.jpg 18w, https:\/\/www.wolframcarbide.com\/wp-content\/uploads\/2025\/06\/carbide-grooving-inserts-1-600x400.jpg 600w\" sizes=\"auto, (max-width: 800px) 100vw, 800px\" \/><\/p>\n<p>&nbsp;<\/p>\n<h5><strong>Metal materials that can be processed:<\/strong><\/h5>\n<p>1. Stainless steel 304\/316.<\/p>\n<p>2. Carbon steel, alloy steel and <a href=\"https:\/\/en.wikipedia.org\/wiki\/Tempering_(metallurgy)\" rel=\"nofollow noopener\" target=\"_blank\">quenched and tempered steel<\/a>.<\/p>\n<p>3. Cast iron and alloy cast iron.<\/p>\n<p>&nbsp;<\/p>\n<h5><strong>Support customized packaging.<\/strong><\/h5>\n<p>&nbsp;<\/p>\n<p><strong>Please send us inquiries for quotations and free samples for testing:<\/strong><\/p>\n<p>&nbsp;<\/p>\n<div class=\"wpforms-container \" id=\"wpforms-2333\"><form id=\"wpforms-form-2333\" class=\"wpforms-validate wpforms-form wpforms-ajax-form\" data-formid=\"2333\" method=\"post\" enctype=\"multipart\/form-data\" action=\"\/es\/wp-json\/wp\/v2\/product\/3193\" data-token=\"95c2bcd6a3bae2f2bc25c9ed3810c1ff\" data-token-time=\"1777312399\"><noscript class=\"wpforms-error-noscript\">Por favor, activa JavaScript en tu navegador para completar este formulario.<\/noscript><div class=\"wpforms-field-container\">\t\t<div id=\"wpforms-2333-field_5-container\"\n\t\t\tclass=\"wpforms-field wpforms-field-text\"\n\t\t\tdata-field-type=\"text\"\n\t\t\tdata-field-id=\"5\"\n\t\t\t>\n\t\t\t<label class=\"wpforms-field-label\" for=\"wpforms-2333-field_5\" >Message Name Company<\/label>\n\t\t\t<input type=\"text\" id=\"wpforms-2333-field_5\" class=\"wpforms-field-medium\" name=\"wpforms[fields][5]\" >\n\t\t<\/div>\n\t\t<div id=\"wpforms-2333-field_1-container\" class=\"wpforms-field wpforms-field-name\" data-field-id=\"1\"><label class=\"wpforms-field-label\" for=\"wpforms-2333-field_1\">Name <span class=\"wpforms-required-label\">*<\/span><\/label><input type=\"text\" id=\"wpforms-2333-field_1\" class=\"wpforms-field-medium wpforms-field-required\" name=\"wpforms[fields][1]\" required><\/div><div id=\"wpforms-2333-field_2-container\" class=\"wpforms-field wpforms-field-text\" data-field-id=\"2\"><label class=\"wpforms-field-label\" for=\"wpforms-2333-field_2\">Company Name<\/label><input type=\"text\" id=\"wpforms-2333-field_2\" class=\"wpforms-field-medium\" name=\"wpforms[fields][2]\" ><\/div><div id=\"wpforms-2333-field_3-container\" class=\"wpforms-field wpforms-field-email\" data-field-id=\"3\"><label class=\"wpforms-field-label\" for=\"wpforms-2333-field_3\">Email <span class=\"wpforms-required-label\">*<\/span><\/label><input type=\"email\" id=\"wpforms-2333-field_3\" class=\"wpforms-field-medium wpforms-field-required\" name=\"wpforms[fields][3]\" spellcheck=\"false\" required><\/div><div id=\"wpforms-2333-field_4-container\" class=\"wpforms-field wpforms-field-textarea\" data-field-id=\"4\"><label class=\"wpforms-field-label\" for=\"wpforms-2333-field_4\">Message <span class=\"wpforms-required-label\">*<\/span><\/label><textarea id=\"wpforms-2333-field_4\" class=\"wpforms-field-medium wpforms-field-required\" name=\"wpforms[fields][4]\" required><\/textarea><\/div><script>\n\t\t\t\t( function() {\n\t\t\t\t\tconst style = document.createElement( 'style' );\n\t\t\t\t\tstyle.appendChild( document.createTextNode( '#wpforms-2333-field_5-container { position: absolute !important; overflow: hidden !important; display: inline !important; height: 1px !important; width: 1px !important; z-index: -1000 !important; padding: 0 !important; } #wpforms-2333-field_5-container input { visibility: hidden; } #wpforms-conversational-form-page #wpforms-2333-field_5-container label { counter-increment: none; }' ) );\n\t\t\t\t\tdocument.head.appendChild( style );\n\t\t\t\t\tdocument.currentScript?.remove();\n\t\t\t\t} )();\n\t\t\t<\/script><\/div><!-- .wpforms-field-container --><div class=\"wpforms-submit-container\" ><input type=\"hidden\" name=\"wpforms[id]\" value=\"2333\"><input type=\"hidden\" name=\"page_title\" value=\"\"><input type=\"hidden\" name=\"page_url\" value=\"https:\/\/www.wolframcarbide.com\/es\/wp-json\/wp\/v2\/product\/3193\"><input type=\"hidden\" name=\"url_referer\" value=\"\"><button type=\"submit\" name=\"wpforms[submit]\" id=\"wpforms-submit-2333\" class=\"wpforms-submit\" data-alt-text=\"Sending\u2026\" data-submit-text=\"Send Inquiry\" aria-live=\"assertive\" value=\"wpforms-submit\">Send Inquiry<\/button><img loading=\"lazy\" decoding=\"async\" src=\"https:\/\/www.wolframcarbide.com\/wp-content\/plugins\/wpforms-lite\/assets\/images\/submit-spin.svg\" class=\"wpforms-submit-spinner\" style=\"display: none;\" width=\"26\" height=\"26\" alt=\"Cargando\" title=\"\"><\/div><\/form><\/div>  <!-- .wpforms-container -->\n<p>&nbsp;<\/p>\n","protected":false},"excerpt":{"rendered":"<p>APMT1604 plaquitas de metal duro\uff1a<\/p>\n<ol>\n<li>Selecci\u00f3n de la materia prima: Se prefiere el polvo de carburo de tungsteno de alta calidad. Material virgen 100%.<\/li>\n<li>Horno de sinterizaci\u00f3n de PVA importado de Alemania. Sinterizaci\u00f3n HIP. Que puede mantener insertos de carburo de ranurado en alta densidad, alta dureza, <strong>Gran resistencia al desgaste<\/strong>Alta precisi\u00f3n y alta estabilidad, alto rendimiento.<\/li>\n<li>Recubrimiento CVD, recubrimiento PVD y recubrimiento con contenido de silicio de desarrollo propio, que pueden mejorar significativamente la resistencia al desgaste de las plaquitas de metal duro y prolongar su vida \u00fatil.<\/li>\n<li>Excelente resistencia al desgaste y rendimiento de corte.<\/li>\n<li><strong>Alta eficiencia y larga vida \u00fatil.<\/strong><\/li>\n<li>Centrarse en la investigaci\u00f3n y el desarrollo de herramientas, mejorar continuamente la calidad de las herramientas de corte y el dise\u00f1o de herramientas no est\u00e1ndar.<\/li>\n<li>Ingenieros profesionales y equipos de inspecci\u00f3n de calidad garantizan la inspecci\u00f3n del proceso del producto y la inspecci\u00f3n de aceptaci\u00f3n para asegurar la calidad estable del producto y evitar que se env\u00eden productos no cualificados.<\/li>\n<li><strong>M\u00e1s de 40 a\u00f1os de experiencia en fabricaci\u00f3n.<\/strong><\/li>\n<li><strong>El rendimiento y la vida \u00fatil de las plaquitas de metal duro para ranurado se aproximan a los 90-95% de Walterr, SECOO, Coromantt, Sandvikk, Tungaloyy, Kyoceraa, Widiaa y Kennametall.<\/strong><\/li>\n<\/ol>","protected":false},"featured_media":3194,"template":"","meta":{"_uag_custom_page_level_css":"","site-sidebar-layout":"default","site-content-layout":"","ast-site-content-layout":"default","site-content-style":"default","site-sidebar-style":"default","ast-global-header-display":"","ast-banner-title-visibility":"","ast-main-header-display":"","ast-hfb-above-header-display":"","ast-hfb-below-header-display":"","ast-hfb-mobile-header-display":"","site-post-title":"","ast-breadcrumbs-content":"","ast-featured-img":"","footer-sml-layout":"","theme-transparent-header-meta":"default","adv-header-id-meta":"","stick-header-meta":"","header-above-stick-meta":"","header-main-stick-meta":"","header-below-stick-meta":"","astra-migrate-meta-layouts":"set","ast-page-background-enabled":"default","ast-page-background-meta":{"desktop":{"background-color":"var(--ast-global-color-4)","background-image":"","background-repeat":"repeat","background-position":"center center","background-size":"auto","background-attachment":"scroll","background-type":"","background-media":"","overlay-type":"","overlay-color":"","overlay-opacity":"","overlay-gradient":""},"tablet":{"background-color":"","background-image":"","background-repeat":"repeat","background-position":"center center","background-size":"auto","background-attachment":"scroll","background-type":"","background-media":"","overlay-type":"","overlay-color":"","overlay-opacity":"","overlay-gradient":""},"mobile":{"background-color":"","background-image":"","background-repeat":"repeat","background-position":"center center","background-size":"auto","background-attachment":"scroll","background-type":"","background-media":"","overlay-type":"","overlay-color":"","overlay-opacity":"","overlay-gradient":""}},"ast-content-background-meta":{"desktop":{"background-color":"var(--ast-global-color-5)","background-image":"","background-repeat":"repeat","background-position":"center center","background-size":"auto","background-attachment":"scroll","background-type":"","background-media":"","overlay-type":"","overlay-color":"","overlay-opacity":"","overlay-gradient":""},"tablet":{"background-color":"var(--ast-global-color-5)","background-image":"","background-repeat":"repeat","background-position":"center center","background-size":"auto","background-attachment":"scroll","background-type":"","background-media":"","overlay-type":"","overlay-color":"","overlay-opacity":"","overlay-gradient":""},"mobile":{"background-color":"var(--ast-global-color-5)","background-image":"","background-repeat":"repeat","background-position":"center center","background-size":"auto","background-attachment":"scroll","background-type":"","background-media":"","overlay-type":"","overlay-color":"","overlay-opacity":"","overlay-gradient":""}},"_joinchat":[]},"product_brand":[],"product_cat":[72],"product_tag":[],"class_list":{"0":"post-3193","1":"product","2":"type-product","3":"status-publish","4":"has-post-thumbnail","6":"product_cat-carbide-inserts-for-cnc-machine","7":"desktop-align-left","8":"tablet-align-left","9":"mobile-align-left","11":"first","12":"instock","13":"shipping-taxable","14":"product-type-simple"},"uagb_featured_image_src":{"full":["https:\/\/www.wolframcarbide.com\/wp-content\/uploads\/2025\/06\/carbide-grooving-inserts-31.jpg",600,600,false],"thumbnail":["https:\/\/www.wolframcarbide.com\/wp-content\/uploads\/2025\/06\/carbide-grooving-inserts-31-150x150.jpg",150,150,true],"medium":["https:\/\/www.wolframcarbide.com\/wp-content\/uploads\/2025\/06\/carbide-grooving-inserts-31-300x300.jpg",300,300,true],"medium_large":["https:\/\/www.wolframcarbide.com\/wp-content\/uploads\/2025\/06\/carbide-grooving-inserts-31.jpg",600,600,false],"large":["https:\/\/www.wolframcarbide.com\/wp-content\/uploads\/2025\/06\/carbide-grooving-inserts-31.jpg",600,600,false],"1536x1536":["https:\/\/www.wolframcarbide.com\/wp-content\/uploads\/2025\/06\/carbide-grooving-inserts-31.jpg",600,600,false],"2048x2048":["https:\/\/www.wolframcarbide.com\/wp-content\/uploads\/2025\/06\/carbide-grooving-inserts-31.jpg",600,600,false],"trp-custom-language-flag":["https:\/\/www.wolframcarbide.com\/wp-content\/uploads\/2025\/06\/carbide-grooving-inserts-31-12x12.jpg",12,12,true],"woocommerce_thumbnail":["https:\/\/www.wolframcarbide.com\/wp-content\/uploads\/2025\/06\/carbide-grooving-inserts-31-300x300.jpg",300,300,true],"woocommerce_single":["https:\/\/www.wolframcarbide.com\/wp-content\/uploads\/2025\/06\/carbide-grooving-inserts-31.jpg",600,600,false],"woocommerce_gallery_thumbnail":["https:\/\/www.wolframcarbide.com\/wp-content\/uploads\/2025\/06\/carbide-grooving-inserts-31-100x100.jpg",100,100,true]},"uagb_author_info":{"display_name":"admin","author_link":"https:\/\/www.wolframcarbide.com\/es\/author\/"},"uagb_comment_info":0,"uagb_excerpt":"APMT1604 carbide inserts\uff1a Raw material selection: High quality tungsten carbide powder is preferred. 100% virgin material. Imported German PVA sintering furnace. HIP sintering. Which can keep carbide grooving inserts in high density, high hardness, High wear resistance, high precision and high stability, high-performance. CVD Coating, PVD Coating and self-developed silicon-containing coating, which can significantly improve&hellip;","_links":{"self":[{"href":"https:\/\/www.wolframcarbide.com\/es\/wp-json\/wp\/v2\/product\/3193","targetHints":{"allow":["GET"]}}],"collection":[{"href":"https:\/\/www.wolframcarbide.com\/es\/wp-json\/wp\/v2\/product"}],"about":[{"href":"https:\/\/www.wolframcarbide.com\/es\/wp-json\/wp\/v2\/types\/product"}],"wp:featuredmedia":[{"embeddable":true,"href":"https:\/\/www.wolframcarbide.com\/es\/wp-json\/wp\/v2\/media\/3194"}],"wp:attachment":[{"href":"https:\/\/www.wolframcarbide.com\/es\/wp-json\/wp\/v2\/media?parent=3193"}],"wp:term":[{"taxonomy":"product_brand","embeddable":true,"href":"https:\/\/www.wolframcarbide.com\/es\/wp-json\/wp\/v2\/product_brand?post=3193"},{"taxonomy":"product_cat","embeddable":true,"href":"https:\/\/www.wolframcarbide.com\/es\/wp-json\/wp\/v2\/product_cat?post=3193"},{"taxonomy":"product_tag","embeddable":true,"href":"https:\/\/www.wolframcarbide.com\/es\/wp-json\/wp\/v2\/product_tag?post=3193"}],"curies":[{"name":"wp","href":"https:\/\/api.w.org\/{rel}","templated":true}]}}