{"id":3085,"date":"2025-05-01T14:21:23","date_gmt":"2025-05-01T06:21:23","guid":{"rendered":"https:\/\/www.wolframcarbide.com\/?post_type=product&#038;p=3085"},"modified":"2025-08-02T22:22:08","modified_gmt":"2025-08-02T14:22:08","slug":"piezas-de-desgaste-de-carburo-de-tungsteno-de-alta-calidad-para-trituracion-minera","status":"publish","type":"product","link":"https:\/\/www.wolframcarbide.com\/es\/product\/high-quality-tungsten-carbide-wear-parts-for-mining-crushing\/","title":{"rendered":"Piezas de desgaste de carburo de tungsteno de alta calidad para trituraci\u00f3n minera"},"content":{"rendered":"<h5><strong>Tungsten carbide wear parts for mining crushing grades:<\/strong><\/h5>\n<table style=\"height: 494px;\" width=\"523\">\n<tbody>\n<tr>\n<td style=\"text-align: center;\" width=\"252\"><strong>Grade<\/strong><\/td>\n<td style=\"text-align: center;\" width=\"236\"><strong>Co(%)<\/strong><\/td>\n<td style=\"text-align: center;\" width=\"249\"><strong>Density<\/strong><br \/>\n<strong>(g\/cm\u00b3)<\/strong><\/td>\n<td style=\"text-align: center;\" width=\"248\"><strong>Hardness<\/strong><br \/>\n<strong>(HRA)<\/strong><\/td>\n<td style=\"text-align: center;\" width=\"516\"><strong>Average Grain Size<\/strong><br \/>\n<strong>(\u03bcm)<\/strong><\/td>\n<td style=\"text-align: center;\" width=\"388\"><a href=\"https:\/\/en.wikipedia.org\/wiki\/Flexural_strength\" rel=\"nofollow noopener\" target=\"_blank\"><strong>TRS<\/strong><\/a><br \/>\n<strong>(N\/mm\u00b2)<\/strong><\/td>\n<\/tr>\n<tr>\n<td style=\"text-align: center;\" width=\"252\">BK5<\/td>\n<td style=\"text-align: center;\" width=\"236\">6<\/td>\n<td style=\"text-align: center;\" width=\"249\">14.90<\/td>\n<td style=\"text-align: center;\" width=\"248\">88.0<\/td>\n<td style=\"text-align: center;\" width=\"516\">3-5<\/td>\n<td style=\"text-align: center;\" width=\"388\">2300<\/td>\n<\/tr>\n<tr>\n<td style=\"text-align: center;\" width=\"252\">BK3<\/td>\n<td style=\"text-align: center;\" width=\"236\">8<\/td>\n<td style=\"text-align: center;\" width=\"249\">14.70<\/td>\n<td style=\"text-align: center;\" width=\"248\">87.0<\/td>\n<td style=\"text-align: center;\" width=\"516\">3-5<\/td>\n<td style=\"text-align: center;\" width=\"388\">2400<\/td>\n<\/tr>\n<tr>\n<td style=\"text-align: center;\" width=\"252\">BK2<\/td>\n<td style=\"text-align: center;\" width=\"236\">9<\/td>\n<td style=\"text-align: center;\" width=\"249\">14.60<\/td>\n<td style=\"text-align: center;\" width=\"248\">86.7<\/td>\n<td style=\"text-align: center;\" width=\"516\">3-5<\/td>\n<td style=\"text-align: center;\" width=\"388\">2450<\/td>\n<\/tr>\n<tr>\n<td style=\"text-align: center;\" width=\"252\">BK1<\/td>\n<td style=\"text-align: center;\" width=\"236\">10<\/td>\n<td style=\"text-align: center;\" width=\"249\">14.50<\/td>\n<td style=\"text-align: center;\" width=\"248\">86.3<\/td>\n<td style=\"text-align: center;\" width=\"516\">3-5<\/td>\n<td style=\"text-align: center;\" width=\"388\">2500<\/td>\n<\/tr>\n<tr>\n<td style=\"text-align: center;\" width=\"252\">BK13<\/td>\n<td style=\"text-align: center;\" width=\"236\">13<\/td>\n<td style=\"text-align: center;\" width=\"249\">14.20<\/td>\n<td style=\"text-align: center;\" width=\"248\">85.5<\/td>\n<td style=\"text-align: center;\" width=\"516\">3-5<\/td>\n<td style=\"text-align: center;\" width=\"388\">2700<\/td>\n<\/tr>\n<tr>\n<td style=\"text-align: center;\" width=\"252\">BK15<\/td>\n<td style=\"text-align: center;\" width=\"236\">15<\/td>\n<td style=\"text-align: center;\" width=\"249\">14.00<\/td>\n<td style=\"text-align: center;\" width=\"248\">84.5<\/td>\n<td style=\"text-align: center;\" width=\"516\">3-5<\/td>\n<td style=\"text-align: center;\" width=\"388\">2900<\/td>\n<\/tr>\n<tr>\n<td style=\"text-align: center;\" width=\"252\">BCK13<\/td>\n<td style=\"text-align: center;\" width=\"236\">13<\/td>\n<td style=\"text-align: center;\" width=\"249\">14.20<\/td>\n<td style=\"text-align: center;\" width=\"248\">85.0<\/td>\n<td style=\"text-align: center;\" width=\"516\">4-7<\/td>\n<td style=\"text-align: center;\" width=\"388\">2650<\/td>\n<\/tr>\n<tr>\n<td style=\"text-align: center;\" width=\"252\">YG11C<\/td>\n<td style=\"text-align: center;\" width=\"236\">11<\/td>\n<td style=\"text-align: center;\" width=\"249\">14.40<\/td>\n<td style=\"text-align: center;\" width=\"248\">86.5<\/td>\n<td style=\"text-align: center;\" width=\"516\">2-3<\/td>\n<td style=\"text-align: center;\" width=\"388\">2450<\/td>\n<\/tr>\n<tr>\n<td style=\"text-align: center;\" width=\"252\">YG13C<\/td>\n<td style=\"text-align: center;\" width=\"236\">12<\/td>\n<td style=\"text-align: center;\" width=\"249\">14.30<\/td>\n<td style=\"text-align: center;\" width=\"248\">86.0<\/td>\n<td style=\"text-align: center;\" width=\"516\">2-3<\/td>\n<td style=\"text-align: center;\" width=\"388\">2500<\/td>\n<\/tr>\n<tr>\n<td style=\"text-align: center;\" width=\"252\">YG15C<\/td>\n<td style=\"text-align: center;\" width=\"236\">14<\/td>\n<td style=\"text-align: center;\" width=\"249\">14.10<\/td>\n<td style=\"text-align: center;\" width=\"248\">85.5<\/td>\n<td style=\"text-align: center;\" width=\"516\">2-3<\/td>\n<td style=\"text-align: center;\" width=\"388\">2600<\/td>\n<\/tr>\n<\/tbody>\n<\/table>\n<h5><strong>Tungsten carbide wear parts for mining crushing details:<\/strong><\/h5>\n<p><img loading=\"lazy\" decoding=\"async\" class=\"alignnone wp-image-3086\" src=\"https:\/\/www.wolframcarbide.com\/wp-content\/uploads\/2025\/05\/tungsten-carbide-wear-parts-for-mining-crushing-2.jpg\" alt=\"tungsten carbide wear parts for mining crushing\" width=\"623\" height=\"467\" title=\"\" srcset=\"https:\/\/www.wolframcarbide.com\/wp-content\/uploads\/2025\/05\/tungsten-carbide-wear-parts-for-mining-crushing-2.jpg 800w, https:\/\/www.wolframcarbide.com\/wp-content\/uploads\/2025\/05\/tungsten-carbide-wear-parts-for-mining-crushing-2-300x225.jpg 300w, https:\/\/www.wolframcarbide.com\/wp-content\/uploads\/2025\/05\/tungsten-carbide-wear-parts-for-mining-crushing-2-768x576.jpg 768w, https:\/\/www.wolframcarbide.com\/wp-content\/uploads\/2025\/05\/tungsten-carbide-wear-parts-for-mining-crushing-2-16x12.jpg 16w, https:\/\/www.wolframcarbide.com\/wp-content\/uploads\/2025\/05\/tungsten-carbide-wear-parts-for-mining-crushing-2-600x450.jpg 600w\" sizes=\"auto, (max-width: 623px) 100vw, 623px\" \/><\/p>\n<p><a href=\"https:\/\/www.wolframcarbide.com\/product-category\/tungsten-carbide-buttons-and-inserts-for-mining-and-construction\/\"><img loading=\"lazy\" decoding=\"async\" class=\"alignnone wp-image-3087\" src=\"https:\/\/www.wolframcarbide.com\/wp-content\/uploads\/2025\/05\/tungsten-carbide-wear-parts-for-mining-crushing-1.jpg\" alt=\"tungsten carbide wear parts \" width=\"618\" height=\"464\" title=\"\" srcset=\"https:\/\/www.wolframcarbide.com\/wp-content\/uploads\/2025\/05\/tungsten-carbide-wear-parts-for-mining-crushing-1.jpg 800w, https:\/\/www.wolframcarbide.com\/wp-content\/uploads\/2025\/05\/tungsten-carbide-wear-parts-for-mining-crushing-1-300x225.jpg 300w, https:\/\/www.wolframcarbide.com\/wp-content\/uploads\/2025\/05\/tungsten-carbide-wear-parts-for-mining-crushing-1-768x576.jpg 768w, https:\/\/www.wolframcarbide.com\/wp-content\/uploads\/2025\/05\/tungsten-carbide-wear-parts-for-mining-crushing-1-16x12.jpg 16w, https:\/\/www.wolframcarbide.com\/wp-content\/uploads\/2025\/05\/tungsten-carbide-wear-parts-for-mining-crushing-1-600x450.jpg 600w\" sizes=\"auto, (max-width: 618px) 100vw, 618px\" \/><\/a><\/p>\n<p><img loading=\"lazy\" decoding=\"async\" class=\"alignnone wp-image-3088\" src=\"https:\/\/www.wolframcarbide.com\/wp-content\/uploads\/2025\/05\/tungsten-carbide-wear-parts-.jpg\" alt=\"tungsten carbide wear parts \" width=\"618\" height=\"412\" title=\"\" srcset=\"https:\/\/www.wolframcarbide.com\/wp-content\/uploads\/2025\/05\/tungsten-carbide-wear-parts-.jpg 800w, https:\/\/www.wolframcarbide.com\/wp-content\/uploads\/2025\/05\/tungsten-carbide-wear-parts--300x200.jpg 300w, https:\/\/www.wolframcarbide.com\/wp-content\/uploads\/2025\/05\/tungsten-carbide-wear-parts--768x512.jpg 768w, https:\/\/www.wolframcarbide.com\/wp-content\/uploads\/2025\/05\/tungsten-carbide-wear-parts--18x12.jpg 18w, https:\/\/www.wolframcarbide.com\/wp-content\/uploads\/2025\/05\/tungsten-carbide-wear-parts--600x400.jpg 600w\" sizes=\"auto, (max-width: 618px) 100vw, 618px\" \/><\/p>\n<p>&nbsp;<\/p>\n<p>Our customer background for carbide inserts: We supply tungsten carbide inserts for China Railway Group (CREC),Vermeer, etc.<\/p>\n<p>&nbsp;<\/p>\n<p><strong>Please send us inquiries for quotations and free samples for testing:<\/strong><\/p>\n<div class=\"wpforms-container \" id=\"wpforms-2333\"><form id=\"wpforms-form-2333\" class=\"wpforms-validate wpforms-form wpforms-ajax-form\" data-formid=\"2333\" method=\"post\" enctype=\"multipart\/form-data\" action=\"\/es\/wp-json\/wp\/v2\/product\/3085\" data-token=\"c62ade9d0653060c05eb6a4aaeca6372\" data-token-time=\"1775562634\"><noscript class=\"wpforms-error-noscript\">Por favor, activa JavaScript en tu navegador para completar este formulario.<\/noscript><div class=\"wpforms-field-container\"><div id=\"wpforms-2333-field_1-container\" class=\"wpforms-field wpforms-field-name\" data-field-id=\"1\"><label class=\"wpforms-field-label\" for=\"wpforms-2333-field_1\">Name <span class=\"wpforms-required-label\">*<\/span><\/label><input type=\"text\" id=\"wpforms-2333-field_1\" class=\"wpforms-field-medium wpforms-field-required\" name=\"wpforms[fields][1]\" required><\/div><div id=\"wpforms-2333-field_2-container\" class=\"wpforms-field wpforms-field-text\" data-field-id=\"2\"><label class=\"wpforms-field-label\" for=\"wpforms-2333-field_2\">Company Name<\/label><input type=\"text\" id=\"wpforms-2333-field_2\" class=\"wpforms-field-medium\" name=\"wpforms[fields][2]\" ><\/div><div id=\"wpforms-2333-field_3-container\" class=\"wpforms-field wpforms-field-email\" data-field-id=\"3\"><label class=\"wpforms-field-label\" for=\"wpforms-2333-field_3\">Email <span class=\"wpforms-required-label\">*<\/span><\/label><input type=\"email\" id=\"wpforms-2333-field_3\" class=\"wpforms-field-medium wpforms-field-required\" name=\"wpforms[fields][3]\" spellcheck=\"false\" required><\/div>\t\t<div id=\"wpforms-2333-field_5-container\"\n\t\t\tclass=\"wpforms-field wpforms-field-text\"\n\t\t\tdata-field-type=\"text\"\n\t\t\tdata-field-id=\"5\"\n\t\t\t>\n\t\t\t<label class=\"wpforms-field-label\" for=\"wpforms-2333-field_5\" >Company Message Name<\/label>\n\t\t\t<input type=\"text\" id=\"wpforms-2333-field_5\" class=\"wpforms-field-medium\" name=\"wpforms[fields][5]\" >\n\t\t<\/div>\n\t\t<div id=\"wpforms-2333-field_4-container\" class=\"wpforms-field wpforms-field-textarea\" data-field-id=\"4\"><label class=\"wpforms-field-label\" for=\"wpforms-2333-field_4\">Message <span class=\"wpforms-required-label\">*<\/span><\/label><textarea id=\"wpforms-2333-field_4\" class=\"wpforms-field-medium wpforms-field-required\" name=\"wpforms[fields][4]\" required><\/textarea><\/div><script>\n\t\t\t\t( function() {\n\t\t\t\t\tconst style = document.createElement( 'style' );\n\t\t\t\t\tstyle.appendChild( document.createTextNode( '#wpforms-2333-field_5-container { position: absolute !important; overflow: hidden !important; display: inline !important; height: 1px !important; width: 1px !important; z-index: -1000 !important; padding: 0 !important; } #wpforms-2333-field_5-container input { visibility: hidden; } #wpforms-conversational-form-page #wpforms-2333-field_5-container label { counter-increment: none; }' ) );\n\t\t\t\t\tdocument.head.appendChild( style );\n\t\t\t\t\tdocument.currentScript?.remove();\n\t\t\t\t} )();\n\t\t\t<\/script><\/div><!-- .wpforms-field-container --><div class=\"wpforms-submit-container\" ><input type=\"hidden\" name=\"wpforms[id]\" value=\"2333\"><input type=\"hidden\" name=\"page_title\" value=\"\"><input type=\"hidden\" name=\"page_url\" value=\"https:\/\/www.wolframcarbide.com\/es\/wp-json\/wp\/v2\/product\/3085\"><input type=\"hidden\" name=\"url_referer\" value=\"\"><button type=\"submit\" name=\"wpforms[submit]\" id=\"wpforms-submit-2333\" class=\"wpforms-submit\" data-alt-text=\"Sending\u2026\" data-submit-text=\"Send Inquiry\" aria-live=\"assertive\" value=\"wpforms-submit\">Send Inquiry<\/button><img loading=\"lazy\" decoding=\"async\" src=\"https:\/\/www.wolframcarbide.com\/wp-content\/plugins\/wpforms-lite\/assets\/images\/submit-spin.svg\" class=\"wpforms-submit-spinner\" style=\"display: none;\" width=\"26\" height=\"26\" alt=\"Cargando\" title=\"\"><\/div><\/form><\/div>  <!-- .wpforms-container -->\n","protected":false},"excerpt":{"rendered":"<p>Piezas de desgaste de carburo de tungsteno para trituraci\u00f3n minera.<\/p>\n<p>Tama\u00f1os de las piezas de desgaste de carburo : Seg\u00fan sus planos.<\/p>\n<p>Tolerancia: Superficie de sinterizaci\u00f3n \u00b10,1 .<\/p>\n<ol>\n<li>Selecci\u00f3n de la materia prima: Se prefiere el polvo de carburo de tungsteno de alta calidad. Material virgen 100%.<\/li>\n<li>Horno de sinterizaci\u00f3n de PVA importado de Alemania. Sinterizaci\u00f3n HIP. Que puede mantener las piezas de desgaste de carburo de tungsteno en alta densidad, <strong>Gran resistencia al desgaste<\/strong>,<strong> alto rendimiento<\/strong>,<strong>\u00a0mayor durabilidad y vida \u00fatil prolongada<\/strong>.<\/li>\n<li>Ingenieros profesionales y equipos de inspecci\u00f3n de calidad garantizan la inspecci\u00f3n del proceso del producto y la inspecci\u00f3n de aceptaci\u00f3n para asegurar una calidad estable de las plaquitas de metal duro y evitar que se env\u00eden productos no cualificados.<\/li>\n<li><strong>M\u00e1s de 40 a\u00f1os de experiencia en fabricaci\u00f3n.<\/strong><\/li>\n<li><strong>El rendimiento y la vida \u00fatil de las piezas de desgaste de carburo de tungsteno se aproximan a los 90-97% de Guhringg, Ceratizitt, Boehleritt y Kennametall.<\/strong><\/li>\n<\/ol>","protected":false},"featured_media":3089,"template":"","meta":{"_uag_custom_page_level_css":"","site-sidebar-layout":"default","site-content-layout":"","ast-site-content-layout":"default","site-content-style":"default","site-sidebar-style":"default","ast-global-header-display":"","ast-banner-title-visibility":"","ast-main-header-display":"","ast-hfb-above-header-display":"","ast-hfb-below-header-display":"","ast-hfb-mobile-header-display":"","site-post-title":"","ast-breadcrumbs-content":"","ast-featured-img":"","footer-sml-layout":"","theme-transparent-header-meta":"default","adv-header-id-meta":"","stick-header-meta":"","header-above-stick-meta":"","header-main-stick-meta":"","header-below-stick-meta":"","astra-migrate-meta-layouts":"set","ast-page-background-enabled":"default","ast-page-background-meta":{"desktop":{"background-color":"var(--ast-global-color-4)","background-image":"","background-repeat":"repeat","background-position":"center center","background-size":"auto","background-attachment":"scroll","background-type":"","background-media":"","overlay-type":"","overlay-color":"","overlay-opacity":"","overlay-gradient":""},"tablet":{"background-color":"","background-image":"","background-repeat":"repeat","background-position":"center center","background-size":"auto","background-attachment":"scroll","background-type":"","background-media":"","overlay-type":"","overlay-color":"","overlay-opacity":"","overlay-gradient":""},"mobile":{"background-color":"","background-image":"","background-repeat":"repeat","background-position":"center center","background-size":"auto","background-attachment":"scroll","background-type":"","background-media":"","overlay-type":"","overlay-color":"","overlay-opacity":"","overlay-gradient":""}},"ast-content-background-meta":{"desktop":{"background-color":"var(--ast-global-color-5)","background-image":"","background-repeat":"repeat","background-position":"center center","background-size":"auto","background-attachment":"scroll","background-type":"","background-media":"","overlay-type":"","overlay-color":"","overlay-opacity":"","overlay-gradient":""},"tablet":{"background-color":"var(--ast-global-color-5)","background-image":"","background-repeat":"repeat","background-position":"center center","background-size":"auto","background-attachment":"scroll","background-type":"","background-media":"","overlay-type":"","overlay-color":"","overlay-opacity":"","overlay-gradient":""},"mobile":{"background-color":"var(--ast-global-color-5)","background-image":"","background-repeat":"repeat","background-position":"center center","background-size":"auto","background-attachment":"scroll","background-type":"","background-media":"","overlay-type":"","overlay-color":"","overlay-opacity":"","overlay-gradient":""}},"_joinchat":[]},"product_brand":[],"product_cat":[21],"product_tag":[],"class_list":{"0":"post-3085","1":"product","2":"type-product","3":"status-publish","4":"has-post-thumbnail","6":"product_cat-tungsten-carbide-buttons-and-inserts-for-mining-and-construction","7":"desktop-align-left","8":"tablet-align-left","9":"mobile-align-left","11":"first","12":"instock","13":"shipping-taxable","14":"product-type-simple"},"uagb_featured_image_src":{"full":["https:\/\/www.wolframcarbide.com\/wp-content\/uploads\/2025\/05\/tungsten-carbide-wear-parts-for-mining-crushing.jpg",600,600,false],"thumbnail":["https:\/\/www.wolframcarbide.com\/wp-content\/uploads\/2025\/05\/tungsten-carbide-wear-parts-for-mining-crushing-150x150.jpg",150,150,true],"medium":["https:\/\/www.wolframcarbide.com\/wp-content\/uploads\/2025\/05\/tungsten-carbide-wear-parts-for-mining-crushing-300x300.jpg",300,300,true],"medium_large":["https:\/\/www.wolframcarbide.com\/wp-content\/uploads\/2025\/05\/tungsten-carbide-wear-parts-for-mining-crushing.jpg",600,600,false],"large":["https:\/\/www.wolframcarbide.com\/wp-content\/uploads\/2025\/05\/tungsten-carbide-wear-parts-for-mining-crushing.jpg",600,600,false],"1536x1536":["https:\/\/www.wolframcarbide.com\/wp-content\/uploads\/2025\/05\/tungsten-carbide-wear-parts-for-mining-crushing.jpg",600,600,false],"2048x2048":["https:\/\/www.wolframcarbide.com\/wp-content\/uploads\/2025\/05\/tungsten-carbide-wear-parts-for-mining-crushing.jpg",600,600,false],"trp-custom-language-flag":["https:\/\/www.wolframcarbide.com\/wp-content\/uploads\/2025\/05\/tungsten-carbide-wear-parts-for-mining-crushing-12x12.jpg",12,12,true],"woocommerce_thumbnail":["https:\/\/www.wolframcarbide.com\/wp-content\/uploads\/2025\/05\/tungsten-carbide-wear-parts-for-mining-crushing-300x300.jpg",300,300,true],"woocommerce_single":["https:\/\/www.wolframcarbide.com\/wp-content\/uploads\/2025\/05\/tungsten-carbide-wear-parts-for-mining-crushing.jpg",600,600,false],"woocommerce_gallery_thumbnail":["https:\/\/www.wolframcarbide.com\/wp-content\/uploads\/2025\/05\/tungsten-carbide-wear-parts-for-mining-crushing-100x100.jpg",100,100,true]},"uagb_author_info":{"display_name":"admin","author_link":"https:\/\/www.wolframcarbide.com\/es\/author\/"},"uagb_comment_info":0,"uagb_excerpt":"Tungsten carbide wear parts for mining crushing. Carbide wear part sizes : As per your drawings. Tolerance: Sinter surface \u00b10.1 . Raw material selection: High quality tungsten carbide powder is preferred. 100% virgin material. Imported German PVA sintering furnace. HIP sintering. Which can keep Tungsten carbide wear parts in high density, High wear resistance, high-performance,\u00a0extended&hellip;","_links":{"self":[{"href":"https:\/\/www.wolframcarbide.com\/es\/wp-json\/wp\/v2\/product\/3085","targetHints":{"allow":["GET"]}}],"collection":[{"href":"https:\/\/www.wolframcarbide.com\/es\/wp-json\/wp\/v2\/product"}],"about":[{"href":"https:\/\/www.wolframcarbide.com\/es\/wp-json\/wp\/v2\/types\/product"}],"wp:featuredmedia":[{"embeddable":true,"href":"https:\/\/www.wolframcarbide.com\/es\/wp-json\/wp\/v2\/media\/3089"}],"wp:attachment":[{"href":"https:\/\/www.wolframcarbide.com\/es\/wp-json\/wp\/v2\/media?parent=3085"}],"wp:term":[{"taxonomy":"product_brand","embeddable":true,"href":"https:\/\/www.wolframcarbide.com\/es\/wp-json\/wp\/v2\/product_brand?post=3085"},{"taxonomy":"product_cat","embeddable":true,"href":"https:\/\/www.wolframcarbide.com\/es\/wp-json\/wp\/v2\/product_cat?post=3085"},{"taxonomy":"product_tag","embeddable":true,"href":"https:\/\/www.wolframcarbide.com\/es\/wp-json\/wp\/v2\/product_tag?post=3085"}],"curies":[{"name":"wp","href":"https:\/\/api.w.org\/{rel}","templated":true}]}}