{"id":2901,"date":"2025-02-10T16:04:53","date_gmt":"2025-02-10T08:04:53","guid":{"rendered":"https:\/\/www.wolframcarbide.com\/?post_type=product&#038;p=2901"},"modified":"2025-05-24T17:28:39","modified_gmt":"2025-05-24T09:28:39","slug":"fabricantes-de-plaquitas-de-carburo-de-tungsteno","status":"publish","type":"product","link":"https:\/\/www.wolframcarbide.com\/es\/product\/tungsten-carbide-inserts-manufacturers\/","title":{"rendered":"Fabricantes de plaquitas de carburo de tungsteno de alta gama"},"content":{"rendered":"<h5><strong>Tungsten carbide inserts model;<\/strong><\/h5>\n<p><img loading=\"lazy\" decoding=\"async\" class=\"alignnone wp-image-2845\" src=\"https:\/\/www.wolframcarbide.com\/wp-content\/uploads\/2025\/01\/carbide-insert-drawing-11.jpg\" alt=\"carbide insert drawing\" width=\"261\" height=\"139\" title=\"\"><\/p>\n<p><img loading=\"lazy\" decoding=\"async\" class=\"alignnone size-full wp-image-2843\" src=\"https:\/\/www.wolframcarbide.com\/wp-content\/uploads\/2025\/01\/carbide-insert-model.png\" alt=\"carbide insert model\" width=\"600\" height=\"496\" title=\"\" srcset=\"https:\/\/www.wolframcarbide.com\/wp-content\/uploads\/2025\/01\/carbide-insert-model.png 600w, https:\/\/www.wolframcarbide.com\/wp-content\/uploads\/2025\/01\/carbide-insert-model-300x248.png 300w\" sizes=\"auto, (max-width: 600px) 100vw, 600px\" \/><\/p>\n<h5><\/h5>\n<h5><strong>Different types of tungsten carbide inserts:<\/strong><\/h5>\n<p><strong>Carbide turning inserts for lathe:<\/strong><\/p>\n<p><a href=\"https:\/\/www.wolframcarbide.com\/product-category\/carbide-inserts-for-cnc-machine\/\"><img loading=\"lazy\" decoding=\"async\" class=\"alignnone size-full wp-image-2870\" src=\"https:\/\/www.wolframcarbide.com\/wp-content\/uploads\/2025\/02\/carbide-insert-1-1-p_p.jpg\" alt=\"\" width=\"600\" height=\"600\" title=\"\" srcset=\"https:\/\/www.wolframcarbide.com\/wp-content\/uploads\/2025\/02\/carbide-insert-1-1-p_p.jpg 600w, https:\/\/www.wolframcarbide.com\/wp-content\/uploads\/2025\/02\/carbide-insert-1-1-p_p-300x300.jpg 300w, https:\/\/www.wolframcarbide.com\/wp-content\/uploads\/2025\/02\/carbide-insert-1-1-p_p-150x150.jpg 150w, https:\/\/www.wolframcarbide.com\/wp-content\/uploads\/2025\/02\/carbide-insert-1-1-p_p-100x100.jpg 100w\" sizes=\"auto, (max-width: 600px) 100vw, 600px\" \/><\/a><\/p>\n<p><img loading=\"lazy\" decoding=\"async\" class=\"alignnone size-full wp-image-2871\" src=\"https:\/\/www.wolframcarbide.com\/wp-content\/uploads\/2025\/02\/carbide-insert-2-2_p1_p1.jpg\" alt=\"carbide inserts\" width=\"600\" height=\"600\" title=\"\" srcset=\"https:\/\/www.wolframcarbide.com\/wp-content\/uploads\/2025\/02\/carbide-insert-2-2_p1_p1.jpg 600w, https:\/\/www.wolframcarbide.com\/wp-content\/uploads\/2025\/02\/carbide-insert-2-2_p1_p1-300x300.jpg 300w, https:\/\/www.wolframcarbide.com\/wp-content\/uploads\/2025\/02\/carbide-insert-2-2_p1_p1-150x150.jpg 150w, https:\/\/www.wolframcarbide.com\/wp-content\/uploads\/2025\/02\/carbide-insert-2-2_p1_p1-100x100.jpg 100w\" sizes=\"auto, (max-width: 600px) 100vw, 600px\" \/><\/p>\n<p><img loading=\"lazy\" decoding=\"async\" class=\"alignnone size-full wp-image-2872\" src=\"https:\/\/www.wolframcarbide.com\/wp-content\/uploads\/2025\/02\/carbide-insert-3-3_p_p.jpg\" alt=\"carbide inserts manufacturers\" width=\"600\" height=\"600\" title=\"\" srcset=\"https:\/\/www.wolframcarbide.com\/wp-content\/uploads\/2025\/02\/carbide-insert-3-3_p_p.jpg 600w, https:\/\/www.wolframcarbide.com\/wp-content\/uploads\/2025\/02\/carbide-insert-3-3_p_p-300x300.jpg 300w, https:\/\/www.wolframcarbide.com\/wp-content\/uploads\/2025\/02\/carbide-insert-3-3_p_p-150x150.jpg 150w, https:\/\/www.wolframcarbide.com\/wp-content\/uploads\/2025\/02\/carbide-insert-3-3_p_p-100x100.jpg 100w\" sizes=\"auto, (max-width: 600px) 100vw, 600px\" \/><\/p>\n<p>&nbsp;<\/p>\n<p><strong>Tungsten carbide round inserts for tuning-lathe:<\/strong><\/p>\n<p><img loading=\"lazy\" decoding=\"async\" class=\"alignnone size-full wp-image-2875\" src=\"https:\/\/www.wolframcarbide.com\/wp-content\/uploads\/2025\/02\/carbide-insert-8-8_p_p.jpg\" alt=\"carbide round inserts\" width=\"600\" height=\"600\" title=\"\" srcset=\"https:\/\/www.wolframcarbide.com\/wp-content\/uploads\/2025\/02\/carbide-insert-8-8_p_p.jpg 600w, https:\/\/www.wolframcarbide.com\/wp-content\/uploads\/2025\/02\/carbide-insert-8-8_p_p-300x300.jpg 300w, https:\/\/www.wolframcarbide.com\/wp-content\/uploads\/2025\/02\/carbide-insert-8-8_p_p-150x150.jpg 150w, https:\/\/www.wolframcarbide.com\/wp-content\/uploads\/2025\/02\/carbide-insert-8-8_p_p-100x100.jpg 100w\" sizes=\"auto, (max-width: 600px) 100vw, 600px\" \/><\/p>\n<p>&nbsp;<\/p>\n<p><strong>Tungsten carbide grooving inserts for lathe:<\/strong><\/p>\n<p><img loading=\"lazy\" decoding=\"async\" class=\"alignnone size-full wp-image-2876\" src=\"https:\/\/www.wolframcarbide.com\/wp-content\/uploads\/2025\/02\/Carbideinsert-5-5_p_p.jpg\" alt=\"carbide grooving inserts\" width=\"600\" height=\"600\" title=\"\" srcset=\"https:\/\/www.wolframcarbide.com\/wp-content\/uploads\/2025\/02\/Carbideinsert-5-5_p_p.jpg 600w, https:\/\/www.wolframcarbide.com\/wp-content\/uploads\/2025\/02\/Carbideinsert-5-5_p_p-300x300.jpg 300w, https:\/\/www.wolframcarbide.com\/wp-content\/uploads\/2025\/02\/Carbideinsert-5-5_p_p-150x150.jpg 150w, https:\/\/www.wolframcarbide.com\/wp-content\/uploads\/2025\/02\/Carbideinsert-5-5_p_p-100x100.jpg 100w\" sizes=\"auto, (max-width: 600px) 100vw, 600px\" \/><\/p>\n<p>&nbsp;<\/p>\n<p><strong>Tungsten carbide milling inserts for milling machine:<\/strong><\/p>\n<p><a href=\"https:\/\/www.wolframcarbide.com\/product\/apmt1604-carbide-inserts\/\"><img loading=\"lazy\" decoding=\"async\" class=\"alignnone size-full wp-image-2873\" src=\"https:\/\/www.wolframcarbide.com\/wp-content\/uploads\/2025\/02\/carbide-insert-6-6_p_p.jpg\" alt=\"Carbide milling inserts\" width=\"600\" height=\"600\" title=\"\" srcset=\"https:\/\/www.wolframcarbide.com\/wp-content\/uploads\/2025\/02\/carbide-insert-6-6_p_p.jpg 600w, https:\/\/www.wolframcarbide.com\/wp-content\/uploads\/2025\/02\/carbide-insert-6-6_p_p-300x300.jpg 300w, https:\/\/www.wolframcarbide.com\/wp-content\/uploads\/2025\/02\/carbide-insert-6-6_p_p-150x150.jpg 150w, https:\/\/www.wolframcarbide.com\/wp-content\/uploads\/2025\/02\/carbide-insert-6-6_p_p-100x100.jpg 100w\" sizes=\"auto, (max-width: 600px) 100vw, 600px\" \/><\/a><\/p>\n<p><img loading=\"lazy\" decoding=\"async\" class=\"alignnone size-full wp-image-2874\" src=\"https:\/\/www.wolframcarbide.com\/wp-content\/uploads\/2025\/02\/carbide-insert-7-7_p_p.jpg\" alt=\"carbide milling insert for milling lathe\" width=\"600\" height=\"600\" title=\"\" srcset=\"https:\/\/www.wolframcarbide.com\/wp-content\/uploads\/2025\/02\/carbide-insert-7-7_p_p.jpg 600w, https:\/\/www.wolframcarbide.com\/wp-content\/uploads\/2025\/02\/carbide-insert-7-7_p_p-300x300.jpg 300w, https:\/\/www.wolframcarbide.com\/wp-content\/uploads\/2025\/02\/carbide-insert-7-7_p_p-150x150.jpg 150w, https:\/\/www.wolframcarbide.com\/wp-content\/uploads\/2025\/02\/carbide-insert-7-7_p_p-100x100.jpg 100w\" sizes=\"auto, (max-width: 600px) 100vw, 600px\" \/><\/p>\n<p>&nbsp;<\/p>\n<h5><strong>Metal materials that can be processed:<\/strong><\/h5>\n<p>1. Stainless steel 304\/316.<\/p>\n<p>2. Carbon steel, alloy steel and <a href=\"https:\/\/en.wikipedia.org\/wiki\/Tempering_(metallurgy)\" rel=\"nofollow noopener\" target=\"_blank\">quenched and tempered steel<\/a>.<\/p>\n<p>3. Cast iron and alloy cast iron.<\/p>\n<p>&nbsp;<\/p>\n<h5><strong>Support customized packaging.<\/strong><\/h5>\n<p>&nbsp;<\/p>\n<p><strong>Please send us inquiries for quotations and free samples for testing:<\/strong><\/p>\n<p>&nbsp;<\/p>\n<div class=\"wpforms-container \" id=\"wpforms-2333\"><form id=\"wpforms-form-2333\" class=\"wpforms-validate wpforms-form wpforms-ajax-form\" data-formid=\"2333\" method=\"post\" enctype=\"multipart\/form-data\" action=\"\/es\/wp-json\/wp\/v2\/product\/2901\" data-token=\"e5ab9aa1c5ae12560bb38396d25419a1\" data-token-time=\"1776349999\"><noscript class=\"wpforms-error-noscript\">Por favor, activa JavaScript en tu navegador para completar este formulario.<\/noscript><div class=\"wpforms-field-container\"><div id=\"wpforms-2333-field_1-container\" class=\"wpforms-field wpforms-field-name\" data-field-id=\"1\"><label class=\"wpforms-field-label\" for=\"wpforms-2333-field_1\">Name <span class=\"wpforms-required-label\">*<\/span><\/label><input type=\"text\" id=\"wpforms-2333-field_1\" class=\"wpforms-field-medium wpforms-field-required\" name=\"wpforms[fields][1]\" required><\/div>\t\t<div id=\"wpforms-2333-field_5-container\"\n\t\t\tclass=\"wpforms-field wpforms-field-text\"\n\t\t\tdata-field-type=\"text\"\n\t\t\tdata-field-id=\"5\"\n\t\t\t>\n\t\t\t<label class=\"wpforms-field-label\" for=\"wpforms-2333-field_5\" >Company Message Email<\/label>\n\t\t\t<input type=\"text\" id=\"wpforms-2333-field_5\" class=\"wpforms-field-medium\" name=\"wpforms[fields][5]\" >\n\t\t<\/div>\n\t\t<div id=\"wpforms-2333-field_2-container\" class=\"wpforms-field wpforms-field-text\" data-field-id=\"2\"><label class=\"wpforms-field-label\" for=\"wpforms-2333-field_2\">Company Name<\/label><input type=\"text\" id=\"wpforms-2333-field_2\" class=\"wpforms-field-medium\" name=\"wpforms[fields][2]\" ><\/div><div id=\"wpforms-2333-field_3-container\" class=\"wpforms-field wpforms-field-email\" data-field-id=\"3\"><label class=\"wpforms-field-label\" for=\"wpforms-2333-field_3\">Email <span class=\"wpforms-required-label\">*<\/span><\/label><input type=\"email\" id=\"wpforms-2333-field_3\" class=\"wpforms-field-medium wpforms-field-required\" name=\"wpforms[fields][3]\" spellcheck=\"false\" required><\/div><div id=\"wpforms-2333-field_4-container\" class=\"wpforms-field wpforms-field-textarea\" data-field-id=\"4\"><label class=\"wpforms-field-label\" for=\"wpforms-2333-field_4\">Message <span class=\"wpforms-required-label\">*<\/span><\/label><textarea id=\"wpforms-2333-field_4\" class=\"wpforms-field-medium wpforms-field-required\" name=\"wpforms[fields][4]\" required><\/textarea><\/div><script>\n\t\t\t\t( function() {\n\t\t\t\t\tconst style = document.createElement( 'style' );\n\t\t\t\t\tstyle.appendChild( document.createTextNode( '#wpforms-2333-field_5-container { position: absolute !important; overflow: hidden !important; display: inline !important; height: 1px !important; width: 1px !important; z-index: -1000 !important; padding: 0 !important; } #wpforms-2333-field_5-container input { visibility: hidden; } #wpforms-conversational-form-page #wpforms-2333-field_5-container label { counter-increment: none; }' ) );\n\t\t\t\t\tdocument.head.appendChild( style );\n\t\t\t\t\tdocument.currentScript?.remove();\n\t\t\t\t} )();\n\t\t\t<\/script><\/div><!-- .wpforms-field-container --><div class=\"wpforms-submit-container\" ><input type=\"hidden\" name=\"wpforms[id]\" value=\"2333\"><input type=\"hidden\" name=\"page_title\" value=\"\"><input type=\"hidden\" name=\"page_url\" value=\"https:\/\/www.wolframcarbide.com\/es\/wp-json\/wp\/v2\/product\/2901\"><input type=\"hidden\" name=\"url_referer\" value=\"\"><button type=\"submit\" name=\"wpforms[submit]\" id=\"wpforms-submit-2333\" class=\"wpforms-submit\" data-alt-text=\"Sending\u2026\" data-submit-text=\"Send Inquiry\" aria-live=\"assertive\" value=\"wpforms-submit\">Send Inquiry<\/button><img loading=\"lazy\" decoding=\"async\" src=\"https:\/\/www.wolframcarbide.com\/wp-content\/plugins\/wpforms-lite\/assets\/images\/submit-spin.svg\" class=\"wpforms-submit-spinner\" style=\"display: none;\" width=\"26\" height=\"26\" alt=\"Cargando\" title=\"\"><\/div><\/form><\/div>  <!-- .wpforms-container -->\n<p>&nbsp;<\/p>\n","protected":false},"excerpt":{"rendered":"<p>Insertos de carburo de tungsteno\uff1a<\/p>\n<ol>\n<li>Selecci\u00f3n de la materia prima: Se prefiere el polvo de carburo de tungsteno de alta calidad. Material virgen 100%.<\/li>\n<li>Horno de sinterizaci\u00f3n de PVA importado de Alemania. Sinterizaci\u00f3n HIP. Que puede mantener insertos en alta densidad, alta dureza, <strong>Gran resistencia al desgaste<\/strong>Alta precisi\u00f3n y alta estabilidad, alto rendimiento.<\/li>\n<li>Recubrimiento CVD, recubrimiento PVD y recubrimiento con contenido de silicio de desarrollo propio, que pueden mejorar significativamente la resistencia al desgaste de las plaquitas de metal duro y prolongar su vida \u00fatil.<\/li>\n<li>Excelente resistencia al desgaste y rendimiento de corte.<\/li>\n<li><strong>Alta eficiencia y larga vida \u00fatil.<\/strong><\/li>\n<li>Centrarse en la investigaci\u00f3n y el desarrollo de herramientas, mejorar continuamente la calidad de las herramientas de corte y el dise\u00f1o de herramientas no est\u00e1ndar.<\/li>\n<li>Ingenieros profesionales y equipos de inspecci\u00f3n de calidad garantizan la inspecci\u00f3n del proceso del producto y la inspecci\u00f3n de aceptaci\u00f3n para asegurar la calidad estable del producto y evitar que se env\u00eden productos no cualificados.<\/li>\n<li><strong>M\u00e1s de 40 a\u00f1os de experiencia en fabricaci\u00f3n.<\/strong><\/li>\n<li><strong>El rendimiento y la vida \u00fatil de la plaquita de carburo de tungsteno se aproximan a los 90-95% de Walter, SECO, Coromant, Sandvik, Tungaloy, Kyocera, Widia y Kennametal.<\/strong><\/li>\n<\/ol>","protected":false},"featured_media":2902,"template":"","meta":{"_uag_custom_page_level_css":"","site-sidebar-layout":"default","site-content-layout":"","ast-site-content-layout":"default","site-content-style":"default","site-sidebar-style":"default","ast-global-header-display":"","ast-banner-title-visibility":"","ast-main-header-display":"","ast-hfb-above-header-display":"","ast-hfb-below-header-display":"","ast-hfb-mobile-header-display":"","site-post-title":"","ast-breadcrumbs-content":"","ast-featured-img":"","footer-sml-layout":"","theme-transparent-header-meta":"default","adv-header-id-meta":"","stick-header-meta":"","header-above-stick-meta":"","header-main-stick-meta":"","header-below-stick-meta":"","astra-migrate-meta-layouts":"set","ast-page-background-enabled":"default","ast-page-background-meta":{"desktop":{"background-color":"var(--ast-global-color-4)","background-image":"","background-repeat":"repeat","background-position":"center center","background-size":"auto","background-attachment":"scroll","background-type":"","background-media":"","overlay-type":"","overlay-color":"","overlay-opacity":"","overlay-gradient":""},"tablet":{"background-color":"","background-image":"","background-repeat":"repeat","background-position":"center center","background-size":"auto","background-attachment":"scroll","background-type":"","background-media":"","overlay-type":"","overlay-color":"","overlay-opacity":"","overlay-gradient":""},"mobile":{"background-color":"","background-image":"","background-repeat":"repeat","background-position":"center center","background-size":"auto","background-attachment":"scroll","background-type":"","background-media":"","overlay-type":"","overlay-color":"","overlay-opacity":"","overlay-gradient":""}},"ast-content-background-meta":{"desktop":{"background-color":"var(--ast-global-color-5)","background-image":"","background-repeat":"repeat","background-position":"center center","background-size":"auto","background-attachment":"scroll","background-type":"","background-media":"","overlay-type":"","overlay-color":"","overlay-opacity":"","overlay-gradient":""},"tablet":{"background-color":"var(--ast-global-color-5)","background-image":"","background-repeat":"repeat","background-position":"center center","background-size":"auto","background-attachment":"scroll","background-type":"","background-media":"","overlay-type":"","overlay-color":"","overlay-opacity":"","overlay-gradient":""},"mobile":{"background-color":"var(--ast-global-color-5)","background-image":"","background-repeat":"repeat","background-position":"center center","background-size":"auto","background-attachment":"scroll","background-type":"","background-media":"","overlay-type":"","overlay-color":"","overlay-opacity":"","overlay-gradient":""}},"_joinchat":[]},"product_brand":[],"product_cat":[72],"product_tag":[],"class_list":{"0":"post-2901","1":"product","2":"type-product","3":"status-publish","4":"has-post-thumbnail","6":"product_cat-carbide-inserts-for-cnc-machine","7":"desktop-align-left","8":"tablet-align-left","9":"mobile-align-left","11":"first","12":"instock","13":"shipping-taxable","14":"product-type-simple"},"uagb_featured_image_src":{"full":["https:\/\/www.wolframcarbide.com\/wp-content\/uploads\/2025\/02\/tungsten-carbide-inserts-manufacturers.jpg",600,600,false],"thumbnail":["https:\/\/www.wolframcarbide.com\/wp-content\/uploads\/2025\/02\/tungsten-carbide-inserts-manufacturers-150x150.jpg",150,150,true],"medium":["https:\/\/www.wolframcarbide.com\/wp-content\/uploads\/2025\/02\/tungsten-carbide-inserts-manufacturers-300x300.jpg",300,300,true],"medium_large":["https:\/\/www.wolframcarbide.com\/wp-content\/uploads\/2025\/02\/tungsten-carbide-inserts-manufacturers.jpg",600,600,false],"large":["https:\/\/www.wolframcarbide.com\/wp-content\/uploads\/2025\/02\/tungsten-carbide-inserts-manufacturers.jpg",600,600,false],"1536x1536":["https:\/\/www.wolframcarbide.com\/wp-content\/uploads\/2025\/02\/tungsten-carbide-inserts-manufacturers.jpg",600,600,false],"2048x2048":["https:\/\/www.wolframcarbide.com\/wp-content\/uploads\/2025\/02\/tungsten-carbide-inserts-manufacturers.jpg",600,600,false],"trp-custom-language-flag":["https:\/\/www.wolframcarbide.com\/wp-content\/uploads\/2025\/02\/tungsten-carbide-inserts-manufacturers.jpg",12,12,false],"woocommerce_thumbnail":["https:\/\/www.wolframcarbide.com\/wp-content\/uploads\/2025\/02\/tungsten-carbide-inserts-manufacturers-300x300.jpg",300,300,true],"woocommerce_single":["https:\/\/www.wolframcarbide.com\/wp-content\/uploads\/2025\/02\/tungsten-carbide-inserts-manufacturers.jpg",600,600,false],"woocommerce_gallery_thumbnail":["https:\/\/www.wolframcarbide.com\/wp-content\/uploads\/2025\/02\/tungsten-carbide-inserts-manufacturers-100x100.jpg",100,100,true]},"uagb_author_info":{"display_name":"admin","author_link":"https:\/\/www.wolframcarbide.com\/es\/author\/"},"uagb_comment_info":0,"uagb_excerpt":"Tungsten carbide inserts\uff1a Raw material selection: High quality tungsten carbide powder is preferred. 100% virgin material. Imported German PVA sintering furnace. HIP sintering. Which can keep inserts in high density, high hardness, High wear resistance, high precision and high stability, high-performance. CVD Coating, PVD Coating and self-developed silicon-containing coating, which can significantly improve the wear&hellip;","_links":{"self":[{"href":"https:\/\/www.wolframcarbide.com\/es\/wp-json\/wp\/v2\/product\/2901","targetHints":{"allow":["GET"]}}],"collection":[{"href":"https:\/\/www.wolframcarbide.com\/es\/wp-json\/wp\/v2\/product"}],"about":[{"href":"https:\/\/www.wolframcarbide.com\/es\/wp-json\/wp\/v2\/types\/product"}],"wp:featuredmedia":[{"embeddable":true,"href":"https:\/\/www.wolframcarbide.com\/es\/wp-json\/wp\/v2\/media\/2902"}],"wp:attachment":[{"href":"https:\/\/www.wolframcarbide.com\/es\/wp-json\/wp\/v2\/media?parent=2901"}],"wp:term":[{"taxonomy":"product_brand","embeddable":true,"href":"https:\/\/www.wolframcarbide.com\/es\/wp-json\/wp\/v2\/product_brand?post=2901"},{"taxonomy":"product_cat","embeddable":true,"href":"https:\/\/www.wolframcarbide.com\/es\/wp-json\/wp\/v2\/product_cat?post=2901"},{"taxonomy":"product_tag","embeddable":true,"href":"https:\/\/www.wolframcarbide.com\/es\/wp-json\/wp\/v2\/product_tag?post=2901"}],"curies":[{"name":"wp","href":"https:\/\/api.w.org\/{rel}","templated":true}]}}