{"id":1324,"date":"2024-11-02T16:28:17","date_gmt":"2024-11-02T08:28:17","guid":{"rendered":"http:\/\/43.134.52.103\/about\/"},"modified":"2026-04-20T20:47:59","modified_gmt":"2026-04-20T12:47:59","slug":"acerca-de","status":"publish","type":"page","link":"https:\/\/www.wolframcarbide.com\/es\/about\/","title":{"rendered":"Qui\u00e9nes somos"},"content":{"rendered":"<div class=\"wp-block-uagb-container uagb-block-3ad17e27 alignfull uagb-is-root-container\"><div class=\"uagb-container-inner-blocks-wrap\">\n<div class=\"wp-block-uagb-advanced-heading uagb-block-8a1eebc0\"><h3 class=\"uagb-heading-text\">Los diez mayores fabricantes de productos de carburo de China<\/h3><\/div>\n<\/div><\/div>\n\n\n\n<div class=\"wp-block-uagb-container uagb-block-f8ec2bd3 alignfull uagb-is-root-container\"><div class=\"uagb-container-inner-blocks-wrap\">\n<div class=\"wp-block-uagb-advanced-heading uagb-block-e874992d\"><h4 class=\"uagb-heading-text\">Somos un equipo altamente colaborador y solidario, que se une en cada proyecto para garantizar que nuestros clientes obtengan el mejor resultado.<\/h4><\/div>\n\n\n\n<div class=\"wp-block-uagb-image aligncenter uagb-block-2d710799 wp-block-uagb-image--layout-default wp-block-uagb-image--effect-static wp-block-uagb-image--align-center\"><figure class=\"wp-block-uagb-image__figure\"><img decoding=\"async\" srcset=\"https:\/\/www.wolframcarbide.com\/wp-content\/uploads\/2021\/11\/contact-hero.jpg ,https:\/\/www.wolframcarbide.com\/wp-content\/uploads\/2021\/11\/contact-hero.jpg 780w, https:\/\/www.wolframcarbide.com\/wp-content\/uploads\/2021\/11\/contact-hero.jpg 360w\" sizes=\"auto, (max-width: 480px) 150px\" src=\"https:\/\/www.wolframcarbide.com\/wp-content\/uploads\/2021\/11\/contact-hero.jpg\" alt=\"\" class=\"uag-image-432\" width=\"1040\" height=\"600\" title=\"contacto-h\u00e9roe\" loading=\"lazy\" role=\"img\"><\/figure><\/div>\n\n\n\n<div class=\"wp-block-uagb-container uagb-block-72514f6d\">\n<div class=\"wp-block-uagb-advanced-heading uagb-block-b317ae0b\"><h3 class=\"uagb-heading-text\">Nuestra misi\u00f3n<\/h3><p class=\"uagb-desc-text\">Construir el mejor producto de carburo de wolframio que cree el mayor valor para nuestros clientes, utilizar el negocio para inspirar y aplicar soluciones respetuosas con el medio ambiente.<\/p><\/div>\n\n\n\n<div class=\"wp-block-uagb-advanced-heading uagb-block-3b00767d\"><h3 class=\"uagb-heading-text\">Nuestros valores<\/h3><p class=\"uagb-desc-text\">Nos esforzamos por ir m\u00e1s all\u00e1 para nuestros clientes, sea cual sea el reto. Nuestro objetivo es dar lo mejor de nosotros cada d\u00eda en todos nuestros servicios.<\/p><\/div>\n<\/div>\n<\/div><\/div>\n\n\n\n<div class=\"wp-block-uagb-container uagb-block-7e43a084 alignfull uagb-is-root-container\"><div class=\"uagb-container-inner-blocks-wrap\">\n<div class=\"wp-block-uagb-container uagb-block-63ba1eac\">\n<p class=\"has-medium-font-size\">La empresa inici\u00f3 la producci\u00f3n de productos de carburo de tungsteno en 1972. En la actualidad, cuenta con zonas de producci\u00f3n y dos talleres de hornos de sinterizaci\u00f3n. La empresa cuenta con 36 conjuntos de hornos de sinterizaci\u00f3n, adem\u00e1s de hornos de sinterizaci\u00f3n de PVA importados de Alemania. <\/p>\n\n\n\n<p class=\"has-medium-font-size\">Estas sofisticadas instalaciones de producci\u00f3n aseguran un rendimiento constante a lo largo de todo el proceso de fabricaci\u00f3n, garantizando as\u00ed la producci\u00f3n de productos de carburo de wolframio de primera calidad.<\/p>\n<\/div>\n\n\n\n<div class=\"wp-block-uagb-container uagb-block-7def36e0\">\n<figure class=\"wp-block-image size-full is-resized\"><img loading=\"lazy\" decoding=\"async\" width=\"800\" height=\"600\" src=\"http:\/\/43.134.52.103\/wp-content\/uploads\/2024\/11\/Sintering-workshop.jpg\" alt=\"\" class=\"wp-image-2346\" style=\"width:566px;height:auto\" title=\"\" srcset=\"https:\/\/www.wolframcarbide.com\/wp-content\/uploads\/2024\/11\/Sintering-workshop.jpg 800w, https:\/\/www.wolframcarbide.com\/wp-content\/uploads\/2024\/11\/Sintering-workshop-300x225.jpg 300w, https:\/\/www.wolframcarbide.com\/wp-content\/uploads\/2024\/11\/Sintering-workshop-768x576.jpg 768w, https:\/\/www.wolframcarbide.com\/wp-content\/uploads\/2024\/11\/Sintering-workshop-600x450.jpg 600w\" sizes=\"auto, (max-width: 800px) 100vw, 800px\" \/><\/figure>\n<\/div>\n<\/div><\/div>\n\n\n\n<div class=\"wp-block-uagb-container uagb-block-54f8d3ed alignfull uagb-is-root-container\"><div class=\"uagb-container-inner-blocks-wrap\">\n<p><\/p>\n\n\n\n<p><\/p>\n<\/div><\/div>\n\n\n\n<div class=\"wp-block-uagb-container uagb-block-b4fbb967 alignfull uagb-is-root-container\"><div class=\"uagb-container-inner-blocks-wrap\">\n<div class=\"wp-block-uagb-container uagb-block-df65a96e\">\n<figure class=\"wp-block-image size-full is-resized\"><img loading=\"lazy\" decoding=\"async\" width=\"800\" height=\"600\" src=\"http:\/\/43.134.52.103\/wp-content\/uploads\/2024\/11\/Pressing-workshop.jpg\" alt=\"\" class=\"wp-image-2347\" style=\"width:572px;height:auto\" title=\"\" srcset=\"https:\/\/www.wolframcarbide.com\/wp-content\/uploads\/2024\/11\/Pressing-workshop.jpg 800w, https:\/\/www.wolframcarbide.com\/wp-content\/uploads\/2024\/11\/Pressing-workshop-300x225.jpg 300w, https:\/\/www.wolframcarbide.com\/wp-content\/uploads\/2024\/11\/Pressing-workshop-768x576.jpg 768w, https:\/\/www.wolframcarbide.com\/wp-content\/uploads\/2024\/11\/Pressing-workshop-600x450.jpg 600w\" sizes=\"auto, (max-width: 800px) 100vw, 800px\" \/><\/figure>\n<\/div>\n\n\n\n<div class=\"wp-block-uagb-container uagb-block-a8f48a4f\">\n<p class=\"has-medium-font-size\">Como f\u00e1brica profesional de carburo de tungsteno en China, contamos con talleres de prensado libres de polvo, que desempe\u00f1an un papel fundamental para garantizar una producci\u00f3n de carburo cementado estable y de alta calidad. Estos talleres garantizan la pureza de los materiales durante la etapa de prensado, evitando que impurezas y sustancias perjudiciales contaminen el producto, salvaguardando as\u00ed la calidad de los productos de carburo de tungsteno de alto est\u00e1ndar.<\/p>\n\n\n\n<p class=\"has-medium-font-size\">La capacidad de nuestros equipos de prensado oscila entre un gramo y 50 kilogramos.<\/p>\n<\/div>\n<\/div><\/div>\n\n\n\n<div class=\"wp-block-uagb-container uagb-block-803df5dc alignfull uagb-is-root-container\"><div class=\"uagb-container-inner-blocks-wrap\">\n<p><\/p>\n\n\n\n<p><\/p>\n<\/div><\/div>\n\n\n\n<div class=\"wp-block-uagb-container uagb-block-2aed62a6 alignfull uagb-is-root-container\"><div class=\"uagb-container-inner-blocks-wrap\">\n<div class=\"wp-block-uagb-container uagb-block-6699f64f\">\n<p class=\"has-medium-font-size\">La empresa posee 192 conjuntos de equipos de mecanizado, que abarcan rectificadoras, tornos, fresadoras, centros de mecanizado y m\u00e1quinas de corte. <\/p>\n\n\n\n<p class=\"has-medium-font-size\">Es capaz de lograr una precisi\u00f3n de mecanizado h5 para barras de carburo de tungsteno, as\u00ed como de proporcionar una precisi\u00f3n de rugosidad superficial de 0,01 micr\u00f3metros para otros productos de equipos de miner\u00eda y suministros de equipos de petr\u00f3leo.<\/p>\n<\/div>\n\n\n\n<div class=\"wp-block-uagb-container uagb-block-ecec6dac\">\n<figure class=\"wp-block-image size-full\"><img loading=\"lazy\" decoding=\"async\" width=\"800\" height=\"533\" src=\"http:\/\/43.134.52.103\/wp-content\/uploads\/2024\/11\/Machining-workshop-2.jpg\" alt=\"\" class=\"wp-image-2350\" title=\"\" srcset=\"https:\/\/www.wolframcarbide.com\/wp-content\/uploads\/2024\/11\/Machining-workshop-2.jpg 800w, https:\/\/www.wolframcarbide.com\/wp-content\/uploads\/2024\/11\/Machining-workshop-2-300x200.jpg 300w, https:\/\/www.wolframcarbide.com\/wp-content\/uploads\/2024\/11\/Machining-workshop-2-768x512.jpg 768w, https:\/\/www.wolframcarbide.com\/wp-content\/uploads\/2024\/11\/Machining-workshop-2-600x400.jpg 600w\" sizes=\"auto, (max-width: 800px) 100vw, 800px\" \/><\/figure>\n<\/div>\n<\/div><\/div>\n\n\n\n<div class=\"wp-block-uagb-container uagb-block-8fb328e3 alignfull uagb-is-root-container\"><div class=\"uagb-container-inner-blocks-wrap\">\n<p><\/p>\n\n\n\n<p><\/p>\n<\/div><\/div>\n\n\n\n<div class=\"wp-block-uagb-container uagb-block-e1e2015b alignfull uagb-is-root-container\"><div class=\"uagb-container-inner-blocks-wrap\">\n<p class=\"has-medium-font-size\">Los siguientes son los equipos de ensayo de nuestra empresa<\/p>\n<\/div><\/div>\n\n\n\n<div class=\"wp-block-uagb-container uagb-block-89c1bab6 alignfull uagb-is-root-container\"><div class=\"uagb-container-inner-blocks-wrap\">\n<p><\/p>\n\n\n\n<p><\/p>\n<\/div><\/div>\n\n\n\n<p><\/p>\n\n\n\n<div class=\"wp-block-uagb-container uagb-block-af92174d alignfull uagb-is-root-container\"><div class=\"uagb-container-inner-blocks-wrap\">\n<div class=\"wp-block-uagb-container uagb-block-a075c8ea\">\n<figure class=\"wp-block-image size-full\"><img loading=\"lazy\" decoding=\"async\" width=\"729\" height=\"533\" src=\"http:\/\/43.134.52.103\/wp-content\/uploads\/2024\/11\/Check-one-1.jpg\" alt=\"\" class=\"wp-image-2361\" title=\"\" srcset=\"https:\/\/www.wolframcarbide.com\/wp-content\/uploads\/2024\/11\/Check-one-1.jpg 729w, https:\/\/www.wolframcarbide.com\/wp-content\/uploads\/2024\/11\/Check-one-1-300x219.jpg 300w, https:\/\/www.wolframcarbide.com\/wp-content\/uploads\/2024\/11\/Check-one-1-600x439.jpg 600w\" sizes=\"auto, (max-width: 729px) 100vw, 729px\" \/><\/figure>\n<\/div>\n\n\n\n<div class=\"wp-block-uagb-container uagb-block-afa96cc2\">\n<figure class=\"wp-block-image size-full\"><img loading=\"lazy\" decoding=\"async\" width=\"800\" height=\"600\" src=\"http:\/\/43.134.52.103\/wp-content\/uploads\/2024\/11\/Checking-6-1.jpg\" alt=\"\" class=\"wp-image-2362\" title=\"\" srcset=\"https:\/\/www.wolframcarbide.com\/wp-content\/uploads\/2024\/11\/Checking-6-1.jpg 800w, https:\/\/www.wolframcarbide.com\/wp-content\/uploads\/2024\/11\/Checking-6-1-300x225.jpg 300w, https:\/\/www.wolframcarbide.com\/wp-content\/uploads\/2024\/11\/Checking-6-1-768x576.jpg 768w, https:\/\/www.wolframcarbide.com\/wp-content\/uploads\/2024\/11\/Checking-6-1-600x450.jpg 600w\" sizes=\"auto, (max-width: 800px) 100vw, 800px\" \/><\/figure>\n<\/div>\n\n\n\n<div class=\"wp-block-uagb-container uagb-block-42aa65d9\">\n<figure class=\"wp-block-image size-full\"><img loading=\"lazy\" decoding=\"async\" width=\"757\" height=\"533\" src=\"http:\/\/43.134.52.103\/wp-content\/uploads\/2024\/11\/Checking-7-1.jpg\" alt=\"\" class=\"wp-image-2363\" title=\"\" srcset=\"https:\/\/www.wolframcarbide.com\/wp-content\/uploads\/2024\/11\/Checking-7-1.jpg 757w, https:\/\/www.wolframcarbide.com\/wp-content\/uploads\/2024\/11\/Checking-7-1-300x211.jpg 300w, https:\/\/www.wolframcarbide.com\/wp-content\/uploads\/2024\/11\/Checking-7-1-600x422.jpg 600w\" sizes=\"auto, (max-width: 757px) 100vw, 757px\" \/><\/figure>\n<\/div>\n\n\n\n<div class=\"wp-block-uagb-container uagb-block-cc39ab16\">\n<figure class=\"wp-block-image size-full\"><img loading=\"lazy\" decoding=\"async\" width=\"706\" height=\"533\" src=\"http:\/\/43.134.52.103\/wp-content\/uploads\/2024\/11\/Checking-2-1.jpg\" alt=\"\" class=\"wp-image-2364\" title=\"\" srcset=\"https:\/\/www.wolframcarbide.com\/wp-content\/uploads\/2024\/11\/Checking-2-1.jpg 706w, https:\/\/www.wolframcarbide.com\/wp-content\/uploads\/2024\/11\/Checking-2-1-300x226.jpg 300w, https:\/\/www.wolframcarbide.com\/wp-content\/uploads\/2024\/11\/Checking-2-1-600x453.jpg 600w\" sizes=\"auto, (max-width: 706px) 100vw, 706px\" \/><\/figure>\n<\/div>\n\n\n\n<div class=\"wp-block-uagb-container uagb-block-e969dcd8\">\n<figure class=\"wp-block-image size-full is-resized\"><img loading=\"lazy\" decoding=\"async\" width=\"800\" height=\"533\" src=\"http:\/\/43.134.52.103\/wp-content\/uploads\/2024\/11\/Checking-5-2.jpg\" alt=\"\" class=\"wp-image-2365\" style=\"width:392px;height:auto\" title=\"\" srcset=\"https:\/\/www.wolframcarbide.com\/wp-content\/uploads\/2024\/11\/Checking-5-2.jpg 800w, https:\/\/www.wolframcarbide.com\/wp-content\/uploads\/2024\/11\/Checking-5-2-300x200.jpg 300w, https:\/\/www.wolframcarbide.com\/wp-content\/uploads\/2024\/11\/Checking-5-2-768x512.jpg 768w, https:\/\/www.wolframcarbide.com\/wp-content\/uploads\/2024\/11\/Checking-5-2-600x400.jpg 600w\" sizes=\"auto, (max-width: 800px) 100vw, 800px\" \/><\/figure>\n<\/div>\n\n\n\n<div class=\"wp-block-uagb-container uagb-block-1a86036e\">\n<figure class=\"wp-block-image size-full is-resized\"><img loading=\"lazy\" decoding=\"async\" width=\"800\" height=\"533\" src=\"http:\/\/43.134.52.103\/wp-content\/uploads\/2024\/11\/Checking-3-1.jpg\" alt=\"\" class=\"wp-image-2366\" style=\"width:395px;height:auto\" title=\"\" srcset=\"https:\/\/www.wolframcarbide.com\/wp-content\/uploads\/2024\/11\/Checking-3-1.jpg 800w, https:\/\/www.wolframcarbide.com\/wp-content\/uploads\/2024\/11\/Checking-3-1-300x200.jpg 300w, https:\/\/www.wolframcarbide.com\/wp-content\/uploads\/2024\/11\/Checking-3-1-768x512.jpg 768w, https:\/\/www.wolframcarbide.com\/wp-content\/uploads\/2024\/11\/Checking-3-1-600x400.jpg 600w\" sizes=\"auto, (max-width: 800px) 100vw, 800px\" \/><\/figure>\n<\/div>\n<\/div><\/div>\n\n\n\n<div class=\"wp-block-uagb-container uagb-block-61e8ac2a alignfull uagb-is-root-container\"><div class=\"uagb-container-inner-blocks-wrap\">\n<div class=\"wp-block-uagb-image aligncenter uagb-block-052b1f4c wp-block-uagb-image--layout-default wp-block-uagb-image--effect-static wp-block-uagb-image--align-center\"><figure class=\"wp-block-uagb-image__figure\"><img decoding=\"async\" srcset=\"https:\/\/www.wolframcarbide.com\/wp-content\/uploads\/2021\/11\/quotes.svg ,https:\/\/www.wolframcarbide.com\/wp-content\/uploads\/2021\/11\/quotes.svg 780w, https:\/\/www.wolframcarbide.com\/wp-content\/uploads\/2021\/11\/quotes.svg 360w\" sizes=\"auto, (max-width: 480px) 150px\" src=\"https:\/\/www.wolframcarbide.com\/wp-content\/uploads\/2021\/11\/quotes.svg\" alt=\"\" class=\"uag-image-117\" width=\"37\" height=\"38\" title=\"citas\" loading=\"lazy\" role=\"img\"><\/figure><\/div>\n\n\n\n<div class=\"wp-block-uagb-info-box uagb-block-54aaf525 uagb-infobox__content-wrap  uagb-infobox-icon-below-title uagb-infobox-image-valign-top\"><div class=\"uagb-ifb-content\"><div class=\"uagb-ifb-title-wrap\"><h4 class=\"uagb-ifb-title\">\"Bienvenidos invitados de todo el mundo a visitar nuestra empresa.  Le invitamos a llamarnos para solicitar un presupuesto. Nuestro equipo le responder\u00e1 en 24 horas. Tambi\u00e9n podemos ofrecerle muestras gratuitas para que haga pruebas\".<\/h4><\/div><div class=\"uagb-ifb-image-content\"><img decoding=\"async\" src=\"https:\/\/www.wolframcarbide.com\/wp-content\/uploads\/2024\/11\/MD-150x150.jpg\" alt=\"\" width=\"50\" height=\"50\" loading=\"lazy\" title=\"\"><\/div><p class=\"uagb-ifb-desc\">Director General<\/p><\/div><\/div>\n<\/div><\/div>","protected":false},"excerpt":{"rendered":"<p>The top ten largest carbide products manufacturers in China We\u2019re a highly collaborative and supportive team, coming together on every project to ensure our clients get the very best result. Our Mission Build the best product wolfram carbide that creates the most value for our customers, use business to inspire and implement environmentally friendly solutions. [&hellip;]<\/p>\n","protected":false},"author":1,"featured_media":0,"parent":0,"menu_order":0,"comment_status":"closed","ping_status":"closed","template":"","meta":{"_uag_custom_page_level_css":"","site-sidebar-layout":"no-sidebar","site-content-layout":"page-builder","ast-site-content-layout":"full-width-container","site-content-style":"unboxed","site-sidebar-style":"default","ast-global-header-display":"","ast-banner-title-visibility":"","ast-main-header-display":"","ast-hfb-above-header-display":"","ast-hfb-below-header-display":"","ast-hfb-mobile-header-display":"","site-post-title":"disabled","ast-breadcrumbs-content":"","ast-featured-img":"disabled","footer-sml-layout":"","theme-transparent-header-meta":"enabled","adv-header-id-meta":"","stick-header-meta":"","header-above-stick-meta":"","header-main-stick-meta":"","header-below-stick-meta":"","astra-migrate-meta-layouts":"set","ast-page-background-enabled":"default","ast-page-background-meta":{"desktop":{"background-color":"var(--ast-global-color-4)","background-image":"","background-repeat":"repeat","background-position":"center center","background-size":"auto","background-attachment":"scroll","background-type":"","background-media":"","overlay-type":"","overlay-color":"","overlay-opacity":"","overlay-gradient":""},"tablet":{"background-color":"","background-image":"","background-repeat":"repeat","background-position":"center center","background-size":"auto","background-attachment":"scroll","background-type":"","background-media":"","overlay-type":"","overlay-color":"","overlay-opacity":"","overlay-gradient":""},"mobile":{"background-color":"","background-image":"","background-repeat":"repeat","background-position":"center center","background-size":"auto","background-attachment":"scroll","background-type":"","background-media":"","overlay-type":"","overlay-color":"","overlay-opacity":"","overlay-gradient":""}},"ast-content-background-meta":{"desktop":{"background-color":"var(--ast-global-color-5)","background-image":"","background-repeat":"repeat","background-position":"center center","background-size":"auto","background-attachment":"scroll","background-type":"","background-media":"","overlay-type":"","overlay-color":"","overlay-opacity":"","overlay-gradient":""},"tablet":{"background-color":"var(--ast-global-color-5)","background-image":"","background-repeat":"repeat","background-position":"center center","background-size":"auto","background-attachment":"scroll","background-type":"","background-media":"","overlay-type":"","overlay-color":"","overlay-opacity":"","overlay-gradient":""},"mobile":{"background-color":"var(--ast-global-color-5)","background-image":"","background-repeat":"repeat","background-position":"center center","background-size":"auto","background-attachment":"scroll","background-type":"","background-media":"","overlay-type":"","overlay-color":"","overlay-opacity":"","overlay-gradient":""}},"_joinchat":[],"footnotes":""},"class_list":["post-1324","page","type-page","status-publish","hentry"],"uagb_featured_image_src":{"full":false,"thumbnail":false,"medium":false,"medium_large":false,"large":false,"1536x1536":false,"2048x2048":false,"trp-custom-language-flag":false,"woocommerce_thumbnail":false,"woocommerce_single":false,"woocommerce_gallery_thumbnail":false},"uagb_author_info":{"display_name":"admin","author_link":"https:\/\/www.wolframcarbide.com\/es\/author\/admin\/"},"uagb_comment_info":0,"uagb_excerpt":"The top ten largest carbide products manufacturers in China We\u2019re a highly collaborative and supportive team, coming together on every project to ensure our clients get the very best result. Our Mission Build the best product wolfram carbide that creates the most value for our customers, use business to inspire and implement environmentally friendly solutions.&hellip;","_links":{"self":[{"href":"https:\/\/www.wolframcarbide.com\/es\/wp-json\/wp\/v2\/pages\/1324","targetHints":{"allow":["GET"]}}],"collection":[{"href":"https:\/\/www.wolframcarbide.com\/es\/wp-json\/wp\/v2\/pages"}],"about":[{"href":"https:\/\/www.wolframcarbide.com\/es\/wp-json\/wp\/v2\/types\/page"}],"author":[{"embeddable":true,"href":"https:\/\/www.wolframcarbide.com\/es\/wp-json\/wp\/v2\/users\/1"}],"replies":[{"embeddable":true,"href":"https:\/\/www.wolframcarbide.com\/es\/wp-json\/wp\/v2\/comments?post=1324"}],"version-history":[{"count":27,"href":"https:\/\/www.wolframcarbide.com\/es\/wp-json\/wp\/v2\/pages\/1324\/revisions"}],"predecessor-version":[{"id":3824,"href":"https:\/\/www.wolframcarbide.com\/es\/wp-json\/wp\/v2\/pages\/1324\/revisions\/3824"}],"wp:attachment":[{"href":"https:\/\/www.wolframcarbide.com\/es\/wp-json\/wp\/v2\/media?parent=1324"}],"curies":[{"name":"wp","href":"https:\/\/api.w.org\/{rel}","templated":true}]}}