{"id":1322,"date":"2024-11-02T16:28:17","date_gmt":"2024-11-02T08:28:17","guid":{"rendered":"http:\/\/43.134.52.103\/home\/"},"modified":"2026-04-18T11:41:08","modified_gmt":"2026-04-18T03:41:08","slug":"home","status":"publish","type":"page","link":"https:\/\/www.wolframcarbide.com\/es\/","title":{"rendered":"Inicio"},"content":{"rendered":"<div class=\"wp-block-uagb-container uagb-block-494c42c4 alignfull uagb-is-root-container\"><div class=\"uagb-container-inner-blocks-wrap\">\n<div class=\"wp-block-uagb-info-box uagb-block-cd2517a4 uagb-infobox__content-wrap  uagb-infobox-icon-above-title uagb-infobox-image-valign-top wp-block-uagb-info-box--has-margin\"><div class=\"uagb-infobox-margin-wrapper\"><div class=\"uagb-ifb-content\"><div class=\"uagb-ifb-title-wrap\"><h1 class=\"uagb-ifb-title-prefix\">40 a\u00f1os de experiencia en fabricaci\u00f3n<\/h1><\/div><div class=\"uagb-ifb-button-wrapper wp-block-button\"><a href=\"https:\/\/www.wolframcarbide.com\/es\/productos\/\" class=\"uagb-infobox-cta-link wp-block-button__link\" target=\"_self\" rel=\"noopener noreferrer\" onclick=\"return true;\"><span class=\"uagb-inline-editing\">Comenzar<\/span><\/a><\/div><\/div><\/div><\/div>\n<\/div><\/div>\n\n\n\n<div class=\"wp-block-uagb-container uagb-block-5fcee4f8 alignfull uagb-is-root-container\"><div class=\"uagb-container-inner-blocks-wrap\">\n<div class=\"wp-block-uagb-advanced-heading uagb-block-2b5f3149\"><h2 class=\"uagb-heading-text\">Nuestros productos<\/h2><div class=\"uagb-separator\"><\/div><\/div>\n\n\n\n<div class=\"wp-block-uagb-container uagb-block-4a8e1942\">\n<div class=\"wp-block-uagb-container uagb-block-c988f562\">\n<div class=\"wp-block-uagb-image alignleft uagb-block-a35d235b wp-block-uagb-image--layout-default wp-block-uagb-image--effect-static wp-block-uagb-image--align-left\"><figure class=\"wp-block-uagb-image__figure\"><a class=\"\" href=\"https:\/\/www.wolframcarbide.com\/es\/categoria-producto\/botones-e-insertos-de-carburo-de-tungsteno-para-mineria-y-construccion\/\" target=\"\" rel=\"noopener\"><img decoding=\"async\" srcset=\"https:\/\/www.wolframcarbide.com\/wp-content\/uploads\/2024\/11\/Carbide-inserts-for-mining-.jpg ,https:\/\/www.wolframcarbide.com\/wp-content\/uploads\/2024\/11\/Carbide-inserts-for-mining-.jpg 780w, https:\/\/www.wolframcarbide.com\/wp-content\/uploads\/2024\/11\/Carbide-inserts-for-mining-.jpg 360w\" sizes=\"auto, (max-width: 480px) 150px\" src=\"https:\/\/www.wolframcarbide.com\/wp-content\/uploads\/2024\/11\/Carbide-inserts-for-mining-.jpg\" alt=\"\" class=\"uag-image-2320\" width=\"374\" height=\"464\" title=\"Plaquitas de metal duro para miner\u00eda\" loading=\"lazy\" role=\"img\"><\/a><\/figure><\/div>\n\n\n\n<div class=\"wp-block-uagb-advanced-heading uagb-block-b07219d5\"><h3 class=\"uagb-heading-text\">Botones de carburo de wolframio para equipos de miner\u00eda<\/h3><p class=\"uagb-desc-text\">Los botones de carburo de tungsteno se utilizan para fabricar herramientas de perforaci\u00f3n, como brocas DTH, fresas cepilladoras, fresas TBM y esp\u00e1rragos HPGR.<\/p><\/div>\n\n\n\n<p><\/p>\n<\/div>\n\n\n\n<div class=\"wp-block-uagb-container uagb-block-0ad6ff4e\">\n<div class=\"wp-block-uagb-image alignleft uagb-block-930d8e85 wp-block-uagb-image--layout-default wp-block-uagb-image--effect-static wp-block-uagb-image--align-left\"><figure class=\"wp-block-uagb-image__figure\"><a class=\"\" href=\"https:\/\/www.wolframcarbide.com\/es\/categoria-producto\/barras-de-carburo-de-tungsteno\/\" target=\"\" rel=\"noopener\"><img decoding=\"async\" srcset=\"https:\/\/www.wolframcarbide.com\/wp-content\/uploads\/2024\/11\/Tungsten-carbide-rods_6.jpg ,https:\/\/www.wolframcarbide.com\/wp-content\/uploads\/2024\/11\/Tungsten-carbide-rods_6.jpg 780w, https:\/\/www.wolframcarbide.com\/wp-content\/uploads\/2024\/11\/Tungsten-carbide-rods_6.jpg 360w\" sizes=\"auto, (max-width: 480px) 150px\" src=\"https:\/\/www.wolframcarbide.com\/wp-content\/uploads\/2024\/11\/Tungsten-carbide-rods_6.jpg\" alt=\"\" class=\"uag-image-2316\" width=\"373\" height=\"464\" title=\"Varillas de carburo de wolframio_6\" loading=\"lazy\" role=\"img\"><\/a><\/figure><\/div>\n\n\n\n<div class=\"wp-block-uagb-advanced-heading uagb-block-3974de5a\"><h3 class=\"uagb-heading-text\">Barras y placas de carburo de wolframio<\/h3><p class=\"uagb-desc-text\">Las barras de carburo de tungsteno se utilizan para fabricar herramientas de corte, como fresas, brocas de carburo y moldes de estampaci\u00f3n.<\/p><\/div>\n\n\n\n<p><\/p>\n<\/div>\n\n\n\n<div class=\"wp-block-uagb-container uagb-block-48a31e6a\">\n<div class=\"wp-block-uagb-image alignleft uagb-block-2675d6b0 wp-block-uagb-image--layout-default wp-block-uagb-image--effect-static wp-block-uagb-image--align-left\"><figure class=\"wp-block-uagb-image__figure\"><a class=\"\" href=\"https:\/\/www.wolframcarbide.com\/es\/categoria-producto\/casquillos-y-manguitos-de-carburo-de-tungsteno-2\/\" target=\"\" rel=\"noopener\"><img decoding=\"async\" srcset=\"https:\/\/www.wolframcarbide.com\/wp-content\/uploads\/2024\/11\/Wearing-part-for-oil-field.jpg ,https:\/\/www.wolframcarbide.com\/wp-content\/uploads\/2024\/11\/Wearing-part-for-oil-field.jpg 780w, https:\/\/www.wolframcarbide.com\/wp-content\/uploads\/2024\/11\/Wearing-part-for-oil-field.jpg 360w\" sizes=\"auto, (max-width: 480px) 150px\" src=\"https:\/\/www.wolframcarbide.com\/wp-content\/uploads\/2024\/11\/Wearing-part-for-oil-field.jpg\" alt=\"\" class=\"uag-image-2321\" width=\"373\" height=\"464\" title=\"Pieza de desgaste para yacimientos petrol\u00edferos\" loading=\"lazy\" role=\"img\"><\/a><\/figure><\/div>\n\n\n\n<div class=\"wp-block-uagb-advanced-heading uagb-block-8f982c10\"><h3 class=\"uagb-heading-text\">Manguitos de carburo de tungsteno<\/h3><p class=\"uagb-desc-text\">Los manguitos de carburo wolframio se utilizan en la industria petroqu\u00edmica, como la bomba de fracturaci\u00f3n, la bomba de agua, la bomba de aceite y otras bombas, especialmente utilizadas para bombas de alta presi\u00f3n o resistentes a la corrosi\u00f3n, restrictores de flujo, asiento servo...<\/p><\/div>\n<\/div>\n<\/div>\n<\/div><\/div>\n\n\n\n<div class=\"wp-block-uagb-container uagb-block-fb32e4bf alignfull uagb-is-root-container\"><div class=\"uagb-container-inner-blocks-wrap\">\n<div class=\"wp-block-uagb-image aligncenter uagb-block-052b1f4c wp-block-uagb-image--layout-default wp-block-uagb-image--effect-static wp-block-uagb-image--align-center\"><figure class=\"wp-block-uagb-image__figure\"><img decoding=\"async\" srcset=\"https:\/\/www.wolframcarbide.com\/wp-content\/uploads\/2021\/11\/quotes.svg ,https:\/\/www.wolframcarbide.com\/wp-content\/uploads\/2021\/11\/quotes.svg 780w, https:\/\/www.wolframcarbide.com\/wp-content\/uploads\/2021\/11\/quotes.svg 360w\" sizes=\"auto, (max-width: 480px) 150px\" src=\"https:\/\/www.wolframcarbide.com\/wp-content\/uploads\/2021\/11\/quotes.svg\" alt=\"\" class=\"uag-image-117\" width=\"37\" height=\"38\" title=\"citas\" loading=\"lazy\" role=\"img\"><\/figure><\/div>\n\n\n\n<div class=\"wp-block-uagb-info-box uagb-block-54aaf525 uagb-infobox__content-wrap  uagb-infobox-icon-below-title uagb-infobox-image-valign-top\"><div class=\"uagb-ifb-content\"><div class=\"uagb-ifb-title-wrap\"><h4 class=\"uagb-ifb-title\">\" Nuestros productos de carburo de wolframio se exportan a Alemania, Pa\u00edses Bajos, Italia, Polonia, Australia, India, Malasia, Tailandia, Corea del Sur, Jap\u00f3n, Canad\u00e1, Estados Unidos, Per\u00fa, Brasil y otros pa\u00edses. <br>El rendimiento y la vida \u00fatil de nuestros productos de carburo de wolframio se acercan a los 90-97% de Guhringg, Boehleritt y Kennametall\".<\/h4><\/div><div class=\"uagb-ifb-image-content\"><img decoding=\"async\" src=\"https:\/\/www.wolframcarbide.com\/wp-content\/uploads\/2024\/11\/Export-director-150x135.jpg\" alt=\"\" width=\"50\" height=\"45\" loading=\"lazy\" title=\"\"><\/div><p class=\"uagb-ifb-desc\">Director de exportaci\u00f3n<\/p><\/div><\/div>\n<\/div><\/div>\n\n\n\n<div class=\"wp-block-uagb-container uagb-layout-grid uagb-block-0186287e alignwide uagb-is-root-container\">\n<div class=\"wp-block-uagb-info-box uagb-block-03550eeb uagb-infobox__content-wrap  uagb-infobox-icon-above-title uagb-infobox-image-valign-top wp-block-uagb-info-box--has-margin\"><div class=\"uagb-infobox-margin-wrapper\"><div class=\"uagb-ifb-content\"><div class=\"uagb-ifb-title-wrap\"><h4 class=\"uagb-ifb-title\">Qui\u00e9nes somos<\/h4><\/div><p class=\"uagb-ifb-desc\">Qingdao Bortome Import &amp; Export Co., Ltd., situada en Qingdao (China), es una filial propiedad al cien por cien de Tongyu Heavy Industry Co., Ltd (c\u00f3digo burs\u00e1til: 300185), que figura entre los diez principales fabricantes de productos de carburo cementado de China y cuenta con m\u00e1s de 40 a\u00f1os de experiencia en la fabricaci\u00f3n.<br><br>Bas\u00e1ndose en la poderosa empresa matriz, integrada con los ricos recursos de sus filiales, y aprovechando al m\u00e1ximo la ubicaci\u00f3n y los talentos, Qingdao Bortome se ha comprometido a construir una empresa de primera clase, especializada en la investigaci\u00f3n, dise\u00f1o, fabricaci\u00f3n y servicios post-venta de diversos productos de carburo de wolframio.<br><br>Esperamos poder cooperar con usted y establecer relaciones comerciales a largo plazo. &nbsp;<\/p><div class=\"uagb-ifb-button-wrapper wp-block-button\"><a href=\"https:\/\/www.wolframcarbide.com\/es\/acerca-de\/\" class=\"uagb-infobox-cta-link ast-outline-button\" target=\"_self\" rel=\"noopener noreferrer\" style=\"border-width:revert-layer\" onclick=\"return true;\"><span class=\"uagb-inline-editing\">M\u00e1s informaci\u00f3n<\/span><\/a><\/div><\/div><\/div><\/div>\n\n\n\n<div class=\"wp-block-uagb-image alignright uagb-block-37933192 wp-block-uagb-image--layout-default wp-block-uagb-image--effect-static wp-block-uagb-image--align-right\"><figure class=\"wp-block-uagb-image__figure\"><img decoding=\"async\" srcset=\"https:\/\/www.wolframcarbide.com\/wp-content\/uploads\/2024\/11\/PVA.jpg ,https:\/\/www.wolframcarbide.com\/wp-content\/uploads\/2024\/11\/PVA.jpg 780w, https:\/\/www.wolframcarbide.com\/wp-content\/uploads\/2024\/11\/PVA.jpg 360w\" sizes=\"auto, (max-width: 480px) 150px\" src=\"https:\/\/www.wolframcarbide.com\/wp-content\/uploads\/2024\/11\/PVA.jpg\" alt=\"Horno PVA\" class=\"uag-image-2299\" width=\"693\" height=\"501\" title=\"PVA\" loading=\"lazy\" role=\"img\"\/><\/figure><\/div>\n<\/div>\n\n\n\n<div class=\"wp-block-uagb-container uagb-block-05a4a518 alignfull uagb-is-root-container\"><div class=\"uagb-container-inner-blocks-wrap\">\n<div class=\"wp-block-uagb-info-box uagb-block-9a97965e uagb-infobox__content-wrap  uagb-infobox-icon-above-title uagb-infobox-image-valign-top wp-block-uagb-info-box--has-margin\"><div class=\"uagb-infobox-margin-wrapper\"><div class=\"uagb-ifb-content\"><div class=\"uagb-ifb-title-wrap\"><h1 class=\"uagb-ifb-title\">\u00bfPREGUNTAS?<\/h1><\/div><p class=\"uagb-ifb-desc\">Si tienes curiosidad por las funciones, por una prueba gratuita o incluso por la prensa, estamos aqu\u00ed para responder a cualquier pregunta.<\/p><div class=\"uagb-ifb-button-wrapper wp-block-button\"><a href=\"https:\/\/www.wolframcarbide.com\/es\/pongase-en-contacto-con\/\" class=\"uagb-infobox-cta-link wp-block-button__link\" target=\"_self\" rel=\"noopener noreferrer\" onclick=\"return true;\"><span class=\"uagb-inline-editing\">Hablemos ahora<\/span><\/a><\/div><\/div><\/div><\/div>\n<\/div><\/div>","protected":false},"excerpt":{"rendered":"<p>Our Products Tungsten carbide buttons for mining equipment Tungsten carbide buttons are being used for making drilling tools, such as DTH bits, milling planer cutters,TBM cutters and HPGR studs. Tungsten carbide rods and plates Tungsten carbide rods are being used for making cutting tools, such as end mills, carbide drills, stamping mould. Tungsten carbide sleeves [&hellip;]<\/p>\n","protected":false},"author":1,"featured_media":0,"parent":0,"menu_order":0,"comment_status":"closed","ping_status":"closed","template":"","meta":{"_uag_custom_page_level_css":"","site-sidebar-layout":"no-sidebar","site-content-layout":"page-builder","ast-site-content-layout":"full-width-container","site-content-style":"unboxed","site-sidebar-style":"unboxed","ast-global-header-display":"","ast-banner-title-visibility":"","ast-main-header-display":"","ast-hfb-above-header-display":"","ast-hfb-below-header-display":"","ast-hfb-mobile-header-display":"","site-post-title":"disabled","ast-breadcrumbs-content":"","ast-featured-img":"disabled","footer-sml-layout":"","theme-transparent-header-meta":"enabled","adv-header-id-meta":"","stick-header-meta":"","header-above-stick-meta":"","header-main-stick-meta":"","header-below-stick-meta":"","astra-migrate-meta-layouts":"set","ast-page-background-enabled":"default","ast-page-background-meta":{"desktop":{"background-color":"var(--ast-global-color-4)","background-image":"","background-repeat":"repeat","background-position":"center center","background-size":"auto","background-attachment":"scroll","background-type":"","background-media":"","overlay-type":"","overlay-color":"","overlay-opacity":"","overlay-gradient":""},"tablet":{"background-color":"","background-image":"","background-repeat":"repeat","background-position":"center center","background-size":"auto","background-attachment":"scroll","background-type":"","background-media":"","overlay-type":"","overlay-color":"","overlay-opacity":"","overlay-gradient":""},"mobile":{"background-color":"","background-image":"","background-repeat":"repeat","background-position":"center center","background-size":"auto","background-attachment":"scroll","background-type":"","background-media":"","overlay-type":"","overlay-color":"","overlay-opacity":"","overlay-gradient":""}},"ast-content-background-meta":{"desktop":{"background-color":"var(--ast-global-color-5)","background-image":"","background-repeat":"repeat","background-position":"center center","background-size":"auto","background-attachment":"scroll","background-type":"","background-media":"","overlay-type":"","overlay-color":"","overlay-opacity":"","overlay-gradient":""},"tablet":{"background-color":"var(--ast-global-color-5)","background-image":"","background-repeat":"repeat","background-position":"center center","background-size":"auto","background-attachment":"scroll","background-type":"","background-media":"","overlay-type":"","overlay-color":"","overlay-opacity":"","overlay-gradient":""},"mobile":{"background-color":"var(--ast-global-color-5)","background-image":"","background-repeat":"repeat","background-position":"center center","background-size":"auto","background-attachment":"scroll","background-type":"","background-media":"","overlay-type":"","overlay-color":"","overlay-opacity":"","overlay-gradient":""}},"_joinchat":[],"footnotes":""},"class_list":["post-1322","page","type-page","status-publish","hentry"],"uagb_featured_image_src":{"full":false,"thumbnail":false,"medium":false,"medium_large":false,"large":false,"1536x1536":false,"2048x2048":false,"trp-custom-language-flag":false,"woocommerce_thumbnail":false,"woocommerce_single":false,"woocommerce_gallery_thumbnail":false},"uagb_author_info":{"display_name":"admin","author_link":"https:\/\/www.wolframcarbide.com\/es\/author\/admin\/"},"uagb_comment_info":0,"uagb_excerpt":"Our Products Tungsten carbide buttons for mining equipment Tungsten carbide buttons are being used for making drilling tools, such as DTH bits, milling planer cutters,TBM cutters and HPGR studs. Tungsten carbide rods and plates Tungsten carbide rods are being used for making cutting tools, such as end mills, carbide drills, stamping mould. Tungsten carbide sleeves&hellip;","_links":{"self":[{"href":"https:\/\/www.wolframcarbide.com\/es\/wp-json\/wp\/v2\/pages\/1322","targetHints":{"allow":["GET"]}}],"collection":[{"href":"https:\/\/www.wolframcarbide.com\/es\/wp-json\/wp\/v2\/pages"}],"about":[{"href":"https:\/\/www.wolframcarbide.com\/es\/wp-json\/wp\/v2\/types\/page"}],"author":[{"embeddable":true,"href":"https:\/\/www.wolframcarbide.com\/es\/wp-json\/wp\/v2\/users\/1"}],"replies":[{"embeddable":true,"href":"https:\/\/www.wolframcarbide.com\/es\/wp-json\/wp\/v2\/comments?post=1322"}],"version-history":[{"count":28,"href":"https:\/\/www.wolframcarbide.com\/es\/wp-json\/wp\/v2\/pages\/1322\/revisions"}],"predecessor-version":[{"id":3324,"href":"https:\/\/www.wolframcarbide.com\/es\/wp-json\/wp\/v2\/pages\/1322\/revisions\/3324"}],"wp:attachment":[{"href":"https:\/\/www.wolframcarbide.com\/es\/wp-json\/wp\/v2\/media?parent=1322"}],"curies":[{"name":"wp","href":"https:\/\/api.w.org\/{rel}","templated":true}]}}