{"id":3788,"date":"2026-04-04T17:09:04","date_gmt":"2026-04-04T09:09:04","guid":{"rendered":"https:\/\/www.wolframcarbide.com\/?post_type=product&#038;p=3788"},"modified":"2026-04-05T19:59:54","modified_gmt":"2026-04-05T11:59:54","slug":"hartmetallknopfe-hartmetall-einsatze-fur-rollenmeisel-und-tricone-bohrmeisel","status":"publish","type":"product","link":"https:\/\/www.wolframcarbide.com\/de\/product\/tungsten-carbide-buttons-inserts-for-roller-cone-bits-and-tricone-drill-bits\/","title":{"rendered":"Hochwertige Wolframkarbid-Kn\u00f6pfe \/ Eins\u00e4tze f\u00fcr Rollenmei\u00dfel und Tricone-Bohrmei\u00dfel"},"content":{"rendered":"<h5><strong>Grade of tungsten carbide buttons \/ inserts for roller cone bits :<\/strong><\/h5>\n<table style=\"height: 377px;\" width=\"1349\">\n<tbody>\n<tr>\n<td style=\"text-align: center;\" width=\"81\"><strong>Grade<\/strong><\/td>\n<td style=\"text-align: center;\" width=\"80\"><strong>Cobalt<\/strong><br \/>\n<strong>(%)<\/strong><\/td>\n<td style=\"text-align: center;\" width=\"92\"><strong>Density<\/strong><br \/>\n<strong>(g\/cm3)<\/strong><\/td>\n<td style=\"text-align: center;\" width=\"85\"><strong>Hardness<\/strong><br \/>\n<strong>(<a href=\"https:\/\/en.wikipedia.org\/wiki\/Rockwell_hardness_test\" rel=\"nofollow noopener\" target=\"_blank\">HRA<\/a>)<\/strong><\/td>\n<td style=\"text-align: center;\" width=\"78\"><strong>TRS(Mpa)<\/strong><\/td>\n<td style=\"text-align: center;\" width=\"521\"><strong>Recommended Application<\/strong><\/td>\n<\/tr>\n<tr>\n<td style=\"text-align: center;\" width=\"81\">BT38<\/td>\n<td style=\"text-align: center;\" width=\"80\">10<\/td>\n<td style=\"text-align: center;\" width=\"92\">14.5<\/td>\n<td style=\"text-align: center;\" width=\"85\">88.5<\/td>\n<td style=\"text-align: center;\" width=\"78\">3100<\/td>\n<td style=\"text-align: center;\" width=\"521\">Low pressure drilling bits. It is suitable for hard rock formation or nonferrous metals mine.<\/td>\n<\/tr>\n<tr>\n<td style=\"text-align: center;\" width=\"81\">BT40<\/td>\n<td style=\"text-align: center;\" width=\"80\">11<\/td>\n<td style=\"text-align: center;\" width=\"92\">14.4<\/td>\n<td style=\"text-align: center;\" width=\"85\">87.5<\/td>\n<td style=\"text-align: center;\" width=\"78\">2900<\/td>\n<td style=\"text-align: center;\" width=\"521\">Medium\u00a0 pressure drilling bits. It is suitable for medium hard or hard rock formation.<\/td>\n<\/tr>\n<tr>\n<td style=\"text-align: center;\" width=\"81\">BT45<\/td>\n<td style=\"text-align: center;\" width=\"80\">13<\/td>\n<td style=\"text-align: center;\" width=\"92\">14.25<\/td>\n<td style=\"text-align: center;\" width=\"85\">87.5<\/td>\n<td style=\"text-align: center;\" width=\"78\">3100<\/td>\n<td style=\"text-align: center;\" width=\"521\">Medium pressure drilling bits. It is suitable for medium hard or hard rock formation.<\/td>\n<\/tr>\n<tr>\n<td style=\"text-align: center;\" width=\"81\">BT60<\/td>\n<td style=\"text-align: center;\" width=\"80\">16<\/td>\n<td style=\"text-align: center;\" width=\"92\">13.95<\/td>\n<td style=\"text-align: center;\" width=\"85\">86.5<\/td>\n<td style=\"text-align: center;\" width=\"78\">3100<\/td>\n<td style=\"text-align: center;\" width=\"521\">High drilling pressure bits. It is suitable for extra hard or complex formation.<\/td>\n<\/tr>\n<tr>\n<td style=\"text-align: center;\" width=\"81\">BT38<\/td>\n<td style=\"text-align: center;\" width=\"80\">10<\/td>\n<td style=\"text-align: center;\" width=\"92\">14.5<\/td>\n<td style=\"text-align: center;\" width=\"85\">87.5<\/td>\n<td style=\"text-align: center;\" width=\"78\">2900<\/td>\n<td style=\"text-align: center;\" width=\"521\">1.Low pressure drilling\u00a0 bits.It is suitable for hard formation or nonferrous metals mine.<\/td>\n<\/tr>\n<\/tbody>\n<\/table>\n<h5><strong>Sizes of <\/strong><strong>tungsten carbide buttons \/ inserts for roller cone bits<\/strong><strong>\uff1a<\/strong><\/h5>\n<p><img loading=\"lazy\" decoding=\"async\" class=\"alignnone wp-image-3791\" src=\"https:\/\/www.wolframcarbide.com\/wp-content\/uploads\/2026\/04\/Sizes-of-tungsten-Carbide-Inserts-for-Roller-Cone-Bits.jpg\" alt=\"Sizes of tungsten Carbide Inserts for Roller Cone Bits\" width=\"229\" height=\"187\" title=\"\" srcset=\"https:\/\/www.wolframcarbide.com\/wp-content\/uploads\/2026\/04\/Sizes-of-tungsten-Carbide-Inserts-for-Roller-Cone-Bits.jpg 273w, https:\/\/www.wolframcarbide.com\/wp-content\/uploads\/2026\/04\/Sizes-of-tungsten-Carbide-Inserts-for-Roller-Cone-Bits-15x12.jpg 15w\" sizes=\"auto, (max-width: 229px) 100vw, 229px\" \/><\/p>\n<table width=\"772\">\n<tbody>\n<tr>\n<td style=\"text-align: center;\" rowspan=\"2\" width=\"197\">&nbsp;<\/p>\n<p><strong>Model<\/strong><\/td>\n<td style=\"text-align: center;\" colspan=\"3\" width=\"574\"><strong>Sies\u00a0(mm)<\/strong><\/td>\n<\/tr>\n<tr>\n<td style=\"text-align: center;\" width=\"215\"><strong>Diameter(\u03c6D)<\/strong><\/td>\n<td style=\"text-align: center;\" width=\"178\"><strong>Height(H)<\/strong><\/td>\n<td style=\"text-align: center;\" width=\"181\"><strong>Column height(h)<\/strong><\/td>\n<\/tr>\n<tr>\n<td style=\"text-align: center;\" width=\"197\">BSX08009D08<\/td>\n<td style=\"text-align: center;\" width=\"215\">8.2<\/td>\n<td style=\"text-align: center;\" width=\"178\">9<\/td>\n<td style=\"text-align: center;\" width=\"181\">6.5<\/td>\n<\/tr>\n<tr>\n<td style=\"text-align: center;\" width=\"197\">SBX100162AD10Q<\/td>\n<td style=\"text-align: center;\" width=\"215\">10.3<\/td>\n<td style=\"text-align: center;\" width=\"178\">16.2<\/td>\n<td style=\"text-align: center;\" width=\"181\">9.2<\/td>\n<\/tr>\n<tr>\n<td style=\"text-align: center;\" width=\"197\">BSX115186D10Q<\/td>\n<td style=\"text-align: center;\" width=\"215\">11.5<\/td>\n<td style=\"text-align: center;\" width=\"178\">18.5<\/td>\n<td style=\"text-align: center;\" width=\"181\">10.5<\/td>\n<\/tr>\n<tr>\n<td style=\"text-align: center;\" width=\"197\">BSX12017D12Q<\/td>\n<td style=\"text-align: center;\" width=\"215\">12.2<\/td>\n<td style=\"text-align: center;\" width=\"178\">17<\/td>\n<td style=\"text-align: center;\" width=\"181\">9.8<\/td>\n<\/tr>\n<tr>\n<td style=\"text-align: center;\" width=\"197\">BSX14021D13Q<\/td>\n<td style=\"text-align: center;\" width=\"215\">14.3<\/td>\n<td style=\"text-align: center;\" width=\"178\">21<\/td>\n<td style=\"text-align: center;\" width=\"181\">11.2<\/td>\n<\/tr>\n<tr>\n<td style=\"text-align: center;\" width=\"197\">BSX16223AD18Z<\/td>\n<td style=\"text-align: center;\" width=\"215\">16.2<\/td>\n<td style=\"text-align: center;\" width=\"178\">23<\/td>\n<td style=\"text-align: center;\" width=\"181\">12<\/td>\n<\/tr>\n<tr>\n<td style=\"text-align: center;\" width=\"197\">BSX17224AD18Z<\/td>\n<td style=\"text-align: center;\" width=\"215\">17.2<\/td>\n<td style=\"text-align: center;\" width=\"178\">24<\/td>\n<td style=\"text-align: center;\" width=\"181\">13<\/td>\n<\/tr>\n<tr>\n<td style=\"text-align: center;\" width=\"197\">BSX19230D20Z<\/td>\n<td style=\"text-align: center;\" width=\"215\">19.2<\/td>\n<td style=\"text-align: center;\" width=\"178\">30<\/td>\n<td style=\"text-align: center;\" width=\"181\">16<\/td>\n<\/tr>\n<tr>\n<td style=\"text-align: center;\" width=\"197\">BSX28342D20Z<\/td>\n<td style=\"text-align: center;\" width=\"215\">28.3<\/td>\n<td style=\"text-align: center;\" width=\"178\">42<\/td>\n<td style=\"text-align: center;\" width=\"181\">15.5<\/td>\n<\/tr>\n<\/tbody>\n<\/table>\n<p><img loading=\"lazy\" decoding=\"async\" class=\"alignnone wp-image-3792\" src=\"https:\/\/www.wolframcarbide.com\/wp-content\/uploads\/2026\/04\/tungsten-Carbide-Inserts-for-tricone-drill-bits.png\" alt=\"tungsten Carbide Inserts for tricone drill bits\" width=\"220\" height=\"184\" title=\"\" srcset=\"https:\/\/www.wolframcarbide.com\/wp-content\/uploads\/2026\/04\/tungsten-Carbide-Inserts-for-tricone-drill-bits.png 273w, https:\/\/www.wolframcarbide.com\/wp-content\/uploads\/2026\/04\/tungsten-Carbide-Inserts-for-tricone-drill-bits-14x12.png 14w\" sizes=\"auto, (max-width: 220px) 100vw, 220px\" \/><\/p>\n<table width=\"623\">\n<tbody>\n<tr>\n<td style=\"text-align: center;\" rowspan=\"2\" width=\"162\">&nbsp;<\/p>\n<p><strong>Model<\/strong><\/td>\n<td style=\"text-align: center;\" colspan=\"3\" width=\"461\"><strong>Sies\u00a0(mm)<\/strong><\/td>\n<\/tr>\n<tr>\n<td style=\"text-align: center;\" width=\"160\"><strong>Diameter(\u03c6D)<\/strong><\/td>\n<td style=\"text-align: center;\" width=\"142\"><strong>Height(H)<\/strong><\/td>\n<td style=\"text-align: center;\" width=\"159\"><strong>Column height(h)<\/strong><\/td>\n<\/tr>\n<tr>\n<td style=\"text-align: center;\" width=\"162\">BT12317E12Q<\/td>\n<td style=\"text-align: center;\" width=\"160\">12.3<\/td>\n<td style=\"text-align: center;\" width=\"142\">17<\/td>\n<td style=\"text-align: center;\" width=\"159\">9.8<\/td>\n<\/tr>\n<tr>\n<td style=\"text-align: center;\" width=\"162\">BT14321D14Q<\/td>\n<td style=\"text-align: center;\" width=\"160\">14.3<\/td>\n<td style=\"text-align: center;\" width=\"142\">21<\/td>\n<td style=\"text-align: center;\" width=\"159\">13<\/td>\n<\/tr>\n<tr>\n<td style=\"text-align: center;\" width=\"162\">BT16223CD18Z<\/td>\n<td style=\"text-align: center;\" width=\"160\">16.2<\/td>\n<td style=\"text-align: center;\" width=\"142\">23<\/td>\n<td style=\"text-align: center;\" width=\"159\">12<\/td>\n<\/tr>\n<tr>\n<td style=\"text-align: center;\" width=\"162\">BT19030AD18Z<\/td>\n<td style=\"text-align: center;\" width=\"160\">19.2<\/td>\n<td style=\"text-align: center;\" width=\"142\">30<\/td>\n<td style=\"text-align: center;\" width=\"159\">15.5<\/td>\n<\/tr>\n<tr>\n<td style=\"text-align: center;\" width=\"162\">BT22033D20Q<\/td>\n<td style=\"text-align: center;\" width=\"160\">22.3<\/td>\n<td style=\"text-align: center;\" width=\"142\">33<\/td>\n<td style=\"text-align: center;\" width=\"159\">17.5<\/td>\n<\/tr>\n<tr>\n<td style=\"text-align: center;\" width=\"162\">BT26340D25Z<\/td>\n<td style=\"text-align: center;\" width=\"160\">26.3<\/td>\n<td style=\"text-align: center;\" width=\"142\">40<\/td>\n<td style=\"text-align: center;\" width=\"159\">18.1<\/td>\n<\/tr>\n<tr>\n<td style=\"text-align: center;\" width=\"162\">BT30345D25Z<\/td>\n<td style=\"text-align: center;\" width=\"160\">30.3<\/td>\n<td style=\"text-align: center;\" width=\"142\">45<\/td>\n<td style=\"text-align: center;\" width=\"159\">17.5<\/td>\n<\/tr>\n<\/tbody>\n<\/table>\n<h5><img loading=\"lazy\" decoding=\"async\" class=\"alignnone wp-image-3793\" src=\"https:\/\/www.wolframcarbide.com\/wp-content\/uploads\/2026\/04\/Drawing-3.jpg\" alt=\"Carbide insert sizes\" width=\"232\" height=\"254\" title=\"\" srcset=\"https:\/\/www.wolframcarbide.com\/wp-content\/uploads\/2026\/04\/Drawing-3.jpg 316w, https:\/\/www.wolframcarbide.com\/wp-content\/uploads\/2026\/04\/Drawing-3-274x300.jpg 274w, https:\/\/www.wolframcarbide.com\/wp-content\/uploads\/2026\/04\/Drawing-3-11x12.jpg 11w\" sizes=\"auto, (max-width: 232px) 100vw, 232px\" \/><\/h5>\n<table width=\"622\">\n<tbody>\n<tr>\n<td style=\"text-align: center;\" rowspan=\"2\" width=\"153\"><strong>Model<\/strong><\/td>\n<td style=\"text-align: center;\" colspan=\"3\" width=\"469\"><strong>Sies\u00a0(mm)<\/strong><\/td>\n<\/tr>\n<tr>\n<td style=\"text-align: center;\" width=\"174\"><strong>Diameter(\u03c6D)<\/strong><\/td>\n<td style=\"text-align: center;\" width=\"140\"><strong>Height(H)<\/strong><\/td>\n<td style=\"text-align: center;\" width=\"155\"><strong>Column height(h)<\/strong><\/td>\n<\/tr>\n<tr>\n<td style=\"text-align: center;\" width=\"153\">BTX13317E12Q<\/td>\n<td style=\"text-align: center;\" width=\"174\">13.3<\/td>\n<td style=\"text-align: center;\" width=\"140\">17<\/td>\n<td style=\"text-align: center;\" width=\"155\">10.6<\/td>\n<\/tr>\n<tr>\n<td style=\"text-align: center;\" width=\"153\">BTX143196D15Q<\/td>\n<td style=\"text-align: center;\" width=\"174\">14.3<\/td>\n<td style=\"text-align: center;\" width=\"140\">19.6<\/td>\n<td style=\"text-align: center;\" width=\"155\">11.2<\/td>\n<\/tr>\n<tr>\n<td style=\"text-align: center;\" width=\"153\">BTX15220BD18Z<\/td>\n<td style=\"text-align: center;\" width=\"174\">15.2<\/td>\n<td style=\"text-align: center;\" width=\"140\">20<\/td>\n<td style=\"text-align: center;\" width=\"155\">12.5<\/td>\n<\/tr>\n<tr>\n<td style=\"text-align: center;\" width=\"153\">BTX16321D15Q<\/td>\n<td style=\"text-align: center;\" width=\"174\">16.3<\/td>\n<td style=\"text-align: center;\" width=\"140\">21.2<\/td>\n<td style=\"text-align: center;\" width=\"155\">12.7<\/td>\n<\/tr>\n<tr>\n<td style=\"text-align: center;\" width=\"153\">BTX19325D18Z<\/td>\n<td style=\"text-align: center;\" width=\"174\">19.3<\/td>\n<td style=\"text-align: center;\" width=\"140\">25<\/td>\n<td style=\"text-align: center;\" width=\"155\">15<\/td>\n<\/tr>\n<tr>\n<td style=\"text-align: center;\" width=\"153\">BTX20326D18Z<\/td>\n<td style=\"text-align: center;\" width=\"174\">20.3<\/td>\n<td style=\"text-align: center;\" width=\"140\">26<\/td>\n<td style=\"text-align: center;\" width=\"155\">15<\/td>\n<\/tr>\n<tr>\n<td style=\"text-align: center;\" width=\"153\">BTX22330D20Z<\/td>\n<td style=\"text-align: center;\" width=\"174\">22.3<\/td>\n<td style=\"text-align: center;\" width=\"140\">30<\/td>\n<td style=\"text-align: center;\" width=\"155\">16<\/td>\n<\/tr>\n<\/tbody>\n<\/table>\n<h5><strong>Details of <\/strong><strong>tungsten carbide buttons \/ inserts for roller cone bits<\/strong><strong>:<\/strong><\/h5>\n<p><a href=\"https:\/\/www.wolframcarbide.com\/product-category\/tungsten-carbide-buttons-and-inserts-for-mining-and-construction\/\"><img loading=\"lazy\" decoding=\"async\" class=\"alignnone size-full wp-image-3796\" src=\"https:\/\/www.wolframcarbide.com\/wp-content\/uploads\/2026\/04\/Tungsten-Carbide-buttons-Inserts-for-Roller-Cone-Bits.jpg\" alt=\"Tungsten Carbide buttons \/ Inserts for Roller Cone Bits\" width=\"800\" height=\"533\" title=\"\" srcset=\"https:\/\/www.wolframcarbide.com\/wp-content\/uploads\/2026\/04\/Tungsten-Carbide-buttons-Inserts-for-Roller-Cone-Bits.jpg 800w, https:\/\/www.wolframcarbide.com\/wp-content\/uploads\/2026\/04\/Tungsten-Carbide-buttons-Inserts-for-Roller-Cone-Bits-300x200.jpg 300w, https:\/\/www.wolframcarbide.com\/wp-content\/uploads\/2026\/04\/Tungsten-Carbide-buttons-Inserts-for-Roller-Cone-Bits-768x512.jpg 768w, https:\/\/www.wolframcarbide.com\/wp-content\/uploads\/2026\/04\/Tungsten-Carbide-buttons-Inserts-for-Roller-Cone-Bits-18x12.jpg 18w, https:\/\/www.wolframcarbide.com\/wp-content\/uploads\/2026\/04\/Tungsten-Carbide-buttons-Inserts-for-Roller-Cone-Bits-600x400.jpg 600w\" sizes=\"auto, (max-width: 800px) 100vw, 800px\" \/><\/a><\/p>\n<p><img loading=\"lazy\" decoding=\"async\" class=\"alignnone size-full wp-image-3797\" src=\"https:\/\/www.wolframcarbide.com\/wp-content\/uploads\/2026\/04\/Tungsten-Carbide-Buttons-Inserts-for-Tricone-Drill-Bits.jpg\" alt=\"Tungsten Carbide Buttons \/ Inserts for tricone Drill Bits\" width=\"800\" height=\"533\" title=\"\" srcset=\"https:\/\/www.wolframcarbide.com\/wp-content\/uploads\/2026\/04\/Tungsten-Carbide-Buttons-Inserts-for-Tricone-Drill-Bits.jpg 800w, https:\/\/www.wolframcarbide.com\/wp-content\/uploads\/2026\/04\/Tungsten-Carbide-Buttons-Inserts-for-Tricone-Drill-Bits-300x200.jpg 300w, https:\/\/www.wolframcarbide.com\/wp-content\/uploads\/2026\/04\/Tungsten-Carbide-Buttons-Inserts-for-Tricone-Drill-Bits-768x512.jpg 768w, https:\/\/www.wolframcarbide.com\/wp-content\/uploads\/2026\/04\/Tungsten-Carbide-Buttons-Inserts-for-Tricone-Drill-Bits-18x12.jpg 18w, https:\/\/www.wolframcarbide.com\/wp-content\/uploads\/2026\/04\/Tungsten-Carbide-Buttons-Inserts-for-Tricone-Drill-Bits-600x400.jpg 600w\" sizes=\"auto, (max-width: 800px) 100vw, 800px\" \/><\/p>\n<p>&nbsp;<\/p>\n<p><strong>Please send us inquiries for quotations and free samples for testing:<\/strong><\/p>\n<div class=\"wpforms-container \" id=\"wpforms-2333\"><form id=\"wpforms-form-2333\" class=\"wpforms-validate wpforms-form wpforms-ajax-form\" data-formid=\"2333\" method=\"post\" enctype=\"multipart\/form-data\" action=\"\/de\/wp-json\/wp\/v2\/product\/3788\" data-token=\"c62ade9d0653060c05eb6a4aaeca6372\" data-token-time=\"1775557028\"><noscript class=\"wpforms-error-noscript\">Bitte aktiviere JavaScript in deinem Browser, um dieses Formular fertigzustellen.<\/noscript><div class=\"wpforms-field-container\"><div id=\"wpforms-2333-field_1-container\" class=\"wpforms-field wpforms-field-name\" data-field-id=\"1\"><label class=\"wpforms-field-label\" for=\"wpforms-2333-field_1\">Name <span class=\"wpforms-required-label\">*<\/span><\/label><input type=\"text\" id=\"wpforms-2333-field_1\" class=\"wpforms-field-medium wpforms-field-required\" name=\"wpforms[fields][1]\" required><\/div><div id=\"wpforms-2333-field_2-container\" class=\"wpforms-field wpforms-field-text\" data-field-id=\"2\"><label class=\"wpforms-field-label\" for=\"wpforms-2333-field_2\">Company Name<\/label><input type=\"text\" id=\"wpforms-2333-field_2\" class=\"wpforms-field-medium\" name=\"wpforms[fields][2]\" ><\/div><div id=\"wpforms-2333-field_3-container\" class=\"wpforms-field wpforms-field-email\" data-field-id=\"3\"><label class=\"wpforms-field-label\" for=\"wpforms-2333-field_3\">Email <span class=\"wpforms-required-label\">*<\/span><\/label><input type=\"email\" id=\"wpforms-2333-field_3\" class=\"wpforms-field-medium wpforms-field-required\" name=\"wpforms[fields][3]\" spellcheck=\"false\" required><\/div>\t\t<div id=\"wpforms-2333-field_5-container\"\n\t\t\tclass=\"wpforms-field wpforms-field-text\"\n\t\t\tdata-field-type=\"text\"\n\t\t\tdata-field-id=\"5\"\n\t\t\t>\n\t\t\t<label class=\"wpforms-field-label\" for=\"wpforms-2333-field_5\" >Name Email Name<\/label>\n\t\t\t<input type=\"text\" id=\"wpforms-2333-field_5\" class=\"wpforms-field-medium\" name=\"wpforms[fields][5]\" >\n\t\t<\/div>\n\t\t<div id=\"wpforms-2333-field_4-container\" class=\"wpforms-field wpforms-field-textarea\" data-field-id=\"4\"><label class=\"wpforms-field-label\" for=\"wpforms-2333-field_4\">Message <span class=\"wpforms-required-label\">*<\/span><\/label><textarea id=\"wpforms-2333-field_4\" class=\"wpforms-field-medium wpforms-field-required\" name=\"wpforms[fields][4]\" required><\/textarea><\/div><script>\n\t\t\t\t( function() {\n\t\t\t\t\tconst style = document.createElement( 'style' );\n\t\t\t\t\tstyle.appendChild( document.createTextNode( '#wpforms-2333-field_5-container { position: absolute !important; overflow: hidden !important; display: inline !important; height: 1px !important; width: 1px !important; z-index: -1000 !important; padding: 0 !important; } #wpforms-2333-field_5-container input { visibility: hidden; } #wpforms-conversational-form-page #wpforms-2333-field_5-container label { counter-increment: none; }' ) );\n\t\t\t\t\tdocument.head.appendChild( style );\n\t\t\t\t\tdocument.currentScript?.remove();\n\t\t\t\t} )();\n\t\t\t<\/script><\/div><!-- .wpforms-field-container --><div class=\"wpforms-submit-container\" ><input type=\"hidden\" name=\"wpforms[id]\" value=\"2333\"><input type=\"hidden\" name=\"page_title\" value=\"\"><input type=\"hidden\" name=\"page_url\" value=\"https:\/\/www.wolframcarbide.com\/de\/wp-json\/wp\/v2\/product\/3788\"><input type=\"hidden\" name=\"url_referer\" value=\"\"><button type=\"submit\" name=\"wpforms[submit]\" id=\"wpforms-submit-2333\" class=\"wpforms-submit\" data-alt-text=\"Sending\u2026\" data-submit-text=\"Send Inquiry\" aria-live=\"assertive\" value=\"wpforms-submit\">Send Inquiry<\/button><img loading=\"lazy\" decoding=\"async\" src=\"https:\/\/www.wolframcarbide.com\/wp-content\/plugins\/wpforms-lite\/assets\/images\/submit-spin.svg\" class=\"wpforms-submit-spinner\" style=\"display: none;\" width=\"26\" height=\"26\" alt=\"Wird geladen\" title=\"\"><\/div><\/form><\/div>  <!-- .wpforms-container -->\n","protected":false},"excerpt":{"rendered":"<p>Hartmetallkn\u00f6pfe \/ -eins\u00e4tze f\u00fcr Rollenmei\u00dfel und Dreikegelbohrmeissel.<\/p>\n<ol>\n<li>Auswahl des Rohmaterials: Hochwertiges Wolframcarbid pulver wird bevorzugt. 100% Neuware.<\/li>\n<li>Importierter deutscher PVA-Sinterofen. HIP-Sintern. Dies kann Hartmetallkn\u00f6pfe\/Eins\u00e4tze f\u00fcr Rollenmei\u00dfel und Tricone-Bohrmei\u00dfel in hoher Dichte halten., <strong>Hohe Verschlei\u00dffestigkeit<\/strong>leistungsstark.<\/li>\n<li>Professionelle Ingenieure und Qualit\u00e4tskontrollteams sorgen f\u00fcr die Kontrolle des Produktprozesses und die Abnahmepr\u00fcfung, um eine stabile Produktqualit\u00e4t zu gew\u00e4hrleisten und zu verhindern, dass unqualifizierte Produkte ausgeliefert werden.<\/li>\n<li><strong>Mehr als 40 Jahre Erfahrung in der Herstellung.<\/strong><\/li>\n<li><strong>Die Hartmetallkn\u00f6pfe \/ Eins\u00e4tze f\u00fcr Rollenmei\u00dfel sind in Bezug auf Leistung und Lebensdauer _%_ nahe bei 90-97 % von Guhring, Ceratizit, Boehlerit und Kennametal.<\/strong><\/li>\n<\/ol>","protected":false},"featured_media":3798,"template":"","meta":{"_uag_custom_page_level_css":"","site-sidebar-layout":"default","site-content-layout":"","ast-site-content-layout":"default","site-content-style":"default","site-sidebar-style":"default","ast-global-header-display":"","ast-banner-title-visibility":"","ast-main-header-display":"","ast-hfb-above-header-display":"","ast-hfb-below-header-display":"","ast-hfb-mobile-header-display":"","site-post-title":"","ast-breadcrumbs-content":"","ast-featured-img":"","footer-sml-layout":"","theme-transparent-header-meta":"default","adv-header-id-meta":"","stick-header-meta":"","header-above-stick-meta":"","header-main-stick-meta":"","header-below-stick-meta":"","astra-migrate-meta-layouts":"set","ast-page-background-enabled":"default","ast-page-background-meta":{"desktop":{"background-color":"var(--ast-global-color-4)","background-image":"","background-repeat":"repeat","background-position":"center center","background-size":"auto","background-attachment":"scroll","background-type":"","background-media":"","overlay-type":"","overlay-color":"","overlay-opacity":"","overlay-gradient":""},"tablet":{"background-color":"","background-image":"","background-repeat":"repeat","background-position":"center center","background-size":"auto","background-attachment":"scroll","background-type":"","background-media":"","overlay-type":"","overlay-color":"","overlay-opacity":"","overlay-gradient":""},"mobile":{"background-color":"","background-image":"","background-repeat":"repeat","background-position":"center center","background-size":"auto","background-attachment":"scroll","background-type":"","background-media":"","overlay-type":"","overlay-color":"","overlay-opacity":"","overlay-gradient":""}},"ast-content-background-meta":{"desktop":{"background-color":"var(--ast-global-color-5)","background-image":"","background-repeat":"repeat","background-position":"center center","background-size":"auto","background-attachment":"scroll","background-type":"","background-media":"","overlay-type":"","overlay-color":"","overlay-opacity":"","overlay-gradient":""},"tablet":{"background-color":"var(--ast-global-color-5)","background-image":"","background-repeat":"repeat","background-position":"center center","background-size":"auto","background-attachment":"scroll","background-type":"","background-media":"","overlay-type":"","overlay-color":"","overlay-opacity":"","overlay-gradient":""},"mobile":{"background-color":"var(--ast-global-color-5)","background-image":"","background-repeat":"repeat","background-position":"center center","background-size":"auto","background-attachment":"scroll","background-type":"","background-media":"","overlay-type":"","overlay-color":"","overlay-opacity":"","overlay-gradient":""}},"_joinchat":[]},"product_brand":[],"product_cat":[21],"product_tag":[],"class_list":{"0":"post-3788","1":"product","2":"type-product","3":"status-publish","4":"has-post-thumbnail","6":"product_cat-tungsten-carbide-buttons-and-inserts-for-mining-and-construction","7":"desktop-align-left","8":"tablet-align-left","9":"mobile-align-left","11":"first","12":"instock","13":"shipping-taxable","14":"product-type-simple"},"uagb_featured_image_src":{"full":["https:\/\/www.wolframcarbide.com\/wp-content\/uploads\/2026\/04\/Tungsten-Carbide-Buttons-Inserts-for-Roller-Cone-Bits-6.jpg",600,600,false],"thumbnail":["https:\/\/www.wolframcarbide.com\/wp-content\/uploads\/2026\/04\/Tungsten-Carbide-Buttons-Inserts-for-Roller-Cone-Bits-6-150x150.jpg",150,150,true],"medium":["https:\/\/www.wolframcarbide.com\/wp-content\/uploads\/2026\/04\/Tungsten-Carbide-Buttons-Inserts-for-Roller-Cone-Bits-6-300x300.jpg",300,300,true],"medium_large":["https:\/\/www.wolframcarbide.com\/wp-content\/uploads\/2026\/04\/Tungsten-Carbide-Buttons-Inserts-for-Roller-Cone-Bits-6.jpg",600,600,false],"large":["https:\/\/www.wolframcarbide.com\/wp-content\/uploads\/2026\/04\/Tungsten-Carbide-Buttons-Inserts-for-Roller-Cone-Bits-6.jpg",600,600,false],"1536x1536":["https:\/\/www.wolframcarbide.com\/wp-content\/uploads\/2026\/04\/Tungsten-Carbide-Buttons-Inserts-for-Roller-Cone-Bits-6.jpg",600,600,false],"2048x2048":["https:\/\/www.wolframcarbide.com\/wp-content\/uploads\/2026\/04\/Tungsten-Carbide-Buttons-Inserts-for-Roller-Cone-Bits-6.jpg",600,600,false],"trp-custom-language-flag":["https:\/\/www.wolframcarbide.com\/wp-content\/uploads\/2026\/04\/Tungsten-Carbide-Buttons-Inserts-for-Roller-Cone-Bits-6-12x12.jpg",12,12,true],"woocommerce_thumbnail":["https:\/\/www.wolframcarbide.com\/wp-content\/uploads\/2026\/04\/Tungsten-Carbide-Buttons-Inserts-for-Roller-Cone-Bits-6-300x300.jpg",300,300,true],"woocommerce_single":["https:\/\/www.wolframcarbide.com\/wp-content\/uploads\/2026\/04\/Tungsten-Carbide-Buttons-Inserts-for-Roller-Cone-Bits-6.jpg",600,600,false],"woocommerce_gallery_thumbnail":["https:\/\/www.wolframcarbide.com\/wp-content\/uploads\/2026\/04\/Tungsten-Carbide-Buttons-Inserts-for-Roller-Cone-Bits-6-100x100.jpg",100,100,true]},"uagb_author_info":{"display_name":"admin","author_link":"https:\/\/www.wolframcarbide.com\/de\/author\/"},"uagb_comment_info":0,"uagb_excerpt":"Tungsten carbide buttons \/ inserts for roller cone bits and tricone drill bits. Raw material selection: High quality wolfram carbide powder is preferred. 100% virgin material. Imported German PVA sintering furnace. HIP sintering. Which can keep carbide buttons \/ insert for roller cone bits and tricone drill bits in high density, High wear resistance, high-performance.&hellip;","_links":{"self":[{"href":"https:\/\/www.wolframcarbide.com\/de\/wp-json\/wp\/v2\/product\/3788","targetHints":{"allow":["GET"]}}],"collection":[{"href":"https:\/\/www.wolframcarbide.com\/de\/wp-json\/wp\/v2\/product"}],"about":[{"href":"https:\/\/www.wolframcarbide.com\/de\/wp-json\/wp\/v2\/types\/product"}],"wp:featuredmedia":[{"embeddable":true,"href":"https:\/\/www.wolframcarbide.com\/de\/wp-json\/wp\/v2\/media\/3798"}],"wp:attachment":[{"href":"https:\/\/www.wolframcarbide.com\/de\/wp-json\/wp\/v2\/media?parent=3788"}],"wp:term":[{"taxonomy":"product_brand","embeddable":true,"href":"https:\/\/www.wolframcarbide.com\/de\/wp-json\/wp\/v2\/product_brand?post=3788"},{"taxonomy":"product_cat","embeddable":true,"href":"https:\/\/www.wolframcarbide.com\/de\/wp-json\/wp\/v2\/product_cat?post=3788"},{"taxonomy":"product_tag","embeddable":true,"href":"https:\/\/www.wolframcarbide.com\/de\/wp-json\/wp\/v2\/product_tag?post=3788"}],"curies":[{"name":"wp","href":"https:\/\/api.w.org\/{rel}","templated":true}]}}