{"id":3436,"date":"2025-09-21T18:47:39","date_gmt":"2025-09-21T10:47:39","guid":{"rendered":"https:\/\/www.wolframcarbide.com\/?post_type=product&#038;p=3436"},"modified":"2025-09-21T18:47:41","modified_gmt":"2025-09-21T10:47:41","slug":"hartgelotete-hartmetallspitzen","status":"publish","type":"product","link":"https:\/\/www.wolframcarbide.com\/de\/product\/tungsten-brazed-carbide-tips\/","title":{"rendered":"Hohe Qualit\u00e4t YG6 Wolfram gel\u00f6tet Hartmetall Tipps Hersteller"},"content":{"rendered":"<h5><strong>Brazed carbide tips grades:<\/strong><\/h5>\n<table width=\"792\">\n<tbody>\n<tr>\n<td style=\"text-align: center;\" width=\"71\">Car<strong>bide<\/strong><br \/>\n<strong>Grade<\/strong><\/td>\n<td style=\"text-align: center;\" width=\"55\"><strong>ISO<\/strong><br \/>\n<strong>Grade<\/strong><\/td>\n<td style=\"text-align: center;\" width=\"58\"><strong>ANSI<\/strong><br \/>\n<strong>Grade<\/strong><\/td>\n<td style=\"text-align: center;\" colspan=\"3\" width=\"336\"><strong>Physical and Chemical Property<\/strong><\/td>\n<td style=\"text-align: center;\" width=\"272\"><strong>Performance &amp; Applications<\/strong><\/td>\n<\/tr>\n<tr>\n<td style=\"text-align: center;\" width=\"71\"><\/td>\n<td style=\"text-align: center;\" width=\"55\"><\/td>\n<td style=\"text-align: center;\" width=\"58\"><\/td>\n<td style=\"text-align: center;\" width=\"120\"><strong>Density (G\/CM3)<\/strong><\/td>\n<td style=\"text-align: center;\" width=\"104\"><strong>TRS (N\/MM2)<\/strong><\/td>\n<td style=\"text-align: center;\" width=\"112\"><strong>Hardness(<a href=\"https:\/\/en.wikipedia.org\/wiki\/Rockwell_hardness_test\" rel=\"nofollow noopener\" target=\"_blank\">HRA<\/a>)<\/strong><\/td>\n<td style=\"text-align: center;\" width=\"272\"><\/td>\n<\/tr>\n<tr>\n<td style=\"text-align: center;\" width=\"71\">&nbsp;<\/p>\n<p>YT15<\/td>\n<td style=\"text-align: center;\" width=\"55\">&nbsp;<\/p>\n<p>P10<\/td>\n<td style=\"text-align: center;\" width=\"58\">&nbsp;<\/p>\n<p>C7<\/td>\n<td style=\"text-align: center;\" width=\"120\">&nbsp;<\/p>\n<p>11.3<\/td>\n<td style=\"text-align: center;\" width=\"104\">&nbsp;<\/p>\n<p>1650<\/td>\n<td style=\"text-align: center;\" width=\"112\">&nbsp;<\/p>\n<p>92<\/td>\n<td width=\"272\">High wear resistance with good impact toughness. Suitable for semi-finishing of medium chip loads, or finishing of light chip loads on steel, cast steel, and alloy steel.<\/td>\n<\/tr>\n<tr>\n<td style=\"text-align: center;\" width=\"71\">&nbsp;<\/p>\n<p>YT14<\/td>\n<td style=\"text-align: center;\" width=\"55\">&nbsp;<\/p>\n<p>P20<\/td>\n<td style=\"text-align: center;\" width=\"58\">&nbsp;<\/p>\n<p>C6<\/td>\n<td style=\"text-align: center;\" width=\"120\">&nbsp;<\/p>\n<p>11.4<\/td>\n<td style=\"text-align: center;\" width=\"104\">&nbsp;<\/p>\n<p>1750<\/td>\n<td style=\"text-align: center;\" width=\"112\">&nbsp;<\/p>\n<p>91.5<\/td>\n<td width=\"272\">High strength, good impact and shock resistance. Suitable for rough turning and finish milling of carbon steel and alloy steel in continuous cutting, as well as semi-finishing and finishing in interrupted cutting.<\/td>\n<\/tr>\n<tr>\n<td style=\"text-align: center;\" width=\"71\">&nbsp;<\/p>\n<p>YT5<\/td>\n<td style=\"text-align: center;\" width=\"55\">&nbsp;<\/p>\n<p>P30<\/td>\n<td style=\"text-align: center;\" width=\"58\">&nbsp;<\/p>\n<p>C5<\/td>\n<td style=\"text-align: center;\" width=\"120\">&nbsp;<\/p>\n<p>12.9<\/td>\n<td style=\"text-align: center;\" width=\"104\">&nbsp;<\/p>\n<p>2200<\/td>\n<td style=\"text-align: center;\" width=\"112\">&nbsp;<\/p>\n<p>90.5<\/td>\n<td width=\"272\">Best strength and high impact and shock resistance among WC-Co-Ti alloys, but comparatively lower wear resistance. Suitable for rough turning, rough planing, and semi-finish planing of carbon steel and alloy steel.<\/td>\n<\/tr>\n<tr>\n<td style=\"text-align: center;\" width=\"71\">&nbsp;<\/p>\n<p>YW1<\/td>\n<td style=\"text-align: center;\" width=\"55\">&nbsp;<\/p>\n<p>M10<\/td>\n<td style=\"text-align: center;\" width=\"58\">&nbsp;<\/p>\n<p>\u2014\u2014<\/td>\n<td style=\"text-align: center;\" width=\"120\">&nbsp;<\/p>\n<p>13<\/td>\n<td style=\"text-align: center;\" width=\"104\">&nbsp;<\/p>\n<p>1710<\/td>\n<td style=\"text-align: center;\" width=\"112\">&nbsp;<\/p>\n<p>92.5<\/td>\n<td width=\"272\">Good red hardness and resistance to impact loads. A good general-purpose grade. Suitable for machining ordinary steel, cast iron, as well as hard-to-machine steels such as refractory steel, high manganese steel, and stainless steel.<\/td>\n<\/tr>\n<tr>\n<td style=\"text-align: center;\" width=\"71\">&nbsp;<\/p>\n<p>YW2<\/td>\n<td style=\"text-align: center;\" width=\"55\">&nbsp;<\/p>\n<p>M20<\/td>\n<td style=\"text-align: center;\" width=\"58\">&nbsp;<\/p>\n<p>\u2014\u2014<\/td>\n<td style=\"text-align: center;\" width=\"120\">&nbsp;<\/p>\n<p>12.9<\/td>\n<td style=\"text-align: center;\" width=\"104\">&nbsp;<\/p>\n<p>1880<\/td>\n<td style=\"text-align: center;\" width=\"112\">&nbsp;<\/p>\n<p>91<\/td>\n<td width=\"272\">High wear resistance and strength, resistant to high-impact loads. Suitable for roughing and semi-finishing of ordinary steel, cast iron, as well as refractory steel, high manganese steel, and high-grade alloy steel.<\/td>\n<\/tr>\n<tr>\n<td style=\"text-align: center;\" width=\"71\">&nbsp;<\/p>\n<p>YG6X<\/td>\n<td style=\"text-align: center;\" width=\"55\">&nbsp;<\/p>\n<p>K15<\/td>\n<td style=\"text-align: center;\" width=\"58\">&nbsp;<\/p>\n<p>C3<\/td>\n<td style=\"text-align: center;\" width=\"120\">&nbsp;<\/p>\n<p>14.9<\/td>\n<td style=\"text-align: center;\" width=\"104\">&nbsp;<\/p>\n<p>1890<\/td>\n<td style=\"text-align: center;\" width=\"112\">&nbsp;<\/p>\n<p>91.5<\/td>\n<td width=\"272\">A fine-grained WC alloy with wear resistance higher than YG6 and strength close to YG6. Suitable for machining chilled alloy cast iron and refractory alloy steel, as well as for finishing ordinary cast iron.<\/td>\n<\/tr>\n<tr>\n<td style=\"text-align: center;\" width=\"71\">&nbsp;<\/p>\n<p>YG6<\/td>\n<td style=\"text-align: center;\" width=\"55\">&nbsp;<\/p>\n<p>K20<\/td>\n<td style=\"text-align: center;\" width=\"58\">&nbsp;<\/p>\n<p>C2<\/td>\n<td style=\"text-align: center;\" width=\"120\">&nbsp;<\/p>\n<p>14.9<\/td>\n<td style=\"text-align: center;\" width=\"104\">&nbsp;<\/p>\n<p>2050<\/td>\n<td style=\"text-align: center;\" width=\"112\">&nbsp;<\/p>\n<p>90.5<\/td>\n<td width=\"272\">High wear resistance and good impact and shock resistance. Suitable for semi-finishing and finishing of cast iron, non-ferrous metals, alloys, and non-metallic materials at moderate cutting speeds.<\/td>\n<\/tr>\n<tr>\n<td style=\"text-align: center;\" width=\"71\">&nbsp;<\/p>\n<p><a href=\"https:\/\/www.wolframcarbide.com\/tungsten-carbide-hardness-and-uses-of-yg8\/\">YG8<\/a><\/td>\n<td style=\"text-align: center;\" width=\"55\">&nbsp;<\/p>\n<p>K30<\/td>\n<td style=\"text-align: center;\" width=\"58\">&nbsp;<\/p>\n<p>C1<\/td>\n<td style=\"text-align: center;\" width=\"120\">&nbsp;<\/p>\n<p>14.7<\/td>\n<td style=\"text-align: center;\" width=\"104\">&nbsp;<\/p>\n<p>2520<\/td>\n<td style=\"text-align: center;\" width=\"112\">&nbsp;<\/p>\n<p>90<\/td>\n<td width=\"272\">High strength and good impact and shock resistance, but lower wear resistance and cutting speed. Suitable for roughing of cast iron, non-ferrous metals, alloys, and non-metallic materials at low speeds.<\/td>\n<\/tr>\n<\/tbody>\n<\/table>\n<h5><strong>Tungsten carbide brazed tips sizes:<\/strong><\/h5>\n<p><img loading=\"lazy\" decoding=\"async\" class=\"alignnone wp-image-3439\" src=\"https:\/\/www.wolframcarbide.com\/wp-content\/uploads\/2025\/09\/tungsten-carbide-brazed-tips-sizes.jpg\" alt=\"tungsten carbide brazed tips\" width=\"233\" height=\"199\" title=\"\" srcset=\"https:\/\/www.wolframcarbide.com\/wp-content\/uploads\/2025\/09\/tungsten-carbide-brazed-tips-sizes.jpg 288w, https:\/\/www.wolframcarbide.com\/wp-content\/uploads\/2025\/09\/tungsten-carbide-brazed-tips-sizes-14x12.jpg 14w\" sizes=\"auto, (max-width: 233px) 100vw, 233px\" \/><\/p>\n<table style=\"border-collapse: collapse; width: 1336px; height: 346px;\" border=\"0\" width=\"291\" cellspacing=\"0\" cellpadding=\"0\">\n<tbody>\n<tr style=\"height: 14.25pt;\">\n<td class=\"et2\" style=\"height: 14.25pt; width: 56.25pt; text-align: center;\" width=\"75\" height=\"19\"><strong>TYpe<\/strong><\/td>\n<td class=\"et2\" style=\"width: 162.5pt; text-align: center;\" colspan=\"6\" width=\"216\"><strong>Dimension(MM)<\/strong><\/td>\n<\/tr>\n<tr style=\"height: 15.50pt;\">\n<td class=\"et3\" style=\"height: 15.50pt; width: 56.25pt;\" width=\"75\" height=\"20\"><\/td>\n<td class=\"et3\" style=\"width: 24pt; text-align: center;\" width=\"32\"><strong>L<\/strong><\/td>\n<td class=\"et3\" style=\"width: 23.5pt; text-align: center;\" width=\"31\"><strong>t<\/strong><\/td>\n<td class=\"et3\" style=\"width: 24pt; text-align: center;\" width=\"32\"><strong>S<\/strong><\/td>\n<td class=\"et3\" style=\"width: 23.5pt; text-align: center;\" width=\"31\"><strong>re<\/strong><\/td>\n<td class=\"et3\" style=\"width: 24pt; text-align: center;\" width=\"32\"><strong>e<\/strong><\/td>\n<td class=\"et3\" style=\"width: 43.5pt; text-align: center;\" width=\"58\"><strong>\u03b1\u00b0<\/strong><\/td>\n<\/tr>\n<tr style=\"height: 17.00pt;\">\n<td class=\"et3\" style=\"height: 17pt; width: 56.25pt; text-align: center;\" width=\"75\" height=\"22\">C110<\/td>\n<td class=\"et3\" style=\"width: 24pt; text-align: center;\" width=\"32\">10<\/td>\n<td class=\"et3\" style=\"width: 23.5pt; text-align: center;\" width=\"31\">4<\/td>\n<td class=\"et3\" style=\"width: 24pt; text-align: center;\" width=\"32\">3<\/td>\n<td class=\"et3\" style=\"width: 23.5pt; text-align: center;\" width=\"31\">0.5<\/td>\n<td class=\"et3\" style=\"width: 24pt; text-align: center;\" width=\"32\">\u4e00<\/td>\n<td class=\"et3\" style=\"width: 43.5pt; text-align: center;\" width=\"58\">\u4e00<\/td>\n<\/tr>\n<tr style=\"height: 13.50pt;\">\n<td class=\"et3\" style=\"height: 13.5pt; width: 56.25pt; text-align: center;\" width=\"75\" height=\"18\">C116<\/td>\n<td class=\"et3\" style=\"width: 24pt; text-align: center;\" width=\"32\">16<\/td>\n<td class=\"et3\" style=\"width: 23.5pt; text-align: center;\" width=\"31\">6<\/td>\n<td class=\"et3\" style=\"width: 24pt; text-align: center;\" width=\"32\">4<\/td>\n<td class=\"et3\" style=\"width: 23.5pt; text-align: center;\" width=\"31\">0.5<\/td>\n<td class=\"et3\" style=\"width: 24pt; text-align: center;\" width=\"32\">0.8<\/td>\n<td class=\"et3\" style=\"width: 43.5pt; text-align: center;\" width=\"58\">10<\/td>\n<\/tr>\n<tr style=\"height: 18.50pt;\">\n<td class=\"et3\" style=\"height: 18.5pt; width: 56.25pt; text-align: center;\" width=\"75\" height=\"24\">C120<\/td>\n<td class=\"et3\" style=\"width: 24pt; text-align: center;\" width=\"32\">20<\/td>\n<td class=\"et3\" style=\"width: 23.5pt; text-align: center;\" width=\"31\">8<\/td>\n<td class=\"et3\" style=\"width: 24pt; text-align: center;\" width=\"32\">5<\/td>\n<td class=\"et3\" style=\"width: 23.5pt; text-align: center;\" width=\"31\">0.5<\/td>\n<td class=\"et3\" style=\"width: 24pt; text-align: center;\" width=\"32\">0.8<\/td>\n<td class=\"et3\" style=\"width: 43.5pt; text-align: center;\" width=\"58\">10<\/td>\n<\/tr>\n<tr style=\"height: 19.50pt;\">\n<td class=\"et3\" style=\"height: 19.5pt; width: 56.25pt; text-align: center;\" width=\"75\" height=\"26\">C122<\/td>\n<td class=\"et3\" style=\"width: 24pt; text-align: center;\" width=\"32\">22<\/td>\n<td class=\"et3\" style=\"width: 23.5pt; text-align: center;\" width=\"31\">10<\/td>\n<td class=\"et3\" style=\"width: 24pt; text-align: center;\" width=\"32\">6<\/td>\n<td class=\"et3\" style=\"width: 23.5pt; text-align: center;\" width=\"31\">0.5<\/td>\n<td class=\"et3\" style=\"width: 24pt; text-align: center;\" width=\"32\">0.8<\/td>\n<td class=\"et3\" style=\"width: 43.5pt; text-align: center;\" width=\"58\">10<\/td>\n<\/tr>\n<tr style=\"height: 18.00pt;\">\n<td class=\"et3\" style=\"height: 18pt; width: 56.25pt; text-align: center;\" width=\"75\" height=\"24\">C125<\/td>\n<td class=\"et3\" style=\"width: 24pt; text-align: center;\" width=\"32\">25<\/td>\n<td class=\"et3\" style=\"width: 23.5pt; text-align: center;\" width=\"31\">12<\/td>\n<td class=\"et3\" style=\"width: 24pt; text-align: center;\" width=\"32\">7<\/td>\n<td class=\"et3\" style=\"width: 23.5pt; text-align: center;\" width=\"31\">0.8<\/td>\n<td class=\"et3\" style=\"width: 24pt; text-align: center;\" width=\"32\">0.8<\/td>\n<td class=\"et3\" style=\"width: 43.5pt; text-align: center;\" width=\"58\">10<\/td>\n<\/tr>\n<\/tbody>\n<\/table>\n<h5><strong>Brazed carbide tips details:<\/strong><\/h5>\n<p><img loading=\"lazy\" decoding=\"async\" class=\"alignnone size-full wp-image-3440\" src=\"https:\/\/www.wolframcarbide.com\/wp-content\/uploads\/2025\/09\/Carbide-brazed-tips-2.jpg\" alt=\"Brazed carbide tips\" width=\"800\" height=\"533\" title=\"\" srcset=\"https:\/\/www.wolframcarbide.com\/wp-content\/uploads\/2025\/09\/Carbide-brazed-tips-2.jpg 800w, https:\/\/www.wolframcarbide.com\/wp-content\/uploads\/2025\/09\/Carbide-brazed-tips-2-300x200.jpg 300w, https:\/\/www.wolframcarbide.com\/wp-content\/uploads\/2025\/09\/Carbide-brazed-tips-2-768x512.jpg 768w, https:\/\/www.wolframcarbide.com\/wp-content\/uploads\/2025\/09\/Carbide-brazed-tips-2-18x12.jpg 18w, https:\/\/www.wolframcarbide.com\/wp-content\/uploads\/2025\/09\/Carbide-brazed-tips-2-600x400.jpg 600w\" sizes=\"auto, (max-width: 800px) 100vw, 800px\" \/><\/p>\n<p><img loading=\"lazy\" decoding=\"async\" class=\"alignnone size-full wp-image-3441\" src=\"https:\/\/www.wolframcarbide.com\/wp-content\/uploads\/2025\/09\/Brzaed-carbide-tips-1.jpg\" alt=\"tungsten carbide brazed tips\" width=\"800\" height=\"533\" title=\"\" srcset=\"https:\/\/www.wolframcarbide.com\/wp-content\/uploads\/2025\/09\/Brzaed-carbide-tips-1.jpg 800w, https:\/\/www.wolframcarbide.com\/wp-content\/uploads\/2025\/09\/Brzaed-carbide-tips-1-300x200.jpg 300w, https:\/\/www.wolframcarbide.com\/wp-content\/uploads\/2025\/09\/Brzaed-carbide-tips-1-768x512.jpg 768w, https:\/\/www.wolframcarbide.com\/wp-content\/uploads\/2025\/09\/Brzaed-carbide-tips-1-18x12.jpg 18w, https:\/\/www.wolframcarbide.com\/wp-content\/uploads\/2025\/09\/Brzaed-carbide-tips-1-600x400.jpg 600w\" sizes=\"auto, (max-width: 800px) 100vw, 800px\" \/><\/p>\n<p><img loading=\"lazy\" decoding=\"async\" class=\"alignnone size-full wp-image-3442\" src=\"https:\/\/www.wolframcarbide.com\/wp-content\/uploads\/2025\/09\/Brazed-carbide-tips-6.jpg\" alt=\"brazed carbide tips package\" width=\"800\" height=\"533\" title=\"\" srcset=\"https:\/\/www.wolframcarbide.com\/wp-content\/uploads\/2025\/09\/Brazed-carbide-tips-6.jpg 800w, https:\/\/www.wolframcarbide.com\/wp-content\/uploads\/2025\/09\/Brazed-carbide-tips-6-300x200.jpg 300w, https:\/\/www.wolframcarbide.com\/wp-content\/uploads\/2025\/09\/Brazed-carbide-tips-6-768x512.jpg 768w, https:\/\/www.wolframcarbide.com\/wp-content\/uploads\/2025\/09\/Brazed-carbide-tips-6-18x12.jpg 18w, https:\/\/www.wolframcarbide.com\/wp-content\/uploads\/2025\/09\/Brazed-carbide-tips-6-600x400.jpg 600w\" sizes=\"auto, (max-width: 800px) 100vw, 800px\" \/><\/p>\n<p><strong>Please send us inquiries for quotations and free samples for testing:<\/strong><\/p>\n<div class=\"wpforms-container \" id=\"wpforms-2333\"><form id=\"wpforms-form-2333\" class=\"wpforms-validate wpforms-form wpforms-ajax-form\" data-formid=\"2333\" method=\"post\" enctype=\"multipart\/form-data\" action=\"\/de\/wp-json\/wp\/v2\/product\/3436\" data-token=\"d4ea1c9c814af134202fb7ac0bece4eb\" data-token-time=\"1775835844\"><noscript class=\"wpforms-error-noscript\">Bitte aktiviere JavaScript in deinem Browser, um dieses Formular fertigzustellen.<\/noscript><div class=\"wpforms-field-container\">\t\t<div id=\"wpforms-2333-field_5-container\"\n\t\t\tclass=\"wpforms-field wpforms-field-text\"\n\t\t\tdata-field-type=\"text\"\n\t\t\tdata-field-id=\"5\"\n\t\t\t>\n\t\t\t<label class=\"wpforms-field-label\" for=\"wpforms-2333-field_5\" >Name Company Name<\/label>\n\t\t\t<input type=\"text\" id=\"wpforms-2333-field_5\" class=\"wpforms-field-medium\" name=\"wpforms[fields][5]\" >\n\t\t<\/div>\n\t\t<div id=\"wpforms-2333-field_1-container\" class=\"wpforms-field wpforms-field-name\" data-field-id=\"1\"><label class=\"wpforms-field-label\" for=\"wpforms-2333-field_1\">Name <span class=\"wpforms-required-label\">*<\/span><\/label><input type=\"text\" id=\"wpforms-2333-field_1\" class=\"wpforms-field-medium wpforms-field-required\" name=\"wpforms[fields][1]\" required><\/div><div id=\"wpforms-2333-field_2-container\" class=\"wpforms-field wpforms-field-text\" data-field-id=\"2\"><label class=\"wpforms-field-label\" for=\"wpforms-2333-field_2\">Company Name<\/label><input type=\"text\" id=\"wpforms-2333-field_2\" class=\"wpforms-field-medium\" name=\"wpforms[fields][2]\" ><\/div><div id=\"wpforms-2333-field_3-container\" class=\"wpforms-field wpforms-field-email\" data-field-id=\"3\"><label class=\"wpforms-field-label\" for=\"wpforms-2333-field_3\">Email <span class=\"wpforms-required-label\">*<\/span><\/label><input type=\"email\" id=\"wpforms-2333-field_3\" class=\"wpforms-field-medium wpforms-field-required\" name=\"wpforms[fields][3]\" spellcheck=\"false\" required><\/div><div id=\"wpforms-2333-field_4-container\" class=\"wpforms-field wpforms-field-textarea\" data-field-id=\"4\"><label class=\"wpforms-field-label\" for=\"wpforms-2333-field_4\">Message <span class=\"wpforms-required-label\">*<\/span><\/label><textarea id=\"wpforms-2333-field_4\" class=\"wpforms-field-medium wpforms-field-required\" name=\"wpforms[fields][4]\" required><\/textarea><\/div><script>\n\t\t\t\t( function() {\n\t\t\t\t\tconst style = document.createElement( 'style' );\n\t\t\t\t\tstyle.appendChild( document.createTextNode( '#wpforms-2333-field_5-container { position: absolute !important; overflow: hidden !important; display: inline !important; height: 1px !important; width: 1px !important; z-index: -1000 !important; padding: 0 !important; } #wpforms-2333-field_5-container input { visibility: hidden; } #wpforms-conversational-form-page #wpforms-2333-field_5-container label { counter-increment: none; }' ) );\n\t\t\t\t\tdocument.head.appendChild( style );\n\t\t\t\t\tdocument.currentScript?.remove();\n\t\t\t\t} )();\n\t\t\t<\/script><\/div><!-- .wpforms-field-container --><div class=\"wpforms-submit-container\" ><input type=\"hidden\" name=\"wpforms[id]\" value=\"2333\"><input type=\"hidden\" name=\"page_title\" value=\"\"><input type=\"hidden\" name=\"page_url\" value=\"https:\/\/www.wolframcarbide.com\/de\/wp-json\/wp\/v2\/product\/3436\"><input type=\"hidden\" name=\"url_referer\" value=\"\"><button type=\"submit\" name=\"wpforms[submit]\" id=\"wpforms-submit-2333\" class=\"wpforms-submit\" data-alt-text=\"Sending\u2026\" data-submit-text=\"Send Inquiry\" aria-live=\"assertive\" value=\"wpforms-submit\">Send Inquiry<\/button><img loading=\"lazy\" decoding=\"async\" src=\"https:\/\/www.wolframcarbide.com\/wp-content\/plugins\/wpforms-lite\/assets\/images\/submit-spin.svg\" class=\"wpforms-submit-spinner\" style=\"display: none;\" width=\"26\" height=\"26\" alt=\"Wird geladen\" title=\"\"><\/div><\/form><\/div>  <!-- .wpforms-container -->\n","protected":false},"excerpt":{"rendered":"<p>1. die Auswahl des Rohmaterials: Hochwertiges Wolframkarbidpulver wird bevorzugt. 100% jungfr\u00e4uliches Material.<br \/>\n2. importierter deutscher PVA-Sinterofen. HIP-Sintern. Welche k\u00f6nnen halten gel\u00f6teten Hartmetall Tipps in hoher Dichte, hohe Verschlei\u00dffestigkeit, hohe Z\u00e4higkeit, High-Performance.<br \/>\n3. professionelle Ingenieure und Qualit\u00e4tskontrollteams sorgen f\u00fcr die Kontrolle des Produktprozesses und die Abnahmekontrolle, um eine stabile Produktqualit\u00e4t zu gew\u00e4hrleisten und zu verhindern, dass unqualifizierte Produkte ausgeliefert werden.<br \/>\n4. mehr als 40 Jahre Erfahrung in der Herstellung.<br \/>\n5. die gel\u00f6teten Hartmetallspitzen bieten eine erstklassige Leistung und Lebensdauer im Haushalt.<\/p>","protected":false},"featured_media":3437,"template":"","meta":{"_uag_custom_page_level_css":"","site-sidebar-layout":"default","site-content-layout":"","ast-site-content-layout":"default","site-content-style":"default","site-sidebar-style":"default","ast-global-header-display":"","ast-banner-title-visibility":"","ast-main-header-display":"","ast-hfb-above-header-display":"","ast-hfb-below-header-display":"","ast-hfb-mobile-header-display":"","site-post-title":"","ast-breadcrumbs-content":"","ast-featured-img":"","footer-sml-layout":"","theme-transparent-header-meta":"default","adv-header-id-meta":"","stick-header-meta":"","header-above-stick-meta":"","header-main-stick-meta":"","header-below-stick-meta":"","astra-migrate-meta-layouts":"set","ast-page-background-enabled":"default","ast-page-background-meta":{"desktop":{"background-color":"var(--ast-global-color-4)","background-image":"","background-repeat":"repeat","background-position":"center center","background-size":"auto","background-attachment":"scroll","background-type":"","background-media":"","overlay-type":"","overlay-color":"","overlay-opacity":"","overlay-gradient":""},"tablet":{"background-color":"","background-image":"","background-repeat":"repeat","background-position":"center center","background-size":"auto","background-attachment":"scroll","background-type":"","background-media":"","overlay-type":"","overlay-color":"","overlay-opacity":"","overlay-gradient":""},"mobile":{"background-color":"","background-image":"","background-repeat":"repeat","background-position":"center center","background-size":"auto","background-attachment":"scroll","background-type":"","background-media":"","overlay-type":"","overlay-color":"","overlay-opacity":"","overlay-gradient":""}},"ast-content-background-meta":{"desktop":{"background-color":"var(--ast-global-color-5)","background-image":"","background-repeat":"repeat","background-position":"center center","background-size":"auto","background-attachment":"scroll","background-type":"","background-media":"","overlay-type":"","overlay-color":"","overlay-opacity":"","overlay-gradient":""},"tablet":{"background-color":"var(--ast-global-color-5)","background-image":"","background-repeat":"repeat","background-position":"center center","background-size":"auto","background-attachment":"scroll","background-type":"","background-media":"","overlay-type":"","overlay-color":"","overlay-opacity":"","overlay-gradient":""},"mobile":{"background-color":"var(--ast-global-color-5)","background-image":"","background-repeat":"repeat","background-position":"center center","background-size":"auto","background-attachment":"scroll","background-type":"","background-media":"","overlay-type":"","overlay-color":"","overlay-opacity":"","overlay-gradient":""}},"_joinchat":[]},"product_brand":[],"product_cat":[23],"product_tag":[],"class_list":{"0":"post-3436","1":"product","2":"type-product","3":"status-publish","4":"has-post-thumbnail","6":"product_cat-nonstandard-tungsten-carbide-wear-resistant-parts","7":"desktop-align-left","8":"tablet-align-left","9":"mobile-align-left","11":"first","12":"instock","13":"shipping-taxable","14":"product-type-simple"},"uagb_featured_image_src":{"full":["https:\/\/www.wolframcarbide.com\/wp-content\/uploads\/2025\/09\/Carbide-brazed-tips.jpg",600,600,false],"thumbnail":["https:\/\/www.wolframcarbide.com\/wp-content\/uploads\/2025\/09\/Carbide-brazed-tips-150x150.jpg",150,150,true],"medium":["https:\/\/www.wolframcarbide.com\/wp-content\/uploads\/2025\/09\/Carbide-brazed-tips-300x300.jpg",300,300,true],"medium_large":["https:\/\/www.wolframcarbide.com\/wp-content\/uploads\/2025\/09\/Carbide-brazed-tips.jpg",600,600,false],"large":["https:\/\/www.wolframcarbide.com\/wp-content\/uploads\/2025\/09\/Carbide-brazed-tips.jpg",600,600,false],"1536x1536":["https:\/\/www.wolframcarbide.com\/wp-content\/uploads\/2025\/09\/Carbide-brazed-tips.jpg",600,600,false],"2048x2048":["https:\/\/www.wolframcarbide.com\/wp-content\/uploads\/2025\/09\/Carbide-brazed-tips.jpg",600,600,false],"trp-custom-language-flag":["https:\/\/www.wolframcarbide.com\/wp-content\/uploads\/2025\/09\/Carbide-brazed-tips-12x12.jpg",12,12,true],"woocommerce_thumbnail":["https:\/\/www.wolframcarbide.com\/wp-content\/uploads\/2025\/09\/Carbide-brazed-tips-300x300.jpg",300,300,true],"woocommerce_single":["https:\/\/www.wolframcarbide.com\/wp-content\/uploads\/2025\/09\/Carbide-brazed-tips.jpg",600,600,false],"woocommerce_gallery_thumbnail":["https:\/\/www.wolframcarbide.com\/wp-content\/uploads\/2025\/09\/Carbide-brazed-tips-100x100.jpg",100,100,true]},"uagb_author_info":{"display_name":"admin","author_link":"https:\/\/www.wolframcarbide.com\/de\/author\/"},"uagb_comment_info":0,"uagb_excerpt":"1.Raw material selection: High quality tungsten carbide powder is preferred. 100% virgin material. 2.Imported German PVA sintering furnace. HIP sintering. Which can keep brazed carbide tips in high density, High wear resistance, high toughness, high-performance. 3.Professional engineers and quality inspection teams ensure product process inspection and acceptance inspection to ensure stable product quality and prevent&hellip;","_links":{"self":[{"href":"https:\/\/www.wolframcarbide.com\/de\/wp-json\/wp\/v2\/product\/3436","targetHints":{"allow":["GET"]}}],"collection":[{"href":"https:\/\/www.wolframcarbide.com\/de\/wp-json\/wp\/v2\/product"}],"about":[{"href":"https:\/\/www.wolframcarbide.com\/de\/wp-json\/wp\/v2\/types\/product"}],"wp:featuredmedia":[{"embeddable":true,"href":"https:\/\/www.wolframcarbide.com\/de\/wp-json\/wp\/v2\/media\/3437"}],"wp:attachment":[{"href":"https:\/\/www.wolframcarbide.com\/de\/wp-json\/wp\/v2\/media?parent=3436"}],"wp:term":[{"taxonomy":"product_brand","embeddable":true,"href":"https:\/\/www.wolframcarbide.com\/de\/wp-json\/wp\/v2\/product_brand?post=3436"},{"taxonomy":"product_cat","embeddable":true,"href":"https:\/\/www.wolframcarbide.com\/de\/wp-json\/wp\/v2\/product_cat?post=3436"},{"taxonomy":"product_tag","embeddable":true,"href":"https:\/\/www.wolframcarbide.com\/de\/wp-json\/wp\/v2\/product_tag?post=3436"}],"curies":[{"name":"wp","href":"https:\/\/api.w.org\/{rel}","templated":true}]}}