{"id":3421,"date":"2025-09-14T21:37:18","date_gmt":"2025-09-14T13:37:18","guid":{"rendered":"https:\/\/www.wolframcarbide.com\/?post_type=product&#038;p=3421"},"modified":"2025-09-14T21:37:21","modified_gmt":"2025-09-14T13:37:21","slug":"hartmetall-gegenmesser","status":"publish","type":"product","link":"https:\/\/www.wolframcarbide.com\/de\/product\/tungsten-carbide-bed-knives\/","title":{"rendered":"Langlebige Hartmetall Gegenmesser f\u00fcr Stranggranulatoren zum Schneiden von Kunststoff"},"content":{"rendered":"<h5><strong>Tungsten carbide bed knives grade:<\/strong><\/h5>\n<table style=\"border-collapse: collapse; width: 837px; height: 134px;\" border=\"0\" width=\"360\" cellspacing=\"0\" cellpadding=\"0\">\n<tbody>\n<tr style=\"height: 28.50pt;\">\n<td class=\"et2\" style=\"height: 28.5pt; width: 54pt; text-align: center;\" width=\"72\" height=\"38\"><strong>Grade<\/strong><\/td>\n<td class=\"et2\" style=\"width: 54pt; text-align: center;\" width=\"72\"><strong>WC(%)<\/strong><\/td>\n<td class=\"et2\" style=\"width: 54pt; text-align: center;\" width=\"72\"><strong>Co(%)<\/strong><\/td>\n<td class=\"et2\" style=\"width: 54pt; text-align: center;\" width=\"72\"><strong>Hardness(<a href=\"https:\/\/en.wikipedia.org\/wiki\/Rockwell_hardness_test\" rel=\"nofollow noopener\" target=\"_blank\">HRA<\/a>)<\/strong><\/td>\n<td class=\"et2\" style=\"width: 54pt; text-align: center;\" width=\"72\"><strong>TRS(Mpa)<\/strong><\/td>\n<\/tr>\n<tr style=\"height: 14.25pt;\">\n<td class=\"et2\" style=\"height: 14.25pt; width: 54pt; text-align: center;\" width=\"72\" height=\"19\">BU03<\/td>\n<td class=\"et2\" style=\"width: 54pt; text-align: center;\" width=\"72\">97<\/td>\n<td class=\"et2\" style=\"width: 54pt; text-align: center;\" width=\"72\">3<\/td>\n<td class=\"et2\" style=\"width: 54pt; text-align: center;\" width=\"72\">\u226594.5<\/td>\n<td class=\"et2\" style=\"width: 54pt; text-align: center;\" width=\"72\">3500<\/td>\n<\/tr>\n<tr style=\"height: 14.25pt;\">\n<td class=\"et2\" style=\"height: 14.25pt; width: 54pt; text-align: center;\" width=\"72\" height=\"19\">BU06<\/td>\n<td class=\"et2\" style=\"width: 54pt; text-align: center;\" width=\"72\">94<\/td>\n<td class=\"et2\" style=\"width: 54pt; text-align: center;\" width=\"72\">6<\/td>\n<td class=\"et2\" style=\"width: 54pt; text-align: center;\" width=\"72\">\u226594.5<\/td>\n<td class=\"et2\" style=\"width: 54pt; text-align: center;\" width=\"72\">3600<\/td>\n<\/tr>\n<\/tbody>\n<\/table>\n<h5><strong>Tungsten carbide bed knives sizes:<\/strong><\/h5>\n<p><img loading=\"lazy\" decoding=\"async\" class=\"alignnone size-full wp-image-3422\" src=\"https:\/\/www.wolframcarbide.com\/wp-content\/uploads\/2025\/09\/tungsten-carbide-bed-knives-sizes_.jpg\" alt=\"tungsten carbide bed knives sizes\" width=\"500\" height=\"64\" title=\"\" srcset=\"https:\/\/www.wolframcarbide.com\/wp-content\/uploads\/2025\/09\/tungsten-carbide-bed-knives-sizes_.jpg 500w, https:\/\/www.wolframcarbide.com\/wp-content\/uploads\/2025\/09\/tungsten-carbide-bed-knives-sizes_-300x38.jpg 300w, https:\/\/www.wolframcarbide.com\/wp-content\/uploads\/2025\/09\/tungsten-carbide-bed-knives-sizes_-18x2.jpg 18w\" sizes=\"auto, (max-width: 500px) 100vw, 500px\" \/><\/p>\n<table style=\"border-collapse: collapse; width: 838px; height: 477px;\" border=\"0\" width=\"299\" cellspacing=\"0\" cellpadding=\"0\">\n<tbody>\n<tr style=\"height: 14.25pt;\">\n<td class=\"et3\" style=\"height: 14.25pt; width: 75.75pt; text-align: center;\" width=\"101\" height=\"19\"><strong>L(MM)<\/strong><\/td>\n<td class=\"et4\" style=\"width: 71.25pt; text-align: center;\" width=\"95\"><strong>W(MM)<\/strong><\/td>\n<td class=\"et5\" style=\"width: 77.25pt; text-align: center;\" width=\"103\"><strong>H(MM)<\/strong><\/td>\n<\/tr>\n<tr style=\"height: 14.25pt;\">\n<td class=\"et3\" style=\"height: 14.25pt; text-align: center;\" height=\"19\">150<\/td>\n<td class=\"et4\" style=\"text-align: center;\">14<\/td>\n<td class=\"et5\" style=\"text-align: center;\">8<\/td>\n<\/tr>\n<tr style=\"height: 14.25pt;\">\n<td class=\"et3\" style=\"height: 14.25pt; text-align: center;\" height=\"19\">200<\/td>\n<td class=\"et4\" style=\"text-align: center;\">30<\/td>\n<td class=\"et5\" style=\"text-align: center;\">10<\/td>\n<\/tr>\n<tr style=\"height: 14.25pt;\">\n<td class=\"et3\" style=\"height: 14.25pt; text-align: center;\" height=\"19\">230<\/td>\n<td class=\"et4\" style=\"text-align: center;\">20<\/td>\n<td class=\"et5\" style=\"text-align: center;\">8<\/td>\n<\/tr>\n<tr style=\"height: 14.25pt;\">\n<td class=\"et3\" style=\"height: 14.25pt; text-align: center;\" height=\"19\">305<\/td>\n<td class=\"et4\" style=\"text-align: center;\">20<\/td>\n<td class=\"et5\" style=\"text-align: center;\">8<\/td>\n<\/tr>\n<tr style=\"height: 14.25pt;\">\n<td class=\"et3\" style=\"height: 14.25pt; text-align: center;\" height=\"19\">305<\/td>\n<td class=\"et4\" style=\"text-align: center;\">20<\/td>\n<td class=\"et5\" style=\"text-align: center;\">9.5<\/td>\n<\/tr>\n<tr style=\"height: 14.25pt;\">\n<td class=\"et3\" style=\"height: 14.25pt; text-align: center;\" height=\"19\">318<\/td>\n<td class=\"et4\" style=\"text-align: center;\">20<\/td>\n<td class=\"et5\" style=\"text-align: center;\">8<\/td>\n<\/tr>\n<tr style=\"height: 14.25pt;\">\n<td class=\"et3\" style=\"height: 14.25pt; text-align: center;\" height=\"19\">340<\/td>\n<td class=\"et4\" style=\"text-align: center;\">20<\/td>\n<td class=\"et5\" style=\"text-align: center;\">8<\/td>\n<\/tr>\n<tr style=\"height: 14.25pt;\">\n<td class=\"et6\" style=\"height: 14.25pt; text-align: center;\" height=\"19\">350<\/td>\n<td class=\"et7\" style=\"text-align: center;\">20<\/td>\n<td class=\"et8\" style=\"text-align: center;\">8<\/td>\n<\/tr>\n<\/tbody>\n<\/table>\n<h5>We support customization, please provide us with drawings.<\/h5>\n<p>&nbsp;<\/p>\n<h5><strong>Carbide bed knives details:<\/strong><\/h5>\n<p><img loading=\"lazy\" decoding=\"async\" class=\"alignnone size-full wp-image-3426\" src=\"https:\/\/www.wolframcarbide.com\/wp-content\/uploads\/2025\/09\/bed-knives-1.jpg\" alt=\"bed knives\" width=\"800\" height=\"533\" title=\"\" srcset=\"https:\/\/www.wolframcarbide.com\/wp-content\/uploads\/2025\/09\/bed-knives-1.jpg 800w, https:\/\/www.wolframcarbide.com\/wp-content\/uploads\/2025\/09\/bed-knives-1-300x200.jpg 300w, https:\/\/www.wolframcarbide.com\/wp-content\/uploads\/2025\/09\/bed-knives-1-768x512.jpg 768w, https:\/\/www.wolframcarbide.com\/wp-content\/uploads\/2025\/09\/bed-knives-1-18x12.jpg 18w, https:\/\/www.wolframcarbide.com\/wp-content\/uploads\/2025\/09\/bed-knives-1-600x400.jpg 600w\" sizes=\"auto, (max-width: 800px) 100vw, 800px\" \/><\/p>\n<p><img loading=\"lazy\" decoding=\"async\" class=\"alignnone size-full wp-image-3427\" src=\"https:\/\/www.wolframcarbide.com\/wp-content\/uploads\/2025\/09\/bed-knives-2.jpg\" alt=\"carbide bed knives\" width=\"800\" height=\"533\" title=\"\" srcset=\"https:\/\/www.wolframcarbide.com\/wp-content\/uploads\/2025\/09\/bed-knives-2.jpg 800w, https:\/\/www.wolframcarbide.com\/wp-content\/uploads\/2025\/09\/bed-knives-2-300x200.jpg 300w, https:\/\/www.wolframcarbide.com\/wp-content\/uploads\/2025\/09\/bed-knives-2-768x512.jpg 768w, https:\/\/www.wolframcarbide.com\/wp-content\/uploads\/2025\/09\/bed-knives-2-18x12.jpg 18w, https:\/\/www.wolframcarbide.com\/wp-content\/uploads\/2025\/09\/bed-knives-2-600x400.jpg 600w\" sizes=\"auto, (max-width: 800px) 100vw, 800px\" \/><\/p>\n<p><a href=\"https:\/\/www.wolframcarbide.com\/product-category\/tungsten-carbide-strips-and-strips\/\"><img loading=\"lazy\" decoding=\"async\" class=\"alignnone size-full wp-image-3428\" src=\"https:\/\/www.wolframcarbide.com\/wp-content\/uploads\/2025\/09\/bed-knives-3.jpg\" alt=\"Tungsten carbide bed knives\" width=\"800\" height=\"533\" title=\"\" srcset=\"https:\/\/www.wolframcarbide.com\/wp-content\/uploads\/2025\/09\/bed-knives-3.jpg 800w, https:\/\/www.wolframcarbide.com\/wp-content\/uploads\/2025\/09\/bed-knives-3-300x200.jpg 300w, https:\/\/www.wolframcarbide.com\/wp-content\/uploads\/2025\/09\/bed-knives-3-768x512.jpg 768w, https:\/\/www.wolframcarbide.com\/wp-content\/uploads\/2025\/09\/bed-knives-3-18x12.jpg 18w, https:\/\/www.wolframcarbide.com\/wp-content\/uploads\/2025\/09\/bed-knives-3-600x400.jpg 600w\" sizes=\"auto, (max-width: 800px) 100vw, 800px\" \/><\/a><\/p>\n<h5><strong>Carbide bed knife advantages:<\/strong><\/h5>\n<p>&nbsp;<\/p>\n<p><strong>1.Unparalleled wear resistance<\/strong><br \/>\nThis is the most prominent advantage of cemented carbide. Its hardness is far higher than any other tool steel (HRA can reach around 93, far exceeding HRC 60 steel). When cutting highly abrasive materials (such as fiberglass-reinforced plastics, carbon fibers, and highly filled materials), its service life can be dozens or even hundreds of times that of ordinary steel bed cutters. This significantly reduces the frequency of blade changes and downtime.<\/p>\n<p><strong>2. Extremely long service life<\/strong><\/p>\n<p>This is directly due to its extremely high wear resistance. While the initial purchase cost is high, its extremely long service life means lower per-process costs and higher productivity, which is ultimately more economical in the long run.<\/p>\n<p><strong>3. Excellent compressive strength<\/strong><\/p>\n<p>Cemented carbide resists deformation under extreme pressure and maintains extremely high dimensional stability, ensuring precise cutting gaps and consistent cut quality.<\/p>\n<p><strong>4. Moderate corrosion resistance<\/strong><\/p>\n<p>Its chemical stability surpasses that of ordinary tool steel, making it more resistant to corrosion from certain plastic additives or chemicals in the machining environment.<\/p>\n<p>&nbsp;<\/p>\n<p>&nbsp;<\/p>\n<p><strong>Please send us inquiries for quotations and free samples for testing:<\/strong><\/p>\n<div class=\"wpforms-container \" id=\"wpforms-2333\"><form id=\"wpforms-form-2333\" class=\"wpforms-validate wpforms-form wpforms-ajax-form\" data-formid=\"2333\" method=\"post\" enctype=\"multipart\/form-data\" action=\"\/de\/wp-json\/wp\/v2\/product\/3421\" data-token=\"95a108510687102ef4f2e609b8c5f89f\" data-token-time=\"1776508378\"><noscript class=\"wpforms-error-noscript\">Bitte aktiviere JavaScript in deinem Browser, um dieses Formular fertigzustellen.<\/noscript><div class=\"wpforms-field-container\"><div id=\"wpforms-2333-field_1-container\" class=\"wpforms-field wpforms-field-name\" data-field-id=\"1\"><label class=\"wpforms-field-label\" for=\"wpforms-2333-field_1\">Name <span class=\"wpforms-required-label\">*<\/span><\/label><input type=\"text\" id=\"wpforms-2333-field_1\" class=\"wpforms-field-medium wpforms-field-required\" name=\"wpforms[fields][1]\" required><\/div><div id=\"wpforms-2333-field_2-container\" class=\"wpforms-field wpforms-field-text\" data-field-id=\"2\"><label class=\"wpforms-field-label\" for=\"wpforms-2333-field_2\">Company Name<\/label><input type=\"text\" id=\"wpforms-2333-field_2\" class=\"wpforms-field-medium\" name=\"wpforms[fields][2]\" ><\/div>\t\t<div id=\"wpforms-2333-field_5-container\"\n\t\t\tclass=\"wpforms-field wpforms-field-text\"\n\t\t\tdata-field-type=\"text\"\n\t\t\tdata-field-id=\"5\"\n\t\t\t>\n\t\t\t<label class=\"wpforms-field-label\" for=\"wpforms-2333-field_5\" >Company Name Email<\/label>\n\t\t\t<input type=\"text\" id=\"wpforms-2333-field_5\" class=\"wpforms-field-medium\" name=\"wpforms[fields][5]\" >\n\t\t<\/div>\n\t\t<div id=\"wpforms-2333-field_3-container\" class=\"wpforms-field wpforms-field-email\" data-field-id=\"3\"><label class=\"wpforms-field-label\" for=\"wpforms-2333-field_3\">Email <span class=\"wpforms-required-label\">*<\/span><\/label><input type=\"email\" id=\"wpforms-2333-field_3\" class=\"wpforms-field-medium wpforms-field-required\" name=\"wpforms[fields][3]\" spellcheck=\"false\" required><\/div><div id=\"wpforms-2333-field_4-container\" class=\"wpforms-field wpforms-field-textarea\" data-field-id=\"4\"><label class=\"wpforms-field-label\" for=\"wpforms-2333-field_4\">Message <span class=\"wpforms-required-label\">*<\/span><\/label><textarea id=\"wpforms-2333-field_4\" class=\"wpforms-field-medium wpforms-field-required\" name=\"wpforms[fields][4]\" required><\/textarea><\/div><script>\n\t\t\t\t( function() {\n\t\t\t\t\tconst style = document.createElement( 'style' );\n\t\t\t\t\tstyle.appendChild( document.createTextNode( '#wpforms-2333-field_5-container { position: absolute !important; overflow: hidden !important; display: inline !important; height: 1px !important; width: 1px !important; z-index: -1000 !important; padding: 0 !important; } #wpforms-2333-field_5-container input { visibility: hidden; } #wpforms-conversational-form-page #wpforms-2333-field_5-container label { counter-increment: none; }' ) );\n\t\t\t\t\tdocument.head.appendChild( style );\n\t\t\t\t\tdocument.currentScript?.remove();\n\t\t\t\t} )();\n\t\t\t<\/script><\/div><!-- .wpforms-field-container --><div class=\"wpforms-submit-container\" ><input type=\"hidden\" name=\"wpforms[id]\" value=\"2333\"><input type=\"hidden\" name=\"page_title\" value=\"\"><input type=\"hidden\" name=\"page_url\" value=\"https:\/\/www.wolframcarbide.com\/de\/wp-json\/wp\/v2\/product\/3421\"><input type=\"hidden\" name=\"url_referer\" value=\"\"><button type=\"submit\" name=\"wpforms[submit]\" id=\"wpforms-submit-2333\" class=\"wpforms-submit\" data-alt-text=\"Sending\u2026\" data-submit-text=\"Send Inquiry\" aria-live=\"assertive\" value=\"wpforms-submit\">Send Inquiry<\/button><img loading=\"lazy\" decoding=\"async\" src=\"https:\/\/www.wolframcarbide.com\/wp-content\/plugins\/wpforms-lite\/assets\/images\/submit-spin.svg\" class=\"wpforms-submit-spinner\" style=\"display: none;\" width=\"26\" height=\"26\" alt=\"Wird geladen\" title=\"\"><\/div><\/form><\/div>  <!-- .wpforms-container -->\n","protected":false},"excerpt":{"rendered":"<p>1. Auswahl des Rohmaterials: Hochwertiges Wolframkarbidpulver wird bevorzugt. 100% jungfr\u00e4uliches Material.<br \/>\n2. importierter deutscher PVA-Sinterofen. HIP-Sintern. Welche k\u00f6nnen Wolfram-Karbid-Messer in hoher Dichte, hohe Verschlei\u00dffestigkeit, High-Performance halten.<br \/>\n3. professionelle Ingenieure und Qualit\u00e4tskontrollteams sorgen f\u00fcr die Kontrolle des Produktprozesses und die Abnahmekontrolle, um eine stabile Produktqualit\u00e4t zu gew\u00e4hrleisten und zu verhindern, dass unqualifizierte Produkte ausgeliefert werden.<br \/>\n4. Mehr als 40 Jahre Erfahrung in der Herstellung.<\/p>\n<p><strong>5. F\u00fcr MAAG, SCHEER, GALA, XANTEC, AMN, AUTOMATIK, GICHIN, NANFENG, REDUCTION, CONAIR, EREMA, IZZU.<\/strong><\/p>\n<p>6. Hartmetall-Bett-Messer sind weit verbreitet f\u00fcr das Schneiden von Material PC, PA, PP, PTT, PA, PP, ABS, POM, AS + GF und andere technische Kunststoff-Granulierung verwendet.<\/p>","protected":false},"featured_media":3423,"template":"","meta":{"_uag_custom_page_level_css":"","site-sidebar-layout":"default","site-content-layout":"","ast-site-content-layout":"default","site-content-style":"default","site-sidebar-style":"default","ast-global-header-display":"","ast-banner-title-visibility":"","ast-main-header-display":"","ast-hfb-above-header-display":"","ast-hfb-below-header-display":"","ast-hfb-mobile-header-display":"","site-post-title":"","ast-breadcrumbs-content":"","ast-featured-img":"","footer-sml-layout":"","theme-transparent-header-meta":"default","adv-header-id-meta":"","stick-header-meta":"","header-above-stick-meta":"","header-main-stick-meta":"","header-below-stick-meta":"","astra-migrate-meta-layouts":"set","ast-page-background-enabled":"default","ast-page-background-meta":{"desktop":{"background-color":"var(--ast-global-color-4)","background-image":"","background-repeat":"repeat","background-position":"center center","background-size":"auto","background-attachment":"scroll","background-type":"","background-media":"","overlay-type":"","overlay-color":"","overlay-opacity":"","overlay-gradient":""},"tablet":{"background-color":"","background-image":"","background-repeat":"repeat","background-position":"center center","background-size":"auto","background-attachment":"scroll","background-type":"","background-media":"","overlay-type":"","overlay-color":"","overlay-opacity":"","overlay-gradient":""},"mobile":{"background-color":"","background-image":"","background-repeat":"repeat","background-position":"center center","background-size":"auto","background-attachment":"scroll","background-type":"","background-media":"","overlay-type":"","overlay-color":"","overlay-opacity":"","overlay-gradient":""}},"ast-content-background-meta":{"desktop":{"background-color":"var(--ast-global-color-5)","background-image":"","background-repeat":"repeat","background-position":"center center","background-size":"auto","background-attachment":"scroll","background-type":"","background-media":"","overlay-type":"","overlay-color":"","overlay-opacity":"","overlay-gradient":""},"tablet":{"background-color":"var(--ast-global-color-5)","background-image":"","background-repeat":"repeat","background-position":"center center","background-size":"auto","background-attachment":"scroll","background-type":"","background-media":"","overlay-type":"","overlay-color":"","overlay-opacity":"","overlay-gradient":""},"mobile":{"background-color":"var(--ast-global-color-5)","background-image":"","background-repeat":"repeat","background-position":"center center","background-size":"auto","background-attachment":"scroll","background-type":"","background-media":"","overlay-type":"","overlay-color":"","overlay-opacity":"","overlay-gradient":""}},"_joinchat":[]},"product_brand":[],"product_cat":[20],"product_tag":[],"class_list":{"0":"post-3421","1":"product","2":"type-product","3":"status-publish","4":"has-post-thumbnail","6":"product_cat-tungsten-carbide-strips-and-strips","7":"desktop-align-left","8":"tablet-align-left","9":"mobile-align-left","11":"first","12":"instock","13":"shipping-taxable","14":"product-type-simple"},"uagb_featured_image_src":{"full":["https:\/\/www.wolframcarbide.com\/wp-content\/uploads\/2025\/09\/tungsten-carbide-bed-knvies.jpg",600,600,false],"thumbnail":["https:\/\/www.wolframcarbide.com\/wp-content\/uploads\/2025\/09\/tungsten-carbide-bed-knvies-150x150.jpg",150,150,true],"medium":["https:\/\/www.wolframcarbide.com\/wp-content\/uploads\/2025\/09\/tungsten-carbide-bed-knvies-300x300.jpg",300,300,true],"medium_large":["https:\/\/www.wolframcarbide.com\/wp-content\/uploads\/2025\/09\/tungsten-carbide-bed-knvies.jpg",600,600,false],"large":["https:\/\/www.wolframcarbide.com\/wp-content\/uploads\/2025\/09\/tungsten-carbide-bed-knvies.jpg",600,600,false],"1536x1536":["https:\/\/www.wolframcarbide.com\/wp-content\/uploads\/2025\/09\/tungsten-carbide-bed-knvies.jpg",600,600,false],"2048x2048":["https:\/\/www.wolframcarbide.com\/wp-content\/uploads\/2025\/09\/tungsten-carbide-bed-knvies.jpg",600,600,false],"trp-custom-language-flag":["https:\/\/www.wolframcarbide.com\/wp-content\/uploads\/2025\/09\/tungsten-carbide-bed-knvies-12x12.jpg",12,12,true],"woocommerce_thumbnail":["https:\/\/www.wolframcarbide.com\/wp-content\/uploads\/2025\/09\/tungsten-carbide-bed-knvies-300x300.jpg",300,300,true],"woocommerce_single":["https:\/\/www.wolframcarbide.com\/wp-content\/uploads\/2025\/09\/tungsten-carbide-bed-knvies.jpg",600,600,false],"woocommerce_gallery_thumbnail":["https:\/\/www.wolframcarbide.com\/wp-content\/uploads\/2025\/09\/tungsten-carbide-bed-knvies-100x100.jpg",100,100,true]},"uagb_author_info":{"display_name":"admin","author_link":"https:\/\/www.wolframcarbide.com\/de\/author\/"},"uagb_comment_info":0,"uagb_excerpt":"1. Raw material selection: High quality tungsten carbide powder is preferred. 100% virgin material. 2.Imported German PVA sintering furnace. HIP sintering. Which can keep tungsten carbide knives in high density, High wear resistance, high-performance. 3.Professional engineers and quality inspection teams ensure product process inspection and acceptance inspection to ensure stable product quality and prevent unqualified&hellip;","_links":{"self":[{"href":"https:\/\/www.wolframcarbide.com\/de\/wp-json\/wp\/v2\/product\/3421","targetHints":{"allow":["GET"]}}],"collection":[{"href":"https:\/\/www.wolframcarbide.com\/de\/wp-json\/wp\/v2\/product"}],"about":[{"href":"https:\/\/www.wolframcarbide.com\/de\/wp-json\/wp\/v2\/types\/product"}],"wp:featuredmedia":[{"embeddable":true,"href":"https:\/\/www.wolframcarbide.com\/de\/wp-json\/wp\/v2\/media\/3423"}],"wp:attachment":[{"href":"https:\/\/www.wolframcarbide.com\/de\/wp-json\/wp\/v2\/media?parent=3421"}],"wp:term":[{"taxonomy":"product_brand","embeddable":true,"href":"https:\/\/www.wolframcarbide.com\/de\/wp-json\/wp\/v2\/product_brand?post=3421"},{"taxonomy":"product_cat","embeddable":true,"href":"https:\/\/www.wolframcarbide.com\/de\/wp-json\/wp\/v2\/product_cat?post=3421"},{"taxonomy":"product_tag","embeddable":true,"href":"https:\/\/www.wolframcarbide.com\/de\/wp-json\/wp\/v2\/product_tag?post=3421"}],"curies":[{"name":"wp","href":"https:\/\/api.w.org\/{rel}","templated":true}]}}