{"id":2619,"date":"2024-12-17T19:48:35","date_gmt":"2024-12-17T11:48:35","guid":{"rendered":"https:\/\/www.wolframcarbide.com\/?post_type=product&#038;p=2619"},"modified":"2025-08-06T11:10:24","modified_gmt":"2025-08-06T03:10:24","slug":"hersteller-von-platten-aus-wolframlegierung","status":"publish","type":"product","link":"https:\/\/www.wolframcarbide.com\/de\/product\/tungsten-alloy-plate-manufacturer\/","title":{"rendered":"Hochwertige Wolfram-Legierung Platte Hersteller Grad K05\/YG6\/YG8\/YG15"},"content":{"rendered":"<h5><strong>Tungsten alloy plate grades:<\/strong><\/h5>\n<table style=\"border-collapse: collapse; width: 1085px; height: 440px;\" border=\"0\" width=\"504\" cellspacing=\"0\" cellpadding=\"0\">\n<tbody>\n<tr style=\"height: 30.00pt;\">\n<td class=\"et3\" style=\"height: 30pt; width: 54pt; text-align: center;\" width=\"72\" height=\"40\"><strong>Grade<\/strong><\/td>\n<td class=\"et3\" style=\"width: 90pt; text-align: center;\" width=\"120\"><strong>Composition (%)<\/strong><\/td>\n<td class=\"et3\" style=\"width: 81.75pt; text-align: center;\" width=\"109\"><strong>Density (g\/cm3)<\/strong><\/td>\n<td class=\"et3\" style=\"width: 75pt; text-align: center;\" width=\"100\"><strong>Hardness (HRA)<\/strong><\/td>\n<td class=\"et3\" style=\"width: 77.25pt; text-align: center;\" width=\"103\"><strong>T.R.S (N\/mm\u00b2)<\/strong><\/td>\n<\/tr>\n<tr style=\"height: 14.25pt;\">\n<td class=\"et4\" style=\"height: 14.25pt; width: 54pt; text-align: center;\" width=\"72\" height=\"19\">YG6A<\/td>\n<td class=\"et4\" style=\"width: 90pt; text-align: center;\" width=\"120\">6%co 94%wc<\/td>\n<td class=\"et4\" style=\"width: 81.75pt; text-align: center;\" width=\"109\">14.85<\/td>\n<td class=\"et4\" style=\"width: 75pt; text-align: center;\" width=\"100\">\u226592.5<\/td>\n<td class=\"et4\" style=\"width: 77.25pt; text-align: center;\" width=\"103\">\u22652000<\/td>\n<\/tr>\n<tr style=\"height: 14.25pt;\">\n<td class=\"et4\" style=\"height: 14.25pt; width: 54pt; text-align: center;\" width=\"72\" height=\"19\">YG8<\/td>\n<td class=\"et4\" style=\"width: 90pt; text-align: center;\" width=\"120\">8%co 92%wc<\/td>\n<td class=\"et4\" style=\"width: 81.75pt; text-align: center;\" width=\"109\">14.7<\/td>\n<td class=\"et4\" style=\"width: 75pt; text-align: center;\" width=\"100\">\u226589.8<\/td>\n<td class=\"et4\" style=\"width: 77.25pt; text-align: center;\" width=\"103\">\u22652800<\/td>\n<\/tr>\n<tr style=\"height: 14.25pt;\">\n<td class=\"et4\" style=\"height: 14.25pt; width: 54pt; text-align: center;\" width=\"72\" height=\"19\">YG10X<\/td>\n<td class=\"et4\" style=\"width: 90pt; text-align: center;\" width=\"120\">10%co 90%wc<\/td>\n<td class=\"et4\" style=\"width: 81.75pt; text-align: center;\" width=\"109\">14.35<\/td>\n<td class=\"et4\" style=\"width: 75pt; text-align: center;\" width=\"100\">\u226591.5<\/td>\n<td class=\"et4\" style=\"width: 77.25pt; text-align: center;\" width=\"103\">\u22653600<\/td>\n<\/tr>\n<tr style=\"height: 14.25pt;\">\n<td class=\"et4\" style=\"height: 14.25pt; width: 54pt; text-align: center;\" width=\"72\" height=\"19\">YG11<\/td>\n<td class=\"et4\" style=\"width: 90pt; text-align: center;\" width=\"120\">11%co 89%wc<\/td>\n<td class=\"et4\" style=\"width: 81.75pt; text-align: center;\" width=\"109\">14.4<\/td>\n<td class=\"et4\" style=\"width: 75pt; text-align: center;\" width=\"100\">\u226588.5<\/td>\n<td class=\"et4\" style=\"width: 77.25pt; text-align: center;\" width=\"103\">\u22652900<\/td>\n<\/tr>\n<tr style=\"height: 14.25pt;\">\n<td class=\"et4\" style=\"height: 14.25pt; width: 54pt; text-align: center;\" width=\"72\" height=\"19\">YG15<\/td>\n<td class=\"et4\" style=\"width: 90pt; text-align: center;\" width=\"120\">15%co 85%wc<\/td>\n<td class=\"et4\" style=\"width: 81.75pt; text-align: center;\" width=\"109\">14<\/td>\n<td class=\"et4\" style=\"width: 75pt; text-align: center;\" width=\"100\">\u226587.0<\/td>\n<td class=\"et4\" style=\"width: 77.25pt; text-align: center;\" width=\"103\">\u22653000<\/td>\n<\/tr>\n<tr style=\"height: 14.25pt;\">\n<td class=\"et4\" style=\"height: 14.25pt; width: 54pt; text-align: center;\" width=\"72\" height=\"19\">YG20<\/td>\n<td class=\"et4\" style=\"width: 90pt; text-align: center;\" width=\"120\">20%co 80%wc<\/td>\n<td class=\"et4\" style=\"width: 81.75pt; text-align: center;\" width=\"109\">13.5<\/td>\n<td class=\"et4\" style=\"width: 75pt; text-align: center;\" width=\"100\">\u226585.5<\/td>\n<td class=\"et4\" style=\"width: 77.25pt; text-align: center;\" width=\"103\">\u22652800<\/td>\n<\/tr>\n<tr style=\"height: 14.25pt;\">\n<td class=\"et4\" style=\"height: 14.25pt; width: 54pt; text-align: center;\" width=\"72\" height=\"19\">YG13X<\/td>\n<td class=\"et4\" style=\"width: 90pt; text-align: center;\" width=\"120\">13%co 87%wc<\/td>\n<td class=\"et4\" style=\"width: 81.75pt; text-align: center;\" width=\"109\">14.2<\/td>\n<td class=\"et4\" style=\"width: 75pt; text-align: center;\" width=\"100\">\u226590.0<\/td>\n<td class=\"et4\" style=\"width: 77.25pt; text-align: center;\" width=\"103\">\u22653200<\/td>\n<\/tr>\n<tr style=\"height: 14.25pt;\">\n<td class=\"et4\" style=\"height: 14.25pt; width: 54pt; text-align: center;\" width=\"72\" height=\"19\">BT15<\/td>\n<td class=\"et4\" style=\"width: 90pt; text-align: center;\" width=\"120\">10%co 90%wc<\/td>\n<td class=\"et4\" style=\"width: 81.75pt; text-align: center;\" width=\"109\">14.35<\/td>\n<td class=\"et4\" style=\"width: 75pt; text-align: center;\" width=\"100\">\u226592.2<\/td>\n<td class=\"et4\" style=\"width: 77.25pt; text-align: center;\" width=\"103\">\u22653900<\/td>\n<\/tr>\n<\/tbody>\n<\/table>\n<table style=\"border-collapse: collapse; width: 1087px; height: 326px;\" border=\"0\" width=\"729\" cellspacing=\"0\" cellpadding=\"0\">\n<tbody>\n<tr style=\"height: 42.00pt;\">\n<td class=\"et3\" style=\"height: 42.00pt; width: 54.00pt;\" width=\"72\" height=\"56\"><a href=\"https:\/\/www.wolframcarbide.com\/tungsten-carbide-density-and-uses-of-different-cemented-carbide-grade-yg6a\/\">YG6A<\/a><\/td>\n<td class=\"et4\" style=\"width: 492.75pt;\" width=\"657\">Fine grain alloy, good wear resistance. It is suitable for manufacturing forming cutter, wear-resistant parts etc.<\/td>\n<\/tr>\n<tr style=\"height: 14.25pt;\">\n<td class=\"et3\" style=\"height: 14.25pt; width: 54.00pt;\" width=\"72\" height=\"19\">YG8<\/td>\n<td class=\"et4\" style=\"width: 492.75pt;\" rowspan=\"2\" width=\"657\">&nbsp;<\/p>\n<p>High bending strength, wear resistance lower than YG6A, suitable for manufacturing forming cutter, wear-resistanparts etc.<\/td>\n<\/tr>\n<tr style=\"height: 14.25pt;\">\n<td class=\"et3\" style=\"height: 14.25pt; width: 54.00pt;\" width=\"72\" height=\"19\">YG11<\/td>\n<\/tr>\n<tr style=\"height: 38.00pt;\">\n<td class=\"et3\" style=\"height: 38.00pt; width: 54.00pt;\" width=\"72\" height=\"50\">YG15<\/td>\n<td class=\"et4\" style=\"width: 492.75pt;\" width=\"657\">Suitable for manufacturing punching dies, wear-resistant parts etc.<\/td>\n<\/tr>\n<tr style=\"height: 14.25pt;\">\n<td class=\"et3\" style=\"height: 14.25pt; width: 54.00pt;\" width=\"72\" height=\"19\">YG20<\/td>\n<td class=\"et4\" style=\"width: 492.75pt;\" rowspan=\"2\" width=\"657\">&nbsp;<\/p>\n<p>High bending strength, suitable for manufacturingprogressive dies and other punching dies.<\/td>\n<\/tr>\n<tr style=\"height: 16.50pt;\">\n<td class=\"et3\" style=\"height: 16.50pt; width: 54.00pt;\" width=\"72\" height=\"22\">YG13X<\/td>\n<\/tr>\n<tr style=\"height: 30.00pt;\">\n<td class=\"et3\" style=\"height: 30.00pt; width: 54.00pt;\" width=\"72\" height=\"40\">BT15<\/td>\n<td class=\"et4\" style=\"width: 492.75pt;\" width=\"657\">Somb-fine grain size, High performance, making cutting tools, suitable for cutting ordinary alloy steel, aluminum alloy, heat resistant alloy, cast iron, etc.<\/td>\n<\/tr>\n<\/tbody>\n<\/table>\n<h5><strong>Tungsten alloy plate sizes:<\/strong><\/h5>\n<p><img loading=\"lazy\" decoding=\"async\" class=\"alignnone wp-image-2395\" src=\"https:\/\/www.wolframcarbide.com\/wp-content\/uploads\/2024\/11\/Carbide-plate-sizes--300x82.jpg\" alt=\"Tungsten carbide blocks sizes\" width=\"1079\" height=\"295\" title=\"\" srcset=\"https:\/\/www.wolframcarbide.com\/wp-content\/uploads\/2024\/11\/Carbide-plate-sizes--300x82.jpg 300w, https:\/\/www.wolframcarbide.com\/wp-content\/uploads\/2024\/11\/Carbide-plate-sizes--1024x281.jpg 1024w, https:\/\/www.wolframcarbide.com\/wp-content\/uploads\/2024\/11\/Carbide-plate-sizes--768x211.jpg 768w, https:\/\/www.wolframcarbide.com\/wp-content\/uploads\/2024\/11\/Carbide-plate-sizes--600x165.jpg 600w, https:\/\/www.wolframcarbide.com\/wp-content\/uploads\/2024\/11\/Carbide-plate-sizes-.jpg 1209w\" sizes=\"auto, (max-width: 1079px) 100vw, 1079px\" \/><\/p>\n<table style=\"border-collapse: collapse; width: 1073px; height: 426px;\" border=\"0\" width=\"461\" cellspacing=\"0\" cellpadding=\"0\">\n<tbody>\n<tr style=\"height: 54.00pt;\">\n<td class=\"et3\" style=\"height: 54pt; width: 50.25pt; text-align: center;\" width=\"67\" height=\"72\"><strong>Length<\/strong><br \/>\n<strong>(mm)<\/strong><br \/>\n<strong>(L)<\/strong><\/td>\n<td class=\"et3\" style=\"width: 58.5pt; text-align: center;\" width=\"78\"><strong>Tolerance<\/strong><\/td>\n<td class=\"et3\" style=\"width: 46.5pt; text-align: center;\" width=\"62\"><strong>Width<\/strong><br \/>\n<strong>(mm)<\/strong><br \/>\n<strong>(W)<\/strong><\/td>\n<td class=\"et3\" style=\"width: 60.75pt; text-align: center;\" width=\"81\"><strong>Tolerance<\/strong><\/td>\n<td class=\"et3\" style=\"width: 71.25pt; text-align: center;\" width=\"95\"><strong>Thickness<\/strong><br \/>\n<strong>(mm)<\/strong><br \/>\n<strong>(T)<\/strong><\/td>\n<td class=\"et3\" style=\"width: 58.5pt; text-align: center;\" width=\"78\"><strong>Tolerance<\/strong><\/td>\n<\/tr>\n<tr style=\"height: 16.50pt;\">\n<td class=\"et4\" style=\"height: 16.5pt; width: 50.25pt; text-align: center;\" width=\"67\" height=\"22\">100<\/td>\n<td class=\"et4\" style=\"width: 58.5pt; text-align: center;\" width=\"78\">+2.0\/0<\/td>\n<td class=\"et4\" style=\"width: 46.5pt; text-align: center;\" width=\"62\">100<\/td>\n<td class=\"et4\" style=\"width: 60.75pt; text-align: center;\" width=\"81\">+2.0\/0<\/td>\n<td class=\"et4\" style=\"width: 71.25pt; text-align: center;\" width=\"95\">1.0-70.0<\/td>\n<td class=\"et4\" style=\"width: 58.5pt; text-align: center;\" width=\"78\">+0.5\/+0.2<\/td>\n<\/tr>\n<tr style=\"height: 16.50pt;\">\n<td class=\"et4\" style=\"height: 16.5pt; width: 50.25pt; text-align: center;\" width=\"67\" height=\"22\">105<\/td>\n<td class=\"et4\" style=\"width: 58.5pt; text-align: center;\" width=\"78\">+2.0\/0<\/td>\n<td class=\"et4\" style=\"width: 46.5pt; text-align: center;\" width=\"62\">105<\/td>\n<td class=\"et4\" style=\"width: 60.75pt; text-align: center;\" width=\"81\">+2.0\/0<\/td>\n<td class=\"et4\" style=\"width: 71.25pt; text-align: center;\" width=\"95\">1.0-70.0<\/td>\n<td class=\"et4\" style=\"width: 58.5pt; text-align: center;\" width=\"78\">+0.6\/+0.2<\/td>\n<\/tr>\n<tr style=\"height: 16.00pt;\">\n<td class=\"et4\" style=\"height: 16pt; width: 50.25pt; text-align: center;\" width=\"67\" height=\"21\">110<\/td>\n<td class=\"et4\" style=\"width: 58.5pt; text-align: center;\" width=\"78\">+2.0\/0<\/td>\n<td class=\"et4\" style=\"width: 46.5pt; text-align: center;\" width=\"62\">110<\/td>\n<td class=\"et4\" style=\"width: 60.75pt; text-align: center;\" width=\"81\">+2.0\/0<\/td>\n<td class=\"et4\" style=\"width: 71.25pt; text-align: center;\" width=\"95\">1.0-70.0<\/td>\n<td class=\"et4\" style=\"width: 58.5pt; text-align: center;\" width=\"78\">+0.8\/+0.2<\/td>\n<\/tr>\n<tr style=\"height: 16.50pt;\">\n<td class=\"et4\" style=\"height: 16.5pt; width: 50.25pt; text-align: center;\" width=\"67\" height=\"22\">120<\/td>\n<td class=\"et4\" style=\"width: 58.5pt; text-align: center;\" width=\"78\">+2.0\/0<\/td>\n<td class=\"et4\" style=\"width: 46.5pt; text-align: center;\" width=\"62\">120<\/td>\n<td class=\"et4\" style=\"width: 60.75pt; text-align: center;\" width=\"81\">+2.0\/0<\/td>\n<td class=\"et4\" style=\"width: 71.25pt; text-align: center;\" width=\"95\">1.0-70.0<\/td>\n<td class=\"et4\" style=\"width: 58.5pt; text-align: center;\" width=\"78\">+1.0\/+0.2<\/td>\n<\/tr>\n<tr style=\"height: 15.50pt;\">\n<td class=\"et4\" style=\"height: 15.5pt; width: 50.25pt; text-align: center;\" width=\"67\" height=\"20\">135<\/td>\n<td class=\"et4\" style=\"width: 58.5pt; text-align: center;\" width=\"78\">+2.0\/0<\/td>\n<td class=\"et4\" style=\"width: 46.5pt; text-align: center;\" width=\"62\">135<\/td>\n<td class=\"et4\" style=\"width: 60.75pt; text-align: center;\" width=\"81\">+2.0\/0<\/td>\n<td class=\"et4\" style=\"width: 71.25pt; text-align: center;\" width=\"95\">1.0-70.0<\/td>\n<td class=\"et5\" style=\"width: 58.5pt; text-align: center;\" width=\"78\">+1.2\/+0.2<\/td>\n<\/tr>\n<tr style=\"height: 16.50pt;\">\n<td class=\"et4\" style=\"height: 16.5pt; width: 50.25pt; text-align: center;\" width=\"67\" height=\"22\">150<\/td>\n<td class=\"et4\" style=\"width: 58.5pt; text-align: center;\" width=\"78\">+2.5\/0<\/td>\n<td class=\"et4\" style=\"width: 46.5pt; text-align: center;\" width=\"62\">150<\/td>\n<td class=\"et4\" style=\"width: 60.75pt; text-align: center;\" width=\"81\">+2.5\/0<\/td>\n<td class=\"et4\" style=\"width: 71.25pt; text-align: center;\" width=\"95\">1.0-70.0<\/td>\n<td class=\"et5\" style=\"width: 58.5pt; text-align: center;\" width=\"78\">+1.2\/+0.2<\/td>\n<\/tr>\n<tr style=\"height: 16.00pt;\">\n<td class=\"et4\" style=\"height: 16pt; width: 50.25pt; text-align: center;\" width=\"67\" height=\"21\">200<\/td>\n<td class=\"et4\" style=\"width: 58.5pt; text-align: center;\" width=\"78\">+2.5\/0<\/td>\n<td class=\"et4\" style=\"width: 46.5pt; text-align: center;\" width=\"62\">200<\/td>\n<td class=\"et4\" style=\"width: 60.75pt; text-align: center;\" width=\"81\">+2.5\/0<\/td>\n<td class=\"et4\" style=\"width: 71.25pt; text-align: center;\" width=\"95\">3.0-70.0<\/td>\n<td class=\"et5\" style=\"width: 58.5pt; text-align: center;\" width=\"78\">+1.2\/+0.2<\/td>\n<\/tr>\n<tr style=\"height: 16.50pt;\">\n<td class=\"et4\" style=\"height: 16.5pt; width: 50.25pt; text-align: center;\" width=\"67\" height=\"22\">250<\/td>\n<td class=\"et4\" style=\"width: 58.5pt; text-align: center;\" width=\"78\">+5.0\/0<\/td>\n<td class=\"et4\" style=\"width: 46.5pt; text-align: center;\" width=\"62\">250<\/td>\n<td class=\"et4\" style=\"width: 60.75pt; text-align: center;\" width=\"81\">+5.0\/0<\/td>\n<td class=\"et4\" style=\"width: 71.25pt; text-align: center;\" width=\"95\">15.0-60.0<\/td>\n<td class=\"et5\" style=\"width: 58.5pt; text-align: center;\" width=\"78\">+1.2\/+0.2<\/td>\n<\/tr>\n<tr style=\"height: 15.75pt;\">\n<td class=\"et4\" style=\"height: 15.75pt; width: 50.25pt; text-align: center;\" width=\"67\" height=\"21\">300<\/td>\n<td class=\"et4\" style=\"width: 58.5pt; text-align: center;\" width=\"78\">+7.0\/0<\/td>\n<td class=\"et4\" style=\"width: 46.5pt; text-align: center;\" width=\"62\">300<\/td>\n<td class=\"et4\" style=\"width: 60.75pt; text-align: center;\" width=\"81\">+7.0\/0<\/td>\n<td class=\"et4\" style=\"width: 71.25pt; text-align: center;\" width=\"95\">20.0-60.0<\/td>\n<td class=\"et5\" style=\"width: 58.5pt; text-align: center;\" width=\"78\">+1.2\/+0.2<\/td>\n<\/tr>\n<\/tbody>\n<\/table>\n<p><strong>Please send us inquiries for quotations and free samples for testing:<\/strong><\/p>\n<div class=\"wpforms-container \" id=\"wpforms-2333\"><form id=\"wpforms-form-2333\" class=\"wpforms-validate wpforms-form wpforms-ajax-form\" data-formid=\"2333\" method=\"post\" enctype=\"multipart\/form-data\" action=\"\/de\/wp-json\/wp\/v2\/product\/2619\" data-token=\"f202f3f386ad494e663b8619a4e15b0f\" data-token-time=\"1776225432\"><noscript class=\"wpforms-error-noscript\">Bitte aktiviere JavaScript in deinem Browser, um dieses Formular fertigzustellen.<\/noscript><div class=\"wpforms-field-container\"><div id=\"wpforms-2333-field_1-container\" class=\"wpforms-field wpforms-field-name\" data-field-id=\"1\"><label class=\"wpforms-field-label\" for=\"wpforms-2333-field_1\">Name <span class=\"wpforms-required-label\">*<\/span><\/label><input type=\"text\" id=\"wpforms-2333-field_1\" class=\"wpforms-field-medium wpforms-field-required\" name=\"wpforms[fields][1]\" required><\/div><div id=\"wpforms-2333-field_2-container\" class=\"wpforms-field wpforms-field-text\" data-field-id=\"2\"><label class=\"wpforms-field-label\" for=\"wpforms-2333-field_2\">Company Name<\/label><input type=\"text\" id=\"wpforms-2333-field_2\" class=\"wpforms-field-medium\" name=\"wpforms[fields][2]\" ><\/div>\t\t<div id=\"wpforms-2333-field_5-container\"\n\t\t\tclass=\"wpforms-field wpforms-field-text\"\n\t\t\tdata-field-type=\"text\"\n\t\t\tdata-field-id=\"5\"\n\t\t\t>\n\t\t\t<label class=\"wpforms-field-label\" for=\"wpforms-2333-field_5\" >Name Message Email<\/label>\n\t\t\t<input type=\"text\" id=\"wpforms-2333-field_5\" class=\"wpforms-field-medium\" name=\"wpforms[fields][5]\" >\n\t\t<\/div>\n\t\t<div id=\"wpforms-2333-field_3-container\" class=\"wpforms-field wpforms-field-email\" data-field-id=\"3\"><label class=\"wpforms-field-label\" for=\"wpforms-2333-field_3\">Email <span class=\"wpforms-required-label\">*<\/span><\/label><input type=\"email\" id=\"wpforms-2333-field_3\" class=\"wpforms-field-medium wpforms-field-required\" name=\"wpforms[fields][3]\" spellcheck=\"false\" required><\/div><div id=\"wpforms-2333-field_4-container\" class=\"wpforms-field wpforms-field-textarea\" data-field-id=\"4\"><label class=\"wpforms-field-label\" for=\"wpforms-2333-field_4\">Message <span class=\"wpforms-required-label\">*<\/span><\/label><textarea id=\"wpforms-2333-field_4\" class=\"wpforms-field-medium wpforms-field-required\" name=\"wpforms[fields][4]\" required><\/textarea><\/div><script>\n\t\t\t\t( function() {\n\t\t\t\t\tconst style = document.createElement( 'style' );\n\t\t\t\t\tstyle.appendChild( document.createTextNode( '#wpforms-2333-field_5-container { position: absolute !important; overflow: hidden !important; display: inline !important; height: 1px !important; width: 1px !important; z-index: -1000 !important; padding: 0 !important; } #wpforms-2333-field_5-container input { visibility: hidden; } #wpforms-conversational-form-page #wpforms-2333-field_5-container label { counter-increment: none; }' ) );\n\t\t\t\t\tdocument.head.appendChild( style );\n\t\t\t\t\tdocument.currentScript?.remove();\n\t\t\t\t} )();\n\t\t\t<\/script><\/div><!-- .wpforms-field-container --><div class=\"wpforms-submit-container\" ><input type=\"hidden\" name=\"wpforms[id]\" value=\"2333\"><input type=\"hidden\" name=\"page_title\" value=\"\"><input type=\"hidden\" name=\"page_url\" value=\"https:\/\/www.wolframcarbide.com\/de\/wp-json\/wp\/v2\/product\/2619\"><input type=\"hidden\" name=\"url_referer\" value=\"\"><button type=\"submit\" name=\"wpforms[submit]\" id=\"wpforms-submit-2333\" class=\"wpforms-submit\" data-alt-text=\"Sending\u2026\" data-submit-text=\"Send Inquiry\" aria-live=\"assertive\" value=\"wpforms-submit\">Send Inquiry<\/button><img loading=\"lazy\" decoding=\"async\" src=\"https:\/\/www.wolframcarbide.com\/wp-content\/plugins\/wpforms-lite\/assets\/images\/submit-spin.svg\" class=\"wpforms-submit-spinner\" style=\"display: none;\" width=\"26\" height=\"26\" alt=\"Wird geladen\" title=\"\"><\/div><\/form><\/div>  <!-- .wpforms-container -->\n<p>&nbsp;<\/p>\n","protected":false},"excerpt":{"rendered":"<ol>\n<li>Auswahl des Rohmaterials: Hochwertiges Wolframcarbid pulver wird bevorzugt. 100% jungfr\u00e4uliches Material.<\/li>\n<li>Importierter deutscher PVA-Sinterofen. HIP-Sintern. Die Wolfram-Legierung Platte in hoher Dichte halten kann, <strong>Hohe Verschlei\u00dffestigkeit<\/strong>leistungsstark.<\/li>\n<li>Professionelle Ingenieure und Qualit\u00e4tskontrollteams sorgen f\u00fcr die Kontrolle des Produktprozesses und die Abnahmepr\u00fcfung, um eine stabile Produktqualit\u00e4t zu gew\u00e4hrleisten und zu verhindern, dass unqualifizierte Produkte ausgeliefert werden.<\/li>\n<li><strong>Mehr als 40 Jahre Erfahrung in der Herstellung.<\/strong><\/li>\n<li><strong>Die Wolframlegierung Platte Leistung und Lebensdauer sind in der N\u00e4he von 90-97% von Guhringg, Ceratizitt, Boehleritt und Kennametall.<\/strong><\/li>\n<\/ol>","protected":false},"featured_media":2620,"template":"","meta":{"_uag_custom_page_level_css":"","site-sidebar-layout":"default","site-content-layout":"","ast-site-content-layout":"default","site-content-style":"default","site-sidebar-style":"default","ast-global-header-display":"","ast-banner-title-visibility":"","ast-main-header-display":"","ast-hfb-above-header-display":"","ast-hfb-below-header-display":"","ast-hfb-mobile-header-display":"","site-post-title":"","ast-breadcrumbs-content":"","ast-featured-img":"","footer-sml-layout":"","theme-transparent-header-meta":"default","adv-header-id-meta":"","stick-header-meta":"","header-above-stick-meta":"","header-main-stick-meta":"","header-below-stick-meta":"","astra-migrate-meta-layouts":"set","ast-page-background-enabled":"default","ast-page-background-meta":{"desktop":{"background-color":"var(--ast-global-color-4)","background-image":"","background-repeat":"repeat","background-position":"center center","background-size":"auto","background-attachment":"scroll","background-type":"","background-media":"","overlay-type":"","overlay-color":"","overlay-opacity":"","overlay-gradient":""},"tablet":{"background-color":"","background-image":"","background-repeat":"repeat","background-position":"center center","background-size":"auto","background-attachment":"scroll","background-type":"","background-media":"","overlay-type":"","overlay-color":"","overlay-opacity":"","overlay-gradient":""},"mobile":{"background-color":"","background-image":"","background-repeat":"repeat","background-position":"center center","background-size":"auto","background-attachment":"scroll","background-type":"","background-media":"","overlay-type":"","overlay-color":"","overlay-opacity":"","overlay-gradient":""}},"ast-content-background-meta":{"desktop":{"background-color":"var(--ast-global-color-5)","background-image":"","background-repeat":"repeat","background-position":"center center","background-size":"auto","background-attachment":"scroll","background-type":"","background-media":"","overlay-type":"","overlay-color":"","overlay-opacity":"","overlay-gradient":""},"tablet":{"background-color":"var(--ast-global-color-5)","background-image":"","background-repeat":"repeat","background-position":"center center","background-size":"auto","background-attachment":"scroll","background-type":"","background-media":"","overlay-type":"","overlay-color":"","overlay-opacity":"","overlay-gradient":""},"mobile":{"background-color":"var(--ast-global-color-5)","background-image":"","background-repeat":"repeat","background-position":"center center","background-size":"auto","background-attachment":"scroll","background-type":"","background-media":"","overlay-type":"","overlay-color":"","overlay-opacity":"","overlay-gradient":""}},"_joinchat":[]},"product_brand":[],"product_cat":[20],"product_tag":[],"class_list":{"0":"post-2619","1":"product","2":"type-product","3":"status-publish","4":"has-post-thumbnail","6":"product_cat-tungsten-carbide-strips-and-strips","7":"desktop-align-left","8":"tablet-align-left","9":"mobile-align-left","11":"first","12":"instock","13":"shipping-taxable","14":"product-type-simple"},"uagb_featured_image_src":{"full":["https:\/\/www.wolframcarbide.com\/wp-content\/uploads\/2024\/12\/Tungsten-alloy-plate.jpg",600,600,false],"thumbnail":["https:\/\/www.wolframcarbide.com\/wp-content\/uploads\/2024\/12\/Tungsten-alloy-plate-150x150.jpg",150,150,true],"medium":["https:\/\/www.wolframcarbide.com\/wp-content\/uploads\/2024\/12\/Tungsten-alloy-plate-300x300.jpg",300,300,true],"medium_large":["https:\/\/www.wolframcarbide.com\/wp-content\/uploads\/2024\/12\/Tungsten-alloy-plate.jpg",600,600,false],"large":["https:\/\/www.wolframcarbide.com\/wp-content\/uploads\/2024\/12\/Tungsten-alloy-plate.jpg",600,600,false],"1536x1536":["https:\/\/www.wolframcarbide.com\/wp-content\/uploads\/2024\/12\/Tungsten-alloy-plate.jpg",600,600,false],"2048x2048":["https:\/\/www.wolframcarbide.com\/wp-content\/uploads\/2024\/12\/Tungsten-alloy-plate.jpg",600,600,false],"trp-custom-language-flag":["https:\/\/www.wolframcarbide.com\/wp-content\/uploads\/2024\/12\/Tungsten-alloy-plate.jpg",12,12,false],"woocommerce_thumbnail":["https:\/\/www.wolframcarbide.com\/wp-content\/uploads\/2024\/12\/Tungsten-alloy-plate-300x300.jpg",300,300,true],"woocommerce_single":["https:\/\/www.wolframcarbide.com\/wp-content\/uploads\/2024\/12\/Tungsten-alloy-plate.jpg",600,600,false],"woocommerce_gallery_thumbnail":["https:\/\/www.wolframcarbide.com\/wp-content\/uploads\/2024\/12\/Tungsten-alloy-plate-100x100.jpg",100,100,true]},"uagb_author_info":{"display_name":"admin","author_link":"https:\/\/www.wolframcarbide.com\/de\/author\/"},"uagb_comment_info":0,"uagb_excerpt":"Raw material selection: High quality tungsten carbide powder is preferred. 100% virgin material. Imported German PVA sintering furnace. HIP sintering. Which can keep tungsten alloy plate in high density, High wear resistance, high-performance. Professional engineers and quality inspection teams ensure product process inspection and acceptance inspection to ensure stable product quality and prevent unqualified products&hellip;","_links":{"self":[{"href":"https:\/\/www.wolframcarbide.com\/de\/wp-json\/wp\/v2\/product\/2619","targetHints":{"allow":["GET"]}}],"collection":[{"href":"https:\/\/www.wolframcarbide.com\/de\/wp-json\/wp\/v2\/product"}],"about":[{"href":"https:\/\/www.wolframcarbide.com\/de\/wp-json\/wp\/v2\/types\/product"}],"wp:featuredmedia":[{"embeddable":true,"href":"https:\/\/www.wolframcarbide.com\/de\/wp-json\/wp\/v2\/media\/2620"}],"wp:attachment":[{"href":"https:\/\/www.wolframcarbide.com\/de\/wp-json\/wp\/v2\/media?parent=2619"}],"wp:term":[{"taxonomy":"product_brand","embeddable":true,"href":"https:\/\/www.wolframcarbide.com\/de\/wp-json\/wp\/v2\/product_brand?post=2619"},{"taxonomy":"product_cat","embeddable":true,"href":"https:\/\/www.wolframcarbide.com\/de\/wp-json\/wp\/v2\/product_cat?post=2619"},{"taxonomy":"product_tag","embeddable":true,"href":"https:\/\/www.wolframcarbide.com\/de\/wp-json\/wp\/v2\/product_tag?post=2619"}],"curies":[{"name":"wp","href":"https:\/\/api.w.org\/{rel}","templated":true}]}}