{"id":2383,"date":"2024-11-14T11:14:54","date_gmt":"2024-11-14T03:14:54","guid":{"rendered":"http:\/\/43.134.52.103\/?post_type=product&#038;p=2383"},"modified":"2025-12-20T12:12:29","modified_gmt":"2025-12-20T04:12:29","slug":"geschliffene-hartmetallstabe-h5","status":"publish","type":"product","link":"https:\/\/www.wolframcarbide.com\/de\/product\/ground-tungsten-carbide-rods-h5\/","title":{"rendered":"Hochwertige pr\u00e4zisionsgeschliffene Wolframkarbidst\u00e4be h5"},"content":{"rendered":"<h5><strong>Tungsten carbide rod grade:<\/strong><\/h5>\n<table style=\"border-collapse: collapse; width: 1082px; height: 347px;\" border=\"0\" width=\"716\" cellspacing=\"0\" cellpadding=\"0\">\n<tbody>\n<tr style=\"height: 44.00pt;\">\n<td class=\"et2\" style=\"height: 44pt; width: 54pt; text-align: center;\" width=\"72\" height=\"58\">\u00a0 \u00a0 \u00a0<strong>Grade<\/strong><\/td>\n<td class=\"et2\" style=\"width: 90.3pt; text-align: center;\" width=\"120\"><strong>\u00a0 \u00a0 \u00a0 ISO Grade<\/strong><\/td>\n<td class=\"et3\" style=\"width: 54pt; text-align: center;\" width=\"72\"><strong>\u00a0WC<\/strong><br \/>\n<strong>(%)<\/strong><\/td>\n<td class=\"et3\" style=\"width: 54pt; text-align: center;\" width=\"72\"><strong>\u00a0 \u00a0Co<\/strong><br \/>\n<strong>\u00a0 (%)<\/strong><\/td>\n<td class=\"et3\" style=\"width: 73.5pt; text-align: center;\" width=\"98\"><strong>Grain Size<\/strong><br \/>\n<strong>\u00a0 \u00a0 \u00a0 (\u03bcm)<\/strong><\/td>\n<td class=\"et3\" style=\"width: 69.75pt; text-align: center;\" width=\"93\"><strong>Hardness<\/strong><br \/>\n<strong>\uff08<a href=\"https:\/\/en.wikipedia.org\/wiki\/Rockwell_hardness_test\" rel=\"nofollow noopener\" target=\"_blank\">HRA<\/a>\uff09<\/strong><\/td>\n<td class=\"et3\" style=\"width: 66pt; text-align: center;\" width=\"88\"><strong>\u00a0 \u00a0Density<\/strong><br \/>\n<strong>\u00a0 \uff08g\/cm\u00b3\uff09<\/strong><\/td>\n<td class=\"et6\" style=\"width: 75.75pt; text-align: center;\" width=\"101\"><strong>\u00a0 \u00a0 TRS<\/strong><br \/>\n<strong>\u00a0 \u00a0\uff08N\/mm\u00b2\uff09<\/strong><\/td>\n<\/tr>\n<tr style=\"height: 24.00pt;\">\n<td class=\"et4\" style=\"height: 24pt; text-align: center;\" height=\"32\"><strong>BU06<\/strong><\/td>\n<td class=\"et4\" style=\"text-align: center;\"><strong>K05-K10<\/strong><\/td>\n<td class=\"et4\" style=\"text-align: center;\"><strong>94<\/strong><\/td>\n<td class=\"et4\" style=\"text-align: center;\"><strong>6<\/strong><\/td>\n<td class=\"et4\" style=\"text-align: center;\"><strong>0.5<\/strong><\/td>\n<td class=\"et4\" style=\"text-align: center;\"><strong>94<\/strong><\/td>\n<td class=\"et4\" style=\"text-align: center;\"><strong>\u00a0 \u00a014.75<\/strong><\/td>\n<td class=\"et7\" style=\"text-align: center;\"><strong>\u00a0 \u00a0 \u00a0 \u00a03600<\/strong><\/td>\n<\/tr>\n<tr style=\"height: 24.00pt;\">\n<td class=\"et4\" style=\"height: 24pt; text-align: center;\" height=\"32\"><strong>YG10X<\/strong><\/td>\n<td class=\"et4\" style=\"text-align: center;\"><strong>K20 &#8211; K30<\/strong><\/td>\n<td class=\"et4\" style=\"text-align: center;\"><strong>90<\/strong><\/td>\n<td class=\"et4\" style=\"text-align: center;\"><strong>10<\/strong><\/td>\n<td class=\"et4\" style=\"text-align: center;\"><strong>0.8<\/strong><\/td>\n<td class=\"et4\" style=\"text-align: center;\"><strong>91.5<\/strong><\/td>\n<td class=\"et4\" style=\"text-align: center;\"><strong>14.35<\/strong><\/td>\n<td class=\"et7\" style=\"text-align: center;\"><strong>\u00a0 \u00a0 \u00a0 3600<\/strong><\/td>\n<\/tr>\n<tr style=\"height: 24.00pt;\">\n<td class=\"et4\" style=\"height: 24pt; text-align: center;\" height=\"32\"><strong>BT15<\/strong><\/td>\n<td class=\"et4\" style=\"text-align: center;\"><strong>K20 &#8211; K30<\/strong><\/td>\n<td class=\"et4\" style=\"text-align: center;\"><strong>90<\/strong><\/td>\n<td class=\"et4\" style=\"text-align: center;\"><strong>10<\/strong><\/td>\n<td class=\"et4\" style=\"text-align: center;\"><strong>0.7<\/strong><\/td>\n<td class=\"et4\" style=\"text-align: center;\"><strong>92.2<\/strong><\/td>\n<td class=\"et4\" style=\"text-align: center;\"><strong>14.35<\/strong><\/td>\n<td class=\"et7\" style=\"text-align: center;\"><strong>\u00a0 \u00a0 \u00a0 3900<\/strong><\/td>\n<\/tr>\n<tr style=\"height: 24.00pt;\">\n<td class=\"et4\" style=\"height: 24pt; text-align: center;\" height=\"32\"><strong>BT20<\/strong><\/td>\n<td class=\"et4\" style=\"text-align: center;\"><strong>K20 &#8211; K30<\/strong><\/td>\n<td class=\"et4\" style=\"text-align: center;\"><strong>90<\/strong><\/td>\n<td class=\"et4\" style=\"text-align: center;\"><strong>10<\/strong><\/td>\n<td class=\"et4\" style=\"text-align: center;\"><strong>0.6<\/strong><\/td>\n<td class=\"et4\" style=\"text-align: center;\"><strong>92.3<\/strong><\/td>\n<td class=\"et4\" style=\"text-align: center;\"><strong>14.4<\/strong><\/td>\n<td class=\"et7\" style=\"text-align: center;\"><strong>\u00a0 \u00a0 4000<\/strong><\/td>\n<\/tr>\n<tr style=\"height: 24.00pt;\">\n<td class=\"et4\" style=\"height: 24pt; text-align: center;\" height=\"32\"><strong>BT25<\/strong><\/td>\n<td class=\"et4\" style=\"text-align: center;\"><strong>K30 &#8211; K40<\/strong><\/td>\n<td class=\"et4\" style=\"text-align: center;\"><strong>88<\/strong><\/td>\n<td class=\"et4\" style=\"text-align: center;\"><strong>12<\/strong><\/td>\n<td class=\"et4\" style=\"text-align: center;\"><strong>0.6<\/strong><\/td>\n<td class=\"et4\" style=\"text-align: center;\"><strong>92.5<\/strong><\/td>\n<td class=\"et4\" style=\"text-align: center;\"><strong>14.1<\/strong><\/td>\n<td class=\"et7\" style=\"text-align: center;\"><strong>\u00a0 \u00a0 \u00a04000<\/strong><\/td>\n<\/tr>\n<tr style=\"height: 24.00pt;\">\n<td class=\"et5\" style=\"height: 24pt; text-align: center;\" height=\"32\"><strong>BT25UF<\/strong><\/td>\n<td class=\"et5\" style=\"text-align: center;\"><strong>K30 &#8211; K40<\/strong><\/td>\n<td class=\"et5\" style=\"text-align: center;\"><strong>88<\/strong><\/td>\n<td class=\"et5\" style=\"text-align: center;\"><strong>12<\/strong><\/td>\n<td class=\"et5\" style=\"text-align: center;\"><strong>0.4<\/strong><\/td>\n<td class=\"et5\" style=\"text-align: center;\"><strong>92.8<\/strong><\/td>\n<td class=\"et5\" style=\"text-align: center;\"><strong>14.05<\/strong><\/td>\n<td class=\"et8\" style=\"text-align: center;\"><strong>\u00a0 \u00a0 4200<\/strong><\/td>\n<\/tr>\n<\/tbody>\n<\/table>\n<h5><strong>Details of precision ground carbide rods:<\/strong><\/h5>\n<p><a href=\"https:\/\/www.wolframcarbide.com\/product-category\/tungsten-carbide-rods\/\"><img loading=\"lazy\" decoding=\"async\" class=\"alignnone size-full wp-image-3628\" src=\"https:\/\/www.wolframcarbide.com\/wp-content\/uploads\/2024\/11\/Precision-Ground-carbide-rods.jpg\" alt=\"precision ground carbide rods\" width=\"800\" height=\"533\" title=\"\" srcset=\"https:\/\/www.wolframcarbide.com\/wp-content\/uploads\/2024\/11\/Precision-Ground-carbide-rods.jpg 800w, https:\/\/www.wolframcarbide.com\/wp-content\/uploads\/2024\/11\/Precision-Ground-carbide-rods-300x200.jpg 300w, https:\/\/www.wolframcarbide.com\/wp-content\/uploads\/2024\/11\/Precision-Ground-carbide-rods-768x512.jpg 768w, https:\/\/www.wolframcarbide.com\/wp-content\/uploads\/2024\/11\/Precision-Ground-carbide-rods-18x12.jpg 18w, https:\/\/www.wolframcarbide.com\/wp-content\/uploads\/2024\/11\/Precision-Ground-carbide-rods-600x400.jpg 600w\" sizes=\"auto, (max-width: 800px) 100vw, 800px\" \/><\/a><\/p>\n<p>&nbsp;<\/p>\n<p><strong>Please send us inquiries for quotations and free samples for testing:<\/strong><\/p>\n<div class=\"wpforms-container \" id=\"wpforms-2333\"><form id=\"wpforms-form-2333\" class=\"wpforms-validate wpforms-form wpforms-ajax-form\" data-formid=\"2333\" method=\"post\" enctype=\"multipart\/form-data\" action=\"\/de\/wp-json\/wp\/v2\/product\/2383\" data-token=\"9f1d34dacfbfa1007453aa0254fa39f7\" data-token-time=\"1775413898\"><noscript class=\"wpforms-error-noscript\">Bitte aktiviere JavaScript in deinem Browser, um dieses Formular fertigzustellen.<\/noscript><div class=\"wpforms-field-container\">\t\t<div id=\"wpforms-2333-field_5-container\"\n\t\t\tclass=\"wpforms-field wpforms-field-text\"\n\t\t\tdata-field-type=\"text\"\n\t\t\tdata-field-id=\"5\"\n\t\t\t>\n\t\t\t<label class=\"wpforms-field-label\" for=\"wpforms-2333-field_5\" >Name Name Email<\/label>\n\t\t\t<input type=\"text\" id=\"wpforms-2333-field_5\" class=\"wpforms-field-medium\" name=\"wpforms[fields][5]\" >\n\t\t<\/div>\n\t\t<div id=\"wpforms-2333-field_1-container\" class=\"wpforms-field wpforms-field-name\" data-field-id=\"1\"><label class=\"wpforms-field-label\" for=\"wpforms-2333-field_1\">Name <span class=\"wpforms-required-label\">*<\/span><\/label><input type=\"text\" id=\"wpforms-2333-field_1\" class=\"wpforms-field-medium wpforms-field-required\" name=\"wpforms[fields][1]\" required><\/div><div id=\"wpforms-2333-field_2-container\" class=\"wpforms-field wpforms-field-text\" data-field-id=\"2\"><label class=\"wpforms-field-label\" for=\"wpforms-2333-field_2\">Company Name<\/label><input type=\"text\" id=\"wpforms-2333-field_2\" class=\"wpforms-field-medium\" name=\"wpforms[fields][2]\" ><\/div><div id=\"wpforms-2333-field_3-container\" class=\"wpforms-field wpforms-field-email\" data-field-id=\"3\"><label class=\"wpforms-field-label\" for=\"wpforms-2333-field_3\">Email <span class=\"wpforms-required-label\">*<\/span><\/label><input type=\"email\" id=\"wpforms-2333-field_3\" class=\"wpforms-field-medium wpforms-field-required\" name=\"wpforms[fields][3]\" spellcheck=\"false\" required><\/div><div id=\"wpforms-2333-field_4-container\" class=\"wpforms-field wpforms-field-textarea\" data-field-id=\"4\"><label class=\"wpforms-field-label\" for=\"wpforms-2333-field_4\">Message <span class=\"wpforms-required-label\">*<\/span><\/label><textarea id=\"wpforms-2333-field_4\" class=\"wpforms-field-medium wpforms-field-required\" name=\"wpforms[fields][4]\" required><\/textarea><\/div><script>\n\t\t\t\t( function() {\n\t\t\t\t\tconst style = document.createElement( 'style' );\n\t\t\t\t\tstyle.appendChild( document.createTextNode( '#wpforms-2333-field_5-container { position: absolute !important; overflow: hidden !important; display: inline !important; height: 1px !important; width: 1px !important; z-index: -1000 !important; padding: 0 !important; } #wpforms-2333-field_5-container input { visibility: hidden; } #wpforms-conversational-form-page #wpforms-2333-field_5-container label { counter-increment: none; }' ) );\n\t\t\t\t\tdocument.head.appendChild( style );\n\t\t\t\t\tdocument.currentScript?.remove();\n\t\t\t\t} )();\n\t\t\t<\/script><\/div><!-- .wpforms-field-container --><div class=\"wpforms-submit-container\" ><input type=\"hidden\" name=\"wpforms[id]\" value=\"2333\"><input type=\"hidden\" name=\"page_title\" value=\"\"><input type=\"hidden\" name=\"page_url\" value=\"https:\/\/www.wolframcarbide.com\/de\/wp-json\/wp\/v2\/product\/2383\"><input type=\"hidden\" name=\"url_referer\" value=\"\"><button type=\"submit\" name=\"wpforms[submit]\" id=\"wpforms-submit-2333\" class=\"wpforms-submit\" data-alt-text=\"Sending\u2026\" data-submit-text=\"Send Inquiry\" aria-live=\"assertive\" value=\"wpforms-submit\">Send Inquiry<\/button><img loading=\"lazy\" decoding=\"async\" src=\"https:\/\/www.wolframcarbide.com\/wp-content\/plugins\/wpforms-lite\/assets\/images\/submit-spin.svg\" class=\"wpforms-submit-spinner\" style=\"display: none;\" width=\"26\" height=\"26\" alt=\"Wird geladen\" title=\"\"><\/div><\/form><\/div>  <!-- .wpforms-container -->\n","protected":false},"excerpt":{"rendered":"<p>St\u00e4be aus Wolframkarbid.<\/p>\n<p>Durchmesser von 0,2 mm bis 60 mm.<\/p>\n<p>L\u00e4nge von 10 mm bis 330 mm.<\/p>\n<p>Vertr\u00e4glichkeit: h5 und h6.<\/p>\n<ol>\n<li>Auswahl des Rohmaterials: Hochwertiges Wolframcarbid pulver wird bevorzugt. 100% jungfr\u00e4uliches Material.<\/li>\n<li>Importierter deutscher PVA-Sinterofen. HIP-Sintern. Die Karbidstangen in hoher Dichte halten kann,\u00a0<strong>Hohe Verschlei\u00dffestigkeit<\/strong>leistungsstark.<\/li>\n<li>Professionelle Ingenieure und Qualit\u00e4tskontrollteams sorgen f\u00fcr die Kontrolle des Produktprozesses und die Abnahmepr\u00fcfung, um eine stabile Produktqualit\u00e4t zu gew\u00e4hrleisten und zu verhindern, dass unqualifizierte Produkte ausgeliefert werden.<\/li>\n<li><strong>Mehr als 40 Jahre Erfahrung in der Herstellung.<\/strong><\/li>\n<li><strong>Die Leistung und Lebensdauer der pr\u00e4zisionsgeschliffenen Hartmetallstangen entspricht in etwa den 90-97% von Guhringg, Boehleritt und Kennametall.<\/strong><\/li>\n<\/ol>","protected":false},"featured_media":2384,"template":"","meta":{"_uag_custom_page_level_css":"","site-sidebar-layout":"default","site-content-layout":"","ast-site-content-layout":"default","site-content-style":"default","site-sidebar-style":"default","ast-global-header-display":"","ast-banner-title-visibility":"","ast-main-header-display":"","ast-hfb-above-header-display":"","ast-hfb-below-header-display":"","ast-hfb-mobile-header-display":"","site-post-title":"","ast-breadcrumbs-content":"","ast-featured-img":"","footer-sml-layout":"","theme-transparent-header-meta":"default","adv-header-id-meta":"","stick-header-meta":"","header-above-stick-meta":"","header-main-stick-meta":"","header-below-stick-meta":"","astra-migrate-meta-layouts":"set","ast-page-background-enabled":"default","ast-page-background-meta":{"desktop":{"background-color":"var(--ast-global-color-4)","background-image":"","background-repeat":"repeat","background-position":"center center","background-size":"auto","background-attachment":"scroll","background-type":"","background-media":"","overlay-type":"","overlay-color":"","overlay-opacity":"","overlay-gradient":""},"tablet":{"background-color":"","background-image":"","background-repeat":"repeat","background-position":"center center","background-size":"auto","background-attachment":"scroll","background-type":"","background-media":"","overlay-type":"","overlay-color":"","overlay-opacity":"","overlay-gradient":""},"mobile":{"background-color":"","background-image":"","background-repeat":"repeat","background-position":"center center","background-size":"auto","background-attachment":"scroll","background-type":"","background-media":"","overlay-type":"","overlay-color":"","overlay-opacity":"","overlay-gradient":""}},"ast-content-background-meta":{"desktop":{"background-color":"var(--ast-global-color-5)","background-image":"","background-repeat":"repeat","background-position":"center center","background-size":"auto","background-attachment":"scroll","background-type":"","background-media":"","overlay-type":"","overlay-color":"","overlay-opacity":"","overlay-gradient":""},"tablet":{"background-color":"var(--ast-global-color-5)","background-image":"","background-repeat":"repeat","background-position":"center center","background-size":"auto","background-attachment":"scroll","background-type":"","background-media":"","overlay-type":"","overlay-color":"","overlay-opacity":"","overlay-gradient":""},"mobile":{"background-color":"var(--ast-global-color-5)","background-image":"","background-repeat":"repeat","background-position":"center center","background-size":"auto","background-attachment":"scroll","background-type":"","background-media":"","overlay-type":"","overlay-color":"","overlay-opacity":"","overlay-gradient":""}},"_joinchat":[]},"product_brand":[],"product_cat":[19],"product_tag":[],"class_list":{"0":"post-2383","1":"product","2":"type-product","3":"status-publish","4":"has-post-thumbnail","6":"product_cat-tungsten-carbide-rods","7":"desktop-align-left","8":"tablet-align-left","9":"mobile-align-left","11":"first","12":"instock","13":"shipping-taxable","14":"product-type-simple"},"uagb_featured_image_src":{"full":["https:\/\/www.wolframcarbide.com\/wp-content\/uploads\/2024\/11\/Tungsten-carbide-rods-6.jpg",658,533,false],"thumbnail":["https:\/\/www.wolframcarbide.com\/wp-content\/uploads\/2024\/11\/Tungsten-carbide-rods-6-150x150.jpg",150,150,true],"medium":["https:\/\/www.wolframcarbide.com\/wp-content\/uploads\/2024\/11\/Tungsten-carbide-rods-6-300x243.jpg",300,243,true],"medium_large":["https:\/\/www.wolframcarbide.com\/wp-content\/uploads\/2024\/11\/Tungsten-carbide-rods-6.jpg",658,533,false],"large":["https:\/\/www.wolframcarbide.com\/wp-content\/uploads\/2024\/11\/Tungsten-carbide-rods-6.jpg",658,533,false],"1536x1536":["https:\/\/www.wolframcarbide.com\/wp-content\/uploads\/2024\/11\/Tungsten-carbide-rods-6.jpg",658,533,false],"2048x2048":["https:\/\/www.wolframcarbide.com\/wp-content\/uploads\/2024\/11\/Tungsten-carbide-rods-6.jpg",658,533,false],"trp-custom-language-flag":["https:\/\/www.wolframcarbide.com\/wp-content\/uploads\/2024\/11\/Tungsten-carbide-rods-6.jpg",15,12,false],"woocommerce_thumbnail":["https:\/\/www.wolframcarbide.com\/wp-content\/uploads\/2024\/11\/Tungsten-carbide-rods-6-300x300.jpg",300,300,true],"woocommerce_single":["https:\/\/www.wolframcarbide.com\/wp-content\/uploads\/2024\/11\/Tungsten-carbide-rods-6-600x486.jpg",600,486,true],"woocommerce_gallery_thumbnail":["https:\/\/www.wolframcarbide.com\/wp-content\/uploads\/2024\/11\/Tungsten-carbide-rods-6-100x100.jpg",100,100,true]},"uagb_author_info":{"display_name":"admin","author_link":"https:\/\/www.wolframcarbide.com\/de\/author\/"},"uagb_comment_info":0,"uagb_excerpt":"Tungsten carbide rods. Diameter from 0.2 mm to 60 mm. Length from 10 mm to 330 mm. Tolerance: h5 and h6. Raw material selection: High quality tungsten carbide powder is preferred. 100% virgin material. Imported German PVA sintering furnace. HIP sintering. Which can keep carbide rods in high density,\u00a0High wear resistance, high-performance. Professional engineers and&hellip;","_links":{"self":[{"href":"https:\/\/www.wolframcarbide.com\/de\/wp-json\/wp\/v2\/product\/2383","targetHints":{"allow":["GET"]}}],"collection":[{"href":"https:\/\/www.wolframcarbide.com\/de\/wp-json\/wp\/v2\/product"}],"about":[{"href":"https:\/\/www.wolframcarbide.com\/de\/wp-json\/wp\/v2\/types\/product"}],"wp:featuredmedia":[{"embeddable":true,"href":"https:\/\/www.wolframcarbide.com\/de\/wp-json\/wp\/v2\/media\/2384"}],"wp:attachment":[{"href":"https:\/\/www.wolframcarbide.com\/de\/wp-json\/wp\/v2\/media?parent=2383"}],"wp:term":[{"taxonomy":"product_brand","embeddable":true,"href":"https:\/\/www.wolframcarbide.com\/de\/wp-json\/wp\/v2\/product_brand?post=2383"},{"taxonomy":"product_cat","embeddable":true,"href":"https:\/\/www.wolframcarbide.com\/de\/wp-json\/wp\/v2\/product_cat?post=2383"},{"taxonomy":"product_tag","embeddable":true,"href":"https:\/\/www.wolframcarbide.com\/de\/wp-json\/wp\/v2\/product_tag?post=2383"}],"curies":[{"name":"wp","href":"https:\/\/api.w.org\/{rel}","templated":true}]}}