{"id":1322,"date":"2024-11-02T16:28:17","date_gmt":"2024-11-02T08:28:17","guid":{"rendered":"http:\/\/43.134.52.103\/home\/"},"modified":"2026-04-18T11:41:08","modified_gmt":"2026-04-18T03:41:08","slug":"home","status":"publish","type":"page","link":"https:\/\/www.wolframcarbide.com\/de\/","title":{"rendered":"Startseite"},"content":{"rendered":"<div class=\"wp-block-uagb-container uagb-block-494c42c4 alignfull uagb-is-root-container\"><div class=\"uagb-container-inner-blocks-wrap\">\n<div class=\"wp-block-uagb-info-box uagb-block-cd2517a4 uagb-infobox__content-wrap  uagb-infobox-icon-above-title uagb-infobox-image-valign-top wp-block-uagb-info-box--has-margin\"><div class=\"uagb-infobox-margin-wrapper\"><div class=\"uagb-ifb-content\"><div class=\"uagb-ifb-title-wrap\"><h1 class=\"uagb-ifb-title-prefix\">40 Jahre Erfahrung in der Herstellung<\/h1><\/div><div class=\"uagb-ifb-button-wrapper wp-block-button\"><a href=\"https:\/\/www.wolframcarbide.com\/de\/produkte\/\" class=\"uagb-infobox-cta-link wp-block-button__link\" target=\"_self\" rel=\"noopener noreferrer\" onclick=\"return true;\"><span class=\"uagb-inline-editing\">Los geht's<\/span><\/a><\/div><\/div><\/div><\/div>\n<\/div><\/div>\n\n\n\n<div class=\"wp-block-uagb-container uagb-block-5fcee4f8 alignfull uagb-is-root-container\"><div class=\"uagb-container-inner-blocks-wrap\">\n<div class=\"wp-block-uagb-advanced-heading uagb-block-2b5f3149\"><h2 class=\"uagb-heading-text\">Unsere Produkte<\/h2><div class=\"uagb-separator\"><\/div><\/div>\n\n\n\n<div class=\"wp-block-uagb-container uagb-block-4a8e1942\">\n<div class=\"wp-block-uagb-container uagb-block-c988f562\">\n<div class=\"wp-block-uagb-image alignleft uagb-block-a35d235b wp-block-uagb-image--layout-default wp-block-uagb-image--effect-static wp-block-uagb-image--align-left\"><figure class=\"wp-block-uagb-image__figure\"><a class=\"\" href=\"https:\/\/www.wolframcarbide.com\/de\/produktkategorie\/knopfe-und-einsatze-aus-wolframkarbid-fur-den-bergbau-und-das-bauwesen\/\" target=\"\" rel=\"noopener\"><img decoding=\"async\" srcset=\"https:\/\/www.wolframcarbide.com\/wp-content\/uploads\/2024\/11\/Carbide-inserts-for-mining-.jpg ,https:\/\/www.wolframcarbide.com\/wp-content\/uploads\/2024\/11\/Carbide-inserts-for-mining-.jpg 780w, https:\/\/www.wolframcarbide.com\/wp-content\/uploads\/2024\/11\/Carbide-inserts-for-mining-.jpg 360w\" sizes=\"auto, (max-width: 480px) 150px\" src=\"https:\/\/www.wolframcarbide.com\/wp-content\/uploads\/2024\/11\/Carbide-inserts-for-mining-.jpg\" alt=\"\" class=\"uag-image-2320\" width=\"374\" height=\"464\" title=\"Hartmetalleins\u00e4tze f\u00fcr den Bergbau\" loading=\"lazy\" role=\"img\"><\/a><\/figure><\/div>\n\n\n\n<div class=\"wp-block-uagb-advanced-heading uagb-block-b07219d5\"><h3 class=\"uagb-heading-text\">Wolframcarbid kn\u00f6pfe f\u00fcr Bergbauausr\u00fcstung<\/h3><p class=\"uagb-desc-text\">Wolframcarbid kn\u00f6pfe werden f\u00fcr die Herstellung von Bohrwerkzeugen wie DTH-Bits, Fr\u00e4ser, TBM-Fr\u00e4ser und HPGR-Bolzen verwendet.<\/p><\/div>\n\n\n\n<p><\/p>\n<\/div>\n\n\n\n<div class=\"wp-block-uagb-container uagb-block-0ad6ff4e\">\n<div class=\"wp-block-uagb-image alignleft uagb-block-930d8e85 wp-block-uagb-image--layout-default wp-block-uagb-image--effect-static wp-block-uagb-image--align-left\"><figure class=\"wp-block-uagb-image__figure\"><a class=\"\" href=\"https:\/\/www.wolframcarbide.com\/de\/produktkategorie\/hartmetallstabe-und-hartmetall-rundstabe\/\" target=\"\" rel=\"noopener\"><img decoding=\"async\" srcset=\"https:\/\/www.wolframcarbide.com\/wp-content\/uploads\/2024\/11\/Tungsten-carbide-rods_6.jpg ,https:\/\/www.wolframcarbide.com\/wp-content\/uploads\/2024\/11\/Tungsten-carbide-rods_6.jpg 780w, https:\/\/www.wolframcarbide.com\/wp-content\/uploads\/2024\/11\/Tungsten-carbide-rods_6.jpg 360w\" sizes=\"auto, (max-width: 480px) 150px\" src=\"https:\/\/www.wolframcarbide.com\/wp-content\/uploads\/2024\/11\/Tungsten-carbide-rods_6.jpg\" alt=\"\" class=\"uag-image-2316\" width=\"373\" height=\"464\" title=\"Wolframkarbid-St\u00e4be_6\" loading=\"lazy\" role=\"img\"><\/a><\/figure><\/div>\n\n\n\n<div class=\"wp-block-uagb-advanced-heading uagb-block-3974de5a\"><h3 class=\"uagb-heading-text\">Hartmetall rundst\u00e4be und hartmetall platte<\/h3><p class=\"uagb-desc-text\">Hartmetall stangenmaterial werden f\u00fcr die Herstellung von Schneidwerkzeugen wie Schaftfr\u00e4ser, Hartmetall bohrer und Stanzformen verwendet.<\/p><\/div>\n\n\n\n<p><\/p>\n<\/div>\n\n\n\n<div class=\"wp-block-uagb-container uagb-block-48a31e6a\">\n<div class=\"wp-block-uagb-image alignleft uagb-block-2675d6b0 wp-block-uagb-image--layout-default wp-block-uagb-image--effect-static wp-block-uagb-image--align-left\"><figure class=\"wp-block-uagb-image__figure\"><a class=\"\" href=\"https:\/\/www.wolframcarbide.com\/de\/produktkategorie\/hulsen-und-buchsen-aus-wolframkarbid\/\" target=\"\" rel=\"noopener\"><img decoding=\"async\" srcset=\"https:\/\/www.wolframcarbide.com\/wp-content\/uploads\/2024\/11\/Wearing-part-for-oil-field.jpg ,https:\/\/www.wolframcarbide.com\/wp-content\/uploads\/2024\/11\/Wearing-part-for-oil-field.jpg 780w, https:\/\/www.wolframcarbide.com\/wp-content\/uploads\/2024\/11\/Wearing-part-for-oil-field.jpg 360w\" sizes=\"auto, (max-width: 480px) 150px\" src=\"https:\/\/www.wolframcarbide.com\/wp-content\/uploads\/2024\/11\/Wearing-part-for-oil-field.jpg\" alt=\"\" class=\"uag-image-2321\" width=\"373\" height=\"464\" title=\"Verschlei\u00dfteil f\u00fcr \u00d6lfeld\" loading=\"lazy\" role=\"img\"><\/a><\/figure><\/div>\n\n\n\n<div class=\"wp-block-uagb-advanced-heading uagb-block-8f982c10\"><h3 class=\"uagb-heading-text\">Hartmetall h\u00fclsen<\/h3><p class=\"uagb-desc-text\">Wolframcarbid h\u00fclsen werden in der petrochemischen Industrie verwendet, z. B. f\u00fcr Fracturing-Pumpen, Wasserpumpen, \u00d6lpumpen und andere Pumpen, insbesondere f\u00fcr Pumpen mit hohem Druck oder Korrosionsbest\u00e4ndigkeit, Durchflussbegrenzer, Servositze.<\/p><\/div>\n<\/div>\n<\/div>\n<\/div><\/div>\n\n\n\n<div class=\"wp-block-uagb-container uagb-block-fb32e4bf alignfull uagb-is-root-container\"><div class=\"uagb-container-inner-blocks-wrap\">\n<div class=\"wp-block-uagb-image aligncenter uagb-block-052b1f4c wp-block-uagb-image--layout-default wp-block-uagb-image--effect-static wp-block-uagb-image--align-center\"><figure class=\"wp-block-uagb-image__figure\"><img decoding=\"async\" srcset=\"https:\/\/www.wolframcarbide.com\/wp-content\/uploads\/2021\/11\/quotes.svg ,https:\/\/www.wolframcarbide.com\/wp-content\/uploads\/2021\/11\/quotes.svg 780w, https:\/\/www.wolframcarbide.com\/wp-content\/uploads\/2021\/11\/quotes.svg 360w\" sizes=\"auto, (max-width: 480px) 150px\" src=\"https:\/\/www.wolframcarbide.com\/wp-content\/uploads\/2021\/11\/quotes.svg\" alt=\"\" class=\"uag-image-117\" width=\"37\" height=\"38\" title=\"Zitate\" loading=\"lazy\" role=\"img\"><\/figure><\/div>\n\n\n\n<div class=\"wp-block-uagb-info-box uagb-block-54aaf525 uagb-infobox__content-wrap  uagb-infobox-icon-below-title uagb-infobox-image-valign-top\"><div class=\"uagb-ifb-content\"><div class=\"uagb-ifb-title-wrap\"><h4 class=\"uagb-ifb-title\">\"Unsere Wolframcarbid produkte werden nach Deutschland, in die Niederlande, nach Italien, Polen, Australien, Indien, Malaysia, Thailand, S\u00fcdkorea, Japan, Kanada, in die Vereinigten Staaten, nach Peru, Brasilien und in andere L\u00e4nder exportiert. <br>Die Leistung und Lebensdauer unserer Hartmetallprodukte liegt nahe an 90-97% von Guhringg, Boehleritt und Kennametall.\"<\/h4><\/div><div class=\"uagb-ifb-image-content\"><img decoding=\"async\" src=\"https:\/\/www.wolframcarbide.com\/wp-content\/uploads\/2024\/11\/Export-director-150x135.jpg\" alt=\"\" width=\"50\" height=\"45\" loading=\"lazy\" title=\"\"><\/div><p class=\"uagb-ifb-desc\">Direktor Export<\/p><\/div><\/div>\n<\/div><\/div>\n\n\n\n<div class=\"wp-block-uagb-container uagb-layout-grid uagb-block-0186287e alignwide uagb-is-root-container\">\n<div class=\"wp-block-uagb-info-box uagb-block-03550eeb uagb-infobox__content-wrap  uagb-infobox-icon-above-title uagb-infobox-image-valign-top wp-block-uagb-info-box--has-margin\"><div class=\"uagb-infobox-margin-wrapper\"><div class=\"uagb-ifb-content\"><div class=\"uagb-ifb-title-wrap\"><h4 class=\"uagb-ifb-title\">\u00dcber uns<\/h4><\/div><p class=\"uagb-ifb-desc\">Qingdao Bortome Import &amp; Export Co., Ltd. mit Sitz in Qingdao, China, ist eine hundertprozentige Tochtergesellschaft von Tongyu Heavy Industry Co., Ltd (Aktiencode: 300185), die zu den zehn gr\u00f6\u00dften Herstellern von Hartmetallprodukten in China z\u00e4hlt und \u00fcber 40 Jahre Erfahrung in der Herstellung von Hartmetallprodukten hat.<br><br>Basierend auf der starken Muttergesellschaft, integriert mit den reichhaltigen Ressourcen ihrer Tochtergesellschaften und unter voller Ausnutzung des Standorts und der Talente, hat sich Qingdao Bortome dem Aufbau eines erstklassigen Unternehmens verschrieben, das sich auf die Forschung, das Design, die Herstellung und den Kundendienst f\u00fcr verschiedene Wolframcarbidprodukte spezialisiert.<br><br>Wir freuen uns auf eine Win-Win-Zusammenarbeit und den Aufbau langfristiger Gesch\u00e4ftsbeziehungen mit Ihnen. &nbsp;<\/p><div class=\"uagb-ifb-button-wrapper wp-block-button\"><a href=\"https:\/\/www.wolframcarbide.com\/de\/uber\/\" class=\"uagb-infobox-cta-link ast-outline-button\" target=\"_self\" rel=\"noopener noreferrer\" style=\"border-width:revert-layer\" onclick=\"return true;\"><span class=\"uagb-inline-editing\">Mehr erfahren<\/span><\/a><\/div><\/div><\/div><\/div>\n\n\n\n<div class=\"wp-block-uagb-image alignright uagb-block-37933192 wp-block-uagb-image--layout-default wp-block-uagb-image--effect-static wp-block-uagb-image--align-right\"><figure class=\"wp-block-uagb-image__figure\"><img decoding=\"async\" srcset=\"https:\/\/www.wolframcarbide.com\/wp-content\/uploads\/2024\/11\/PVA.jpg ,https:\/\/www.wolframcarbide.com\/wp-content\/uploads\/2024\/11\/PVA.jpg 780w, https:\/\/www.wolframcarbide.com\/wp-content\/uploads\/2024\/11\/PVA.jpg 360w\" sizes=\"auto, (max-width: 480px) 150px\" src=\"https:\/\/www.wolframcarbide.com\/wp-content\/uploads\/2024\/11\/PVA.jpg\" alt=\"PVA-Ofen\" class=\"uag-image-2299\" width=\"693\" height=\"501\" title=\"PVA\" loading=\"lazy\" role=\"img\"\/><\/figure><\/div>\n<\/div>\n\n\n\n<div class=\"wp-block-uagb-container uagb-block-05a4a518 alignfull uagb-is-root-container\"><div class=\"uagb-container-inner-blocks-wrap\">\n<div class=\"wp-block-uagb-info-box uagb-block-9a97965e uagb-infobox__content-wrap  uagb-infobox-icon-above-title uagb-infobox-image-valign-top wp-block-uagb-info-box--has-margin\"><div class=\"uagb-infobox-margin-wrapper\"><div class=\"uagb-ifb-content\"><div class=\"uagb-ifb-title-wrap\"><h1 class=\"uagb-ifb-title\">QUESTIONS?<\/h1><\/div><p class=\"uagb-ifb-desc\">Ob Sie nun neugierig auf die Funktionen, eine kostenlose Testversion oder sogar auf die Presse sind, wir sind hier, um alle Fragen zu beantworten.<\/p><div class=\"uagb-ifb-button-wrapper wp-block-button\"><a href=\"https:\/\/www.wolframcarbide.com\/de\/kontakt\/\" class=\"uagb-infobox-cta-link wp-block-button__link\" target=\"_self\" rel=\"noopener noreferrer\" onclick=\"return true;\"><span class=\"uagb-inline-editing\">Lassen Sie uns jetzt reden<\/span><\/a><\/div><\/div><\/div><\/div>\n<\/div><\/div>","protected":false},"excerpt":{"rendered":"<p>Our Products Tungsten carbide buttons for mining equipment Tungsten carbide buttons are being used for making drilling tools, such as DTH bits, milling planer cutters,TBM cutters and HPGR studs. Tungsten carbide rods and plates Tungsten carbide rods are being used for making cutting tools, such as end mills, carbide drills, stamping mould. Tungsten carbide sleeves [&hellip;]<\/p>\n","protected":false},"author":1,"featured_media":0,"parent":0,"menu_order":0,"comment_status":"closed","ping_status":"closed","template":"","meta":{"_uag_custom_page_level_css":"","site-sidebar-layout":"no-sidebar","site-content-layout":"page-builder","ast-site-content-layout":"full-width-container","site-content-style":"unboxed","site-sidebar-style":"unboxed","ast-global-header-display":"","ast-banner-title-visibility":"","ast-main-header-display":"","ast-hfb-above-header-display":"","ast-hfb-below-header-display":"","ast-hfb-mobile-header-display":"","site-post-title":"disabled","ast-breadcrumbs-content":"","ast-featured-img":"disabled","footer-sml-layout":"","theme-transparent-header-meta":"enabled","adv-header-id-meta":"","stick-header-meta":"","header-above-stick-meta":"","header-main-stick-meta":"","header-below-stick-meta":"","astra-migrate-meta-layouts":"set","ast-page-background-enabled":"default","ast-page-background-meta":{"desktop":{"background-color":"var(--ast-global-color-4)","background-image":"","background-repeat":"repeat","background-position":"center center","background-size":"auto","background-attachment":"scroll","background-type":"","background-media":"","overlay-type":"","overlay-color":"","overlay-opacity":"","overlay-gradient":""},"tablet":{"background-color":"","background-image":"","background-repeat":"repeat","background-position":"center center","background-size":"auto","background-attachment":"scroll","background-type":"","background-media":"","overlay-type":"","overlay-color":"","overlay-opacity":"","overlay-gradient":""},"mobile":{"background-color":"","background-image":"","background-repeat":"repeat","background-position":"center center","background-size":"auto","background-attachment":"scroll","background-type":"","background-media":"","overlay-type":"","overlay-color":"","overlay-opacity":"","overlay-gradient":""}},"ast-content-background-meta":{"desktop":{"background-color":"var(--ast-global-color-5)","background-image":"","background-repeat":"repeat","background-position":"center center","background-size":"auto","background-attachment":"scroll","background-type":"","background-media":"","overlay-type":"","overlay-color":"","overlay-opacity":"","overlay-gradient":""},"tablet":{"background-color":"var(--ast-global-color-5)","background-image":"","background-repeat":"repeat","background-position":"center center","background-size":"auto","background-attachment":"scroll","background-type":"","background-media":"","overlay-type":"","overlay-color":"","overlay-opacity":"","overlay-gradient":""},"mobile":{"background-color":"var(--ast-global-color-5)","background-image":"","background-repeat":"repeat","background-position":"center center","background-size":"auto","background-attachment":"scroll","background-type":"","background-media":"","overlay-type":"","overlay-color":"","overlay-opacity":"","overlay-gradient":""}},"_joinchat":[],"footnotes":""},"class_list":["post-1322","page","type-page","status-publish","hentry"],"uagb_featured_image_src":{"full":false,"thumbnail":false,"medium":false,"medium_large":false,"large":false,"1536x1536":false,"2048x2048":false,"trp-custom-language-flag":false,"woocommerce_thumbnail":false,"woocommerce_single":false,"woocommerce_gallery_thumbnail":false},"uagb_author_info":{"display_name":"admin","author_link":"https:\/\/www.wolframcarbide.com\/de\/author\/admin\/"},"uagb_comment_info":0,"uagb_excerpt":"Our Products Tungsten carbide buttons for mining equipment Tungsten carbide buttons are being used for making drilling tools, such as DTH bits, milling planer cutters,TBM cutters and HPGR studs. Tungsten carbide rods and plates Tungsten carbide rods are being used for making cutting tools, such as end mills, carbide drills, stamping mould. Tungsten carbide sleeves&hellip;","_links":{"self":[{"href":"https:\/\/www.wolframcarbide.com\/de\/wp-json\/wp\/v2\/pages\/1322","targetHints":{"allow":["GET"]}}],"collection":[{"href":"https:\/\/www.wolframcarbide.com\/de\/wp-json\/wp\/v2\/pages"}],"about":[{"href":"https:\/\/www.wolframcarbide.com\/de\/wp-json\/wp\/v2\/types\/page"}],"author":[{"embeddable":true,"href":"https:\/\/www.wolframcarbide.com\/de\/wp-json\/wp\/v2\/users\/1"}],"replies":[{"embeddable":true,"href":"https:\/\/www.wolframcarbide.com\/de\/wp-json\/wp\/v2\/comments?post=1322"}],"version-history":[{"count":28,"href":"https:\/\/www.wolframcarbide.com\/de\/wp-json\/wp\/v2\/pages\/1322\/revisions"}],"predecessor-version":[{"id":3324,"href":"https:\/\/www.wolframcarbide.com\/de\/wp-json\/wp\/v2\/pages\/1322\/revisions\/3324"}],"wp:attachment":[{"href":"https:\/\/www.wolframcarbide.com\/de\/wp-json\/wp\/v2\/media?parent=1322"}],"curies":[{"name":"wp","href":"https:\/\/api.w.org\/{rel}","templated":true}]}}